{"id":35696,"date":"2022-11-01T10:36:29","date_gmt":"2022-11-01T10:36:29","guid":{"rendered":"https:\/\/jackpotlotteryonline.com\/?page_id=35696"},"modified":"2022-12-19T07:23:50","modified_gmt":"2022-12-19T07:23:50","slug":"hogyan-kell-jatszani","status":"publish","type":"page","link":"https:\/\/jackpotlotteryonline.com\/hu\/hogyan-kell-jatszani\/","title":{"rendered":"Hogyan kell j\u00e1tszani"},"content":{"rendered":"<h2>Online lott\u00f3 esem\u00e9nyek \u00e9s j\u00e1t\u00e9kok<\/h2>\n<p>Szeretn\u00e9l egy es\u00e9lyes milliomos lenni? Ha igen, akkor csatlakozzon a vil\u00e1gszerte \u00e9l\u0151 milli\u00f3khoz, \u00e9s kezdjen el online lott\u00f3zni. F\u00fcggetlen\u00fcl att\u00f3l, hogy hol tart\u00f3zkodik, legyen az az Egyes\u00fclt \u00c1llamokban, az Egyes\u00fclt Kir\u00e1lys\u00e1gban, Ausztr\u00e1li\u00e1ban vagy \u00daj-Z\u00e9landon, sz\u00e1mos k\u00fcl\u00f6nb\u00f6z\u0151 t\u00edpus\u00fa nemzetk\u00f6zi lott\u00f3j\u00e1t\u00e9k k\u00f6z\u00fcl v\u00e1laszthat, amelyeket online j\u00e1tszhat, \u00e9s amelyek mindegyike nagy jackpotokkal rendelkezik, hogy es\u00e9lye legyen a nyer\u00e9sre.<br \/>\n<img loading=\"lazy\" decoding=\"async\" class=\"size-full wp-image-17816 alignright\" src=\"https:\/\/jackpotlotteryonline.com\/wp-content\/uploads\/2022\/10\/lotteryticket.jpg\" alt=\"online lott\u00f3zni\" width=\"212\" height=\"142\" \/><\/p>\n<p>Az online lott\u00f3j\u00e1t\u00e9kok elkezd\u00e9se nagyon egyszer\u0171. Az egyik els\u0151 dolog, amit tennie kell, hogy ell\u00e1togat a weboldalunkra, \u00e9s \u00e1tb\u00f6ng\u00e9szi a k\u00fcl\u00f6nb\u00f6z\u0151 el\u00e9rhet\u0151 lott\u00f3j\u00e1t\u00e9kokat. Ezt k\u00f6nnyen megteheti, ha kiv\u00e1laszt egyet vagy t\u00f6bbet a felsorolt lott\u00f3j\u00e1t\u00e9kok k\u00f6z\u00fcl, amelyek k\u00f6z\u00fcl n\u00e9h\u00e1ny az El Gordo lott\u00f3, az Egyes\u00fclt Kir\u00e1lys\u00e1g Nemzeti Lott\u00f3, a Thunderball lott\u00f3, a New York-i lott\u00f3 \u00e9s m\u00e9g sok m\u00e1s.<\/p>\n<p>Az egyes lott\u00f3t\u00edpusokon bel\u00fcl mindent megtudhat, amit tudnia kell. Ezut\u00e1n haszn\u00e1lhatja szolg\u00e1ltat\u00e1sunkat, hogy <a href=\"https:\/\/jackpotlotteryonline.com\/hu\/jegyet-vasarolni\">online v\u00e1s\u00e1roljon szelv\u00e9nyt.<\/a><\/p>\n<p>Minden egyes lott\u00f3 le\u00edr\u00e1s\u00e1b\u00f3l olyan r\u00e9szleteket tal\u00e1l, mint p\u00e9ld\u00e1ul, hogy mennyi a jackpot jelenleg, mennyi a nyerem\u00e9ny, miut\u00e1n megnyerte, valamint, hogy h\u00e1ny sz\u00e1mot kell eltal\u00e1lnia ahhoz, hogy megnyerje a jackpot nyerem\u00e9nyt, \u00e9s hogy mik a t\u00f6bbi nyerem\u00e9nyszintek. Olyan inform\u00e1ci\u00f3kat is megtudhat, mint p\u00e9ld\u00e1ul, hogy h\u00e1ny \u00e9vesnek kell lennie ahhoz, hogy online lott\u00f3j\u00e1t\u00e9kokat j\u00e1tszhasson az egyes t\u00edpusok eset\u00e9ben, valamint hogy milyen napokon \u00e9s id\u0151pontokban tartj\u00e1k a sorsol\u00e1sokat.<\/p>\n<section class=\"layout\" style=\"border: solid 1px; width: 100%;\">\n<div class=\"img-div\" style=\"margin-top: 5px;\"><img decoding=\"async\" class=\"wp-image-17212 alignleft\" style=\"height: 45px; margin: 8px 8px 0px;\" src=\"https:\/\/jackpotlotteryonline.com\/wp-content\/uploads\/2022\/11\/read1.jpg\" alt=\"hogyan kell j\u00e1tszani\" width=\"\" height=\"\" \/><\/div>\n<div style=\"padding-left: 5px;\">\n<div style=\"font-size: 1.1em;\">\n<p><strong>N\u00e9h\u00e1ny tr\u00fckk \u00e9s tipp a sz\u00e1mok kiv\u00e1laszt\u00e1s\u00e1hoz<\/strong><\/p>\n<p style=\"font-size: 0.85em; margin-top: -1.5em;\">N\u00f6velje nyer\u00e9si es\u00e9lyeit &#8211; haszn\u00e1ljon n\u00e9mi strat\u00e9gi\u00e1t a sz\u00e1mok kiv\u00e1laszt\u00e1s\u00e1hoz<a href=\"https:\/\/jackpotlotteryonline.com\/hu\/nehany-trukk-es-tipp-az-szamok-valasztasahoz\"> B\u0151vebben<\/a><\/p>\n<\/div>\n<\/div>\n<\/section>\n<h2>Nemzetk\u00f6zi lott\u00f3<\/h2>\n<p>Hogy maximaliz\u00e1lja az es\u00e9ly\u00e9t a lehet\u0151 legmagasabb jackpot megnyer\u00e9s\u00e9re, megtudhatja, hogy mik az aktu\u00e1lis jackpotok. Ez azt jelenti, hogy strat\u00e9giailag kiv\u00e1laszthatja, hogy mely lott\u00f3j\u00e1t\u00e9kokat j\u00e1tssza online, \u00e9s azokat v\u00e1lasztja, amelyekben a legmagasabb jackpotok \u00e1llnak rendelkez\u00e9sre.<\/p>\n<p>Emellett t\u00f6bb lott\u00f3j\u00e1t\u00e9kot is j\u00e1tszhat online. Ez azt jelenti, hogy nem csak egyf\u00e9le lott\u00f3j\u00e1t\u00e9kra kell szelv\u00e9nyt tennie, hanem ha akar, egyszerre t\u00f6bbf\u00e9le lott\u00f3t\u00edpust is j\u00e1tszhat. P\u00e9ld\u00e1ul egy amerikai \u00e9s egy brit lott\u00f3n is j\u00e1tszhatsz egyszerre, ha szeretn\u00e9l, ami nagyban n\u00f6veli a p\u00e9nznyerem\u00e9ny es\u00e9ly\u00e9t.<br \/>\n<img loading=\"lazy\" decoding=\"async\" class=\"alignright size-full wp-image-18329\" src=\"https:\/\/jackpotlotteryonline.com\/wp-content\/uploads\/2022\/10\/ticket_numbers_pick.jpg\" alt=\"online lott\u00f3szelv\u00e9ny\" width=\"212\" height=\"142\" \/><\/p>\n<p>Amellett, hogy a nemzetk\u00f6zi lott\u00f3j\u00e1t\u00e9kokat online j\u00e1tszhatod, f\u00fcggetlen\u00fcl att\u00f3l, hogy hol tart\u00f3zkodsz, a lott\u00f3j\u00e1t\u00e9kok eredm\u00e9nyeit is ellen\u0151rizheted. Minden<a href=\"https:\/\/jackpotlotteryonline.com\/hu\/nyeroszamok\"> egyes lott\u00f3j\u00e1t\u00e9k eredm\u00e9nyei<\/a>, f\u00fcggetlen\u00fcl att\u00f3l, hogy melyikr\u0151l van sz\u00f3, val\u00f3s id\u0151ben friss\u00fclnek online. Ez azt jelenti, hogy amint az \u00d6n \u00e1ltal v\u00e1lasztott j\u00e1t\u00e9k sorsol\u00e1sa megt\u00f6rt\u00e9nt, az eredm\u00e9nyek nagyon gyorsan el\u00e9rhet\u0151ek lesznek az \u00d6n sz\u00e1m\u00e1ra.<\/p>\n<p>Emellett r\u00e9szleteket tal\u00e1l az egyes lott\u00f3j\u00e1t\u00e9kok online j\u00e1t\u00e9k\u00e1nak pontos m\u00f3dj\u00e1r\u00f3l is. P\u00e9ld\u00e1ul soha nem v\u00e1laszthat t\u00fal kev\u00e9s vagy t\u00fal sok sz\u00e1mot &#8211; a szelv\u00e9nyrendszer\u00fcnk \u00fczenetet k\u00fcld, ha ilyen hib\u00e1t k\u00f6vet el, \u00e9s megmutatja, hogyan jav\u00edthatja ki.<\/p>\n<p>Ez\u00e9rt, m\u00e9g ha kor\u00e1bban soha nem is j\u00e1tszott egy adott orsz\u00e1g lott\u00f3j\u00e1t\u00e9kain, minden r\u00e9szlet k\u00f6nnyen el\u00e9rhet\u0151 lesz, hogy \u00fagy j\u00e1tszhasson, mintha profi lenne!<\/p>\n","protected":false},"excerpt":{"rendered":"<p>Online lott\u00f3 esem\u00e9nyek \u00e9s j\u00e1t\u00e9kok Szeretn\u00e9l egy es\u00e9lyes milliomos lenni? Ha igen, akkor csatlakozzon a vil\u00e1gszerte \u00e9l\u0151 milli\u00f3khoz, \u00e9s kezdjen el online lott\u00f3zni. F\u00fcggetlen\u00fcl att\u00f3l, hogy hol tart\u00f3zkodik, legyen az az Egyes\u00fclt \u00c1llamokban, az Egyes\u00fclt Kir\u00e1lys\u00e1gban, Ausztr\u00e1li\u00e1ban vagy \u00daj-Z\u00e9landon, sz\u00e1mos k\u00fcl\u00f6nb\u00f6z\u0151 t\u00edpus\u00fa nemzetk\u00f6zi lott\u00f3j\u00e1t\u00e9k k\u00f6z\u00fcl v\u00e1laszthat, amelyeket online j\u00e1tszhat, \u00e9s amelyek mindegyike nagy jackpotokkal rendelkezik, [&hellip;]<\/p>\n","protected":false},"author":1,"featured_media":0,"parent":0,"menu_order":2,"comment_status":"closed","ping_status":"closed","template":"Play-all.php","meta":{"_et_pb_use_builder":"","_et_pb_old_content":"","_et_gb_content_width":"","exclude_from_search":false,"footnotes":""},"class_list":["post-35696","page","type-page","status-publish","hentry"],"yoast_head":"<!-- This site is optimized with the Yoast SEO plugin v23.3 - https:\/\/yoast.com\/wordpress\/plugins\/seo\/ -->\n<title>R\u00e9szt vehetek nemzetk\u00f6zi lott\u00f3esem\u00e9nyeken online?<\/title>\n<meta name=\"description\" content=\"Nem kell lakhellyel rendelkeznie ahhoz, hogy r\u00e9szt vehessen b\u00e1rmely orsz\u00e1g lott\u00f3 jackpotjain.\" \/>\n<meta name=\"robots\" content=\"index, follow, max-snippet:-1, max-image-preview:large, max-video-preview:-1\" \/>\n<link rel=\"canonical\" href=\"https:\/\/jackpotlotteryonline.com\/play-online\/\" \/>\n<meta property=\"og:locale\" content=\"hu_HU\" \/>\n<meta property=\"og:type\" content=\"article\" \/>\n<meta property=\"og:title\" content=\"R\u00e9szt vehetek nemzetk\u00f6zi lott\u00f3esem\u00e9nyeken online?\" \/>\n<meta property=\"og:description\" content=\"Nem kell lakhellyel rendelkeznie ahhoz, hogy r\u00e9szt vehessen b\u00e1rmely orsz\u00e1g lott\u00f3 jackpotjain.\" \/>\n<meta property=\"og:url\" content=\"https:\/\/jackpotlotteryonline.com\/play-online\/\" \/>\n<meta property=\"og:site_name\" content=\"Lotto Online - Crack The International Lottery Jackpots\" \/>\n<meta property=\"article:modified_time\" content=\"2022-12-19T07:23:50+00:00\" \/>\n<meta property=\"og:image\" content=\"https:\/\/jackpotlotteryonline.com\/wp-content\/uploads\/2022\/10\/lotteryticket.jpg\" \/>\n<meta name=\"twitter:card\" content=\"summary_large_image\" \/>\n<meta name=\"twitter:label1\" content=\"Becs\u00fclt olvas\u00e1si id\u0151\" \/>\n\t<meta name=\"twitter:data1\" content=\"3 perc\" \/>\n<!-- \/ Yoast SEO plugin. -->","yoast_head_json":{"title":"R\u00e9szt vehetek nemzetk\u00f6zi lott\u00f3esem\u00e9nyeken online?","description":"Nem kell lakhellyel rendelkeznie ahhoz, hogy r\u00e9szt vehessen b\u00e1rmely orsz\u00e1g lott\u00f3 jackpotjain.","robots":{"index":"index","follow":"follow","max-snippet":"max-snippet:-1","max-image-preview":"max-image-preview:large","max-video-preview":"max-video-preview:-1"},"canonical":"https:\/\/jackpotlotteryonline.com\/play-online\/","og_locale":"hu_HU","og_type":"article","og_title":"R\u00e9szt vehetek nemzetk\u00f6zi lott\u00f3esem\u00e9nyeken online?","og_description":"Nem kell lakhellyel rendelkeznie ahhoz, hogy r\u00e9szt vehessen b\u00e1rmely orsz\u00e1g lott\u00f3 jackpotjain.","og_url":"https:\/\/jackpotlotteryonline.com\/play-online\/","og_site_name":"Lotto Online - Crack The International Lottery Jackpots","article_modified_time":"2022-12-19T07:23:50+00:00","og_image":[{"url":"https:\/\/jackpotlotteryonline.com\/wp-content\/uploads\/2022\/10\/lotteryticket.jpg"}],"twitter_card":"summary_large_image","twitter_misc":{"Becs\u00fclt olvas\u00e1si id\u0151":"3 perc"},"schema":{"@context":"https:\/\/schema.org","@graph":[{"@type":"WebPage","@id":"https:\/\/jackpotlotteryonline.com\/play-online\/","url":"https:\/\/jackpotlotteryonline.com\/play-online\/","name":"R\u00e9szt vehetek nemzetk\u00f6zi lott\u00f3esem\u00e9nyeken online?","isPartOf":{"@id":"https:\/\/jackpotlotteryonline.com\/#website"},"primaryImageOfPage":{"@id":"https:\/\/jackpotlotteryonline.com\/play-online\/#primaryimage"},"image":{"@id":"https:\/\/jackpotlotteryonline.com\/play-online\/#primaryimage"},"thumbnailUrl":"https:\/\/jackpotlotteryonline.com\/wp-content\/uploads\/2022\/10\/lotteryticket.jpg","datePublished":"2022-11-01T10:36:29+00:00","dateModified":"2022-12-19T07:23:50+00:00","description":"Nem kell lakhellyel rendelkeznie ahhoz, hogy r\u00e9szt vehessen b\u00e1rmely orsz\u00e1g lott\u00f3 jackpotjain.","breadcrumb":{"@id":"https:\/\/jackpotlotteryonline.com\/play-online\/#breadcrumb"},"inLanguage":"hu","potentialAction":[{"@type":"ReadAction","target":["https:\/\/jackpotlotteryonline.com\/play-online\/"]}]},{"@type":"ImageObject","inLanguage":"hu","@id":"https:\/\/jackpotlotteryonline.com\/play-online\/#primaryimage","url":"https:\/\/jackpotlotteryonline.com\/wp-content\/uploads\/2022\/10\/lotteryticket.jpg","contentUrl":"https:\/\/jackpotlotteryonline.com\/wp-content\/uploads\/2022\/10\/lotteryticket.jpg"},{"@type":"BreadcrumbList","@id":"https:\/\/jackpotlotteryonline.com\/play-online\/#breadcrumb","itemListElement":[{"@type":"ListItem","position":1,"name":"Home","item":"https:\/\/jackpotlotteryonline.com\/hu\/"},{"@type":"ListItem","position":2,"name":"Hogyan kell j\u00e1tszani"}]},{"@type":"WebSite","@id":"https:\/\/jackpotlotteryonline.com\/#website","url":"https:\/\/jackpotlotteryonline.com\/","name":"Lotto Online - Crack The International Lottery Jackpots","description":"","potentialAction":[{"@type":"SearchAction","target":{"@type":"EntryPoint","urlTemplate":"https:\/\/jackpotlotteryonline.com\/?s={search_term_string}"},"query-input":"required name=search_term_string"}],"inLanguage":"hu"}]}},"_links":{"self":[{"href":"https:\/\/jackpotlotteryonline.com\/hu\/wp-json\/wp\/v2\/pages\/35696","targetHints":{"allow":["GET"]}}],"collection":[{"href":"https:\/\/jackpotlotteryonline.com\/hu\/wp-json\/wp\/v2\/pages"}],"about":[{"href":"https:\/\/jackpotlotteryonline.com\/hu\/wp-json\/wp\/v2\/types\/page"}],"author":[{"embeddable":true,"href":"https:\/\/jackpotlotteryonline.com\/hu\/wp-json\/wp\/v2\/users\/1"}],"replies":[{"embeddable":true,"href":"https:\/\/jackpotlotteryonline.com\/hu\/wp-json\/wp\/v2\/comments?post=35696"}],"version-history":[{"count":0,"href":"https:\/\/jackpotlotteryonline.com\/hu\/wp-json\/wp\/v2\/pages\/35696\/revisions"}],"wp:attachment":[{"href":"https:\/\/jackpotlotteryonline.com\/hu\/wp-json\/wp\/v2\/media?parent=35696"}],"curies":[{"name":"wp","href":"https:\/\/api.w.org\/{rel}","templated":true}]}}