{"id":35758,"date":"2022-11-01T13:03:36","date_gmt":"2022-11-01T13:03:36","guid":{"rendered":"https:\/\/jackpotlotteryonline.com\/?page_id=35758"},"modified":"2022-12-19T10:51:54","modified_gmt":"2022-12-19T10:51:54","slug":"jegyet-vasarolni","status":"publish","type":"page","link":"https:\/\/jackpotlotteryonline.com\/hu\/jegyet-vasarolni\/","title":{"rendered":"Hogyan v\u00e1s\u00e1rolhat lott\u00f3szelv\u00e9nyeket online"},"content":{"rendered":"<p>Az online lott\u00f3szelv\u00e9ny v\u00e1s\u00e1rl\u00e1s m\u00e1ra rendk\u00edv\u00fcl n\u00e9pszer\u0171v\u00e9 v\u00e1lt. A lott\u00f3rajong\u00f3k a vil\u00e1g minden t\u00e1j\u00e1r\u00f3l ig\u00e9nybe veszik az online lott\u00f3szelv\u00e9ny v\u00e1s\u00e1rl\u00e1si szolg\u00e1ltat\u00e1st. \u00c9s ennek sz\u00e1mos j\u00f3 oka van.<\/p>\n<p>Egyes lott\u00f3j\u00e1t\u00e9kosok sz\u00e1m\u00e1ra ez az egyetlen m\u00f3dja annak, hogy egy\u00e1ltal\u00e1n lott\u00f3szelv\u00e9nyt v\u00e1s\u00e1roljanak, mert a lak\u00f3hely\u00fck szerinti orsz\u00e1gban nincs lott\u00f3. Ez\u00e9rt keresik a m\u00f3dj\u00e1t annak, hogy nagy \u00f6sszeg\u0171 nyerem\u00e9nyre legyen es\u00e9ly\u00fck, \u00e9s ehhez m\u00e1s orsz\u00e1gok lott\u00f3j\u00e1t\u00e9kait keresik. A mi weboldalunkon pedig sz\u00e1mos lott\u00f3 jackpot k\u00f6z\u00fcl v\u00e1laszthatnak.<\/p>\n<p>M\u00e1s lott\u00f3rajong\u00f3knak ugyan vannak lott\u00f3j\u00e1t\u00e9kok a saj\u00e1t orsz\u00e1gukban, de ezek a lott\u00f3j\u00e1t\u00e9kok nem biztos, hogy annyira vonz\u00f3ak sz\u00e1mukra. Gyakran ezeknek a helyi lott\u00f3j\u00e1t\u00e9koknak kisebbek a f\u0151nyerem\u00e9nyei \u00e9s jackpotjai, vagy csak hetente egyszer j\u00e1tszanak rajtuk. \u00cdgy a j\u00e1t\u00e9kosok m\u00e1s, <a href=\"https:\/\/jackpotlotteryonline.com\/hu\/hogyan-kell-jatszani\">j\u00f6vedelmez\u0151bb lehet\u0151s\u00e9geket<\/a> keresnek.<\/p>\n<h2>M\u00e1s orsz\u00e1gok lott\u00f3i \u00e1ltal k\u00edn\u00e1lt magasabb nyerem\u00e9nyek<\/h2>\n<p><img loading=\"lazy\" decoding=\"async\" class=\"alignright wp-image-17212\" src=\"http:\/\/jackpotlotteryonline.com\/wp-content\/uploads\/2022\/10\/1_buy_ticket_online.jpg\" alt=\"online lott\u00f3 v\u00e1s\u00e1rl\u00e1s\" width=\"272\" height=\"204\" \/><\/p>\n<p>K\u00f6zismert elv, hogy akkor van t\u00f6bb \u00e9rtelme p\u00e9nzt fektetni egy lott\u00f3szelv\u00e9nybe, ha a jackpotok nagyon magasak. V\u00e9g\u00fcl is, amikor megv\u00e1s\u00e1rolja a szelv\u00e9nyt, a p\u00e9nz\u00e9\u00e9rt maxim\u00e1lis \u00e9rt\u00e9ket szeretne kapni. Ez azt jelenti, hogy ha a szelv\u00e9ny \u00e1ra azonos, egy potenci\u00e1lisan magasabb nyerem\u00e9ny jobb \u00e1r-\u00e9rt\u00e9k ar\u00e1nyt biztos\u00edt.<\/p>\n<p>De m\u00e9g ha az \u00d6n \u00e1ltal j\u00e1tszani k\u00edv\u00e1nt lott\u00f3 online szelv\u00e9nye k\u00e9tszer olyan dr\u00e1ga is lenne, mint a helyi lott\u00f3 szelv\u00e9nye, a legt\u00f6bbsz\u00f6r akkor is a dr\u00e1g\u00e1bb online szelv\u00e9ny megv\u00e1s\u00e1rl\u00e1s\u00e1nak lenne \u00e9rtelme. Ha a lehets\u00e9ges jackpot t\u00f6bb mint k\u00e9tszer akkora, mint a helyi jackpot, akkor a matematikai nyer\u00e9si es\u00e9lyei nagyobbak azzal a lott\u00f3val, amelyre online szelv\u00e9nyt kell v\u00e1s\u00e1rolnia.<\/p>\n<h2>Valahol a vil\u00e1gon mindig van egy nagy jackpot<\/h2>\n<p>\u00c9s ez a f\u0151 ok, ami\u00e9rt \u00e9rdemes online lott\u00f3szelv\u00e9nyt v\u00e1s\u00e1rolni. Mivel olyan sok lott\u00f3j\u00e1t\u00e9k \u00e9rhet\u0151 el egy online szelv\u00e9nyszolg\u00e1ltat\u00e1son kereszt\u00fcl, mindig tal\u00e1l egy nagy jackpotot, amelybe \u00e9rdemes befektetni. Ami azt illeti, \u00fcgyfeleink nagy r\u00e9sze egy egyszer\u0171 strat\u00e9gi\u00e1t k\u00f6vet: Amelyik lott\u00f3nak \u00e9ppen a legnagyobb jackpotja van, arra a lott\u00f3ra veszik meg a szelv\u00e9nyt. T\u00f6k\u00e9letesen logikus, igaz?<\/p>\n<section class=\"layout\" style=\"border: solid 1px; width: 100%;\">\n<div class=\"img-div\" style=\"margin-top: 5px;\"><img decoding=\"async\" class=\"wp-image-17212 alignleft\" style=\"height: 45px; margin: 8px 8px 0px;\" src=\"http:\/\/jackpotlotteryonline.com\/wp-content\/uploads\/2022\/11\/read1.jpg\" alt=\"\u00f3vakodjon a csal\u00f3 lott\u00f3j\u00e1t\u00e9kokt\u00f3l\" width=\"\" height=\"\" \/><\/div>\n<div style=\"padding-left: 5px;\">\n<div style=\"font-size: 1.1em;\">\n<p><strong>Lott\u00f3csal\u00e1sok, amelyekkel tiszt\u00e1ban kell lennie<\/strong><\/p>\n<p style=\"font-size: 0.85em; margin-top: -1.5em;\">Ne d\u0151lj be a lott\u00f3csapd\u00e1knak! \u00a0<a href=\"https:\/\/jackpotlotteryonline.com\/hu\/ovakodjon-az-online-lotto-atveresektol\">tov\u00e1bb<\/a><\/p>\n<\/div>\n<\/div>\n<\/section>\n<h2>Leg\u00e1lis online szelv\u00e9nyt v\u00e1s\u00e1rolni valamelyik lott\u00f3j\u00e1t\u00e9kra?<\/h2>\n<p>Igen, ez \u00edgy van. K\u00e9pzelje el, hogy \u00d6n az Egyes\u00fclt \u00c1llamokban tart\u00f3zkodik, \u00e9s a helyi Powerball lott\u00f3nak hatalmas jackpotja van. \u00d6n elmegy, vesz egy szelv\u00e9nyt, \u00e9s az a szelv\u00e9ny nyer. Term\u00e9szetesen a lott\u00f3t\u00e1rsas\u00e1gnak ki kell fizetnie \u00d6nnek, m\u00e9g akkor is, ha <a href=\"https:\/\/jackpotlotteryonline.com\/hu\/nyeroszamok\">a sorsol\u00e1s id\u0151pontj\u00e1ban<\/a> m\u00e1r nem tart\u00f3zkodik az orsz\u00e1gban. \u00d6n leg\u00e1lisan v\u00e1s\u00e1rolt egy szelv\u00e9nyt. Nem sz\u00e1m\u00edt, hogy \u00d6n az USA-ban \u00e9l-e vagy sem. \u00c9s ugyan\u00edgy m\u0171k\u00f6dik ez az \u00f6sszes t\u00f6bbi vil\u00e1gm\u00e9ret\u0171 lott\u00f3 eset\u00e9ben is.<\/p>\n<p>Az online szolg\u00e1ltat\u00e1sunkban az a k\u00fcl\u00f6nbs\u00e9g, hogy mi v\u00e1s\u00e1roljuk meg a t\u00e9nyleges szelv\u00e9nyt az \u00d6n nev\u00e9ben. \u00d6n online megrendeli, \u00e9s egyik helyi \u00fcgyn\u00f6k\u00fcnk megv\u00e1s\u00e1rolja \u00d6nnek a fizikai szelv\u00e9nyt. \u0150k be is szkennelik a szelv\u00e9nyt, \u00e9s azt felt\u00f6ltik a j\u00e1t\u00e9kosfi\u00f3kj\u00e1ba, \u00edgy l\u00e1thatja, hogy egy t\u00e9nyleges szelv\u00e9nyt v\u00e1s\u00e1roltunk \u00d6nnek.<br \/>\n<img loading=\"lazy\" decoding=\"async\" class=\"alignright size-medium wp-image-25854\" src=\"http:\/\/jackpotlotteryonline.com\/wp-content\/uploads\/2022\/10\/1_results_tickets_lotto-300x212.jpg\" alt=\"sorsjegy\" width=\"300\" height=\"212\" srcset=\"https:\/\/jackpotlotteryonline.com\/wp-content\/uploads\/2022\/10\/1_results_tickets_lotto-300x212.jpg 300w, https:\/\/jackpotlotteryonline.com\/wp-content\/uploads\/2022\/10\/1_results_tickets_lotto.jpg 320w\" sizes=\"auto, (max-width: 300px) 100vw, 300px\" \/><\/p>\n<p>Ha nagyot nyersz, csak rajtad m\u00falik, hogy el akarsz-e utazni abba az orsz\u00e1gba, ahol a lott\u00f3t rendezik. Ha akarod, \u00e1tveheted t\u0151l\u00fcnk a szelv\u00e9nyedet, \u00e9s szem\u00e9lyesen bemutathatod a nyertes szelv\u00e9nyt a lott\u00f3bizotts\u00e1gnak. Honnan fogj\u00e1k tudni, hogy ki vette meg?<\/p>\n<p>De val\u00f3j\u00e1ban nem kell \u00edgy tennie. Ugyanis online lott\u00f3szelv\u00e9ny-szolg\u00e1ltat\u00e1sunk r\u00e9sze, hogy a kifizet\u00e9st is el tudjuk int\u00e9zni az \u00d6n helyett. Mi feldolgozzuk a nyerem\u00e9ny\u00e9t, \u00e9s a lott\u00f3bizotts\u00e1g vagy csekket k\u00fcld \u00d6nnek, vagy \u00e1tutalja a nyerem\u00e9nyt az \u00d6n banksz\u00e1ml\u00e1j\u00e1ra.<\/p>\n<p>\u00c9s tudta, hogy minden kisebb nyerem\u00e9nyt (2500,00 \u20ac alatt) azonnal j\u00f3v\u00e1\u00edrunk a weboldalunkon l\u00e9v\u0151 j\u00e1t\u00e9kossz\u00e1ml\u00e1j\u00e1n? Nem kell semmit sem tennie ahhoz, hogy megkapja ezeket a kisebb nyerem\u00e9nyeket. \u00c9s b\u00e1rmikor k\u00e9rhet kifizet\u00e9st, \u00e9s mi ezeket a p\u00e9nz\u00f6sszegeket banksz\u00e1ml\u00e1j\u00e1ra, hitelk\u00e1rty\u00e1j\u00e1ra vagy kriptovaluta t\u00e1rc\u00e1j\u00e1ra (ha van ilyen) fogjuk kifizetni.<\/p>\n<h2>Az online lott\u00f3szelv\u00e9ny v\u00e1s\u00e1rl\u00e1s egy\u00e9b el\u0151nyei<\/h2>\n<p>Szelv\u00e9nyszolg\u00e1ltat\u00e1sunknak van n\u00e9h\u00e1ny egy\u00e9b, eg\u00e9szen nyilv\u00e1nval\u00f3 el\u0151nye is, amelyek a k\u00f6vetkez\u0151k:<\/p>\n<ul>\n<li>Nem kell elhagynia a h\u00e1zat a szelv\u00e9ny megv\u00e1s\u00e1rl\u00e1s\u00e1hoz.<\/li>\n<li>Nincs sorban \u00e1ll\u00e1s a lott\u00f3z\u00f3ban vagy az \u00fczletben (ez k\u00fcl\u00f6n\u00f6sen akkor fontos, ha a jackpotok nagyok!)<\/li>\n<li>A szelv\u00e9nye nem veszhet el, mivel beolvas\u00e1sra ker\u00fclt, \u00e9s biztons\u00e1gos p\u00e1nc\u00e9lterm\u00fcnkben t\u00e1roljuk.<\/li>\n<\/ul>\n<p>Sz\u00f3val, mire v\u00e1r m\u00e9g? V\u00e1lassza ki a lott\u00f3t \u00e9s v\u00e1s\u00e1rolja meg online szelv\u00e9nyeit m\u00e9g ma &#8211; egy kis szerencs\u00e9vel \u00d6n lehet a holnapi jackpot nyertese!<\/p>\n","protected":false},"excerpt":{"rendered":"<p>Az online lott\u00f3szelv\u00e9ny v\u00e1s\u00e1rl\u00e1s m\u00e1ra rendk\u00edv\u00fcl n\u00e9pszer\u0171v\u00e9 v\u00e1lt. A lott\u00f3rajong\u00f3k a vil\u00e1g minden t\u00e1j\u00e1r\u00f3l ig\u00e9nybe veszik az online lott\u00f3szelv\u00e9ny v\u00e1s\u00e1rl\u00e1si szolg\u00e1ltat\u00e1st. \u00c9s ennek sz\u00e1mos j\u00f3 oka van. Egyes lott\u00f3j\u00e1t\u00e9kosok sz\u00e1m\u00e1ra ez az egyetlen m\u00f3dja annak, hogy egy\u00e1ltal\u00e1n lott\u00f3szelv\u00e9nyt v\u00e1s\u00e1roljanak, mert a lak\u00f3hely\u00fck szerinti orsz\u00e1gban nincs lott\u00f3. Ez\u00e9rt keresik a m\u00f3dj\u00e1t annak, hogy nagy \u00f6sszeg\u0171 nyerem\u00e9nyre [&hellip;]<\/p>\n","protected":false},"author":1,"featured_media":0,"parent":0,"menu_order":3,"comment_status":"closed","ping_status":"closed","template":"Information.php","meta":{"_et_pb_use_builder":"","_et_pb_old_content":"","_et_gb_content_width":"","exclude_from_search":false,"footnotes":""},"class_list":["post-35758","page","type-page","status-publish","hentry"],"yoast_head":"<!-- This site is optimized with the Yoast SEO plugin v23.3 - https:\/\/yoast.com\/wordpress\/plugins\/seo\/ -->\n<title>Hogyan v\u00e1s\u00e1rolhatsz online szelv\u00e9nyt a vil\u00e1gm\u00e9ret\u0171 lott\u00f3j\u00e1t\u00e9kokra?<\/title>\n<meta name=\"description\" content=\"Mire figyelj\u00fcnk, ha nemzetk\u00f6zi lott\u00f3szelv\u00e9nyeket v\u00e1s\u00e1rolunk online. N\u00e9h\u00e1ny online szelv\u00e9nyszolg\u00e1ltat\u00e1s kev\u00e9sb\u00e9 aj\u00e1nlott, tudd meg, hogy melyik\" \/>\n<meta name=\"robots\" content=\"index, follow, max-snippet:-1, max-image-preview:large, max-video-preview:-1\" \/>\n<link rel=\"canonical\" href=\"https:\/\/jackpotlotteryonline.com\/buy-tickets\/\" \/>\n<meta property=\"og:locale\" content=\"hu_HU\" \/>\n<meta property=\"og:type\" content=\"article\" \/>\n<meta property=\"og:title\" content=\"Hogyan v\u00e1s\u00e1rolhatsz online szelv\u00e9nyt a vil\u00e1gm\u00e9ret\u0171 lott\u00f3j\u00e1t\u00e9kokra?\" \/>\n<meta property=\"og:description\" content=\"Mire figyelj\u00fcnk, ha nemzetk\u00f6zi lott\u00f3szelv\u00e9nyeket v\u00e1s\u00e1rolunk online. N\u00e9h\u00e1ny online szelv\u00e9nyszolg\u00e1ltat\u00e1s kev\u00e9sb\u00e9 aj\u00e1nlott, tudd meg, hogy melyik\" \/>\n<meta property=\"og:url\" content=\"https:\/\/jackpotlotteryonline.com\/buy-tickets\/\" \/>\n<meta property=\"og:site_name\" content=\"Lotto Online - Crack The International Lottery Jackpots\" \/>\n<meta property=\"article:modified_time\" content=\"2022-12-19T10:51:54+00:00\" \/>\n<meta property=\"og:image\" content=\"http:\/\/jackpotlotteryonline.com\/wp-content\/uploads\/2022\/10\/1_buy_ticket_online.jpg\" \/>\n<meta name=\"twitter:card\" content=\"summary_large_image\" \/>\n<meta name=\"twitter:label1\" content=\"Becs\u00fclt olvas\u00e1si id\u0151\" \/>\n\t<meta name=\"twitter:data1\" content=\"4 perc\" \/>\n<!-- \/ Yoast SEO plugin. -->","yoast_head_json":{"title":"Hogyan v\u00e1s\u00e1rolhatsz online szelv\u00e9nyt a vil\u00e1gm\u00e9ret\u0171 lott\u00f3j\u00e1t\u00e9kokra?","description":"Mire figyelj\u00fcnk, ha nemzetk\u00f6zi lott\u00f3szelv\u00e9nyeket v\u00e1s\u00e1rolunk online. N\u00e9h\u00e1ny online szelv\u00e9nyszolg\u00e1ltat\u00e1s kev\u00e9sb\u00e9 aj\u00e1nlott, tudd meg, hogy melyik","robots":{"index":"index","follow":"follow","max-snippet":"max-snippet:-1","max-image-preview":"max-image-preview:large","max-video-preview":"max-video-preview:-1"},"canonical":"https:\/\/jackpotlotteryonline.com\/buy-tickets\/","og_locale":"hu_HU","og_type":"article","og_title":"Hogyan v\u00e1s\u00e1rolhatsz online szelv\u00e9nyt a vil\u00e1gm\u00e9ret\u0171 lott\u00f3j\u00e1t\u00e9kokra?","og_description":"Mire figyelj\u00fcnk, ha nemzetk\u00f6zi lott\u00f3szelv\u00e9nyeket v\u00e1s\u00e1rolunk online. N\u00e9h\u00e1ny online szelv\u00e9nyszolg\u00e1ltat\u00e1s kev\u00e9sb\u00e9 aj\u00e1nlott, tudd meg, hogy melyik","og_url":"https:\/\/jackpotlotteryonline.com\/buy-tickets\/","og_site_name":"Lotto Online - Crack The International Lottery Jackpots","article_modified_time":"2022-12-19T10:51:54+00:00","og_image":[{"url":"http:\/\/jackpotlotteryonline.com\/wp-content\/uploads\/2022\/10\/1_buy_ticket_online.jpg"}],"twitter_card":"summary_large_image","twitter_misc":{"Becs\u00fclt olvas\u00e1si id\u0151":"4 perc"},"schema":{"@context":"https:\/\/schema.org","@graph":[{"@type":"WebPage","@id":"https:\/\/jackpotlotteryonline.com\/buy-tickets\/","url":"https:\/\/jackpotlotteryonline.com\/buy-tickets\/","name":"Hogyan v\u00e1s\u00e1rolhatsz online szelv\u00e9nyt a vil\u00e1gm\u00e9ret\u0171 lott\u00f3j\u00e1t\u00e9kokra?","isPartOf":{"@id":"https:\/\/jackpotlotteryonline.com\/#website"},"primaryImageOfPage":{"@id":"https:\/\/jackpotlotteryonline.com\/buy-tickets\/#primaryimage"},"image":{"@id":"https:\/\/jackpotlotteryonline.com\/buy-tickets\/#primaryimage"},"thumbnailUrl":"http:\/\/jackpotlotteryonline.com\/wp-content\/uploads\/2022\/10\/1_buy_ticket_online.jpg","datePublished":"2022-11-01T13:03:36+00:00","dateModified":"2022-12-19T10:51:54+00:00","description":"Mire figyelj\u00fcnk, ha nemzetk\u00f6zi lott\u00f3szelv\u00e9nyeket v\u00e1s\u00e1rolunk online. N\u00e9h\u00e1ny online szelv\u00e9nyszolg\u00e1ltat\u00e1s kev\u00e9sb\u00e9 aj\u00e1nlott, tudd meg, hogy melyik","breadcrumb":{"@id":"https:\/\/jackpotlotteryonline.com\/buy-tickets\/#breadcrumb"},"inLanguage":"hu","potentialAction":[{"@type":"ReadAction","target":["https:\/\/jackpotlotteryonline.com\/buy-tickets\/"]}]},{"@type":"ImageObject","inLanguage":"hu","@id":"https:\/\/jackpotlotteryonline.com\/buy-tickets\/#primaryimage","url":"http:\/\/jackpotlotteryonline.com\/wp-content\/uploads\/2022\/10\/1_buy_ticket_online.jpg","contentUrl":"http:\/\/jackpotlotteryonline.com\/wp-content\/uploads\/2022\/10\/1_buy_ticket_online.jpg"},{"@type":"BreadcrumbList","@id":"https:\/\/jackpotlotteryonline.com\/buy-tickets\/#breadcrumb","itemListElement":[{"@type":"ListItem","position":1,"name":"Home","item":"https:\/\/jackpotlotteryonline.com\/hu\/"},{"@type":"ListItem","position":2,"name":"Hogyan v\u00e1s\u00e1rolhat lott\u00f3szelv\u00e9nyeket online"}]},{"@type":"WebSite","@id":"https:\/\/jackpotlotteryonline.com\/#website","url":"https:\/\/jackpotlotteryonline.com\/","name":"Lotto Online - Crack The International Lottery Jackpots","description":"","potentialAction":[{"@type":"SearchAction","target":{"@type":"EntryPoint","urlTemplate":"https:\/\/jackpotlotteryonline.com\/?s={search_term_string}"},"query-input":"required name=search_term_string"}],"inLanguage":"hu"}]}},"_links":{"self":[{"href":"https:\/\/jackpotlotteryonline.com\/hu\/wp-json\/wp\/v2\/pages\/35758","targetHints":{"allow":["GET"]}}],"collection":[{"href":"https:\/\/jackpotlotteryonline.com\/hu\/wp-json\/wp\/v2\/pages"}],"about":[{"href":"https:\/\/jackpotlotteryonline.com\/hu\/wp-json\/wp\/v2\/types\/page"}],"author":[{"embeddable":true,"href":"https:\/\/jackpotlotteryonline.com\/hu\/wp-json\/wp\/v2\/users\/1"}],"replies":[{"embeddable":true,"href":"https:\/\/jackpotlotteryonline.com\/hu\/wp-json\/wp\/v2\/comments?post=35758"}],"version-history":[{"count":0,"href":"https:\/\/jackpotlotteryonline.com\/hu\/wp-json\/wp\/v2\/pages\/35758\/revisions"}],"wp:attachment":[{"href":"https:\/\/jackpotlotteryonline.com\/hu\/wp-json\/wp\/v2\/media?parent=35758"}],"curies":[{"name":"wp","href":"https:\/\/api.w.org\/{rel}","templated":true}]}}