{"id":35832,"date":"2022-11-02T07:02:06","date_gmt":"2022-11-02T07:02:06","guid":{"rendered":"https:\/\/jackpotlotteryonline.com\/?page_id=35832"},"modified":"2022-12-26T07:59:23","modified_gmt":"2022-12-26T07:59:23","slug":"nyeroszamok","status":"publish","type":"page","link":"https:\/\/jackpotlotteryonline.com\/hu\/nyeroszamok\/","title":{"rendered":"Lott\u00f3 eredm\u00e9nyek"},"content":{"rendered":"<h2>Lott\u00f3 eredm\u00e9nyek online<\/h2>\n<p>A lott\u00f3j\u00e1t\u00e9kok ilyen sz\u00e9les v\u00e1laszt\u00e9k\u00e1val \u00e9s az internethez val\u00f3 k\u00f6nny\u0171 hozz\u00e1f\u00e9r\u00e9ssel manaps\u00e1g sokan ink\u00e1bb gyorsan, online ellen\u0151rzik a lott\u00f3eredm\u00e9nyeket. Ha v\u00e1s\u00e1rolt egy lott\u00f3szelv\u00e9nyt, akkor bizony\u00e1ra izgatottan v\u00e1rja, hogy megtudja, melyek az adott sorsol\u00e1s nyer\u0151sz\u00e1mai. <strong>Most m\u00e1r k\u00f6nnyed\u00e9n, m\u00e1sodpercek alatt ellen\u0151rizheti a nemzetk\u00f6zi lott\u00f3 jackpotok eredm\u00e9nyeit online.<\/strong><\/p>\n<p>Ez a szolg\u00e1ltat\u00e1s a vil\u00e1g minden t\u00e1j\u00e1n el\u00e9rhet\u0151, ez\u00e9rt nem sz\u00e1m\u00edt, hol tart\u00f3zkodik, ak\u00e1r nyaral, ak\u00e1r \u00fczleti \u00faton van a tengerent\u00falon, ak\u00e1r egyszer\u0171en csak a munkahely\u00e9n vagy a bar\u00e1taival van, nem kell t\u00f6bb\u00e9 a helyi \u00fajs\u00e1gok ut\u00e1n kapkodnia, vagy n\u00e9h\u00e1ny napot v\u00e1rnia, hogy megtudja, \u00d6n-e a jackpot nyertese. Mostant\u00f3l egyszer\u0171en megl\u00e1togathatja weboldalunkat, \u00e9s kiv\u00e1laszthatja a lott\u00f3 eredm\u00e9nyeit, amelyre fogad\u00e1st tett, \u00e9s gyorsan megtudhatja, hogy eltal\u00e1lta-e valamelyik sz\u00e1mot.<\/p>\n<section class=\"layout\" style=\"border: solid 1px; width: 100%;\">\n<div class=\"img-div\" style=\"margin-top: 5px;\"><img decoding=\"async\" class=\"wp-image-17212 alignleft\" style=\"height: 45px; margin: 8px 8px 0px;\" src=\"https:\/\/jackpotlotteryonline.com\/wp-content\/uploads\/2022\/11\/read1.jpg\" alt=\"olvasd el\" width=\"\" height=\"\" \/><\/div>\n<div style=\"padding-left: 5px;\">\n<div style=\"font-size: 1.1em;\">\n<p><strong>N\u00e9zze \u00e9l\u0151ben a lott\u00f3sz\u00e1mok sorsol\u00e1s\u00e1t<\/strong><\/p>\n<p style=\"font-size: 0.85em; margin-top: -1.5em;\">Hogyan n\u00e9zheted meg kedvenc lott\u00f3j\u00e1t\u00e9kod \u00e9l\u0151 sorsol\u00e1s\u00e1t\u00a0<a href=\"https:\/\/jackpotlotteryonline.com\/hu\/nezni-a-lotto-szamok-huzott-eloben\"> tov\u00e1bb<\/a><\/p>\n<\/div>\n<\/div>\n<\/section>\n<h2>Nemzetk\u00f6zi jackpot-nyertes lott\u00f3sz\u00e1mok<\/h2>\n<p>N\u00e9zze meg az e heti nyertes lott\u00f3sz\u00e1mokat a legnagyobb nemzetk\u00f6zi lott\u00f3 jackpotokhoz, naponta friss\u00edtve weboldalunkon. Felsoroljuk a bolyg\u00f3 legjobb \u00e9s legnagyobb lott\u00f3szelv\u00e9nyeit, k\u00f6zt\u00fck az El Gordo, Euromillions, Mega Millions, Powerball, SuperEnaLotto \u00e9s m\u00e9g sok m\u00e1s lott\u00f3szelv\u00e9nyt.<br \/>\n<img loading=\"lazy\" decoding=\"async\" class=\"alignright size-medium wp-image-19277\" src=\"https:\/\/jackpotlotteryonline.com\/wp-content\/uploads\/2022\/10\/2_ticket_powerball_au2-163x300.jpg\" alt=\"lott\u00f3szelv\u00e9ny beolvas\u00e1sa\" width=\"163\" height=\"300\" srcset=\"https:\/\/jackpotlotteryonline.com\/wp-content\/uploads\/2022\/10\/2_ticket_powerball_au2-163x300.jpg 163w, https:\/\/jackpotlotteryonline.com\/wp-content\/uploads\/2022\/10\/2_ticket_powerball_au2.jpg 250w\" sizes=\"auto, (max-width: 163px) 100vw, 163px\" \/><\/p>\n<p><strong>Azt gondolhatod, hogy a legt\u00f6bb ilyen lott\u00f3 nem \u00e9rhet\u0151 el sz\u00e1modra, de ez nem igaz!<\/strong> Manaps\u00e1g m\u00e1r szinte minden lott\u00f3hoz k\u00f6nnyen<a href=\"https:\/\/jackpotlotteryonline.com\/hu\/jegyet-vasarolni\"> v\u00e1s\u00e1rolhatsz online szelv\u00e9nyt<\/a>. Ez azt jelenti, hogy nem kell abban az orsz\u00e1gban \u00e9lned, ahol a lott\u00f3t rendezik.<\/p>\n<p><strong>Ezt egy \u00e1ltalunk ny\u00fajtott szolg\u00e1ltat\u00e1s teszi lehet\u0151v\u00e9.<\/strong><\/p>\n<p>Csak kattints a fenti <a href=\"https:\/\/jackpotlotteryonline.com\/hu\/hogyan-kell-jatszani\">&#8220;J\u00e1tssz&#8221; gombok<\/a> b\u00e1rmelyik\u00e9re, \u00e9s m\u00e1ris az adott lott\u00f3 sz\u00e1mv\u00e1laszt\u00f3 oldal\u00e1ra ker\u00fclsz. V\u00e1lassza ki a sz\u00e1mokat, regisztr\u00e1ljon, \u00e9s fizessen online &#8211; ilyen egyszer\u0171! A v\u00e1s\u00e1rl\u00e1s befejez\u00e9se ut\u00e1n azonnal kap egy visszaigazol\u00e1st a szem\u00e9lyes szelv\u00e9ny\u00e9r\u0151l, \u00e9s valamivel k\u00e9s\u0151bb egy szkennel\u00e9st a szelv\u00e9ny\u00e9r\u0151l. Arr\u00f3l is gondoskodunk, hogy megkapja a nyerem\u00e9ny\u00e9t. Ezek a vil\u00e1gm\u00e9ret\u0171 jackpotok gyakran 100-szor nagyobbak lehetnek, mint a helyi lott\u00f3, sz\u00f3val mire v\u00e1rsz m\u00e9g? V\u00e1lasszon!<\/p>\n<h2>N\u00e9zze meg, hogy nyert-e &#8211; hasonl\u00edtsa \u00f6ssze szelv\u00e9ny\u00e9t a nyer\u0151sz\u00e1mokkal<\/h2>\n<p>Nemcsak a lott\u00f3eredm\u00e9nyeket ellen\u0151rizheti online laptopj\u00e1r\u00f3l, asztali sz\u00e1m\u00edt\u00f3g\u00e9p\u00e9r\u0151l vagy ak\u00e1r iPhone-j\u00e1r\u00f3l otthon vagy az irod\u00e1ban, hanem nagyon sok lott\u00f3 eredm\u00e9ny\u00e9t is azonnal, egy oldalon ellen\u0151rizheti.<\/p>\n<p>Az egyes lott\u00f3sorsol\u00e1sok ut\u00e1n az eredm\u00e9nyek val\u00f3s id\u0151ben friss\u00fclnek. Ez azt jelenti, hogy a nemzetk\u00f6zi jackpotok online eredm\u00e9nyei a sorsol\u00e1s megt\u00f6rt\u00e9nt\u00e9t k\u00f6vet\u0151 pillanatokon bel\u00fcl el\u00e9rhet\u0151k, illetve el\u00e9rhet\u0151ek az \u00d6n sz\u00e1m\u00e1ra.<br \/>\n<img loading=\"lazy\" decoding=\"async\" class=\"alignright wp-image-19599\" src=\"https:\/\/jackpotlotteryonline.com\/wp-content\/uploads\/2022\/10\/1_balls_draw_lotto_numbers-200x300.jpg\" alt=\"lott\u00f3 nyer\u0151sz\u00e1mok\" width=\"154\" height=\"231\" srcset=\"https:\/\/jackpotlotteryonline.com\/wp-content\/uploads\/2022\/10\/1_balls_draw_lotto_numbers-200x300.jpg 200w, https:\/\/jackpotlotteryonline.com\/wp-content\/uploads\/2022\/10\/1_balls_draw_lotto_numbers.jpg 320w\" sizes=\"auto, (max-width: 154px) 100vw, 154px\" \/><\/p>\n<p>Ha \u00fagy d\u00f6nt\u00f6tt, hogy online v\u00e1s\u00e1rol lott\u00f3szelv\u00e9nyt, f\u00fcggetlen\u00fcl att\u00f3l, hogy milyen t\u00edpus\u00fa lott\u00f3r\u00f3l van sz\u00f3, a lott\u00f3eredm\u00e9nyek online ellen\u0151rz\u00e9se itt az oldalunkon m\u00e9g egyszer\u0171bb. Ennek az az oka, hogy az online lott\u00f3szelv\u00e9ny elhelyez\u00e9sekor meg kell adnia az e-mail c\u00edm\u00e9t. Erre nem csak az\u00e9rt van sz\u00fcks\u00e9g, hogy fi\u00f3kot nyithasson a j\u00e1t\u00e9khoz, hanem az\u00e9rt is, hogy \u00e9rtes\u00edthess\u00fck \u00d6nt a nyerem\u00e9nyr\u0151l.<\/p>\n<p>Miut\u00e1n a lott\u00f3 sorsol\u00e1s megt\u00f6rt\u00e9nt, automatikusan \u00e9rtes\u00edtj\u00fck \u00d6nt e-mailben arr\u00f3l, ha olyan sz\u00e1mokat tal\u00e1lt el, amelyekkel k\u00e9szp\u00e9nzes nyerem\u00e9nyt nyerhetett. Egyszer\u0171en csak ellen\u0151rizze az e-mail postal\u00e1d\u00e1j\u00e1t.<\/p>\n<p>Tov\u00e1bb\u00e1, ha itt v\u00e1s\u00e1rolta meg online a lott\u00f3szelv\u00e9ny\u00e9t, akkor bejelentkezhet az \u00fcgyf\u00e9lfi\u00f3kj\u00e1ba, \u00e9s az eredm\u00e9nyek k\u00f6zvetlen\u00fcl a szelv\u00e9nye mellett jelennek meg \u00f6sszehasonl\u00edt\u00e1s c\u00e9lj\u00e1b\u00f3l. Azok a sz\u00e1mok a szelv\u00e9ny\u00e9n, amelyek megegyeznek a sorsol\u00e1ssal, ki lesznek emelve. Ez a lehet\u0151 legk\u00e9nyelmesebb, ami emberileg lehets\u00e9ges!<\/p>\n<p>A sok nagyszer\u0171 el\u0151nnyel \u00e9s praktikus funkci\u00f3val, mint p\u00e9ld\u00e1ul a lott\u00f3eredm\u00e9nyek gyors online ellen\u0151rz\u00e9se, <strong>ma m\u00e1r sokan v\u00e1lasztj\u00e1k az online lott\u00f3szelv\u00e9nyv\u00e1s\u00e1rl\u00e1st a boltok helyett.<\/strong><\/p>\n","protected":false},"excerpt":{"rendered":"<p>Lott\u00f3 eredm\u00e9nyek online A lott\u00f3j\u00e1t\u00e9kok ilyen sz\u00e9les v\u00e1laszt\u00e9k\u00e1val \u00e9s az internethez val\u00f3 k\u00f6nny\u0171 hozz\u00e1f\u00e9r\u00e9ssel manaps\u00e1g sokan ink\u00e1bb gyorsan, online ellen\u0151rzik a lott\u00f3eredm\u00e9nyeket. Ha v\u00e1s\u00e1rolt egy lott\u00f3szelv\u00e9nyt, akkor bizony\u00e1ra izgatottan v\u00e1rja, hogy megtudja, melyek az adott sorsol\u00e1s nyer\u0151sz\u00e1mai. Most m\u00e1r k\u00f6nnyed\u00e9n, m\u00e1sodpercek alatt ellen\u0151rizheti a nemzetk\u00f6zi lott\u00f3 jackpotok eredm\u00e9nyeit online. Ez a szolg\u00e1ltat\u00e1s a vil\u00e1g minden [&hellip;]<\/p>\n","protected":false},"author":1,"featured_media":0,"parent":0,"menu_order":4,"comment_status":"closed","ping_status":"closed","template":"Results.php","meta":{"_et_pb_use_builder":"","_et_pb_old_content":"","_et_gb_content_width":"","exclude_from_search":false,"footnotes":""},"class_list":["post-35832","page","type-page","status-publish","hentry"],"yoast_head":"<!-- This site is optimized with the Yoast SEO plugin v23.3 - https:\/\/yoast.com\/wordpress\/plugins\/seo\/ -->\n<title>Nyer\u0151sz\u00e1mok \u00e9s eredm\u00e9nyek a nemzetk\u00f6zi lott\u00f3 jackpotok eset\u00e9ben<\/title>\n<meta name=\"description\" content=\"Ez az oldal a legt\u00f6bb nemzetk\u00f6zi jackpot lott\u00f3 online lott\u00f3 eredm\u00e9nyeit \u00e9s nyer\u0151sz\u00e1mait mutatja.\" \/>\n<meta name=\"robots\" content=\"index, follow, max-snippet:-1, max-image-preview:large, max-video-preview:-1\" \/>\n<link rel=\"canonical\" href=\"https:\/\/jackpotlotteryonline.com\/hu\/nyeroszamok\/\" \/>\n<meta property=\"og:locale\" content=\"hu_HU\" \/>\n<meta property=\"og:type\" content=\"article\" \/>\n<meta property=\"og:title\" content=\"Nyer\u0151sz\u00e1mok \u00e9s eredm\u00e9nyek a nemzetk\u00f6zi lott\u00f3 jackpotok eset\u00e9ben\" \/>\n<meta property=\"og:description\" content=\"Ez az oldal a legt\u00f6bb nemzetk\u00f6zi jackpot lott\u00f3 online lott\u00f3 eredm\u00e9nyeit \u00e9s nyer\u0151sz\u00e1mait mutatja.\" \/>\n<meta property=\"og:url\" content=\"https:\/\/jackpotlotteryonline.com\/hu\/nyeroszamok\/\" \/>\n<meta property=\"og:site_name\" content=\"Lotto Online - Crack The International Lottery Jackpots\" \/>\n<meta property=\"article:modified_time\" content=\"2022-12-26T07:59:23+00:00\" \/>\n<meta property=\"og:image\" content=\"https:\/\/jackpotlotteryonline.com\/wp-content\/uploads\/2022\/11\/read1.jpg\" \/>\n<meta name=\"twitter:card\" content=\"summary_large_image\" \/>\n<meta name=\"twitter:label1\" content=\"Becs\u00fclt olvas\u00e1si id\u0151\" \/>\n\t<meta name=\"twitter:data1\" content=\"3 perc\" \/>\n<!-- \/ Yoast SEO plugin. -->","yoast_head_json":{"title":"Nyer\u0151sz\u00e1mok \u00e9s eredm\u00e9nyek a nemzetk\u00f6zi lott\u00f3 jackpotok eset\u00e9ben","description":"Ez az oldal a legt\u00f6bb nemzetk\u00f6zi jackpot lott\u00f3 online lott\u00f3 eredm\u00e9nyeit \u00e9s nyer\u0151sz\u00e1mait mutatja.","robots":{"index":"index","follow":"follow","max-snippet":"max-snippet:-1","max-image-preview":"max-image-preview:large","max-video-preview":"max-video-preview:-1"},"canonical":"https:\/\/jackpotlotteryonline.com\/hu\/nyeroszamok\/","og_locale":"hu_HU","og_type":"article","og_title":"Nyer\u0151sz\u00e1mok \u00e9s eredm\u00e9nyek a nemzetk\u00f6zi lott\u00f3 jackpotok eset\u00e9ben","og_description":"Ez az oldal a legt\u00f6bb nemzetk\u00f6zi jackpot lott\u00f3 online lott\u00f3 eredm\u00e9nyeit \u00e9s nyer\u0151sz\u00e1mait mutatja.","og_url":"https:\/\/jackpotlotteryonline.com\/hu\/nyeroszamok\/","og_site_name":"Lotto Online - Crack The International Lottery Jackpots","article_modified_time":"2022-12-26T07:59:23+00:00","og_image":[{"url":"https:\/\/jackpotlotteryonline.com\/wp-content\/uploads\/2022\/11\/read1.jpg"}],"twitter_card":"summary_large_image","twitter_misc":{"Becs\u00fclt olvas\u00e1si id\u0151":"3 perc"},"schema":{"@context":"https:\/\/schema.org","@graph":[{"@type":"WebPage","@id":"https:\/\/jackpotlotteryonline.com\/hu\/nyeroszamok\/","url":"https:\/\/jackpotlotteryonline.com\/hu\/nyeroszamok\/","name":"Nyer\u0151sz\u00e1mok \u00e9s eredm\u00e9nyek a nemzetk\u00f6zi lott\u00f3 jackpotok eset\u00e9ben","isPartOf":{"@id":"https:\/\/jackpotlotteryonline.com\/#website"},"primaryImageOfPage":{"@id":"https:\/\/jackpotlotteryonline.com\/hu\/nyeroszamok\/#primaryimage"},"image":{"@id":"https:\/\/jackpotlotteryonline.com\/hu\/nyeroszamok\/#primaryimage"},"thumbnailUrl":"https:\/\/jackpotlotteryonline.com\/wp-content\/uploads\/2022\/11\/read1.jpg","datePublished":"2022-11-02T07:02:06+00:00","dateModified":"2022-12-26T07:59:23+00:00","description":"Ez az oldal a legt\u00f6bb nemzetk\u00f6zi jackpot lott\u00f3 online lott\u00f3 eredm\u00e9nyeit \u00e9s nyer\u0151sz\u00e1mait mutatja.","breadcrumb":{"@id":"https:\/\/jackpotlotteryonline.com\/hu\/nyeroszamok\/#breadcrumb"},"inLanguage":"hu","potentialAction":[{"@type":"ReadAction","target":["https:\/\/jackpotlotteryonline.com\/hu\/nyeroszamok\/"]}]},{"@type":"ImageObject","inLanguage":"hu","@id":"https:\/\/jackpotlotteryonline.com\/hu\/nyeroszamok\/#primaryimage","url":"https:\/\/jackpotlotteryonline.com\/wp-content\/uploads\/2022\/11\/read1.jpg","contentUrl":"https:\/\/jackpotlotteryonline.com\/wp-content\/uploads\/2022\/11\/read1.jpg"},{"@type":"BreadcrumbList","@id":"https:\/\/jackpotlotteryonline.com\/hu\/nyeroszamok\/#breadcrumb","itemListElement":[{"@type":"ListItem","position":1,"name":"Home","item":"https:\/\/jackpotlotteryonline.com\/hu\/"},{"@type":"ListItem","position":2,"name":"Lott\u00f3 eredm\u00e9nyek"}]},{"@type":"WebSite","@id":"https:\/\/jackpotlotteryonline.com\/#website","url":"https:\/\/jackpotlotteryonline.com\/","name":"Lotto Online - Crack The International Lottery Jackpots","description":"","potentialAction":[{"@type":"SearchAction","target":{"@type":"EntryPoint","urlTemplate":"https:\/\/jackpotlotteryonline.com\/?s={search_term_string}"},"query-input":"required name=search_term_string"}],"inLanguage":"hu"}]}},"_links":{"self":[{"href":"https:\/\/jackpotlotteryonline.com\/hu\/wp-json\/wp\/v2\/pages\/35832","targetHints":{"allow":["GET"]}}],"collection":[{"href":"https:\/\/jackpotlotteryonline.com\/hu\/wp-json\/wp\/v2\/pages"}],"about":[{"href":"https:\/\/jackpotlotteryonline.com\/hu\/wp-json\/wp\/v2\/types\/page"}],"author":[{"embeddable":true,"href":"https:\/\/jackpotlotteryonline.com\/hu\/wp-json\/wp\/v2\/users\/1"}],"replies":[{"embeddable":true,"href":"https:\/\/jackpotlotteryonline.com\/hu\/wp-json\/wp\/v2\/comments?post=35832"}],"version-history":[{"count":0,"href":"https:\/\/jackpotlotteryonline.com\/hu\/wp-json\/wp\/v2\/pages\/35832\/revisions"}],"wp:attachment":[{"href":"https:\/\/jackpotlotteryonline.com\/hu\/wp-json\/wp\/v2\/media?parent=35832"}],"curies":[{"name":"wp","href":"https:\/\/api.w.org\/{rel}","templated":true}]}}