{"id":35884,"date":"2022-11-02T09:09:49","date_gmt":"2022-11-02T09:09:49","guid":{"rendered":"https:\/\/jackpotlotteryonline.com\/?page_id=35884"},"modified":"2022-12-19T09:08:38","modified_gmt":"2022-12-19T09:08:38","slug":"powerball","status":"publish","type":"page","link":"https:\/\/jackpotlotteryonline.com\/hu\/hogyan-kell-jatszani\/powerball\/","title":{"rendered":"Powerball USA"},"content":{"rendered":"<h2>A Powerball lott\u00f3 jackpot online<\/h2>\n<p><img loading=\"lazy\" decoding=\"async\" class=\"alignright size-full wp-image-19358\" src=\"http:\/\/jackpotlotteryonline.com\/wp-content\/uploads\/2022\/10\/2_ticket_powerball3.jpg\" alt=\"Powerball szelv\u00e9ny\" width=\"180\" height=\"194\" \/><\/p>\n<p>Az egyik legr\u00e9gebbi \u00e9s legnagyobb amerikai lott\u00f3j\u00e1t\u00e9kkal \u00e1llsz szemben. A Powerball lott\u00f3 jackpotot egy 41 amerikai \u00e1llam \u00e1ltal l\u00e9trehozott t\u00f6bb \u00e1llamot t\u00f6m\u00f6r\u00edt\u0151 lott\u00f3bizotts\u00e1g k\u00edn\u00e1lja. Az USA \u00f6sszes \u00e1llam\u00e1ban (bele\u00e9rtve a Virgin-szigeteket \u00e9s a District of Columbia-t is) fut, 8 \u00e1llam kiv\u00e9tel\u00e9vel (Nevada, Kalifornia, Utah, Mississippi, Wyoming, Alabama, Hawaii \u00e9s Alaszka).<\/p>\n<p>A Powerball online lott\u00f3 jackpotja t\u00f6bbsz\u00f6r is meghaladta a 300 milli\u00f3 doll\u00e1ros jackpot \u00f6sszeg\u00e9t, \u00e9s az eddigi legmagasabb jackpot 1500 milli\u00f3 doll\u00e1r volt. \u00c1ltal\u00e1ban a jackpotok 20 milli\u00f3 doll\u00e1rr\u00f3l indulnak, \u00e9s minden alkalommal, amikor a jackpotot nem tal\u00e1lt\u00e1k el, legal\u00e1bb 5 milli\u00f3 doll\u00e1rral emelkednek.<\/p>\n<section class=\"layout\" style=\"border: solid 1px; width: 100%;\">\n<div class=\"img-div\" style=\"margin-top: 5px;\"><img decoding=\"async\" class=\"wp-image-17212 alignleft\" style=\"height: 45px; margin: 8px 8px 0px;\" src=\"http:\/\/jackpotlotteryonline.com\/wp-content\/uploads\/2022\/11\/read1.jpg\" alt=\"legnagyobb lott\u00f3 jackpot\" width=\"\" height=\"\" \/><\/div>\n<div style=\"padding-left: 5px;\">\n<div style=\"font-size: 1.1em;\">\n<p><strong>T\u00f6rt\u00e9nelmi, rekordot jelent\u0151 lott\u00f3 jackpotok<\/strong><\/p>\n<p style=\"font-size: 0.85em; margin-top: -1.5em;\">A t\u00f6rt\u00e9nelem legnagyobb lott\u00f3 jackpotjai megzavarj\u00e1k a fej\u00e9t <a href=\"https:\/\/jackpotlotteryonline.com\/hu\/a-tortenelem-legnagyobb-lotto-jackpotjai\">tov\u00e1bb<\/a><\/p>\n<\/div>\n<\/div>\n<\/section>\n<h2>Hogyan kell j\u00e1tszani a Powerball lott\u00f3n<\/h2>\n<p>A lott\u00f3szelv\u00e9nyt <a href=\"https:\/\/jackpotlotteryonline.com\/hu\/jegyet-vasarolni\/powerball\"><strong>k\u00f6nnyen beszerezheti online<\/strong><\/a> a weboldalunkon kereszt\u00fcl. A Powerball lott\u00f3 jackpotj\u00e1nak megnyer\u00e9s\u00e9hez \u00e9s megnyer\u00e9s\u00e9hez nem kell amerikai \u00e1llampolg\u00e1rnak lennie &#8211; \u00e9lhet az USA-n k\u00edv\u00fcl is, de legal\u00e1bb 18 \u00e9vesnek kell lennie. Mind\u00f6ssze annyit kell tennie, hogy r\u00e1kattint az egyik lott\u00f3 bannerre, regisztr\u00e1l, igazolja mag\u00e1t, \u00e9s elv\u00e9gzi a fizet\u00e9st. A t\u00f6bbit mi int\u00e9zz\u00fck, amikor megrendeled. A szelv\u00e9nyv\u00e1s\u00e1rl\u00e1s, a sz\u00e1ll\u00edt\u00e1s \u00e9s a p\u00e9nzlogisztik\u00e1val kapcsolatos seg\u00edts\u00e9g azok a ter\u00fcletek, amelyekben seg\u00edts\u00e9get kaphatsz.<br \/>\n<img loading=\"lazy\" decoding=\"async\" class=\"alignright size-full wp-image-18167\" src=\"http:\/\/jackpotlotteryonline.com\/wp-content\/uploads\/2022\/10\/powerball_globe_logo.png\" alt=\"Powerball online j\u00e1t\u00e9k\" width=\"200\" height=\"212\" \/><\/p>\n<p>A Powerball lott\u00f3 jackpotj\u00e1nak megnyer\u00e9s\u00e9hez az 59 sz\u00e1mb\u00f3l \u00f6t\u00f6t kell eltal\u00e1lnia, plusz a Powerball sz\u00e1mot 1 \u00e9s 39 k\u00f6z\u00f6tt. Kilencf\u00e9lek\u00e9ppen lehet nyerni, \u00e9s m\u00e1ris kap egy d\u00edjat, ha eltal\u00e1lja a Powerball sz\u00e1mot.<\/p>\n<p>A <a href=\"http:\/\/jackpotlotteryonline.com\/hu\/jegyet-vasarolni\/powerball\">Powerball lott\u00f3 jackpot<\/a> online lott\u00f3 hagyom\u00e1nyos, k\u00e9tdobos lott\u00f3j\u00e1t\u00e9k. Az egyik dobban 59 feh\u00e9r goly\u00f3 van a m\u00e1sodik dobban 39 piros goly\u00f3. \u00d6nnek 5 feh\u00e9r \u00e9s egy piros goly\u00f3t kell kiv\u00e1lasztania. A goly\u00f3kat v\u00e9letlenszer\u0171en lehet kiv\u00e1lasztani, \u00e9s a kiv\u00e1laszt\u00e1s sorrendje nem befoly\u00e1solja az eredm\u00e9nyt.<\/p>\n<p>Hat\u00e1rozottan a Powerball lott\u00f3 jackpot online j\u00e1t\u00e9k\u00e1nak megvannak a maga el\u0151nyei, \u00e9s a f\u00e9lelmetes nyer\u00e9si es\u00e9lyek miatt nagy a kereslet erre a lott\u00f3j\u00e1t\u00e9kra.<\/p>\n<h2>Itt az ideje, hogy szerencs\u00e9t pr\u00f3b\u00e1ljon a Powerballban<\/h2>\n<p>Ha \u00d6n olyan ember, aki szereti kipr\u00f3b\u00e1lni a szerencs\u00e9j\u00e9t a szerencsej\u00e1t\u00e9kokban, akkor a Powerball lott\u00f3 minden bizonnyal a megfelel\u0151 hely a kezd\u00e9shez. Weboldalunkon m\u00e9g sok tov\u00e1bbi inform\u00e1ci\u00f3 \u00e9rhet\u0151 el, amelyek seg\u00edthetnek eld\u00f6nteni, hogy milyen sz\u00e1mokat v\u00e1lasszon \u00e9s j\u00e1tsszon.<\/p>\n<p>Sokan hajlamosak azt gondolni, hogy a lott\u00f3 egy szerencsej\u00e1t\u00e9k. De hajlamosak lehetnek kicsit m\u00e1sk\u00e9pp gondolkodni, ha meg\u00e9rtik, hogyan m\u0171k\u00f6dik a Powerball lott\u00f3. <strong>Sokan vannak, akik m\u00e1r nyertek a Powerballon, \u00e9s nincs ok arra, hogy mi\u00e9rt ne lehetn\u00e9l te is egy k\u00f6z\u00fcl\u00fck. Kezdje el most&#8230;!<\/strong><\/p>\n","protected":false},"excerpt":{"rendered":"<p>A Powerball lott\u00f3 jackpot online Az egyik legr\u00e9gebbi \u00e9s legnagyobb amerikai lott\u00f3j\u00e1t\u00e9kkal \u00e1llsz szemben. A Powerball lott\u00f3 jackpotot egy 41 amerikai \u00e1llam \u00e1ltal l\u00e9trehozott t\u00f6bb \u00e1llamot t\u00f6m\u00f6r\u00edt\u0151 lott\u00f3bizotts\u00e1g k\u00edn\u00e1lja. Az USA \u00f6sszes \u00e1llam\u00e1ban (bele\u00e9rtve a Virgin-szigeteket \u00e9s a District of Columbia-t is) fut, 8 \u00e1llam kiv\u00e9tel\u00e9vel (Nevada, Kalifornia, Utah, Mississippi, Wyoming, Alabama, Hawaii \u00e9s Alaszka). [&hellip;]<\/p>\n","protected":false},"author":1,"featured_media":0,"parent":35696,"menu_order":1,"comment_status":"closed","ping_status":"closed","template":"powerball-usa.php","meta":{"_et_pb_use_builder":"","_et_pb_old_content":"","_et_gb_content_width":"","exclude_from_search":false,"footnotes":""},"class_list":["post-35884","page","type-page","status-publish","hentry"],"yoast_head":"<!-- This site is optimized with the Yoast SEO plugin v23.3 - https:\/\/yoast.com\/wordpress\/plugins\/seo\/ -->\n<title>J\u00e1tssz Powerball lott\u00f3n online, az USA-n k\u00edv\u00fclr\u0151l is<\/title>\n<meta name=\"description\" content=\"A Powerball lott\u00f3 az USA egyik legr\u00e9gebbi lott\u00f3j\u00e1t\u00e9ka - olvassa el ezt, hogy megtudja, hogyan j\u00e1tszhat online \u00e9s az USA-n k\u00edv\u00fcli orsz\u00e1gb\u00f3l m\u00e9g ma!\" \/>\n<meta name=\"robots\" content=\"index, follow, max-snippet:-1, max-image-preview:large, max-video-preview:-1\" \/>\n<link rel=\"canonical\" href=\"https:\/\/jackpotlotteryonline.com\/play-online\/powerball\/\" \/>\n<meta property=\"og:locale\" content=\"hu_HU\" \/>\n<meta property=\"og:type\" content=\"article\" \/>\n<meta property=\"og:title\" content=\"J\u00e1tssz Powerball lott\u00f3n online, az USA-n k\u00edv\u00fclr\u0151l is\" \/>\n<meta property=\"og:description\" content=\"A Powerball lott\u00f3 az USA egyik legr\u00e9gebbi lott\u00f3j\u00e1t\u00e9ka - olvassa el ezt, hogy megtudja, hogyan j\u00e1tszhat online \u00e9s az USA-n k\u00edv\u00fcli orsz\u00e1gb\u00f3l m\u00e9g ma!\" \/>\n<meta property=\"og:url\" content=\"https:\/\/jackpotlotteryonline.com\/play-online\/powerball\/\" \/>\n<meta property=\"og:site_name\" content=\"Lotto Online - Crack The International Lottery Jackpots\" \/>\n<meta property=\"article:modified_time\" content=\"2022-12-19T09:08:38+00:00\" \/>\n<meta property=\"og:image\" content=\"http:\/\/jackpotlotteryonline.com\/wp-content\/uploads\/2022\/10\/2_ticket_powerball3.jpg\" \/>\n<meta name=\"twitter:card\" content=\"summary_large_image\" \/>\n<meta name=\"twitter:label1\" content=\"Becs\u00fclt olvas\u00e1si id\u0151\" \/>\n\t<meta name=\"twitter:data1\" content=\"2 perc\" \/>\n<!-- \/ Yoast SEO plugin. -->","yoast_head_json":{"title":"J\u00e1tssz Powerball lott\u00f3n online, az USA-n k\u00edv\u00fclr\u0151l is","description":"A Powerball lott\u00f3 az USA egyik legr\u00e9gebbi lott\u00f3j\u00e1t\u00e9ka - olvassa el ezt, hogy megtudja, hogyan j\u00e1tszhat online \u00e9s az USA-n k\u00edv\u00fcli orsz\u00e1gb\u00f3l m\u00e9g ma!","robots":{"index":"index","follow":"follow","max-snippet":"max-snippet:-1","max-image-preview":"max-image-preview:large","max-video-preview":"max-video-preview:-1"},"canonical":"https:\/\/jackpotlotteryonline.com\/play-online\/powerball\/","og_locale":"hu_HU","og_type":"article","og_title":"J\u00e1tssz Powerball lott\u00f3n online, az USA-n k\u00edv\u00fclr\u0151l is","og_description":"A Powerball lott\u00f3 az USA egyik legr\u00e9gebbi lott\u00f3j\u00e1t\u00e9ka - olvassa el ezt, hogy megtudja, hogyan j\u00e1tszhat online \u00e9s az USA-n k\u00edv\u00fcli orsz\u00e1gb\u00f3l m\u00e9g ma!","og_url":"https:\/\/jackpotlotteryonline.com\/play-online\/powerball\/","og_site_name":"Lotto Online - Crack The International Lottery Jackpots","article_modified_time":"2022-12-19T09:08:38+00:00","og_image":[{"url":"http:\/\/jackpotlotteryonline.com\/wp-content\/uploads\/2022\/10\/2_ticket_powerball3.jpg"}],"twitter_card":"summary_large_image","twitter_misc":{"Becs\u00fclt olvas\u00e1si id\u0151":"2 perc"},"schema":{"@context":"https:\/\/schema.org","@graph":[{"@type":"WebPage","@id":"https:\/\/jackpotlotteryonline.com\/play-online\/powerball\/","url":"https:\/\/jackpotlotteryonline.com\/play-online\/powerball\/","name":"J\u00e1tssz Powerball lott\u00f3n online, az USA-n k\u00edv\u00fclr\u0151l is","isPartOf":{"@id":"https:\/\/jackpotlotteryonline.com\/#website"},"primaryImageOfPage":{"@id":"https:\/\/jackpotlotteryonline.com\/play-online\/powerball\/#primaryimage"},"image":{"@id":"https:\/\/jackpotlotteryonline.com\/play-online\/powerball\/#primaryimage"},"thumbnailUrl":"http:\/\/jackpotlotteryonline.com\/wp-content\/uploads\/2022\/10\/2_ticket_powerball3.jpg","datePublished":"2022-11-02T09:09:49+00:00","dateModified":"2022-12-19T09:08:38+00:00","description":"A Powerball lott\u00f3 az USA egyik legr\u00e9gebbi lott\u00f3j\u00e1t\u00e9ka - olvassa el ezt, hogy megtudja, hogyan j\u00e1tszhat online \u00e9s az USA-n k\u00edv\u00fcli orsz\u00e1gb\u00f3l m\u00e9g ma!","breadcrumb":{"@id":"https:\/\/jackpotlotteryonline.com\/play-online\/powerball\/#breadcrumb"},"inLanguage":"hu","potentialAction":[{"@type":"ReadAction","target":["https:\/\/jackpotlotteryonline.com\/play-online\/powerball\/"]}]},{"@type":"ImageObject","inLanguage":"hu","@id":"https:\/\/jackpotlotteryonline.com\/play-online\/powerball\/#primaryimage","url":"http:\/\/jackpotlotteryonline.com\/wp-content\/uploads\/2022\/10\/2_ticket_powerball3.jpg","contentUrl":"http:\/\/jackpotlotteryonline.com\/wp-content\/uploads\/2022\/10\/2_ticket_powerball3.jpg"},{"@type":"BreadcrumbList","@id":"https:\/\/jackpotlotteryonline.com\/play-online\/powerball\/#breadcrumb","itemListElement":[{"@type":"ListItem","position":1,"name":"Home","item":"https:\/\/jackpotlotteryonline.com\/hu\/"},{"@type":"ListItem","position":2,"name":"Hogyan kell j\u00e1tszani","item":"https:\/\/jackpotlotteryonline.com\/play-online\/"},{"@type":"ListItem","position":3,"name":"Powerball USA"}]},{"@type":"WebSite","@id":"https:\/\/jackpotlotteryonline.com\/#website","url":"https:\/\/jackpotlotteryonline.com\/","name":"Lotto Online - Crack The International Lottery Jackpots","description":"","potentialAction":[{"@type":"SearchAction","target":{"@type":"EntryPoint","urlTemplate":"https:\/\/jackpotlotteryonline.com\/?s={search_term_string}"},"query-input":"required name=search_term_string"}],"inLanguage":"hu"}]}},"_links":{"self":[{"href":"https:\/\/jackpotlotteryonline.com\/hu\/wp-json\/wp\/v2\/pages\/35884","targetHints":{"allow":["GET"]}}],"collection":[{"href":"https:\/\/jackpotlotteryonline.com\/hu\/wp-json\/wp\/v2\/pages"}],"about":[{"href":"https:\/\/jackpotlotteryonline.com\/hu\/wp-json\/wp\/v2\/types\/page"}],"author":[{"embeddable":true,"href":"https:\/\/jackpotlotteryonline.com\/hu\/wp-json\/wp\/v2\/users\/1"}],"replies":[{"embeddable":true,"href":"https:\/\/jackpotlotteryonline.com\/hu\/wp-json\/wp\/v2\/comments?post=35884"}],"version-history":[{"count":0,"href":"https:\/\/jackpotlotteryonline.com\/hu\/wp-json\/wp\/v2\/pages\/35884\/revisions"}],"up":[{"embeddable":true,"href":"https:\/\/jackpotlotteryonline.com\/hu\/wp-json\/wp\/v2\/pages\/35696"}],"wp:attachment":[{"href":"https:\/\/jackpotlotteryonline.com\/hu\/wp-json\/wp\/v2\/media?parent=35884"}],"curies":[{"name":"wp","href":"https:\/\/api.w.org\/{rel}","templated":true}]}}