{"id":35946,"date":"2022-11-02T10:41:10","date_gmt":"2022-11-02T10:41:10","guid":{"rendered":"https:\/\/jackpotlotteryonline.com\/?page_id=35946"},"modified":"2022-12-30T19:12:59","modified_gmt":"2022-12-30T19:12:59","slug":"mega-millions","status":"publish","type":"page","link":"https:\/\/jackpotlotteryonline.com\/hu\/hogyan-kell-jatszani\/mega-millions\/","title":{"rendered":"Mega Millions USA"},"content":{"rendered":"<h2>A Mega Millions online lott\u00f3 jackpot<\/h2>\n<p>A Mega Millions Jackpot lott\u00f3 az USA Michigan \u00e1llam\u00e1ban tal\u00e1lhat\u00f3, \u00e9s az USA 12 sz\u00f6vets\u00e9gi \u00e1llam\u00e1ban j\u00e1tssz\u00e1k. Mivel a sorsol\u00e1sok minden kedden \u00e9s p\u00e9nteken este 8 \u00f3rakor ker\u00fclnek kit\u0171z\u00e9sre, a nyer\u00e9si gyakoris\u00e1g el\u00e9g magas lehet egy szerencs\u00e9s j\u00e1t\u00e9kos sz\u00e1m\u00e1ra. A Mega Millions szelv\u00e9ny viszonylag olcs\u00f3n v\u00e1s\u00e1rolhat\u00f3 meg, \u00e9s a valaha kifizetett legnagyobb jackpot t\u00f6bb mint 1500 milli\u00f3 doll\u00e1r volt.<br \/>\n<img loading=\"lazy\" decoding=\"async\" class=\"alignright size-full wp-image-17546\" src=\"https:\/\/jackpotlotteryonline.com\/wp-content\/uploads\/2022\/10\/logo_Mega_Millions_233x110.png\" alt=\"Mega Millions online j\u00e1t\u00e9k\" width=\"232\" height=\"110\" \/><\/p>\n<p>Nos, ha \u00d6n fontolgatja, hogy a Mega Millionson j\u00e1tszik, m\u00e9ghozz\u00e1 rendszeresen, akkor el tudja k\u00e9pzelni, mennyi id\u0151 \u00e9s energia sz\u00fcks\u00e9ges ahhoz, hogy hetente k\u00e9tszer elszaladjon egy lott\u00f3z\u00f3ba. A legjobb m\u00f3dja a bonyodalmak kik\u00fcsz\u00f6b\u00f6l\u00e9s\u00e9nek \u00e9s az id\u0151megtakar\u00edt\u00e1snak az online j\u00e1t\u00e9k lenne. <a href=\"https:\/\/jackpotlotteryonline.com\/hu\/nyeroszamok\/mega-millions\">A szelv\u00e9ny megv\u00e1s\u00e1rl\u00e1sa<\/a> a kedvenc sz\u00e1maival, \u00e9s a h\u00e1zhoz sz\u00e1ll\u00edt\u00e1s soha nem volt m\u00e9g ilyen egyszer\u0171. Seg\u00edts\u00e9g\u00fcnkkel a Mega Millions lott\u00f3 jackpotot online b\u00e1rki megnyerheti a vil\u00e1gon!<\/p>\n<h2>Hogyan j\u00e1tszhat a Mega Millions online<\/h2>\n<p>A Mega Millions lott\u00f3 20 milli\u00f3 doll\u00e1ros \u00f6sszeggel indul, \u00e9s t\u00f6rt\u00e9nelmet \u00edrt, amikor el\u00e9rte az 1,5 milli\u00e1rd doll\u00e1rt, ami a legmagasabb lott\u00f3 jackpot az USA t\u00f6rt\u00e9net\u00e9ben! A j\u00e1t\u00e9kosok \u00f6t sz\u00e1mot v\u00e1laszthatnak 1 \u00e9s 56 k\u00f6z\u00f6tt (feh\u00e9r goly\u00f3), valamint egy \u00fagynevezett Mega sz\u00e1mot 1 \u00e9s 46 k\u00f6z\u00f6tt (arany goly\u00f3).<br \/>\n<img loading=\"lazy\" decoding=\"async\" class=\"alignright size-full wp-image-19115\" src=\"https:\/\/jackpotlotteryonline.com\/wp-content\/uploads\/2022\/10\/2_ticket_mega_millions3.jpg\" alt=\"mega millions szelv\u00e9ny beolvas\u00e1sa\" width=\"180\" height=\"193\" \/><\/p>\n<p>A jackpot megfejt\u00e9s\u00e9hez mind az \u00f6t sz\u00e1mot \u00e9s a megasz\u00e1mot helyesen kell eltal\u00e1lni. De m\u00e9g ha nem is siker\u00fcl felt\u00f6rnie a jackpotot, akkor is j\u00f3 es\u00e9lye van a nyer\u00e9sre, hiszen 40 szelv\u00e9nyb\u0151l 1 nyer. B\u00e1rki egyet\u00e9rtene azzal, hogy ezek nagyon j\u00f3 es\u00e9lyek a lott\u00f3nyerem\u00e9nyre.<\/p>\n<p>A jackpotot 26 \u00e9ves kifizet\u00e9sekben, m\u00e1s n\u00e9ven j\u00e1rad\u00e9kos opci\u00f3ban fizetik ki, vagy v\u00e1laszthatja a teljes k\u00e9szp\u00e9nzes kifizet\u00e9st, ahol a j\u00e1rad\u00e9k jelen\u00e9rt\u00e9k\u00e9t kapja meg. <a href=\"https:\/\/jackpotlotteryonline.com\/hu\/nyeroszamok\/mega-millions\">A sorsol\u00e1sokat<\/a> \u00e1ltal\u00e1ban Idah\u00f3ban (Georgia) tartj\u00e1k, de amikor a jackpot \u00e1tl\u00e9pi a 200 milli\u00f3 doll\u00e1ros hat\u00e1rt, a sorsol\u00e1st a Times Square-en (New York City) tartj\u00e1k.<\/p>\n<p>Legal\u00e1bb 18 \u00e9vesnek kell lennie ahhoz, hogy r\u00e9szt vehessen ezen a lott\u00f3n, de nem kell az USA \u00e1llampolg\u00e1r\u00e1nak vagy lakos\u00e1nak lennie. Seg\u00edts\u00e9g\u00fcnkkel az USA-n k\u00edv\u00fclr\u0151l is j\u00e1tszhatsz, tulajdonk\u00e9ppen a vil\u00e1g b\u00e1rmely pontj\u00e1r\u00f3l. S\u0151t, abban is seg\u00edt\u00fcnk, hogy a megnyert nyerem\u00e9nyt biztons\u00e1gosan, gond n\u00e9lk\u00fcl eljuttassuk hozz\u00e1d.<\/p>\n<h2>Az extr\u00e1k<\/h2>\n<p>A Mega Millions szinte minden joghat\u00f3s\u00e1g\u00e1ban (43-b\u00f3l 42-ben, kiv\u00e9ve Kaliforni\u00e1ban) a j\u00e1t\u00e9kosoknak lehet\u0151s\u00e9g\u00fck van egy Megaplier nev\u0171 extra aktiv\u00e1l\u00e1s\u00e1ra. A Megaplier megdupl\u00e1zza a j\u00e1t\u00e9kban tett t\u00e9tet, \u00e9s a j\u00e1t\u00e9kosok a nem jackpot nyerem\u00e9nyeket 2,3-mal, illetve 4-gyel szorozhatj\u00e1k meg. Term\u00e9szetesen itt nem kell megeml\u00edteni, hogy az es\u00e9lyek cs\u00f6kkennek.<\/p>\n<p>Teh\u00e1t, mivel ennyi minden forog kock\u00e1n, itt az ideje, hogy fontol\u00f3ra vegye a Mega Millions j\u00e1t\u00e9k\u00e1t, ezzel megval\u00f3s\u00edthatja \u00e1lmait. Regisztr\u00e1ljon weboldalunkon, \u00e9s pr\u00f3b\u00e1lja ki mag\u00e1t a valaha volt legnagyobb amerikai lott\u00f3n.<\/p>\n<section class=\"layout\" style=\"border: solid 1px; width: 100%;\">\n<div class=\"img-div\" style=\"margin-top: 5px;\"><img decoding=\"async\" class=\"wp-image-17212 alignleft\" style=\"height: 45px; margin: 8px 8px 0px;\" src=\"https:\/\/jackpotlotteryonline.com\/wp-content\/uploads\/2022\/11\/read1.jpg\" alt=\"olvasd el\" width=\"\" height=\"\" \/><\/div>\n<div style=\"padding-left: 5px;\">\n<div style=\"font-size: 1.1em;\">\n<p><strong>Az \u00d6n nemzeti lott\u00f3ja nemzetk\u00f6zi \u00f6sszehasonl\u00edt\u00e1sban<\/strong><\/p>\n<p style=\"font-size: 0.85em; margin-top: -1.5em;\">A helyi lott\u00f3 lehet a legrosszabb v\u00e1laszt\u00e1s &#8211; mi\u00e9rt van t\u00f6bb \u00e9rtelme t\u00f6bbet fizetni, de nagyobb jackpotra menni\u00a0 <a href=\"https:\/\/jackpotlotteryonline.com\/hu\/az-onok-nemzeti-lottoja-nemzetkozi-osszehasonlitasban\"> tov\u00e1bb<\/a><\/p>\n<\/div>\n<\/div>\n<\/section>\n","protected":false},"excerpt":{"rendered":"<p>A Mega Millions online lott\u00f3 jackpot A Mega Millions Jackpot lott\u00f3 az USA Michigan \u00e1llam\u00e1ban tal\u00e1lhat\u00f3, \u00e9s az USA 12 sz\u00f6vets\u00e9gi \u00e1llam\u00e1ban j\u00e1tssz\u00e1k. Mivel a sorsol\u00e1sok minden kedden \u00e9s p\u00e9nteken este 8 \u00f3rakor ker\u00fclnek kit\u0171z\u00e9sre, a nyer\u00e9si gyakoris\u00e1g el\u00e9g magas lehet egy szerencs\u00e9s j\u00e1t\u00e9kos sz\u00e1m\u00e1ra. A Mega Millions szelv\u00e9ny viszonylag olcs\u00f3n v\u00e1s\u00e1rolhat\u00f3 meg, \u00e9s a [&hellip;]<\/p>\n","protected":false},"author":1,"featured_media":0,"parent":35696,"menu_order":2,"comment_status":"closed","ping_status":"closed","template":"megamillion.php","meta":{"_et_pb_use_builder":"","_et_pb_old_content":"","_et_gb_content_width":"","exclude_from_search":false,"footnotes":""},"class_list":["post-35946","page","type-page","status-publish","hentry"],"yoast_head":"<!-- This site is optimized with the Yoast SEO plugin v23.3 - https:\/\/yoast.com\/wordpress\/plugins\/seo\/ -->\n<title>Mega Millions online j\u00e1t\u00e9k az USA-n k\u00edv\u00fclr\u0151l<\/title>\n<meta name=\"description\" content=\"Az amerikai Mega Millions lott\u00f3 jackpot az \u00f6sszes lott\u00f3 anyja, \u00e9s most m\u00e1r online is j\u00e1tszhatsz, m\u00e9g akkor is, ha nem az USA-ban \u00e9lsz.\" \/>\n<meta name=\"robots\" content=\"index, follow, max-snippet:-1, max-image-preview:large, max-video-preview:-1\" \/>\n<link rel=\"canonical\" href=\"https:\/\/jackpotlotteryonline.com\/play-online\/mega-millions\/\" \/>\n<meta property=\"og:locale\" content=\"hu_HU\" \/>\n<meta property=\"og:type\" content=\"article\" \/>\n<meta property=\"og:title\" content=\"Mega Millions online j\u00e1t\u00e9k az USA-n k\u00edv\u00fclr\u0151l\" \/>\n<meta property=\"og:description\" content=\"Az amerikai Mega Millions lott\u00f3 jackpot az \u00f6sszes lott\u00f3 anyja, \u00e9s most m\u00e1r online is j\u00e1tszhatsz, m\u00e9g akkor is, ha nem az USA-ban \u00e9lsz.\" \/>\n<meta property=\"og:url\" content=\"https:\/\/jackpotlotteryonline.com\/play-online\/mega-millions\/\" \/>\n<meta property=\"og:site_name\" content=\"Lotto Online - Crack The International Lottery Jackpots\" \/>\n<meta property=\"article:modified_time\" content=\"2022-12-30T19:12:59+00:00\" \/>\n<meta property=\"og:image\" content=\"https:\/\/jackpotlotteryonline.com\/wp-content\/uploads\/2022\/10\/logo_Mega_Millions_233x110.png\" \/>\n<meta name=\"twitter:card\" content=\"summary_large_image\" \/>\n<meta name=\"twitter:label1\" content=\"Becs\u00fclt olvas\u00e1si id\u0151\" \/>\n\t<meta name=\"twitter:data1\" content=\"3 perc\" \/>\n<!-- \/ Yoast SEO plugin. -->","yoast_head_json":{"title":"Mega Millions online j\u00e1t\u00e9k az USA-n k\u00edv\u00fclr\u0151l","description":"Az amerikai Mega Millions lott\u00f3 jackpot az \u00f6sszes lott\u00f3 anyja, \u00e9s most m\u00e1r online is j\u00e1tszhatsz, m\u00e9g akkor is, ha nem az USA-ban \u00e9lsz.","robots":{"index":"index","follow":"follow","max-snippet":"max-snippet:-1","max-image-preview":"max-image-preview:large","max-video-preview":"max-video-preview:-1"},"canonical":"https:\/\/jackpotlotteryonline.com\/play-online\/mega-millions\/","og_locale":"hu_HU","og_type":"article","og_title":"Mega Millions online j\u00e1t\u00e9k az USA-n k\u00edv\u00fclr\u0151l","og_description":"Az amerikai Mega Millions lott\u00f3 jackpot az \u00f6sszes lott\u00f3 anyja, \u00e9s most m\u00e1r online is j\u00e1tszhatsz, m\u00e9g akkor is, ha nem az USA-ban \u00e9lsz.","og_url":"https:\/\/jackpotlotteryonline.com\/play-online\/mega-millions\/","og_site_name":"Lotto Online - Crack The International Lottery Jackpots","article_modified_time":"2022-12-30T19:12:59+00:00","og_image":[{"url":"https:\/\/jackpotlotteryonline.com\/wp-content\/uploads\/2022\/10\/logo_Mega_Millions_233x110.png"}],"twitter_card":"summary_large_image","twitter_misc":{"Becs\u00fclt olvas\u00e1si id\u0151":"3 perc"},"schema":{"@context":"https:\/\/schema.org","@graph":[{"@type":"WebPage","@id":"https:\/\/jackpotlotteryonline.com\/play-online\/mega-millions\/","url":"https:\/\/jackpotlotteryonline.com\/play-online\/mega-millions\/","name":"Mega Millions online j\u00e1t\u00e9k az USA-n k\u00edv\u00fclr\u0151l","isPartOf":{"@id":"https:\/\/jackpotlotteryonline.com\/#website"},"primaryImageOfPage":{"@id":"https:\/\/jackpotlotteryonline.com\/play-online\/mega-millions\/#primaryimage"},"image":{"@id":"https:\/\/jackpotlotteryonline.com\/play-online\/mega-millions\/#primaryimage"},"thumbnailUrl":"https:\/\/jackpotlotteryonline.com\/wp-content\/uploads\/2022\/10\/logo_Mega_Millions_233x110.png","datePublished":"2022-11-02T10:41:10+00:00","dateModified":"2022-12-30T19:12:59+00:00","description":"Az amerikai Mega Millions lott\u00f3 jackpot az \u00f6sszes lott\u00f3 anyja, \u00e9s most m\u00e1r online is j\u00e1tszhatsz, m\u00e9g akkor is, ha nem az USA-ban \u00e9lsz.","breadcrumb":{"@id":"https:\/\/jackpotlotteryonline.com\/play-online\/mega-millions\/#breadcrumb"},"inLanguage":"hu","potentialAction":[{"@type":"ReadAction","target":["https:\/\/jackpotlotteryonline.com\/play-online\/mega-millions\/"]}]},{"@type":"ImageObject","inLanguage":"hu","@id":"https:\/\/jackpotlotteryonline.com\/play-online\/mega-millions\/#primaryimage","url":"https:\/\/jackpotlotteryonline.com\/wp-content\/uploads\/2022\/10\/logo_Mega_Millions_233x110.png","contentUrl":"https:\/\/jackpotlotteryonline.com\/wp-content\/uploads\/2022\/10\/logo_Mega_Millions_233x110.png"},{"@type":"BreadcrumbList","@id":"https:\/\/jackpotlotteryonline.com\/play-online\/mega-millions\/#breadcrumb","itemListElement":[{"@type":"ListItem","position":1,"name":"Home","item":"https:\/\/jackpotlotteryonline.com\/hu\/"},{"@type":"ListItem","position":2,"name":"Hogyan kell j\u00e1tszani","item":"https:\/\/jackpotlotteryonline.com\/play-online\/"},{"@type":"ListItem","position":3,"name":"Mega Millions USA"}]},{"@type":"WebSite","@id":"https:\/\/jackpotlotteryonline.com\/#website","url":"https:\/\/jackpotlotteryonline.com\/","name":"Lotto Online - Crack The International Lottery Jackpots","description":"","potentialAction":[{"@type":"SearchAction","target":{"@type":"EntryPoint","urlTemplate":"https:\/\/jackpotlotteryonline.com\/?s={search_term_string}"},"query-input":"required name=search_term_string"}],"inLanguage":"hu"}]}},"_links":{"self":[{"href":"https:\/\/jackpotlotteryonline.com\/hu\/wp-json\/wp\/v2\/pages\/35946","targetHints":{"allow":["GET"]}}],"collection":[{"href":"https:\/\/jackpotlotteryonline.com\/hu\/wp-json\/wp\/v2\/pages"}],"about":[{"href":"https:\/\/jackpotlotteryonline.com\/hu\/wp-json\/wp\/v2\/types\/page"}],"author":[{"embeddable":true,"href":"https:\/\/jackpotlotteryonline.com\/hu\/wp-json\/wp\/v2\/users\/1"}],"replies":[{"embeddable":true,"href":"https:\/\/jackpotlotteryonline.com\/hu\/wp-json\/wp\/v2\/comments?post=35946"}],"version-history":[{"count":0,"href":"https:\/\/jackpotlotteryonline.com\/hu\/wp-json\/wp\/v2\/pages\/35946\/revisions"}],"up":[{"embeddable":true,"href":"https:\/\/jackpotlotteryonline.com\/hu\/wp-json\/wp\/v2\/pages\/35696"}],"wp:attachment":[{"href":"https:\/\/jackpotlotteryonline.com\/hu\/wp-json\/wp\/v2\/media?parent=35946"}],"curies":[{"name":"wp","href":"https:\/\/api.w.org\/{rel}","templated":true}]}}