{"id":36018,"date":"2022-11-03T08:08:44","date_gmt":"2022-11-03T08:08:44","guid":{"rendered":"https:\/\/jackpotlotteryonline.com\/?page_id=36018"},"modified":"2022-12-30T20:05:21","modified_gmt":"2022-12-30T20:05:21","slug":"euromillions","status":"publish","type":"page","link":"https:\/\/jackpotlotteryonline.com\/hu\/hogyan-kell-jatszani\/euromillions\/","title":{"rendered":"Euro Millions j\u00e1t\u00e9k"},"content":{"rendered":"<h2>Szerezzen szelv\u00e9nyt az Euromillionsra online<\/h2>\n<p><img loading=\"lazy\" decoding=\"async\" class=\"alignright wp-image-18926\" src=\"http:\/\/jackpotlotteryonline.com\/wp-content\/uploads\/2022\/10\/2_ticket_euromillions3-111x300.jpg\" alt=\"euromillions szelv\u00e9ny\" width=\"83\" height=\"224\" srcset=\"https:\/\/jackpotlotteryonline.com\/wp-content\/uploads\/2022\/10\/2_ticket_euromillions3-111x300.jpg 111w, https:\/\/jackpotlotteryonline.com\/wp-content\/uploads\/2022\/10\/2_ticket_euromillions3.jpg 180w\" sizes=\"auto, (max-width: 83px) 100vw, 83px\" \/><\/p>\n<p>Az Euromillions egy olyan lott\u00f3j\u00e1t\u00e9k, amelyet t\u00f6bb eur\u00f3pai orsz\u00e1gban, p\u00e9ld\u00e1ul Franciaorsz\u00e1gban, az Egyes\u00fclt Kir\u00e1lys\u00e1gban, Spanyolorsz\u00e1gban, \u00cdrorsz\u00e1gban, Belgiumban, Luxemburgban \u00e9s Sv\u00e1jcban rendeznek. Az Euromillions online lott\u00f3 jackpotja 15 milli\u00f3 eur\u00f3val indul, a rekord jackpot pedig 190 milli\u00f3 eur\u00f3.<\/p>\n<p>Az Euromillions jackpot lott\u00f3j\u00e1t\u00e9kban val\u00f3 r\u00e9szv\u00e9telhez legal\u00e1bb 18 \u00e9vesnek kell lennie, de a vil\u00e1g b\u00e1rmely orsz\u00e1g\u00e1b\u00f3l j\u00e1tszhat a weboldalon ny\u00fajtott szolg\u00e1ltat\u00e1sunk seg\u00edts\u00e9g\u00e9vel. Amit mi k\u00edn\u00e1lunk, az eg\u00e9szen egyed\u00fcl\u00e1ll\u00f3 abban az \u00e9rtelemben, hogy a vil\u00e1g minden t\u00e1j\u00e1n, bele\u00e9rtve olyan orsz\u00e1gokat is, mint N\u00e9metorsz\u00e1g, Hollandia, Olaszorsz\u00e1g, s\u0151t, m\u00e9g Eur\u00f3p\u00e1n k\u00edv\u00fcl is, s\u0151t, t\u00f6bb orsz\u00e1gnak is lehet\u0151s\u00e9get ad arra, hogy online j\u00e1tsszon \u00e9s megnyerje a jackpotot. A szerencsev\u00e1laszt\u00e1si lehet\u0151s\u00e9g biztos\u00edt\u00e1s\u00e1val k\u00f6nnyebb a v\u00e9letlenszer\u0171 sz\u00e1mok kiv\u00e1laszt\u00e1sa, ahelyett, hogy a saj\u00e1t sz\u00fcrke sejtjeire nehezedne nyom\u00e1s.<\/p>\n<h2>Hogyan v\u00e1s\u00e1rolhat szelv\u00e9nyt az Euromillions jackpotra Eur\u00f3p\u00e1n k\u00edv\u00fclr\u0151l<\/h2>\n<p><a href=\"https:\/\/jackpotlotteryonline.com\/hu\/jegyet-vasarolni\/euromillions\">Az Euromillions online lott\u00f3 jackpot<\/a> szelv\u00e9nyeinek megv\u00e1s\u00e1rl\u00e1sa \u00e1ltalunk kev\u00e9sb\u00e9 f\u00e1raszt\u00f3v\u00e1 tehet\u0151. Miut\u00e1n regisztr\u00e1lt az oldalunkon, \u00e9s ellen\u0151rzik, m\u00e1r csak ki kell v\u00e1lasztania a lott\u00f3j\u00e1t, \u00e9s meg kell tennie a sz\u00fcks\u00e9ges fizet\u00e9st. Amint ez megt\u00f6rt\u00e9nt, a sorsjegyet megv\u00e1s\u00e1roljuk az \u00d6n nev\u00e9ben, \u00e9s a szkennel\u00e9st felt\u00f6ltj\u00fck az \u00d6n sz\u00e1ml\u00e1j\u00e1ra, miut\u00e1n \u00d6n a kiv\u00e1lasztott fizet\u00e9si eszk\u00f6zzel fizetett.<\/p>\n<p>S\u0151t, ha egy ideig szeretne tov\u00e1bbra is j\u00e1tszani az Euromillions online jackpoton, akkor kiv\u00e1laszthatja a sz\u00e1mokat vagy v\u00e9letlenszer\u0171en megadhatja \u0151ket, \u00e9s t\u00f6bb sorsol\u00e1son is r\u00e9szt vehet, de csak n\u00e9h\u00e1ny hetente egyszer kell fizetnie.<\/p>\n<h2>Hogyan m\u0171k\u00f6dik az Euromillions lott\u00f3 online jackpotja<\/h2>\n<p><img loading=\"lazy\" decoding=\"async\" class=\"alignright wp-image-17411\" src=\"http:\/\/jackpotlotteryonline.com\/wp-content\/uploads\/2022\/10\/euromillions.png\" alt=\"euromillions online j\u00e1t\u00e9k\" width=\"143\" height=\"152\" \/><\/p>\n<p>A jackpot megnyer\u00e9s\u00e9hez \u00f6t sz\u00e1mot kell kiv\u00e1lasztania 1 \u00e9s 50 k\u00f6z\u00f6tt, valamint tov\u00e1bbi 2 Lucky Star sz\u00e1mot (1 \u00e9s 9 k\u00f6z\u00f6tt). <a href=\"http:\/\/jackpotlotteryonline.com\/hu\/nyeroszamok\/euromillions\">Az Euromillions jackpot sorsol\u00e1s\u00e1ra<\/a> minden p\u00e9ntek este ker\u00fcl sor, \u00e9s a jackpoton k\u00edv\u00fcl 11 nyerem\u00e9nyszint l\u00e9tezik. Annak az es\u00e9lye, hogy legal\u00e1bb valamelyik nyerem\u00e9nyt megnyerj\u00fck, egy a 24-hez.<\/p>\n<h2>Az eredm\u00e9nyek ellen\u0151rz\u00e9se<\/h2>\n<p>A sorsol\u00e1s ut\u00e1n b\u00e1rmikor ellen\u0151rizheti az eredm\u00e9nyeket online. S\u0151t, iPad, iPhone vagy b\u00e1rmilyen m\u00e1s hasonl\u00f3 eszk\u00f6z seg\u00edts\u00e9g\u00e9vel is nyomon k\u00f6vetheti a fejlem\u00e9nyeket. Ha szerencs\u00e9s vagy, \u00e9s megnyerted a nyerem\u00e9nyt vagy az Euromillions lott\u00f3 online jackpotj\u00e1t, mi is seg\u00edt\u00fcnk neked a nyerem\u00e9ny ig\u00e9nyl\u00e9s\u00e9ben, \u00e9s gondoskodunk arr\u00f3l, hogy az eljusson hozz\u00e1d.<\/p>\n<section class=\"layout\" style=\"border: solid 1px; width: 100%;\">\n<div class=\"img-div\" style=\"margin-top: 5px;\"><img decoding=\"async\" class=\"wp-image-17212 alignleft\" style=\"height: 45px; margin: 8px 8px 0px;\" src=\"http:\/\/jackpotlotteryonline.com\/wp-content\/uploads\/2022\/11\/read1.jpg\" alt=\"olvasd el\" width=\"\" height=\"\" \/><\/div>\n<div style=\"padding-left: 5px;\">\n<div style=\"font-size: 1.1em;\">\n<p><strong>Azok a lott\u00f3j\u00e1t\u00e9kok, amelyeken a legjobb es\u00e9lye van arra, hogy nagyot nyerjen<\/strong><\/p>\n<p style=\"font-size: 0.85em; margin-top: -1.5em;\">Melyik lott\u00f3nak van a legjobb nyer\u00e9si es\u00e9lye?\u00a0 <a href=\"https:\/\/jackpotlotteryonline.com\/hu\/melyik-lotton-van-a-legjobb-nyeresi-eselye\">tov\u00e1bb<\/a><\/p>\n<\/div>\n<\/div>\n<\/section>\n<h2>Az Euromillions lott\u00f3 online jackpotja<\/h2>\n<p>Az Euromillions jackpotot eredetileg 2004. febru\u00e1r 7-\u00e9n ind\u00edtott\u00e1k el, \u00e9s az els\u0151 sorsol\u00e1st 2004. febru\u00e1r 13-\u00e1n tartott\u00e1k P\u00e1rizsban. A legjelent\u0151sebb jackpotnyerem\u00e9nyt az egyik legut\u00f3bbi sorsol\u00e1son (2011. j\u00falius 12.) \u00e9rte el, \u00e9s a 185.000.000 eur\u00f3s \u00f6sszeget a glasgow-i (Egyes\u00fclt Kir\u00e1lys\u00e1g) Colin \u00e9s Chris Weir zsebelte be.<\/p>\n<p>Az Euromillions lott\u00f3 online jackpotja nem volt mentes a botr\u00e1nyokt\u00f3l &#8211; f\u0151leg a 2009-es belgiumi botr\u00e1nyokt\u00f3l. Ezek azonban minden tart\u00f3s indokl\u00e1s n\u00e9lk\u00fcl maradtak, \u00e9s az\u00f3ta m\u00e1r elfojtott\u00e1k \u0151ket. Itt az ideje teh\u00e1t, hogy szerencs\u00e9t pr\u00f3b\u00e1ljon a valaha volt egyik legnagyobb p\u00e9nzk\u00edn\u00e1latban.<\/p>\n","protected":false},"excerpt":{"rendered":"<p>Szerezzen szelv\u00e9nyt az Euromillionsra online Az Euromillions egy olyan lott\u00f3j\u00e1t\u00e9k, amelyet t\u00f6bb eur\u00f3pai orsz\u00e1gban, p\u00e9ld\u00e1ul Franciaorsz\u00e1gban, az Egyes\u00fclt Kir\u00e1lys\u00e1gban, Spanyolorsz\u00e1gban, \u00cdrorsz\u00e1gban, Belgiumban, Luxemburgban \u00e9s Sv\u00e1jcban rendeznek. Az Euromillions online lott\u00f3 jackpotja 15 milli\u00f3 eur\u00f3val indul, a rekord jackpot pedig 190 milli\u00f3 eur\u00f3. Az Euromillions jackpot lott\u00f3j\u00e1t\u00e9kban val\u00f3 r\u00e9szv\u00e9telhez legal\u00e1bb 18 \u00e9vesnek kell lennie, de a [&hellip;]<\/p>\n","protected":false},"author":1,"featured_media":0,"parent":35696,"menu_order":3,"comment_status":"closed","ping_status":"closed","template":"euromillions.php","meta":{"_et_pb_use_builder":"","_et_pb_old_content":"","_et_gb_content_width":"","exclude_from_search":false,"footnotes":""},"class_list":["post-36018","page","type-page","status-publish","hentry"],"yoast_head":"<!-- This site is optimized with the Yoast SEO plugin v23.3 - https:\/\/yoast.com\/wordpress\/plugins\/seo\/ -->\n<title>Euromillions online j\u00e1t\u00e9k b\u00e1rhonnan, ak\u00e1r Eur\u00f3p\u00e1n k\u00edv\u00fclr\u0151l is<\/title>\n<meta name=\"description\" content=\"Az Euromillions lott\u00f3 az egyik legkeresettebb lott\u00f3j\u00e1t\u00e9k. Most online szelv\u00e9nnyel j\u00e1tszhat, m\u00e9g akkor is, ha Eur\u00f3p\u00e1n k\u00edv\u00fcl tart\u00f3zkodik.\" \/>\n<meta name=\"robots\" content=\"index, follow, max-snippet:-1, max-image-preview:large, max-video-preview:-1\" \/>\n<link rel=\"canonical\" href=\"https:\/\/jackpotlotteryonline.com\/play-online\/euromillions\/\" \/>\n<meta property=\"og:locale\" content=\"hu_HU\" \/>\n<meta property=\"og:type\" content=\"article\" \/>\n<meta property=\"og:title\" content=\"Euromillions online j\u00e1t\u00e9k b\u00e1rhonnan, ak\u00e1r Eur\u00f3p\u00e1n k\u00edv\u00fclr\u0151l is\" \/>\n<meta property=\"og:description\" content=\"Az Euromillions lott\u00f3 az egyik legkeresettebb lott\u00f3j\u00e1t\u00e9k. Most online szelv\u00e9nnyel j\u00e1tszhat, m\u00e9g akkor is, ha Eur\u00f3p\u00e1n k\u00edv\u00fcl tart\u00f3zkodik.\" \/>\n<meta property=\"og:url\" content=\"https:\/\/jackpotlotteryonline.com\/play-online\/euromillions\/\" \/>\n<meta property=\"og:site_name\" content=\"Lotto Online - Crack The International Lottery Jackpots\" \/>\n<meta property=\"article:modified_time\" content=\"2022-12-30T20:05:21+00:00\" \/>\n<meta property=\"og:image\" content=\"http:\/\/jackpotlotteryonline.com\/wp-content\/uploads\/2022\/10\/2_ticket_euromillions3-111x300.jpg\" \/>\n<meta name=\"twitter:card\" content=\"summary_large_image\" \/>\n<meta name=\"twitter:label1\" content=\"Becs\u00fclt olvas\u00e1si id\u0151\" \/>\n\t<meta name=\"twitter:data1\" content=\"3 perc\" \/>\n<!-- \/ Yoast SEO plugin. -->","yoast_head_json":{"title":"Euromillions online j\u00e1t\u00e9k b\u00e1rhonnan, ak\u00e1r Eur\u00f3p\u00e1n k\u00edv\u00fclr\u0151l is","description":"Az Euromillions lott\u00f3 az egyik legkeresettebb lott\u00f3j\u00e1t\u00e9k. Most online szelv\u00e9nnyel j\u00e1tszhat, m\u00e9g akkor is, ha Eur\u00f3p\u00e1n k\u00edv\u00fcl tart\u00f3zkodik.","robots":{"index":"index","follow":"follow","max-snippet":"max-snippet:-1","max-image-preview":"max-image-preview:large","max-video-preview":"max-video-preview:-1"},"canonical":"https:\/\/jackpotlotteryonline.com\/play-online\/euromillions\/","og_locale":"hu_HU","og_type":"article","og_title":"Euromillions online j\u00e1t\u00e9k b\u00e1rhonnan, ak\u00e1r Eur\u00f3p\u00e1n k\u00edv\u00fclr\u0151l is","og_description":"Az Euromillions lott\u00f3 az egyik legkeresettebb lott\u00f3j\u00e1t\u00e9k. Most online szelv\u00e9nnyel j\u00e1tszhat, m\u00e9g akkor is, ha Eur\u00f3p\u00e1n k\u00edv\u00fcl tart\u00f3zkodik.","og_url":"https:\/\/jackpotlotteryonline.com\/play-online\/euromillions\/","og_site_name":"Lotto Online - Crack The International Lottery Jackpots","article_modified_time":"2022-12-30T20:05:21+00:00","og_image":[{"url":"http:\/\/jackpotlotteryonline.com\/wp-content\/uploads\/2022\/10\/2_ticket_euromillions3-111x300.jpg"}],"twitter_card":"summary_large_image","twitter_misc":{"Becs\u00fclt olvas\u00e1si id\u0151":"3 perc"},"schema":{"@context":"https:\/\/schema.org","@graph":[{"@type":"WebPage","@id":"https:\/\/jackpotlotteryonline.com\/play-online\/euromillions\/","url":"https:\/\/jackpotlotteryonline.com\/play-online\/euromillions\/","name":"Euromillions online j\u00e1t\u00e9k b\u00e1rhonnan, ak\u00e1r Eur\u00f3p\u00e1n k\u00edv\u00fclr\u0151l is","isPartOf":{"@id":"https:\/\/jackpotlotteryonline.com\/#website"},"primaryImageOfPage":{"@id":"https:\/\/jackpotlotteryonline.com\/play-online\/euromillions\/#primaryimage"},"image":{"@id":"https:\/\/jackpotlotteryonline.com\/play-online\/euromillions\/#primaryimage"},"thumbnailUrl":"http:\/\/jackpotlotteryonline.com\/wp-content\/uploads\/2022\/10\/2_ticket_euromillions3-111x300.jpg","datePublished":"2022-11-03T08:08:44+00:00","dateModified":"2022-12-30T20:05:21+00:00","description":"Az Euromillions lott\u00f3 az egyik legkeresettebb lott\u00f3j\u00e1t\u00e9k. Most online szelv\u00e9nnyel j\u00e1tszhat, m\u00e9g akkor is, ha Eur\u00f3p\u00e1n k\u00edv\u00fcl tart\u00f3zkodik.","breadcrumb":{"@id":"https:\/\/jackpotlotteryonline.com\/play-online\/euromillions\/#breadcrumb"},"inLanguage":"hu","potentialAction":[{"@type":"ReadAction","target":["https:\/\/jackpotlotteryonline.com\/play-online\/euromillions\/"]}]},{"@type":"ImageObject","inLanguage":"hu","@id":"https:\/\/jackpotlotteryonline.com\/play-online\/euromillions\/#primaryimage","url":"http:\/\/jackpotlotteryonline.com\/wp-content\/uploads\/2022\/10\/2_ticket_euromillions3-111x300.jpg","contentUrl":"http:\/\/jackpotlotteryonline.com\/wp-content\/uploads\/2022\/10\/2_ticket_euromillions3-111x300.jpg"},{"@type":"BreadcrumbList","@id":"https:\/\/jackpotlotteryonline.com\/play-online\/euromillions\/#breadcrumb","itemListElement":[{"@type":"ListItem","position":1,"name":"Home","item":"https:\/\/jackpotlotteryonline.com\/hu\/"},{"@type":"ListItem","position":2,"name":"Hogyan kell j\u00e1tszani","item":"https:\/\/jackpotlotteryonline.com\/play-online\/"},{"@type":"ListItem","position":3,"name":"Euro Millions j\u00e1t\u00e9k"}]},{"@type":"WebSite","@id":"https:\/\/jackpotlotteryonline.com\/#website","url":"https:\/\/jackpotlotteryonline.com\/","name":"Lotto Online - Crack The International Lottery Jackpots","description":"","potentialAction":[{"@type":"SearchAction","target":{"@type":"EntryPoint","urlTemplate":"https:\/\/jackpotlotteryonline.com\/?s={search_term_string}"},"query-input":"required name=search_term_string"}],"inLanguage":"hu"}]}},"_links":{"self":[{"href":"https:\/\/jackpotlotteryonline.com\/hu\/wp-json\/wp\/v2\/pages\/36018","targetHints":{"allow":["GET"]}}],"collection":[{"href":"https:\/\/jackpotlotteryonline.com\/hu\/wp-json\/wp\/v2\/pages"}],"about":[{"href":"https:\/\/jackpotlotteryonline.com\/hu\/wp-json\/wp\/v2\/types\/page"}],"author":[{"embeddable":true,"href":"https:\/\/jackpotlotteryonline.com\/hu\/wp-json\/wp\/v2\/users\/1"}],"replies":[{"embeddable":true,"href":"https:\/\/jackpotlotteryonline.com\/hu\/wp-json\/wp\/v2\/comments?post=36018"}],"version-history":[{"count":0,"href":"https:\/\/jackpotlotteryonline.com\/hu\/wp-json\/wp\/v2\/pages\/36018\/revisions"}],"up":[{"embeddable":true,"href":"https:\/\/jackpotlotteryonline.com\/hu\/wp-json\/wp\/v2\/pages\/35696"}],"wp:attachment":[{"href":"https:\/\/jackpotlotteryonline.com\/hu\/wp-json\/wp\/v2\/media?parent=36018"}],"curies":[{"name":"wp","href":"https:\/\/api.w.org\/{rel}","templated":true}]}}