{"id":36070,"date":"2022-11-03T09:41:31","date_gmt":"2022-11-03T09:41:31","guid":{"rendered":"https:\/\/jackpotlotteryonline.com\/?page_id=36070"},"modified":"2022-12-30T20:52:06","modified_gmt":"2022-12-30T20:52:06","slug":"eurojackpot","status":"publish","type":"page","link":"https:\/\/jackpotlotteryonline.com\/hu\/hogyan-kell-jatszani\/eurojackpot\/","title":{"rendered":"EuroJackpot"},"content":{"rendered":"<h2>Hogyan vehet r\u00e9szt az Eurojackpotban b\u00e1rmely orsz\u00e1gb\u00f3l<\/h2>\n<p><strong>Az Eurojackpot<\/strong> az Euromillions-szal egy\u00fctt az egyik legnagyobb \u00e9s legn\u00e9pszer\u0171bb lott\u00f3 eg\u00e9sz Eur\u00f3p\u00e1ban, \u00e9s hetente t\u00f6bb milli\u00f3an j\u00e1tszanak rajta vil\u00e1gszerte. Az Eurojackpotot el\u0151sz\u00f6r 1994-ben hozt\u00e1k l\u00e9tre, azonban a szab\u00e1lyok \u00e9s a form\u00e1tum t\u00f6bbsz\u00f6ri m\u00f3dos\u00edt\u00e1sa miatt n\u00e9h\u00e1ny \u00e9vig k\u00e9sett, m\u00edg v\u00e9g\u00fcl 2004-ben v\u00e9gre elind\u00edtott\u00e1k \u00e9s j\u00e1tszhat\u00f3v\u00e1 tett\u00e9k Eur\u00f3p\u00e1ban.<br \/>\n<img loading=\"lazy\" decoding=\"async\" class=\"alignright wp-image-18574\" src=\"https:\/\/jackpotlotteryonline.com\/wp-content\/uploads\/2022\/10\/1_online_ticket_eurojackpot2.jpg\" alt=\"eurojackpot online j\u00e1t\u00e9k\" width=\"260\" height=\"173\" \/><\/p>\n<p>A 2004-es els\u0151 sorsol\u00e1s \u00f3ta emberek milli\u00f3i j\u00e1tszanak ebben a csod\u00e1latos szerencsej\u00e1t\u00e9kban, \u00e9s sz\u00e1mos jackpotnyertes is akadt, akik k\u00f6z\u00fcl n\u00e9h\u00e1nyan olyan szerencs\u00e9sek voltak, hogy t\u00f6bb mint 180 milli\u00f3 eur\u00f3s jackpotnyerem\u00e9nyt zsebeltek be!<\/p>\n<p>A 15 milli\u00f3 eur\u00f3s, \u00e9letet megv\u00e1ltoztat\u00f3 jackpot f\u0151nyerem\u00e9ny\u00e9vel nem csoda, hogy az EuroJackpotot online is milli\u00f3k j\u00e1tssz\u00e1k minden h\u00e9ten. A szab\u00e1lyok nagyon egyszer\u0171ek &#8211; a j\u00e1t\u00e9khoz \u00e9s a jackpot megnyer\u00e9s\u00e9hez 5 sz\u00e1mot kell helyesen kiv\u00e1lasztania az 1 \u00e9s 50 k\u00f6z\u00f6tti tartom\u00e1nyb\u00f3l, emellett m\u00e9g 2 tov\u00e1bbi, &#8220;szerencsecsillagnak&#8221; nevezett sz\u00e1mot kell helyesen eltal\u00e1lnia 1 \u00e9s 11 k\u00f6z\u00f6tt.<\/p>\n<p><a href=\"https:\/\/jackpotlotteryonline.com\/hu\/jegyet-vasarolni\/eurojackpot\">Szerezze be online szelv\u00e9ny\u00e9t most<\/a> szolg\u00e1ltat\u00e1sunkon kereszt\u00fcl &#8211; b\u00e1rki r\u00e9szt vehet \u00e9s nyerhet!<\/p>\n<section class=\"layout\" style=\"border: solid 1px; width: 100%;\">\n<div class=\"img-div\" style=\"margin-top: 5px;\"><img decoding=\"async\" class=\"wp-image-17212 alignleft\" style=\"height: 45px; margin: 8px 8px 0px;\" src=\"https:\/\/jackpotlotteryonline.com\/wp-content\/uploads\/2022\/11\/read1.jpg\" alt=\"olvasd el\" width=\"\" height=\"\" \/><\/div>\n<div style=\"padding-left: 5px;\">\n<div style=\"font-size: 1.1em;\">\n<p><strong>Melyik nemzetk\u00f6zi lott\u00f3 a legjobb?<\/strong><\/p>\n<p style=\"font-size: 0.85em; margin-top: -1.5em;\">Melyik nemzetk\u00f6zi lott\u00f3nak van a legjobb nyer\u00e9si es\u00e9lye <a href=\"https:\/\/jackpotlotteryonline.com\/hu\/melyik-nemzetkozi-lotto-a-legjobb\">tov\u00e1bb<\/a><\/p>\n<\/div>\n<\/div>\n<\/section>\n<h2>EuroJackpot szelv\u00e9ny v\u00e1s\u00e1rl\u00e1sa online<\/h2>\n<p><strong>Az EuroJackpot online j\u00e1t\u00e9kban az a nagyszer\u0171<\/strong>, hogy sz\u00e1mos nyerem\u00e9nyt lehet nyerni, \u00edgy ha nem \u00d6n a jackpot nyertese, akkor sem kell agg\u00f3dnia, hiszen m\u00e9g \u00edgy is lehet es\u00e9lye a nagy \u00f6sszeg\u0171 p\u00e9nznyerem\u00e9nyekre. Az EuroJackpot online szelv\u00e9ny v\u00e1s\u00e1rl\u00e1sakor megnyerhet\u0151 nagy jackpot nyerem\u00e9nyen k\u00edv\u00fcl 13 k\u00fcl\u00f6nb\u00f6z\u0151 nyerem\u00e9nyt is megnyerhet.<br \/>\n<img loading=\"lazy\" decoding=\"async\" class=\"alignright size-medium wp-image-18736\" src=\"https:\/\/jackpotlotteryonline.com\/wp-content\/uploads\/2022\/10\/2_ticket_eurojackpot-141x300.jpg\" alt=\"eurojackpot szelv\u00e9ny\" width=\"141\" height=\"300\" srcset=\"https:\/\/jackpotlotteryonline.com\/wp-content\/uploads\/2022\/10\/2_ticket_eurojackpot-141x300.jpg 141w, https:\/\/jackpotlotteryonline.com\/wp-content\/uploads\/2022\/10\/2_ticket_eurojackpot.jpg 150w\" sizes=\"auto, (max-width: 141px) 100vw, 141px\" \/><\/p>\n<p>Ha nincs nyertese a nagy jackpotnyerem\u00e9nynek, az Eurojackpot egy m\u00e1sik h\u00e9tre \u00e1th\u00faz\u00f3dik. Ez\u00e9rt volt m\u00e1r a m\u00faltban 100 milli\u00f3 eur\u00f3s vagy ann\u00e1l is nagyobb, hatalmas jackpot. A lott\u00f3t \u00e1ltal\u00e1ban az eur\u00f3pai orsz\u00e1gok lakosai j\u00e1tssz\u00e1k, \u00edgy az olyan helyeken, mint az Egyes\u00fclt Kir\u00e1lys\u00e1g, Franciaorsz\u00e1g, N\u00e9metorsz\u00e1g \u00e9s Sv\u00e1jc r\u00e9sztvev\u0151i minden h\u00e9ten online v\u00e1s\u00e1rolnak szelv\u00e9nyeket az Eurojackpotra.<\/p>\n<p>Az online lott\u00f3szelv\u00e9nyv\u00e1s\u00e1rl\u00e1s gyorsan az Eurojackpot lott\u00f3 legn\u00e9pszer\u0171bb j\u00e1t\u00e9km\u00f3dj\u00e1v\u00e1 v\u00e1lt. A szab\u00e1lyok ugyanazok, azonban a j\u00e1t\u00e9k eg\u00e9sz folyamata sokkal gyorsabb \u00e9s egyszer\u0171bb a szelv\u00e9nyv\u00e1s\u00e1rl\u00e1s szempontj\u00e1b\u00f3l. P\u00e9ld\u00e1ul ahelyett, hogy elmenne a helyi \u00fczletbe, hogy fizikai szelv\u00e9nyt v\u00e1s\u00e1roljon, egyszer\u0171en bejelentkezhet a j\u00e1t\u00e9k weboldal\u00e1ra, \u00e9s otthonr\u00f3l, vagy ak\u00e1r az irod\u00e1b\u00f3l m\u00e1sodpercek alatt kiv\u00e1laszthatja a saj\u00e1t sz\u00e1mait.<\/p>\n<p>Miut\u00e1n kiv\u00e1lasztotta szerencsesz\u00e1mait, vagy ak\u00e1r t\u00f6bb sz\u00e1msort is, ha igaz\u00e1n n\u00f6velni szeretn\u00e9 nyer\u00e9si es\u00e9lyeit, biztons\u00e1gosan \u00e9s biztons\u00e1gosan fizethet a szelv\u00e9ny\u00e9\u00e9rt online is. Minden <a href=\"https:\/\/jackpotlotteryonline.com\/hu\/nyeroszamok\/euromillionshttps:\/\/jackpotlotteryonline.com\/hu\/nyeroszamok\/euromillions\">Eurojackpot lott\u00f3h\u00faz\u00e1s ut\u00e1n<\/a> az eredm\u00e9nyek minden h\u00e9ten az utols\u00f3 sz\u00e1m felfed\u00e9se ut\u00e1n egy percen bel\u00fcl online friss\u00fclnek. Ez azt jelenti, hogy egyszer\u0171en \u00fajra bejelentkezhet a fi\u00f3kj\u00e1ba, \u00e9s pillanatok alatt megtekintheti a nyertes sz\u00e1mokat, \u00edgy nem kell az \u00fajs\u00e1gokban vad\u00e1szni az eredm\u00e9nyek\u00e9rt.<\/p>\n<p>R\u00e1ad\u00e1sul, amikor online j\u00e1tszik vel\u00fcnk az EuroJackpoton, automatikusan e-mailt is kap, ha b\u00e1rmelyik sz\u00e1mot eltal\u00e1lta.<\/p>\n","protected":false},"excerpt":{"rendered":"<p>Hogyan vehet r\u00e9szt az Eurojackpotban b\u00e1rmely orsz\u00e1gb\u00f3l Az Eurojackpot az Euromillions-szal egy\u00fctt az egyik legnagyobb \u00e9s legn\u00e9pszer\u0171bb lott\u00f3 eg\u00e9sz Eur\u00f3p\u00e1ban, \u00e9s hetente t\u00f6bb milli\u00f3an j\u00e1tszanak rajta vil\u00e1gszerte. Az Eurojackpotot el\u0151sz\u00f6r 1994-ben hozt\u00e1k l\u00e9tre, azonban a szab\u00e1lyok \u00e9s a form\u00e1tum t\u00f6bbsz\u00f6ri m\u00f3dos\u00edt\u00e1sa miatt n\u00e9h\u00e1ny \u00e9vig k\u00e9sett, m\u00edg v\u00e9g\u00fcl 2004-ben v\u00e9gre elind\u00edtott\u00e1k \u00e9s j\u00e1tszhat\u00f3v\u00e1 tett\u00e9k Eur\u00f3p\u00e1ban. A [&hellip;]<\/p>\n","protected":false},"author":1,"featured_media":0,"parent":35696,"menu_order":4,"comment_status":"closed","ping_status":"closed","template":"eurojackpot.php","meta":{"_et_pb_use_builder":"","_et_pb_old_content":"","_et_gb_content_width":"","exclude_from_search":false,"footnotes":""},"class_list":["post-36070","page","type-page","status-publish","hentry"],"yoast_head":"<!-- This site is optimized with the Yoast SEO plugin v23.3 - https:\/\/yoast.com\/wordpress\/plugins\/seo\/ -->\n<title>J\u00e1tsszon Eurojackpot online, ak\u00e1r Eur\u00f3p\u00e1n k\u00edv\u00fclr\u0151l is<\/title>\n<meta name=\"description\" content=\"Az Eurojackpot online j\u00e1t\u00e9k k\u00f6zelebb visz a milliomoshoz!\" \/>\n<meta name=\"robots\" content=\"index, follow, max-snippet:-1, max-image-preview:large, max-video-preview:-1\" \/>\n<link rel=\"canonical\" href=\"https:\/\/jackpotlotteryonline.com\/hu\/hogyan-kell-jatszani\/eurojackpot\/\" \/>\n<meta property=\"og:locale\" content=\"hu_HU\" \/>\n<meta property=\"og:type\" content=\"article\" \/>\n<meta property=\"og:title\" content=\"J\u00e1tsszon Eurojackpot online, ak\u00e1r Eur\u00f3p\u00e1n k\u00edv\u00fclr\u0151l is\" \/>\n<meta property=\"og:description\" content=\"Az Eurojackpot online j\u00e1t\u00e9k k\u00f6zelebb visz a milliomoshoz!\" \/>\n<meta property=\"og:url\" content=\"https:\/\/jackpotlotteryonline.com\/hu\/hogyan-kell-jatszani\/eurojackpot\/\" \/>\n<meta property=\"og:site_name\" content=\"Lotto Online - Crack The International Lottery Jackpots\" \/>\n<meta property=\"article:modified_time\" content=\"2022-12-30T20:52:06+00:00\" \/>\n<meta property=\"og:image\" content=\"https:\/\/jackpotlotteryonline.com\/wp-content\/uploads\/2022\/10\/1_online_ticket_eurojackpot2.jpg\" \/>\n<meta name=\"twitter:card\" content=\"summary_large_image\" \/>\n<meta name=\"twitter:label1\" content=\"Becs\u00fclt olvas\u00e1si id\u0151\" \/>\n\t<meta name=\"twitter:data1\" content=\"3 perc\" \/>\n<!-- \/ Yoast SEO plugin. -->","yoast_head_json":{"title":"J\u00e1tsszon Eurojackpot online, ak\u00e1r Eur\u00f3p\u00e1n k\u00edv\u00fclr\u0151l is","description":"Az Eurojackpot online j\u00e1t\u00e9k k\u00f6zelebb visz a milliomoshoz!","robots":{"index":"index","follow":"follow","max-snippet":"max-snippet:-1","max-image-preview":"max-image-preview:large","max-video-preview":"max-video-preview:-1"},"canonical":"https:\/\/jackpotlotteryonline.com\/hu\/hogyan-kell-jatszani\/eurojackpot\/","og_locale":"hu_HU","og_type":"article","og_title":"J\u00e1tsszon Eurojackpot online, ak\u00e1r Eur\u00f3p\u00e1n k\u00edv\u00fclr\u0151l is","og_description":"Az Eurojackpot online j\u00e1t\u00e9k k\u00f6zelebb visz a milliomoshoz!","og_url":"https:\/\/jackpotlotteryonline.com\/hu\/hogyan-kell-jatszani\/eurojackpot\/","og_site_name":"Lotto Online - Crack The International Lottery Jackpots","article_modified_time":"2022-12-30T20:52:06+00:00","og_image":[{"url":"https:\/\/jackpotlotteryonline.com\/wp-content\/uploads\/2022\/10\/1_online_ticket_eurojackpot2.jpg"}],"twitter_card":"summary_large_image","twitter_misc":{"Becs\u00fclt olvas\u00e1si id\u0151":"3 perc"},"schema":{"@context":"https:\/\/schema.org","@graph":[{"@type":"WebPage","@id":"https:\/\/jackpotlotteryonline.com\/hu\/hogyan-kell-jatszani\/eurojackpot\/","url":"https:\/\/jackpotlotteryonline.com\/hu\/hogyan-kell-jatszani\/eurojackpot\/","name":"J\u00e1tsszon Eurojackpot online, ak\u00e1r Eur\u00f3p\u00e1n k\u00edv\u00fclr\u0151l is","isPartOf":{"@id":"https:\/\/jackpotlotteryonline.com\/#website"},"primaryImageOfPage":{"@id":"https:\/\/jackpotlotteryonline.com\/hu\/hogyan-kell-jatszani\/eurojackpot\/#primaryimage"},"image":{"@id":"https:\/\/jackpotlotteryonline.com\/hu\/hogyan-kell-jatszani\/eurojackpot\/#primaryimage"},"thumbnailUrl":"https:\/\/jackpotlotteryonline.com\/wp-content\/uploads\/2022\/10\/1_online_ticket_eurojackpot2.jpg","datePublished":"2022-11-03T09:41:31+00:00","dateModified":"2022-12-30T20:52:06+00:00","description":"Az Eurojackpot online j\u00e1t\u00e9k k\u00f6zelebb visz a milliomoshoz!","breadcrumb":{"@id":"https:\/\/jackpotlotteryonline.com\/hu\/hogyan-kell-jatszani\/eurojackpot\/#breadcrumb"},"inLanguage":"hu","potentialAction":[{"@type":"ReadAction","target":["https:\/\/jackpotlotteryonline.com\/hu\/hogyan-kell-jatszani\/eurojackpot\/"]}]},{"@type":"ImageObject","inLanguage":"hu","@id":"https:\/\/jackpotlotteryonline.com\/hu\/hogyan-kell-jatszani\/eurojackpot\/#primaryimage","url":"https:\/\/jackpotlotteryonline.com\/wp-content\/uploads\/2022\/10\/1_online_ticket_eurojackpot2.jpg","contentUrl":"https:\/\/jackpotlotteryonline.com\/wp-content\/uploads\/2022\/10\/1_online_ticket_eurojackpot2.jpg"},{"@type":"BreadcrumbList","@id":"https:\/\/jackpotlotteryonline.com\/hu\/hogyan-kell-jatszani\/eurojackpot\/#breadcrumb","itemListElement":[{"@type":"ListItem","position":1,"name":"Home","item":"https:\/\/jackpotlotteryonline.com\/hu\/"},{"@type":"ListItem","position":2,"name":"Hogyan kell j\u00e1tszani","item":"https:\/\/jackpotlotteryonline.com\/play-online\/"},{"@type":"ListItem","position":3,"name":"EuroJackpot"}]},{"@type":"WebSite","@id":"https:\/\/jackpotlotteryonline.com\/#website","url":"https:\/\/jackpotlotteryonline.com\/","name":"Lotto Online - Crack The International Lottery Jackpots","description":"","potentialAction":[{"@type":"SearchAction","target":{"@type":"EntryPoint","urlTemplate":"https:\/\/jackpotlotteryonline.com\/?s={search_term_string}"},"query-input":"required name=search_term_string"}],"inLanguage":"hu"}]}},"_links":{"self":[{"href":"https:\/\/jackpotlotteryonline.com\/hu\/wp-json\/wp\/v2\/pages\/36070","targetHints":{"allow":["GET"]}}],"collection":[{"href":"https:\/\/jackpotlotteryonline.com\/hu\/wp-json\/wp\/v2\/pages"}],"about":[{"href":"https:\/\/jackpotlotteryonline.com\/hu\/wp-json\/wp\/v2\/types\/page"}],"author":[{"embeddable":true,"href":"https:\/\/jackpotlotteryonline.com\/hu\/wp-json\/wp\/v2\/users\/1"}],"replies":[{"embeddable":true,"href":"https:\/\/jackpotlotteryonline.com\/hu\/wp-json\/wp\/v2\/comments?post=36070"}],"version-history":[{"count":0,"href":"https:\/\/jackpotlotteryonline.com\/hu\/wp-json\/wp\/v2\/pages\/36070\/revisions"}],"up":[{"embeddable":true,"href":"https:\/\/jackpotlotteryonline.com\/hu\/wp-json\/wp\/v2\/pages\/35696"}],"wp:attachment":[{"href":"https:\/\/jackpotlotteryonline.com\/hu\/wp-json\/wp\/v2\/media?parent=36070"}],"curies":[{"name":"wp","href":"https:\/\/api.w.org\/{rel}","templated":true}]}}