{"id":36123,"date":"2022-11-03T13:01:41","date_gmt":"2022-11-03T13:01:41","guid":{"rendered":"https:\/\/jackpotlotteryonline.com\/?page_id=36123"},"modified":"2022-12-31T07:18:33","modified_gmt":"2022-12-31T07:18:33","slug":"superenalotto","status":"publish","type":"page","link":"https:\/\/jackpotlotteryonline.com\/hu\/hogyan-kell-jatszani\/superenalotto\/","title":{"rendered":"SuperEnaLotto Olaszorsz\u00e1g"},"content":{"rendered":"<h2>Superenalotto Italia<\/h2>\n<p>Ez az olasz jackpot lott\u00f3, amelyet el\u0151sz\u00f6r 1997. december 3-\u00e1n sorsoltak ki, \u00e9s a <strong>Superenalotto online jackpot<\/strong> nagyon gyakran csillag\u00e1szati \u00f6sszegeket \u00e9r el. Minden kedden, cs\u00fct\u00f6rt\u00f6k\u00f6n \u00e9s szombaton pontban 20 \u00f3rakor ker\u00fcl kisorsol\u00e1sra. A legnagyobb jackpot \u00f6sszegek mellett a nyer\u00e9si es\u00e9lyek ebben a lott\u00f3ban a legalacsonyabbak k\u00f6z\u00e9 tartoznak. <strong>A Superenalotto Italia<\/strong> ismert arr\u00f3l, hogy a jackpot \u00f6sszege meghaladja a 250 milli\u00f3 eur\u00f3t.<\/p>\n<section class=\"layout\" style=\"border: solid 1px; width: 100%;\">\n<div class=\"img-div\" style=\"margin-top: 5px;\"><img decoding=\"async\" class=\"wp-image-17212 alignleft\" style=\"height: 45px; margin: 8px 8px 0px;\" src=\"http:\/\/jackpotlotteryonline.com\/wp-content\/uploads\/2022\/11\/read1.jpg\" alt=\"olvasd el\" width=\"\" height=\"\" \/><\/div>\n<div style=\"padding-left: 5px;\">\n<div style=\"font-size: 1.1em;\">\n<p><strong>Eur\u00f3pai lott\u00f3j\u00e1t\u00e9kok<\/strong><\/p>\n<p style=\"font-size: 0.85em; margin-top: -1.5em;\">Melyik eur\u00f3pai lott\u00f3 a legjobb? <a href=\"https:\/\/jackpotlotteryonline.com\/hu\/mely-europai-lottojatekok-a-legjobbak\"> tov\u00e1bb<\/a><\/p>\n<\/div>\n<\/div>\n<\/section>\n<h2>Hogyan m\u0171k\u00f6dik a Superenalotto<\/h2>\n<p><img loading=\"lazy\" decoding=\"async\" class=\"alignright wp-image-17735\" src=\"http:\/\/jackpotlotteryonline.com\/wp-content\/uploads\/2022\/10\/logo_superenalotto.png\" alt=\"Superenalotto online j\u00e1t\u00e9k\" width=\"168\" height=\"178\" \/><\/p>\n<p><strong>A Superenalotto<\/strong> sor\u00e1n a 90 sz\u00e1mb\u00f3l 6 sz\u00e1mot kell eltal\u00e1lni. <a href=\"http:\/\/jackpotlotteryonline.com\/hu\/nyeroszamok\/superenalotto\">A f\u0151 sorsol\u00e1son<\/a> mind a 6 sz\u00e1mot kisorsolj\u00e1k, amelyek k\u00f6z\u00f6tt szerepel a Jolly sz\u00e1m, majd egy m\u00e1sodik, f\u00fcggetlen sorsol\u00e1son a Szuperszt\u00e1r sz\u00e1mot h\u00fazz\u00e1k ki. Ahhoz, hogy b\u00e1rmi es\u00e9ly\u00fcnk legyen nyerni <strong>a Superenalotto Italia-n<\/strong>, legal\u00e1bb 3 sz\u00e1mot kell eltal\u00e1lni, \u00e9s ennek es\u00e9lye 1:327-hez. A jackpot megnyer\u00e9s\u00e9nek es\u00e9lye 1:622 milli\u00f3hoz.<\/p>\n<p>A Szuperszt\u00e1r sz\u00e1m megj\u00e1tsz\u00e1sa extra k\u00f6lts\u00e9ggel j\u00e1r, de ha el\u00e9g j\u00e1t\u00e9kos \u00e9s szerencs\u00e9s vagy ahhoz, hogy eltal\u00e1ld, akkor a nyerem\u00e9ny 100-szoros\u00e1ra n\u0151het. S\u0151t, ha a Szuperszt\u00e1r sz\u00e1mot tal\u00e1lja el, de a hat alapsz\u00e1mmal nem egyezik meg, akkor is els\u00e9t\u00e1lhat egy fix \u00f6sszeg\u0171 nyerem\u00e9nnyel.<\/p>\n<h2>Mit nyerhetsz a Szuperlott\u00f3 Jackpot j\u00e1t\u00e9kkal?<\/h2>\n<p>A 2022-es \u00e9vben jelenleg <strong>a Superenalotto Italia eddigi legnagyobb jackpotja, amely jelenleg<\/strong> 295 milli\u00f3 eur\u00f3t tesz ki. Ez messze a legnagyobb jackpot az olasz lott\u00f3 t\u00f6rt\u00e9net\u00e9ben, \u00e9s az oldal friss\u00edt\u00e9s\u00e9nek id\u0151pontj\u00e1ban m\u00e9g nem tal\u00e1ltak nyertest!<br \/>\n<img loading=\"lazy\" decoding=\"async\" class=\"alignright size-medium wp-image-19493\" src=\"http:\/\/jackpotlotteryonline.com\/wp-content\/uploads\/2022\/10\/2_ticket_superenalotto4-211x300.jpg\" alt=\"superenalotto szelv\u00e9ny\" width=\"211\" height=\"300\" srcset=\"https:\/\/jackpotlotteryonline.com\/wp-content\/uploads\/2022\/10\/2_ticket_superenalotto4-211x300.jpg 211w, https:\/\/jackpotlotteryonline.com\/wp-content\/uploads\/2022\/10\/2_ticket_superenalotto4.jpg 300w\" sizes=\"auto, (max-width: 211px) 100vw, 211px\" \/><\/p>\n<p>Azonban nincs okunk elkeseredni. S\u0151t, min\u00e9l nagyobb az es\u00e9ly, ann\u00e1l nagyobb a megnyerhet\u0151 jackpot, \u00e9s ann\u00e1l nagyobb az adrenalinl\u00f6ket. A lott\u00f3 mindig is a szerencse j\u00e1t\u00e9ka volt, \u00e9s j\u00f3 es\u00e9llyel \u00d6n lesz a k\u00f6vetkez\u0151 szerencs\u00e9s.<\/p>\n<p><strong>A Superena lott\u00f3 online jackpotj\u00e1nak<\/strong> legjobb tulajdons\u00e1ga, hogy b\u00e1rki r\u00e9szt vehet benne a vil\u00e1g b\u00e1rmely pontj\u00e1r\u00f3l, ak\u00e1r Olaszorsz\u00e1gon k\u00edv\u00fclr\u0151l is, \u00e9s a r\u00e9szv\u00e9tel egyetlen alapja, hogy az embernek 18 \u00e9ven fel\u00fclinek kell lennie. <strong>Weboldalunkon a legjobb<\/strong> es\u00e9lyt <a href=\"https:\/\/jackpotlotteryonline.com\/hu\/jegyet-vasarolni\/superenalotto\">kapod a Superenalotto Italia lott\u00f3j\u00e1t\u00e9kra<\/a>, \u00e9s ha m\u00e9g nem j\u00e1tszott\u00e1l rajta, akkor rossz helyen pr\u00f3b\u00e1lod ki a szerencs\u00e9det.<\/p>\n<p>Miut\u00e1n regisztr\u00e1lt\u00e1l a weboldalunkon, \u00e9s ellen\u0151rizted a hiteles\u00edt\u0151 okm\u00e1nyaidat, m\u00e1r csak annyi a dolgod, hogy kiv\u00e1lasztod a sz\u00e1mokat, \u00e9s befizetsz, hogy biztosan lefoglaltad a helyed a milli\u00f3k busz\u00e1n. Helyi k\u00e9pvisel\u0151nk helyben megv\u00e1s\u00e1rolja jegy\u00e9t az \u00d6n \u00e1ltal megadott sz\u00e1mokkal, \u00e9s gondoskodik arr\u00f3l, hogy r\u00f6viddel ezut\u00e1n l\u00e1thassa a jegy szkennel\u00e9s\u00e9t.<\/p>\n<p>M\u00edg a <strong>Superenalotto Italia<\/strong> megnyer\u00e9se kedvez\u0151tlen es\u00e9lyekkel j\u00e1r, a szolg\u00e1ltat\u00e1sunk seg\u00edts\u00e9g\u00e9vel megn\u00e9zheti a vil\u00e1g t\u00f6bbi lott\u00f3j\u00e1t is, amelyeken online j\u00e1tszhat.<\/p>\n<p>V\u00e1lassza ki kedvenc szerencsej\u00e1t\u00e9k\u00e1t, \u00e9s n\u00f6velje nyer\u00e9si ar\u00e1nyait, ha m\u00e9g ma csatlakozik felhaszn\u00e1l\u00f3ink k\u00f6z\u00f6ss\u00e9g\u00e9hez. Itt az ideje, hogy szerencs\u00e9det a v\u00e9gs\u0151 pr\u00f3b\u00e1ra tedd.<\/p>\n","protected":false},"excerpt":{"rendered":"<p>Superenalotto Italia Ez az olasz jackpot lott\u00f3, amelyet el\u0151sz\u00f6r 1997. december 3-\u00e1n sorsoltak ki, \u00e9s a Superenalotto online jackpot nagyon gyakran csillag\u00e1szati \u00f6sszegeket \u00e9r el. Minden kedden, cs\u00fct\u00f6rt\u00f6k\u00f6n \u00e9s szombaton pontban 20 \u00f3rakor ker\u00fcl kisorsol\u00e1sra. A legnagyobb jackpot \u00f6sszegek mellett a nyer\u00e9si es\u00e9lyek ebben a lott\u00f3ban a legalacsonyabbak k\u00f6z\u00e9 tartoznak. A Superenalotto Italia ismert arr\u00f3l, [&hellip;]<\/p>\n","protected":false},"author":1,"featured_media":0,"parent":35696,"menu_order":5,"comment_status":"closed","ping_status":"closed","template":"superenalotto.php","meta":{"_et_pb_use_builder":"","_et_pb_old_content":"","_et_gb_content_width":"","exclude_from_search":false,"footnotes":""},"class_list":["post-36123","page","type-page","status-publish","hentry"],"yoast_head":"<!-- This site is optimized with the Yoast SEO plugin v23.3 - https:\/\/yoast.com\/wordpress\/plugins\/seo\/ -->\n<title>SuperEnaLotto online j\u00e1t\u00e9k Olaszorsz\u00e1gon k\u00edv\u00fclr\u0151l<\/title>\n<meta name=\"description\" content=\"A Superenalotto neh\u00e9z di\u00f3nak t\u0171nhet, de ha meg\u00fct\u00f6d a f\u0151nyerem\u00e9nyt, nagyot nyerhetsz. J\u00e1tsszon Superenalott\u00f3t Olaszorsz\u00e1gon k\u00edv\u00fclr\u0151l itt!\" \/>\n<meta name=\"robots\" content=\"index, follow, max-snippet:-1, max-image-preview:large, max-video-preview:-1\" \/>\n<link rel=\"canonical\" href=\"https:\/\/jackpotlotteryonline.com\/play-online\/superenalotto\/\" \/>\n<meta property=\"og:locale\" content=\"hu_HU\" \/>\n<meta property=\"og:type\" content=\"article\" \/>\n<meta property=\"og:title\" content=\"SuperEnaLotto online j\u00e1t\u00e9k Olaszorsz\u00e1gon k\u00edv\u00fclr\u0151l\" \/>\n<meta property=\"og:description\" content=\"A Superenalotto neh\u00e9z di\u00f3nak t\u0171nhet, de ha meg\u00fct\u00f6d a f\u0151nyerem\u00e9nyt, nagyot nyerhetsz. J\u00e1tsszon Superenalott\u00f3t Olaszorsz\u00e1gon k\u00edv\u00fclr\u0151l itt!\" \/>\n<meta property=\"og:url\" content=\"https:\/\/jackpotlotteryonline.com\/play-online\/superenalotto\/\" \/>\n<meta property=\"og:site_name\" content=\"Lotto Online - Crack The International Lottery Jackpots\" \/>\n<meta property=\"article:modified_time\" content=\"2022-12-31T07:18:33+00:00\" \/>\n<meta property=\"og:image\" content=\"http:\/\/jackpotlotteryonline.com\/wp-content\/uploads\/2022\/11\/read1.jpg\" \/>\n<meta name=\"twitter:card\" content=\"summary_large_image\" \/>\n<meta name=\"twitter:label1\" content=\"Becs\u00fclt olvas\u00e1si id\u0151\" \/>\n\t<meta name=\"twitter:data1\" content=\"3 perc\" \/>\n<!-- \/ Yoast SEO plugin. -->","yoast_head_json":{"title":"SuperEnaLotto online j\u00e1t\u00e9k Olaszorsz\u00e1gon k\u00edv\u00fclr\u0151l","description":"A Superenalotto neh\u00e9z di\u00f3nak t\u0171nhet, de ha meg\u00fct\u00f6d a f\u0151nyerem\u00e9nyt, nagyot nyerhetsz. J\u00e1tsszon Superenalott\u00f3t Olaszorsz\u00e1gon k\u00edv\u00fclr\u0151l itt!","robots":{"index":"index","follow":"follow","max-snippet":"max-snippet:-1","max-image-preview":"max-image-preview:large","max-video-preview":"max-video-preview:-1"},"canonical":"https:\/\/jackpotlotteryonline.com\/play-online\/superenalotto\/","og_locale":"hu_HU","og_type":"article","og_title":"SuperEnaLotto online j\u00e1t\u00e9k Olaszorsz\u00e1gon k\u00edv\u00fclr\u0151l","og_description":"A Superenalotto neh\u00e9z di\u00f3nak t\u0171nhet, de ha meg\u00fct\u00f6d a f\u0151nyerem\u00e9nyt, nagyot nyerhetsz. J\u00e1tsszon Superenalott\u00f3t Olaszorsz\u00e1gon k\u00edv\u00fclr\u0151l itt!","og_url":"https:\/\/jackpotlotteryonline.com\/play-online\/superenalotto\/","og_site_name":"Lotto Online - Crack The International Lottery Jackpots","article_modified_time":"2022-12-31T07:18:33+00:00","og_image":[{"url":"http:\/\/jackpotlotteryonline.com\/wp-content\/uploads\/2022\/11\/read1.jpg"}],"twitter_card":"summary_large_image","twitter_misc":{"Becs\u00fclt olvas\u00e1si id\u0151":"3 perc"},"schema":{"@context":"https:\/\/schema.org","@graph":[{"@type":"WebPage","@id":"https:\/\/jackpotlotteryonline.com\/play-online\/superenalotto\/","url":"https:\/\/jackpotlotteryonline.com\/play-online\/superenalotto\/","name":"SuperEnaLotto online j\u00e1t\u00e9k Olaszorsz\u00e1gon k\u00edv\u00fclr\u0151l","isPartOf":{"@id":"https:\/\/jackpotlotteryonline.com\/#website"},"primaryImageOfPage":{"@id":"https:\/\/jackpotlotteryonline.com\/play-online\/superenalotto\/#primaryimage"},"image":{"@id":"https:\/\/jackpotlotteryonline.com\/play-online\/superenalotto\/#primaryimage"},"thumbnailUrl":"http:\/\/jackpotlotteryonline.com\/wp-content\/uploads\/2022\/11\/read1.jpg","datePublished":"2022-11-03T13:01:41+00:00","dateModified":"2022-12-31T07:18:33+00:00","description":"A Superenalotto neh\u00e9z di\u00f3nak t\u0171nhet, de ha meg\u00fct\u00f6d a f\u0151nyerem\u00e9nyt, nagyot nyerhetsz. J\u00e1tsszon Superenalott\u00f3t Olaszorsz\u00e1gon k\u00edv\u00fclr\u0151l itt!","breadcrumb":{"@id":"https:\/\/jackpotlotteryonline.com\/play-online\/superenalotto\/#breadcrumb"},"inLanguage":"hu","potentialAction":[{"@type":"ReadAction","target":["https:\/\/jackpotlotteryonline.com\/play-online\/superenalotto\/"]}]},{"@type":"ImageObject","inLanguage":"hu","@id":"https:\/\/jackpotlotteryonline.com\/play-online\/superenalotto\/#primaryimage","url":"http:\/\/jackpotlotteryonline.com\/wp-content\/uploads\/2022\/11\/read1.jpg","contentUrl":"http:\/\/jackpotlotteryonline.com\/wp-content\/uploads\/2022\/11\/read1.jpg"},{"@type":"BreadcrumbList","@id":"https:\/\/jackpotlotteryonline.com\/play-online\/superenalotto\/#breadcrumb","itemListElement":[{"@type":"ListItem","position":1,"name":"Home","item":"https:\/\/jackpotlotteryonline.com\/hu\/"},{"@type":"ListItem","position":2,"name":"Hogyan kell j\u00e1tszani","item":"https:\/\/jackpotlotteryonline.com\/play-online\/"},{"@type":"ListItem","position":3,"name":"SuperEnaLotto Olaszorsz\u00e1g"}]},{"@type":"WebSite","@id":"https:\/\/jackpotlotteryonline.com\/#website","url":"https:\/\/jackpotlotteryonline.com\/","name":"Lotto Online - Crack The International Lottery Jackpots","description":"","potentialAction":[{"@type":"SearchAction","target":{"@type":"EntryPoint","urlTemplate":"https:\/\/jackpotlotteryonline.com\/?s={search_term_string}"},"query-input":"required name=search_term_string"}],"inLanguage":"hu"}]}},"_links":{"self":[{"href":"https:\/\/jackpotlotteryonline.com\/hu\/wp-json\/wp\/v2\/pages\/36123","targetHints":{"allow":["GET"]}}],"collection":[{"href":"https:\/\/jackpotlotteryonline.com\/hu\/wp-json\/wp\/v2\/pages"}],"about":[{"href":"https:\/\/jackpotlotteryonline.com\/hu\/wp-json\/wp\/v2\/types\/page"}],"author":[{"embeddable":true,"href":"https:\/\/jackpotlotteryonline.com\/hu\/wp-json\/wp\/v2\/users\/1"}],"replies":[{"embeddable":true,"href":"https:\/\/jackpotlotteryonline.com\/hu\/wp-json\/wp\/v2\/comments?post=36123"}],"version-history":[{"count":0,"href":"https:\/\/jackpotlotteryonline.com\/hu\/wp-json\/wp\/v2\/pages\/36123\/revisions"}],"up":[{"embeddable":true,"href":"https:\/\/jackpotlotteryonline.com\/hu\/wp-json\/wp\/v2\/pages\/35696"}],"wp:attachment":[{"href":"https:\/\/jackpotlotteryonline.com\/hu\/wp-json\/wp\/v2\/media?parent=36123"}],"curies":[{"name":"wp","href":"https:\/\/api.w.org\/{rel}","templated":true}]}}