{"id":36183,"date":"2022-11-04T06:23:03","date_gmt":"2022-11-04T06:23:03","guid":{"rendered":"https:\/\/jackpotlotteryonline.com\/?page_id=36183"},"modified":"2023-01-03T08:24:58","modified_gmt":"2023-01-03T08:24:58","slug":"el-gordo","status":"publish","type":"page","link":"https:\/\/jackpotlotteryonline.com\/hu\/hogyan-kell-jatszani\/el-gordo\/","title":{"rendered":"El Gordo Lotto Spanyolorsz\u00e1g"},"content":{"rendered":"<h2>El Gordo online lott\u00f3 jackpot<\/h2>\n<p><img loading=\"lazy\" decoding=\"async\" class=\"alignright wp-image-18709\" src=\"https:\/\/jackpotlotteryonline.com\/wp-content\/uploads\/2022\/10\/2_ticket_el_gordo3-218x300.jpg\" alt=\"el gordo szelv\u00e9ny\" width=\"174\" height=\"239\" srcset=\"https:\/\/jackpotlotteryonline.com\/wp-content\/uploads\/2022\/10\/2_ticket_el_gordo3-218x300.jpg 218w, https:\/\/jackpotlotteryonline.com\/wp-content\/uploads\/2022\/10\/2_ticket_el_gordo3.jpg 570w\" sizes=\"auto, (max-width: 174px) 100vw, 174px\" \/><\/p>\n<p>Az \u00e1tlagos spanyolok 2009-ben elk\u00e9peszt\u0151 \u00f6sszeget, 60 eur\u00f3t k\u00f6lt\u00f6ttek az El Gordo lott\u00f3 jackpotra. Nos, a 60 eur\u00f3 nem t\u0171nik nagy sz\u00e1mnak, de ha ezt megszorozzuk a spanyol lakoss\u00e1g sz\u00e1m\u00e1val, akkor megd\u00f6bbenhet\u00fcnk. A legismertebb Spanyolorsz\u00e1gban a kar\u00e1csonyi lott\u00f3kiad\u00e1s, az El Gordo lott\u00f3 is heti rendszeress\u00e9ggel ker\u00fcl megrendez\u00e9sre.<\/p>\n<p>Ez egy olyan lott\u00f3, ahol<a href=\"https:\/\/jackpotlotteryonline.com\/hu\/nyeroszamok\/el-gordo-draw-results\"> hetente egy sorsol\u00e1st tartanak (minden vas\u00e1rnap)<\/a>, \u00e9s egy 54 sz\u00e1mb\u00f3l \u00e1ll\u00f3 sz\u00e1msorb\u00f3l kell 5 sz\u00e1mot kiv\u00e1lasztani. Az El Gordo n\u00e9v egy\u00e9bk\u00e9nt spanyolul azt jelenti, hogy &#8220;A nagy&#8221;.<\/p>\n<h2>Az El Gordo kar\u00e1csonyi sorsol\u00e1s<\/h2>\n<p>Az \u00e9vente egyszer, kar\u00e1csonykor j\u00e1tszott El Gordo Navidad nagyon k\u00fcl\u00f6nb\u00f6zik a vil\u00e1g t\u00f6bbi hasonl\u00f3 lott\u00f3j\u00e1t\u00e9k\u00e1t\u00f3l, mivel csak 85000 lott\u00f3sz\u00e1m \u00e1ll rendelkez\u00e9sre (00000-t\u0151l 84999-ig), \u00e9s a sorsol\u00e1s egy nagyon k\u00fcl\u00f6nleges esem\u00e9ny, amelynek el\u0151k\u00e9sz\u00edt\u00e9se \u00e9s lebonyol\u00edt\u00e1sa hossz\u00fa id\u0151t vesz ig\u00e9nybe.<\/p>\n<section class=\"layout\" style=\"border: solid 1px; width: 100%;\">\n<div class=\"img-div\" style=\"margin-top: 5px;\"><img decoding=\"async\" class=\"wp-image-17212 alignleft\" style=\"height: 45px; margin: 8px 8px 0px;\" src=\"https:\/\/jackpotlotteryonline.com\/wp-content\/uploads\/2022\/11\/read1.jpg\" alt=\"olvasd el\" width=\"\" height=\"\" \/><\/div>\n<div style=\"padding-left: 5px;\">\n<div style=\"font-size: 1.1em;\">\n<p><strong>Ne hagyja ki a vil\u00e1g legnagyobb lott\u00f3 jackpotjainak sorsol\u00e1si id\u0151pontjait<\/strong><\/p>\n<p style=\"font-size: 0.85em; margin-top: -1.5em;\">A nemzetk\u00f6zi lott\u00f3j\u00e1t\u00e9kok sorsol\u00e1si id\u0151pontjainak list\u00e1ja\u00a0 <a href=\"https:\/\/jackpotlotteryonline.com\/hu\/mikor-vannak-a-nemzetkozi-lottojatekok-sorsolasi-idopontjai\">tov\u00e1bb<\/a><\/p>\n<\/div>\n<\/div>\n<\/section>\n<h2>Mi\u00e9rt egyed\u00fcl\u00e1ll\u00f3 a kar\u00e1csonyi El Gordo?<\/h2>\n<p><img loading=\"lazy\" decoding=\"async\" class=\"alignright size-full wp-image-17870\" src=\"https:\/\/jackpotlotteryonline.com\/wp-content\/uploads\/2022\/10\/lotto_euros.jpg\" alt=\"nyerni kar\u00e1csony El Gordo\" width=\"225\" height=\"134\" \/><\/p>\n<p>Maga a sorsol\u00e1s nagyon egyedi \u00e9s m\u00e1s. Alig van benne g\u00e9pezet vagy technol\u00f3gia. Egy hatalmas g\u00f6mb\u00f6t t\u00f6ltenek meg fagoly\u00f3kkal, amelyek mindegyik\u00e9n egy-egy 5 sz\u00e1mjegy\u0171 sz\u00e1m van. Egy m\u00e1sodik g\u00f6mb tartalmazza a goly\u00f3kat a nyerem\u00e9nyekkel. A sorsol\u00e1st k\u00e9t gyerek v\u00e9gzi, akik mindk\u00e9t g\u00f6mbb\u0151l kivesznek egy-egy goly\u00f3t, amely meghat\u00e1rozza a nyertes sz\u00e1mot \u00e9s az ezzel a sz\u00e1mmal nyert nyerem\u00e9nyt.<\/p>\n<p>A teljes eg\u00e9sz\u00e9ben emberi k\u00e9z \u00e1ltal kisorsolt El Gordo Online lott\u00f3 jackpot nagyon egyedi \u00e9s az egyik legkeresettebb a kontinent\u00e1lis Eur\u00f3p\u00e1ban. H\u00e1rom f\u0151nyerem\u00e9ny \u00e9s t\u00f6bb mint 1000 kisebb nyerem\u00e9ny van, \u00e9s a h\u00e1rom f\u0151nyerem\u00e9ny sz\u00e1mmal r\u00e9szben megegyez\u0151 sz\u00e1mok is nyernek valamit. Ez teh\u00e1t el\u00e9gg\u00e9 megn\u00f6veli a nyer\u00e9si es\u00e9lyeket.<\/p>\n<p>Az El Gordo a vil\u00e1g egyik legnagyobb lott\u00f3 jackpotja, amelynek \u00f6ssznyerem\u00e9nye \u00e9vente t\u00f6bb mint 3 milli\u00e1rd eur\u00f3 (jelenleg, \u00e9s ez folyamatosan emelkedik). Nem kell spanyol vagy eur\u00f3pai \u00e1llampolg\u00e1rnak lenni, b\u00e1rki 18 \u00e9v felett j\u00e1tszhat az El Gordo lott\u00f3n.<\/p>\n<h2>Hogyan \u00e9s mi\u00e9rt \u00e9rdemes online El Gordo lott\u00f3zni?<\/h2>\n<p>Regisztr\u00e1ljon weboldalunkon m\u00e9g ma, hogy biztosan lefoglalhassa hely\u00e9t a gazdags\u00e1ghoz. Seg\u00edt\u00fcnk a Spanyolorsz\u00e1gon k\u00edv\u00fcli j\u00e1t\u00e9kosoknak r\u00e9szt venni az El Gordo lott\u00f3n. Mind\u00f6ssze annyit kell tennie, hogy l\u00e9trehozza a fi\u00f3kj\u00e1t, kiv\u00e1lasztja a sz\u00e1mokat \u00e9s befejezi a fizet\u00e9st. Ezut\u00e1n gondoskodunk arr\u00f3l, hogy <a href=\"https:\/\/jackpotlotteryonline.com\/hu\/jegyet-vasarolni\/el-gordo\">az \u00d6n nev\u00e9ben megv\u00e1s\u00e1roljuk a szelv\u00e9nyt az El Gordo lott\u00f3 jackpotra<\/a>. Az \u00d6n \u00e1ltal kiv\u00e1lasztott sz\u00e1mokat tartalmaz\u00f3 szelv\u00e9nyt beolvassuk \u00d6nnek, \u00e9s abban az esetben, ha megnyeri a szerencs\u00e9t, mi is seg\u00edt\u00fcnk abban, hogy a p\u00e9nz a lehet\u0151 leggyorsabban eljusson \u00d6nh\u00f6z. Javasoljuk, hogy m\u00e9g ma foglalja le szelv\u00e9ny\u00e9t a kedvenc sz\u00e1maival.<\/p>\n","protected":false},"excerpt":{"rendered":"<p>El Gordo online lott\u00f3 jackpot Az \u00e1tlagos spanyolok 2009-ben elk\u00e9peszt\u0151 \u00f6sszeget, 60 eur\u00f3t k\u00f6lt\u00f6ttek az El Gordo lott\u00f3 jackpotra. Nos, a 60 eur\u00f3 nem t\u0171nik nagy sz\u00e1mnak, de ha ezt megszorozzuk a spanyol lakoss\u00e1g sz\u00e1m\u00e1val, akkor megd\u00f6bbenhet\u00fcnk. A legismertebb Spanyolorsz\u00e1gban a kar\u00e1csonyi lott\u00f3kiad\u00e1s, az El Gordo lott\u00f3 is heti rendszeress\u00e9ggel ker\u00fcl megrendez\u00e9sre. Ez egy olyan [&hellip;]<\/p>\n","protected":false},"author":1,"featured_media":0,"parent":35696,"menu_order":6,"comment_status":"closed","ping_status":"closed","template":"el-gordo.php","meta":{"_et_pb_use_builder":"","_et_pb_old_content":"","_et_gb_content_width":"","exclude_from_search":false,"footnotes":""},"class_list":["post-36183","page","type-page","status-publish","hentry"],"yoast_head":"<!-- This site is optimized with the Yoast SEO plugin v23.3 - https:\/\/yoast.com\/wordpress\/plugins\/seo\/ -->\n<title>J\u00e1tsszon online a spanyol El Gordo lott\u00f3n - ak\u00e1r Spanyolorsz\u00e1gon k\u00edv\u00fclr\u0151l is<\/title>\n<meta name=\"description\" content=\"Az El Gordo online lott\u00f3 jackpot a vil\u00e1g egyik legnagyobb jackpotja, \u00e9s Spanyolorsz\u00e1gon k\u00edv\u00fcli orsz\u00e1gokb\u00f3l is j\u00e1tszhat\u00f3 online.\" \/>\n<meta name=\"robots\" content=\"index, follow, max-snippet:-1, max-image-preview:large, max-video-preview:-1\" \/>\n<link rel=\"canonical\" href=\"https:\/\/jackpotlotteryonline.com\/play-online\/el-gordo\/\" \/>\n<meta property=\"og:locale\" content=\"hu_HU\" \/>\n<meta property=\"og:type\" content=\"article\" \/>\n<meta property=\"og:title\" content=\"J\u00e1tsszon online a spanyol El Gordo lott\u00f3n - ak\u00e1r Spanyolorsz\u00e1gon k\u00edv\u00fclr\u0151l is\" \/>\n<meta property=\"og:description\" content=\"Az El Gordo online lott\u00f3 jackpot a vil\u00e1g egyik legnagyobb jackpotja, \u00e9s Spanyolorsz\u00e1gon k\u00edv\u00fcli orsz\u00e1gokb\u00f3l is j\u00e1tszhat\u00f3 online.\" \/>\n<meta property=\"og:url\" content=\"https:\/\/jackpotlotteryonline.com\/play-online\/el-gordo\/\" \/>\n<meta property=\"og:site_name\" content=\"Lotto Online - Crack The International Lottery Jackpots\" \/>\n<meta property=\"article:modified_time\" content=\"2023-01-03T08:24:58+00:00\" \/>\n<meta property=\"og:image\" content=\"https:\/\/jackpotlotteryonline.com\/wp-content\/uploads\/2022\/10\/2_ticket_el_gordo3-218x300.jpg\" \/>\n<meta name=\"twitter:card\" content=\"summary_large_image\" \/>\n<meta name=\"twitter:label1\" content=\"Becs\u00fclt olvas\u00e1si id\u0151\" \/>\n\t<meta name=\"twitter:data1\" content=\"3 perc\" \/>\n<!-- \/ Yoast SEO plugin. -->","yoast_head_json":{"title":"J\u00e1tsszon online a spanyol El Gordo lott\u00f3n - ak\u00e1r Spanyolorsz\u00e1gon k\u00edv\u00fclr\u0151l is","description":"Az El Gordo online lott\u00f3 jackpot a vil\u00e1g egyik legnagyobb jackpotja, \u00e9s Spanyolorsz\u00e1gon k\u00edv\u00fcli orsz\u00e1gokb\u00f3l is j\u00e1tszhat\u00f3 online.","robots":{"index":"index","follow":"follow","max-snippet":"max-snippet:-1","max-image-preview":"max-image-preview:large","max-video-preview":"max-video-preview:-1"},"canonical":"https:\/\/jackpotlotteryonline.com\/play-online\/el-gordo\/","og_locale":"hu_HU","og_type":"article","og_title":"J\u00e1tsszon online a spanyol El Gordo lott\u00f3n - ak\u00e1r Spanyolorsz\u00e1gon k\u00edv\u00fclr\u0151l is","og_description":"Az El Gordo online lott\u00f3 jackpot a vil\u00e1g egyik legnagyobb jackpotja, \u00e9s Spanyolorsz\u00e1gon k\u00edv\u00fcli orsz\u00e1gokb\u00f3l is j\u00e1tszhat\u00f3 online.","og_url":"https:\/\/jackpotlotteryonline.com\/play-online\/el-gordo\/","og_site_name":"Lotto Online - Crack The International Lottery Jackpots","article_modified_time":"2023-01-03T08:24:58+00:00","og_image":[{"url":"https:\/\/jackpotlotteryonline.com\/wp-content\/uploads\/2022\/10\/2_ticket_el_gordo3-218x300.jpg"}],"twitter_card":"summary_large_image","twitter_misc":{"Becs\u00fclt olvas\u00e1si id\u0151":"3 perc"},"schema":{"@context":"https:\/\/schema.org","@graph":[{"@type":"WebPage","@id":"https:\/\/jackpotlotteryonline.com\/play-online\/el-gordo\/","url":"https:\/\/jackpotlotteryonline.com\/play-online\/el-gordo\/","name":"J\u00e1tsszon online a spanyol El Gordo lott\u00f3n - ak\u00e1r Spanyolorsz\u00e1gon k\u00edv\u00fclr\u0151l is","isPartOf":{"@id":"https:\/\/jackpotlotteryonline.com\/#website"},"primaryImageOfPage":{"@id":"https:\/\/jackpotlotteryonline.com\/play-online\/el-gordo\/#primaryimage"},"image":{"@id":"https:\/\/jackpotlotteryonline.com\/play-online\/el-gordo\/#primaryimage"},"thumbnailUrl":"https:\/\/jackpotlotteryonline.com\/wp-content\/uploads\/2022\/10\/2_ticket_el_gordo3-218x300.jpg","datePublished":"2022-11-04T06:23:03+00:00","dateModified":"2023-01-03T08:24:58+00:00","description":"Az El Gordo online lott\u00f3 jackpot a vil\u00e1g egyik legnagyobb jackpotja, \u00e9s Spanyolorsz\u00e1gon k\u00edv\u00fcli orsz\u00e1gokb\u00f3l is j\u00e1tszhat\u00f3 online.","breadcrumb":{"@id":"https:\/\/jackpotlotteryonline.com\/play-online\/el-gordo\/#breadcrumb"},"inLanguage":"hu","potentialAction":[{"@type":"ReadAction","target":["https:\/\/jackpotlotteryonline.com\/play-online\/el-gordo\/"]}]},{"@type":"ImageObject","inLanguage":"hu","@id":"https:\/\/jackpotlotteryonline.com\/play-online\/el-gordo\/#primaryimage","url":"https:\/\/jackpotlotteryonline.com\/wp-content\/uploads\/2022\/10\/2_ticket_el_gordo3-218x300.jpg","contentUrl":"https:\/\/jackpotlotteryonline.com\/wp-content\/uploads\/2022\/10\/2_ticket_el_gordo3-218x300.jpg"},{"@type":"BreadcrumbList","@id":"https:\/\/jackpotlotteryonline.com\/play-online\/el-gordo\/#breadcrumb","itemListElement":[{"@type":"ListItem","position":1,"name":"Home","item":"https:\/\/jackpotlotteryonline.com\/hu\/"},{"@type":"ListItem","position":2,"name":"Hogyan kell j\u00e1tszani","item":"https:\/\/jackpotlotteryonline.com\/play-online\/"},{"@type":"ListItem","position":3,"name":"El Gordo Lotto Spanyolorsz\u00e1g"}]},{"@type":"WebSite","@id":"https:\/\/jackpotlotteryonline.com\/#website","url":"https:\/\/jackpotlotteryonline.com\/","name":"Lotto Online - Crack The International Lottery Jackpots","description":"","potentialAction":[{"@type":"SearchAction","target":{"@type":"EntryPoint","urlTemplate":"https:\/\/jackpotlotteryonline.com\/?s={search_term_string}"},"query-input":"required name=search_term_string"}],"inLanguage":"hu"}]}},"_links":{"self":[{"href":"https:\/\/jackpotlotteryonline.com\/hu\/wp-json\/wp\/v2\/pages\/36183","targetHints":{"allow":["GET"]}}],"collection":[{"href":"https:\/\/jackpotlotteryonline.com\/hu\/wp-json\/wp\/v2\/pages"}],"about":[{"href":"https:\/\/jackpotlotteryonline.com\/hu\/wp-json\/wp\/v2\/types\/page"}],"author":[{"embeddable":true,"href":"https:\/\/jackpotlotteryonline.com\/hu\/wp-json\/wp\/v2\/users\/1"}],"replies":[{"embeddable":true,"href":"https:\/\/jackpotlotteryonline.com\/hu\/wp-json\/wp\/v2\/comments?post=36183"}],"version-history":[{"count":0,"href":"https:\/\/jackpotlotteryonline.com\/hu\/wp-json\/wp\/v2\/pages\/36183\/revisions"}],"up":[{"embeddable":true,"href":"https:\/\/jackpotlotteryonline.com\/hu\/wp-json\/wp\/v2\/pages\/35696"}],"wp:attachment":[{"href":"https:\/\/jackpotlotteryonline.com\/hu\/wp-json\/wp\/v2\/media?parent=36183"}],"curies":[{"name":"wp","href":"https:\/\/api.w.org\/{rel}","templated":true}]}}