{"id":36240,"date":"2022-11-04T08:04:18","date_gmt":"2022-11-04T08:04:18","guid":{"rendered":"https:\/\/jackpotlotteryonline.com\/?page_id=36240"},"modified":"2022-12-31T10:42:26","modified_gmt":"2022-12-31T10:42:26","slug":"france-lotto","status":"publish","type":"page","link":"https:\/\/jackpotlotteryonline.com\/hu\/hogyan-kell-jatszani\/france-lotto\/","title":{"rendered":"J\u00e1tsszon a francia lott\u00f3n"},"content":{"rendered":"<h2>Franciaorsz\u00e1g Lotto online<\/h2>\n<p><img loading=\"lazy\" decoding=\"async\" class=\"alignright size-full wp-image-18410\" src=\"http:\/\/jackpotlotteryonline.com\/wp-content\/uploads\/2022\/10\/win_big.jpg\" alt=\"Franciaorsz\u00e1gi lott\u00f3 online j\u00e1t\u00e9k\" width=\"224\" height=\"134\" \/><\/p>\n<p>A France Lotto az egyik legr\u00e9gebbi szervezett eur\u00f3pai lott\u00f3j\u00e1t\u00e9k, amelyet a Francaise des Jeux csoport szervez \u00e9s ir\u00e1ny\u00edt. Franciaorsz\u00e1gban \u00e9s Eur\u00f3pa m\u00e1s r\u00e9szein is nagy n\u00e9pszer\u0171s\u00e9gnek \u00f6rvend. Mivel a franci\u00e1k a szerencsej\u00e1t\u00e9k szenved\u00e9lyes rajong\u00f3i, a <a href=\"https:\/\/jackpotlotteryonline.com\/hu\/nyeroszamok\/france-lotto-2\">France Lotto online heti h\u00e1romszor ker\u00fcl kisorsol\u00e1sra (h\u00e9tf\u0151nk\u00e9nt, szerd\u00e1nk\u00e9nt \u00e9s szombatonk\u00e9nt)<\/a>, szemben a legt\u00f6bb m\u00e1s eur\u00f3pai lott\u00f3j\u00e1t\u00e9kkal, amelyet csak hetente k\u00e9tszer sorsolnak ki. A francia lott\u00f3 \u00e1ltal kiosztott teljes nyerem\u00e9nyt \u00e9vente t\u00f6bb mint 4,4 milli\u00e1rdra becs\u00fclik, \u00e9s nagy jackpotot is k\u00edn\u00e1l.<\/p>\n<p>Nem kell Franciaorsz\u00e1gban laknia &#8211; <strong>a francia lott\u00f3j\u00e1t\u00e9kot Franciaorsz\u00e1gon k\u00edv\u00fclr\u0151l is meg lehet j\u00e1tszani online a seg\u00edts\u00e9g\u00fcnkkel.<\/strong><\/p>\n<p>M\u00e1s eur\u00f3pai lott\u00f3j\u00e1t\u00e9kokkal \u00f6sszehasonl\u00edtva a francia lott\u00f3 online nagym\u00e9rt\u00e9kben n\u00f6veli az \u00e1ltala k\u00edn\u00e1lt jackpotot, mivel a jackpot egymilli\u00f3 eur\u00f3val n\u00f6vekszik. A heti h\u00e1rom sorsol\u00e1ssal el\u00e9g gyorsan halmoz\u00f3dik \u00e9s emelkedik, am\u00edg meg nem nyerik. Az a t\u00e9ny, hogy a jackpot nem sz\u00e1m\u00edt a legmagasabbnak a lott\u00f3j\u00e1t\u00e9kok k\u00f6z\u00f6tt, azt bizony\u00edtja, hogy a jackpotot t\u00f6bben nyerik meg, mint m\u00e1s lott\u00f3j\u00e1t\u00e9kokban.<\/p>\n<p>A France Lotto online \u00e1ll\u00edt\u00f3lag t\u00f6bb milliomost hozott l\u00e9tre, mint a legt\u00f6bb hasonl\u00f3 lott\u00f3 Eur\u00f3p\u00e1ban. Haszn\u00e1lja ki a lehet\u0151s\u00e9get, \u00e9s v\u00e1s\u00e1roljon<a href=\"https:\/\/jackpotlotteryonline.com\/hu\/jegyet-vasarolni\/lotto-france\"> online szelv\u00e9nyt a France Lotto sz\u00e1m\u00e1ra<\/a>, \u00e9s legyen \u00d6n a k\u00f6vetkez\u0151 milliomos.<\/p>\n<p>Az\u00e9rt vagyunk itt, hogy seg\u00edts\u00fcnk \u00d6nnek a Franciaorsz\u00e1g lott\u00f3 online j\u00e1t\u00e9kban. Ezt a j\u00e1t\u00e9kot j\u00e1tszani olyan egyszer\u0171, mint az ABC, \u00e9s v\u00e9gig seg\u00edtenek \u00d6nnek az eg\u00e9sz \u00faton.<\/p>\n<section class=\"layout\" style=\"border: solid 1px; width: 100%;\">\n<div class=\"img-div\" style=\"margin-top: 5px;\"><img decoding=\"async\" class=\"wp-image-17212 alignleft\" style=\"height: 45px; margin: 8px 8px 0px;\" src=\"http:\/\/jackpotlotteryonline.com\/wp-content\/uploads\/2022\/11\/read1.jpg\" alt=\"olvasd el\" width=\"\" height=\"\" \/><\/div>\n<div style=\"padding-left: 5px;\">\n<div style=\"font-size: 1.1em;\">\n<p><strong>N\u00e9zze \u00e9l\u0151ben a lott\u00f3sz\u00e1mok sorsol\u00e1s\u00e1t<\/strong><\/p>\n<p style=\"font-size: 0.85em; margin-top: -1.5em;\">Hogyan n\u00e9zheted meg kedvenc lott\u00f3j\u00e1t\u00e9kod \u00e9l\u0151 sorsol\u00e1s\u00e1t\u00a0 <a href=\"https:\/\/jackpotlotteryonline.com\/hu\/nezni-a-lotto-szamok-huzott-eloben\">tov\u00e1bb<\/a><\/p>\n<\/div>\n<\/div>\n<\/section>\n<h2>Hogyan lehet online j\u00e1tszani a Franciaorsz\u00e1g lott\u00f3t?<\/h2>\n<p><img loading=\"lazy\" decoding=\"async\" class=\"alignright wp-image-27131\" src=\"http:\/\/jackpotlotteryonline.com\/wp-content\/uploads\/2022\/11\/1_jckpot_win_online.jpg\" alt=\"francia lott\u00f3 jackpot\" width=\"159\" height=\"159\" srcset=\"https:\/\/jackpotlotteryonline.com\/wp-content\/uploads\/2022\/11\/1_jckpot_win_online.jpg 300w, https:\/\/jackpotlotteryonline.com\/wp-content\/uploads\/2022\/11\/1_jckpot_win_online-100x100.jpg 100w, https:\/\/jackpotlotteryonline.com\/wp-content\/uploads\/2022\/11\/1_jckpot_win_online-150x150.jpg 150w\" sizes=\"auto, (max-width: 159px) 100vw, 159px\" \/><\/p>\n<p>Mint minden m\u00e1s lott\u00f3n, a francia lott\u00f3n is 5 sz\u00e1mot kell kiv\u00e1lasztani a 49 sz\u00e1mb\u00f3l \u00e9s egy sz\u00e1mot egy m\u00e1sik 10 sz\u00e1mb\u00f3l \u00e1ll\u00f3 csoportb\u00f3l. A szelv\u00e9nyv\u00e1s\u00e1rl\u00e1s egyszer\u0171, ha rajtunk kereszt\u00fcl rendel, mi v\u00e1s\u00e1roljuk meg a szelv\u00e9nyt az \u00d6n nev\u00e9ben. R\u00f6gt\u00f6n a v\u00e1s\u00e1rl\u00e1s ut\u00e1n a fi\u00f3kj\u00e1ban l\u00e1thatja az \u00d6n \u00e1ltal kiv\u00e1lasztott sz\u00e1mokat, \u00e9s egy kicsit k\u00e9s\u0151bb a bejegyz\u00e9se beolvas\u00e1sa is l\u00e1that\u00f3 lesz a fi\u00f3kj\u00e1ban.<\/p>\n<p>Ha szkeptikus a sz\u00e1mok kiv\u00e1laszt\u00e1s\u00e1val kapcsolatban, van egy lott\u00f3sz\u00e1m-gener\u00e1torunk is, \u00e9s a France Lotto online Quick Pick opci\u00f3ja lehet\u0151v\u00e9 teszi a v\u00e9letlenszer\u0171 sz\u00e1mok kij\u00e1tsz\u00e1s\u00e1t.<\/p>\n<p>18 \u00e9vesn\u00e9l id\u0151sebbnek kell lennie ahhoz, hogy Franciaorsz\u00e1g lott\u00f3 online szelv\u00e9nyt v\u00e1s\u00e1rolhasson, \u00e9s miel\u0151tt ezt rajtunk kereszt\u00fcl megtenn\u00e9, v\u00e9gezhet n\u00e9mi kutat\u00e1st a kor\u00e1bbi eredm\u00e9nyekr\u0151l, hogy seg\u00edtsen kiv\u00e1lasztani a saj\u00e1t szerencsesz\u00e1mait.<\/p>\n<h2>A Franciaorsz\u00e1g online lott\u00f3 nyerem\u00e9nyeinek \u00e1tv\u00e9tele<\/h2>\n<p>A jackpoton k\u00edv\u00fcl a France Lotto online m\u00e1s nyerem\u00e9nyeket is k\u00edn\u00e1l a megfelel\u0151 sz\u00e1mok\u00e9rt. Az amerikai lott\u00f3j\u00e1t\u00e9kokkal ellent\u00e9tben a nyerem\u00e9nyeket teljes eg\u00e9sz\u00e9ben \u00e9s k\u00e9szp\u00e9nzben fizetik ki. A sorsol\u00e1st\u00f3l sz\u00e1m\u00edtott 2 h\u00f3napon bel\u00fcl kell beny\u00fajtania ig\u00e9ny\u00e9t, amiben mi seg\u00edt\u00fcnk \u00d6nnek. A 2500 eur\u00f3 alatti nyerem\u00e9nyp\u00e9nzeket a weboldalunkon l\u00e9v\u0151 sz\u00e1ml\u00e1j\u00e1ra \u00edrjuk j\u00f3v\u00e1. Az ezen \u00f6sszeg feletti nyerem\u00e9nyp\u00e9nzeket a Francaise des Jeux kifizet\u0151k\u00f6zponthoz kell utalni.<\/p>\n<p>Ha rajtunk kereszt\u00fcl j\u00e1tszik, akkor mi is seg\u00edt\u00fcnk \u00d6nnek \u00e1tvenni a nyerem\u00e9ny\u00e9t, az\u00e1ltal, hogy az \u00d6n nev\u00e9ben ig\u00e9nyt tartunk, \u00e9s gondoskodunk arr\u00f3l, hogy a nyerem\u00e9nyt a lehet\u0151 leggyorsabban eljuttassuk \u00d6nh\u00f6z. Regisztr\u00e1ljon m\u00e9g ma ingyenesen, \u00e9s ig\u00e9nyeljen v\u00e1ratlan el\u0151ny\u00f6ket&#8230;!<\/p>\n<p>A France Lotto nyerem\u00e9nyei ad\u00f3mentesen ker\u00fclnek kifizet\u00e9sre!<\/p>\n","protected":false},"excerpt":{"rendered":"<p>Franciaorsz\u00e1g Lotto online A France Lotto az egyik legr\u00e9gebbi szervezett eur\u00f3pai lott\u00f3j\u00e1t\u00e9k, amelyet a Francaise des Jeux csoport szervez \u00e9s ir\u00e1ny\u00edt. Franciaorsz\u00e1gban \u00e9s Eur\u00f3pa m\u00e1s r\u00e9szein is nagy n\u00e9pszer\u0171s\u00e9gnek \u00f6rvend. Mivel a franci\u00e1k a szerencsej\u00e1t\u00e9k szenved\u00e9lyes rajong\u00f3i, a France Lotto online heti h\u00e1romszor ker\u00fcl kisorsol\u00e1sra (h\u00e9tf\u0151nk\u00e9nt, szerd\u00e1nk\u00e9nt \u00e9s szombatonk\u00e9nt), szemben a legt\u00f6bb m\u00e1s eur\u00f3pai lott\u00f3j\u00e1t\u00e9kkal, [&hellip;]<\/p>\n","protected":false},"author":1,"featured_media":0,"parent":35696,"menu_order":9,"comment_status":"closed","ping_status":"closed","template":"lotto-fr.php","meta":{"_et_pb_use_builder":"","_et_pb_old_content":"","_et_gb_content_width":"","exclude_from_search":false,"footnotes":""},"class_list":["post-36240","page","type-page","status-publish","hentry"],"yoast_head":"<!-- This site is optimized with the Yoast SEO plugin v23.3 - https:\/\/yoast.com\/wordpress\/plugins\/seo\/ -->\n<title>Vegyen r\u00e9szt a France Lotto online j\u00e1t\u00e9k\u00e1ban, Franciaorsz\u00e1gon k\u00edv\u00fclr\u0151l is!<\/title>\n<meta name=\"description\" content=\"V\u00e1s\u00e1roljon szelv\u00e9nyt a franciaorsz\u00e1gi lott\u00f3ra itt - lehet\u0151v\u00e9 tessz\u00fck, hogy a Franciaorsz\u00e1gon k\u00edv\u00fcli lott\u00f3rajong\u00f3k is szelv\u00e9nyt szerezzenek erre a n\u00e9pszer\u0171 lott\u00f3j\u00e1t\u00e9kra.\" \/>\n<meta name=\"robots\" content=\"index, follow, max-snippet:-1, max-image-preview:large, max-video-preview:-1\" \/>\n<link rel=\"canonical\" href=\"https:\/\/jackpotlotteryonline.com\/play-online\/france-lotto\/\" \/>\n<meta property=\"og:locale\" content=\"hu_HU\" \/>\n<meta property=\"og:type\" content=\"article\" \/>\n<meta property=\"og:title\" content=\"Vegyen r\u00e9szt a France Lotto online j\u00e1t\u00e9k\u00e1ban, Franciaorsz\u00e1gon k\u00edv\u00fclr\u0151l is!\" \/>\n<meta property=\"og:description\" content=\"V\u00e1s\u00e1roljon szelv\u00e9nyt a franciaorsz\u00e1gi lott\u00f3ra itt - lehet\u0151v\u00e9 tessz\u00fck, hogy a Franciaorsz\u00e1gon k\u00edv\u00fcli lott\u00f3rajong\u00f3k is szelv\u00e9nyt szerezzenek erre a n\u00e9pszer\u0171 lott\u00f3j\u00e1t\u00e9kra.\" \/>\n<meta property=\"og:url\" content=\"https:\/\/jackpotlotteryonline.com\/play-online\/france-lotto\/\" \/>\n<meta property=\"og:site_name\" content=\"Lotto Online - Crack The International Lottery Jackpots\" \/>\n<meta property=\"article:modified_time\" content=\"2022-12-31T10:42:26+00:00\" \/>\n<meta property=\"og:image\" content=\"http:\/\/jackpotlotteryonline.com\/wp-content\/uploads\/2022\/10\/win_big.jpg\" \/>\n<meta name=\"twitter:card\" content=\"summary_large_image\" \/>\n<meta name=\"twitter:label1\" content=\"Becs\u00fclt olvas\u00e1si id\u0151\" \/>\n\t<meta name=\"twitter:data1\" content=\"3 perc\" \/>\n<!-- \/ Yoast SEO plugin. -->","yoast_head_json":{"title":"Vegyen r\u00e9szt a France Lotto online j\u00e1t\u00e9k\u00e1ban, Franciaorsz\u00e1gon k\u00edv\u00fclr\u0151l is!","description":"V\u00e1s\u00e1roljon szelv\u00e9nyt a franciaorsz\u00e1gi lott\u00f3ra itt - lehet\u0151v\u00e9 tessz\u00fck, hogy a Franciaorsz\u00e1gon k\u00edv\u00fcli lott\u00f3rajong\u00f3k is szelv\u00e9nyt szerezzenek erre a n\u00e9pszer\u0171 lott\u00f3j\u00e1t\u00e9kra.","robots":{"index":"index","follow":"follow","max-snippet":"max-snippet:-1","max-image-preview":"max-image-preview:large","max-video-preview":"max-video-preview:-1"},"canonical":"https:\/\/jackpotlotteryonline.com\/play-online\/france-lotto\/","og_locale":"hu_HU","og_type":"article","og_title":"Vegyen r\u00e9szt a France Lotto online j\u00e1t\u00e9k\u00e1ban, Franciaorsz\u00e1gon k\u00edv\u00fclr\u0151l is!","og_description":"V\u00e1s\u00e1roljon szelv\u00e9nyt a franciaorsz\u00e1gi lott\u00f3ra itt - lehet\u0151v\u00e9 tessz\u00fck, hogy a Franciaorsz\u00e1gon k\u00edv\u00fcli lott\u00f3rajong\u00f3k is szelv\u00e9nyt szerezzenek erre a n\u00e9pszer\u0171 lott\u00f3j\u00e1t\u00e9kra.","og_url":"https:\/\/jackpotlotteryonline.com\/play-online\/france-lotto\/","og_site_name":"Lotto Online - Crack The International Lottery Jackpots","article_modified_time":"2022-12-31T10:42:26+00:00","og_image":[{"url":"http:\/\/jackpotlotteryonline.com\/wp-content\/uploads\/2022\/10\/win_big.jpg"}],"twitter_card":"summary_large_image","twitter_misc":{"Becs\u00fclt olvas\u00e1si id\u0151":"3 perc"},"schema":{"@context":"https:\/\/schema.org","@graph":[{"@type":"WebPage","@id":"https:\/\/jackpotlotteryonline.com\/play-online\/france-lotto\/","url":"https:\/\/jackpotlotteryonline.com\/play-online\/france-lotto\/","name":"Vegyen r\u00e9szt a France Lotto online j\u00e1t\u00e9k\u00e1ban, Franciaorsz\u00e1gon k\u00edv\u00fclr\u0151l is!","isPartOf":{"@id":"https:\/\/jackpotlotteryonline.com\/#website"},"primaryImageOfPage":{"@id":"https:\/\/jackpotlotteryonline.com\/play-online\/france-lotto\/#primaryimage"},"image":{"@id":"https:\/\/jackpotlotteryonline.com\/play-online\/france-lotto\/#primaryimage"},"thumbnailUrl":"http:\/\/jackpotlotteryonline.com\/wp-content\/uploads\/2022\/10\/win_big.jpg","datePublished":"2022-11-04T08:04:18+00:00","dateModified":"2022-12-31T10:42:26+00:00","description":"V\u00e1s\u00e1roljon szelv\u00e9nyt a franciaorsz\u00e1gi lott\u00f3ra itt - lehet\u0151v\u00e9 tessz\u00fck, hogy a Franciaorsz\u00e1gon k\u00edv\u00fcli lott\u00f3rajong\u00f3k is szelv\u00e9nyt szerezzenek erre a n\u00e9pszer\u0171 lott\u00f3j\u00e1t\u00e9kra.","breadcrumb":{"@id":"https:\/\/jackpotlotteryonline.com\/play-online\/france-lotto\/#breadcrumb"},"inLanguage":"hu","potentialAction":[{"@type":"ReadAction","target":["https:\/\/jackpotlotteryonline.com\/play-online\/france-lotto\/"]}]},{"@type":"ImageObject","inLanguage":"hu","@id":"https:\/\/jackpotlotteryonline.com\/play-online\/france-lotto\/#primaryimage","url":"http:\/\/jackpotlotteryonline.com\/wp-content\/uploads\/2022\/10\/win_big.jpg","contentUrl":"http:\/\/jackpotlotteryonline.com\/wp-content\/uploads\/2022\/10\/win_big.jpg"},{"@type":"BreadcrumbList","@id":"https:\/\/jackpotlotteryonline.com\/play-online\/france-lotto\/#breadcrumb","itemListElement":[{"@type":"ListItem","position":1,"name":"Home","item":"https:\/\/jackpotlotteryonline.com\/hu\/"},{"@type":"ListItem","position":2,"name":"Hogyan kell j\u00e1tszani","item":"https:\/\/jackpotlotteryonline.com\/play-online\/"},{"@type":"ListItem","position":3,"name":"J\u00e1tsszon a francia lott\u00f3n"}]},{"@type":"WebSite","@id":"https:\/\/jackpotlotteryonline.com\/#website","url":"https:\/\/jackpotlotteryonline.com\/","name":"Lotto Online - Crack The International Lottery Jackpots","description":"","potentialAction":[{"@type":"SearchAction","target":{"@type":"EntryPoint","urlTemplate":"https:\/\/jackpotlotteryonline.com\/?s={search_term_string}"},"query-input":"required name=search_term_string"}],"inLanguage":"hu"}]}},"_links":{"self":[{"href":"https:\/\/jackpotlotteryonline.com\/hu\/wp-json\/wp\/v2\/pages\/36240","targetHints":{"allow":["GET"]}}],"collection":[{"href":"https:\/\/jackpotlotteryonline.com\/hu\/wp-json\/wp\/v2\/pages"}],"about":[{"href":"https:\/\/jackpotlotteryonline.com\/hu\/wp-json\/wp\/v2\/types\/page"}],"author":[{"embeddable":true,"href":"https:\/\/jackpotlotteryonline.com\/hu\/wp-json\/wp\/v2\/users\/1"}],"replies":[{"embeddable":true,"href":"https:\/\/jackpotlotteryonline.com\/hu\/wp-json\/wp\/v2\/comments?post=36240"}],"version-history":[{"count":0,"href":"https:\/\/jackpotlotteryonline.com\/hu\/wp-json\/wp\/v2\/pages\/36240\/revisions"}],"up":[{"embeddable":true,"href":"https:\/\/jackpotlotteryonline.com\/hu\/wp-json\/wp\/v2\/pages\/35696"}],"wp:attachment":[{"href":"https:\/\/jackpotlotteryonline.com\/hu\/wp-json\/wp\/v2\/media?parent=36240"}],"curies":[{"name":"wp","href":"https:\/\/api.w.org\/{rel}","templated":true}]}}