{"id":36298,"date":"2022-11-04T09:40:09","date_gmt":"2022-11-04T09:40:09","guid":{"rendered":"https:\/\/jackpotlotteryonline.com\/?page_id=36298"},"modified":"2022-12-31T09:53:54","modified_gmt":"2022-12-31T09:53:54","slug":"german-lotto","status":"publish","type":"page","link":"https:\/\/jackpotlotteryonline.com\/hu\/hogyan-kell-jatszani\/german-lotto\/","title":{"rendered":"N\u00e9met lott\u00f3"},"content":{"rendered":"<h2>A n\u00e9met lott\u00f3 m\u00e1r online is el\u00e9rhet\u0151<\/h2>\n<p><img loading=\"lazy\" decoding=\"async\" class=\"alignright wp-image-18464 size-full\" src=\"https:\/\/jackpotlotteryonline.com\/wp-content\/uploads\/2022\/10\/win_lottery_online.jpg\" alt=\"n\u00e9met lott\u00f3t online j\u00e1tszani\" width=\"231\" height=\"130\" \/><\/p>\n<p>A n\u00e9metorsz\u00e1gi lott\u00f3 t\u00f6bb mint 5 \u00e9vtizedes m\u00faltra tekint vissza, a n\u00e9met online lott\u00f3t a Deutscher Lotto \u00e9s a Toto Block szervezi \u00e9s kezeli. A hetente k\u00e9tszer, szerd\u00e1n \u00e9s szombaton <a href=\"https:\/\/jackpotlotteryonline.com\/hu\/nyeroszamok\/german-lotto\">tartott sorsol\u00e1ssal<\/a> a n\u00e9met lott\u00f3 online az egyik legnagyobb eur\u00f3pai jackpotot hozza, t\u00f6bbnyire. Teh\u00e1t minden oka megvan arra, hogy online szelv\u00e9nnyel j\u00e1tsszon a n\u00e9met lott\u00f3n, ha N\u00e9metorsz\u00e1gon k\u00edv\u00fcl \u00e9l.<\/p>\n<p>Ha nem N\u00e9metorsz\u00e1gban \u00e9l, akkor az egyetlen lehet\u0151s\u00e9ge, hogy online j\u00e1tssza a n\u00e9met lott\u00f3t, az, hogy vel\u00fcnk j\u00e1tsszon. Amint regisztr\u00e1lt a weboldalunkon, minden fontos inform\u00e1ci\u00f3t megkaphat a n\u00e9met lott\u00f3val kapcsolatban online. Ez mag\u00e1ban foglalja a r\u00e9gi eredm\u00e9nyeket, a lott\u00f3sz\u00e1mok gener\u00e1tor\u00e1t \u00e9s azt a ter\u00fcletet, ahol a szelv\u00e9nyt megv\u00e1s\u00e1rolhatja. M\u00e9g a nyerem\u00e9ny ig\u00e9nyl\u00e9s\u00e9ben \u00e9s \u00e1tv\u00e9tel\u00e9ben is seg\u00edtenek.<\/p>\n<h2>Hogyan m\u0171k\u00f6dik a n\u00e9met lott\u00f3 online<\/h2>\n<p>Mind\u00f6ssze annyit kell tennie, <a href=\"https:\/\/jackpotlotteryonline.com\/hu\/jegyet-vasarolni\/lotto-germany\">hogy megv\u00e1s\u00e1rolja a n\u00e9met lott\u00f3 online szelv\u00e9ny\u00e9t<\/a>, kiv\u00e1lasztva 6 sz\u00e1mot a 49-es sz\u00e1mcsoportb\u00f3l. Lehet\u0151s\u00e9ge van arra is, hogy 1 \u00e9s 10 k\u00f6z\u00f6tti szuper sz\u00e1mot v\u00e1lasszon. A f\u0151 sorsol\u00e1son az alapsz\u00e1mokat sorsolj\u00e1k ki, majd ezt k\u00f6vet\u0151en ker\u00fcl sor a szuper sz\u00e1m sorsol\u00e1s\u00e1ra. Ha a 6 alapsz\u00e1m egyezik, akkor megnyeri az els\u0151 jutalomd\u00edjat. A t\u00e9nyleges jackpot akkor ker\u00fcl kioszt\u00e1sra, ha a 6 alapsz\u00e1m \u00e9s a szuper sz\u00e1m egyezik a sorsol\u00e1son.<\/p>\n<p>A n\u00e9met lott\u00f3t N\u00e9metorsz\u00e1gon k\u00edv\u00fclr\u0151l is lehet online j\u00e1tszani. Weboldalunkon \u00e9lhet ezzel a lehet\u0151s\u00e9ggel, hogy kipr\u00f3b\u00e1lja szerencs\u00e9j\u00e9t, a logisztika t\u00f6bbi r\u00e9sz\u00e9t pedig r\u00e1nk b\u00edzhatja. A n\u00e9met lott\u00f3 online szelv\u00e9nnyel t\u00f6rt\u00e9n\u0151 j\u00e1t\u00e9k\u00e1hoz 18 \u00e9v feletti \u00e9letkor sz\u00fcks\u00e9ges.<\/p>\n<section class=\"layout\" style=\"border: solid 1px; width: 100%;\">\n<div class=\"img-div\" style=\"margin-top: 5px;\"><img decoding=\"async\" class=\"wp-image-17212 alignleft\" style=\"height: 45px; margin: 8px 8px 0px;\" src=\"https:\/\/jackpotlotteryonline.com\/wp-content\/uploads\/2022\/11\/read1.jpg\" alt=\"olvasd el\" width=\"\" height=\"\" \/><\/div>\n<div style=\"padding-left: 5px;\">\n<div style=\"font-size: 1.1em;\">\n<p><strong>Milyen aut\u00f3t venn\u00e9l, ha megnyern\u00e9d a lott\u00f3t?<\/strong><\/p>\n<p style=\"font-size: 0.85em; margin-top: -1.5em;\">Nyerj a lott\u00f3n \u00e9s szerezz egy \u00faj aut\u00f3t\u00a0<a href=\"https:\/\/jackpotlotteryonline.com\/hu\/milyen-autot-vennel-ha-megnyerned-a-lottot\"> tov\u00e1bb<\/a><\/p>\n<\/div>\n<\/div>\n<\/section>\n<h2>A n\u00e9met lott\u00f3 online megnyer\u00e9se<\/h2>\n<p><img loading=\"lazy\" decoding=\"async\" class=\"alignright size-medium wp-image-33350\" src=\"https:\/\/jackpotlotteryonline.com\/wp-content\/uploads\/2022\/11\/2_ticket_euromillions3-1-111x300.jpg\" alt=\"n\u00e9met lott\u00f3szelv\u00e9ny\" width=\"111\" height=\"300\" srcset=\"https:\/\/jackpotlotteryonline.com\/wp-content\/uploads\/2022\/11\/2_ticket_euromillions3-1-111x300.jpg 111w, https:\/\/jackpotlotteryonline.com\/wp-content\/uploads\/2022\/11\/2_ticket_euromillions3-1.jpg 180w\" sizes=\"auto, (max-width: 111px) 100vw, 111px\" \/><\/p>\n<p>A n\u00e9met lott\u00f3 online megnyer\u00e9se a szerencse k\u00e9rd\u00e9se, de ez minden m\u00e1s lott\u00f3 eset\u00e9ben is \u00edgy van. A n\u00e9met lott\u00f3 online nyer\u00e9si es\u00e9lyeit a lott\u00f3sz\u00e1m-gener\u00e1torunk haszn\u00e1lat\u00e1val \u00e9s a kor\u00e1bbi eredm\u00e9nyekr\u0151l sz\u00f3l\u00f3 inform\u00e1ci\u00f3kkal n\u00f6velj\u00fck, hogy seg\u00edts\u00fcnk kiv\u00e1lasztani a szerencsesz\u00e1mokat. A n\u00e9met online lott\u00f3val kapcsolatos minden l\u00e9nyeges inform\u00e1ci\u00f3 el\u00e9rhet\u0151 n\u00e1lunk, \u00e9s ezt a lehet\u0151 legjobban kihaszn\u00e1lhatja, hogy n\u00f6velje es\u00e9lyeit.<\/p>\n<p>A n\u00e9met online lott\u00f3 nem csak Eur\u00f3pa egyik legnagyobb jackpotja, hanem a vil\u00e1g legszervezettebb lott\u00f3j\u00e1t\u00e9ka is, amelyet nagyon professzion\u00e1lisan bonyol\u00edtanak le. Ha \u00d6n online j\u00e1tszik a n\u00e9met lott\u00f3n, \u00e9s ha nyer, mi seg\u00edt\u00fcnk \u00d6nnek minden neh\u00e9zs\u00e9g n\u00e9lk\u00fcl \u00e1tvenni a nyerem\u00e9ny\u00e9t, \u00e9s gondoskodunk arr\u00f3l, hogy a nyerem\u00e9ny \u00f6sszege z\u00f6kken\u0151mentesen eljusson \u00d6nh\u00f6z.<\/p>\n<p>B\u00e1r a n\u00e9met online lott\u00f3 az egyik legr\u00e9gebbi lott\u00f3 Eur\u00f3p\u00e1ban, m\u00e9gsem olyan n\u00e9pszer\u0171, mint a t\u00f6bbi. Ennek oka, hogy N\u00e9metorsz\u00e1gon k\u00edv\u00fcl nem annyira n\u00e9pszer\u0171s\u00edtik. <strong>Mindenesetre ez nem ok arra, hogy ne j\u00e1tsszon a n\u00e9met lott\u00f3n online. Pr\u00f3b\u00e1ljon szerencs\u00e9t a n\u00e9metorsz\u00e1gi lott\u00f3n m\u00e9g ma.<\/strong><\/p>\n","protected":false},"excerpt":{"rendered":"<p>A n\u00e9met lott\u00f3 m\u00e1r online is el\u00e9rhet\u0151 A n\u00e9metorsz\u00e1gi lott\u00f3 t\u00f6bb mint 5 \u00e9vtizedes m\u00faltra tekint vissza, a n\u00e9met online lott\u00f3t a Deutscher Lotto \u00e9s a Toto Block szervezi \u00e9s kezeli. A hetente k\u00e9tszer, szerd\u00e1n \u00e9s szombaton tartott sorsol\u00e1ssal a n\u00e9met lott\u00f3 online az egyik legnagyobb eur\u00f3pai jackpotot hozza, t\u00f6bbnyire. Teh\u00e1t minden oka megvan arra, [&hellip;]<\/p>\n","protected":false},"author":1,"featured_media":0,"parent":35696,"menu_order":8,"comment_status":"closed","ping_status":"closed","template":"lotto-german.php","meta":{"_et_pb_use_builder":"","_et_pb_old_content":"","_et_gb_content_width":"","exclude_from_search":false,"footnotes":""},"class_list":["post-36298","page","type-page","status-publish","hentry"],"yoast_head":"<!-- This site is optimized with the Yoast SEO plugin v23.3 - https:\/\/yoast.com\/wordpress\/plugins\/seo\/ -->\n<title>J\u00e1tsszon a n\u00e9met lott\u00f3n N\u00e9metorsz\u00e1gon k\u00edv\u00fclr\u0151l, online szelv\u00e9nnyel!<\/title>\n<meta name=\"description\" content=\"N\u00e9metorsz\u00e1gon k\u00edv\u00fcl \u00e9l? Nem probl\u00e9ma - j\u00e1tsszon a n\u00e9met lott\u00f3n a t\u0151l\u00fcnk sz\u00e1rmaz\u00f3 online szelv\u00e9nnyel.\" \/>\n<meta name=\"robots\" content=\"index, follow, max-snippet:-1, max-image-preview:large, max-video-preview:-1\" \/>\n<link rel=\"canonical\" href=\"https:\/\/jackpotlotteryonline.com\/play-online\/german-lotto\/\" \/>\n<meta property=\"og:locale\" content=\"hu_HU\" \/>\n<meta property=\"og:type\" content=\"article\" \/>\n<meta property=\"og:title\" content=\"J\u00e1tsszon a n\u00e9met lott\u00f3n N\u00e9metorsz\u00e1gon k\u00edv\u00fclr\u0151l, online szelv\u00e9nnyel!\" \/>\n<meta property=\"og:description\" content=\"N\u00e9metorsz\u00e1gon k\u00edv\u00fcl \u00e9l? Nem probl\u00e9ma - j\u00e1tsszon a n\u00e9met lott\u00f3n a t\u0151l\u00fcnk sz\u00e1rmaz\u00f3 online szelv\u00e9nnyel.\" \/>\n<meta property=\"og:url\" content=\"https:\/\/jackpotlotteryonline.com\/play-online\/german-lotto\/\" \/>\n<meta property=\"og:site_name\" content=\"Lotto Online - Crack The International Lottery Jackpots\" \/>\n<meta property=\"article:modified_time\" content=\"2022-12-31T09:53:54+00:00\" \/>\n<meta property=\"og:image\" content=\"https:\/\/jackpotlotteryonline.com\/wp-content\/uploads\/2022\/10\/win_lottery_online.jpg\" \/>\n<meta name=\"twitter:card\" content=\"summary_large_image\" \/>\n<meta name=\"twitter:label1\" content=\"Becs\u00fclt olvas\u00e1si id\u0151\" \/>\n\t<meta name=\"twitter:data1\" content=\"3 perc\" \/>\n<!-- \/ Yoast SEO plugin. -->","yoast_head_json":{"title":"J\u00e1tsszon a n\u00e9met lott\u00f3n N\u00e9metorsz\u00e1gon k\u00edv\u00fclr\u0151l, online szelv\u00e9nnyel!","description":"N\u00e9metorsz\u00e1gon k\u00edv\u00fcl \u00e9l? Nem probl\u00e9ma - j\u00e1tsszon a n\u00e9met lott\u00f3n a t\u0151l\u00fcnk sz\u00e1rmaz\u00f3 online szelv\u00e9nnyel.","robots":{"index":"index","follow":"follow","max-snippet":"max-snippet:-1","max-image-preview":"max-image-preview:large","max-video-preview":"max-video-preview:-1"},"canonical":"https:\/\/jackpotlotteryonline.com\/play-online\/german-lotto\/","og_locale":"hu_HU","og_type":"article","og_title":"J\u00e1tsszon a n\u00e9met lott\u00f3n N\u00e9metorsz\u00e1gon k\u00edv\u00fclr\u0151l, online szelv\u00e9nnyel!","og_description":"N\u00e9metorsz\u00e1gon k\u00edv\u00fcl \u00e9l? Nem probl\u00e9ma - j\u00e1tsszon a n\u00e9met lott\u00f3n a t\u0151l\u00fcnk sz\u00e1rmaz\u00f3 online szelv\u00e9nnyel.","og_url":"https:\/\/jackpotlotteryonline.com\/play-online\/german-lotto\/","og_site_name":"Lotto Online - Crack The International Lottery Jackpots","article_modified_time":"2022-12-31T09:53:54+00:00","og_image":[{"url":"https:\/\/jackpotlotteryonline.com\/wp-content\/uploads\/2022\/10\/win_lottery_online.jpg"}],"twitter_card":"summary_large_image","twitter_misc":{"Becs\u00fclt olvas\u00e1si id\u0151":"3 perc"},"schema":{"@context":"https:\/\/schema.org","@graph":[{"@type":"WebPage","@id":"https:\/\/jackpotlotteryonline.com\/play-online\/german-lotto\/","url":"https:\/\/jackpotlotteryonline.com\/play-online\/german-lotto\/","name":"J\u00e1tsszon a n\u00e9met lott\u00f3n N\u00e9metorsz\u00e1gon k\u00edv\u00fclr\u0151l, online szelv\u00e9nnyel!","isPartOf":{"@id":"https:\/\/jackpotlotteryonline.com\/#website"},"primaryImageOfPage":{"@id":"https:\/\/jackpotlotteryonline.com\/play-online\/german-lotto\/#primaryimage"},"image":{"@id":"https:\/\/jackpotlotteryonline.com\/play-online\/german-lotto\/#primaryimage"},"thumbnailUrl":"https:\/\/jackpotlotteryonline.com\/wp-content\/uploads\/2022\/10\/win_lottery_online.jpg","datePublished":"2022-11-04T09:40:09+00:00","dateModified":"2022-12-31T09:53:54+00:00","description":"N\u00e9metorsz\u00e1gon k\u00edv\u00fcl \u00e9l? Nem probl\u00e9ma - j\u00e1tsszon a n\u00e9met lott\u00f3n a t\u0151l\u00fcnk sz\u00e1rmaz\u00f3 online szelv\u00e9nnyel.","breadcrumb":{"@id":"https:\/\/jackpotlotteryonline.com\/play-online\/german-lotto\/#breadcrumb"},"inLanguage":"hu","potentialAction":[{"@type":"ReadAction","target":["https:\/\/jackpotlotteryonline.com\/play-online\/german-lotto\/"]}]},{"@type":"ImageObject","inLanguage":"hu","@id":"https:\/\/jackpotlotteryonline.com\/play-online\/german-lotto\/#primaryimage","url":"https:\/\/jackpotlotteryonline.com\/wp-content\/uploads\/2022\/10\/win_lottery_online.jpg","contentUrl":"https:\/\/jackpotlotteryonline.com\/wp-content\/uploads\/2022\/10\/win_lottery_online.jpg"},{"@type":"BreadcrumbList","@id":"https:\/\/jackpotlotteryonline.com\/play-online\/german-lotto\/#breadcrumb","itemListElement":[{"@type":"ListItem","position":1,"name":"Home","item":"https:\/\/jackpotlotteryonline.com\/hu\/"},{"@type":"ListItem","position":2,"name":"Hogyan kell j\u00e1tszani","item":"https:\/\/jackpotlotteryonline.com\/play-online\/"},{"@type":"ListItem","position":3,"name":"N\u00e9met lott\u00f3"}]},{"@type":"WebSite","@id":"https:\/\/jackpotlotteryonline.com\/#website","url":"https:\/\/jackpotlotteryonline.com\/","name":"Lotto Online - Crack The International Lottery Jackpots","description":"","potentialAction":[{"@type":"SearchAction","target":{"@type":"EntryPoint","urlTemplate":"https:\/\/jackpotlotteryonline.com\/?s={search_term_string}"},"query-input":"required name=search_term_string"}],"inLanguage":"hu"}]}},"_links":{"self":[{"href":"https:\/\/jackpotlotteryonline.com\/hu\/wp-json\/wp\/v2\/pages\/36298","targetHints":{"allow":["GET"]}}],"collection":[{"href":"https:\/\/jackpotlotteryonline.com\/hu\/wp-json\/wp\/v2\/pages"}],"about":[{"href":"https:\/\/jackpotlotteryonline.com\/hu\/wp-json\/wp\/v2\/types\/page"}],"author":[{"embeddable":true,"href":"https:\/\/jackpotlotteryonline.com\/hu\/wp-json\/wp\/v2\/users\/1"}],"replies":[{"embeddable":true,"href":"https:\/\/jackpotlotteryonline.com\/hu\/wp-json\/wp\/v2\/comments?post=36298"}],"version-history":[{"count":0,"href":"https:\/\/jackpotlotteryonline.com\/hu\/wp-json\/wp\/v2\/pages\/36298\/revisions"}],"up":[{"embeddable":true,"href":"https:\/\/jackpotlotteryonline.com\/hu\/wp-json\/wp\/v2\/pages\/35696"}],"wp:attachment":[{"href":"https:\/\/jackpotlotteryonline.com\/hu\/wp-json\/wp\/v2\/media?parent=36298"}],"curies":[{"name":"wp","href":"https:\/\/api.w.org\/{rel}","templated":true}]}}