{"id":36403,"date":"2022-11-07T06:17:04","date_gmt":"2022-11-07T06:17:04","guid":{"rendered":"https:\/\/jackpotlotteryonline.com\/?page_id=36403"},"modified":"2022-12-19T16:04:41","modified_gmt":"2022-12-19T16:04:41","slug":"powerball","status":"publish","type":"page","link":"https:\/\/jackpotlotteryonline.com\/hu\/jegyet-vasarolni\/powerball\/","title":{"rendered":"Az amerikai Powerball lott\u00f3"},"content":{"rendered":"<h2>Hogyan szerezhetsz Powerball szelv\u00e9nyt az Egyes\u00fclt \u00c1llamokon k\u00edv\u00fclr\u0151l<\/h2>\n<p>A F\u00f6ld szinte minden orsz\u00e1g\u00e1ban van lott\u00f3, de nem minden lott\u00f3 olyan, mint a Powerball \u00e9s a Mega Millions, a nagy amerikai lott\u00f3. Az USA-ban a lott\u00f3 jackpotok \u00f6sszege el\u00e9rte az 1,5 milli\u00e1rd doll\u00e1rt (2016-ban). M\u00e1s orsz\u00e1gokban a lott\u00f3 jackpotok soha nem \u00e9rtek el ilyen \u00f6sszeget, ez\u00e9rt valah\u00e1nyszor a lott\u00f3rajong\u00f3k egy \u00fajabb rekordot jelent\u0151 USA-beli lott\u00f3 jackpotr\u00f3l olvasnak, egy k\u00e9rd\u00e9st tesznek fel maguknak: <strong><a href=\"https:\/\/jackpotlotteryonline.com\/hu\/hogyan-kell-jatszani\/powerball\">Powerballt az USA-n k\u00edv\u00fclr\u0151l is lehet j\u00e1tszani<\/a>, esetleg online?<\/strong><\/p>\n<p><strong>Nos, az egyszer\u0171 v\u00e1lasz igen &#8211; m\u00e9g akkor is j\u00e1tszhatsz a Powerballon<\/strong>, ha nem az Egyes\u00fclt \u00c1llamokban \u00e9lsz. Mi egy j\u00f3 h\u00edr\u0171 szolg\u00e1ltat\u00e1s vagyunk, amely lehet\u0151v\u00e9 teszi, hogy szelv\u00e9nyeket v\u00e1s\u00e1roljon ezekre a hatalmas lott\u00f3j\u00e1t\u00e9kokra vagy sz\u00e1mos m\u00e1s nemzetk\u00f6zi lott\u00f3j\u00e1t\u00e9kra. Ez a lehet\u0151 legegyszer\u0171bb &#8211; \u00d6n kiv\u00e1lasztja a sz\u00e1mokat online, mi pedig kik\u00fcldj\u00fck az USA-n bel\u00fcli \u00fcgyn\u00f6keinket, hogy megv\u00e1s\u00e1rolj\u00e1k \u00d6nnek a szelv\u00e9nyeket. Ezek a lott\u00f3szelv\u00e9nyek az \u00d6n tulajdon\u00e1t k\u00e9pezik, \u00edgy jogos k\u00f6vetel\u00e9se van mag\u00e1val a lott\u00f3bizotts\u00e1ggal szemben. Ha nyer, mi is seg\u00edt\u00fcnk \u00d6nnek a p\u00e9nz\u00e9hez jutni.<\/p>\n<p>A fontos az, hogy itt eredeti lott\u00f3szelv\u00e9nyt kap, \u00e9s nem valamilyen lott\u00f3csal\u00e1sban vesz r\u00e9szt!<\/p>\n<h2>Az online lott\u00f3szelv\u00e9ny v\u00e1s\u00e1rl\u00e1s\u00e1nak folyamata<\/h2>\n<p><img loading=\"lazy\" decoding=\"async\" class=\"alignright size-full wp-image-34943\" src=\"http:\/\/jackpotlotteryonline.com\/wp-content\/uploads\/2022\/11\/2_ticket_powerball3-1.jpg\" alt=\"powerball szelv\u00e9ny\" width=\"180\" height=\"194\" \/><\/p>\n<p><strong>El\u0151sz\u00f6r is megn\u00e9zi weboldalunk tetej\u00e9t<\/strong>, ahol az egyik bannerre kattintva kiv\u00e1lasztja a lott\u00f3t, amelyben r\u00e9szt szeretne venni. Weboldalunk t\u00f6bb mint 20 k\u00fcl\u00f6nb\u00f6z\u0151 nyelven \u00e9rhet\u0151 el. A legt\u00f6bb \u00fcgyf\u00e9l az amerikai Powerball \u00e9s\/vagy Mega Millions lott\u00f3j\u00e1t\u00e9kokra v\u00e1s\u00e1rol szelv\u00e9nyt, de nagyon gyakran m\u00e1s nemzetk\u00f6zi lott\u00f3j\u00e1t\u00e9kok is hatalmas jackpotokkal rendelkeznek. Ezeket a jackpot nagys\u00e1ga szerint rendezheti, \u00e9s egyszer\u0171en megj\u00e1tszhatja azt a lott\u00f3t, amelyikben \u00e9ppen a legmagasabb \u00f6sszeg van. Ha t\u00f6bb lott\u00f3n szeretne j\u00e1tszani, az is egyszer\u0171 &#8211; p\u00e9ld\u00e1ul v\u00e1s\u00e1rolhat egy szelv\u00e9nyt a Powerballra, \u00e9s egy m\u00e1sikat a spanyol El Gord\u00f3ra.<\/p>\n<p>Ezut\u00e1n v\u00e1lassza ki a sz\u00e1mokat &#8211; ez egyszer\u0171, mivel weboldalunk megmutatja, hogy h\u00e1ny sz\u00e1mot kell kiv\u00e1lasztania. Van egy gyors v\u00e1laszt\u00e1si funkci\u00f3, amely v\u00e9letlenszer\u0171en gener\u00e1lja a sz\u00e1mokat, ha ezt szeretn\u00e9. Ezut\u00e1n v\u00e1lassza ki, h\u00e1ny szelv\u00e9nyt szeretne v\u00e1s\u00e1rolni, \u00e9s <a href=\"https:\/\/jackpotlotteryonline.com\/hu\/nyeroszamok\/powerball\">h\u00e1ny sorsol\u00e1sig (h\u00e9tig)<\/a> szeretn\u00e9, hogy a szelv\u00e9nye \u00e9rv\u00e9nyes legyen. Att\u00f3l f\u00fcgg\u0151en, hogy h\u00e1ny h\u00e9ten vesz r\u00e9szt a szelv\u00e9nye, kedvezm\u00e9nyt kap a szelv\u00e9ny \u00e1r\u00e1b\u00f3l.<\/p>\n<p>Miut\u00e1n minden lehet\u0151s\u00e9get kiv\u00e1lasztott, l\u00e1thatja a teljes \u00e1rat, \u00e9s a k\u00f6vetkez\u0151 l\u00e9p\u00e9s az \u00fcgyf\u00e9lsz\u00e1mla regisztr\u00e1l\u00e1sa. A sorsjegyek kifizet\u00e9se is egyszer\u0171 &#8211; a legt\u00f6bb \u00fcgyf\u00e9l a hitelk\u00e1rty\u00e1s fizet\u00e9si lehet\u0151s\u00e9get v\u00e1lasztja, de vannak m\u00e1s lehet\u0151s\u00e9gek is, mint p\u00e9ld\u00e1ul (az orsz\u00e1gt\u00f3l f\u00fcgg\u0151en) az azonnali banki \u00e1tutal\u00e1s vagy a kriptovalut\u00e1k.<\/p>\n<p>A fizet\u00e9sekhez a leg\u00fajabb \u00e9s legbiztons\u00e1gosabb protokollokat haszn\u00e1ljuk, \u00edgy nem kell tartania semmilyen hitelk\u00e1rtyacsal\u00e1st\u00f3l. Ha szeretn\u00e9, v\u00e1laszthatja azt az opci\u00f3t, hogy t\u00f6bb sorsol\u00e1sra is kap szelv\u00e9nyt, a sz\u00e1mai r\u00e9szt vesznek a Powerballban vagy b\u00e1rmilyen lott\u00f3j\u00e1t\u00e9kban, amit \u00d6n v\u00e1laszt, 2, 4, 6 vagy ak\u00e1r 8 sorsol\u00e1son kereszt\u00fcl egym\u00e1s ut\u00e1n.\u00a0 Ez azonban csak egy lehet\u0151s\u00e9g &#8211; ha nem jel\u00f6l\u00f6d be ezt a n\u00e9gyzetet, akkor csak egy sorsol\u00e1sra kapod meg a d\u00edjat!<\/p>\n<p>A legt\u00f6bb ember az Egyes\u00fclt \u00c1llamokon k\u00edv\u00fcl csak a helyi lott\u00f3t j\u00e1tssza, an\u00e9lk\u00fcl, hogy tudna err\u0151l a lehet\u0151s\u00e9gr\u0151l, hogy nemzetk\u00f6zi lott\u00f3t j\u00e1tszhat online. De most, hogy m\u00e1r tudja, mi tartja vissza att\u00f3l, hogy olyan jackpotok\u00e9rt j\u00e1tsszon, amelyek gyakran sz\u00e1zszor nagyobbak, mint amit a lak\u00f3helye szerinti orsz\u00e1gban nyerhet? Tal\u00e1n \u00d6n lesz a k\u00f6vetkez\u0151 Powerball jackpot nyertese!<\/p>\n<section class=\"layout\" style=\"border: solid 1px; width: 100%;\">\n<div class=\"img-div\" style=\"margin-top: 5px;\"><img decoding=\"async\" class=\"wp-image-17212 alignleft\" style=\"height: 45px; margin: 8px 8px 0px;\" src=\"http:\/\/jackpotlotteryonline.com\/wp-content\/uploads\/2022\/11\/read1.jpg\" alt=\"powerballt j\u00e1tszani az USA-n k\u00edv\u00fclr\u0151l\" width=\"\" height=\"\" \/><\/div>\n<div style=\"padding-left: 5px;\">\n<div style=\"font-size: 1.1em;\">\n<p><strong>Leg\u00e1lis-e m\u00e1s orsz\u00e1gok lott\u00f3j\u00e1t\u00e9kait online j\u00e1tszani?<\/strong><\/p>\n<p style=\"font-size: 0.85em; margin-top: -1.5em;\">Leg\u00e1lis-e online lott\u00f3szelv\u00e9nyt venni, \u00e9s val\u00f3ban kapok-e p\u00e9nzt?\u00a0\u00a0<a href=\"https:\/\/jackpotlotteryonline.com\/hu\/legalis-e-mas-orszagok-lottojatekainak-online-jateka\"> tov\u00e1bb<\/a><\/p>\n<\/div>\n<\/div>\n<\/section>\n<h2>Lotto USA Online \u00e1ttekint\u00e9s<\/h2>\n<p>Az Egyes\u00fclt \u00c1llamokban 43 \u00e1llam, valamint a Columbia k\u00f6rzet, az Amerikai Virgin-szigetek \u00e9s Puerto Rico m\u0171k\u00f6dtet lott\u00f3t. Ezen ter\u00fcletek mindegyik\u00e9n vannak \u00e1llami lott\u00f3j\u00e1t\u00e9kok, amelyek a <strong>Lotto USA kateg\u00f3ri\u00e1ba<\/strong> tartoznak. A Lotto USA legfontosabb lott\u00f3j\u00e1t\u00e9kai k\u00f6z\u00e9 tartozik a Mega Millions \u00e9s a Powerball. Ezek olyan hatalmas lott\u00f3j\u00e1t\u00e9kok, amelyek az Egyes\u00fclt \u00c1llamok eg\u00e9sz ter\u00fclet\u00e9r\u0151l el\u00e9rhet\u0151ek a lakosok sz\u00e1m\u00e1ra, \u00e9s most m\u00e1r a k\u00fclf\u00f6ldr\u0151l \u00e9rkez\u0151 j\u00e1t\u00e9kosok is r\u00e9szt vehetnek online ezen a szolg\u00e1ltat\u00e1sunkon kereszt\u00fcl.<\/p>\n<h2>Powerball Lotto USA<\/h2>\n<p><img loading=\"lazy\" decoding=\"async\" class=\"alignright size-full wp-image-31721\" src=\"http:\/\/jackpotlotteryonline.com\/wp-content\/uploads\/2022\/11\/powerball_globe_logo.png\" alt=\"Powerball online v\u00e1s\u00e1rl\u00e1s\" width=\"200\" height=\"212\" \/><\/p>\n<p>A legn\u00e9pszer\u0171bb Lotto USA j\u00e1t\u00e9k a Powerball. A Powerballt az USA floridai Universal Studios\u00e1ban sorsolj\u00e1k ki, de a Powerballnak nem kell lakc\u00edmmel rendelkeznie, ami azt jelenti, hogy a Powerballon k\u00edv\u00fcli \u00e1llamok lakosai, s\u0151t az USA-n k\u00edv\u00fcli j\u00e1t\u00e9kosok is r\u00e9szt vehetnek ebben a Lotto USA j\u00e1t\u00e9kban.<\/p>\n<p>Ahhoz, hogy a j\u00e1t\u00e9kosok jogosultak legyenek a Powerball j\u00e1t\u00e9kra, legal\u00e1bb 18 \u00e9vesnek kell lenni\u00fck. A j\u00e1t\u00e9kosoknak hat sz\u00e1mot kell kiv\u00e1lasztaniuk &#8211; \u00f6t sz\u00e1mot 1 \u00e9s 59 k\u00f6z\u00f6tt \u00e9s egy PowerBall sz\u00e1mot 1 \u00e9s 39 k\u00f6z\u00f6tt. A j\u00e1t\u00e9kosok ig\u00e9nybe vehetik a Quick Pick funkci\u00f3t, amely v\u00e9letlenszer\u0171en v\u00e1laszt ki 6 sz\u00e1mot az \u00d6n sz\u00e1m\u00e1ra.<\/p>\n<p>A Powerball jackpotok jellemz\u0151en t\u00f6bb t\u00edzmilli\u00f3 doll\u00e1ros nagys\u00e1grend\u0171ek, b\u00e1r a m\u00faltban el\u00e9g gyakran 200 milli\u00f3 doll\u00e1r f\u00f6l\u00e9 mentek.<\/p>\n<h2>Mega Millions lott\u00f3 USA<\/h2>\n<p>A Mega Millions egy m\u00e1sik <strong>lott\u00f3 USA lott\u00f3<\/strong>, amelyet az Egyes\u00fclt \u00c1llamokban rendeznek, \u00e9s amelyet val\u00f3j\u00e1ban a Georgia \u00e1llambeli Atlant\u00e1ban sorsolnak ki. Ennek ellen\u00e9re a Mega Millions lott\u00f3n nincs lak\u00f3helyre vonatkoz\u00f3 k\u00f6vetelm\u00e9ny, ami azt jelenti, hogy a Mega Millions lott\u00f3 USA-n k\u00edv\u00fcli \u00e1llamok lakosai, s\u0151t m\u00e9g az USA-n k\u00edv\u00fcli lakosok is r\u00e9szt vehetnek \u00e9s nyerhetnek a Mega Millions lott\u00f3n.<\/p>\n<p>A Mega Million Lotto USA j\u00e1t\u00e9khoz 18 \u00e9ves vagy ann\u00e1l id\u0151sebbnek kell lennie. 6 sz\u00e1mot kell kiv\u00e1lasztania &#8211; \u00f6t sz\u00e1mot 1 \u00e9s 56 k\u00f6z\u00f6tt \u00e9s egy Mega Ball sz\u00e1mot 1 \u00e9s 46 k\u00f6z\u00f6tt. Haszn\u00e1lhatja a Quick Pick opci\u00f3t, amely v\u00e9letlenszer\u0171en v\u00e1lasztja ki a sz\u00e1mokat az \u00d6n sz\u00e1m\u00e1ra.<\/p>\n<p>A Mega Million Lotto USA j\u00e1t\u00e9k k\u00e9szp\u00e9nzes nyerem\u00e9nyeket, valamint jackpot nyerem\u00e9nyt k\u00edn\u00e1l. Az \u00e9letet megv\u00e1ltoztat\u00f3 jackpotr\u00f3l ismert, hogy t\u00f6bb sz\u00e1zmilli\u00f3 doll\u00e1rra r\u00fag, ami rendk\u00edv\u00fcl n\u00e9pszer\u0171v\u00e9 teszi a j\u00e1t\u00e9kot.<\/p>\n<h2>NASPL &#8211; USA Lotto Sz\u00f6vets\u00e9g<\/h2>\n<p>Az \u00c9szak-amerikai \u00c1llami \u00e9s Tartom\u00e1nyi Lott\u00f3sz\u00f6vets\u00e9g (NASPL) k\u00e9pviseli az \u00f6sszes amerikai \u00e1llami \u00e9s tartom\u00e1nyi lott\u00f3t\u00e1rsas\u00e1got, valamint a kanadai lott\u00f3t\u00e1rsas\u00e1gokat. Az USA lott\u00f3 a NASPL-en kereszt\u00fcl hat\u00e9konyabban m\u0171k\u00f6dik. A szervezet a Lotto USA sz\u00e1m\u00e1ra interf\u00e9szk\u00e9nt m\u0171k\u00f6dik, t\u00e1j\u00e9koztat\u00e1st ny\u00fajt, kutat\u00e1st \u00e9s fejleszt\u00e9st v\u00e9gez, gondoskodik a biztons\u00e1gr\u00f3l, \u00e9s k\u00e9pzi a Lotto USA szem\u00e9lyzet\u00e9t. Az USA valamennyi jelent\u0151s lott\u00f3t\u00e1rsas\u00e1ga tagja a NASPL-nek.<\/p>\n","protected":false},"excerpt":{"rendered":"<p>Hogyan szerezhetsz Powerball szelv\u00e9nyt az Egyes\u00fclt \u00c1llamokon k\u00edv\u00fclr\u0151l A F\u00f6ld szinte minden orsz\u00e1g\u00e1ban van lott\u00f3, de nem minden lott\u00f3 olyan, mint a Powerball \u00e9s a Mega Millions, a nagy amerikai lott\u00f3. Az USA-ban a lott\u00f3 jackpotok \u00f6sszege el\u00e9rte az 1,5 milli\u00e1rd doll\u00e1rt (2016-ban). M\u00e1s orsz\u00e1gokban a lott\u00f3 jackpotok soha nem \u00e9rtek el ilyen \u00f6sszeget, ez\u00e9rt [&hellip;]<\/p>\n","protected":false},"author":1,"featured_media":0,"parent":35758,"menu_order":1,"comment_status":"closed","ping_status":"closed","template":"powerball-usa-info.php","meta":{"_et_pb_use_builder":"","_et_pb_old_content":"","_et_gb_content_width":"","exclude_from_search":false,"footnotes":""},"class_list":["post-36403","page","type-page","status-publish","hentry"],"yoast_head":"<!-- This site is optimized with the Yoast SEO plugin v23.3 - https:\/\/yoast.com\/wordpress\/plugins\/seo\/ -->\n<title>Powerball szelv\u00e9nyek online v\u00e1s\u00e1rl\u00e1sa az USA-n k\u00edv\u00fcli b\u00e1rmely m\u00e1s orsz\u00e1gb\u00f3l<\/title>\n<meta name=\"description\" content=\"Tudja meg, hogy m\u00e1s orsz\u00e1gok lakosai hogyan j\u00e1tszhatnak a hatalmas Powerball lott\u00f3 jackpotok\u00e9rt online - az USA-n k\u00edv\u00fcl is j\u00e1tszhat.\" \/>\n<meta name=\"robots\" content=\"index, follow, max-snippet:-1, max-image-preview:large, max-video-preview:-1\" \/>\n<link rel=\"canonical\" href=\"https:\/\/jackpotlotteryonline.com\/buy-tickets\/powerball\/\" \/>\n<meta property=\"og:locale\" content=\"hu_HU\" \/>\n<meta property=\"og:type\" content=\"article\" \/>\n<meta property=\"og:title\" content=\"Powerball szelv\u00e9nyek online v\u00e1s\u00e1rl\u00e1sa az USA-n k\u00edv\u00fcli b\u00e1rmely m\u00e1s orsz\u00e1gb\u00f3l\" \/>\n<meta property=\"og:description\" content=\"Tudja meg, hogy m\u00e1s orsz\u00e1gok lakosai hogyan j\u00e1tszhatnak a hatalmas Powerball lott\u00f3 jackpotok\u00e9rt online - az USA-n k\u00edv\u00fcl is j\u00e1tszhat.\" \/>\n<meta property=\"og:url\" content=\"https:\/\/jackpotlotteryonline.com\/buy-tickets\/powerball\/\" \/>\n<meta property=\"og:site_name\" content=\"Lotto Online - Crack The International Lottery Jackpots\" \/>\n<meta property=\"article:modified_time\" content=\"2022-12-19T16:04:41+00:00\" \/>\n<meta property=\"og:image\" content=\"http:\/\/jackpotlotteryonline.com\/wp-content\/uploads\/2022\/11\/2_ticket_powerball3-1.jpg\" \/>\n<meta name=\"twitter:card\" content=\"summary_large_image\" \/>\n<meta name=\"twitter:label1\" content=\"Becs\u00fclt olvas\u00e1si id\u0151\" \/>\n\t<meta name=\"twitter:data1\" content=\"5 perc\" \/>\n<!-- \/ Yoast SEO plugin. -->","yoast_head_json":{"title":"Powerball szelv\u00e9nyek online v\u00e1s\u00e1rl\u00e1sa az USA-n k\u00edv\u00fcli b\u00e1rmely m\u00e1s orsz\u00e1gb\u00f3l","description":"Tudja meg, hogy m\u00e1s orsz\u00e1gok lakosai hogyan j\u00e1tszhatnak a hatalmas Powerball lott\u00f3 jackpotok\u00e9rt online - az USA-n k\u00edv\u00fcl is j\u00e1tszhat.","robots":{"index":"index","follow":"follow","max-snippet":"max-snippet:-1","max-image-preview":"max-image-preview:large","max-video-preview":"max-video-preview:-1"},"canonical":"https:\/\/jackpotlotteryonline.com\/buy-tickets\/powerball\/","og_locale":"hu_HU","og_type":"article","og_title":"Powerball szelv\u00e9nyek online v\u00e1s\u00e1rl\u00e1sa az USA-n k\u00edv\u00fcli b\u00e1rmely m\u00e1s orsz\u00e1gb\u00f3l","og_description":"Tudja meg, hogy m\u00e1s orsz\u00e1gok lakosai hogyan j\u00e1tszhatnak a hatalmas Powerball lott\u00f3 jackpotok\u00e9rt online - az USA-n k\u00edv\u00fcl is j\u00e1tszhat.","og_url":"https:\/\/jackpotlotteryonline.com\/buy-tickets\/powerball\/","og_site_name":"Lotto Online - Crack The International Lottery Jackpots","article_modified_time":"2022-12-19T16:04:41+00:00","og_image":[{"url":"http:\/\/jackpotlotteryonline.com\/wp-content\/uploads\/2022\/11\/2_ticket_powerball3-1.jpg"}],"twitter_card":"summary_large_image","twitter_misc":{"Becs\u00fclt olvas\u00e1si id\u0151":"5 perc"},"schema":{"@context":"https:\/\/schema.org","@graph":[{"@type":"WebPage","@id":"https:\/\/jackpotlotteryonline.com\/buy-tickets\/powerball\/","url":"https:\/\/jackpotlotteryonline.com\/buy-tickets\/powerball\/","name":"Powerball szelv\u00e9nyek online v\u00e1s\u00e1rl\u00e1sa az USA-n k\u00edv\u00fcli b\u00e1rmely m\u00e1s orsz\u00e1gb\u00f3l","isPartOf":{"@id":"https:\/\/jackpotlotteryonline.com\/#website"},"primaryImageOfPage":{"@id":"https:\/\/jackpotlotteryonline.com\/buy-tickets\/powerball\/#primaryimage"},"image":{"@id":"https:\/\/jackpotlotteryonline.com\/buy-tickets\/powerball\/#primaryimage"},"thumbnailUrl":"http:\/\/jackpotlotteryonline.com\/wp-content\/uploads\/2022\/11\/2_ticket_powerball3-1.jpg","datePublished":"2022-11-07T06:17:04+00:00","dateModified":"2022-12-19T16:04:41+00:00","description":"Tudja meg, hogy m\u00e1s orsz\u00e1gok lakosai hogyan j\u00e1tszhatnak a hatalmas Powerball lott\u00f3 jackpotok\u00e9rt online - az USA-n k\u00edv\u00fcl is j\u00e1tszhat.","breadcrumb":{"@id":"https:\/\/jackpotlotteryonline.com\/buy-tickets\/powerball\/#breadcrumb"},"inLanguage":"hu","potentialAction":[{"@type":"ReadAction","target":["https:\/\/jackpotlotteryonline.com\/buy-tickets\/powerball\/"]}]},{"@type":"ImageObject","inLanguage":"hu","@id":"https:\/\/jackpotlotteryonline.com\/buy-tickets\/powerball\/#primaryimage","url":"http:\/\/jackpotlotteryonline.com\/wp-content\/uploads\/2022\/11\/2_ticket_powerball3-1.jpg","contentUrl":"http:\/\/jackpotlotteryonline.com\/wp-content\/uploads\/2022\/11\/2_ticket_powerball3-1.jpg"},{"@type":"BreadcrumbList","@id":"https:\/\/jackpotlotteryonline.com\/buy-tickets\/powerball\/#breadcrumb","itemListElement":[{"@type":"ListItem","position":1,"name":"Home","item":"https:\/\/jackpotlotteryonline.com\/hu\/"},{"@type":"ListItem","position":2,"name":"Hogyan v\u00e1s\u00e1rolhat lott\u00f3szelv\u00e9nyeket online","item":"https:\/\/jackpotlotteryonline.com\/buy-tickets\/"},{"@type":"ListItem","position":3,"name":"Az amerikai Powerball lott\u00f3"}]},{"@type":"WebSite","@id":"https:\/\/jackpotlotteryonline.com\/#website","url":"https:\/\/jackpotlotteryonline.com\/","name":"Lotto Online - Crack The International Lottery Jackpots","description":"","potentialAction":[{"@type":"SearchAction","target":{"@type":"EntryPoint","urlTemplate":"https:\/\/jackpotlotteryonline.com\/?s={search_term_string}"},"query-input":"required name=search_term_string"}],"inLanguage":"hu"}]}},"_links":{"self":[{"href":"https:\/\/jackpotlotteryonline.com\/hu\/wp-json\/wp\/v2\/pages\/36403","targetHints":{"allow":["GET"]}}],"collection":[{"href":"https:\/\/jackpotlotteryonline.com\/hu\/wp-json\/wp\/v2\/pages"}],"about":[{"href":"https:\/\/jackpotlotteryonline.com\/hu\/wp-json\/wp\/v2\/types\/page"}],"author":[{"embeddable":true,"href":"https:\/\/jackpotlotteryonline.com\/hu\/wp-json\/wp\/v2\/users\/1"}],"replies":[{"embeddable":true,"href":"https:\/\/jackpotlotteryonline.com\/hu\/wp-json\/wp\/v2\/comments?post=36403"}],"version-history":[{"count":0,"href":"https:\/\/jackpotlotteryonline.com\/hu\/wp-json\/wp\/v2\/pages\/36403\/revisions"}],"up":[{"embeddable":true,"href":"https:\/\/jackpotlotteryonline.com\/hu\/wp-json\/wp\/v2\/pages\/35758"}],"wp:attachment":[{"href":"https:\/\/jackpotlotteryonline.com\/hu\/wp-json\/wp\/v2\/media?parent=36403"}],"curies":[{"name":"wp","href":"https:\/\/api.w.org\/{rel}","templated":true}]}}