{"id":36462,"date":"2022-11-07T08:24:36","date_gmt":"2022-11-07T08:24:36","guid":{"rendered":"https:\/\/jackpotlotteryonline.com\/?page_id=36462"},"modified":"2022-12-19T19:05:19","modified_gmt":"2022-12-19T19:05:19","slug":"euromillions","status":"publish","type":"page","link":"https:\/\/jackpotlotteryonline.com\/hu\/jegyet-vasarolni\/euromillions\/","title":{"rendered":"Eur\u00f3p\u00e1n k\u00edv\u00fclr\u0151l is kaphatok szelv\u00e9nyt az Euromillionsra?"},"content":{"rendered":"<h2>Eur\u00f3pa legnagyobb lott\u00f3j\u00e1t\u00e9ka az Euromillions<\/h2>\n<p><img loading=\"lazy\" decoding=\"async\" class=\"alignright wp-image-17411 size-full\" src=\"https:\/\/jackpotlotteryonline.com\/wp-content\/uploads\/2022\/10\/euromillions.png\" alt=\"euromillions online v\u00e1s\u00e1rl\u00e1s\" width=\"200\" height=\"212\" \/><\/p>\n<p>Az <a href=\"https:\/\/jackpotlotteryonline.com\/hu\/hogyan-kell-jatszani\/euromillions\">Euromillions<\/a> egy lott\u00f3, amelyet t\u00f6bb eur\u00f3pai orsz\u00e1gban k\u00edn\u00e1lnak. \u00dagy tervezt\u00e9k, hogy l\u00e9nyegesen nagyobb jackpotokat k\u00edn\u00e1ljon, mint az egyes orsz\u00e1gok nemzeti lott\u00f3i. Ezt \u00fagy \u00e9rt\u00e9k el, hogy egy alacsonyabb val\u00f3sz\u00edn\u0171s\u00e9g\u0171, azaz t\u00f6bb lehets\u00e9ges sz\u00e1mkombin\u00e1ci\u00f3val rendelkez\u0151 lott\u00f3szerkezetet hoztak l\u00e9tre. Az a t\u00e9ny, hogy az ilyen jackpotok megfejt\u00e9se \u00e1ltal\u00e1ban hosszabb id\u0151t vesz ig\u00e9nybe, valamint a nagyobb, 10 milli\u00f3 eur\u00f3s kezd\u0151 jackpot kombin\u00e1lva azt eredm\u00e9nyezte, hogy a jackpotok rendszeresen meghaladj\u00e1k a 100 milli\u00f3 eur\u00f3t.<\/p>\n<h2>Mi\u00e9rt van sz\u00fcks\u00e9ge online szelv\u00e9nyszolg\u00e1ltat\u00e1sra a j\u00e1t\u00e9khoz?<\/h2>\n<p>Nos, ha a r\u00e9sztvev\u0151 eur\u00f3pai orsz\u00e1gok egyik\u00e9ben \u00e9l, akkor nincs sz\u00fcks\u00e9ge a mi\u00e9nkhez hasonl\u00f3 szolg\u00e1ltat\u00e1sra. De ha nem, vagy ha m\u00e9g Eur\u00f3p\u00e1n k\u00edv\u00fcl is \u00e9l, akkor az egyetlen m\u00f3dja annak, hogy szelv\u00e9nyt szerezzen az Euromillionsra, az online. Nem kell m\u00e1st tennie, <strong>mint a tetej\u00e9n l\u00e9v\u0151 Euromillions bannerre kattintania<\/strong>, \u00e9s megrendelnie a szelv\u00e9nyeit, \u00e9s m\u00e1ris biztos\u00edtott a r\u00e9szv\u00e9tele. Egy\u00e9bk\u00e9nt a t\u00e9nyleges Euromillions jegyeket egy Eur\u00f3p\u00e1ban tal\u00e1lhat\u00f3 hivatalos jegy\u00e9rt\u00e9kes\u00edt\u0151n kereszt\u00fcl v\u00e1s\u00e1roljuk meg.<\/p>\n<section class=\"layout\" style=\"border: solid 1px; width: 100%;\">\n<div class=\"img-div\" style=\"margin-top: 5px;\"><img decoding=\"async\" class=\"wp-image-17212 alignleft\" style=\"height: 45px; margin: 8px 8px 0px;\" src=\"https:\/\/jackpotlotteryonline.com\/wp-content\/uploads\/2022\/11\/read1.jpg\" alt=\"Euromillions j\u00e1t\u00e9k\" width=\"\" height=\"\" \/><\/div>\n<div style=\"padding-left: 5px;\">\n<div style=\"font-size: 1.1em;\">\n<p><strong>Azok a lott\u00f3j\u00e1t\u00e9kok, amelyeken a legjobb es\u00e9lye van arra, hogy nagyot nyerjen<\/strong><\/p>\n<p style=\"font-size: 0.85em; margin-top: -1.5em;\">Melyik lott\u00f3nak van a legjobb nyer\u00e9si es\u00e9lye? <a href=\"https:\/\/jackpotlotteryonline.com\/hu\/melyik-lotton-van-a-legjobb-nyeresi-eselye \">tov\u00e1bb<\/a><\/p>\n<\/div>\n<\/div>\n<\/section>\n<h2>Az Euromillionsr\u00f3l<\/h2>\n<p><a href=\"https:\/\/jackpotlotteryonline.com\/hu\/nyeroszamok\/euromillions\">Ennek a lott\u00f3nak heti k\u00e9t sorsol\u00e1sa<\/a> van, kedden \u00e9s p\u00e9nteken. Ugyan\u00fagy \u00e9p\u00fcl fel, mint az Eurojackpot, azzal a k\u00fcl\u00f6nbs\u00e9ggel, hogy a jackpotnak nincs fels\u0151 hat\u00e1ra, \u00e9s k\u00e9t extra sz\u00e1mot kell v\u00e1lasztania 1 \u00e9s 12 k\u00f6z\u00f6tt. Szint\u00e9n 13 nyerem\u00e9nyoszt\u00e1llyal rendelkezik.<\/p>\n<h2>Szelv\u00e9nyv\u00e1s\u00e1rl\u00e1si szolg\u00e1ltat\u00e1s a nemzetk\u00f6zi lott\u00f3j\u00e1t\u00e9kokhoz<\/h2>\n<p><img loading=\"lazy\" decoding=\"async\" class=\"alignright size-full wp-image-33431\" src=\"https:\/\/jackpotlotteryonline.com\/wp-content\/uploads\/2022\/11\/2_ticket_euromillions-112x300-1.jpg\" alt=\"euromillions szelv\u00e9ny\" width=\"112\" height=\"300\" \/><\/p>\n<p>Amellett, hogy online szelv\u00e9nyeket k\u00edn\u00e1lunk az Euromillions \u00e9s az Eurojackpot lott\u00f3j\u00e1t\u00e9kokhoz, \u00f6sszesen t\u00f6bb mint 20 lott\u00f3j\u00e1t\u00e9k k\u00f6z\u00fcl v\u00e1laszthat. B\u00e1r lehet, hogy mindig a legnagyobb jackpotokkal rendelkez\u0151 lott\u00f3t \u00e9rdemes v\u00e1lasztani, n\u00e9h\u00e1ny &#8220;kisebb&#8221; lott\u00f3t is \u00e9rdemes megfontolni. El\u0151ny\u00f6sebb nyer\u00e9si es\u00e9lyeket vagy alacsonyabb szelv\u00e9ny\u00e1rakat k\u00edn\u00e1lhatnak.<\/p>\n<p>A fizet\u00e9s \u00e9s az adatbiztons\u00e1g miatt sem kell agg\u00f3dnia. Rendk\u00edv\u00fcl biztons\u00e1gos protokollokat haszn\u00e1lunk a fizet\u00e9s feldolgoz\u00e1s\u00e1hoz. Elfogadjuk a fizet\u00e9st hitelk\u00e1rty\u00e1val, kriptovalut\u00e1kkal, banki \u00e1tutal\u00e1ssal \u00e9s sz\u00e1mos m\u00e1s lehet\u0151s\u00e9ggel.<\/p>\n","protected":false},"excerpt":{"rendered":"<p>Eur\u00f3pa legnagyobb lott\u00f3j\u00e1t\u00e9ka az Euromillions Az Euromillions egy lott\u00f3, amelyet t\u00f6bb eur\u00f3pai orsz\u00e1gban k\u00edn\u00e1lnak. \u00dagy tervezt\u00e9k, hogy l\u00e9nyegesen nagyobb jackpotokat k\u00edn\u00e1ljon, mint az egyes orsz\u00e1gok nemzeti lott\u00f3i. Ezt \u00fagy \u00e9rt\u00e9k el, hogy egy alacsonyabb val\u00f3sz\u00edn\u0171s\u00e9g\u0171, azaz t\u00f6bb lehets\u00e9ges sz\u00e1mkombin\u00e1ci\u00f3val rendelkez\u0151 lott\u00f3szerkezetet hoztak l\u00e9tre. Az a t\u00e9ny, hogy az ilyen jackpotok megfejt\u00e9se \u00e1ltal\u00e1ban hosszabb id\u0151t vesz [&hellip;]<\/p>\n","protected":false},"author":1,"featured_media":0,"parent":35758,"menu_order":3,"comment_status":"closed","ping_status":"closed","template":"euromillions-info.php","meta":{"_et_pb_use_builder":"","_et_pb_old_content":"","_et_gb_content_width":"","exclude_from_search":false,"footnotes":""},"class_list":["post-36462","page","type-page","status-publish","hentry"],"yoast_head":"<!-- This site is optimized with the Yoast SEO plugin v23.3 - https:\/\/yoast.com\/wordpress\/plugins\/seo\/ -->\n<title>Euromillions szelv\u00e9ny ig\u00e9nyl\u00e9se Eur\u00f3p\u00e1n k\u00edv\u00fclr\u0151l<\/title>\n<meta name=\"description\" content=\"Hogyan vehet r\u00e9szt az Euromillions online j\u00e1t\u00e9kban Eur\u00f3p\u00e1n k\u00edv\u00fclr\u0151l - egyszer\u0171en v\u00e1s\u00e1roljon online jegyet weboldalunkon\" \/>\n<meta name=\"robots\" content=\"index, follow, max-snippet:-1, max-image-preview:large, max-video-preview:-1\" \/>\n<link rel=\"canonical\" href=\"https:\/\/jackpotlotteryonline.com\/buy-tickets\/euromillions\/\" \/>\n<meta property=\"og:locale\" content=\"hu_HU\" \/>\n<meta property=\"og:type\" content=\"article\" \/>\n<meta property=\"og:title\" content=\"Euromillions szelv\u00e9ny ig\u00e9nyl\u00e9se Eur\u00f3p\u00e1n k\u00edv\u00fclr\u0151l\" \/>\n<meta property=\"og:description\" content=\"Hogyan vehet r\u00e9szt az Euromillions online j\u00e1t\u00e9kban Eur\u00f3p\u00e1n k\u00edv\u00fclr\u0151l - egyszer\u0171en v\u00e1s\u00e1roljon online jegyet weboldalunkon\" \/>\n<meta property=\"og:url\" content=\"https:\/\/jackpotlotteryonline.com\/buy-tickets\/euromillions\/\" \/>\n<meta property=\"og:site_name\" content=\"Lotto Online - Crack The International Lottery Jackpots\" \/>\n<meta property=\"article:modified_time\" content=\"2022-12-19T19:05:19+00:00\" \/>\n<meta property=\"og:image\" content=\"https:\/\/jackpotlotteryonline.com\/wp-content\/uploads\/2022\/10\/euromillions.png\" \/>\n<meta name=\"twitter:card\" content=\"summary_large_image\" \/>\n<meta name=\"twitter:label1\" content=\"Becs\u00fclt olvas\u00e1si id\u0151\" \/>\n\t<meta name=\"twitter:data1\" content=\"2 perc\" \/>\n<!-- \/ Yoast SEO plugin. -->","yoast_head_json":{"title":"Euromillions szelv\u00e9ny ig\u00e9nyl\u00e9se Eur\u00f3p\u00e1n k\u00edv\u00fclr\u0151l","description":"Hogyan vehet r\u00e9szt az Euromillions online j\u00e1t\u00e9kban Eur\u00f3p\u00e1n k\u00edv\u00fclr\u0151l - egyszer\u0171en v\u00e1s\u00e1roljon online jegyet weboldalunkon","robots":{"index":"index","follow":"follow","max-snippet":"max-snippet:-1","max-image-preview":"max-image-preview:large","max-video-preview":"max-video-preview:-1"},"canonical":"https:\/\/jackpotlotteryonline.com\/buy-tickets\/euromillions\/","og_locale":"hu_HU","og_type":"article","og_title":"Euromillions szelv\u00e9ny ig\u00e9nyl\u00e9se Eur\u00f3p\u00e1n k\u00edv\u00fclr\u0151l","og_description":"Hogyan vehet r\u00e9szt az Euromillions online j\u00e1t\u00e9kban Eur\u00f3p\u00e1n k\u00edv\u00fclr\u0151l - egyszer\u0171en v\u00e1s\u00e1roljon online jegyet weboldalunkon","og_url":"https:\/\/jackpotlotteryonline.com\/buy-tickets\/euromillions\/","og_site_name":"Lotto Online - Crack The International Lottery Jackpots","article_modified_time":"2022-12-19T19:05:19+00:00","og_image":[{"url":"https:\/\/jackpotlotteryonline.com\/wp-content\/uploads\/2022\/10\/euromillions.png"}],"twitter_card":"summary_large_image","twitter_misc":{"Becs\u00fclt olvas\u00e1si id\u0151":"2 perc"},"schema":{"@context":"https:\/\/schema.org","@graph":[{"@type":"WebPage","@id":"https:\/\/jackpotlotteryonline.com\/buy-tickets\/euromillions\/","url":"https:\/\/jackpotlotteryonline.com\/buy-tickets\/euromillions\/","name":"Euromillions szelv\u00e9ny ig\u00e9nyl\u00e9se Eur\u00f3p\u00e1n k\u00edv\u00fclr\u0151l","isPartOf":{"@id":"https:\/\/jackpotlotteryonline.com\/#website"},"primaryImageOfPage":{"@id":"https:\/\/jackpotlotteryonline.com\/buy-tickets\/euromillions\/#primaryimage"},"image":{"@id":"https:\/\/jackpotlotteryonline.com\/buy-tickets\/euromillions\/#primaryimage"},"thumbnailUrl":"https:\/\/jackpotlotteryonline.com\/wp-content\/uploads\/2022\/10\/euromillions.png","datePublished":"2022-11-07T08:24:36+00:00","dateModified":"2022-12-19T19:05:19+00:00","description":"Hogyan vehet r\u00e9szt az Euromillions online j\u00e1t\u00e9kban Eur\u00f3p\u00e1n k\u00edv\u00fclr\u0151l - egyszer\u0171en v\u00e1s\u00e1roljon online jegyet weboldalunkon","breadcrumb":{"@id":"https:\/\/jackpotlotteryonline.com\/buy-tickets\/euromillions\/#breadcrumb"},"inLanguage":"hu","potentialAction":[{"@type":"ReadAction","target":["https:\/\/jackpotlotteryonline.com\/buy-tickets\/euromillions\/"]}]},{"@type":"ImageObject","inLanguage":"hu","@id":"https:\/\/jackpotlotteryonline.com\/buy-tickets\/euromillions\/#primaryimage","url":"https:\/\/jackpotlotteryonline.com\/wp-content\/uploads\/2022\/10\/euromillions.png","contentUrl":"https:\/\/jackpotlotteryonline.com\/wp-content\/uploads\/2022\/10\/euromillions.png"},{"@type":"BreadcrumbList","@id":"https:\/\/jackpotlotteryonline.com\/buy-tickets\/euromillions\/#breadcrumb","itemListElement":[{"@type":"ListItem","position":1,"name":"Home","item":"https:\/\/jackpotlotteryonline.com\/hu\/"},{"@type":"ListItem","position":2,"name":"Hogyan v\u00e1s\u00e1rolhat lott\u00f3szelv\u00e9nyeket online","item":"https:\/\/jackpotlotteryonline.com\/buy-tickets\/"},{"@type":"ListItem","position":3,"name":"Eur\u00f3p\u00e1n k\u00edv\u00fclr\u0151l is kaphatok szelv\u00e9nyt az Euromillionsra?"}]},{"@type":"WebSite","@id":"https:\/\/jackpotlotteryonline.com\/#website","url":"https:\/\/jackpotlotteryonline.com\/","name":"Lotto Online - Crack The International Lottery Jackpots","description":"","potentialAction":[{"@type":"SearchAction","target":{"@type":"EntryPoint","urlTemplate":"https:\/\/jackpotlotteryonline.com\/?s={search_term_string}"},"query-input":"required name=search_term_string"}],"inLanguage":"hu"}]}},"_links":{"self":[{"href":"https:\/\/jackpotlotteryonline.com\/hu\/wp-json\/wp\/v2\/pages\/36462","targetHints":{"allow":["GET"]}}],"collection":[{"href":"https:\/\/jackpotlotteryonline.com\/hu\/wp-json\/wp\/v2\/pages"}],"about":[{"href":"https:\/\/jackpotlotteryonline.com\/hu\/wp-json\/wp\/v2\/types\/page"}],"author":[{"embeddable":true,"href":"https:\/\/jackpotlotteryonline.com\/hu\/wp-json\/wp\/v2\/users\/1"}],"replies":[{"embeddable":true,"href":"https:\/\/jackpotlotteryonline.com\/hu\/wp-json\/wp\/v2\/comments?post=36462"}],"version-history":[{"count":0,"href":"https:\/\/jackpotlotteryonline.com\/hu\/wp-json\/wp\/v2\/pages\/36462\/revisions"}],"up":[{"embeddable":true,"href":"https:\/\/jackpotlotteryonline.com\/hu\/wp-json\/wp\/v2\/pages\/35758"}],"wp:attachment":[{"href":"https:\/\/jackpotlotteryonline.com\/hu\/wp-json\/wp\/v2\/media?parent=36462"}],"curies":[{"name":"wp","href":"https:\/\/api.w.org\/{rel}","templated":true}]}}