{"id":36516,"date":"2022-11-07T10:03:01","date_gmt":"2022-11-07T10:03:01","guid":{"rendered":"https:\/\/jackpotlotteryonline.com\/?page_id=36516"},"modified":"2023-01-03T20:00:26","modified_gmt":"2023-01-03T20:00:26","slug":"eurojackpot","status":"publish","type":"page","link":"https:\/\/jackpotlotteryonline.com\/hu\/jegyet-vasarolni\/eurojackpot\/","title":{"rendered":"Eurojackpot jegyek v\u00e1s\u00e1rl\u00e1sa a r\u00e9szt vev\u0151 orsz\u00e1gokon k\u00edv\u00fclr\u0151l"},"content":{"rendered":"<h2>Az Eurojackpotr\u00f3l<\/h2>\n<p><a href=\"https:\/\/jackpotlotteryonline.com\/hu\/hogyan-kell-jatszani\/eurojackpot\">Az Eurojackpotnak<\/a> van egy izgalmas jellemz\u0151je, amit tudnod kell: Amikor a jackpot el\u00e9ri a 90 milli\u00f3t, a megnyerhet\u0151 jackpotnak van egy hat\u00e1ra. Ez azt jelenti, hogy a 90 milli\u00f3 eur\u00f3t meghalad\u00f3 szelv\u00e9nyelad\u00e1sokb\u00f3l sz\u00e1rmaz\u00f3 \u00f6sszes p\u00e9nz\u00f6sszeg a m\u00e1sodoszt\u00e1ly\u00fa \u00e1rhoz ad\u00f3dik. Ez a m\u00e1sodoszt\u00e1ly\u00fa \u00e1r ezut\u00e1n jelent\u0151sen magasabb lesz. Tekintettel arra, hogy a jackpothoz k\u00e9pest 10-szer nagyobb az es\u00e9lye, hogy megnyerje ezt a nyerem\u00e9nyt, mindig j\u00f3 strat\u00e9gia erre a lott\u00f3j\u00e1t\u00e9kra \u00f6sszpontos\u00edtani, amikor el\u00e9ri a 90 milli\u00f3 eur\u00f3s k\u00fcsz\u00f6b\u00f6t.<\/p>\n<p><a href=\"https:\/\/jackpotlotteryonline.com\/hu\/nyeroszamok\/eurojackpot\">Az Eurojackpotnak csak egy heti sorsol\u00e1si napja van<\/a>, ez pedig a p\u00e9ntek. V\u00e1lasszon 5 sz\u00e1mot az 50-b\u0151l, plusz k\u00e9t tov\u00e1bbi sz\u00e1mot 1 \u00e9s 10 k\u00f6z\u00f6tt, \u00e9s m\u00e1ris \u00faton van afel\u00e9, hogy megnyerje az \u00f6sszesen 12 fokozat\u00fa nyerem\u00e9nyt.<\/p>\n<h2>Hogyan v\u00e1s\u00e1rolhat Eurojackpot szelv\u00e9nyeket<\/h2>\n<p><img loading=\"lazy\" decoding=\"async\" class=\"wp-image-26077 size-medium alignright\" src=\"http:\/\/jackpotlotteryonline.com\/wp-content\/uploads\/2022\/11\/1_buy_eurojackpot_ticket-300x99.jpg\" alt=\"Eurojackpot jegyek online v\u00e1s\u00e1rl\u00e1sa\" width=\"300\" height=\"99\" srcset=\"https:\/\/jackpotlotteryonline.com\/wp-content\/uploads\/2022\/11\/1_buy_eurojackpot_ticket-300x99.jpg 300w, https:\/\/jackpotlotteryonline.com\/wp-content\/uploads\/2022\/11\/1_buy_eurojackpot_ticket.jpg 350w\" sizes=\"auto, (max-width: 300px) 100vw, 300px\" \/><\/p>\n<p>Az Eurojackpot egy eur\u00f3pai lott\u00f3, \u00e9s a bel\u00e9p\u0151ket t\u00f6bbnyire az Eurojackpot orsz\u00e1gaiban \u00e9rt\u00e9kes\u00edtik. Az Eurojackpot lott\u00f3n 18 orsz\u00e1g vesz r\u00e9szt, \u00e9s b\u00e1rki, aki ezekben az orsz\u00e1gokban \u00e9l, r\u00e9szt vehet a lott\u00f3n. Az Eurojackpot-orsz\u00e1gok a k\u00f6vetkez\u0151k: Horv\u00e1torsz\u00e1g, D\u00e1nia, \u00c9sztorsz\u00e1g, Finnorsz\u00e1g, N\u00e9metorsz\u00e1g, Izland, Olaszorsz\u00e1g, Lettorsz\u00e1g, Litv\u00e1nia, Hollandia, Norv\u00e9gia, Norv\u00e9gia, Szlov\u00e9nia, Spanyolorsz\u00e1g \u00e9s Sv\u00e9dorsz\u00e1g.<\/p>\n<p>B\u00e1r az Eurojackpotnak 18 orsz\u00e1g a tagja, a lott\u00f3szelv\u00e9nyeket a kontinensen bel\u00fcl n\u00e9h\u00e1ny nem r\u00e9szt vev\u0151 orsz\u00e1gban is \u00e1rus\u00edtj\u00e1k. Ezen orsz\u00e1gok b\u00e1rmelyik\u00e9ben a j\u00e1t\u00e9kosok bes\u00e9t\u00e1lhatnak b\u00e1rmelyik lott\u00f3\u00e1rushoz, \u00e9s megv\u00e1s\u00e1rolhatj\u00e1k a lott\u00f3szelv\u00e9nyeket. Nem ez a helyzet azokn\u00e1l az Eur\u00f3p\u00e1n k\u00edv\u00fcli j\u00e1t\u00e9kosokn\u00e1l, akik az Eurojackpotban szeretn\u00e9nek r\u00e9szt venni.<\/p>\n<h2>Mi a teend\u0151, ha Eur\u00f3p\u00e1n k\u00edv\u00fcl \u00e9l<\/h2>\n<p>Ha a kontinensen k\u00edv\u00fcl \u00e9l, \u00e9s szeretne r\u00e9szt venni az Eurojackpotban, a legjobb megold\u00e1s az online j\u00e1t\u00e9k. Ezt megteheti ak\u00e1r az interneten kereszt\u00fcl, ak\u00e1r egy mobileszk\u00f6z\u00f6n kereszt\u00fcl. Annyit kell tennie, hogy keres egy lott\u00f3oldalt, megv\u00e1s\u00e1rolja a szelv\u00e9nyt, \u00e9s bel\u00e9p a sorsol\u00e1sra. Ezut\u00e1n v\u00e1rd meg, hogy megtudd, nyert\u00e9l-e. Ez egy egyszer\u0171 folyamat, de van n\u00e9h\u00e1ny dolog, amire \u00e9rdemes odafigyelni.<\/p>\n<p>Az Eurojackpot bel\u00e9p\u0151ket t\u00f6bb internetes oldalon is \u00e1rulj\u00e1k, de fontos, hogy t\u00f6rv\u00e9nyes online forgalmaz\u00f3t keressen. Az interneten kereszt\u00fcl csod\u00e1latos nemzetk\u00f6zi lott\u00f3j\u00e1t\u00e9kokhoz juthatsz hozz\u00e1, nem csak az Eurojackpothoz egyed\u00fcl. Azonban biztosnak kell lennie abban, hogy az Eurojackpotra nevezett, nem pedig a lott\u00f3 kimenetele ellen fogad. Igen, van k\u00fcl\u00f6nbs\u00e9g.<\/p>\n<section class=\"layout\" style=\"border: solid 1px; width: 100%;\">\n<div class=\"img-div\" style=\"margin-top: 5px;\"><img decoding=\"async\" class=\"wp-image-17212 alignleft\" style=\"height: 45px; margin: 8px 8px 0px;\" src=\"http:\/\/jackpotlotteryonline.com\/wp-content\/uploads\/2022\/11\/read1.jpg\" alt=\"Olvassa el\" width=\"\" height=\"\" \/><\/div>\n<div style=\"padding-left: 5px;\">\n<div style=\"font-size: 1.1em;\">\n<p><strong>Melyik nemzetk\u00f6zi lott\u00f3 a legjobb?<\/strong><\/p>\n<p style=\"font-size: 0.85em; margin-top: -1.5em;\">Melyik nemzetk\u00f6zi lott\u00f3nak van a legjobb nyer\u00e9si es\u00e9lye\u00a0 <a href=\"https:\/\/jackpotlotteryonline.com\/hu\/melyik-nemzetkozi-lotto-a-legjobb\">tov\u00e1bb<\/a><\/p>\n<\/div>\n<\/div>\n<\/section>\n<h2>Hol szerezhet Eurojackpot szelv\u00e9nyeket<\/h2>\n<p>Amikor az interneten keres Eurojackpot-\u00e9rt\u00e9kes\u00edt\u0151t, ne siessen az Eurojackpot-bel\u00e9p\u0151 megv\u00e1s\u00e1rl\u00e1s\u00e1val, hacsak nem tudja, hogy az egy portaszolg\u00e1lati oldal. Az ilyen oldalakon a j\u00e1t\u00e9kosok a lott\u00f3szelv\u00e9nyek biztos\u00edt\u00e1s\u00e1val juthatnak hozz\u00e1 a legjobb nemzetk\u00f6zi lott\u00f3j\u00e1t\u00e9kokhoz, mint p\u00e9ld\u00e1ul az Eurojackpot.<\/p>\n<p>Lehets\u00e9ges, hogy az interneten kereszt\u00fcl v\u00e1s\u00e1rolnak Eurojackpot szelv\u00e9nyt, \u00e9s m\u00e9gsem vesznek r\u00e9szt a lott\u00f3n. Ez az\u00e9rt van \u00edgy, mert ezeken az oldalakon a j\u00e1t\u00e9kosok csak a lott\u00f3 kimenetel\u00e9re fogadhatnak. A jackpotlotteryonline.com oldalon biztos\u00edtjuk, hogy b\u00e1rhonnan bel\u00e9phessen az Eurojackpot lott\u00f3ba.<\/p>\n<p>Amikor t\u0151l\u00fcnk v\u00e1s\u00e1rol bel\u00e9p\u00e9st, a tartalmat k\u00e9pvisel\u0151 \u00fcgyn\u00f6keink kimennek \u00e9s megv\u00e1s\u00e1rolnak egy fizikai Eurojackpot szelv\u00e9nyt a megfelel\u0151 sz\u00e1mokkal. \u00cdgy, m\u00e9g ha fizikailag nem is tart\u00f3zkodik az orsz\u00e1gban, akkor is r\u00e9szt vesz az Eurojackpotban. Ha a c\u00e9dul\u00e1ja megegyezik a kisorsolt sz\u00e1mokkal, akkor megnyeri a nyerem\u00e9nyt. Az Eurojackpot nyerem\u00e9ny\u00e9nek ig\u00e9nyl\u00e9s\u00e9vel kapcsolatban sem kell agg\u00f3dnia, mert ezt mi int\u00e9zz\u00fck \u00d6n helyett. Mind\u00f6ssze annyit kell tennie, hogy a nyerem\u00e9ny\u00e9t a platformunkr\u00f3l az online sz\u00e1ml\u00e1j\u00e1ra veszi fel.<\/p>\n<h2>A jackpotlotteryonline.com oldalon t\u00f6rt\u00e9n\u0151 regisztr\u00e1ci\u00f3 el\u0151nyei<\/h2>\n<p><img loading=\"lazy\" decoding=\"async\" class=\"alignright size-medium wp-image-28886\" src=\"http:\/\/jackpotlotteryonline.com\/wp-content\/uploads\/2022\/11\/1_pick_for_eurojackpot-300x100.jpg\" alt=\"eurojackpot jegy\" width=\"300\" height=\"100\" srcset=\"https:\/\/jackpotlotteryonline.com\/wp-content\/uploads\/2022\/11\/1_pick_for_eurojackpot-300x100.jpg 300w, https:\/\/jackpotlotteryonline.com\/wp-content\/uploads\/2022\/11\/1_pick_for_eurojackpot-600x200.jpg 600w, https:\/\/jackpotlotteryonline.com\/wp-content\/uploads\/2022\/11\/1_pick_for_eurojackpot.jpg 734w\" sizes=\"auto, (max-width: 300px) 100vw, 300px\" \/><\/p>\n<p>A jackpotlotteryonline.com egy portaszolg\u00e1lati oldal, \u00edgy lehet\u0151v\u00e9 tessz\u00fck \u00fcgyfeleink sz\u00e1m\u00e1ra, hogy a vil\u00e1g minden t\u00e1j\u00e1r\u00f3l bel\u00e9pjenek a lott\u00f3j\u00e1t\u00e9kokba. Hissz\u00fck, hogy az Eurojackpotnak mindenki sz\u00e1m\u00e1ra el\u00e9rhet\u0151nek kell lennie, aki nagykor\u00fa \u00e9s cselekv\u0151k\u00e9pes, \u00e9s ezt a szenved\u00e9lyt vitt\u00fck bele szolg\u00e1ltat\u00e1saink ny\u00fajt\u00e1s\u00e1ba. Ha regisztr\u00e1l n\u00e1lunk, a k\u00f6vetkez\u0151ket kapja:<\/p>\n<ul>\n<li>Hozz\u00e1f\u00e9r\u00e9s t\u00f6bb mint k\u00e9t tucat nemzetk\u00f6zi lott\u00f3j\u00e1t\u00e9khoz, bele\u00e9rtve az Eurojackpotot is.<\/li>\n<li>A lott\u00f3j\u00e1t\u00e9k z\u00f6kken\u0151mentes m\u00f3dja<\/li>\n<li>T\u00f6bb lott\u00f3t is j\u00e1tszhat \u00e9s t\u00f6bb sorsol\u00e1son is r\u00e9szt vehet egy helyen<\/li>\n<li>Nem kell sz\u00e1mon tartania az \u00f6sszes Eurojackpot lott\u00f3szelv\u00e9ny\u00e9t, ezt mi megtessz\u00fck \u00d6n helyett<\/li>\n<li>Nyomon k\u00f6vetj\u00fck a nyerem\u00e9nyeit is, \u00e9s \u00e9rtes\u00edtj\u00fck \u00d6nt, hogy ne maradjon le a nyerem\u00e9ny ig\u00e9nybev\u00e9tel\u00e9r\u0151l.<\/li>\n<li>K\u00f6nnyed\u00e9n bev\u00e1lthatja nyerem\u00e9nyeit a platformunkr\u00f3l az online sz\u00e1ml\u00e1j\u00e1ra<\/li>\n<\/ul>\n<p>Arra \u00f6sszpontos\u00edtunk, hogy a lott\u00f3z\u00e1s sor\u00e1n kellemes \u00e9lm\u00e9nyben legyen r\u00e9sze. Szolg\u00e1ltat\u00e1sainkat tov\u00e1bbfejlesztett\u00fck \u00e9s folyamatosan finom\u00edtjuk a folyamatot, hogy az m\u00e9g intuit\u00edvabb legyen j\u00e1t\u00e9kosaink sz\u00e1m\u00e1ra.<\/p>\n<h2>K\u00f6vesse az al\u00e1bbi l\u00e9p\u00e9seket az Eurojackpot bel\u00e9p\u00e9s\u00e9hez<\/h2>\n<p><strong>1. l\u00e9p\u00e9s:<\/strong> l\u00e1togasson el a jackpotlotteryonline.com oldalra, \u00e9s l\u00e9pjen be a lott\u00f3hoz, amelyre be szeretne l\u00e9pni, ebben az esetben az Eurojackpothoz. Kattintson r\u00e1.<\/p>\n<p><strong>2. l\u00e9p\u00e9s:<\/strong> V\u00e1lasszon ki 5 f\u0151 sz\u00e1mot \u00e9s 2 extra sz\u00e1mot. T\u00f6bb bel\u00e9p\u00e9si sort is v\u00e1laszthatsz, hogy n\u00f6veld az Eurojackpot nyer\u00e9si es\u00e9lyeidet. Ha nincs meghat\u00e1rozott sz\u00e1mod, haszn\u00e1ld a &#8220;Quick Pick All&#8221; funkci\u00f3t, hogy gyorsabb\u00e1 tedd a kiv\u00e1laszt\u00e1si folyamatot.<\/p>\n<p><strong>3. l\u00e9p\u00e9s:<\/strong> V\u00e1lassza ki a megv\u00e1s\u00e1rolni k\u00edv\u00e1nt szelv\u00e9nyt. V\u00e1s\u00e1rolhat egyetlen szelv\u00e9nyt, vagy v\u00e1s\u00e1rolhat t\u00f6bbszelv\u00e9nyes szelv\u00e9nyt, amellyel t\u00f6bb sorsol\u00e1son is r\u00e9szt vehet. Ism\u00e9tlem, a t\u00f6bb sorsol\u00e1son val\u00f3 r\u00e9szv\u00e9tel nagyobb es\u00e9lyt ad az Eurojackpot megnyer\u00e9s\u00e9re.<\/p>\n<p><strong>4. l\u00e9p\u00e9s:<\/strong> Menjen a fizet\u00e9si oldalra. A fizet\u00e9si oldalon megk\u00e9rik, hogy regisztr\u00e1ljon vagy regisztr\u00e1ljon. Ennek h\u00e1rom oka van:<\/p>\n<ol>\n<li>Annak biztos\u00edt\u00e1sa \u00e9rdek\u00e9ben, hogy mindig hozz\u00e1f\u00e9rjen az Eurojackpot szelv\u00e9ny\u00e9hez, mivel csak \u00edgy tudja ig\u00e9nyelni a nyerem\u00e9nyt.<\/li>\n<li>Hogy \u00e9rtes\u00edthess\u00fck \u00d6nt, ha megnyeri az Eurojackpotot vagy a t\u00f6bbi szint b\u00e1rmelyik nyerem\u00e9ny\u00e9t. Ezt a platformon kereszt\u00fcl \u00e9s az \u00d6n e-mailj\u00e9n kereszt\u00fcl is meg fogjuk tenni.<\/li>\n<li>Hogy megk\u00f6nny\u00edts\u00fck \u00d6nnek a nyerem\u00e9ny ig\u00e9nyl\u00e9s\u00e9t \u00e9s visszavon\u00e1s\u00e1t<\/li>\n<\/ol>\n<p>Ennyi. Az Eurojackpotban val\u00f3 r\u00e9szv\u00e9tel b\u00e1rhonnan is legyen, olyan egyszer\u0171, mintha ezt a h\u00e1rom l\u00e9p\u00e9st k\u00f6vetn\u00e9d. Mostant\u00f3l biztons\u00e1gosan \u00e9s gondtalanul \u00e9lvezheti a fogad\u00e1st a sz\u00e1m\u00edt\u00f3g\u00e9p vagy a mobilk\u00e9sz\u00fcl\u00e9k k\u00e9nyelm\u00e9b\u0151l.<\/p>\n<p>Mi\u00e9rt ne regisztr\u00e1lna n\u00e1lunk m\u00e9g ma, hogy Eur\u00f3p\u00e1n k\u00edv\u00fclr\u0151l is v\u00e1s\u00e1rolhasson Eurojackpot szelv\u00e9nyeket? Lott\u00f3zni izgalmas, \u00e9s sosem tudhatja, mikor lesz szerencs\u00e9je. Ha szeretne es\u00e9lyt kapni arra, hogy milliomoss\u00e1 v\u00e1ljon, l\u00e9pjen be online \u00e9s vegyen r\u00e9szt az Eurojackpotban m\u00e9g ma.<\/p>\n","protected":false},"excerpt":{"rendered":"<p>Az Eurojackpotr\u00f3l Az Eurojackpotnak van egy izgalmas jellemz\u0151je, amit tudnod kell: Amikor a jackpot el\u00e9ri a 90 milli\u00f3t, a megnyerhet\u0151 jackpotnak van egy hat\u00e1ra. Ez azt jelenti, hogy a 90 milli\u00f3 eur\u00f3t meghalad\u00f3 szelv\u00e9nyelad\u00e1sokb\u00f3l sz\u00e1rmaz\u00f3 \u00f6sszes p\u00e9nz\u00f6sszeg a m\u00e1sodoszt\u00e1ly\u00fa \u00e1rhoz ad\u00f3dik. Ez a m\u00e1sodoszt\u00e1ly\u00fa \u00e1r ezut\u00e1n jelent\u0151sen magasabb lesz. Tekintettel arra, hogy a jackpothoz k\u00e9pest [&hellip;]<\/p>\n","protected":false},"author":1,"featured_media":0,"parent":35758,"menu_order":4,"comment_status":"closed","ping_status":"closed","template":"eurojackpot-info.php","meta":{"_et_pb_use_builder":"","_et_pb_old_content":"","_et_gb_content_width":"","exclude_from_search":false,"footnotes":""},"class_list":["post-36516","page","type-page","status-publish","hentry"],"yoast_head":"<!-- This site is optimized with the Yoast SEO plugin v23.3 - https:\/\/yoast.com\/wordpress\/plugins\/seo\/ -->\n<title>Eurojackpot jegyek v\u00e1s\u00e1rl\u00e1sa Eur\u00f3p\u00e1n k\u00edv\u00fclr\u0151l | Online jegyek v\u00e1s\u00e1rl\u00e1sa<\/title>\n<meta name=\"description\" content=\"Egyes eur\u00f3pai orsz\u00e1gokban az Eurojackpot jegyeket a boltban lehet megv\u00e1s\u00e1rolni. Itt azonban Eur\u00f3p\u00e1n k\u00edv\u00fclr\u0151l is kaphat jegyeket\" \/>\n<meta name=\"robots\" content=\"index, follow, max-snippet:-1, max-image-preview:large, max-video-preview:-1\" \/>\n<link rel=\"canonical\" href=\"https:\/\/jackpotlotteryonline.com\/buy-tickets\/eurojackpot\/\" \/>\n<meta property=\"og:locale\" content=\"hu_HU\" \/>\n<meta property=\"og:type\" content=\"article\" \/>\n<meta property=\"og:title\" content=\"Eurojackpot jegyek v\u00e1s\u00e1rl\u00e1sa Eur\u00f3p\u00e1n k\u00edv\u00fclr\u0151l | Online jegyek v\u00e1s\u00e1rl\u00e1sa\" \/>\n<meta property=\"og:description\" content=\"Egyes eur\u00f3pai orsz\u00e1gokban az Eurojackpot jegyeket a boltban lehet megv\u00e1s\u00e1rolni. Itt azonban Eur\u00f3p\u00e1n k\u00edv\u00fclr\u0151l is kaphat jegyeket\" \/>\n<meta property=\"og:url\" content=\"https:\/\/jackpotlotteryonline.com\/buy-tickets\/eurojackpot\/\" \/>\n<meta property=\"og:site_name\" content=\"Lotto Online - Crack The International Lottery Jackpots\" \/>\n<meta property=\"article:modified_time\" content=\"2023-01-03T20:00:26+00:00\" \/>\n<meta property=\"og:image\" content=\"http:\/\/jackpotlotteryonline.com\/wp-content\/uploads\/2022\/11\/1_buy_eurojackpot_ticket-300x99.jpg\" \/>\n<meta name=\"twitter:card\" content=\"summary_large_image\" \/>\n<meta name=\"twitter:label1\" content=\"Becs\u00fclt olvas\u00e1si id\u0151\" \/>\n\t<meta name=\"twitter:data1\" content=\"5 perc\" \/>\n<!-- \/ Yoast SEO plugin. -->","yoast_head_json":{"title":"Eurojackpot jegyek v\u00e1s\u00e1rl\u00e1sa Eur\u00f3p\u00e1n k\u00edv\u00fclr\u0151l | Online jegyek v\u00e1s\u00e1rl\u00e1sa","description":"Egyes eur\u00f3pai orsz\u00e1gokban az Eurojackpot jegyeket a boltban lehet megv\u00e1s\u00e1rolni. Itt azonban Eur\u00f3p\u00e1n k\u00edv\u00fclr\u0151l is kaphat jegyeket","robots":{"index":"index","follow":"follow","max-snippet":"max-snippet:-1","max-image-preview":"max-image-preview:large","max-video-preview":"max-video-preview:-1"},"canonical":"https:\/\/jackpotlotteryonline.com\/buy-tickets\/eurojackpot\/","og_locale":"hu_HU","og_type":"article","og_title":"Eurojackpot jegyek v\u00e1s\u00e1rl\u00e1sa Eur\u00f3p\u00e1n k\u00edv\u00fclr\u0151l | Online jegyek v\u00e1s\u00e1rl\u00e1sa","og_description":"Egyes eur\u00f3pai orsz\u00e1gokban az Eurojackpot jegyeket a boltban lehet megv\u00e1s\u00e1rolni. Itt azonban Eur\u00f3p\u00e1n k\u00edv\u00fclr\u0151l is kaphat jegyeket","og_url":"https:\/\/jackpotlotteryonline.com\/buy-tickets\/eurojackpot\/","og_site_name":"Lotto Online - Crack The International Lottery Jackpots","article_modified_time":"2023-01-03T20:00:26+00:00","og_image":[{"url":"http:\/\/jackpotlotteryonline.com\/wp-content\/uploads\/2022\/11\/1_buy_eurojackpot_ticket-300x99.jpg"}],"twitter_card":"summary_large_image","twitter_misc":{"Becs\u00fclt olvas\u00e1si id\u0151":"5 perc"},"schema":{"@context":"https:\/\/schema.org","@graph":[{"@type":"WebPage","@id":"https:\/\/jackpotlotteryonline.com\/buy-tickets\/eurojackpot\/","url":"https:\/\/jackpotlotteryonline.com\/buy-tickets\/eurojackpot\/","name":"Eurojackpot jegyek v\u00e1s\u00e1rl\u00e1sa Eur\u00f3p\u00e1n k\u00edv\u00fclr\u0151l | Online jegyek v\u00e1s\u00e1rl\u00e1sa","isPartOf":{"@id":"https:\/\/jackpotlotteryonline.com\/#website"},"primaryImageOfPage":{"@id":"https:\/\/jackpotlotteryonline.com\/buy-tickets\/eurojackpot\/#primaryimage"},"image":{"@id":"https:\/\/jackpotlotteryonline.com\/buy-tickets\/eurojackpot\/#primaryimage"},"thumbnailUrl":"http:\/\/jackpotlotteryonline.com\/wp-content\/uploads\/2022\/11\/1_buy_eurojackpot_ticket-300x99.jpg","datePublished":"2022-11-07T10:03:01+00:00","dateModified":"2023-01-03T20:00:26+00:00","description":"Egyes eur\u00f3pai orsz\u00e1gokban az Eurojackpot jegyeket a boltban lehet megv\u00e1s\u00e1rolni. Itt azonban Eur\u00f3p\u00e1n k\u00edv\u00fclr\u0151l is kaphat jegyeket","breadcrumb":{"@id":"https:\/\/jackpotlotteryonline.com\/buy-tickets\/eurojackpot\/#breadcrumb"},"inLanguage":"hu","potentialAction":[{"@type":"ReadAction","target":["https:\/\/jackpotlotteryonline.com\/buy-tickets\/eurojackpot\/"]}]},{"@type":"ImageObject","inLanguage":"hu","@id":"https:\/\/jackpotlotteryonline.com\/buy-tickets\/eurojackpot\/#primaryimage","url":"http:\/\/jackpotlotteryonline.com\/wp-content\/uploads\/2022\/11\/1_buy_eurojackpot_ticket-300x99.jpg","contentUrl":"http:\/\/jackpotlotteryonline.com\/wp-content\/uploads\/2022\/11\/1_buy_eurojackpot_ticket-300x99.jpg"},{"@type":"BreadcrumbList","@id":"https:\/\/jackpotlotteryonline.com\/buy-tickets\/eurojackpot\/#breadcrumb","itemListElement":[{"@type":"ListItem","position":1,"name":"Home","item":"https:\/\/jackpotlotteryonline.com\/hu\/"},{"@type":"ListItem","position":2,"name":"Hogyan v\u00e1s\u00e1rolhat lott\u00f3szelv\u00e9nyeket online","item":"https:\/\/jackpotlotteryonline.com\/buy-tickets\/"},{"@type":"ListItem","position":3,"name":"Eurojackpot jegyek v\u00e1s\u00e1rl\u00e1sa a r\u00e9szt vev\u0151 orsz\u00e1gokon k\u00edv\u00fclr\u0151l"}]},{"@type":"WebSite","@id":"https:\/\/jackpotlotteryonline.com\/#website","url":"https:\/\/jackpotlotteryonline.com\/","name":"Lotto Online - Crack The International Lottery Jackpots","description":"","potentialAction":[{"@type":"SearchAction","target":{"@type":"EntryPoint","urlTemplate":"https:\/\/jackpotlotteryonline.com\/?s={search_term_string}"},"query-input":"required name=search_term_string"}],"inLanguage":"hu"}]}},"_links":{"self":[{"href":"https:\/\/jackpotlotteryonline.com\/hu\/wp-json\/wp\/v2\/pages\/36516","targetHints":{"allow":["GET"]}}],"collection":[{"href":"https:\/\/jackpotlotteryonline.com\/hu\/wp-json\/wp\/v2\/pages"}],"about":[{"href":"https:\/\/jackpotlotteryonline.com\/hu\/wp-json\/wp\/v2\/types\/page"}],"author":[{"embeddable":true,"href":"https:\/\/jackpotlotteryonline.com\/hu\/wp-json\/wp\/v2\/users\/1"}],"replies":[{"embeddable":true,"href":"https:\/\/jackpotlotteryonline.com\/hu\/wp-json\/wp\/v2\/comments?post=36516"}],"version-history":[{"count":0,"href":"https:\/\/jackpotlotteryonline.com\/hu\/wp-json\/wp\/v2\/pages\/36516\/revisions"}],"up":[{"embeddable":true,"href":"https:\/\/jackpotlotteryonline.com\/hu\/wp-json\/wp\/v2\/pages\/35758"}],"wp:attachment":[{"href":"https:\/\/jackpotlotteryonline.com\/hu\/wp-json\/wp\/v2\/media?parent=36516"}],"curies":[{"name":"wp","href":"https:\/\/api.w.org\/{rel}","templated":true}]}}