{"id":36569,"date":"2022-11-07T13:41:03","date_gmt":"2022-11-07T13:41:03","guid":{"rendered":"https:\/\/jackpotlotteryonline.com\/?page_id=36569"},"modified":"2023-01-03T20:25:50","modified_gmt":"2023-01-03T20:25:50","slug":"superenalotto","status":"publish","type":"page","link":"https:\/\/jackpotlotteryonline.com\/hu\/jegyet-vasarolni\/superenalotto\/","title":{"rendered":"Superenalotto jegyek v\u00e1s\u00e1rl\u00e1sa"},"content":{"rendered":"<h2>Mi\u00e9rt Superenalotto?<\/h2>\n<p>K\u00edv\u00e1ncsi volt\u00e1l, hogyan tudsz Superenalotto jegyet v\u00e1s\u00e1rolni Olaszorsz\u00e1gon k\u00edv\u00fclr\u0151l? A Superenalotto az egyik legn\u00e9pszer\u0171bb lott\u00f3 az eur\u00f3pai kontinensen. Nem meglep\u0151, hogy a j\u00e1t\u00e9kosok vil\u00e1gszerte rendszeresen fogadnak a lott\u00f3ra.<\/p>\n<p>A jackpotlotteryonline.com-on hozz\u00e1f\u00e9r\u00e9st biztos\u00edtunk a j\u00e1t\u00e9kosoknak a legjobb nemzetk\u00f6zi lott\u00f3j\u00e1t\u00e9kokhoz, mint p\u00e9ld\u00e1ul a Superenalotto. Lehet\u0151v\u00e9 tessz\u00fck, hogy szelv\u00e9nyeket v\u00e1s\u00e1roljon, ellen\u0151rizze a sorsol\u00e1s eredm\u00e9nyeit \u00e9s hozz\u00e1f\u00e9rjen a nyerem\u00e9nyeihez.<\/p>\n<p>A glob\u00e1lis lott\u00f3j\u00e1t\u00e9kok elterjed\u00e9se mellett mi\u00e9rt d\u00f6ntene egy j\u00e1t\u00e9kos \u00fagy, hogy a Superenalott\u00f3ra fogad? \u00c9rint\u00fcnk n\u00e9h\u00e1ny okot, ami\u00e9rt a Superenalotto gyorsan a fogad\u00f3k \u00e1ltal v\u00e1lasztott lott\u00f3v\u00e1 v\u00e1lik. Ha siet a fogad\u00e1ssal, akkor l\u00e1togasson el hozz\u00e1nk most, hogy es\u00e9lyt kapjon arra, hogy nagyot nyerjen a Superenalott\u00f3n.<\/p>\n<h2>A Superenalotto elk\u00e9peszt\u0151 jackpotokkal rendelkezik<\/h2>\n<p>Az els\u0151 sz\u00e1m\u00fa ok, ami\u00e9rt a j\u00e1t\u00e9kosok szeretik az olasz Superenalott\u00f3t, val\u00f3sz\u00edn\u0171leg a csod\u00e1latos jackpot nyerem\u00e9ny miatt van. \u00c9rdekes m\u00f3don a jackpot minimum 2 milli\u00f3 eur\u00f3s \u00f6sszegr\u0151l indul. Ez nem t\u0171nik leny\u0171g\u00f6z\u0151 sz\u00e1mnak, ha figyelembe vessz\u00fck, hogy sok lott\u00f3j\u00e1t\u00e9k k\u00edn\u00e1l ennyi \u00f6sszeget.<\/p>\n<p>Az elad\u00e1si pont azonban az, hogy a Superenalotto jackpotj\u00e1nak nincs fels\u0151 hat\u00e1ra. Ha egy sorsol\u00e1s ut\u00e1n nincs nyertes, a nyerem\u00e9ny minden egyes sorsol\u00e1s ut\u00e1n \u00fajratermel\u0151dik, \u00e9s addig forog tov\u00e1bb, am\u00edg egy nyertes nem ker\u00fcl ki. Hogy ezt m\u00e9g jobban \u00e9rz\u00e9keltess\u00fck, a Superenalotto lott\u00f3n<a href=\"https:\/\/jackpotlotteryonline.com\/hu\/nyeroszamok\/superenalotto\"> hetente h\u00e1rom sorsol\u00e1st<\/a> tartanak. Szinte nincs korl\u00e1tja annak, hogy a jackpot h\u00e1nyszor foroghat tov\u00e1bb.<\/p>\n<p>S\u0151t, a jackpot n\u00e9h\u00e1ny \u00e9vvel ezel\u0151tt annyiszor g\u00f6rd\u00fclt \u00e1t, hogy a rekord jackpot 2019-ben 209,1 milli\u00f3 eur\u00f3 volt.<\/p>\n<h2>Eml\u00edtett\u00fck m\u00e1r a heti h\u00e1rom sorsol\u00e1st?<\/h2>\n<p>Ha Superenalott\u00f3t j\u00e1tszik, minden h\u00e9ten h\u00e1rom es\u00e9lye van arra, hogy nagyot nyerjen. A Superenalotto lott\u00f3 ugyanis hetente h\u00e1romszor tart sorsol\u00e1st, kedden, cs\u00fct\u00f6rt\u00f6k\u00f6n \u00e9s szombaton.<\/p>\n<p>Ez azt jelenti, hogy ha nincs nyertes, a jackpot \u00f6sszege gyorsabban n\u0151. A Superenalotto jackpotja egyetlen r\u00f6vid h\u00e9t alatt megh\u00e1romszoroz\u00f3dhatott. Ez el\u00e9g ahhoz, hogy a fogad\u00f3k sietve tegy\u00e9k meg t\u00e9tjeiket.<\/p>\n<p>Nem akarja elvesz\u00edteni a k\u00f6vetkez\u0151 sorsol\u00e1st? Mi\u00e9rt nem megy \u00e1t a jackpotlotteryonline.com oldalra, \u00e9s teszi meg fogad\u00e1s\u00e1t a Superenalott\u00f3ra most? Soha nem tudhatja, hogy a szerencse h\u00f6lgye mikor fog \u00d6nnek kedvezni.<\/p>\n<h2>Top 5 Superenalotto nyertes<\/h2>\n<p><img loading=\"lazy\" decoding=\"async\" class=\"alignright size-full wp-image-31316\" src=\"https:\/\/jackpotlotteryonline.com\/wp-content\/uploads\/2022\/11\/logo_superenalotto.png\" alt=\"Superenalotto lott\u00f3 goly\u00f3\" width=\"200\" height=\"212\" \/><\/p>\n<p>M\u00e9g mindig nem biztos benne, hogy fogadni szeretne-e a Superenalotto lott\u00f3ra? Semmi gond. Ha elolvassa, hogy a kor\u00e1bbi nyertesek milyen \u00ednycsikland\u00f3 \u00f6sszegeket vittek haza, akkor biztosan felb\u00e1torodik.<\/p>\n<p>A legnagyobb jackpotot 2019-ben egy lott\u00f3szindik\u00e1tus nyerte, az \u00f6sszeg pedig 209,1 milli\u00f3 eur\u00f3 volt. Err\u0151l m\u00e1r r\u00f6viden sz\u00f3ltunk, de van m\u00e9g valami, amit nem eml\u00edtett\u00fcnk. Azt a jackpotot egyetlen szelv\u00e9nytulajdonos nyerte meg. El tudja k\u00e9pzelni, hogy t\u00f6bb mint k\u00e9tsz\u00e1zmilli\u00f3 eur\u00f3val menjen haza?<\/p>\n<p>A m\u00e1sodik legnagyobb jackpotot egy lott\u00f3szindik\u00e1tus nyerte 2010-ben, az \u00f6sszeg pedig 177,7 milli\u00f3 eur\u00f3 volt. Ezt k\u00f6veti a 163,5 milli\u00f3 eur\u00f3s jackpot, amelyet egyetlen szelv\u00e9ny nyert 2016-ban. A k\u00f6vetkez\u0151 legnagyobb jackpotot 2009-ben egy m\u00e1sik szelv\u00e9ny tulajdonosa nyerte, az \u00f6sszeg 147,8 milli\u00f3 eur\u00f3 volt. V\u00e9g\u00fcl 2010-ben k\u00e9t szelv\u00e9ny osztozott a 139 milli\u00f3 eur\u00f3s jackpotnyerem\u00e9nyen.<\/p>\n<h2>Hogyan kell j\u00e1tszani a Superenalott\u00f3t<\/h2>\n<p><a href=\"https:\/\/jackpotlotteryonline.com\/hu\/hogyan-kell-jatszani\/superenalotto\">A Superenalotto j\u00e1t\u00e9khoz<\/a> v\u00e1lasszon hat f\u0151 sz\u00e1mot 1 \u00e9s 90 k\u00f6z\u00f6tt. T\u00f6bb sz\u00e1msort is v\u00e1laszthat, hogy n\u00f6velje a lott\u00f3nyerem\u00e9ny es\u00e9lyeit. Ezut\u00e1n v\u00e1lassza ki a sorsol\u00e1sok sz\u00e1m\u00e1t, amelyeken r\u00e9szt k\u00edv\u00e1n venni. D\u00f6nthet \u00fagy is, hogy a k\u00f6vetkez\u0151 5 h\u00e9ten kereszt\u00fcl minden h\u00e9ten r\u00e9szt vesz minden sorsol\u00e1son, ha \u00fagy d\u00f6nt. Min\u00e9l t\u00f6bb sorsol\u00e1son vesz r\u00e9szt, ann\u00e1l nagyobb az es\u00e9lye a nyerem\u00e9nyre.<\/p>\n<p>Emellett l\u00e9tezik az \u00fagynevezett Szuperszt\u00e1r, amely egy olyan opci\u00f3, amely seg\u00edt n\u00f6velni a nyer\u00e9si es\u00e9lyeidet. Megv\u00e1s\u00e1rolhatod a &#8220;Jolly sz\u00e1mot&#8221; is, amelyet 1 \u00e9s 90 k\u00f6z\u00f6tt v\u00e1laszthatsz. A Jolly-sz\u00e1m nem befoly\u00e1solja a jackpotot, de a m\u00e1sodik nyerem\u00e9nykateg\u00f3ria gy\u0151ztes\u00e9nek eld\u00f6nt\u00e9s\u00e9n\u00e9l haszn\u00e1lj\u00e1k.<\/p>\n<p>Miut\u00e1n kiv\u00e1lasztotta a sz\u00e1mokat, fizesse ki a szelv\u00e9nyt, \u00e9s v\u00e1rja a sorsol\u00e1sokat. Ha regisztr\u00e1l n\u00e1lunk, automatiz\u00e1ljuk a folyamatot a z\u00f6kken\u0151mentesebb \u00e9lm\u00e9ny \u00e9rdek\u00e9ben. Kivessz\u00fck a stresszt a m\u0171veletb\u0151l, hogy \u00d6n \u00e9lvezhesse a sz\u00f3rakoz\u00e1st minden gond n\u00e9lk\u00fcl.<\/p>\n<section class=\"layout\" style=\"border: solid 1px; width: 100%;\">\n<div class=\"img-div\" style=\"margin-top: 5px;\"><img decoding=\"async\" class=\"wp-image-17212 alignleft\" style=\"height: 45px; margin: 8px 8px 0px;\" src=\"https:\/\/jackpotlotteryonline.com\/wp-content\/uploads\/2022\/11\/read1.jpg\" alt=\"olvasd el\" width=\"\" height=\"\" \/><\/div>\n<div style=\"padding-left: 5px;\">\n<div style=\"font-size: 1.1em;\">\n<p><strong>A nyertes lott\u00f3sz\u00e1mok k\u00e9zzel vagy egy RNG seg\u00edts\u00e9g\u00e9vel t\u00f6rt\u00e9n\u0151 kiv\u00e1laszt\u00e1sa<\/strong><\/p>\n<p style=\"font-size: 0.85em; margin-top: -1.5em;\">Hogyan lehet lott\u00f3nyer\u0151 sz\u00e1mokat gener\u00e1lni? \u00a0<a href=\"https:\/\/jackpotlotteryonline.com\/hu\/hogyan-kell-generalni-nyero-lotto-szamok\">tov\u00e1bb<\/a><\/p>\n<\/div>\n<\/div>\n<\/section>\n<h2>Mekkora az es\u00e9lye a szuperlott\u00f3 megnyer\u00e9s\u00e9nek?<\/h2>\n<p>\u00c1ltal\u00e1ban a lott\u00f3 nem arr\u00f3l ismert, hogy nagy es\u00e9lye lenne a j\u00e1t\u00e9kosoknak. Az igazs\u00e1g az, hogy a nyer\u00e9si es\u00e9lyek nem t\u00fal magasak. \u00c9rdekes m\u00f3don ez teszi sokkal izgalmasabb\u00e1 a lott\u00f3j\u00e1t\u00e9kot. Mert a nyer\u00e9s, amikor \u00fagy t\u0171nik, hogy az es\u00e9lyek nem az \u00d6n jav\u00e1ra sz\u00f3lnak, nagyszer\u0171 \u00e9rz\u00e9ssel t\u00f6lti el a j\u00e1t\u00e9kosokat. Ez egy csod\u00e1latos m\u00f3dja annak is, hogy tudd, hogy a szerencse a te oldaladon \u00e1ll.<\/p>\n<p>A szuperlott\u00f3 jackpot megnyer\u00e9s\u00e9nek es\u00e9lye 1:622 614 630-hoz. De van 6 nyerem\u00e9nykateg\u00f3ria \u00e9s egy 25 eur\u00f3s azonnali nyerem\u00e9ny kateg\u00f3ria is. Ha ezeket is figyelembe vessz\u00fck, akkor a nyerem\u00e9ny es\u00e9lye 1:16-hoz.<\/p>\n<p>Minden j\u00e1t\u00e9kos egyet\u00e9rt azzal, hogy ezek hihetetlen es\u00e9lyek, amelyek a j\u00e1t\u00e9kosoknak kedveznek.<\/p>\n<h2>Superenalotto d\u00edjkateg\u00f3ri\u00e1k<\/h2>\n<p><img loading=\"lazy\" decoding=\"async\" class=\"size-medium wp-image-35376 alignright\" src=\"https:\/\/jackpotlotteryonline.com\/wp-content\/uploads\/2022\/11\/2_ticket_superenalotto4-1-211x300.jpg\" alt=\"Superenalotto nyerem\u00e9nyszelv\u00e9ny\" width=\"211\" height=\"300\" srcset=\"https:\/\/jackpotlotteryonline.com\/wp-content\/uploads\/2022\/11\/2_ticket_superenalotto4-1-211x300.jpg 211w, https:\/\/jackpotlotteryonline.com\/wp-content\/uploads\/2022\/11\/2_ticket_superenalotto4-1.jpg 300w\" sizes=\"auto, (max-width: 211px) 100vw, 211px\" \/><\/p>\n<p>A sorsol\u00e1sok sor\u00e1n hat sz\u00e1mot v\u00e9letlenszer\u0171en v\u00e1lasztanak ki egy dobb\u00f3l, amelyben 1-t\u0151l 90-ig terjed\u0151 sz\u00e1mokat tartalmaz\u00f3 goly\u00f3k vannak. B\u00e1rmelyik szelv\u00e9ny, amelyik megegyezik a kih\u00fazott sz\u00e1mokkal, megnyeri a jackpotot.<\/p>\n<p>A Szupermenta jackpot nyerem\u00e9nye 2 milli\u00f3 eur\u00f3r\u00f3l indul, de \u00e1ltal\u00e1ban enn\u00e9l j\u00f3val magasabb \u00f6sszeggel z\u00e1rul, mivel a nyerem\u00e9ny tov\u00e1bbg\u00f6rd\u00fcl. A t\u00f6bbi nyerem\u00e9nykateg\u00f3ria a rendelkez\u00e9sre \u00e1ll\u00f3 p\u00e9nz\u00f6sszeg sz\u00e1zal\u00e9kos ar\u00e1nya szerint ker\u00fcl meghat\u00e1roz\u00e1sra. \u00cdgy nem lehet tudni, hogy az egyes sorsol\u00e1sokon mennyi ker\u00fclne kioszt\u00e1sra.<\/p>\n<p>6 sz\u00e1m &#8211; jackpot (a teljes p\u00e9nz\u00f6sszeg 17,4%-a)<br \/>\n5 + Jolly sz\u00e1m &#8211; 13%<br \/>\n5 sz\u00e1m &#8211; 4,2%<br \/>\n4 sz\u00e1m &#8211; 4,2%<br \/>\n3 sz\u00e1m &#8211; 12,8%<br \/>\n2 sz\u00e1m &#8211; 40%<\/p>\n<p><strong>A jobb \u00e1ttekinthet\u0151s\u00e9g \u00e9rdek\u00e9ben itt van az \u00e1tlagos \u00f6sszeg sorsol\u00e1sonk\u00e9nt.<\/strong><\/p>\n<p>6 sz\u00e1m &#8211; 92,056,091.66 \u20ac<br \/>\n5 + Jolly sz\u00e1m &#8211; 594 951,95 eur\u00f3<br \/>\n5 sz\u00e1m &#8211; 49 736,38 \u20ac<br \/>\n4 sz\u00e1m &#8211; 354,83 \u20ac<br \/>\n3 sz\u00e1m &#8211; 27,15 \u20ac<br \/>\n2 sz\u00e1m &#8211; 5,48 eur\u00f3<\/p>\n<h2>J\u00e1tsszon Superenalotto az interneten<\/h2>\n<p>A Superenalotto egy olasz lott\u00f3, \u00e9s a bel\u00e9p\u0151k csak Olaszorsz\u00e1gban ker\u00fclnek \u00e9rt\u00e9kes\u00edt\u00e9sre. \u00cdgy ha \u00d6n nem Olaszorsz\u00e1gban \u00e9l, akkor csak \u00fagy juthat hozz\u00e1 a Superenalott\u00f3hoz, ha online v\u00e1s\u00e1rol bel\u00e9p\u0151t. Ezt egy olyan internetes lott\u00f3\u00e9rt\u00e9kes\u00edt\u0151t\u0151l teheti meg, mint a jackpotlotteryonline.com.<\/p>\n<h2>Az online Superenalotto bel\u00e9p\u0151k v\u00e1s\u00e1rl\u00e1s\u00e1nak el\u0151nyei<\/h2>\n<ul>\n<li>Gyors \u00e9s azonnali hozz\u00e1f\u00e9r\u00e9st kap a lott\u00f3hoz<\/li>\n<li>Szuper k\u00e9nyelmes, mivel nem kell elhagynia az otthona k\u00e9nyelm\u00e9t<\/li>\n<li>Biztons\u00e1gosabb is, mivel a szelv\u00e9ny\u00e9t digit\u00e1lisan t\u00e1rolj\u00e1k. Ez az\u00e9rt fontos, mert csak \u00edgy ig\u00e9nyelheti a nyerem\u00e9ny\u00e9t.<\/li>\n<li>Nem kell lemaradnia a nyerem\u00e9ny\u00e9r\u0151l, mert azonnal \u00e9rtes\u00edtj\u00fck, ha b\u00e1rmilyen nyerem\u00e9nyt nyert<\/li>\n<li>B\u00e1rmilyen nyerem\u00e9nyt k\u00f6nnyed\u00e9n kivehet online an\u00e9lk\u00fcl, hogy b\u00e1rhov\u00e1 is elmenne<\/li>\n<\/ul>\n<h2>Regisztr\u00e1ljon n\u00e1lunk, hogy Superenalotto-t j\u00e1tszhasson<\/h2>\n<p>Ha Olaszorsz\u00e1gon k\u00edv\u00fcl \u00e9lsz, \u00e9s szeretn\u00e9l hozz\u00e1f\u00e9r\u00e9st v\u00e1s\u00e1rolni a Superenalotto lott\u00f3hoz, akkor ezt megteheted, ha regisztr\u00e1lsz n\u00e1lunk. Portaszolg\u00e1latot ny\u00fajtunk, amely azonnali hozz\u00e1f\u00e9r\u00e9st biztos\u00edt a legjobb nemzetk\u00f6zi lott\u00f3j\u00e1t\u00e9kokhoz, k\u00f6zt\u00fck a Superenalott\u00f3hoz is.<\/p>\n<p>C\u00e9lunk, hogy a lott\u00f3z\u00e1s \u00e9lm\u00e9ny\u00e9t kellemes \u00e9lm\u00e9nny\u00e9 tegy\u00fck \u00fcgyfeleink sz\u00e1m\u00e1ra. Levessz\u00fck a stresszt az egyszer\u0171 dolgokb\u00f3l, \u00edgy \u00d6n \u00e9lvezheti a fogad\u00e1sok elhelyez\u00e9s\u00e9t. V\u00e1s\u00e1rolja meg n\u00e1lunk a lott\u00f3szelv\u00e9nyeit most, hogy nagyot nyerhessen a Superenalott\u00f3n.<\/p>\n","protected":false},"excerpt":{"rendered":"<p>Mi\u00e9rt Superenalotto? K\u00edv\u00e1ncsi volt\u00e1l, hogyan tudsz Superenalotto jegyet v\u00e1s\u00e1rolni Olaszorsz\u00e1gon k\u00edv\u00fclr\u0151l? A Superenalotto az egyik legn\u00e9pszer\u0171bb lott\u00f3 az eur\u00f3pai kontinensen. Nem meglep\u0151, hogy a j\u00e1t\u00e9kosok vil\u00e1gszerte rendszeresen fogadnak a lott\u00f3ra. A jackpotlotteryonline.com-on hozz\u00e1f\u00e9r\u00e9st biztos\u00edtunk a j\u00e1t\u00e9kosoknak a legjobb nemzetk\u00f6zi lott\u00f3j\u00e1t\u00e9kokhoz, mint p\u00e9ld\u00e1ul a Superenalotto. Lehet\u0151v\u00e9 tessz\u00fck, hogy szelv\u00e9nyeket v\u00e1s\u00e1roljon, ellen\u0151rizze a sorsol\u00e1s eredm\u00e9nyeit \u00e9s hozz\u00e1f\u00e9rjen [&hellip;]<\/p>\n","protected":false},"author":1,"featured_media":0,"parent":35758,"menu_order":5,"comment_status":"closed","ping_status":"closed","template":"superenalotto.php","meta":{"_et_pb_use_builder":"","_et_pb_old_content":"","_et_gb_content_width":"","exclude_from_search":false,"footnotes":""},"class_list":["post-36569","page","type-page","status-publish","hentry"],"yoast_head":"<!-- This site is optimized with the Yoast SEO plugin v23.3 - https:\/\/yoast.com\/wordpress\/plugins\/seo\/ -->\n<title>V\u00e1s\u00e1roljon Superenalotto szelv\u00e9nyeket Olaszorsz\u00e1gon k\u00edv\u00fclr\u0151l | Szelv\u00e9nyek online v\u00e1s\u00e1rl\u00e1sa<\/title>\n<meta name=\"description\" content=\"Nem Olaszorsz\u00e1gban \u00e9l, de szeretne r\u00e9szt venni a Superenalott\u00f3n? Szerezze be online jegy\u00e9t a Superenalott\u00f3ra rajtunk kereszt\u00fcl.\" \/>\n<meta name=\"robots\" content=\"index, follow, max-snippet:-1, max-image-preview:large, max-video-preview:-1\" \/>\n<link rel=\"canonical\" href=\"https:\/\/jackpotlotteryonline.com\/buy-tickets\/superenalotto\/\" \/>\n<meta property=\"og:locale\" content=\"hu_HU\" \/>\n<meta property=\"og:type\" content=\"article\" \/>\n<meta property=\"og:title\" content=\"V\u00e1s\u00e1roljon Superenalotto szelv\u00e9nyeket Olaszorsz\u00e1gon k\u00edv\u00fclr\u0151l | Szelv\u00e9nyek online v\u00e1s\u00e1rl\u00e1sa\" \/>\n<meta property=\"og:description\" content=\"Nem Olaszorsz\u00e1gban \u00e9l, de szeretne r\u00e9szt venni a Superenalott\u00f3n? Szerezze be online jegy\u00e9t a Superenalott\u00f3ra rajtunk kereszt\u00fcl.\" \/>\n<meta property=\"og:url\" content=\"https:\/\/jackpotlotteryonline.com\/buy-tickets\/superenalotto\/\" \/>\n<meta property=\"og:site_name\" content=\"Lotto Online - Crack The International Lottery Jackpots\" \/>\n<meta property=\"article:modified_time\" content=\"2023-01-03T20:25:50+00:00\" \/>\n<meta property=\"og:image\" content=\"https:\/\/jackpotlotteryonline.com\/wp-content\/uploads\/2022\/11\/logo_superenalotto.png\" \/>\n<meta name=\"twitter:card\" content=\"summary_large_image\" \/>\n<meta name=\"twitter:label1\" content=\"Becs\u00fclt olvas\u00e1si id\u0151\" \/>\n\t<meta name=\"twitter:data1\" content=\"6 perc\" \/>\n<!-- \/ Yoast SEO plugin. -->","yoast_head_json":{"title":"V\u00e1s\u00e1roljon Superenalotto szelv\u00e9nyeket Olaszorsz\u00e1gon k\u00edv\u00fclr\u0151l | Szelv\u00e9nyek online v\u00e1s\u00e1rl\u00e1sa","description":"Nem Olaszorsz\u00e1gban \u00e9l, de szeretne r\u00e9szt venni a Superenalott\u00f3n? Szerezze be online jegy\u00e9t a Superenalott\u00f3ra rajtunk kereszt\u00fcl.","robots":{"index":"index","follow":"follow","max-snippet":"max-snippet:-1","max-image-preview":"max-image-preview:large","max-video-preview":"max-video-preview:-1"},"canonical":"https:\/\/jackpotlotteryonline.com\/buy-tickets\/superenalotto\/","og_locale":"hu_HU","og_type":"article","og_title":"V\u00e1s\u00e1roljon Superenalotto szelv\u00e9nyeket Olaszorsz\u00e1gon k\u00edv\u00fclr\u0151l | Szelv\u00e9nyek online v\u00e1s\u00e1rl\u00e1sa","og_description":"Nem Olaszorsz\u00e1gban \u00e9l, de szeretne r\u00e9szt venni a Superenalott\u00f3n? Szerezze be online jegy\u00e9t a Superenalott\u00f3ra rajtunk kereszt\u00fcl.","og_url":"https:\/\/jackpotlotteryonline.com\/buy-tickets\/superenalotto\/","og_site_name":"Lotto Online - Crack The International Lottery Jackpots","article_modified_time":"2023-01-03T20:25:50+00:00","og_image":[{"url":"https:\/\/jackpotlotteryonline.com\/wp-content\/uploads\/2022\/11\/logo_superenalotto.png"}],"twitter_card":"summary_large_image","twitter_misc":{"Becs\u00fclt olvas\u00e1si id\u0151":"6 perc"},"schema":{"@context":"https:\/\/schema.org","@graph":[{"@type":"WebPage","@id":"https:\/\/jackpotlotteryonline.com\/buy-tickets\/superenalotto\/","url":"https:\/\/jackpotlotteryonline.com\/buy-tickets\/superenalotto\/","name":"V\u00e1s\u00e1roljon Superenalotto szelv\u00e9nyeket Olaszorsz\u00e1gon k\u00edv\u00fclr\u0151l | Szelv\u00e9nyek online v\u00e1s\u00e1rl\u00e1sa","isPartOf":{"@id":"https:\/\/jackpotlotteryonline.com\/#website"},"primaryImageOfPage":{"@id":"https:\/\/jackpotlotteryonline.com\/buy-tickets\/superenalotto\/#primaryimage"},"image":{"@id":"https:\/\/jackpotlotteryonline.com\/buy-tickets\/superenalotto\/#primaryimage"},"thumbnailUrl":"https:\/\/jackpotlotteryonline.com\/wp-content\/uploads\/2022\/11\/logo_superenalotto.png","datePublished":"2022-11-07T13:41:03+00:00","dateModified":"2023-01-03T20:25:50+00:00","description":"Nem Olaszorsz\u00e1gban \u00e9l, de szeretne r\u00e9szt venni a Superenalott\u00f3n? Szerezze be online jegy\u00e9t a Superenalott\u00f3ra rajtunk kereszt\u00fcl.","breadcrumb":{"@id":"https:\/\/jackpotlotteryonline.com\/buy-tickets\/superenalotto\/#breadcrumb"},"inLanguage":"hu","potentialAction":[{"@type":"ReadAction","target":["https:\/\/jackpotlotteryonline.com\/buy-tickets\/superenalotto\/"]}]},{"@type":"ImageObject","inLanguage":"hu","@id":"https:\/\/jackpotlotteryonline.com\/buy-tickets\/superenalotto\/#primaryimage","url":"https:\/\/jackpotlotteryonline.com\/wp-content\/uploads\/2022\/11\/logo_superenalotto.png","contentUrl":"https:\/\/jackpotlotteryonline.com\/wp-content\/uploads\/2022\/11\/logo_superenalotto.png"},{"@type":"BreadcrumbList","@id":"https:\/\/jackpotlotteryonline.com\/buy-tickets\/superenalotto\/#breadcrumb","itemListElement":[{"@type":"ListItem","position":1,"name":"Home","item":"https:\/\/jackpotlotteryonline.com\/hu\/"},{"@type":"ListItem","position":2,"name":"Hogyan v\u00e1s\u00e1rolhat lott\u00f3szelv\u00e9nyeket online","item":"https:\/\/jackpotlotteryonline.com\/buy-tickets\/"},{"@type":"ListItem","position":3,"name":"Superenalotto jegyek v\u00e1s\u00e1rl\u00e1sa"}]},{"@type":"WebSite","@id":"https:\/\/jackpotlotteryonline.com\/#website","url":"https:\/\/jackpotlotteryonline.com\/","name":"Lotto Online - Crack The International Lottery Jackpots","description":"","potentialAction":[{"@type":"SearchAction","target":{"@type":"EntryPoint","urlTemplate":"https:\/\/jackpotlotteryonline.com\/?s={search_term_string}"},"query-input":"required name=search_term_string"}],"inLanguage":"hu"}]}},"_links":{"self":[{"href":"https:\/\/jackpotlotteryonline.com\/hu\/wp-json\/wp\/v2\/pages\/36569","targetHints":{"allow":["GET"]}}],"collection":[{"href":"https:\/\/jackpotlotteryonline.com\/hu\/wp-json\/wp\/v2\/pages"}],"about":[{"href":"https:\/\/jackpotlotteryonline.com\/hu\/wp-json\/wp\/v2\/types\/page"}],"author":[{"embeddable":true,"href":"https:\/\/jackpotlotteryonline.com\/hu\/wp-json\/wp\/v2\/users\/1"}],"replies":[{"embeddable":true,"href":"https:\/\/jackpotlotteryonline.com\/hu\/wp-json\/wp\/v2\/comments?post=36569"}],"version-history":[{"count":0,"href":"https:\/\/jackpotlotteryonline.com\/hu\/wp-json\/wp\/v2\/pages\/36569\/revisions"}],"up":[{"embeddable":true,"href":"https:\/\/jackpotlotteryonline.com\/hu\/wp-json\/wp\/v2\/pages\/35758"}],"wp:attachment":[{"href":"https:\/\/jackpotlotteryonline.com\/hu\/wp-json\/wp\/v2\/media?parent=36569"}],"curies":[{"name":"wp","href":"https:\/\/api.w.org\/{rel}","templated":true}]}}