{"id":36623,"date":"2022-11-08T08:01:30","date_gmt":"2022-11-08T08:01:30","guid":{"rendered":"https:\/\/jackpotlotteryonline.com\/?page_id=36623"},"modified":"2023-01-03T20:42:40","modified_gmt":"2023-01-03T20:42:40","slug":"el-gordo","status":"publish","type":"page","link":"https:\/\/jackpotlotteryonline.com\/hu\/jegyet-vasarolni\/el-gordo\/","title":{"rendered":"El Gordo jegyek v\u00e1s\u00e1rl\u00e1sa"},"content":{"rendered":"<h2>A csod\u00e1latos spanyol lott\u00f3<\/h2>\n<p>Az El Gordo a sarkon van, \u00e9s nem mindenki el\u00e9g szerencs\u00e9s ahhoz, hogy Spanyolorsz\u00e1gban \u00e9ljen vagy oda utazzon. M\u00e9gis, a szerencsej\u00e1t\u00e9kosok mindenhol izgatottan v\u00e1rj\u00e1k a gondolatot, hogy r\u00e9szt vehetnek az ezt a lott\u00f3t k\u00eds\u00e9r\u0151 sz\u00f3rakoz\u00e1sban \u00e9s \u00fcnneps\u00e9gekben. Az orsz\u00e1gon k\u00edv\u00fcl \u00e9l\u0151 j\u00e1t\u00e9kosok is r\u00e9szt vehetnek ezen a lott\u00f3n, mi pedig megmutatjuk, hogyan tehetik ezt meg.<\/p>\n<p>Ha m\u00e9g nem ismeri<a href=\"https:\/\/jackpotlotteryonline.com\/hu\/hogyan-kell-jatszani\/el-gordo\"> a lott\u00f3j\u00e1t\u00e9kot<\/a>, akkor tal\u00e1n \u00e9rdekli, hogy ez egy spanyol lott\u00f3. A neve El Gordo, ami a nagy jackpot miatt &#8220;a k\u00f6v\u00e9r&#8221;. \u00c1ll\u00edt\u00f3lag ez a legnagyobb jackpot a vil\u00e1gon.<\/p>\n<p>Teh\u00e1t, hogyan tudsz te is r\u00e9szes\u00fclni bel\u0151le, m\u00e9g ha nem is Spanyolorsz\u00e1gban \u00e9lsz? Olvass tov\u00e1bb, \u00e9s mi mindent elmondunk r\u00f3la.<\/p>\n<h2>Hogyan v\u00e1s\u00e1rolhat El Gordo szelv\u00e9nyeket Spanyolorsz\u00e1gon k\u00edv\u00fclr\u0151l<\/h2>\n<p><img loading=\"lazy\" decoding=\"async\" class=\"size-full wp-image-17870 alignright\" src=\"http:\/\/jackpotlotteryonline.com\/wp-content\/uploads\/2022\/10\/lotto_euros.jpg\" alt=\"El Gordo jegyet v\u00e1s\u00e1rolni online\" width=\"225\" height=\"134\" \/><\/p>\n<p>Az El Gordo lott\u00f3szelv\u00e9nyek megv\u00e1s\u00e1rl\u00e1s\u00e1nak legegyszer\u0171bb m\u00f3dja az interneten kereszt\u00fcl egy olyan online lott\u00f3\u00e9rt\u00e9kes\u00edt\u0151t\u0151l, mint a jackpotlotteryonline.com. Olyan z\u00f6kken\u0151mentes szolg\u00e1ltat\u00e1st ny\u00fajtunk, amely a legjobb nemzetk\u00f6zi lott\u00f3j\u00e1t\u00e9kokat k\u00f6nnyed\u00e9n j\u00e1tszhat\u00f3v\u00e1 teszi. Amikor regisztr\u00e1l n\u00e1lunk, egy szem\u00e9lyre szabott platformot kap, amely az \u00d6n ig\u00e9nyeihez igazodik.<\/p>\n<p>Szeretn\u00e9nk biztos\u00edtani, hogy \u00fcgyfeleink megtapasztalj\u00e1k a lott\u00f3j\u00e1t\u00e9kkal j\u00e1r\u00f3 \u00f6r\u00f6m\u00f6t. Amikor r\u00e9szt vesz az El Gordo j\u00e1t\u00e9kban, a t\u00f6rt\u00e9nelem \u00e9s a hagyom\u00e1nyok r\u00e9sz\u00e9v\u00e9 v\u00e1lik. Ezt a spanyol lott\u00f3t kar\u00e1csonyi lott\u00f3nak is nevezik, \u00e9s a szezon nem ugyanaz n\u00e9lk\u00fcle.<\/p>\n<p>A spanyol kar\u00e1csonyi lott\u00f3n val\u00f3 r\u00e9szv\u00e9tel kiss\u00e9 zavar\u00f3 lehet, ha ez az els\u0151 alkalom. M\u00e1s lott\u00f3j\u00e1t\u00e9kokkal ellent\u00e9tben itt nem \u00d6n v\u00e1lasztja ki a sz\u00e1mokat. Minden szelv\u00e9nyre m\u00e1r el\u0151re r\u00e1nyomtatt\u00e1k a sz\u00e1mokat. A zavart csak fokozza, hogy az El Gordo lott\u00f3n 100 000 sz\u00e1m szerepel. A jackpotlotteryonline.com-on minden l\u00e9p\u00e9sen v\u00e9gigvezetj\u00fck \u00d6nt.<\/p>\n<h2>Mi\u00e9rt \u00e9rdemes r\u00e9szt vennie az El Gordo lott\u00f3n<\/h2>\n<p>Sz\u00e1mos oka van annak, hogy a j\u00e1t\u00e9kosok mi\u00e9rt szeretik az El Gord\u00f3t mindenhol. Eml\u00edtett\u00fck m\u00e1r, hogy \u00e1titatja a t\u00f6rt\u00e9nelem \u00e9s a hagyom\u00e1nyok. A lott\u00f3 1812-ben tartotta els\u0151 sorsol\u00e1s\u00e1t; ez azt jelenti, hogy t\u00f6bb mint 200 \u00e9ves. Az El Gordo a vil\u00e1g m\u00e1sodik legr\u00e9gebben m\u0171k\u00f6d\u0151 lott\u00f3j\u00e1t\u00e9ka, \u00e9s a spanyol kult\u00fara r\u00e9sz\u00e9v\u00e9 v\u00e1lt.<\/p>\n<p><a href=\"https:\/\/jackpotlotteryonline.com\/hu\/nyeroszamok\/el-gordo-draw-results\">A sorsol\u00e1st<\/a> minden \u00e9vben december 22-\u00e9n tartj\u00e1k, \u00edgy remek\u00fcl sz\u00ednes\u00edti az \u00fcnnepi id\u0151szakot. Maga a sorsol\u00e1s is nagyszab\u00e1s\u00fa esem\u00e9ny, mivel a sorsol\u00e1s eredm\u00e9ny\u00e9t a San Ildefonso iskola di\u00e1kjai \u00e9neklik el. Eml\u00edtett\u00fck m\u00e1r, hogy El Gordo hagyom\u00e1nyokkal teli? Ez minden bizonnyal olyasmi, amit a r\u00e9gi \u00e9s \u00faj j\u00e1t\u00e9kosok minden \u00e9vben v\u00e1rnak.<\/p>\n<p>Ezen t\u00falmen\u0151en az El Gordo egy olyan lott\u00f3, amely a k\u00f6z\u00f6ss\u00e9get t\u00e1mogatja \u00e9s \u00fcnnepli. A szelv\u00e9nyeket t\u00f6bb aloszt\u00e1lyra osztj\u00e1k, \u00e9s el\u00e9g gyakori, hogy a szomsz\u00e9ds\u00e1gok egy-egy aloszt\u00e1lyra iratkoznak fel. Mi\u00e9rt ne tehetne teh\u00e1t valami k\u00fcl\u00f6nlegeset csal\u00e1dja \u00e9s bar\u00e1tai sz\u00e1m\u00e1ra azzal, hogy egy\u00fctt vesznek r\u00e9szt az El Gordo sorsol\u00e1son? Ez egy csod\u00e1latos m\u00f3dja a kar\u00e1csony meg\u00fcnnepl\u00e9s\u00e9nek.<\/p>\n<section class=\"layout\" style=\"border: solid 1px; width: 100%;\">\n<div class=\"img-div\" style=\"margin-top: 5px;\"><img decoding=\"async\" class=\"wp-image-17212 alignleft\" style=\"height: 45px; margin: 8px 8px 0px;\" src=\"http:\/\/jackpotlotteryonline.com\/wp-content\/uploads\/2022\/11\/read1.jpg\" alt=\"olvasd el\" width=\"\" height=\"\" \/><\/div>\n<div style=\"padding-left: 5px;\">\n<div style=\"font-size: 1.1em;\">\n<p><strong>Ne hagyja ki a vil\u00e1g legnagyobb lott\u00f3 jackpotjainak sorsol\u00e1si id\u0151pontjait<\/strong><\/p>\n<p style=\"font-size: 0.85em; margin-top: -1.5em;\">A nemzetk\u00f6zi lott\u00f3j\u00e1t\u00e9kok sorsol\u00e1si id\u0151pontjainak list\u00e1ja\u00a0\u00a0<a href=\"https:\/\/jackpotlotteryonline.com\/hu\/mikor-vannak-a-nemzetkozi-lottojatekok-sorsolasi-idopontjai\"> tov\u00e1bb<\/a><\/p>\n<\/div>\n<\/div>\n<\/section>\n<h2>Hogyan kell j\u00e1tszani az El Gordo-t<\/h2>\n<p><img loading=\"lazy\" decoding=\"async\" class=\"alignright size-full wp-image-32459\" src=\"http:\/\/jackpotlotteryonline.com\/wp-content\/uploads\/2022\/11\/2_ticket_el_gordo-1.jpg\" alt=\"El Gordo sorsjegy\" width=\"213\" height=\"300\" \/><\/p>\n<p>Amikor bel\u00e9p a spanyol kar\u00e1csonyi lott\u00f3ba, a szelv\u00e9ny\u00e9n 00000 \u00e9s 99999 k\u00f6z\u00f6tti sz\u00e1mok szerepelhetnek. Minden szelv\u00e9ny t\u00edz r\u00e9szre van osztva, amelyek tov\u00e1bb vannak osztva. \u00cdgy a k\u00f6lts\u00e9gvet\u00e9st\u0151l f\u00fcggetlen\u00fcl megengedheti mag\u00e1nak, hogy szelv\u00e9nyt v\u00e1s\u00e1roljon.<\/p>\n<p>Ugyanilyen \u00e9rdekes, hogy az El Gordo j\u00e1t\u00e9kosoknak nagyon nagy es\u00e9ly\u00fck van a nyer\u00e9sre. A teljes jackpot t\u00f6bb milli\u00e1rd eur\u00f3, \u00e9s az es\u00e9lyek hihetetlenek. \u00cdgy a j\u00e1t\u00e9kosok t\u00f6bb ezer eur\u00f3val t\u00e9rhetnek haza akkor is, ha nem nyerik meg az els\u0151 d\u00edjat.<\/p>\n<p>Miut\u00e1n megv\u00e1s\u00e1rolta a szelv\u00e9ny\u00e9t, m\u00e1r csak a december 22-i sorsol\u00e1st kell megv\u00e1rnia. Oldalunkon arra k\u00e9rj\u00fck \u00fcgyfeleinket, hogy regisztr\u00e1ljanak, \u00edgy \u00e9rtes\u00edthetj\u00fck \u0151ket, amint megnyert\u00e9k a nyerem\u00e9nyt. Emellett a nyerem\u00e9nyed bev\u00e1lt\u00e1sa is egyszer\u0171, mivel ezt a platformunkon kereszt\u00fcl teheted meg.<\/p>\n<h2>Az El Gordo online j\u00e1t\u00e9k l\u00e9p\u00e9sei<\/h2>\n<ol>\n<li>Most, hogy \u00d6n is annyira izgatott, mint mi a spanyol kar\u00e1csonyi lott\u00f3 miatt, hadd mutassuk be a l\u00e9p\u00e9seket.<\/li>\n<li>V\u00e1s\u00e1rolja meg El Gordo szelv\u00e9ny\u00e9t az oldalunkon<\/li>\n<li>Regisztr\u00e1ljon, hogy nyerem\u00e9ny eset\u00e9n felvehess\u00fck \u00d6nnel a kapcsolatot<\/li>\n<li>V\u00e1rjon a sorsol\u00e1sra<\/li>\n<\/ol>\n<h2>Nyerem\u00e9nye kifizet\u00e9se, ha nyer<\/h2>\n<p>Ilyen egyszer\u0171, ha regisztr\u00e1l n\u00e1lunk. Elvessz\u00fck a bonyodalmakat, hogy \u00d6nnek csak a j\u00e1t\u00e9k \u00f6r\u00f6me maradjon. Ha egy j\u00f3 es\u00e9lyekkel rendelkez\u0151 lott\u00f3j\u00e1t\u00e9kot keres, amelyet \u00e9lvezhet, akkor ne keressen tov\u00e1bb.<\/p>\n<p>Meg kell eml\u00edten\u00fcnk, hogy b\u00e1r az El Gordo nagyszer\u0171 es\u00e9lyekkel rendelkezik, ez egy szerencsej\u00e1t\u00e9k. Nem lehet garant\u00e1lni, hogy nyerni fogsz, \u00e9s azt sem, hogy nem fogsz nyerni. Viszont csak akkor van es\u00e9lyed a nyerem\u00e9nyre, ha egy\u00e1ltal\u00e1n r\u00e9szt veszel a lott\u00f3n. Regisztr\u00e1ljon teh\u00e1t most n\u00e1lunk, hogy megv\u00e1s\u00e1rolhassa a spanyol kar\u00e1csonyi lott\u00f3szelv\u00e9nyeket.<\/p>\n","protected":false},"excerpt":{"rendered":"<p>A csod\u00e1latos spanyol lott\u00f3 Az El Gordo a sarkon van, \u00e9s nem mindenki el\u00e9g szerencs\u00e9s ahhoz, hogy Spanyolorsz\u00e1gban \u00e9ljen vagy oda utazzon. M\u00e9gis, a szerencsej\u00e1t\u00e9kosok mindenhol izgatottan v\u00e1rj\u00e1k a gondolatot, hogy r\u00e9szt vehetnek az ezt a lott\u00f3t k\u00eds\u00e9r\u0151 sz\u00f3rakoz\u00e1sban \u00e9s \u00fcnneps\u00e9gekben. Az orsz\u00e1gon k\u00edv\u00fcl \u00e9l\u0151 j\u00e1t\u00e9kosok is r\u00e9szt vehetnek ezen a lott\u00f3n, mi pedig megmutatjuk, [&hellip;]<\/p>\n","protected":false},"author":1,"featured_media":0,"parent":35758,"menu_order":6,"comment_status":"closed","ping_status":"closed","template":"el-gordo-info.php","meta":{"_et_pb_use_builder":"","_et_pb_old_content":"","_et_gb_content_width":"","exclude_from_search":false,"footnotes":""},"class_list":["post-36623","page","type-page","status-publish","hentry"],"yoast_head":"<!-- This site is optimized with the Yoast SEO plugin v23.3 - https:\/\/yoast.com\/wordpress\/plugins\/seo\/ -->\n<title>El Gordo jegyek v\u00e1s\u00e1rl\u00e1sa Spanyolorsz\u00e1gon k\u00edv\u00fclr\u0151l | El Gordo jegyek online v\u00e1s\u00e1rl\u00e1sa<\/title>\n<meta name=\"description\" content=\"El Gordo jegyeket v\u00e1s\u00e1rolhat online, ha Spanyolorsz\u00e1gon k\u00edv\u00fcl \u00e9l - itt, ezen az online jegy\u00e9rt\u00e9kes\u00edt\u0151 szolg\u00e1ltat\u00e1son kereszt\u00fcl.\" \/>\n<meta name=\"robots\" content=\"index, follow, max-snippet:-1, max-image-preview:large, max-video-preview:-1\" \/>\n<link rel=\"canonical\" href=\"https:\/\/jackpotlotteryonline.com\/hu\/jegyet-vasarolni\/el-gordo\/\" \/>\n<meta property=\"og:locale\" content=\"hu_HU\" \/>\n<meta property=\"og:type\" content=\"article\" \/>\n<meta property=\"og:title\" content=\"El Gordo jegyek v\u00e1s\u00e1rl\u00e1sa Spanyolorsz\u00e1gon k\u00edv\u00fclr\u0151l | El Gordo jegyek online v\u00e1s\u00e1rl\u00e1sa\" \/>\n<meta property=\"og:description\" content=\"El Gordo jegyeket v\u00e1s\u00e1rolhat online, ha Spanyolorsz\u00e1gon k\u00edv\u00fcl \u00e9l - itt, ezen az online jegy\u00e9rt\u00e9kes\u00edt\u0151 szolg\u00e1ltat\u00e1son kereszt\u00fcl.\" \/>\n<meta property=\"og:url\" content=\"https:\/\/jackpotlotteryonline.com\/hu\/jegyet-vasarolni\/el-gordo\/\" \/>\n<meta property=\"og:site_name\" content=\"Lotto Online - Crack The International Lottery Jackpots\" \/>\n<meta property=\"article:modified_time\" content=\"2023-01-03T20:42:40+00:00\" \/>\n<meta property=\"og:image\" content=\"http:\/\/jackpotlotteryonline.com\/wp-content\/uploads\/2022\/10\/lotto_euros.jpg\" \/>\n<meta name=\"twitter:card\" content=\"summary_large_image\" \/>\n<meta name=\"twitter:label1\" content=\"Becs\u00fclt olvas\u00e1si id\u0151\" \/>\n\t<meta name=\"twitter:data1\" content=\"4 perc\" \/>\n<!-- \/ Yoast SEO plugin. -->","yoast_head_json":{"title":"El Gordo jegyek v\u00e1s\u00e1rl\u00e1sa Spanyolorsz\u00e1gon k\u00edv\u00fclr\u0151l | El Gordo jegyek online v\u00e1s\u00e1rl\u00e1sa","description":"El Gordo jegyeket v\u00e1s\u00e1rolhat online, ha Spanyolorsz\u00e1gon k\u00edv\u00fcl \u00e9l - itt, ezen az online jegy\u00e9rt\u00e9kes\u00edt\u0151 szolg\u00e1ltat\u00e1son kereszt\u00fcl.","robots":{"index":"index","follow":"follow","max-snippet":"max-snippet:-1","max-image-preview":"max-image-preview:large","max-video-preview":"max-video-preview:-1"},"canonical":"https:\/\/jackpotlotteryonline.com\/hu\/jegyet-vasarolni\/el-gordo\/","og_locale":"hu_HU","og_type":"article","og_title":"El Gordo jegyek v\u00e1s\u00e1rl\u00e1sa Spanyolorsz\u00e1gon k\u00edv\u00fclr\u0151l | El Gordo jegyek online v\u00e1s\u00e1rl\u00e1sa","og_description":"El Gordo jegyeket v\u00e1s\u00e1rolhat online, ha Spanyolorsz\u00e1gon k\u00edv\u00fcl \u00e9l - itt, ezen az online jegy\u00e9rt\u00e9kes\u00edt\u0151 szolg\u00e1ltat\u00e1son kereszt\u00fcl.","og_url":"https:\/\/jackpotlotteryonline.com\/hu\/jegyet-vasarolni\/el-gordo\/","og_site_name":"Lotto Online - Crack The International Lottery Jackpots","article_modified_time":"2023-01-03T20:42:40+00:00","og_image":[{"url":"http:\/\/jackpotlotteryonline.com\/wp-content\/uploads\/2022\/10\/lotto_euros.jpg"}],"twitter_card":"summary_large_image","twitter_misc":{"Becs\u00fclt olvas\u00e1si id\u0151":"4 perc"},"schema":{"@context":"https:\/\/schema.org","@graph":[{"@type":"WebPage","@id":"https:\/\/jackpotlotteryonline.com\/hu\/jegyet-vasarolni\/el-gordo\/","url":"https:\/\/jackpotlotteryonline.com\/hu\/jegyet-vasarolni\/el-gordo\/","name":"El Gordo jegyek v\u00e1s\u00e1rl\u00e1sa Spanyolorsz\u00e1gon k\u00edv\u00fclr\u0151l | El Gordo jegyek online v\u00e1s\u00e1rl\u00e1sa","isPartOf":{"@id":"https:\/\/jackpotlotteryonline.com\/#website"},"primaryImageOfPage":{"@id":"https:\/\/jackpotlotteryonline.com\/hu\/jegyet-vasarolni\/el-gordo\/#primaryimage"},"image":{"@id":"https:\/\/jackpotlotteryonline.com\/hu\/jegyet-vasarolni\/el-gordo\/#primaryimage"},"thumbnailUrl":"http:\/\/jackpotlotteryonline.com\/wp-content\/uploads\/2022\/10\/lotto_euros.jpg","datePublished":"2022-11-08T08:01:30+00:00","dateModified":"2023-01-03T20:42:40+00:00","description":"El Gordo jegyeket v\u00e1s\u00e1rolhat online, ha Spanyolorsz\u00e1gon k\u00edv\u00fcl \u00e9l - itt, ezen az online jegy\u00e9rt\u00e9kes\u00edt\u0151 szolg\u00e1ltat\u00e1son kereszt\u00fcl.","breadcrumb":{"@id":"https:\/\/jackpotlotteryonline.com\/hu\/jegyet-vasarolni\/el-gordo\/#breadcrumb"},"inLanguage":"hu","potentialAction":[{"@type":"ReadAction","target":["https:\/\/jackpotlotteryonline.com\/hu\/jegyet-vasarolni\/el-gordo\/"]}]},{"@type":"ImageObject","inLanguage":"hu","@id":"https:\/\/jackpotlotteryonline.com\/hu\/jegyet-vasarolni\/el-gordo\/#primaryimage","url":"http:\/\/jackpotlotteryonline.com\/wp-content\/uploads\/2022\/10\/lotto_euros.jpg","contentUrl":"http:\/\/jackpotlotteryonline.com\/wp-content\/uploads\/2022\/10\/lotto_euros.jpg"},{"@type":"BreadcrumbList","@id":"https:\/\/jackpotlotteryonline.com\/hu\/jegyet-vasarolni\/el-gordo\/#breadcrumb","itemListElement":[{"@type":"ListItem","position":1,"name":"Home","item":"https:\/\/jackpotlotteryonline.com\/hu\/"},{"@type":"ListItem","position":2,"name":"Hogyan v\u00e1s\u00e1rolhat lott\u00f3szelv\u00e9nyeket online","item":"https:\/\/jackpotlotteryonline.com\/buy-tickets\/"},{"@type":"ListItem","position":3,"name":"El Gordo jegyek v\u00e1s\u00e1rl\u00e1sa"}]},{"@type":"WebSite","@id":"https:\/\/jackpotlotteryonline.com\/#website","url":"https:\/\/jackpotlotteryonline.com\/","name":"Lotto Online - Crack The International Lottery Jackpots","description":"","potentialAction":[{"@type":"SearchAction","target":{"@type":"EntryPoint","urlTemplate":"https:\/\/jackpotlotteryonline.com\/?s={search_term_string}"},"query-input":"required name=search_term_string"}],"inLanguage":"hu"}]}},"_links":{"self":[{"href":"https:\/\/jackpotlotteryonline.com\/hu\/wp-json\/wp\/v2\/pages\/36623","targetHints":{"allow":["GET"]}}],"collection":[{"href":"https:\/\/jackpotlotteryonline.com\/hu\/wp-json\/wp\/v2\/pages"}],"about":[{"href":"https:\/\/jackpotlotteryonline.com\/hu\/wp-json\/wp\/v2\/types\/page"}],"author":[{"embeddable":true,"href":"https:\/\/jackpotlotteryonline.com\/hu\/wp-json\/wp\/v2\/users\/1"}],"replies":[{"embeddable":true,"href":"https:\/\/jackpotlotteryonline.com\/hu\/wp-json\/wp\/v2\/comments?post=36623"}],"version-history":[{"count":0,"href":"https:\/\/jackpotlotteryonline.com\/hu\/wp-json\/wp\/v2\/pages\/36623\/revisions"}],"up":[{"embeddable":true,"href":"https:\/\/jackpotlotteryonline.com\/hu\/wp-json\/wp\/v2\/pages\/35758"}],"wp:attachment":[{"href":"https:\/\/jackpotlotteryonline.com\/hu\/wp-json\/wp\/v2\/media?parent=36623"}],"curies":[{"name":"wp","href":"https:\/\/api.w.org\/{rel}","templated":true}]}}