{"id":36675,"date":"2022-11-08T09:45:23","date_gmt":"2022-11-08T09:45:23","guid":{"rendered":"https:\/\/jackpotlotteryonline.com\/?page_id=36675"},"modified":"2023-01-03T21:00:05","modified_gmt":"2023-01-03T21:00:05","slug":"lotto-germany","status":"publish","type":"page","link":"https:\/\/jackpotlotteryonline.com\/hu\/jegyet-vasarolni\/lotto-germany\/","title":{"rendered":"V\u00e1s\u00e1roljon szelv\u00e9nyeket Lotto N\u00e9metorsz\u00e1g"},"content":{"rendered":"<p>A N\u00e9metorsz\u00e1gon k\u00edv\u00fcl \u00e9l\u0151 j\u00e1t\u00e9kosok sz\u00e1m\u00e1ra kiss\u00e9 neh\u00e9zkes lehet a n\u00e9met lott\u00f3 szelv\u00e9nyek v\u00e1s\u00e1rl\u00e1sa, de nem kell, hogy \u00edgy legyen. A 6 aus 49 n\u00e9ven is ismert n\u00e9met lott\u00f3 Eur\u00f3pa egyik legr\u00e9gebben fut\u00f3 lott\u00f3j\u00e1t\u00e9ka. Az 1955-ben alap\u00edtott lott\u00f3j\u00e1t\u00e9k gyorsan az orsz\u00e1g vezet\u0151 lott\u00f3j\u00e1t\u00e9k\u00e1v\u00e1 v\u00e1lt.<\/p>\n<p>Erre a lott\u00f3j\u00e1t\u00e9kra N\u00e9metorsz\u00e1gban akkredit\u00e1lt elad\u00f3kn\u00e1l lehet nevezni. Ha azonban a vil\u00e1g egy m\u00e1sik r\u00e9sz\u00e9n \u00e9l, akkor egy megb\u00edzhat\u00f3 online lott\u00f3oldalra kell hagyatkoznia, mint p\u00e9ld\u00e1ul a jackpotlotteryoneline.com.<\/p>\n<p><a href=\"https:\/\/jackpotlotteryonline.com\/hu\/hogyan-kell-jatszani\/german-lotto\">Az online lott\u00f3j\u00e1t\u00e9k<\/a> egyszer\u0171, \u00e9s ha a mi oldalunkat haszn\u00e1lja, z\u00f6kken\u0151mentes \u00e9s kellemes \u00e9lm\u00e9nny\u00e9 v\u00e1lik.<\/p>\n<h2>Hogyan j\u00e1tszhat a n\u00e9met lott\u00f3n a mi oldalunkon<\/h2>\n<p><img loading=\"lazy\" decoding=\"async\" class=\"alignright size-medium wp-image-33350\" src=\"https:\/\/jackpotlotteryonline.com\/wp-content\/uploads\/2022\/11\/2_ticket_euromillions3-1-111x300.jpg\" alt=\"n\u00e9met lott\u00f3szelv\u00e9ny\" width=\"111\" height=\"300\" srcset=\"https:\/\/jackpotlotteryonline.com\/wp-content\/uploads\/2022\/11\/2_ticket_euromillions3-1-111x300.jpg 111w, https:\/\/jackpotlotteryonline.com\/wp-content\/uploads\/2022\/11\/2_ticket_euromillions3-1.jpg 180w\" sizes=\"auto, (max-width: 111px) 100vw, 111px\" \/><\/p>\n<p>A 6 aus 49 sz\u00f3 szerinti ford\u00edt\u00e1sa hat a 49-b\u0151l. A n\u00e9met lott\u00f3j\u00e1t\u00e9khoz hat sz\u00e1mot kell kiv\u00e1lasztania 1 \u00e9s 49 k\u00f6z\u00f6tt, valamint egy b\u00f3nuszsz\u00e1mot 0 \u00e9s 9 k\u00f6z\u00f6tt. Ez ugyanaz, ak\u00e1r offline, ak\u00e1r interneten kereszt\u00fcl j\u00e1tszik.<\/p>\n<p>Ha a n\u00e9met lott\u00f3hoz a mi oldalunkon v\u00e1s\u00e1rol bel\u00e9p\u0151t, 6 sz\u00e1mot v\u00e1laszthat a 49-b\u0151l. T\u00f6bb sz\u00e1msort is v\u00e1laszthat, mivel mindegyik sz\u00e1m egy bel\u00e9p\u0151nek sz\u00e1m\u00edt, \u00edgy nagyobb es\u00e9lyt kap. Ezut\u00e1n kiv\u00e1laszthatja, hogy egy vagy t\u00f6bb sorsol\u00e1sra szeretne-e bel\u00e9pni.<\/p>\n<p><a href=\"https:\/\/jackpotlotteryonline.com\/hu\/nyeroszamok\/german-lotto\">A n\u00e9met lott\u00f3n hetente k\u00e9t sorsol\u00e1st tartanak<\/a> szerd\u00e1n \u00e9s szombaton; d\u00f6nthet \u00fagy, hogy egy vagy t\u00f6bb sorsol\u00e1son vesz r\u00e9szt. Ha meghozta a d\u00f6nt\u00e9s\u00e9t, a k\u00f6vetkez\u0151 l\u00e9p\u00e9s a fizet\u00e9s. Ekkor megk\u00e9rj\u00fck, hogy regisztr\u00e1ljon n\u00e1lunk. Erre t\u00f6bb okb\u00f3l is sz\u00fcks\u00e9g van:<\/p>\n<ul>\n<li>A regisztr\u00e1ci\u00f3val biztons\u00e1gban tudhatja a bel\u00e9p\u00e9si jegyeit, mivel sz\u00fcks\u00e9g lesz r\u00e1juk a nyerem\u00e9nyek ig\u00e9nyl\u00e9s\u00e9hez.<\/li>\n<li>K\u00f6nnyed\u00e9n ellen\u0151rizheti a sorsol\u00e1s eredm\u00e9nyeit, b\u00e1r ha nyer valamilyen d\u00edjat, arr\u00f3l a m\u0171szerfalon kereszt\u00fcl \u00e9s e-mailben \u00e9rtes\u00edtj\u00fck.<\/li>\n<li>A nyerem\u00e9nyeket k\u00f6zvetlen\u00fcl a platformunkon is bev\u00e1lthatja.<\/li>\n<\/ul>\n<h2>Hogyan nyerhet a lott\u00f3n<\/h2>\n<p>A sorsol\u00e1sok sor\u00e1n hat sz\u00e1mot h\u00fazunk 1-t\u0151l 49-ig. A b\u00f3nuszsz\u00e1mot, amelyet szupersz\u00e1mnak nevez\u00fcnk, egy m\u00e1sik g\u00e9pb\u0151l h\u00fazzuk ki. Ha az \u00d6n sz\u00e1mai megegyeznek a kih\u00fazott sz\u00e1mokkal, akkor megnyeri a jackpotot.<\/p>\n<p>Fontos lesz\u00f6gezni, hogy a jackpot nem az egyetlen nyerem\u00e9ny, amelyet a j\u00e1t\u00e9kosok a n\u00e9met lott\u00f3j\u00e1t\u00e9kban nyerhetnek. Ebben az eur\u00f3pai lott\u00f3j\u00e1t\u00e9kban 10 k\u00fcl\u00f6nb\u00f6z\u0151 nyerem\u00e9nykateg\u00f3ria van, \u00e9s van egy nyerem\u00e9ny csak a k\u00e9t sz\u00e1m \u00e9s a b\u00f3nuszsz\u00e1m egyez\u00e9s\u00e9\u00e9rt.<\/p>\n<p>Mint m\u00e1r eml\u00edtett\u00fck, a lott\u00f3 nyer\u00e9si es\u00e9lyei meglehet\u0151sen j\u00f3k. A jackpot megnyer\u00e9s\u00e9nek es\u00e9lye 1:139 838 160, az \u00e1ltal\u00e1nos nyerem\u00e9ny nyer\u00e9si es\u00e9lye pedig 1:31. Ha m\u00e9g soha nem j\u00e1tszott a n\u00e9met 6 aus 49-es lott\u00f3n, akkor itt az ideje, hogy elgondolkodjon a fogad\u00e1son. Ezt \u00fagy teheti meg, hogy a jackpotlotteryoneline.com oldalon v\u00e1s\u00e1rolhat bel\u00e9p\u0151t a lott\u00f3ba.<\/p>\n<h2>Honnan tudom, hogy val\u00f3di szelv\u00e9nyem van?<\/h2>\n<p>Ez egy nagyon fontos k\u00e9rd\u00e9s, k\u00fcl\u00f6n\u00f6sen akkor, ha n\u00e9met lott\u00f3szelv\u00e9nyt v\u00e1s\u00e1rol online. Lehets\u00e9ges, hogy megv\u00e1s\u00e1rolja azt, amir\u0151l azt hiszi, hogy lott\u00f3szelv\u00e9ny, \u00e9s m\u00e9gsem vesz r\u00e9szt a lott\u00f3n.<\/p>\n<p>A lott\u00f3 minden egyes szelv\u00e9nyre sorsz\u00e1mot nyomtatnak, \u00e9s ezek fontosak annak meg\u00e1llap\u00edt\u00e1s\u00e1ban, hogy a szelv\u00e9ny hiteles-e. A jackpotlotteryonline.com oldalon portaszolg\u00e1latot m\u0171k\u00f6dtet\u00fcnk \u00fcgyfeleink sz\u00e1m\u00e1ra. Ez alatt azt \u00e9rtj\u00fck, hogy amikor t\u0151l\u00fcnk v\u00e1s\u00e1rolja meg az online lott\u00f3szelv\u00e9nyeit, a szelv\u00e9nyei a n\u00e9met lott\u00f3t\u00f3l sz\u00e1rmaz\u00f3 sorozatsz\u00e1mokkal lesznek ell\u00e1tva.<\/p>\n<p>M\u00e1s sz\u00f3val, a mi szolg\u00e1ltat\u00e1sunkkal hozz\u00e1f\u00e9r\u00e9st kap a lott\u00f3hoz. Ha egyezik a kisorsolt sz\u00e1mokkal, akkor megnyeri a jackpotot.<\/p>\n<section class=\"layout\" style=\"border: solid 1px; width: 100%;\">\n<div class=\"img-div\" style=\"margin-top: 5px;\"><img decoding=\"async\" class=\"wp-image-17212 alignleft\" style=\"height: 45px; margin: 8px 8px 0px;\" src=\"https:\/\/jackpotlotteryonline.com\/wp-content\/uploads\/2022\/11\/read1.jpg\" alt=\"olvasd el\" width=\"\" height=\"\" \/><\/div>\n<div style=\"padding-left: 5px;\">\n<div style=\"font-size: 1.1em;\">\n<p><strong>Milyen aut\u00f3t venn\u00e9l, ha megnyern\u00e9d a lott\u00f3t?<\/strong><\/p>\n<p style=\"font-size: 0.85em; margin-top: -1.5em;\">Nyerj a lott\u00f3n \u00e9s szerezz egy \u00faj aut\u00f3t\u00a0\u00a0<a href=\"https:\/\/jackpotlotteryonline.com\/hu\/milyen-autot-vennel-ha-megnyerned-a-lottot\"> tov\u00e1bb<\/a><\/p>\n<\/div>\n<\/div>\n<\/section>\n<h2>Hogyan ig\u00e9nyelhetem a nyerem\u00e9nyemet?<\/h2>\n<p><img loading=\"lazy\" decoding=\"async\" class=\"size-medium wp-image-27698 alignright\" src=\"https:\/\/jackpotlotteryonline.com\/wp-content\/uploads\/2022\/11\/1_lottery_results-300x150.jpg\" alt=\"n\u00e9met lott\u00f3 goly\u00f3k\" width=\"300\" height=\"150\" srcset=\"https:\/\/jackpotlotteryonline.com\/wp-content\/uploads\/2022\/11\/1_lottery_results-300x150.jpg 300w, https:\/\/jackpotlotteryonline.com\/wp-content\/uploads\/2022\/11\/1_lottery_results.jpg 350w\" sizes=\"auto, (max-width: 300px) 100vw, 300px\" \/><\/p>\n<p>A n\u00e1lunk t\u00f6rt\u00e9n\u0151 lott\u00f3j\u00e1t\u00e9k el\u0151nye, hogy nem kell agg\u00f3dnia a nyerem\u00e9nye ig\u00e9nyl\u00e9s\u00e9vel kapcsolatban. El\u0151sz\u00f6r is, a szelv\u00e9nye biztons\u00e1gban van a sz\u00e1ml\u00e1j\u00e1n, \u00e9s nem kell att\u00f3l tartania, hogy elvesz\u00edti. Mivel a szelv\u00e9nyre sz\u00fcks\u00e9ge lesz a nyerem\u00e9nye ig\u00e9nyl\u00e9s\u00e9hez, ez egy j\u00f3 dolog. 2021-ben egy 11,3 milli\u00f3 eur\u00f3s jackpotnyerem\u00e9ny visszaker\u00fclt az alapba, mert 3 \u00e9vig nem ig\u00e9nyelt\u00e9k be. Nem szeretn\u00e9nk, ha ez veled is megt\u00f6rt\u00e9nne.<\/p>\n<p>M\u00e1sodszor, ha nyersz valamit, azonnal \u00e9rtes\u00edt\u00fcnk, \u00e9s amikor legk\u00f6zelebb bejelentkezel a sz\u00e1ml\u00e1dra, a p\u00e9nzed m\u00e1r ott fog v\u00e1rni r\u00e1d. Egyszer\u0171en csak vedd fel a p\u00e9nzt a banksz\u00e1ml\u00e1dra, \u00e9s m\u00e1ris \u00e9lvezheted a nyerem\u00e9nyedet.<\/p>\n<p>Tudjuk, hogy amikor lott\u00f3zik, akkor \u00d6nnek az a legfontosabb, hogy j\u00f3l \u00e9rezze mag\u00e1t. Elv\u00e9gre ez egy sz\u00f3rakoztat\u00f3 j\u00e1t\u00e9knak kellene lennie. Ez\u00e9rt f\u00e1radhatatlanul dolgozunk azon, hogy a folyamatot \u00fagy m\u00e9retezz\u00fck meg, hogy az z\u00f6kken\u0151mentes \u00e9s probl\u00e9mamentes legyen, \u00edgy \u00d6n szabadon \u00e9lvezheti a j\u00e1t\u00e9kot.<\/p>\n<h2>6 aus 49 nyerem\u00e9nyszint<\/h2>\n<p>Szeretn\u00e9 tudni, hogy mit nyerhet a n\u00e9met lott\u00f3n? Itt tal\u00e1lja a k\u00fcl\u00f6nb\u00f6z\u0151 nyerem\u00e9nyszinteket \u00e9s a nyerem\u00e9nyalap egyes szintekhez rendelt sz\u00e1zal\u00e9kos ar\u00e1ny\u00e1t.<\/p>\n<p>6-os m\u00e9rk\u0151z\u00e9s + Superzahl &#8211; 12,80% (Jackpot)<br \/>\nCsak a 6-os m\u00e9rk\u0151z\u00e9s &#8211; 10%<br \/>\n5. m\u00e9rk\u0151z\u00e9s + Superzahl &#8211; 5%<br \/>\nCsak az 5. m\u00e9rk\u0151z\u00e9s &#8211; 15%<br \/>\n4. m\u00e9rk\u0151z\u00e9s + Superzahl &#8211; 5%<br \/>\nCsak a 4-es m\u00e9rk\u0151z\u00e9s &#8211; 10%<br \/>\n3. m\u00e9rk\u0151z\u00e9s + Superzahl &#8211; 10%<br \/>\nCsak a 3. m\u00e9rk\u0151z\u00e9s &#8211; 45%<br \/>\n2. m\u00e9rk\u0151z\u00e9s + Superzahl &#8211; 6 \u20ac<\/p>\n<p>Vegye figyelembe, hogy a t\u00f6bbi nyerem\u00e9nyt a jackpotnak a nyerem\u00e9nyalapb\u00f3l t\u00f6rt\u00e9n\u0151 kivon\u00e1sa ut\u00e1n hat\u00e1rozz\u00e1k meg.<\/p>\n<h2>Mennyi a jackpot?<\/h2>\n<p>A n\u00e9met lott\u00f3 f\u0151nyerem\u00e9nye 2 milli\u00f3 eur\u00f3r\u00f3l indul, \u00e9s minden sorsol\u00e1s ut\u00e1n tov\u00e1bbad\u00f3dik, ha nincs nyertes. Ennek eredm\u00e9nyek\u00e9ppen a jackpot egyre nagyobb lesz, am\u00edg el nem \u00e9ri az \u00ednycsikland\u00f3 \u00f6sszeget.<\/p>\n<p>P\u00e9ld\u00e1ul 2020 okt\u00f3ber\u00e9ben egyetlen szelv\u00e9ny tulajdonosa 42 583 626 eur\u00f3 jackpotnyerem\u00e9nyt nyert. Ez a nyerem\u00e9ny volt a n\u00e9met lott\u00f3 t\u00f6rt\u00e9net\u00e9nek legnagyobb jackpotja. Szorosan a nyom\u00e1ban volt a 33 832 008 eur\u00f3s jackpotnyerem\u00e9ny, amelyet szint\u00e9n egy lott\u00f3z\u00f3 nyert.<\/p>\n<p>T\u00f6bb m\u00e1s n\u00e9met lott\u00f3szelv\u00e9nytulajdonos is nyert t\u00f6bb milli\u00f3 eur\u00f3s jackpotnyerem\u00e9nyt. Nem meglep\u0151 teh\u00e1t, hogy a fogad\u00f3k vil\u00e1gszerte sietnek a heti sorsol\u00e1sokon val\u00f3 r\u00e9szv\u00e9telre.<\/p>\n<h2>Regisztr\u00e1ljon n\u00e1lunk, hogy online lott\u00f3zhasson<\/h2>\n<p>Nem kell N\u00e9metorsz\u00e1gban \u00e9lnie ahhoz, hogy r\u00e9szt vehessen a n\u00e9met lott\u00f3n. Ha regisztr\u00e1l n\u00e1lunk, hozz\u00e1f\u00e9r\u00e9st kap a legjobb nemzetk\u00f6zi lott\u00f3j\u00e1t\u00e9kokhoz. Ez val\u00f3ban a lehet\u0151s\u00e9gek vil\u00e1g\u00e1t nyitja meg. Ne feledje azt sem, hogy a lott\u00f3b\u00f3l sz\u00e1rmaz\u00f3 p\u00e9nz\u00f6sszegek nem ad\u00f3k\u00f6telesek N\u00e9metorsz\u00e1gban. Javasoljuk azonban, hogy ellen\u0151rizze a lak\u00f3helye szerinti ad\u00f3t\u00f6rv\u00e9nyeket.<\/p>\n<p>Sz\u00f3val, mire v\u00e1rsz m\u00e9g? Regisztr\u00e1ljon n\u00e1lunk, hogy online megv\u00e1s\u00e1rolhassa n\u00e9met lott\u00f3szelv\u00e9nyeit, \u00e9s ugorjon bele a nemzetk\u00f6zi lott\u00f3j\u00e1t\u00e9kok izgalmas vil\u00e1g\u00e1ba.<\/p>\n","protected":false},"excerpt":{"rendered":"<p>A N\u00e9metorsz\u00e1gon k\u00edv\u00fcl \u00e9l\u0151 j\u00e1t\u00e9kosok sz\u00e1m\u00e1ra kiss\u00e9 neh\u00e9zkes lehet a n\u00e9met lott\u00f3 szelv\u00e9nyek v\u00e1s\u00e1rl\u00e1sa, de nem kell, hogy \u00edgy legyen. A 6 aus 49 n\u00e9ven is ismert n\u00e9met lott\u00f3 Eur\u00f3pa egyik legr\u00e9gebben fut\u00f3 lott\u00f3j\u00e1t\u00e9ka. Az 1955-ben alap\u00edtott lott\u00f3j\u00e1t\u00e9k gyorsan az orsz\u00e1g vezet\u0151 lott\u00f3j\u00e1t\u00e9k\u00e1v\u00e1 v\u00e1lt. Erre a lott\u00f3j\u00e1t\u00e9kra N\u00e9metorsz\u00e1gban akkredit\u00e1lt elad\u00f3kn\u00e1l lehet nevezni. Ha azonban a [&hellip;]<\/p>\n","protected":false},"author":1,"featured_media":0,"parent":35758,"menu_order":8,"comment_status":"closed","ping_status":"closed","template":"lotto-german-info.php","meta":{"_et_pb_use_builder":"","_et_pb_old_content":"","_et_gb_content_width":"","exclude_from_search":false,"footnotes":""},"class_list":["post-36675","page","type-page","status-publish","hentry"],"yoast_head":"<!-- This site is optimized with the Yoast SEO plugin v23.3 - https:\/\/yoast.com\/wordpress\/plugins\/seo\/ -->\n<title>N\u00e9met lott\u00f3 szelv\u00e9nyek v\u00e1s\u00e1rl\u00e1sa N\u00e9metorsz\u00e1gon k\u00edv\u00fcl | N\u00e9metorsz\u00e1gi lott\u00f3 online<\/title>\n<meta name=\"description\" content=\"A 6\/49-es n\u00e9met lott\u00f3 szelv\u00e9nyei itt kaphat\u00f3k, itt biztons\u00e1gosan megv\u00e1s\u00e1rolhatja \u0151ket online, N\u00e9metorsz\u00e1gon k\u00edv\u00fclr\u0151l.\" \/>\n<meta name=\"robots\" content=\"index, follow, max-snippet:-1, max-image-preview:large, max-video-preview:-1\" \/>\n<link rel=\"canonical\" href=\"https:\/\/jackpotlotteryonline.com\/buy-tickets\/lotto-germany\/\" \/>\n<meta property=\"og:locale\" content=\"hu_HU\" \/>\n<meta property=\"og:type\" content=\"article\" \/>\n<meta property=\"og:title\" content=\"N\u00e9met lott\u00f3 szelv\u00e9nyek v\u00e1s\u00e1rl\u00e1sa N\u00e9metorsz\u00e1gon k\u00edv\u00fcl | N\u00e9metorsz\u00e1gi lott\u00f3 online\" \/>\n<meta property=\"og:description\" content=\"A 6\/49-es n\u00e9met lott\u00f3 szelv\u00e9nyei itt kaphat\u00f3k, itt biztons\u00e1gosan megv\u00e1s\u00e1rolhatja \u0151ket online, N\u00e9metorsz\u00e1gon k\u00edv\u00fclr\u0151l.\" \/>\n<meta property=\"og:url\" content=\"https:\/\/jackpotlotteryonline.com\/buy-tickets\/lotto-germany\/\" \/>\n<meta property=\"og:site_name\" content=\"Lotto Online - Crack The International Lottery Jackpots\" \/>\n<meta property=\"article:modified_time\" content=\"2023-01-03T21:00:05+00:00\" \/>\n<meta property=\"og:image\" content=\"https:\/\/jackpotlotteryonline.com\/wp-content\/uploads\/2022\/11\/2_ticket_euromillions3-1-111x300.jpg\" \/>\n<meta name=\"twitter:card\" content=\"summary_large_image\" \/>\n<meta name=\"twitter:label1\" content=\"Becs\u00fclt olvas\u00e1si id\u0151\" \/>\n\t<meta name=\"twitter:data1\" content=\"5 perc\" \/>\n<!-- \/ Yoast SEO plugin. -->","yoast_head_json":{"title":"N\u00e9met lott\u00f3 szelv\u00e9nyek v\u00e1s\u00e1rl\u00e1sa N\u00e9metorsz\u00e1gon k\u00edv\u00fcl | N\u00e9metorsz\u00e1gi lott\u00f3 online","description":"A 6\/49-es n\u00e9met lott\u00f3 szelv\u00e9nyei itt kaphat\u00f3k, itt biztons\u00e1gosan megv\u00e1s\u00e1rolhatja \u0151ket online, N\u00e9metorsz\u00e1gon k\u00edv\u00fclr\u0151l.","robots":{"index":"index","follow":"follow","max-snippet":"max-snippet:-1","max-image-preview":"max-image-preview:large","max-video-preview":"max-video-preview:-1"},"canonical":"https:\/\/jackpotlotteryonline.com\/buy-tickets\/lotto-germany\/","og_locale":"hu_HU","og_type":"article","og_title":"N\u00e9met lott\u00f3 szelv\u00e9nyek v\u00e1s\u00e1rl\u00e1sa N\u00e9metorsz\u00e1gon k\u00edv\u00fcl | N\u00e9metorsz\u00e1gi lott\u00f3 online","og_description":"A 6\/49-es n\u00e9met lott\u00f3 szelv\u00e9nyei itt kaphat\u00f3k, itt biztons\u00e1gosan megv\u00e1s\u00e1rolhatja \u0151ket online, N\u00e9metorsz\u00e1gon k\u00edv\u00fclr\u0151l.","og_url":"https:\/\/jackpotlotteryonline.com\/buy-tickets\/lotto-germany\/","og_site_name":"Lotto Online - Crack The International Lottery Jackpots","article_modified_time":"2023-01-03T21:00:05+00:00","og_image":[{"url":"https:\/\/jackpotlotteryonline.com\/wp-content\/uploads\/2022\/11\/2_ticket_euromillions3-1-111x300.jpg"}],"twitter_card":"summary_large_image","twitter_misc":{"Becs\u00fclt olvas\u00e1si id\u0151":"5 perc"},"schema":{"@context":"https:\/\/schema.org","@graph":[{"@type":"WebPage","@id":"https:\/\/jackpotlotteryonline.com\/buy-tickets\/lotto-germany\/","url":"https:\/\/jackpotlotteryonline.com\/buy-tickets\/lotto-germany\/","name":"N\u00e9met lott\u00f3 szelv\u00e9nyek v\u00e1s\u00e1rl\u00e1sa N\u00e9metorsz\u00e1gon k\u00edv\u00fcl | N\u00e9metorsz\u00e1gi lott\u00f3 online","isPartOf":{"@id":"https:\/\/jackpotlotteryonline.com\/#website"},"primaryImageOfPage":{"@id":"https:\/\/jackpotlotteryonline.com\/buy-tickets\/lotto-germany\/#primaryimage"},"image":{"@id":"https:\/\/jackpotlotteryonline.com\/buy-tickets\/lotto-germany\/#primaryimage"},"thumbnailUrl":"https:\/\/jackpotlotteryonline.com\/wp-content\/uploads\/2022\/11\/2_ticket_euromillions3-1-111x300.jpg","datePublished":"2022-11-08T09:45:23+00:00","dateModified":"2023-01-03T21:00:05+00:00","description":"A 6\/49-es n\u00e9met lott\u00f3 szelv\u00e9nyei itt kaphat\u00f3k, itt biztons\u00e1gosan megv\u00e1s\u00e1rolhatja \u0151ket online, N\u00e9metorsz\u00e1gon k\u00edv\u00fclr\u0151l.","breadcrumb":{"@id":"https:\/\/jackpotlotteryonline.com\/buy-tickets\/lotto-germany\/#breadcrumb"},"inLanguage":"hu","potentialAction":[{"@type":"ReadAction","target":["https:\/\/jackpotlotteryonline.com\/buy-tickets\/lotto-germany\/"]}]},{"@type":"ImageObject","inLanguage":"hu","@id":"https:\/\/jackpotlotteryonline.com\/buy-tickets\/lotto-germany\/#primaryimage","url":"https:\/\/jackpotlotteryonline.com\/wp-content\/uploads\/2022\/11\/2_ticket_euromillions3-1-111x300.jpg","contentUrl":"https:\/\/jackpotlotteryonline.com\/wp-content\/uploads\/2022\/11\/2_ticket_euromillions3-1-111x300.jpg"},{"@type":"BreadcrumbList","@id":"https:\/\/jackpotlotteryonline.com\/buy-tickets\/lotto-germany\/#breadcrumb","itemListElement":[{"@type":"ListItem","position":1,"name":"Home","item":"https:\/\/jackpotlotteryonline.com\/hu\/"},{"@type":"ListItem","position":2,"name":"Hogyan v\u00e1s\u00e1rolhat lott\u00f3szelv\u00e9nyeket online","item":"https:\/\/jackpotlotteryonline.com\/buy-tickets\/"},{"@type":"ListItem","position":3,"name":"V\u00e1s\u00e1roljon szelv\u00e9nyeket Lotto N\u00e9metorsz\u00e1g"}]},{"@type":"WebSite","@id":"https:\/\/jackpotlotteryonline.com\/#website","url":"https:\/\/jackpotlotteryonline.com\/","name":"Lotto Online - Crack The International Lottery Jackpots","description":"","potentialAction":[{"@type":"SearchAction","target":{"@type":"EntryPoint","urlTemplate":"https:\/\/jackpotlotteryonline.com\/?s={search_term_string}"},"query-input":"required name=search_term_string"}],"inLanguage":"hu"}]}},"_links":{"self":[{"href":"https:\/\/jackpotlotteryonline.com\/hu\/wp-json\/wp\/v2\/pages\/36675","targetHints":{"allow":["GET"]}}],"collection":[{"href":"https:\/\/jackpotlotteryonline.com\/hu\/wp-json\/wp\/v2\/pages"}],"about":[{"href":"https:\/\/jackpotlotteryonline.com\/hu\/wp-json\/wp\/v2\/types\/page"}],"author":[{"embeddable":true,"href":"https:\/\/jackpotlotteryonline.com\/hu\/wp-json\/wp\/v2\/users\/1"}],"replies":[{"embeddable":true,"href":"https:\/\/jackpotlotteryonline.com\/hu\/wp-json\/wp\/v2\/comments?post=36675"}],"version-history":[{"count":0,"href":"https:\/\/jackpotlotteryonline.com\/hu\/wp-json\/wp\/v2\/pages\/36675\/revisions"}],"up":[{"embeddable":true,"href":"https:\/\/jackpotlotteryonline.com\/hu\/wp-json\/wp\/v2\/pages\/35758"}],"wp:attachment":[{"href":"https:\/\/jackpotlotteryonline.com\/hu\/wp-json\/wp\/v2\/media?parent=36675"}],"curies":[{"name":"wp","href":"https:\/\/api.w.org\/{rel}","templated":true}]}}