{"id":36729,"date":"2022-11-08T12:20:53","date_gmt":"2022-11-08T12:20:53","guid":{"rendered":"https:\/\/jackpotlotteryonline.com\/?page_id=36729"},"modified":"2022-12-21T14:51:57","modified_gmt":"2022-12-21T14:51:57","slug":"la-primitiva-jegyek-vasarlasa","status":"publish","type":"page","link":"https:\/\/jackpotlotteryonline.com\/hu\/jegyet-vasarolni\/la-primitiva-jegyek-vasarlasa\/","title":{"rendered":"La Primitiva jegyek v\u00e1s\u00e1rl\u00e1sa"},"content":{"rendered":"<h2>La Primitiva Online<\/h2>\n<p>A spanyol lott\u00f3j\u00e1t\u00e9kok mindig is sokak fant\u00e1zi\u00e1j\u00e1t megragadt\u00e1k, \u00e9s ez al\u00f3l a La Primitiva sem kiv\u00e9tel. \u00c9s most m\u00e1r Spanyolorsz\u00e1gon k\u00edv\u00fclr\u0151l is<strong> v\u00e1s\u00e1rolhatsz online szelv\u00e9nyt a La Primitiva-ra<\/strong>. Kor\u00e1bban a La Primitiva csak a spanyol \u00e1llampolg\u00e1rokra volt korl\u00e1tozva, azonban a kommunik\u00e1ci\u00f3 elterjed\u00e9s\u00e9vel a k\u00f6vetkez\u0151 gener\u00e1ci\u00f3hoz ker\u00fclt, \u00e9s 18 \u00e9v felett m\u00e1r mindenki sz\u00e1m\u00e1ra el\u00e9rhet\u0151.<\/p>\n<p>Weboldalunkon kereszt\u00fcl a La Primitiva lott\u00f3 m\u00e1r online is j\u00e1tszhat\u00f3. Ez az egyik legnagyobb eur\u00f3pai lott\u00f3, \u00e9s hatalmas nyerem\u00e9nyekkel j\u00e1r.<\/p>\n<p>Ha online szeretne szelv\u00e9nyt v\u00e1s\u00e1rolni a La Primitiva lott\u00f3ra, \u00e9s Spanyolorsz\u00e1gon k\u00edv\u00fcl \u00e9l, akkor az egyetlen lehet\u0151s\u00e9ge, hogy t\u0151l\u00fcnk v\u00e1s\u00e1rolja meg. Sok \u00fcgyfel\u00fcnk van a vil\u00e1g minden t\u00e1j\u00e1r\u00f3l, \u00edgy a legjobb szolg\u00e1ltat\u00e1sokat ny\u00fajtjuk \u00d6nnek, amelyek magukban foglalj\u00e1k a La Primitiva lott\u00f3szelv\u00e9ny megv\u00e1s\u00e1rl\u00e1s\u00e1t az \u00d6n nev\u00e9ben, seg\u00edts\u00e9get ny\u00fajtunk a sz\u00e1mok kiv\u00e1laszt\u00e1s\u00e1ban, \u00e9s gondoskodunk arr\u00f3l, hogy a nyerem\u00e9nyt biztons\u00e1gosan eljuttassuk \u00d6nh\u00f6z.<\/p>\n<section class=\"layout\" style=\"border: solid 1px; width: 100%;\">\n<div class=\"img-div\" style=\"margin-top: 5px;\"><img decoding=\"async\" class=\"wp-image-17212 alignleft\" style=\"height: 45px; margin: 8px 8px 0px;\" src=\"https:\/\/jackpotlotteryonline.com\/wp-content\/uploads\/2022\/11\/read1.jpg\" alt=\"olvasd el\" width=\"\" height=\"\" \/><\/div>\n<div style=\"padding-left: 5px;\">\n<div style=\"font-size: 1.1em;\">\n<p><strong>Mi a lott\u00f3siker titka?<\/strong><\/p>\n<p style=\"font-size: 0.85em; margin-top: -1.5em;\">Hogyan j\u00e1tszhatsz sikeresen a lott\u00f3n\u00a0<a href=\"https:\/\/jackpotlotteryonline.com\/hu\/mi-az-a-titok-a-lotto-siker\"> tov\u00e1bb<\/a><\/p>\n<\/div>\n<\/div>\n<\/section>\n<h2>Mi\u00e9rt \u00e9rdemes online j\u00e1tszani a La Primitiva-t<\/h2>\n<p><a href=\"https:\/\/jackpotlotteryonline.com\/hu\/nyeroszamok\/la-primitiva\">A La Primitiva Online<\/a> hetente h\u00e1romszor sorsol. Ez id\u0151t ad arra, hogy a jackpotok gyorsan emelkedjenek. Ugyanakkor a nyer\u00e9si es\u00e9lyek meglehet\u0151sen j\u00f3k, m\u00e9g a legfels\u0151bb nyerem\u00e9nyszintek eset\u00e9ben is. A La Primitiva Online-ban r\u00e9szt vev\u0151 minden lott\u00f3rajong\u00f3nak 1:6 az es\u00e9lye a p\u00e9nznyerem\u00e9nyre.<\/p>\n<h2>La Primitiva vs El Gordo vs A spanyol kar\u00e1csonyi lott\u00f3<\/h2>\n<p>A felk\u00edn\u00e1lt nyerem\u00e9nyek tekintet\u00e9ben messze az egyik legnagyobb lott\u00f3, a La Primitiva az egyik legkeresettebb a sz\u00e1mos lott\u00f3 jackpot k\u00f6z\u00fcl, <a href=\"https:\/\/jackpotlotteryonline.com\/hu\/hogyan-kell-jatszani\/la-primitiva\">amelyet oldalunkon megj\u00e1tszhat<\/a>. Nincs okod elvesz\u00edteni a rem\u00e9nyt vagy a lehet\u0151s\u00e9get akkor sem, ha nem Spanyolorsz\u00e1gban \u00e9lsz. A vil\u00e1g b\u00e1rmely pontj\u00e1r\u00f3l j\u00e1tszhatsz, ha elm\u00falt\u00e1l 18 \u00e9ves.<\/p>\n<p>Az El Gordo egy teljesen m\u00e1s lott\u00f3, de azt is j\u00e1tszhatod az oldalunkon. Az El Gordo csak hetente egyszer, vas\u00e1rnaponk\u00e9nt sorsol.<\/p>\n<p>A La Primitiva \u00e9s az El Gordo rendszeres heti sorsol\u00e1sain k\u00edv\u00fcl l\u00e9tezik az El Gordo kar\u00e1csonyi kiad\u00e1sa is, amelyet \u00e9vente csak egyszer, december 22-\u00e9n sorsolnak ki.<\/p>\n","protected":false},"excerpt":{"rendered":"<p>La Primitiva Online A spanyol lott\u00f3j\u00e1t\u00e9kok mindig is sokak fant\u00e1zi\u00e1j\u00e1t megragadt\u00e1k, \u00e9s ez al\u00f3l a La Primitiva sem kiv\u00e9tel. \u00c9s most m\u00e1r Spanyolorsz\u00e1gon k\u00edv\u00fclr\u0151l is v\u00e1s\u00e1rolhatsz online szelv\u00e9nyt a La Primitiva-ra. Kor\u00e1bban a La Primitiva csak a spanyol \u00e1llampolg\u00e1rokra volt korl\u00e1tozva, azonban a kommunik\u00e1ci\u00f3 elterjed\u00e9s\u00e9vel a k\u00f6vetkez\u0151 gener\u00e1ci\u00f3hoz ker\u00fclt, \u00e9s 18 \u00e9v felett m\u00e1r mindenki [&hellip;]<\/p>\n","protected":false},"author":1,"featured_media":0,"parent":35758,"menu_order":7,"comment_status":"closed","ping_status":"closed","template":"la-primitiva-info.php","meta":{"_et_pb_use_builder":"","_et_pb_old_content":"","_et_gb_content_width":"","exclude_from_search":false,"footnotes":""},"class_list":["post-36729","page","type-page","status-publish","hentry"],"yoast_head":"<!-- This site is optimized with the Yoast SEO plugin v23.3 - https:\/\/yoast.com\/wordpress\/plugins\/seo\/ -->\n<title>V\u00e1s\u00e1roljon szelv\u00e9nyt a La Primitiva lott\u00f3ra online \u00e9s Spanyolorsz\u00e1gon k\u00edv\u00fclr\u0151l.<\/title>\n<meta name=\"description\" content=\"V\u00e1s\u00e1roljon szelv\u00e9nyt a La Primitiva lott\u00f3ra Spanyolorsz\u00e1gon k\u00edv\u00fclr\u0151l, szor\u00edtson, v\u00e1rjon \u00e9s nyerjen nagyot!\" \/>\n<meta name=\"robots\" content=\"index, follow, max-snippet:-1, max-image-preview:large, max-video-preview:-1\" \/>\n<link rel=\"canonical\" href=\"https:\/\/jackpotlotteryonline.com\/buy-tickets\/la-primitiva\/\" \/>\n<meta property=\"og:locale\" content=\"hu_HU\" \/>\n<meta property=\"og:type\" content=\"article\" \/>\n<meta property=\"og:title\" content=\"V\u00e1s\u00e1roljon szelv\u00e9nyt a La Primitiva lott\u00f3ra online \u00e9s Spanyolorsz\u00e1gon k\u00edv\u00fclr\u0151l.\" \/>\n<meta property=\"og:description\" content=\"V\u00e1s\u00e1roljon szelv\u00e9nyt a La Primitiva lott\u00f3ra Spanyolorsz\u00e1gon k\u00edv\u00fclr\u0151l, szor\u00edtson, v\u00e1rjon \u00e9s nyerjen nagyot!\" \/>\n<meta property=\"og:url\" content=\"https:\/\/jackpotlotteryonline.com\/buy-tickets\/la-primitiva\/\" \/>\n<meta property=\"og:site_name\" content=\"Lotto Online - Crack The International Lottery Jackpots\" \/>\n<meta property=\"article:modified_time\" content=\"2022-12-21T14:51:57+00:00\" \/>\n<meta property=\"og:image\" content=\"https:\/\/jackpotlotteryonline.com\/wp-content\/uploads\/2022\/11\/read1.jpg\" \/>\n<meta name=\"twitter:card\" content=\"summary_large_image\" \/>\n<meta name=\"twitter:label1\" content=\"Becs\u00fclt olvas\u00e1si id\u0151\" \/>\n\t<meta name=\"twitter:data1\" content=\"2 perc\" \/>\n<!-- \/ Yoast SEO plugin. -->","yoast_head_json":{"title":"V\u00e1s\u00e1roljon szelv\u00e9nyt a La Primitiva lott\u00f3ra online \u00e9s Spanyolorsz\u00e1gon k\u00edv\u00fclr\u0151l.","description":"V\u00e1s\u00e1roljon szelv\u00e9nyt a La Primitiva lott\u00f3ra Spanyolorsz\u00e1gon k\u00edv\u00fclr\u0151l, szor\u00edtson, v\u00e1rjon \u00e9s nyerjen nagyot!","robots":{"index":"index","follow":"follow","max-snippet":"max-snippet:-1","max-image-preview":"max-image-preview:large","max-video-preview":"max-video-preview:-1"},"canonical":"https:\/\/jackpotlotteryonline.com\/buy-tickets\/la-primitiva\/","og_locale":"hu_HU","og_type":"article","og_title":"V\u00e1s\u00e1roljon szelv\u00e9nyt a La Primitiva lott\u00f3ra online \u00e9s Spanyolorsz\u00e1gon k\u00edv\u00fclr\u0151l.","og_description":"V\u00e1s\u00e1roljon szelv\u00e9nyt a La Primitiva lott\u00f3ra Spanyolorsz\u00e1gon k\u00edv\u00fclr\u0151l, szor\u00edtson, v\u00e1rjon \u00e9s nyerjen nagyot!","og_url":"https:\/\/jackpotlotteryonline.com\/buy-tickets\/la-primitiva\/","og_site_name":"Lotto Online - Crack The International Lottery Jackpots","article_modified_time":"2022-12-21T14:51:57+00:00","og_image":[{"url":"https:\/\/jackpotlotteryonline.com\/wp-content\/uploads\/2022\/11\/read1.jpg"}],"twitter_card":"summary_large_image","twitter_misc":{"Becs\u00fclt olvas\u00e1si id\u0151":"2 perc"},"schema":{"@context":"https:\/\/schema.org","@graph":[{"@type":"WebPage","@id":"https:\/\/jackpotlotteryonline.com\/buy-tickets\/la-primitiva\/","url":"https:\/\/jackpotlotteryonline.com\/buy-tickets\/la-primitiva\/","name":"V\u00e1s\u00e1roljon szelv\u00e9nyt a La Primitiva lott\u00f3ra online \u00e9s Spanyolorsz\u00e1gon k\u00edv\u00fclr\u0151l.","isPartOf":{"@id":"https:\/\/jackpotlotteryonline.com\/#website"},"primaryImageOfPage":{"@id":"https:\/\/jackpotlotteryonline.com\/buy-tickets\/la-primitiva\/#primaryimage"},"image":{"@id":"https:\/\/jackpotlotteryonline.com\/buy-tickets\/la-primitiva\/#primaryimage"},"thumbnailUrl":"https:\/\/jackpotlotteryonline.com\/wp-content\/uploads\/2022\/11\/read1.jpg","datePublished":"2022-11-08T12:20:53+00:00","dateModified":"2022-12-21T14:51:57+00:00","description":"V\u00e1s\u00e1roljon szelv\u00e9nyt a La Primitiva lott\u00f3ra Spanyolorsz\u00e1gon k\u00edv\u00fclr\u0151l, szor\u00edtson, v\u00e1rjon \u00e9s nyerjen nagyot!","breadcrumb":{"@id":"https:\/\/jackpotlotteryonline.com\/buy-tickets\/la-primitiva\/#breadcrumb"},"inLanguage":"hu","potentialAction":[{"@type":"ReadAction","target":["https:\/\/jackpotlotteryonline.com\/buy-tickets\/la-primitiva\/"]}]},{"@type":"ImageObject","inLanguage":"hu","@id":"https:\/\/jackpotlotteryonline.com\/buy-tickets\/la-primitiva\/#primaryimage","url":"https:\/\/jackpotlotteryonline.com\/wp-content\/uploads\/2022\/11\/read1.jpg","contentUrl":"https:\/\/jackpotlotteryonline.com\/wp-content\/uploads\/2022\/11\/read1.jpg"},{"@type":"BreadcrumbList","@id":"https:\/\/jackpotlotteryonline.com\/buy-tickets\/la-primitiva\/#breadcrumb","itemListElement":[{"@type":"ListItem","position":1,"name":"Home","item":"https:\/\/jackpotlotteryonline.com\/hu\/"},{"@type":"ListItem","position":2,"name":"Hogyan v\u00e1s\u00e1rolhat lott\u00f3szelv\u00e9nyeket online","item":"https:\/\/jackpotlotteryonline.com\/buy-tickets\/"},{"@type":"ListItem","position":3,"name":"La Primitiva jegyek v\u00e1s\u00e1rl\u00e1sa"}]},{"@type":"WebSite","@id":"https:\/\/jackpotlotteryonline.com\/#website","url":"https:\/\/jackpotlotteryonline.com\/","name":"Lotto Online - Crack The International Lottery Jackpots","description":"","potentialAction":[{"@type":"SearchAction","target":{"@type":"EntryPoint","urlTemplate":"https:\/\/jackpotlotteryonline.com\/?s={search_term_string}"},"query-input":"required name=search_term_string"}],"inLanguage":"hu"}]}},"_links":{"self":[{"href":"https:\/\/jackpotlotteryonline.com\/hu\/wp-json\/wp\/v2\/pages\/36729","targetHints":{"allow":["GET"]}}],"collection":[{"href":"https:\/\/jackpotlotteryonline.com\/hu\/wp-json\/wp\/v2\/pages"}],"about":[{"href":"https:\/\/jackpotlotteryonline.com\/hu\/wp-json\/wp\/v2\/types\/page"}],"author":[{"embeddable":true,"href":"https:\/\/jackpotlotteryonline.com\/hu\/wp-json\/wp\/v2\/users\/1"}],"replies":[{"embeddable":true,"href":"https:\/\/jackpotlotteryonline.com\/hu\/wp-json\/wp\/v2\/comments?post=36729"}],"version-history":[{"count":0,"href":"https:\/\/jackpotlotteryonline.com\/hu\/wp-json\/wp\/v2\/pages\/36729\/revisions"}],"up":[{"embeddable":true,"href":"https:\/\/jackpotlotteryonline.com\/hu\/wp-json\/wp\/v2\/pages\/35758"}],"wp:attachment":[{"href":"https:\/\/jackpotlotteryonline.com\/hu\/wp-json\/wp\/v2\/media?parent=36729"}],"curies":[{"name":"wp","href":"https:\/\/api.w.org\/{rel}","templated":true}]}}