{"id":36784,"date":"2022-11-09T06:48:20","date_gmt":"2022-11-09T06:48:20","guid":{"rendered":"https:\/\/jackpotlotteryonline.com\/?page_id=36784"},"modified":"2023-01-03T21:36:56","modified_gmt":"2023-01-03T21:36:56","slug":"lotto-france","status":"publish","type":"page","link":"https:\/\/jackpotlotteryonline.com\/hu\/jegyet-vasarolni\/lotto-france\/","title":{"rendered":"Lotto Franciaorsz\u00e1g jegyek v\u00e1s\u00e1rl\u00e1sa"},"content":{"rendered":"<p>Az eur\u00f3pai orsz\u00e1gon k\u00edv\u00fclr\u0151l is lehet szelv\u00e9nyt v\u00e1s\u00e1rolni a francia lott\u00f3ra? Lehet, hogy \u00d6n egy tapasztalt j\u00e1t\u00e9kos vagy egy kezd\u0151, \u00e9s azon gondolkodik, hogy mi\u00e9rt \u00e9rdekli \u00d6nt ez a bizonyos lott\u00f3. Megosztunk \u00d6nnel n\u00e9h\u00e1ny okot, ami\u00e9rt \u00fagy gondoljuk, hogy a francia nemzeti lott\u00f3 egy nagyszer\u0171 j\u00e1t\u00e9k. Ha \u00d6n a vil\u00e1g egy m\u00e1sik r\u00e9sz\u00e9r\u0151l \u00e9rkezett j\u00e1t\u00e9kos, megtudhatja, hogyan v\u00e1s\u00e1rolhat bel\u00e9p\u0151ket erre a lott\u00f3j\u00e1t\u00e9kra is.<\/p>\n<p>A lott\u00f3 egy szerencsej\u00e1t\u00e9k, \u00e9s n\u00e9ha el\u0151fordulhat, hogy sz\u00e9t kell ter\u00edtenie a h\u00e1l\u00f3j\u00e1t, hogy nagyobb halat fogjon. Ez alapvet\u0151en azt jelenti, hogy m\u00e1s lott\u00f3j\u00e1t\u00e9kokat is fel kell fedeznie, hogy n\u00f6velhesse nyer\u00e9si es\u00e9lyeit. A francia lott\u00f3 sz\u00e1mos okb\u00f3l j\u00f3 lott\u00f3, amit \u00e9rdemes kipr\u00f3b\u00e1lni, \u00e9s ebben a cikkben ezeket fogjuk \u00e9rinteni.<\/p>\n<h2>Elk\u00e9peszt\u0151 jackpot \u00f6sszegek<\/h2>\n<p>A France Lotto vagy r\u00f6viden csak Loto n\u00e9ven is emlegetett francia lott\u00f3 nagyon vonz\u00f3 jackpotokkal rendelkezik, amelyek a vil\u00e1g minden t\u00e1j\u00e1r\u00f3l vonzz\u00e1k a j\u00e1t\u00e9kosokat. A 2 milli\u00f3 eur\u00f3s kezd\u0151\u00f6sszeggel a jackpot sokkal nagyobbra n\u0151het, ha nem nyerik meg minden egyes sorsol\u00e1s ut\u00e1n.<\/p>\n<p>A francia lott\u00f3 jackpotja tov\u00e1bbg\u00f6rd\u00fcl, ha nincs nyertes, \u00e9s folyamatosan n\u00f6vekszik, am\u00edg el nem \u00e9ri a jelent\u0151s \u00f6sszeget. Ha ezen az eur\u00f3pai lott\u00f3n j\u00e1tszik, ak\u00e1r 11 milli\u00f3 eur\u00f3s vagy ann\u00e1l nagyobb jackpot nyertese is lehet.<\/p>\n<p>A jackpot minden egyes sorsol\u00e1s ut\u00e1n 1 milli\u00f3 eur\u00f3val n\u0151, \u00e9s 34 egym\u00e1st k\u00f6vet\u0151 alkalommal is emelkedhet, miel\u0151tt meg\u00e1llna. Pr\u00f3b\u00e1lja meg elk\u00e9pzelni, hogy ez az \u00f6sszeg milyen gyorsan \u00f6sszead\u00f3dhat.<\/p>\n<h2>Heti t\u00f6bb sorsol\u00e1s<\/h2>\n<p>Az ok, ami\u00e9rt a jackpot nyerem\u00e9nye ilyen gyorsan n\u0151, a sorsol\u00e1sok sz\u00e1ma miatt van. <a href=\"https:\/\/jackpotlotteryonline.com\/hu\/nyeroszamok\/france-lotto-2\">A francia lott\u00f3n egy h\u00e9ten h\u00e1rom sorsol\u00e1st tartanak<\/a>, \u00edgy a j\u00e1t\u00e9kosoknak t\u00f6bb es\u00e9ly\u00fck is van a nagy nyerem\u00e9nyre. A sorsol\u00e1sokra h\u00e9tf\u0151n, szerd\u00e1n \u00e9s szombaton ker\u00fcl sor.<\/p>\n<p>Ha \u00fagy d\u00f6nt, hogy r\u00e9szt vesz ezen a lott\u00f3n, javasoljuk, hogy t\u00f6bb sorsol\u00e1son is vegyen r\u00e9szt, mivel \u00edgy n\u00f6velheti nyer\u00e9si es\u00e9lyeit.<\/p>\n<h2>10 k\u00fcl\u00f6nb\u00f6z\u0151 nyerem\u00e9nykateg\u00f3ria<\/h2>\n<p><img loading=\"lazy\" decoding=\"async\" class=\"alignright size-full wp-image-30344\" src=\"https:\/\/jackpotlotteryonline.com\/wp-content\/uploads\/2022\/11\/1_winning_numbers_euromillions.jpg\" alt=\"Franciaorsz\u00e1g lott\u00f3 nyerem\u00e9ny kateg\u00f3ria\" width=\"300\" height=\"300\" srcset=\"https:\/\/jackpotlotteryonline.com\/wp-content\/uploads\/2022\/11\/1_winning_numbers_euromillions.jpg 300w, https:\/\/jackpotlotteryonline.com\/wp-content\/uploads\/2022\/11\/1_winning_numbers_euromillions-100x100.jpg 100w, https:\/\/jackpotlotteryonline.com\/wp-content\/uploads\/2022\/11\/1_winning_numbers_euromillions-150x150.jpg 150w\" sizes=\"auto, (max-width: 300px) 100vw, 300px\" \/><\/p>\n<p>A jackpot nyerem\u00e9ny vonz\u00f3, de nem ez az egyetlen dolog, amit a<a href=\"https:\/\/jackpotlotteryonline.com\/hu\/hogyan-kell-jatszani\/france-lotto\"> francia lott\u00f3n j\u00e1tszva<\/a> nyerhet. Ez az 1978-ban alap\u00edtott lott\u00f3 t\u00edz k\u00fcl\u00f6nb\u00f6z\u0151 nyerem\u00e9nykateg\u00f3ri\u00e1val rendelkezik. M\u00e9g a v\u00e9letlen sz\u00e1mmal val\u00f3 egyez\u00e9s\u00e9rt is j\u00e1r nyerem\u00e9ny.<\/p>\n<p>A nyerem\u00e9nykateg\u00f3ri\u00e1k az al\u00e1bbiakban vannak felsorolva.<\/p>\n<p>5 sz\u00e1m + v\u00e9letlen sz\u00e1m &#8211; Jackpot<br \/>\nCsak 5 sz\u00e1m tal\u00e1lata &#8211; a nyerem\u00e9nyalap 8,44%-a<br \/>\n4 sz\u00e1m + v\u00e9letlen sz\u00e1m &#8211; a nyerem\u00e9nyalap 2,06%-a.<br \/>\nCsak 4 sz\u00e1m tal\u00e1lata &#8211; a nyerem\u00e9nyalap 7,43%-a<br \/>\n3 sz\u00e1m + v\u00e9letlen sz\u00e1m &#8211; a nyerem\u00e9nyalap 4,44%-a<br \/>\nCsak a 3 sz\u00e1mok p\u00e1ros\u00edt\u00e1sa &#8211; a nyerem\u00e9nyalap 15,98%-a<br \/>\n2 sz\u00e1m + v\u00e9letlen sz\u00e1m &#8211; a nyerem\u00e9nyalap 12,43%-a<br \/>\nCsak a 2 sz\u00e1mok p\u00e1ros\u00edt\u00e1sa &#8211; a nyerem\u00e9nyalap 49,22%-a<br \/>\n1 sz\u00e1m + v\u00e9letlen sz\u00e1m &#8211; 2,20 \u20ac<br \/>\nCsak az es\u00e9lysz\u00e1m &#8211; 2,20 \u20ac<\/p>\n<h2>K\u00f6nnyen j\u00e1tszhat\u00f3 offline \u00e9s online<\/h2>\n<p>Egy m\u00e1sik ok, ami\u00e9rt \u00e9rdemes megfontolni a francia lott\u00f3j\u00e1t\u00e9kot, hogy a lott\u00f3n val\u00f3 r\u00e9szv\u00e9tel igen egyszer\u0171. Ha Franciaorsz\u00e1gban \u00e9l, a lott\u00f3n val\u00f3 r\u00e9szv\u00e9tel olyan egyszer\u0171, mint elmenni egy regisztr\u00e1lt lott\u00f3\u00e1rushoz, hogy megv\u00e1s\u00e1rolja a lott\u00f3szelv\u00e9nyt. A szelv\u00e9nyen 5 f\u0151 sz\u00e1mot \u00e9s egy v\u00e9letlen sz\u00e1mot kell kiv\u00e1lasztania. T\u00f6bb sz\u00e1msort is v\u00e1laszthat, hogy n\u00f6velje a lott\u00f3nyerem\u00e9ny es\u00e9ly\u00e9t.<\/p>\n<p>Ha azonban Franciaorsz\u00e1gon k\u00edv\u00fcl \u00e9l, a lott\u00f3szelv\u00e9nyen val\u00f3 r\u00e9szv\u00e9tel kev\u00e9sb\u00e9 egyszer\u0171. Erre a lott\u00f3j\u00e1t\u00e9kra nem lehet bes\u00e9t\u00e1lni egy \u00fczletbe, hogy sorsjegyet v\u00e1s\u00e1roljon, \u00edgy a lehet\u0151s\u00e9g az online jegyv\u00e1s\u00e1rl\u00e1s. Ha az interneten kereszt\u00fcl vesz r\u00e9szt a lott\u00f3n, ugyanez az elv \u00e9rv\u00e9nyes. Azaz, v\u00e1lasszon 5 f\u0151 sz\u00e1mot \u00e9s egy v\u00e9letlen sz\u00e1mot.<\/p>\n<p>Ak\u00e1r offline, ak\u00e1r online j\u00e1tszik a lott\u00f3n, ki kell v\u00e1lasztania a sorsol\u00e1sok sz\u00e1m\u00e1t, amelyeken r\u00e9szt k\u00edv\u00e1n venni. A sorsol\u00e1sok v\u00e9g\u00e9n az a szelv\u00e9ny nyeri a lott\u00f3t, amelyik a kisorsolt sz\u00e1mokkal megegyezik.<\/p>\n<section class=\"layout\" style=\"border: solid 1px; width: 100%;\">\n<div class=\"img-div\" style=\"margin-top: 5px;\"><img decoding=\"async\" class=\"wp-image-17212 alignleft\" style=\"height: 45px; margin: 8px 8px 0px;\" src=\"https:\/\/jackpotlotteryonline.com\/wp-content\/uploads\/2022\/11\/read1.jpg\" alt=\"olvasd el\" width=\"\" height=\"\" \/><\/div>\n<div style=\"padding-left: 5px;\">\n<div style=\"font-size: 1.1em;\">\n<p><strong>N\u00e9zze \u00e9l\u0151ben a lott\u00f3sz\u00e1mok sorsol\u00e1s\u00e1t<\/strong><\/p>\n<p style=\"font-size: 0.85em; margin-top: -1.5em;\">Hogyan n\u00e9zheted meg kedvenc lott\u00f3j\u00e1t\u00e9kod \u00e9l\u0151 sorsol\u00e1s\u00e1t\u00a0 <a href=\"https:\/\/jackpotlotteryonline.com\/hu\/nezni-a-lotto-szamok-huzott-eloben\">tov\u00e1bb<\/a><\/p>\n<\/div>\n<\/div>\n<\/section>\n<h2>J\u00e1tsszon a francia lott\u00f3n a jackpotlotteryonline.com seg\u00edts\u00e9g\u00e9vel<\/h2>\n<p>Ha m\u00e9g nem ismeri a lott\u00f3j\u00e1t\u00e9kot az interneten kereszt\u00fcl, a dolgok nagyon gyorsan nagyon zavaross\u00e1 v\u00e1lhatnak. Hogyan v\u00e1logathat a k\u00fcl\u00f6nb\u00f6z\u0151, lott\u00f3szelv\u00e9nyeket \u00e1rus\u00edt\u00f3 oldalak k\u00f6z\u00fcl a hiteles elad\u00f3k k\u00f6z\u00f6tt? Ez egyszer\u0171. Keressen olyan webhelyet, amely portaszolg\u00e1latot k\u00edn\u00e1l.<\/p>\n<p>A jackpotlotteryoneline.com oldalon portaszolg\u00e1latot k\u00edn\u00e1lunk \u00fcgyfeleinknek, hogy biztos\u00edtsuk sz\u00e1mukra a hozz\u00e1f\u00e9r\u00e9st az \u00e1ltaluk kiv\u00e1lasztott lott\u00f3szelv\u00e9nyekhez. Amikor \u00d6n bel\u00e9p\u00e9st v\u00e1s\u00e1rol az oldalunkon, franciaorsz\u00e1gi \u00fcgyn\u00f6keink megv\u00e1s\u00e1rolj\u00e1k az \u00d6n \u00e1ltal kiv\u00e1lasztott sz\u00e1mmal ell\u00e1tott fizikai szelv\u00e9nyeket.<\/p>\n<p>Ennek oka az, hogy biztos\u00edtsuk, hogy \u00d6n nem csak a lott\u00f3 eredm\u00e9ny\u00e9re fogad, hanem val\u00f3ban r\u00e9szt vesz a sorsol\u00e1sokon, hogy es\u00e9lye legyen megnyerni a jackpotot.<\/p>\n<h2>Tippek a nyer\u00e9si es\u00e9lyek n\u00f6vel\u00e9s\u00e9hez<\/h2>\n<p><img loading=\"lazy\" decoding=\"async\" class=\"alignright size-full wp-image-35051\" src=\"https:\/\/jackpotlotteryonline.com\/wp-content\/uploads\/2022\/11\/2_ticket_saturday_lotto_au-1-166x300-1.jpg\" alt=\"Franciaorsz\u00e1g lott\u00f3szelv\u00e9ny\" width=\"166\" height=\"300\" \/><\/p>\n<p>A lott\u00f3 a sz\u00e1mok j\u00e1t\u00e9ka. Min\u00e9l t\u00f6bbet j\u00e1tszik, ann\u00e1l nagyobb az es\u00e9lye a nyer\u00e9sre. A lott\u00f3nyertesek nagy sz\u00e1zal\u00e9ka el\u00e1rulta, hogy a nyerem\u00e9ny el\u0151tt t\u00f6bb \u00e9vig j\u00e1tszott. \u00cdme teh\u00e1t n\u00e9h\u00e1ny m\u00f3dszer, amellyel n\u00f6velheti a lott\u00f3nyer\u00e9s es\u00e9lyeit.<\/p>\n<ul>\n<li>V\u00e1s\u00e1roljon t\u00f6bb bel\u00e9p\u0151t a lott\u00f3hoz. Ez olyan nyilv\u00e1nval\u00f3nak t\u0171nik, de vannak olyan emberek, akik egyetlen sorsol\u00e1sra egyetlen bel\u00e9p\u0151t v\u00e1s\u00e1rolnak, \u00e9s ut\u00e1na csal\u00f3dottak, mert nem nyertek. Ha n\u00f6velni akarod a nyer\u00e9si es\u00e9lyeidet, akkor t\u00f6bb bel\u00e9p\u0151t kell v\u00e1s\u00e1rolnod.<\/li>\n<li>Vegyen r\u00e9szt t\u00f6bb sorsol\u00e1son is. A logika ugyanaz a sorsol\u00e1sokn\u00e1l. Min\u00e9l t\u00f6bb sorsol\u00e1son vesz r\u00e9szt, ann\u00e1l nagyobb az es\u00e9lye a nagy nyerem\u00e9nyre.<\/li>\n<li>Pr\u00f3b\u00e1ljon meg csatlakozni egy lott\u00f3szindik\u00e1tushoz. Ez egy olyan embercsoport, amely \u00f6sszefog, hogy egyes\u00edtse er\u0151forr\u00e1sait, hogy lott\u00f3zni tudjon. Az \u00f6sszevont er\u0151forr\u00e1sokkal t\u00f6bb bel\u00e9p\u0151t tudnak v\u00e1s\u00e1rolni, \u00e9s t\u00f6bb sorsol\u00e1son is r\u00e9szt tudnak venni. \u00c9rdekes m\u00f3don sok lott\u00f3szindik\u00e1tus hihetetlen jackpotokat nyert az \u00e9vek sor\u00e1n, \u00edgy \u00e9rdemes kipr\u00f3b\u00e1lni.<\/li>\n<li>Higgy abban, hogy nyerni fogsz. A vonz\u00e1s t\u00f6rv\u00e9nye egy dolog, \u00e9s sok lott\u00f3nyertes elmondan\u00e1, hogy hittek abban, hogy megnyerik a lott\u00f3t. Ha lott\u00f3z\u00e1ssal akarsz foglalkozni, akkor j\u00f3 \u00f6tlet, ha er\u0151sen hiszel abban, hogy nyerni fogsz.<\/li>\n<li>Ne add fel! Nagy a k\u00eds\u00e9rt\u00e9s, hogy feladja, ha n\u00e9h\u00e1nyszor nyeretlen\u00fcl j\u00e1tszik. De ha val\u00f3ban nagyot akarsz nyerni, akkor k\u00f6vetkezetesnek kell lenned. Csak annyit tegy\u00e9l fel, amennyit megengedhetsz magadnak.<\/li>\n<li>Ne feledje, hogy j\u00f3l \u00e9rezze mag\u00e1t, amikor lott\u00f3zik. A nap v\u00e9g\u00e9n ez m\u00e9g mindig egy j\u00e1t\u00e9k, \u00e9s am\u00edg \u00e9lvezed az \u00e9lm\u00e9nyt, addig meg\u00e9ri.<\/li>\n<\/ul>\n<h2>V\u00e1s\u00e1rolja meg francia lott\u00f3szelv\u00e9nyeit most<\/h2>\n<p>Ha hozz\u00e1nk hasonl\u00f3an izgatottan v\u00e1rja a francia lott\u00f3t, akkor itt az ideje, hogy megv\u00e1s\u00e1rolja bel\u00e9p\u0151j\u00e9t a lott\u00f3ba. Szerencs\u00e9re m\u00e1r nem sz\u00e1m\u00edt, hogy hol \u00e9lsz, hiszen online is megv\u00e1s\u00e1rolhatod a szelv\u00e9nyeidet.<\/p>\n<p>Ha n\u00e1lunk regisztr\u00e1l, nem kell agg\u00f3dnia amiatt, hogy elvesz\u00edti a szelv\u00e9nyeit, vagy elfelejti ellen\u0151rizni az eredm\u00e9nyeket. Mindezt mi int\u00e9zz\u00fck \u00d6n helyett, \u00e9s \u00e9rtes\u00edtj\u00fck \u00d6nt az esetleges nyerem\u00e9ny\u00e9r\u0151l. A nyerem\u00e9nyeidet is k\u00f6nnyed\u00e9n kiveheted a platformunkon kereszt\u00fcl.<\/p>\n<p>A lott\u00f3j\u00e1t\u00e9k z\u00f6kken\u0151mentes \u00e9s stresszmentes \u00e9lm\u00e9ny, ha a mi oldalunkon j\u00e1tszik. Soha nem tudhatja, hogy ez az a nap, amikor a szerencse az \u00d6n oldal\u00e1ra \u00e1ll. Mi\u00e9rt ne regisztr\u00e1lna teh\u00e1t n\u00e1lunk m\u00e9g ma, hogy szelv\u00e9nyeket v\u00e1s\u00e1roljon a francia lott\u00f3ra?<\/p>\n","protected":false},"excerpt":{"rendered":"<p>Az eur\u00f3pai orsz\u00e1gon k\u00edv\u00fclr\u0151l is lehet szelv\u00e9nyt v\u00e1s\u00e1rolni a francia lott\u00f3ra? Lehet, hogy \u00d6n egy tapasztalt j\u00e1t\u00e9kos vagy egy kezd\u0151, \u00e9s azon gondolkodik, hogy mi\u00e9rt \u00e9rdekli \u00d6nt ez a bizonyos lott\u00f3. Megosztunk \u00d6nnel n\u00e9h\u00e1ny okot, ami\u00e9rt \u00fagy gondoljuk, hogy a francia nemzeti lott\u00f3 egy nagyszer\u0171 j\u00e1t\u00e9k. Ha \u00d6n a vil\u00e1g egy m\u00e1sik r\u00e9sz\u00e9r\u0151l \u00e9rkezett j\u00e1t\u00e9kos, [&hellip;]<\/p>\n","protected":false},"author":1,"featured_media":0,"parent":35758,"menu_order":9,"comment_status":"closed","ping_status":"closed","template":"lotto-fr-info.php","meta":{"_et_pb_use_builder":"","_et_pb_old_content":"","_et_gb_content_width":"","exclude_from_search":false,"footnotes":""},"class_list":["post-36784","page","type-page","status-publish","hentry"],"yoast_head":"<!-- This site is optimized with the Yoast SEO plugin v23.3 - https:\/\/yoast.com\/wordpress\/plugins\/seo\/ -->\n<title>Francia lott\u00f3szelv\u00e9ny v\u00e1s\u00e1rl\u00e1sa Franciaorsz\u00e1gon k\u00edv\u00fclr\u0151l | Franciaorsz\u00e1gi lott\u00f3szelv\u00e9nyek online v\u00e1s\u00e1rl\u00e1sa<\/title>\n<meta name=\"description\" content=\"A France Lotto szelv\u00e9nyek v\u00e1s\u00e1rl\u00e1s\u00e1hoz nem kell Franciaorsz\u00e1gban tart\u00f3zkodnia. Szerezze be online a francia lott\u00f3 szelv\u00e9nyeit itt!\" \/>\n<meta name=\"robots\" content=\"index, follow, max-snippet:-1, max-image-preview:large, max-video-preview:-1\" \/>\n<link rel=\"canonical\" href=\"https:\/\/jackpotlotteryonline.com\/buy-tickets\/lotto-france\/\" \/>\n<meta property=\"og:locale\" content=\"hu_HU\" \/>\n<meta property=\"og:type\" content=\"article\" \/>\n<meta property=\"og:title\" content=\"Francia lott\u00f3szelv\u00e9ny v\u00e1s\u00e1rl\u00e1sa Franciaorsz\u00e1gon k\u00edv\u00fclr\u0151l | Franciaorsz\u00e1gi lott\u00f3szelv\u00e9nyek online v\u00e1s\u00e1rl\u00e1sa\" \/>\n<meta property=\"og:description\" content=\"A France Lotto szelv\u00e9nyek v\u00e1s\u00e1rl\u00e1s\u00e1hoz nem kell Franciaorsz\u00e1gban tart\u00f3zkodnia. Szerezze be online a francia lott\u00f3 szelv\u00e9nyeit itt!\" \/>\n<meta property=\"og:url\" content=\"https:\/\/jackpotlotteryonline.com\/buy-tickets\/lotto-france\/\" \/>\n<meta property=\"og:site_name\" content=\"Lotto Online - Crack The International Lottery Jackpots\" \/>\n<meta property=\"article:modified_time\" content=\"2023-01-03T21:36:56+00:00\" \/>\n<meta property=\"og:image\" content=\"https:\/\/jackpotlotteryonline.com\/wp-content\/uploads\/2022\/11\/1_winning_numbers_euromillions.jpg\" \/>\n<meta name=\"twitter:card\" content=\"summary_large_image\" \/>\n<meta name=\"twitter:label1\" content=\"Becs\u00fclt olvas\u00e1si id\u0151\" \/>\n\t<meta name=\"twitter:data1\" content=\"5 perc\" \/>\n<!-- \/ Yoast SEO plugin. -->","yoast_head_json":{"title":"Francia lott\u00f3szelv\u00e9ny v\u00e1s\u00e1rl\u00e1sa Franciaorsz\u00e1gon k\u00edv\u00fclr\u0151l | Franciaorsz\u00e1gi lott\u00f3szelv\u00e9nyek online v\u00e1s\u00e1rl\u00e1sa","description":"A France Lotto szelv\u00e9nyek v\u00e1s\u00e1rl\u00e1s\u00e1hoz nem kell Franciaorsz\u00e1gban tart\u00f3zkodnia. Szerezze be online a francia lott\u00f3 szelv\u00e9nyeit itt!","robots":{"index":"index","follow":"follow","max-snippet":"max-snippet:-1","max-image-preview":"max-image-preview:large","max-video-preview":"max-video-preview:-1"},"canonical":"https:\/\/jackpotlotteryonline.com\/buy-tickets\/lotto-france\/","og_locale":"hu_HU","og_type":"article","og_title":"Francia lott\u00f3szelv\u00e9ny v\u00e1s\u00e1rl\u00e1sa Franciaorsz\u00e1gon k\u00edv\u00fclr\u0151l | Franciaorsz\u00e1gi lott\u00f3szelv\u00e9nyek online v\u00e1s\u00e1rl\u00e1sa","og_description":"A France Lotto szelv\u00e9nyek v\u00e1s\u00e1rl\u00e1s\u00e1hoz nem kell Franciaorsz\u00e1gban tart\u00f3zkodnia. Szerezze be online a francia lott\u00f3 szelv\u00e9nyeit itt!","og_url":"https:\/\/jackpotlotteryonline.com\/buy-tickets\/lotto-france\/","og_site_name":"Lotto Online - Crack The International Lottery Jackpots","article_modified_time":"2023-01-03T21:36:56+00:00","og_image":[{"url":"https:\/\/jackpotlotteryonline.com\/wp-content\/uploads\/2022\/11\/1_winning_numbers_euromillions.jpg"}],"twitter_card":"summary_large_image","twitter_misc":{"Becs\u00fclt olvas\u00e1si id\u0151":"5 perc"},"schema":{"@context":"https:\/\/schema.org","@graph":[{"@type":"WebPage","@id":"https:\/\/jackpotlotteryonline.com\/buy-tickets\/lotto-france\/","url":"https:\/\/jackpotlotteryonline.com\/buy-tickets\/lotto-france\/","name":"Francia lott\u00f3szelv\u00e9ny v\u00e1s\u00e1rl\u00e1sa Franciaorsz\u00e1gon k\u00edv\u00fclr\u0151l | Franciaorsz\u00e1gi lott\u00f3szelv\u00e9nyek online v\u00e1s\u00e1rl\u00e1sa","isPartOf":{"@id":"https:\/\/jackpotlotteryonline.com\/#website"},"primaryImageOfPage":{"@id":"https:\/\/jackpotlotteryonline.com\/buy-tickets\/lotto-france\/#primaryimage"},"image":{"@id":"https:\/\/jackpotlotteryonline.com\/buy-tickets\/lotto-france\/#primaryimage"},"thumbnailUrl":"https:\/\/jackpotlotteryonline.com\/wp-content\/uploads\/2022\/11\/1_winning_numbers_euromillions.jpg","datePublished":"2022-11-09T06:48:20+00:00","dateModified":"2023-01-03T21:36:56+00:00","description":"A France Lotto szelv\u00e9nyek v\u00e1s\u00e1rl\u00e1s\u00e1hoz nem kell Franciaorsz\u00e1gban tart\u00f3zkodnia. Szerezze be online a francia lott\u00f3 szelv\u00e9nyeit itt!","breadcrumb":{"@id":"https:\/\/jackpotlotteryonline.com\/buy-tickets\/lotto-france\/#breadcrumb"},"inLanguage":"hu","potentialAction":[{"@type":"ReadAction","target":["https:\/\/jackpotlotteryonline.com\/buy-tickets\/lotto-france\/"]}]},{"@type":"ImageObject","inLanguage":"hu","@id":"https:\/\/jackpotlotteryonline.com\/buy-tickets\/lotto-france\/#primaryimage","url":"https:\/\/jackpotlotteryonline.com\/wp-content\/uploads\/2022\/11\/1_winning_numbers_euromillions.jpg","contentUrl":"https:\/\/jackpotlotteryonline.com\/wp-content\/uploads\/2022\/11\/1_winning_numbers_euromillions.jpg"},{"@type":"BreadcrumbList","@id":"https:\/\/jackpotlotteryonline.com\/buy-tickets\/lotto-france\/#breadcrumb","itemListElement":[{"@type":"ListItem","position":1,"name":"Home","item":"https:\/\/jackpotlotteryonline.com\/hu\/"},{"@type":"ListItem","position":2,"name":"Hogyan v\u00e1s\u00e1rolhat lott\u00f3szelv\u00e9nyeket online","item":"https:\/\/jackpotlotteryonline.com\/buy-tickets\/"},{"@type":"ListItem","position":3,"name":"Lotto Franciaorsz\u00e1g jegyek v\u00e1s\u00e1rl\u00e1sa"}]},{"@type":"WebSite","@id":"https:\/\/jackpotlotteryonline.com\/#website","url":"https:\/\/jackpotlotteryonline.com\/","name":"Lotto Online - Crack The International Lottery Jackpots","description":"","potentialAction":[{"@type":"SearchAction","target":{"@type":"EntryPoint","urlTemplate":"https:\/\/jackpotlotteryonline.com\/?s={search_term_string}"},"query-input":"required name=search_term_string"}],"inLanguage":"hu"}]}},"_links":{"self":[{"href":"https:\/\/jackpotlotteryonline.com\/hu\/wp-json\/wp\/v2\/pages\/36784","targetHints":{"allow":["GET"]}}],"collection":[{"href":"https:\/\/jackpotlotteryonline.com\/hu\/wp-json\/wp\/v2\/pages"}],"about":[{"href":"https:\/\/jackpotlotteryonline.com\/hu\/wp-json\/wp\/v2\/types\/page"}],"author":[{"embeddable":true,"href":"https:\/\/jackpotlotteryonline.com\/hu\/wp-json\/wp\/v2\/users\/1"}],"replies":[{"embeddable":true,"href":"https:\/\/jackpotlotteryonline.com\/hu\/wp-json\/wp\/v2\/comments?post=36784"}],"version-history":[{"count":0,"href":"https:\/\/jackpotlotteryonline.com\/hu\/wp-json\/wp\/v2\/pages\/36784\/revisions"}],"up":[{"embeddable":true,"href":"https:\/\/jackpotlotteryonline.com\/hu\/wp-json\/wp\/v2\/pages\/35758"}],"wp:attachment":[{"href":"https:\/\/jackpotlotteryonline.com\/hu\/wp-json\/wp\/v2\/media?parent=36784"}],"curies":[{"name":"wp","href":"https:\/\/api.w.org\/{rel}","templated":true}]}}