{"id":36836,"date":"2022-11-09T08:41:24","date_gmt":"2022-11-09T08:41:24","guid":{"rendered":"https:\/\/jackpotlotteryonline.com\/?page_id=36836"},"modified":"2023-01-04T09:08:33","modified_gmt":"2023-01-04T09:08:33","slug":"lotto-america","status":"publish","type":"page","link":"https:\/\/jackpotlotteryonline.com\/hu\/jegyet-vasarolni\/lotto-america\/","title":{"rendered":"Lotto America jegyek online"},"content":{"rendered":"<p>2018 m\u00e1rcius\u00e1ban egy csal\u00e1d megnyerte a lotto America 23 milli\u00f3 doll\u00e1ros jackpotj\u00e1t. Ez a legmagasabb nyerem\u00e9ny, amit eddig b\u00e1rmelyik j\u00e1t\u00e9kos nyert, azonban felh\u00edvta a figyelmet erre a lott\u00f3j\u00e1t\u00e9kra. Az 1988-ban h\u00e9t amerikai \u00e1llam \u00e1ltal alap\u00edtott lott\u00f3hoz t\u00f6bb m\u00e1s \u00e1llam is csatlakozott. Az \u00e9vek sor\u00e1n sz\u00e1mos milliomost hozott l\u00e9tre.<\/p>\n<p>Erre a lott\u00f3j\u00e1t\u00e9kra b\u00e1rmelyik r\u00e9szt vev\u0151 \u00e1llamban lehet szelv\u00e9nyt v\u00e1s\u00e1rolni. \u00c9rdekes m\u00f3don nem ez az egyetlen lott\u00f3 az Amerikai Egyes\u00fclt \u00c1llamokban, de folyamatosan vonzza a j\u00e1t\u00e9kosokat mindenhonnan. Ha \u00d6n \u00c9szak-Amerik\u00e1n k\u00edv\u00fcli j\u00e1t\u00e9kos, tal\u00e1n azon gondolkodik, hogyan v\u00e1s\u00e1rolhat jegyet erre a lott\u00f3j\u00e1t\u00e9kra.<\/p>\n<p>Mi v\u00e9gigvezetj\u00fck \u00d6nt azon, hogyan j\u00e1tszhat <a href=\"https:\/\/jackpotlotteryonline.com\/hu\/hogyan-kell-jatszani\/lotto-america-2\">sikeresen ezen a lott\u00f3n az \u00c1llamokon k\u00edv\u00fclr\u0151l<\/a>. Mindent megtesz\u00fcnk az\u00e9rt is, hogy v\u00e1laszoljunk minden olyan k\u00e9rd\u00e9sre, amely a Lotto Americ\u00e1val \u00e9s a lott\u00f3j\u00e1t\u00e9kra val\u00f3 nevez\u00e9ssel kapcsolatban felmer\u00fclhet.<\/p>\n<h2>Hogyan m\u0171k\u00f6dik a lott\u00f3?<\/h2>\n<p><img loading=\"lazy\" decoding=\"async\" class=\"size-full wp-image-29993 alignright\" src=\"http:\/\/jackpotlotteryonline.com\/wp-content\/uploads\/2022\/11\/1_win_lottery_usa_online.jpg\" alt=\"Lotto America szelv\u00e9nyek online\" width=\"300\" height=\"200\" \/><\/p>\n<p>Mint a legt\u00f6bb lott\u00f3j\u00e1t\u00e9k, ez is a sz\u00e1mok j\u00e1t\u00e9ka, t\u00f6bb szempontb\u00f3l is. Ez a sz\u00e1mok j\u00e1t\u00e9ka annyiban, hogy a j\u00e1t\u00e9kosoknak nincs nagy es\u00e9ly\u00fck a nyer\u00e9sre. De ilyen a lott\u00f3, \u00e9s nem lehet megmondani, hogy a szerencse mikor kedvez a j\u00e1t\u00e9kosnak. Ez a j\u00e1t\u00e9k a sz\u00e1mok j\u00e1t\u00e9ka abban is, ahogyan a j\u00e1t\u00e9kot j\u00e1tssz\u00e1k.<\/p>\n<p>Ebben az amerikai lott\u00f3j\u00e1t\u00e9kban a j\u00e1t\u00e9kosoknak \u00f6t f\u0151 sz\u00e1mot kell kiv\u00e1lasztaniuk 1 \u00e9s 52 k\u00f6z\u00f6tt. Emellett egy Star Ball sz\u00e1mot is ki kell v\u00e1lasztaniuk 1 \u00e9s 10 k\u00f6z\u00f6tt. Ez \u00f6sszesen 6 sz\u00e1mot jelent. Ha nem biztos a kiv\u00e1lasztand\u00f3 sz\u00e1mokban, haszn\u00e1lhatja az automatikus kiv\u00e1laszt\u00f3 programot, hogy gyorsabb\u00e1 tegye a v\u00e1laszt\u00e1st. Emellett t\u00f6bb sz\u00e1msort is v\u00e1laszthatsz, hogy n\u00f6veld a nyer\u00e9si es\u00e9lyeidet.<\/p>\n<p>Ezut\u00e1n kiv\u00e1laszthatja, hogy h\u00e1ny sorsol\u00e1son szeretne r\u00e9szt venni. Ez az amerikai lott\u00f3 heti h\u00e1rom sorsol\u00e1st tart, h\u00e9tf\u0151n, szerd\u00e1n \u00e9s szombaton. T\u00f6bb sorsol\u00e1son is r\u00e9szt vehet.<\/p>\n<h2>Az All Star b\u00f3nusz megj\u00e1tsz\u00e1sa<\/h2>\n<p>Az All Star b\u00f3nusz egy olyan lehet\u0151s\u00e9g, amellyel megsokszorozhatja nyerem\u00e9ny\u00e9t. Amikor kiv\u00e1lasztja a sz\u00e1mokat, az All Star b\u00f3nuszt egy kieg\u00e9sz\u00edt\u0151 d\u00edj ellen\u00e9ben bevonhatja a j\u00e1t\u00e9kba. Ez k\u00fcl\u00f6n\u00f6sen azok sz\u00e1m\u00e1ra hasznos, akik a t\u00f6bbi kateg\u00f3ri\u00e1ban is nyernek, mivel jelent\u0151sen megn\u00f6velheti azt, amit hazavihetnek.<\/p>\n<p>Az All Star b\u00f3nuszt v\u00e9letlenszer\u0171en v\u00e1lasztj\u00e1k ki, \u00e9s <a href=\"https:\/\/jackpotlotteryonline.com\/hu\/nyeroszamok\/lotto-america\">a sorsol\u00e1s napj\u00e1n<\/a> jelentik be. Ne feledje, hogy a v\u00e1s\u00e1rl\u00e1s ut\u00e1n m\u00e1r nem tudja bevonni. Ezt a szelv\u00e9nyv\u00e1s\u00e1rl\u00e1skor kell felt\u00fcntetni.<\/p>\n<section class=\"layout\" style=\"border: solid 1px; width: 100%;\">\n<div class=\"img-div\" style=\"margin-top: 5px;\"><img decoding=\"async\" class=\"wp-image-17212 alignleft\" style=\"height: 45px; margin: 8px 8px 0px;\" src=\"http:\/\/jackpotlotteryonline.com\/wp-content\/uploads\/2022\/11\/read1.jpg\" alt=\"olvasd el\" width=\"\" height=\"\" \/><\/div>\n<div style=\"padding-left: 5px;\">\n<div style=\"font-size: 1.1em;\">\n<p><strong>N\u00e9h\u00e1ny lott\u00f3nyertes visszaadott a k\u00f6z\u00f6ss\u00e9gnek<\/strong><\/p>\n<p style=\"font-size: 0.85em; margin-top: -1.5em;\">N\u00e9h\u00e1ny \u00e9rdekes \u00e9s sz\u00edvmelenget\u0151 t\u00f6rt\u00e9net a lott\u00f3nyertesekr\u0151l, akik visszaadj\u00e1k a lott\u00f3t\u00a0<a href=\"https:\/\/jackpotlotteryonline.com\/hu\/tortenetek-a-lotto-nyertesek-ad-vissza\"> tov\u00e1bb<\/a><\/p>\n<\/div>\n<\/div>\n<\/section>\n<h2>A jackpot megnyer\u00e9se<\/h2>\n<p>A jackpot 2 milli\u00f3 doll\u00e1rr\u00f3l indul. Ha egy sorsol\u00e1st k\u00f6vet\u0151en nincs nyertes, akkor a k\u00f6vetkez\u0151 sorsol\u00e1sra \u00e1tcs\u00faszik. Ez addig folytat\u00f3dik, am\u00edg el nem \u00e9ri a 10 milli\u00f3 doll\u00e1rt. Ahogy az elej\u00e9n eml\u00edtett\u00fck, a nyerem\u00e9ny j\u00f3val meghaladhatja a 10 milli\u00f3 doll\u00e1rt.<\/p>\n<p>Hasznos megjegyezni, hogy a jackpot nem az egyetlen nyerem\u00e9ny, amit a j\u00e1t\u00e9kos megnyerhet, ha ezen az amerikai lott\u00f3n j\u00e1tszik. Nyolc m\u00e1sik nyerem\u00e9nyszintje is van, k\u00f6zt\u00fck egy nyerem\u00e9ny egyszer\u0171en a Csillaggoly\u00f3 tal\u00e1lat\u00e1\u00e9rt. Az All Star b\u00f3nusszal p\u00e1ros\u00edtva a j\u00e1t\u00e9kos, aki megnyeri a mell\u00e9kd\u00edjat, sokkal gazdagabban mehet haza.<\/p>\n<h2>Ha megnyeri<\/h2>\n<p>A Lotto America honlapja szerint a nyerem\u00e9nyt csak abban az \u00e1llamban ig\u00e9nyelheti, ahol nyert. Teh\u00e1t ha p\u00e9ld\u00e1ul Maine-ben v\u00e1s\u00e1roltad a szelv\u00e9nyt, akkor abba az \u00e1llamba kell menned, hogy \u00e1tvehesd a nyerem\u00e9nyedet. Ha azonban az \u00e1llamokon k\u00edv\u00fcl \u00e9l, akkor a dolgok kiss\u00e9 m\u00e1sk\u00e9pp alakulnak.<\/p>\n<h2>Hogyan v\u00e1s\u00e1rolhat Amerika lott\u00f3szelv\u00e9nyt az USA-n k\u00edv\u00fclr\u0151l?<\/h2>\n<p><img loading=\"lazy\" decoding=\"async\" class=\"alignright size-medium wp-image-34079\" src=\"http:\/\/jackpotlotteryonline.com\/wp-content\/uploads\/2022\/11\/2_ticket_mon_wed_lotto_au-176x300.jpg\" alt=\"Lotto America szelv\u00e9nyek az USA-n k\u00edv\u00fclr\u0151l\" width=\"176\" height=\"300\" srcset=\"https:\/\/jackpotlotteryonline.com\/wp-content\/uploads\/2022\/11\/2_ticket_mon_wed_lotto_au-176x300.jpg 176w, https:\/\/jackpotlotteryonline.com\/wp-content\/uploads\/2022\/11\/2_ticket_mon_wed_lotto_au.jpg 250w\" sizes=\"auto, (max-width: 176px) 100vw, 176px\" \/><\/p>\n<p>Csak k\u00e9tf\u00e9lek\u00e9ppen lehet r\u00e9szt venni ebben a lott\u00f3j\u00e1t\u00e9kban. Az els\u0151 az, hogy szelv\u00e9nyt v\u00e1s\u00e1rolsz egy elad\u00f3t\u00f3l b\u00e1rmelyik \u00e1llamban, ahol szelv\u00e9nyeket \u00e1rulnak. M\u00edg a m\u00e1sodik lehet\u0151s\u00e9g az, hogy az interneten kereszt\u00fcl juthatsz hozz\u00e1 a lott\u00f3hoz. A nemzetk\u00f6zi lott\u00f3j\u00e1t\u00e9kokban egyre t\u00f6bb fogad\u00f3 vesz r\u00e9szt online.<\/p>\n<p>Vannak olyan lott\u00f3oldalak, amelyek a j\u00e1t\u00e9kosoknak t\u00f6rv\u00e9nyes hozz\u00e1f\u00e9r\u00e9st biztos\u00edtanak a vil\u00e1g lott\u00f3j\u00e1t\u00e9kaihoz. Miel\u0151tt b\u00e1rmelyik ilyen webhelyet patron\u00e1ln\u00e1, el\u0151sz\u00f6r is fontos, hogy kider\u00edtse, hogy az egy portaszolg\u00e1lati webhelyr\u0151l van-e sz\u00f3. Ez az\u00e9rt van \u00edgy, hogy ne a v\u00e9g\u00e9n a lott\u00f3 eredm\u00e9ny\u00e9re fogadjon, ahelyett, hogy r\u00e9szt venne a lott\u00f3n.<\/p>\n<p>Ha t\u0151l\u00fcnk v\u00e1s\u00e1rolja meg a lott\u00f3szelv\u00e9ny\u00e9t, akkor hozz\u00e1f\u00e9rhet az \u00d6n \u00e1ltal v\u00e1lasztott lott\u00f3hoz. Mi egy concierge szolg\u00e1ltat\u00e1st m\u0171k\u00f6dtet\u00fcnk \u00fcgyn\u00f6k\u00f6kkel a vil\u00e1g minden t\u00e1j\u00e1n. Miut\u00e1n online megv\u00e1s\u00e1rolja a szelv\u00e9ny\u00e9t, az adott orsz\u00e1gban l\u00e9v\u0151 \u00fcgyn\u00f6keink egy fizikai szelv\u00e9nyt is kapnak a megfelel\u0151 sz\u00e1mokkal. B\u00e1rhol is tart\u00f3zkodik, biztos lehet benne, hogy van es\u00e9lye a nagy nyerem\u00e9nyre.<\/p>\n","protected":false},"excerpt":{"rendered":"<p>2018 m\u00e1rcius\u00e1ban egy csal\u00e1d megnyerte a lotto America 23 milli\u00f3 doll\u00e1ros jackpotj\u00e1t. Ez a legmagasabb nyerem\u00e9ny, amit eddig b\u00e1rmelyik j\u00e1t\u00e9kos nyert, azonban felh\u00edvta a figyelmet erre a lott\u00f3j\u00e1t\u00e9kra. Az 1988-ban h\u00e9t amerikai \u00e1llam \u00e1ltal alap\u00edtott lott\u00f3hoz t\u00f6bb m\u00e1s \u00e1llam is csatlakozott. Az \u00e9vek sor\u00e1n sz\u00e1mos milliomost hozott l\u00e9tre. Erre a lott\u00f3j\u00e1t\u00e9kra b\u00e1rmelyik r\u00e9szt vev\u0151 \u00e1llamban [&hellip;]<\/p>\n","protected":false},"author":1,"featured_media":0,"parent":35758,"menu_order":13,"comment_status":"closed","ping_status":"closed","template":"lotto-america-info.php","meta":{"_et_pb_use_builder":"","_et_pb_old_content":"","_et_gb_content_width":"","exclude_from_search":false,"footnotes":""},"class_list":["post-36836","page","type-page","status-publish","hentry"],"yoast_head":"<!-- This site is optimized with the Yoast SEO plugin v23.3 - https:\/\/yoast.com\/wordpress\/plugins\/seo\/ -->\n<title>Lotto America szelv\u00e9nyek v\u00e1s\u00e1rl\u00e1sa az USA-n k\u00edv\u00fclr\u0151l | Lotto America online szelv\u00e9nyv\u00e1s\u00e1rl\u00e1s<\/title>\n<meta name=\"description\" content=\"Lotto America szelv\u00e9nyt az USA-n k\u00edv\u00fclr\u0151l is lehet j\u00e1tszani - egyszer\u0171en v\u00e1s\u00e1roljon Lotto America szelv\u00e9nyt online szelv\u00e9nyk\u00fcld\u0151 szolg\u00e1ltat\u00e1sunkon kereszt\u00fcl.\" \/>\n<meta name=\"robots\" content=\"index, follow, max-snippet:-1, max-image-preview:large, max-video-preview:-1\" \/>\n<link rel=\"canonical\" href=\"https:\/\/jackpotlotteryonline.com\/hu\/jegyet-vasarolni\/lotto-america\/\" \/>\n<meta property=\"og:locale\" content=\"hu_HU\" \/>\n<meta property=\"og:type\" content=\"article\" \/>\n<meta property=\"og:title\" content=\"Lotto America szelv\u00e9nyek v\u00e1s\u00e1rl\u00e1sa az USA-n k\u00edv\u00fclr\u0151l | Lotto America online szelv\u00e9nyv\u00e1s\u00e1rl\u00e1s\" \/>\n<meta property=\"og:description\" content=\"Lotto America szelv\u00e9nyt az USA-n k\u00edv\u00fclr\u0151l is lehet j\u00e1tszani - egyszer\u0171en v\u00e1s\u00e1roljon Lotto America szelv\u00e9nyt online szelv\u00e9nyk\u00fcld\u0151 szolg\u00e1ltat\u00e1sunkon kereszt\u00fcl.\" \/>\n<meta property=\"og:url\" content=\"https:\/\/jackpotlotteryonline.com\/hu\/jegyet-vasarolni\/lotto-america\/\" \/>\n<meta property=\"og:site_name\" content=\"Lotto Online - Crack The International Lottery Jackpots\" \/>\n<meta property=\"article:modified_time\" content=\"2023-01-04T09:08:33+00:00\" \/>\n<meta property=\"og:image\" content=\"http:\/\/jackpotlotteryonline.com\/wp-content\/uploads\/2022\/11\/1_win_lottery_usa_online.jpg\" \/>\n<meta name=\"twitter:card\" content=\"summary_large_image\" \/>\n<meta name=\"twitter:label1\" content=\"Becs\u00fclt olvas\u00e1si id\u0151\" \/>\n\t<meta name=\"twitter:data1\" content=\"4 perc\" \/>\n<!-- \/ Yoast SEO plugin. -->","yoast_head_json":{"title":"Lotto America szelv\u00e9nyek v\u00e1s\u00e1rl\u00e1sa az USA-n k\u00edv\u00fclr\u0151l | Lotto America online szelv\u00e9nyv\u00e1s\u00e1rl\u00e1s","description":"Lotto America szelv\u00e9nyt az USA-n k\u00edv\u00fclr\u0151l is lehet j\u00e1tszani - egyszer\u0171en v\u00e1s\u00e1roljon Lotto America szelv\u00e9nyt online szelv\u00e9nyk\u00fcld\u0151 szolg\u00e1ltat\u00e1sunkon kereszt\u00fcl.","robots":{"index":"index","follow":"follow","max-snippet":"max-snippet:-1","max-image-preview":"max-image-preview:large","max-video-preview":"max-video-preview:-1"},"canonical":"https:\/\/jackpotlotteryonline.com\/hu\/jegyet-vasarolni\/lotto-america\/","og_locale":"hu_HU","og_type":"article","og_title":"Lotto America szelv\u00e9nyek v\u00e1s\u00e1rl\u00e1sa az USA-n k\u00edv\u00fclr\u0151l | Lotto America online szelv\u00e9nyv\u00e1s\u00e1rl\u00e1s","og_description":"Lotto America szelv\u00e9nyt az USA-n k\u00edv\u00fclr\u0151l is lehet j\u00e1tszani - egyszer\u0171en v\u00e1s\u00e1roljon Lotto America szelv\u00e9nyt online szelv\u00e9nyk\u00fcld\u0151 szolg\u00e1ltat\u00e1sunkon kereszt\u00fcl.","og_url":"https:\/\/jackpotlotteryonline.com\/hu\/jegyet-vasarolni\/lotto-america\/","og_site_name":"Lotto Online - Crack The International Lottery Jackpots","article_modified_time":"2023-01-04T09:08:33+00:00","og_image":[{"url":"http:\/\/jackpotlotteryonline.com\/wp-content\/uploads\/2022\/11\/1_win_lottery_usa_online.jpg"}],"twitter_card":"summary_large_image","twitter_misc":{"Becs\u00fclt olvas\u00e1si id\u0151":"4 perc"},"schema":{"@context":"https:\/\/schema.org","@graph":[{"@type":"WebPage","@id":"https:\/\/jackpotlotteryonline.com\/hu\/jegyet-vasarolni\/lotto-america\/","url":"https:\/\/jackpotlotteryonline.com\/hu\/jegyet-vasarolni\/lotto-america\/","name":"Lotto America szelv\u00e9nyek v\u00e1s\u00e1rl\u00e1sa az USA-n k\u00edv\u00fclr\u0151l | Lotto America online szelv\u00e9nyv\u00e1s\u00e1rl\u00e1s","isPartOf":{"@id":"https:\/\/jackpotlotteryonline.com\/#website"},"primaryImageOfPage":{"@id":"https:\/\/jackpotlotteryonline.com\/hu\/jegyet-vasarolni\/lotto-america\/#primaryimage"},"image":{"@id":"https:\/\/jackpotlotteryonline.com\/hu\/jegyet-vasarolni\/lotto-america\/#primaryimage"},"thumbnailUrl":"http:\/\/jackpotlotteryonline.com\/wp-content\/uploads\/2022\/11\/1_win_lottery_usa_online.jpg","datePublished":"2022-11-09T08:41:24+00:00","dateModified":"2023-01-04T09:08:33+00:00","description":"Lotto America szelv\u00e9nyt az USA-n k\u00edv\u00fclr\u0151l is lehet j\u00e1tszani - egyszer\u0171en v\u00e1s\u00e1roljon Lotto America szelv\u00e9nyt online szelv\u00e9nyk\u00fcld\u0151 szolg\u00e1ltat\u00e1sunkon kereszt\u00fcl.","breadcrumb":{"@id":"https:\/\/jackpotlotteryonline.com\/hu\/jegyet-vasarolni\/lotto-america\/#breadcrumb"},"inLanguage":"hu","potentialAction":[{"@type":"ReadAction","target":["https:\/\/jackpotlotteryonline.com\/hu\/jegyet-vasarolni\/lotto-america\/"]}]},{"@type":"ImageObject","inLanguage":"hu","@id":"https:\/\/jackpotlotteryonline.com\/hu\/jegyet-vasarolni\/lotto-america\/#primaryimage","url":"http:\/\/jackpotlotteryonline.com\/wp-content\/uploads\/2022\/11\/1_win_lottery_usa_online.jpg","contentUrl":"http:\/\/jackpotlotteryonline.com\/wp-content\/uploads\/2022\/11\/1_win_lottery_usa_online.jpg"},{"@type":"BreadcrumbList","@id":"https:\/\/jackpotlotteryonline.com\/hu\/jegyet-vasarolni\/lotto-america\/#breadcrumb","itemListElement":[{"@type":"ListItem","position":1,"name":"Home","item":"https:\/\/jackpotlotteryonline.com\/hu\/"},{"@type":"ListItem","position":2,"name":"Hogyan v\u00e1s\u00e1rolhat lott\u00f3szelv\u00e9nyeket online","item":"https:\/\/jackpotlotteryonline.com\/buy-tickets\/"},{"@type":"ListItem","position":3,"name":"Lotto America jegyek online"}]},{"@type":"WebSite","@id":"https:\/\/jackpotlotteryonline.com\/#website","url":"https:\/\/jackpotlotteryonline.com\/","name":"Lotto Online - Crack The International Lottery Jackpots","description":"","potentialAction":[{"@type":"SearchAction","target":{"@type":"EntryPoint","urlTemplate":"https:\/\/jackpotlotteryonline.com\/?s={search_term_string}"},"query-input":"required name=search_term_string"}],"inLanguage":"hu"}]}},"_links":{"self":[{"href":"https:\/\/jackpotlotteryonline.com\/hu\/wp-json\/wp\/v2\/pages\/36836","targetHints":{"allow":["GET"]}}],"collection":[{"href":"https:\/\/jackpotlotteryonline.com\/hu\/wp-json\/wp\/v2\/pages"}],"about":[{"href":"https:\/\/jackpotlotteryonline.com\/hu\/wp-json\/wp\/v2\/types\/page"}],"author":[{"embeddable":true,"href":"https:\/\/jackpotlotteryonline.com\/hu\/wp-json\/wp\/v2\/users\/1"}],"replies":[{"embeddable":true,"href":"https:\/\/jackpotlotteryonline.com\/hu\/wp-json\/wp\/v2\/comments?post=36836"}],"version-history":[{"count":0,"href":"https:\/\/jackpotlotteryonline.com\/hu\/wp-json\/wp\/v2\/pages\/36836\/revisions"}],"up":[{"embeddable":true,"href":"https:\/\/jackpotlotteryonline.com\/hu\/wp-json\/wp\/v2\/pages\/35758"}],"wp:attachment":[{"href":"https:\/\/jackpotlotteryonline.com\/hu\/wp-json\/wp\/v2\/media?parent=36836"}],"curies":[{"name":"wp","href":"https:\/\/api.w.org\/{rel}","templated":true}]}}