{"id":36889,"date":"2022-11-09T09:55:17","date_gmt":"2022-11-09T09:55:17","guid":{"rendered":"https:\/\/jackpotlotteryonline.com\/?page_id=36889"},"modified":"2022-12-22T12:12:47","modified_gmt":"2022-12-22T12:12:47","slug":"uk-lottery","status":"publish","type":"page","link":"https:\/\/jackpotlotteryonline.com\/hu\/jegyet-vasarolni\/uk-lottery\/","title":{"rendered":"UK Lottery"},"content":{"rendered":"<h2>Lott\u00f3 Egyes\u00fclt Kir\u00e1lys\u00e1g Online \u00e1ttekint\u00e9s<\/h2>\n<p>Az Egyes\u00fclt Kir\u00e1lys\u00e1g Lott\u00f3 n\u00e9pszer\u0171 j\u00e1t\u00e9k, mert milliomosokat lehet bel\u0151le csin\u00e1lni. Online is j\u00e1tszhat\u00f3. <a href=\"https:\/\/jackpotlotteryonline.com\/hu\/nyeroszamok\/uk-lottery\">A j\u00e1t\u00e9kot hetente k\u00e9tszer, szerd\u00e1n \u00e9s szombaton sorsolj\u00e1k ki<\/a>.<\/p>\n<h2>Hogyan m\u0171k\u00f6dik a UK Lottery<\/h2>\n<p>Minden j\u00e1t\u00e9kosnak 6 sz\u00e1mot kell kiv\u00e1lasztania a szelv\u00e9ny\u00e9n az 1-49 sz\u00e1mok k\u00f6z\u00fcl. A sorsol\u00e1skor hat sz\u00e1mot v\u00e1lasztanak ki egy b\u00f3nuszsz\u00e1mmal egy\u00fctt. A viszonylag alacsony kifizet\u00e9si sz\u00e1zal\u00e9k miatt nem aj\u00e1nljuk ezt a lott\u00f3t. Rengeteg m\u00e1s nemzetk\u00f6zi lott\u00f3j\u00e1t\u00e9k \u00e9rhet\u0151 el az interneten, amelyek jobb kifizet\u00e9sekkel \u00e9s magasabb jackpotokkal rendelkeznek.<\/p>\n<section class=\"layout\" style=\"border: solid 1px; width: 100%;\">\n<div class=\"img-div\" style=\"margin-top: 5px;\"><img decoding=\"async\" class=\"wp-image-17212 alignleft\" style=\"height: 45px; margin: 8px 8px 0px;\" src=\"https:\/\/jackpotlotteryonline.com\/wp-content\/uploads\/2022\/11\/read1.jpg\" alt=\"olvasd el\" width=\"\" height=\"\" \/><\/div>\n<div style=\"padding-left: 5px;\">\n<div style=\"font-size: 1.1em;\">\n<p><strong>Eur\u00f3pai lott\u00f3j\u00e1t\u00e9kok<\/strong><\/p>\n<p style=\"font-size: 0.85em; margin-top: -1.5em;\">Melyik eur\u00f3pai lott\u00f3 a legjobb? \u00a0<a href=\"https:\/\/jackpotlotteryonline.com\/hu\/mely-europai-lottojatekok-a-legjobbak\">tov\u00e1bb<\/a><\/p>\n<\/div>\n<\/div>\n<\/section>\n<h2>Az Egyes\u00fclt Kir\u00e1lys\u00e1g lott\u00f3 megnyer\u00e9se<\/h2>\n<p><img loading=\"lazy\" decoding=\"async\" class=\"alignright size-medium wp-image-19520\" src=\"https:\/\/jackpotlotteryonline.com\/wp-content\/uploads\/2022\/10\/2_ticket_uk_lottery-192x300.jpg\" alt=\"UK lott\u00f3szelv\u00e9ny v\u00e1s\u00e1rl\u00e1sa\" width=\"192\" height=\"300\" srcset=\"https:\/\/jackpotlotteryonline.com\/wp-content\/uploads\/2022\/10\/2_ticket_uk_lottery-192x300.jpg 192w, https:\/\/jackpotlotteryonline.com\/wp-content\/uploads\/2022\/10\/2_ticket_uk_lottery.jpg 250w\" sizes=\"auto, (max-width: 192px) 100vw, 192px\" \/><\/p>\n<p>A nyerem\u00e9ny megnyer\u00e9s\u00e9hez legal\u00e1bb h\u00e1rom sz\u00e1mnak kell egyeznie a kisorsolt f\u0151sz\u00e1mokkal. A b\u00f3nuszsz\u00e1m csak akkor sz\u00e1m\u00edt, ha a sorsol\u00e1son legal\u00e1bb \u00f6t f\u0151 sz\u00e1mmal egyezik meg.<\/p>\n<p>A nyerem\u00e9ny ig\u00e9nyl\u00e9se egyszer\u0171. Ha 2500 eur\u00f3ig nyer, a nyerem\u00e9nyt k\u00f6zvetlen\u00fcl a lott\u00f3j\u00e1t\u00e9kos sz\u00e1ml\u00e1j\u00e1ra fizetj\u00fck ki itt az oldalunkon. A 2.500 \u20ac-n\u00e1l magasabb nyerem\u00e9nyek eset\u00e9n \u00fcgyf\u00e9lszolg\u00e1lati r\u00e9szleg\u00fcnk felveszi \u00d6nnel a kapcsolatot, \u00e9s megszervezi a k\u00f6zvetlen kifizet\u00e9st a lott\u00f3t\u00e1rsas\u00e1gt\u00f3l.<\/p>\n<p>Az \u00f6sszes brit lott\u00f3alap k\u00f6r\u00fclbel\u00fcl 45%-a a nyerem\u00e9nyre megy el. Ha hat f\u0151 sz\u00e1mot tal\u00e1l el, akkor a tot\u00f3 alapj\u00e1nak 52%-\u00e1t fizetik ki; ha \u00f6t f\u0151 sz\u00e1mot tal\u00e1l el, plusz a b\u00f3nuszsz\u00e1mot, akkor a tot\u00f3 fennmarad\u00f3 alapj\u00e1nak 16%-\u00e1t fizetik ki; ha \u00f6t f\u0151 sz\u00e1mot tal\u00e1l el, akkor a tot\u00f3 fennmarad\u00f3 alapj\u00e1nak 10%-\u00e1t fizetik ki; ha n\u00e9gy f\u0151 sz\u00e1mot tal\u00e1l el, akkor a tot\u00f3 fennmarad\u00f3 alapj\u00e1nak 22%-\u00e1t fizetik ki, ha pedig h\u00e1rom f\u0151 sz\u00e1mot tal\u00e1l el, akkor \u00e1ltal\u00e1ban 10 \u00a3-ot fizetnek ki. A brit lott\u00f3 online azonnali nyerem\u00e9nyj\u00e1t\u00e9kokat is k\u00edn\u00e1l.<\/p>\n<h2>Online lott\u00f3j\u00e1t\u00e9k az Egyes\u00fclt Kir\u00e1lys\u00e1gban<\/h2>\n<p>Az Egyes\u00fclt <a href=\"https:\/\/jackpotlotteryonline.com\/hu\/hogyan-kell-jatszani\/uk-lottery\">Kir\u00e1lys\u00e1g lott\u00f3j\u00e1t online is j\u00e1tszhatja<\/a>, ami el\u00e9rhet\u0151bb\u00e9 \u00e9s k\u00e9nyelmesebb\u00e9 teszi a j\u00e1t\u00e9kot. T\u00f6bb\u00e9 nem kell elmennie, hogy egy kiskeresked\u0151n\u00e9l v\u00e1s\u00e1roljon brit lott\u00f3szelv\u00e9nyt; most m\u00e1r otthonr\u00f3l, k\u00e9nyelmesen v\u00e1s\u00e1rolhat szelv\u00e9nyt, \u00e9s ez nem f\u00fcgg att\u00f3l, hogy az Egyes\u00fclt Kir\u00e1lys\u00e1gban \u00e9l-e vagy sem.<\/p>\n<p>Ahhoz, hogy online \u00e9s az Egyes\u00fclt Kir\u00e1lys\u00e1gon k\u00edv\u00fclr\u0151l is j\u00e1tszhasson az Egyes\u00fclt Kir\u00e1lys\u00e1g lott\u00f3n, a fenti bannerre kell kattintania az Egyes\u00fclt Kir\u00e1lys\u00e1g lott\u00f3n. Egyszer\u0171en csak regisztr\u00e1lnia kell, majd online fizet\u00e9st kell teljes\u00edtenie.<\/p>\n<h2>Mi\u00e9rt vonz\u00f3bb a legt\u00f6bb nemzetk\u00f6zi lott\u00f3 jackpotja, mint az Egyes\u00fclt Kir\u00e1lys\u00e1g lott\u00f3\u00e9<\/h2>\n<ul>\n<li>A jackpotok sokkal magasabbak a nemzetk\u00f6zi lott\u00f3j\u00e1t\u00e9kokn\u00e1l (n\u00e9zze meg a fenti bannerben szerepl\u0151 \u00f6sszegeket)<\/li>\n<li>A brit lott\u00f3 csak a p\u00e9nz\u00f6sszegek 45%-\u00e1t osztja ki nyerem\u00e9nyk\u00e9nt<\/li>\n<li>Weboldalunkon sz\u00e1mos mega-lott\u00f3 \u00e9s hatalmas jackpotok k\u00f6z\u00fcl v\u00e1laszthat!<\/li>\n<\/ul>\n","protected":false},"excerpt":{"rendered":"<p>Lott\u00f3 Egyes\u00fclt Kir\u00e1lys\u00e1g Online \u00e1ttekint\u00e9s Az Egyes\u00fclt Kir\u00e1lys\u00e1g Lott\u00f3 n\u00e9pszer\u0171 j\u00e1t\u00e9k, mert milliomosokat lehet bel\u0151le csin\u00e1lni. Online is j\u00e1tszhat\u00f3. A j\u00e1t\u00e9kot hetente k\u00e9tszer, szerd\u00e1n \u00e9s szombaton sorsolj\u00e1k ki. Hogyan m\u0171k\u00f6dik a UK Lottery Minden j\u00e1t\u00e9kosnak 6 sz\u00e1mot kell kiv\u00e1lasztania a szelv\u00e9ny\u00e9n az 1-49 sz\u00e1mok k\u00f6z\u00fcl. A sorsol\u00e1skor hat sz\u00e1mot v\u00e1lasztanak ki egy b\u00f3nuszsz\u00e1mmal egy\u00fctt. A [&hellip;]<\/p>\n","protected":false},"author":1,"featured_media":0,"parent":35758,"menu_order":10,"comment_status":"closed","ping_status":"closed","template":"lotto-uk-info.php","meta":{"_et_pb_use_builder":"","_et_pb_old_content":"","_et_gb_content_width":"","exclude_from_search":false,"footnotes":""},"class_list":["post-36889","page","type-page","status-publish","hentry"],"yoast_head":"<!-- This site is optimized with the Yoast SEO plugin v23.3 - https:\/\/yoast.com\/wordpress\/plugins\/seo\/ -->\n<title>V\u00e1s\u00e1roljon online szelv\u00e9nyeket az Egyes\u00fclt Kir\u00e1lys\u00e1g lott\u00f3j\u00e1ra az Egyes\u00fclt Kir\u00e1lys\u00e1gon k\u00edv\u00fclr\u0151l<\/title>\n<meta name=\"description\" content=\"Hogyan m\u0171k\u00f6dik az Egyes\u00fclt Kir\u00e1lys\u00e1g lott\u00f3, hogyan v\u00e1s\u00e1rolhat szelv\u00e9nyt \u00e9s nyerhet online az Egyes\u00fclt Kir\u00e1lys\u00e1gon k\u00edv\u00fclr\u0151l\" \/>\n<meta name=\"robots\" content=\"index, follow, max-snippet:-1, max-image-preview:large, max-video-preview:-1\" \/>\n<link rel=\"canonical\" href=\"https:\/\/jackpotlotteryonline.com\/hu\/jegyet-vasarolni\/uk-lottery\/\" \/>\n<meta property=\"og:locale\" content=\"hu_HU\" \/>\n<meta property=\"og:type\" content=\"article\" \/>\n<meta property=\"og:title\" content=\"V\u00e1s\u00e1roljon online szelv\u00e9nyeket az Egyes\u00fclt Kir\u00e1lys\u00e1g lott\u00f3j\u00e1ra az Egyes\u00fclt Kir\u00e1lys\u00e1gon k\u00edv\u00fclr\u0151l\" \/>\n<meta property=\"og:description\" content=\"Hogyan m\u0171k\u00f6dik az Egyes\u00fclt Kir\u00e1lys\u00e1g lott\u00f3, hogyan v\u00e1s\u00e1rolhat szelv\u00e9nyt \u00e9s nyerhet online az Egyes\u00fclt Kir\u00e1lys\u00e1gon k\u00edv\u00fclr\u0151l\" \/>\n<meta property=\"og:url\" content=\"https:\/\/jackpotlotteryonline.com\/hu\/jegyet-vasarolni\/uk-lottery\/\" \/>\n<meta property=\"og:site_name\" content=\"Lotto Online - Crack The International Lottery Jackpots\" \/>\n<meta property=\"article:modified_time\" content=\"2022-12-22T12:12:47+00:00\" \/>\n<meta property=\"og:image\" content=\"https:\/\/jackpotlotteryonline.com\/wp-content\/uploads\/2022\/11\/read1.jpg\" \/>\n<meta name=\"twitter:card\" content=\"summary_large_image\" \/>\n<meta name=\"twitter:label1\" content=\"Becs\u00fclt olvas\u00e1si id\u0151\" \/>\n\t<meta name=\"twitter:data1\" content=\"3 perc\" \/>\n<!-- \/ Yoast SEO plugin. -->","yoast_head_json":{"title":"V\u00e1s\u00e1roljon online szelv\u00e9nyeket az Egyes\u00fclt Kir\u00e1lys\u00e1g lott\u00f3j\u00e1ra az Egyes\u00fclt Kir\u00e1lys\u00e1gon k\u00edv\u00fclr\u0151l","description":"Hogyan m\u0171k\u00f6dik az Egyes\u00fclt Kir\u00e1lys\u00e1g lott\u00f3, hogyan v\u00e1s\u00e1rolhat szelv\u00e9nyt \u00e9s nyerhet online az Egyes\u00fclt Kir\u00e1lys\u00e1gon k\u00edv\u00fclr\u0151l","robots":{"index":"index","follow":"follow","max-snippet":"max-snippet:-1","max-image-preview":"max-image-preview:large","max-video-preview":"max-video-preview:-1"},"canonical":"https:\/\/jackpotlotteryonline.com\/hu\/jegyet-vasarolni\/uk-lottery\/","og_locale":"hu_HU","og_type":"article","og_title":"V\u00e1s\u00e1roljon online szelv\u00e9nyeket az Egyes\u00fclt Kir\u00e1lys\u00e1g lott\u00f3j\u00e1ra az Egyes\u00fclt Kir\u00e1lys\u00e1gon k\u00edv\u00fclr\u0151l","og_description":"Hogyan m\u0171k\u00f6dik az Egyes\u00fclt Kir\u00e1lys\u00e1g lott\u00f3, hogyan v\u00e1s\u00e1rolhat szelv\u00e9nyt \u00e9s nyerhet online az Egyes\u00fclt Kir\u00e1lys\u00e1gon k\u00edv\u00fclr\u0151l","og_url":"https:\/\/jackpotlotteryonline.com\/hu\/jegyet-vasarolni\/uk-lottery\/","og_site_name":"Lotto Online - Crack The International Lottery Jackpots","article_modified_time":"2022-12-22T12:12:47+00:00","og_image":[{"url":"https:\/\/jackpotlotteryonline.com\/wp-content\/uploads\/2022\/11\/read1.jpg"}],"twitter_card":"summary_large_image","twitter_misc":{"Becs\u00fclt olvas\u00e1si id\u0151":"3 perc"},"schema":{"@context":"https:\/\/schema.org","@graph":[{"@type":"WebPage","@id":"https:\/\/jackpotlotteryonline.com\/hu\/jegyet-vasarolni\/uk-lottery\/","url":"https:\/\/jackpotlotteryonline.com\/hu\/jegyet-vasarolni\/uk-lottery\/","name":"V\u00e1s\u00e1roljon online szelv\u00e9nyeket az Egyes\u00fclt Kir\u00e1lys\u00e1g lott\u00f3j\u00e1ra az Egyes\u00fclt Kir\u00e1lys\u00e1gon k\u00edv\u00fclr\u0151l","isPartOf":{"@id":"https:\/\/jackpotlotteryonline.com\/#website"},"primaryImageOfPage":{"@id":"https:\/\/jackpotlotteryonline.com\/hu\/jegyet-vasarolni\/uk-lottery\/#primaryimage"},"image":{"@id":"https:\/\/jackpotlotteryonline.com\/hu\/jegyet-vasarolni\/uk-lottery\/#primaryimage"},"thumbnailUrl":"https:\/\/jackpotlotteryonline.com\/wp-content\/uploads\/2022\/11\/read1.jpg","datePublished":"2022-11-09T09:55:17+00:00","dateModified":"2022-12-22T12:12:47+00:00","description":"Hogyan m\u0171k\u00f6dik az Egyes\u00fclt Kir\u00e1lys\u00e1g lott\u00f3, hogyan v\u00e1s\u00e1rolhat szelv\u00e9nyt \u00e9s nyerhet online az Egyes\u00fclt Kir\u00e1lys\u00e1gon k\u00edv\u00fclr\u0151l","breadcrumb":{"@id":"https:\/\/jackpotlotteryonline.com\/hu\/jegyet-vasarolni\/uk-lottery\/#breadcrumb"},"inLanguage":"hu","potentialAction":[{"@type":"ReadAction","target":["https:\/\/jackpotlotteryonline.com\/hu\/jegyet-vasarolni\/uk-lottery\/"]}]},{"@type":"ImageObject","inLanguage":"hu","@id":"https:\/\/jackpotlotteryonline.com\/hu\/jegyet-vasarolni\/uk-lottery\/#primaryimage","url":"https:\/\/jackpotlotteryonline.com\/wp-content\/uploads\/2022\/11\/read1.jpg","contentUrl":"https:\/\/jackpotlotteryonline.com\/wp-content\/uploads\/2022\/11\/read1.jpg"},{"@type":"BreadcrumbList","@id":"https:\/\/jackpotlotteryonline.com\/hu\/jegyet-vasarolni\/uk-lottery\/#breadcrumb","itemListElement":[{"@type":"ListItem","position":1,"name":"Home","item":"https:\/\/jackpotlotteryonline.com\/hu\/"},{"@type":"ListItem","position":2,"name":"Hogyan v\u00e1s\u00e1rolhat lott\u00f3szelv\u00e9nyeket online","item":"https:\/\/jackpotlotteryonline.com\/buy-tickets\/"},{"@type":"ListItem","position":3,"name":"UK Lottery"}]},{"@type":"WebSite","@id":"https:\/\/jackpotlotteryonline.com\/#website","url":"https:\/\/jackpotlotteryonline.com\/","name":"Lotto Online - Crack The International Lottery Jackpots","description":"","potentialAction":[{"@type":"SearchAction","target":{"@type":"EntryPoint","urlTemplate":"https:\/\/jackpotlotteryonline.com\/?s={search_term_string}"},"query-input":"required name=search_term_string"}],"inLanguage":"hu"}]}},"_links":{"self":[{"href":"https:\/\/jackpotlotteryonline.com\/hu\/wp-json\/wp\/v2\/pages\/36889","targetHints":{"allow":["GET"]}}],"collection":[{"href":"https:\/\/jackpotlotteryonline.com\/hu\/wp-json\/wp\/v2\/pages"}],"about":[{"href":"https:\/\/jackpotlotteryonline.com\/hu\/wp-json\/wp\/v2\/types\/page"}],"author":[{"embeddable":true,"href":"https:\/\/jackpotlotteryonline.com\/hu\/wp-json\/wp\/v2\/users\/1"}],"replies":[{"embeddable":true,"href":"https:\/\/jackpotlotteryonline.com\/hu\/wp-json\/wp\/v2\/comments?post=36889"}],"version-history":[{"count":0,"href":"https:\/\/jackpotlotteryonline.com\/hu\/wp-json\/wp\/v2\/pages\/36889\/revisions"}],"up":[{"embeddable":true,"href":"https:\/\/jackpotlotteryonline.com\/hu\/wp-json\/wp\/v2\/pages\/35758"}],"wp:attachment":[{"href":"https:\/\/jackpotlotteryonline.com\/hu\/wp-json\/wp\/v2\/media?parent=36889"}],"curies":[{"name":"wp","href":"https:\/\/api.w.org\/{rel}","templated":true}]}}