{"id":36942,"date":"2022-11-09T11:08:28","date_gmt":"2022-11-09T11:08:28","guid":{"rendered":"https:\/\/jackpotlotteryonline.com\/?page_id=36942"},"modified":"2023-01-04T08:14:03","modified_gmt":"2023-01-04T08:14:03","slug":"set-for-life","status":"publish","type":"page","link":"https:\/\/jackpotlotteryonline.com\/hu\/jegyet-vasarolni\/set-for-life\/","title":{"rendered":"Set for Life jegyek v\u00e1s\u00e1rl\u00e1sa"},"content":{"rendered":"<p>K\u00e9szen \u00e1llsz egy es\u00e9lyre, hogy egy \u00e9letre be\u00e1ll\u00edtott legy\u00e9l? Nincs jobb alkalom, mint a jelen, hogy megragadjon egy es\u00e9lyt arra, hogy a k\u00f6vetkez\u0151 30 \u00e9vben minden h\u00f3napban 10 000 fontot nyerjen, \u00e9s mindez <a href=\"https:\/\/jackpotlotteryonline.com\/hu\/hogyan-kell-jatszani\/set-for-life\">az Egyes\u00fclt Kir\u00e1lys\u00e1g lott\u00f3j\u00e1t\u00e9k\u00e1val<\/a> kezd\u0151dik.<\/p>\n<p>Ezt a lott\u00f3t az Egyes\u00fclt Kir\u00e1lys\u00e1g Nemzeti Lott\u00f3t\u00e1rsas\u00e1ga m\u0171k\u00f6dteti, \u00e9s 1999-ben volt az els\u0151 sorsol\u00e1sa. Az\u00f3ta a brit lott\u00f3j\u00e1t\u00e9kosok egyik kedvence, mivel a 30 \u00e9ven kereszt\u00fcl havonta 10 000 fontot jelent\u0151 nyerem\u00e9nynek szinte t\u00fal neh\u00e9z ellen\u00e1llni. Neked sem kellene, ha te is, ami azt illeti. Ezt a lott\u00f3t megnyerni majdnem olyan, mintha minden h\u00f3napban a Mikul\u00e1s j\u00f6nne haza hozz\u00e1d.<br \/>\n<img loading=\"lazy\" decoding=\"async\" class=\"alignright size-medium wp-image-35457\" src=\"https:\/\/jackpotlotteryonline.com\/wp-content\/uploads\/2022\/11\/2_ticket_uk_lottery-192x300.jpg\" alt=\"Set for Life jegyek\" width=\"192\" height=\"300\" srcset=\"https:\/\/jackpotlotteryonline.com\/wp-content\/uploads\/2022\/11\/2_ticket_uk_lottery-192x300.jpg 192w, https:\/\/jackpotlotteryonline.com\/wp-content\/uploads\/2022\/11\/2_ticket_uk_lottery.jpg 250w\" sizes=\"auto, (max-width: 192px) 100vw, 192px\" \/><\/p>\n<p>Ennek a brit lott\u00f3nak a szelv\u00e9nyeit az orsz\u00e1g sz\u00e9les \u00e9rt\u00e9kes\u00edt\u0151i h\u00e1l\u00f3zat\u00e1ban \u00e1rulj\u00e1k. Ha azonban az Egyes\u00fclt Kir\u00e1lys\u00e1gon k\u00edv\u00fcl \u00e9l, akkor sincs akad\u00e1lya annak, hogy \u00d6n is v\u00e1s\u00e1roljon jegyet a lott\u00f3ra. A Jackpotlotteryonline.com a lott\u00f3rajong\u00f3k sz\u00e1m\u00e1ra hozz\u00e1f\u00e9r\u00e9st biztos\u00edt a legjobb nemzetk\u00f6zi lott\u00f3j\u00e1t\u00e9kokhoz a sz\u00e1m\u00edt\u00f3g\u00e9p\u00fck vagy mobilk\u00e9sz\u00fcl\u00e9k\u00fck k\u00e9nyelm\u00e9b\u0151l.<\/p>\n<p>Regisztr\u00e1ljon n\u00e1lunk, hogy elkezdhessen lott\u00f3zni az Egyes\u00fclt Kir\u00e1lys\u00e1gban \u00e9s a vil\u00e1g t\u00f6bbi r\u00e9sz\u00e9n.<\/p>\n<h2>Hogyan j\u00e1tsszon Set for Life online<\/h2>\n<p>Ez k\u00fcl\u00f6nb\u00f6zik a t\u00f6bbi lott\u00f3t\u00f3l, mivel ez egy j\u00e1rad\u00e9kos lott\u00f3, \u00edgy a nyertesek nem eur\u00f3milli\u00f3kkal vagy fontokkal mennek haza. Az egyetlen k\u00fcl\u00f6nbs\u00e9g azonban a nyerem\u00e9ny kioszt\u00e1s\u00e1nak m\u00f3dj\u00e1ban van. A t\u00f6bbi lott\u00f3hoz hasonl\u00f3an a j\u00e1t\u00e9kosnak egy bizonyos tartom\u00e1nyb\u00f3l kell kiv\u00e1lasztania a f\u0151sz\u00e1mokat \u00e9s egy k\u00fcl\u00f6nleges sz\u00e1mot.<\/p>\n<p>A Set for Life online szelv\u00e9nyek megszerz\u00e9s\u00e9hez l\u00e1togasson el a k\u00edv\u00e1nt oldalra, majd v\u00e1lasszon \u00f6t f\u0151sz\u00e1mot 1 \u00e9s 47 k\u00f6z\u00f6tt. V\u00e1lasszon egy tov\u00e1bbi b\u00f3nuszsz\u00e1mot, az \u00fagynevezett &#8220;Life Ball sz\u00e1mot&#8221; az 1 \u00e9s 10 k\u00f6z\u00f6tti tartom\u00e1nyb\u00f3l. Haszn\u00e1lhatod a szerencsesz\u00e1maidat, vagy az automatikus sz\u00e1mv\u00e1laszt\u00f3 eszk\u00f6zzel v\u00e9letlenszer\u0171 sz\u00e1msort is v\u00e1laszthatsz. Emellett t\u00f6bb sz\u00e1msort is v\u00e1laszthatsz, hogy n\u00f6veld a nyer\u00e9si es\u00e9lyeidet.<\/p>\n<p>A lott\u00f3 megnyer\u00e9s\u00e9hez mind a 6 kih\u00fazott sz\u00e1mnak egyeznie kell. Ha regisztr\u00e1l n\u00e1lunk, akkor<a href=\"https:\/\/jackpotlotteryonline.com\/hu\/nyeroszamok\/set-for-life\"> t\u00f6bb h\u00e9ttel el\u0151re is r\u00e9szt vehet a sorsol\u00e1sokon.<\/a><\/p>\n<h2>Nyerem\u00e9nyek<\/h2>\n<p><img loading=\"lazy\" decoding=\"async\" class=\"size-medium wp-image-30128 alignright\" src=\"https:\/\/jackpotlotteryonline.com\/wp-content\/uploads\/2022\/11\/1_win_online_lottery_jackpot-300x182.jpg\" alt=\"Brit lott\u00f3nyerem\u00e9ny\" width=\"300\" height=\"182\" srcset=\"https:\/\/jackpotlotteryonline.com\/wp-content\/uploads\/2022\/11\/1_win_online_lottery_jackpot-300x182.jpg 300w, https:\/\/jackpotlotteryonline.com\/wp-content\/uploads\/2022\/11\/1_win_online_lottery_jackpot.jpg 320w\" sizes=\"auto, (max-width: 300px) 100vw, 300px\" \/><\/p>\n<p>Besz\u00e9lt\u00fcnk teh\u00e1t a jackpotr\u00f3l, amely 30 \u00e9ven kereszt\u00fcl minden h\u00f3napban 10 000 font. De nem ez az egyetlen nyerem\u00e9ny, amit a lott\u00f3 j\u00e1t\u00e9kosai nyerhetnek. Ha p\u00e9ld\u00e1ul csak az 5 f\u0151 sz\u00e1mot tal\u00e1lod el, akkor egy \u00e9ven kereszt\u00fcl minden h\u00f3napban 10 000 fontot kapsz. Nem rossz, igaz?<\/p>\n<p>N\u00e9zz\u00fck meg a nyerem\u00e9nyek bont\u00e1s\u00e1t, \u00e9s azt, hogy mire sz\u00e1m\u00edthatnak a j\u00e1t\u00e9kosok, ha megv\u00e1s\u00e1rolj\u00e1k ennek a brit lott\u00f3nak a szelv\u00e9nyeit.<\/p>\n<p>5 f\u0151 sz\u00e1m + Life Ball &#8211; \u00a310,000 havonta 30 \u00e9ven kereszt\u00fcl<br \/>\nCsak 5 f\u0151 sz\u00e1m tal\u00e1lata &#8211; 10 000 font havonta 1 \u00e9ven kereszt\u00fcl<br \/>\n4 f\u0151 sz\u00e1m + Life Ball &#8211; 250 \u00a3<br \/>\nCsak 4 f\u0151 sz\u00e1mmal val\u00f3 m\u00e9rk\u0151z\u00e9s &#8211; 50 font<br \/>\n3 f\u0151 sz\u00e1m + Life Ball &#8211; \u00a330<br \/>\nCsak 3 f\u0151 sz\u00e1m &#8211; \u00a320<br \/>\n2 f\u0151 sz\u00e1m + Life Ball &#8211; \u00a310<br \/>\nCsak 2 f\u0151 sz\u00e1m &#8211; \u00a35<\/p>\n<h2>A nyerem\u00e9ny ig\u00e9nyl\u00e9se<\/h2>\n<p>180 nap \u00e1ll rendelkez\u00e9s\u00e9re, hogy nyerem\u00e9ny\u00e9t \u00e1tvegye, ellenkez\u0151 esetben a nyerem\u00e9nyre m\u00e1r nem tarthat ig\u00e9nyt. A lott\u00f3nyerem\u00e9nyek az Egyes\u00fclt Kir\u00e1lys\u00e1gban ad\u00f3mentesek, \u00edgy a nyerem\u00e9nyt tetsz\u00e9s szerint \u00e9lvezheti. Azoknak azonban, akik az orsz\u00e1gon k\u00edv\u00fclr\u0151l j\u00e1tszanak, \u00e9rdemes t\u00e1j\u00e9koz\u00f3dniuk, hogy lak\u00f3hely\u00fck\u00f6n milyen ad\u00f3t\u00f6rv\u00e9nyek vonatkoznak r\u00e1juk.<\/p>\n<section class=\"layout\" style=\"border: solid 1px; width: 100%;\">\n<div class=\"img-div\" style=\"margin-top: 5px;\"><img decoding=\"async\" class=\"wp-image-17212 alignleft\" style=\"height: 45px; margin: 8px 8px 0px;\" src=\"https:\/\/jackpotlotteryonline.com\/wp-content\/uploads\/2022\/11\/read1.jpg\" alt=\"olvasd el\" width=\"\" height=\"\" \/><\/div>\n<div style=\"padding-left: 5px;\">\n<div style=\"font-size: 1.1em;\">\n<p><strong>A lott\u00f3nyerem\u00e9nyre kivetett ad\u00f3k<\/strong><\/p>\n<p style=\"font-size: 0.85em; margin-top: -1.5em;\">Kell-e ad\u00f3t fizetnem a lott\u00f3nyerem\u00e9ny ut\u00e1n?\u00a0<a href=\"https:\/\/jackpotlotteryonline.com\/hu\/kell-e-adot-fizetnem-a-lottonyeremeny-utan\"> tov\u00e1bb<\/a><\/p>\n<\/div>\n<\/div>\n<\/section>\n<h2>Egy \u00e9letre sz\u00f3l\u00f3 csod\u00e1latos lehet\u0151s\u00e9g<\/h2>\n<p>A Set for Life nyerem\u00e9ny es\u00e9lye egy \u00e9letre sz\u00f3l\u00f3 lehet\u0151s\u00e9g. Azt jelenti, hogy soha t\u00f6bb\u00e9 nem kell agg\u00f3dnia a p\u00e9nz\u00fcgyei miatt, ha nyer. Vannak t\u00f6rt\u00e9netek olyan lott\u00f3nyertesekr\u0151l, akik elk\u00f6lt\u00f6tt\u00e9k az \u00f6sszes vagyonukat, \u00e9s most cs\u0151dbe mentek. Ezzel a lott\u00f3val ez nem kell, hogy megt\u00f6rt\u00e9njen veled. M\u00e9g ha az els\u0151 h\u00f3napban el is k\u00f6lt\u00f6d az eg\u00e9szet, tudod, hogy a k\u00f6vetkez\u0151 h\u00f3napban jobban tudod majd haszn\u00e1lni.<\/p>\n<p>Gondolj bele, mit jelentene, ha 30 \u00e9ven kereszt\u00fcl minden egyes h\u00f3napban ilyen \u00f6sszeget kapn\u00e1l.<\/p>\n<h2>Regisztr\u00e1ljon n\u00e1lunk, hogy j\u00e1tszhasson a Set for Life j\u00e1t\u00e9kkal<\/h2>\n<p>Soha nem volt m\u00e9g ilyen egyszer\u0171 b\u00e1rhonnan jegyet szerezni a brit \u00e9letj\u00e1rad\u00e9ki lott\u00f3ra. Ha regisztr\u00e1l n\u00e1lunk, megk\u00f6nny\u00edtj\u00fck \u00d6nnek, hogy z\u00f6kken\u0151mentesen \u00e9s gondtalanul j\u00e1tszhasson a vil\u00e1g legjobb lott\u00f3j\u00e1t\u00e9kain. Mindannyiunk c\u00e9lja, hogy eml\u00e9kezetes \u00e9lm\u00e9nyeket teremts\u00fcnk \u00fcgyfeleink sz\u00e1m\u00e1ra. Regisztr\u00e1ljon teh\u00e1t n\u00e1lunk m\u00e9g ma, \u00e9s v\u00e1s\u00e1roljon Set for Life szelv\u00e9nyeket a vil\u00e1g b\u00e1rmely pontj\u00e1r\u00f3l.<\/p>\n","protected":false},"excerpt":{"rendered":"<p>K\u00e9szen \u00e1llsz egy es\u00e9lyre, hogy egy \u00e9letre be\u00e1ll\u00edtott legy\u00e9l? Nincs jobb alkalom, mint a jelen, hogy megragadjon egy es\u00e9lyt arra, hogy a k\u00f6vetkez\u0151 30 \u00e9vben minden h\u00f3napban 10 000 fontot nyerjen, \u00e9s mindez az Egyes\u00fclt Kir\u00e1lys\u00e1g lott\u00f3j\u00e1t\u00e9k\u00e1val kezd\u0151dik. Ezt a lott\u00f3t az Egyes\u00fclt Kir\u00e1lys\u00e1g Nemzeti Lott\u00f3t\u00e1rsas\u00e1ga m\u0171k\u00f6dteti, \u00e9s 1999-ben volt az els\u0151 sorsol\u00e1sa. Az\u00f3ta a [&hellip;]<\/p>\n","protected":false},"author":1,"featured_media":0,"parent":35758,"menu_order":11,"comment_status":"closed","ping_status":"closed","template":"set-for-life-info.php","meta":{"_et_pb_use_builder":"","_et_pb_old_content":"","_et_gb_content_width":"","exclude_from_search":false,"footnotes":""},"class_list":["post-36942","page","type-page","status-publish","hentry"],"yoast_head":"<!-- This site is optimized with the Yoast SEO plugin v23.3 - https:\/\/yoast.com\/wordpress\/plugins\/seo\/ -->\n<title>V\u00e1s\u00e1roljon Set for life jegyeket az Egyes\u00fclt Kir\u00e1lys\u00e1gon k\u00edv\u00fclr\u0151l | Set for life jegyek online beszerz\u00e9se<\/title>\n<meta name=\"description\" content=\"A Set for Life egy nagyon k\u00fcl\u00f6nleges lott\u00f3j\u00e1t\u00e9k, de ha az Egyes\u00fclt Kir\u00e1lys\u00e1gon k\u00edv\u00fclr\u0151l szeretne r\u00e9szt venni rajta, akkor itt kell online jegyet v\u00e1s\u00e1rolnia.\" \/>\n<meta name=\"robots\" content=\"index, follow, max-snippet:-1, max-image-preview:large, max-video-preview:-1\" \/>\n<link rel=\"canonical\" href=\"https:\/\/jackpotlotteryonline.com\/hu\/jegyet-vasarolni\/set-for-life\/\" \/>\n<meta property=\"og:locale\" content=\"hu_HU\" \/>\n<meta property=\"og:type\" content=\"article\" \/>\n<meta property=\"og:title\" content=\"V\u00e1s\u00e1roljon Set for life jegyeket az Egyes\u00fclt Kir\u00e1lys\u00e1gon k\u00edv\u00fclr\u0151l | Set for life jegyek online beszerz\u00e9se\" \/>\n<meta property=\"og:description\" content=\"A Set for Life egy nagyon k\u00fcl\u00f6nleges lott\u00f3j\u00e1t\u00e9k, de ha az Egyes\u00fclt Kir\u00e1lys\u00e1gon k\u00edv\u00fclr\u0151l szeretne r\u00e9szt venni rajta, akkor itt kell online jegyet v\u00e1s\u00e1rolnia.\" \/>\n<meta property=\"og:url\" content=\"https:\/\/jackpotlotteryonline.com\/hu\/jegyet-vasarolni\/set-for-life\/\" \/>\n<meta property=\"og:site_name\" content=\"Lotto Online - Crack The International Lottery Jackpots\" \/>\n<meta property=\"article:modified_time\" content=\"2023-01-04T08:14:03+00:00\" \/>\n<meta property=\"og:image\" content=\"https:\/\/jackpotlotteryonline.com\/wp-content\/uploads\/2022\/11\/2_ticket_uk_lottery-192x300.jpg\" \/>\n<meta name=\"twitter:card\" content=\"summary_large_image\" \/>\n<meta name=\"twitter:label1\" content=\"Becs\u00fclt olvas\u00e1si id\u0151\" \/>\n\t<meta name=\"twitter:data1\" content=\"4 perc\" \/>\n<!-- \/ Yoast SEO plugin. -->","yoast_head_json":{"title":"V\u00e1s\u00e1roljon Set for life jegyeket az Egyes\u00fclt Kir\u00e1lys\u00e1gon k\u00edv\u00fclr\u0151l | Set for life jegyek online beszerz\u00e9se","description":"A Set for Life egy nagyon k\u00fcl\u00f6nleges lott\u00f3j\u00e1t\u00e9k, de ha az Egyes\u00fclt Kir\u00e1lys\u00e1gon k\u00edv\u00fclr\u0151l szeretne r\u00e9szt venni rajta, akkor itt kell online jegyet v\u00e1s\u00e1rolnia.","robots":{"index":"index","follow":"follow","max-snippet":"max-snippet:-1","max-image-preview":"max-image-preview:large","max-video-preview":"max-video-preview:-1"},"canonical":"https:\/\/jackpotlotteryonline.com\/hu\/jegyet-vasarolni\/set-for-life\/","og_locale":"hu_HU","og_type":"article","og_title":"V\u00e1s\u00e1roljon Set for life jegyeket az Egyes\u00fclt Kir\u00e1lys\u00e1gon k\u00edv\u00fclr\u0151l | Set for life jegyek online beszerz\u00e9se","og_description":"A Set for Life egy nagyon k\u00fcl\u00f6nleges lott\u00f3j\u00e1t\u00e9k, de ha az Egyes\u00fclt Kir\u00e1lys\u00e1gon k\u00edv\u00fclr\u0151l szeretne r\u00e9szt venni rajta, akkor itt kell online jegyet v\u00e1s\u00e1rolnia.","og_url":"https:\/\/jackpotlotteryonline.com\/hu\/jegyet-vasarolni\/set-for-life\/","og_site_name":"Lotto Online - Crack The International Lottery Jackpots","article_modified_time":"2023-01-04T08:14:03+00:00","og_image":[{"url":"https:\/\/jackpotlotteryonline.com\/wp-content\/uploads\/2022\/11\/2_ticket_uk_lottery-192x300.jpg"}],"twitter_card":"summary_large_image","twitter_misc":{"Becs\u00fclt olvas\u00e1si id\u0151":"4 perc"},"schema":{"@context":"https:\/\/schema.org","@graph":[{"@type":"WebPage","@id":"https:\/\/jackpotlotteryonline.com\/hu\/jegyet-vasarolni\/set-for-life\/","url":"https:\/\/jackpotlotteryonline.com\/hu\/jegyet-vasarolni\/set-for-life\/","name":"V\u00e1s\u00e1roljon Set for life jegyeket az Egyes\u00fclt Kir\u00e1lys\u00e1gon k\u00edv\u00fclr\u0151l | Set for life jegyek online beszerz\u00e9se","isPartOf":{"@id":"https:\/\/jackpotlotteryonline.com\/#website"},"primaryImageOfPage":{"@id":"https:\/\/jackpotlotteryonline.com\/hu\/jegyet-vasarolni\/set-for-life\/#primaryimage"},"image":{"@id":"https:\/\/jackpotlotteryonline.com\/hu\/jegyet-vasarolni\/set-for-life\/#primaryimage"},"thumbnailUrl":"https:\/\/jackpotlotteryonline.com\/wp-content\/uploads\/2022\/11\/2_ticket_uk_lottery-192x300.jpg","datePublished":"2022-11-09T11:08:28+00:00","dateModified":"2023-01-04T08:14:03+00:00","description":"A Set for Life egy nagyon k\u00fcl\u00f6nleges lott\u00f3j\u00e1t\u00e9k, de ha az Egyes\u00fclt Kir\u00e1lys\u00e1gon k\u00edv\u00fclr\u0151l szeretne r\u00e9szt venni rajta, akkor itt kell online jegyet v\u00e1s\u00e1rolnia.","breadcrumb":{"@id":"https:\/\/jackpotlotteryonline.com\/hu\/jegyet-vasarolni\/set-for-life\/#breadcrumb"},"inLanguage":"hu","potentialAction":[{"@type":"ReadAction","target":["https:\/\/jackpotlotteryonline.com\/hu\/jegyet-vasarolni\/set-for-life\/"]}]},{"@type":"ImageObject","inLanguage":"hu","@id":"https:\/\/jackpotlotteryonline.com\/hu\/jegyet-vasarolni\/set-for-life\/#primaryimage","url":"https:\/\/jackpotlotteryonline.com\/wp-content\/uploads\/2022\/11\/2_ticket_uk_lottery-192x300.jpg","contentUrl":"https:\/\/jackpotlotteryonline.com\/wp-content\/uploads\/2022\/11\/2_ticket_uk_lottery-192x300.jpg"},{"@type":"BreadcrumbList","@id":"https:\/\/jackpotlotteryonline.com\/hu\/jegyet-vasarolni\/set-for-life\/#breadcrumb","itemListElement":[{"@type":"ListItem","position":1,"name":"Home","item":"https:\/\/jackpotlotteryonline.com\/hu\/"},{"@type":"ListItem","position":2,"name":"Hogyan v\u00e1s\u00e1rolhat lott\u00f3szelv\u00e9nyeket online","item":"https:\/\/jackpotlotteryonline.com\/buy-tickets\/"},{"@type":"ListItem","position":3,"name":"Set for Life jegyek v\u00e1s\u00e1rl\u00e1sa"}]},{"@type":"WebSite","@id":"https:\/\/jackpotlotteryonline.com\/#website","url":"https:\/\/jackpotlotteryonline.com\/","name":"Lotto Online - Crack The International Lottery Jackpots","description":"","potentialAction":[{"@type":"SearchAction","target":{"@type":"EntryPoint","urlTemplate":"https:\/\/jackpotlotteryonline.com\/?s={search_term_string}"},"query-input":"required name=search_term_string"}],"inLanguage":"hu"}]}},"_links":{"self":[{"href":"https:\/\/jackpotlotteryonline.com\/hu\/wp-json\/wp\/v2\/pages\/36942","targetHints":{"allow":["GET"]}}],"collection":[{"href":"https:\/\/jackpotlotteryonline.com\/hu\/wp-json\/wp\/v2\/pages"}],"about":[{"href":"https:\/\/jackpotlotteryonline.com\/hu\/wp-json\/wp\/v2\/types\/page"}],"author":[{"embeddable":true,"href":"https:\/\/jackpotlotteryonline.com\/hu\/wp-json\/wp\/v2\/users\/1"}],"replies":[{"embeddable":true,"href":"https:\/\/jackpotlotteryonline.com\/hu\/wp-json\/wp\/v2\/comments?post=36942"}],"version-history":[{"count":0,"href":"https:\/\/jackpotlotteryonline.com\/hu\/wp-json\/wp\/v2\/pages\/36942\/revisions"}],"up":[{"embeddable":true,"href":"https:\/\/jackpotlotteryonline.com\/hu\/wp-json\/wp\/v2\/pages\/35758"}],"wp:attachment":[{"href":"https:\/\/jackpotlotteryonline.com\/hu\/wp-json\/wp\/v2\/media?parent=36942"}],"curies":[{"name":"wp","href":"https:\/\/api.w.org\/{rel}","templated":true}]}}