{"id":36995,"date":"2022-11-09T12:54:55","date_gmt":"2022-11-09T12:54:55","guid":{"rendered":"https:\/\/jackpotlotteryonline.com\/?page_id=36995"},"modified":"2022-12-24T08:32:38","modified_gmt":"2022-12-24T08:32:38","slug":"mega-sena","status":"publish","type":"page","link":"https:\/\/jackpotlotteryonline.com\/hu\/jegyet-vasarolni\/mega-sena\/","title":{"rendered":"Mega Sena jegyek v\u00e1s\u00e1rl\u00e1sa"},"content":{"rendered":"<p>A Mega Sena a legnagyobb brazil lott\u00f3, a vil\u00e1g egyik legnagyobb jackpotj\u00e1val. Nem csoda, hogy a szerencsej\u00e1t\u00e9kosok mindenhol alig v\u00e1rj\u00e1k, hogy es\u00e9lyt kapjanak a jackpot megnyer\u00e9s\u00e9re. \u00c9rdekes m\u00f3don a Mega Sena egy k\u00f6nnyen j\u00e1tszhat\u00f3 lott\u00f3 is, k\u00f6nnyebb, mint sok m\u00e1s nemzetk\u00f6zi lott\u00f3. A lott\u00f3j\u00e1t\u00e9k egyszer\u0171s\u00e9ge, a nagy jackpot \u00e9s a kedvez\u0151 nyerem\u00e9nyszorz\u00f3k mind egy\u00fcttesen teszik ezt a lott\u00f3t rendk\u00edv\u00fcl vonz\u00f3v\u00e1 a j\u00e1t\u00e9kosok sz\u00e1m\u00e1ra mindenhol.<\/p>\n<p><a href=\"https:\/\/jackpotlotteryonline.com\/hu\/hogyan-kell-jatszani\/mega-sena-2\">A Mega Sena lott\u00f3n j\u00e1tszani<\/a> olyan egyszer\u0171, mint a hat kih\u00fazott sz\u00e1mot eltal\u00e1lni. Nincsenek k\u00fcl\u00f6nleges vagy b\u00f3nusz sz\u00e1mok, amikor ezt a lott\u00f3t j\u00e1tssza. Egyszer\u0171en csak v\u00e1lasszon ki 6 sz\u00e1mot 1 \u00e9s 60 k\u00f6z\u00f6tt, \u00e9s <a href=\"https:\/\/jackpotlotteryonline.com\/hu\/nyeroszamok\/mega-sena\">vegyen r\u00e9szt a sorsol\u00e1son<\/a>.<\/p>\n<p>B\u00e1r a sorsol\u00e1son val\u00f3 r\u00e9szv\u00e9telhez hat sz\u00e1mot kell kiv\u00e1lasztania, a v\u00e1laszthat\u00f3 sorok sz\u00e1ma nincs korl\u00e1tozva. \u00cdgy ak\u00e1r t\u00edz hat sz\u00e1mb\u00f3l \u00e1ll\u00f3 sort is v\u00e1laszthat, hogy n\u00f6velje a lott\u00f3nyerem\u00e9ny es\u00e9lyeit.<\/p>\n<h2>Hol v\u00e1s\u00e1rolhat Mega Sena szelv\u00e9nyeket<\/h2>\n<p><img loading=\"lazy\" decoding=\"async\" class=\"alignright size-full wp-image-28778\" src=\"https:\/\/jackpotlotteryonline.com\/wp-content\/uploads\/2022\/11\/1_online_ticket_eurojackpot2.jpg\" alt=\"Mega Sena jegyek v\u00e1s\u00e1rl\u00e1sa\" width=\"300\" height=\"200\" \/><\/p>\n<p>Ha Braz\u00edli\u00e1ban \u00e9l, akkor a lott\u00f3n val\u00f3 r\u00e9szv\u00e9tel olyan egyszer\u0171, mint els\u00e9t\u00e1lni egy lott\u00f3\u00e1rushoz, hogy megv\u00e1s\u00e1rolja a szelv\u00e9nyeket. Ez azonban n\u00e9mi kih\u00edv\u00e1st jelenthet az orsz\u00e1gon k\u00edv\u00fcl \u00e9l\u0151 j\u00e1t\u00e9kosok sz\u00e1m\u00e1ra. Ha az eml\u00edtett joghat\u00f3s\u00e1gon k\u00edv\u00fcl \u00e9lsz, akkor egy lehet\u0151s\u00e9g \u00e1ll rendelkez\u00e9sedre. A szelv\u00e9nyeket online kell megv\u00e1s\u00e1rolnia.<\/p>\n<h2>Mega Sena szelv\u00e9nyek online v\u00e1s\u00e1rl\u00e1sa<\/h2>\n<p>Az online lott\u00f3j\u00e1t\u00e9k meglehet\u0151sen egyszer\u0171, \u00e9s lehet\u0151s\u00e9get ad a j\u00e1t\u00e9kosoknak arra, hogy a vil\u00e1g minden t\u00e1j\u00e1r\u00f3l r\u00e9szt vegyenek a lott\u00f3j\u00e1t\u00e9kokban. \u00c1ltal\u00e1ban azok a j\u00e1t\u00e9kosok, akik nem egy adott orsz\u00e1gban \u00e9lnek, nem tudn\u00e1nak r\u00e9szt venni az adott orsz\u00e1g lott\u00f3j\u00e1n. Az internet demokratiz\u00e1lta a lott\u00f3j\u00e1t\u00e9kokban val\u00f3 r\u00e9szv\u00e9telt, mivel olyan j\u00e1t\u00e9kosok sz\u00e1m\u00e1ra is lehet\u0151s\u00e9get biztos\u00edt, akiket kor\u00e1bban a f\u00f6ldrajzi hat\u00e1rok kiz\u00e1rtak a jogaikb\u00f3l.<\/p>\n<p>Most m\u00e1r a Mega Sena lott\u00f3n val\u00f3 j\u00e1t\u00e9k olyan egyszer\u0171, mint egy online lott\u00f3oldal, mint a jackpotlotteryonline.com megl\u00e1togat\u00e1sa. Ott megv\u00e1s\u00e1rolhatja a szelv\u00e9ny\u00e9t, kiv\u00e1lasztva a sz\u00e1mokat, majd eld\u00f6ntheti, h\u00e1ny sorsol\u00e1son szeretne r\u00e9szt venni. Ha ez megt\u00f6rt\u00e9nt, m\u00e1r csak a sorsol\u00e1s eredm\u00e9ny\u00e9re kell v\u00e1rnia.<\/p>\n<h2>Mekkora a jackpot ebben a lott\u00f3j\u00e1t\u00e9kban?<\/h2>\n<p>Eml\u00edtett\u00fck m\u00e1r, hogy a Mega Sena az egyik legnagyobb lott\u00f3 a vil\u00e1gon? Ezt tal\u00e1n neh\u00e9z elhinni, ha figyelembe vessz\u00fck a $450,00-os kezd\u0151 jackpot nyerem\u00e9nyt, k\u00fcl\u00f6n\u00f6sen, ha n\u00e9h\u00e1ny m\u00e1s, nagyobb kezd\u0151 jackpotokkal rendelkez\u0151 lott\u00f3 mell\u00e9 helyezz\u00fck.<\/p>\n<p>A Mega Sena sz\u00e9ps\u00e9ge azonban abban rejlik, hogy a jackpotok hihetetlen\u00fcl nagy \u00f6sszegekre is felduzzadhatnak. A Mega Sena j\u00e1t\u00e9kosok \u00e1ltal megnyert legnagyobb jackpotok n\u00e9melyike t\u00f6bb milli\u00f3 amerikai doll\u00e1rra r\u00fagott. A legnagyobb jackpot valamivel t\u00f6bb mint 73 milli\u00f3 doll\u00e1r volt.<\/p>\n<p>Ha ezt figyelembe vessz\u00fck, akkor egy\u00e9rtelm\u0171, hogy a Mega Sena lott\u00f3j\u00e1t\u00e9k nagyon j\u00f3 v\u00e1laszt\u00e1s lehet, amikor olyan lott\u00f3j\u00e1t\u00e9kokat keres, amelyeken r\u00e9szt vehet.<\/p>\n<section class=\"layout\" style=\"border: solid 1px; width: 100%;\">\n<div class=\"img-div\" style=\"margin-top: 5px;\"><img decoding=\"async\" class=\"wp-image-17212 alignleft\" style=\"height: 45px; margin: 8px 8px 0px;\" src=\"https:\/\/jackpotlotteryonline.com\/wp-content\/uploads\/2022\/11\/read1.jpg\" alt=\"olvasd el\" width=\"\" height=\"\" \/><\/div>\n<div style=\"padding-left: 5px;\">\n<div style=\"font-size: 1.1em;\">\n<p><strong>N\u00e9h\u00e1ny tr\u00fckk \u00e9s tipp a sz\u00e1mok kiv\u00e1laszt\u00e1s\u00e1hoz<\/strong><\/p>\n<p style=\"font-size: 0.85em; margin-top: -1.5em;\">N\u00f6velje nyer\u00e9si es\u00e9lyeit &#8211; haszn\u00e1ljon n\u00e9mi strat\u00e9gi\u00e1t a sz\u00e1mok kiv\u00e1laszt\u00e1s\u00e1hoz\u00a0 <a href=\"https:\/\/jackpotlotteryonline.com\/hu\/nehany-trukk-es-tipp-az-szamok-valasztasahoz\"> tov\u00e1bb<\/a><\/p>\n<\/div>\n<\/div>\n<\/section>\n<h2>Mi t\u00f6rt\u00e9nik, ha megnyeri a lott\u00f3t?<\/h2>\n<p>Ezzel a k\u00e9rd\u00e9ssel gyakran tal\u00e1lkozunk, k\u00fcl\u00f6n\u00f6sen azokt\u00f3l, akik a d\u00e9l-amerikai orsz\u00e1gon k\u00edv\u00fclr\u0151l v\u00e1s\u00e1rolnak Mega Sena lott\u00f3szelv\u00e9nyt. Tal\u00e1n azon gondolkodik, hogy el kell-e rep\u00fclnie eg\u00e9szen az adott d\u00e9l-amerikai orsz\u00e1gba, hogy \u00e1tvegye a nyerem\u00e9ny\u00e9t. De ez egy\u00e1ltal\u00e1n nem sz\u00fcks\u00e9ges, b\u00e1r ha szeretne ell\u00e1togatni, hogy \u00e9lvezze a helysz\u00edneket, akkor mindenk\u00e9ppen foglaljon rep\u00fcl\u0151jegyet.<\/p>\n<p>Ha azonban egy probl\u00e9mamentes m\u00f3dot keres arra, hogy mindenf\u00e9le stressz n\u00e9lk\u00fcl lott\u00f3zzon, \u00e9s \u00e1tvegye a nyerem\u00e9ny\u00e9t, akkor az online j\u00e1t\u00e9k remek lehet\u0151s\u00e9g erre.<\/p>\n<p>Ha n\u00e1lunk regisztr\u00e1l, akkor egy l\u00e9p\u00e9ssel tov\u00e1bb megy\u00fcnk, \u00e9s biztos\u00edtjuk, hogy az \u00d6n \u00e1ltal v\u00e1lasztott nemzetk\u00f6zi lott\u00f3j\u00e1t\u00e9kokon, k\u00f6zt\u00fck a Mega Sena lott\u00f3n is r\u00e9szt vehessen. Nem csak ez, hanem az is, hogy a nyerem\u00e9ny\u00e9t k\u00f6nnyen kiveheti oldalunkr\u00f3l a sz\u00e1ml\u00e1j\u00e1ra. A lott\u00f3j\u00e1t\u00e9k soha nem volt m\u00e9g ilyen egyszer\u0171.<\/p>\n<h2>Mi a helyzet a Mega da Virada j\u00e1t\u00e9kkal?<\/h2>\n<p><img loading=\"lazy\" decoding=\"async\" class=\"alignright size-full wp-image-35593\" src=\"https:\/\/jackpotlotteryonline.com\/wp-content\/uploads\/2022\/11\/2_ticket_uk_lottery2-1-190x300-1.jpg\" alt=\"Mega Sena lott\u00f3szelv\u00e9ny\" width=\"190\" height=\"300\" \/><\/p>\n<p>K\u00fcl\u00f6n\u00f6sen \u00f6r\u00fcl\u00fcnk, hogy err\u0151l k\u00e9rdezett, mert ez az egyik legnagyobb jackpot. Val\u00f3j\u00e1ban ez az \u00e9v legnagyobb jackpotja Braz\u00edli\u00e1ban, \u00e9s az \u00f6sszeg el\u00e9rheti a 60 milli\u00f3 doll\u00e1rt.<\/p>\n<p>A Mega da Virada a Mega Sena lott\u00f3 k\u00fcl\u00f6nleges jackpotja, amelyet \u00e9vente egyszer rendeznek meg. A Mega Virada sorsol\u00e1s minden \u00e9v okt\u00f3ber 31-\u00e9n van, \u00e9s lehet\u0151s\u00e9get ad a j\u00e1t\u00e9kosoknak arra, hogy nagyot nyerjenek.<\/p>\n<p>Emellett a Mega da Virada nem \u00fajrat\u00f6lt\u0151dik, \u00edgy a nyerem\u00e9nyt meg kell nyerni, k\u00fcl\u00f6nben az eg\u00e9sz \u00e9vre el\u00faszik.<\/p>\n<h2>Rendszeres Mega Sena sorsol\u00e1si napok<\/h2>\n<p>Amikor Mega Sena szelv\u00e9nyt v\u00e1s\u00e1rol, lehet\u0151s\u00e9ge van arra, hogy szerd\u00e1n vagy szombaton vegyen r\u00e9szt a sorsol\u00e1son. Term\u00e9szetesen mindkett\u0151re benevezhet, amit az\u00e9rt aj\u00e1nlunk, mert \u00edgy megn\u0151 az es\u00e9lye a nyerem\u00e9nyre.<\/p>\n<p>Ha igaz\u00e1n szeretn\u00e9 n\u00f6velni az es\u00e9lyeit a jackpot megnyer\u00e9s\u00e9re, \u00e9rdemes megfontolnia, hogy csatlakozzon egy lott\u00f3szindik\u00e1tushoz. Ennek az az el\u0151nye, hogy hozz\u00e1f\u00e9rhet egy poolhoz, \u00edgy t\u00f6bb sorsol\u00e1son is r\u00e9szt vehet an\u00e9lk\u00fcl, hogy az \u00f6sszes p\u00e9nz\u00e9t elk\u00f6lten\u00e9.<\/p>\n<h2>D\u00edjszintek<\/h2>\n<p>A Mega Sena lott\u00f3n h\u00e1rom nyerem\u00e9nyszint van, amelyek magukban foglalj\u00e1k a jackpotot is. Ez azt jelenti, hogy a jackpot nyerem\u00e9nyen k\u00edv\u00fcl a j\u00e1t\u00e9kosok k\u00e9t m\u00e1sik kateg\u00f3ri\u00e1ban is nyerhetnek d\u00edjakat. Az al\u00e1bbiakban felsoroljuk \u0151ket, \u00e9s megmutatjuk, hogyan nyerhet ezekben a szintekben.<\/p>\n<p>6 sz\u00e1m tal\u00e1lata &#8211; Jackpot &#8211; a nyerem\u00e9nyalap 35%-a<br \/>\n5 sz\u00e1m tal\u00e1lata &#8211; 2. szint &#8211; a nyerem\u00e9nyalap 19%-a<br \/>\n4 sz\u00e1mok tal\u00e1lata &#8211; 3. szint &#8211; a nyerem\u00e9nyalap 19%-a<\/p>\n<p><strong>\u00c9rdekes t\u00e9ny: a nyerem\u00e9ny es\u00e9lye egy 6 sz\u00e1mot tartalmaz\u00f3 szelv\u00e9nyen t\u00f6rt\u00e9n\u0151 j\u00e1t\u00e9k eset\u00e9n 1:2298-hoz.<\/strong><\/p>\n<h2>Regisztr\u00e1ljon n\u00e1lunk a Mega Sena lott\u00f3n val\u00f3 r\u00e9szv\u00e9telhez<\/h2>\n<p>Ne hagyja, hogy az a t\u00e9ny, hogy nem D\u00e9l-Amerik\u00e1ban \u00e9l, megakad\u00e1lyozza abban, hogy \u00e9lvezze a Mega Sena lott\u00f3t. A nyer\u00e9si es\u00e9lyek nagyok, a nyerem\u00e9nyek pedig cs\u00e1b\u00edt\u00f3ak. Teh\u00e1t, ha Braz\u00edli\u00e1n k\u00edv\u00fcl \u00e9l, akkor is v\u00e1s\u00e1rolhat Mega Sena szelv\u00e9nyeket az oldalunkon, ha regisztr\u00e1l n\u00e1lunk.<\/p>\n<p>Egyablakos megold\u00e1st k\u00edn\u00e1lunk, amely leegyszer\u0171s\u00edti a lott\u00f3j\u00e1t\u00e9k teljes folyamat\u00e1t. Most m\u00e1r nyugodtan pihenhet, \u00e9s k\u00f6nnyed\u00e9n megteheti a t\u00e9tet, mert mi kezelj\u00fck a stresszes r\u00e9szt az \u00d6n sz\u00e1m\u00e1ra. Mi\u00e9rt ne v\u00e1s\u00e1roln\u00e1 meg Mega Sena szelv\u00e9nyeit most, hogy es\u00e9lyt kapjon a nagy nyerem\u00e9nyre?<\/p>\n","protected":false},"excerpt":{"rendered":"<p>A Mega Sena a legnagyobb brazil lott\u00f3, a vil\u00e1g egyik legnagyobb jackpotj\u00e1val. Nem csoda, hogy a szerencsej\u00e1t\u00e9kosok mindenhol alig v\u00e1rj\u00e1k, hogy es\u00e9lyt kapjanak a jackpot megnyer\u00e9s\u00e9re. \u00c9rdekes m\u00f3don a Mega Sena egy k\u00f6nnyen j\u00e1tszhat\u00f3 lott\u00f3 is, k\u00f6nnyebb, mint sok m\u00e1s nemzetk\u00f6zi lott\u00f3. A lott\u00f3j\u00e1t\u00e9k egyszer\u0171s\u00e9ge, a nagy jackpot \u00e9s a kedvez\u0151 nyerem\u00e9nyszorz\u00f3k mind egy\u00fcttesen teszik [&hellip;]<\/p>\n","protected":false},"author":1,"featured_media":0,"parent":35758,"menu_order":15,"comment_status":"closed","ping_status":"closed","template":"megasena-info.php","meta":{"_et_pb_use_builder":"","_et_pb_old_content":"","_et_gb_content_width":"","exclude_from_search":false,"footnotes":""},"class_list":["post-36995","page","type-page","status-publish","hentry"],"yoast_head":"<!-- This site is optimized with the Yoast SEO plugin v23.3 - https:\/\/yoast.com\/wordpress\/plugins\/seo\/ -->\n<title>Mega Sena jegyek v\u00e1s\u00e1rl\u00e1sa Braz\u00edli\u00e1n k\u00edv\u00fclr\u0151l | Mega Sena jegyek online v\u00e1s\u00e1rl\u00e1sa<\/title>\n<meta name=\"description\" content=\"Nem kell Braz\u00edli\u00e1ban tart\u00f3zkodnia ahhoz, hogy r\u00e9szt vehessen a Mega Sena rendezv\u00e9nyen, v\u00e1s\u00e1roljon Mega Sena jegyet online a weboldalunkon.\" \/>\n<meta name=\"robots\" content=\"index, follow, max-snippet:-1, max-image-preview:large, max-video-preview:-1\" \/>\n<link rel=\"canonical\" href=\"https:\/\/jackpotlotteryonline.com\/hu\/jegyet-vasarolni\/mega-sena\/\" \/>\n<meta property=\"og:locale\" content=\"hu_HU\" \/>\n<meta property=\"og:type\" content=\"article\" \/>\n<meta property=\"og:title\" content=\"Mega Sena jegyek v\u00e1s\u00e1rl\u00e1sa Braz\u00edli\u00e1n k\u00edv\u00fclr\u0151l | Mega Sena jegyek online v\u00e1s\u00e1rl\u00e1sa\" \/>\n<meta property=\"og:description\" content=\"Nem kell Braz\u00edli\u00e1ban tart\u00f3zkodnia ahhoz, hogy r\u00e9szt vehessen a Mega Sena rendezv\u00e9nyen, v\u00e1s\u00e1roljon Mega Sena jegyet online a weboldalunkon.\" \/>\n<meta property=\"og:url\" content=\"https:\/\/jackpotlotteryonline.com\/hu\/jegyet-vasarolni\/mega-sena\/\" \/>\n<meta property=\"og:site_name\" content=\"Lotto Online - Crack The International Lottery Jackpots\" \/>\n<meta property=\"article:modified_time\" content=\"2022-12-24T08:32:38+00:00\" \/>\n<meta property=\"og:image\" content=\"https:\/\/jackpotlotteryonline.com\/wp-content\/uploads\/2022\/11\/1_online_ticket_eurojackpot2.jpg\" \/>\n<meta name=\"twitter:card\" content=\"summary_large_image\" \/>\n<meta name=\"twitter:label1\" content=\"Becs\u00fclt olvas\u00e1si id\u0151\" \/>\n\t<meta name=\"twitter:data1\" content=\"5 perc\" \/>\n<!-- \/ Yoast SEO plugin. -->","yoast_head_json":{"title":"Mega Sena jegyek v\u00e1s\u00e1rl\u00e1sa Braz\u00edli\u00e1n k\u00edv\u00fclr\u0151l | Mega Sena jegyek online v\u00e1s\u00e1rl\u00e1sa","description":"Nem kell Braz\u00edli\u00e1ban tart\u00f3zkodnia ahhoz, hogy r\u00e9szt vehessen a Mega Sena rendezv\u00e9nyen, v\u00e1s\u00e1roljon Mega Sena jegyet online a weboldalunkon.","robots":{"index":"index","follow":"follow","max-snippet":"max-snippet:-1","max-image-preview":"max-image-preview:large","max-video-preview":"max-video-preview:-1"},"canonical":"https:\/\/jackpotlotteryonline.com\/hu\/jegyet-vasarolni\/mega-sena\/","og_locale":"hu_HU","og_type":"article","og_title":"Mega Sena jegyek v\u00e1s\u00e1rl\u00e1sa Braz\u00edli\u00e1n k\u00edv\u00fclr\u0151l | Mega Sena jegyek online v\u00e1s\u00e1rl\u00e1sa","og_description":"Nem kell Braz\u00edli\u00e1ban tart\u00f3zkodnia ahhoz, hogy r\u00e9szt vehessen a Mega Sena rendezv\u00e9nyen, v\u00e1s\u00e1roljon Mega Sena jegyet online a weboldalunkon.","og_url":"https:\/\/jackpotlotteryonline.com\/hu\/jegyet-vasarolni\/mega-sena\/","og_site_name":"Lotto Online - Crack The International Lottery Jackpots","article_modified_time":"2022-12-24T08:32:38+00:00","og_image":[{"url":"https:\/\/jackpotlotteryonline.com\/wp-content\/uploads\/2022\/11\/1_online_ticket_eurojackpot2.jpg"}],"twitter_card":"summary_large_image","twitter_misc":{"Becs\u00fclt olvas\u00e1si id\u0151":"5 perc"},"schema":{"@context":"https:\/\/schema.org","@graph":[{"@type":"WebPage","@id":"https:\/\/jackpotlotteryonline.com\/hu\/jegyet-vasarolni\/mega-sena\/","url":"https:\/\/jackpotlotteryonline.com\/hu\/jegyet-vasarolni\/mega-sena\/","name":"Mega Sena jegyek v\u00e1s\u00e1rl\u00e1sa Braz\u00edli\u00e1n k\u00edv\u00fclr\u0151l | Mega Sena jegyek online v\u00e1s\u00e1rl\u00e1sa","isPartOf":{"@id":"https:\/\/jackpotlotteryonline.com\/#website"},"primaryImageOfPage":{"@id":"https:\/\/jackpotlotteryonline.com\/hu\/jegyet-vasarolni\/mega-sena\/#primaryimage"},"image":{"@id":"https:\/\/jackpotlotteryonline.com\/hu\/jegyet-vasarolni\/mega-sena\/#primaryimage"},"thumbnailUrl":"https:\/\/jackpotlotteryonline.com\/wp-content\/uploads\/2022\/11\/1_online_ticket_eurojackpot2.jpg","datePublished":"2022-11-09T12:54:55+00:00","dateModified":"2022-12-24T08:32:38+00:00","description":"Nem kell Braz\u00edli\u00e1ban tart\u00f3zkodnia ahhoz, hogy r\u00e9szt vehessen a Mega Sena rendezv\u00e9nyen, v\u00e1s\u00e1roljon Mega Sena jegyet online a weboldalunkon.","breadcrumb":{"@id":"https:\/\/jackpotlotteryonline.com\/hu\/jegyet-vasarolni\/mega-sena\/#breadcrumb"},"inLanguage":"hu","potentialAction":[{"@type":"ReadAction","target":["https:\/\/jackpotlotteryonline.com\/hu\/jegyet-vasarolni\/mega-sena\/"]}]},{"@type":"ImageObject","inLanguage":"hu","@id":"https:\/\/jackpotlotteryonline.com\/hu\/jegyet-vasarolni\/mega-sena\/#primaryimage","url":"https:\/\/jackpotlotteryonline.com\/wp-content\/uploads\/2022\/11\/1_online_ticket_eurojackpot2.jpg","contentUrl":"https:\/\/jackpotlotteryonline.com\/wp-content\/uploads\/2022\/11\/1_online_ticket_eurojackpot2.jpg"},{"@type":"BreadcrumbList","@id":"https:\/\/jackpotlotteryonline.com\/hu\/jegyet-vasarolni\/mega-sena\/#breadcrumb","itemListElement":[{"@type":"ListItem","position":1,"name":"Home","item":"https:\/\/jackpotlotteryonline.com\/hu\/"},{"@type":"ListItem","position":2,"name":"Hogyan v\u00e1s\u00e1rolhat lott\u00f3szelv\u00e9nyeket online","item":"https:\/\/jackpotlotteryonline.com\/buy-tickets\/"},{"@type":"ListItem","position":3,"name":"Mega Sena jegyek v\u00e1s\u00e1rl\u00e1sa"}]},{"@type":"WebSite","@id":"https:\/\/jackpotlotteryonline.com\/#website","url":"https:\/\/jackpotlotteryonline.com\/","name":"Lotto Online - Crack The International Lottery Jackpots","description":"","potentialAction":[{"@type":"SearchAction","target":{"@type":"EntryPoint","urlTemplate":"https:\/\/jackpotlotteryonline.com\/?s={search_term_string}"},"query-input":"required name=search_term_string"}],"inLanguage":"hu"}]}},"_links":{"self":[{"href":"https:\/\/jackpotlotteryonline.com\/hu\/wp-json\/wp\/v2\/pages\/36995","targetHints":{"allow":["GET"]}}],"collection":[{"href":"https:\/\/jackpotlotteryonline.com\/hu\/wp-json\/wp\/v2\/pages"}],"about":[{"href":"https:\/\/jackpotlotteryonline.com\/hu\/wp-json\/wp\/v2\/types\/page"}],"author":[{"embeddable":true,"href":"https:\/\/jackpotlotteryonline.com\/hu\/wp-json\/wp\/v2\/users\/1"}],"replies":[{"embeddable":true,"href":"https:\/\/jackpotlotteryonline.com\/hu\/wp-json\/wp\/v2\/comments?post=36995"}],"version-history":[{"count":0,"href":"https:\/\/jackpotlotteryonline.com\/hu\/wp-json\/wp\/v2\/pages\/36995\/revisions"}],"up":[{"embeddable":true,"href":"https:\/\/jackpotlotteryonline.com\/hu\/wp-json\/wp\/v2\/pages\/35758"}],"wp:attachment":[{"href":"https:\/\/jackpotlotteryonline.com\/hu\/wp-json\/wp\/v2\/media?parent=36995"}],"curies":[{"name":"wp","href":"https:\/\/api.w.org\/{rel}","templated":true}]}}