{"id":37049,"date":"2022-11-10T06:54:06","date_gmt":"2022-11-10T06:54:06","guid":{"rendered":"https:\/\/jackpotlotteryonline.com\/?page_id=37049"},"modified":"2023-01-06T09:43:51","modified_gmt":"2023-01-06T09:43:51","slug":"new-york-lottery","status":"publish","type":"page","link":"https:\/\/jackpotlotteryonline.com\/hu\/jegyet-vasarolni\/new-york-lottery\/","title":{"rendered":"Jegyek a New York-i lott\u00f3hoz"},"content":{"rendered":"<p>Ha olyan lott\u00f3t keres, amelynek sz\u00ednes t\u00f6rt\u00e9nelme van, akkor a New York-i lott\u00f3 a legjobb v\u00e1laszt\u00e1s. Ez a t\u00f6rt\u00e9nelemmel \u00e9s botr\u00e1nyokkal \u00e1tsz\u0151tt lott\u00f3 egy\u00fattal egy olyan lott\u00f3, amelyet j\u00f3 c\u00e9l \u00e9rdek\u00e9ben alap\u00edtottak. A lott\u00f3z\u00e1ssal j\u00f3l sz\u00f3rakozhat, r\u00e1ad\u00e1sul van mire v\u00e1rnia.<\/p>\n<p>Az USA-n k\u00edv\u00fcli j\u00e1t\u00e9kosok, akik szeretn\u00e9nek szelv\u00e9nyt v\u00e1s\u00e1rolni erre <a href=\"https:\/\/jackpotlotteryonline.com\/hu\/hogyan-kell-jatszani\/new-york-lottery-2\">a lott\u00f3j\u00e1t\u00e9kra,<\/a> megtehetik ezt a jackpotlotteryonline.com oldalon. Mi hozz\u00e1f\u00e9r\u00e9st biztos\u00edtunk a j\u00e1t\u00e9kosoknak a legjobb nemzetk\u00f6zi lott\u00f3j\u00e1t\u00e9kokhoz, f\u00fcggetlen\u00fcl att\u00f3l, hogy hol vannak a vil\u00e1gon.<\/p>\n<h2>A New York-i lott\u00f3 r\u00f6vid t\u00f6rt\u00e9nete<\/h2>\n<p>Ez egy olyan lott\u00f3, amelyet New York \u00e1llam korm\u00e1nya m\u0171k\u00f6dtet az Egyes\u00fclt \u00c1llamokban. 1967-ben alap\u00edtott\u00e1k, hogy seg\u00edtse az \u00e1llam oktat\u00e1s\u00e1nak finansz\u00edroz\u00e1s\u00e1t. Az \u00e1llam polg\u00e1rai n\u00e9pszavaz\u00e1son szavazt\u00e1k meg az alkotm\u00e1ny m\u00f3dos\u00edt\u00e1s\u00e1t, hogy lehet\u0151v\u00e9 tegy\u00e9k az \u00e1llami lott\u00f3t. \u00c9rdekes m\u00f3don a lott\u00f3 els\u0151 szlogenje \u00edgy hangzott: &#8220;\u00c9leted es\u00e9lye az oktat\u00e1s t\u00e1mogat\u00e1s\u00e1ra&#8221;.<\/p>\n<p>Ha teh\u00e1t j\u00f3 \u00e9rz\u00e9ssel kell lott\u00f3zni, akkor ez a lott\u00f3 j\u00f3 lehet\u0151s\u00e9g az \u00d6n sz\u00e1m\u00e1ra. Nemcsak es\u00e9lyt kapna arra, hogy nagyot nyerjen, hanem tudhatja, hogy k\u00f6zben j\u00f3t tesz.<\/p>\n<p>Egy m\u00e1sik \u00e9rdekes t\u00e9ny, hogy a korai id\u0151kben ezt a lott\u00f3t nem egyszer, hanem k\u00e9tszer is botr\u00e1ny \u00e9rte. 1975-6-ban felf\u00fcggesztett\u00e9k az \u00e9rt\u00e9kes\u00edt\u00e9st, mert kider\u00fclt, hogy az eladatlan szelv\u00e9nyeket nyertesnek nyilv\u00e1n\u00edtott\u00e1k. Azt\u00e1n az 1980-as \u00e9vekben \u00e1llami alkalmazottak manipul\u00e1lt\u00e1k az eredm\u00e9nyeket a csal\u00e1dtagok \u00e9s bar\u00e1tok jav\u00e1ra. Ezek az id\u0151k m\u00e1r r\u00e9gen elm\u00faltak, \u00e9s m\u00e1ra az orsz\u00e1g egyik legmegb\u00edzhat\u00f3bb lott\u00f3j\u00e1v\u00e1 v\u00e1lt.<\/p>\n<h2>Hogyan v\u00e1s\u00e1rolhat lott\u00f3szelv\u00e9nyt az Egyes\u00fclt \u00c1llamokon k\u00edv\u00fclr\u0151l<\/h2>\n<p><img loading=\"lazy\" decoding=\"async\" class=\"alignright size-full wp-image-26402\" src=\"http:\/\/jackpotlotteryonline.com\/wp-content\/uploads\/2022\/11\/1_buy_online_ticket_powerball.jpg\" alt=\"New York-i lott\u00f3 nyerem\u00e9ny\" width=\"300\" height=\"194\" \/><\/p>\n<p>Ha \u00d6n az Egyes\u00fclt \u00c1llamokon k\u00edv\u00fcl \u00e9l, csak egyetlen t\u00f6rv\u00e9nyes m\u00f3dja van annak, hogy lott\u00f3szelv\u00e9nyt v\u00e1s\u00e1roljon. M\u00e9gpedig \u00fagy, hogy az interneten kereszt\u00fcl v\u00e1s\u00e1rolja meg \u0151ket egy olyan online lott\u00f3\u00e9rt\u00e9kes\u00edt\u0151t\u0151l, mint a jackpotlotteryonline.com.<\/p>\n<p>A szelv\u00e9nyek megv\u00e1s\u00e1rl\u00e1s\u00e1hoz egyszer\u0171en l\u00e1togasson el az oldalra, \u00e9s kattintson a k\u00edv\u00e1nt lott\u00f3ra. Ezut\u00e1n v\u00e1lasszon hat sz\u00e1mot 1 \u00e9s 59 k\u00f6z\u00f6tt. Nyugodtan v\u00e1s\u00e1roljon t\u00f6bb sorsjegyet is, hogy n\u00f6velje nyer\u00e9si es\u00e9lyeit. Miut\u00e1n kiv\u00e1lasztotta a sz\u00e1mokat, l\u00e9pjen be az \u00d6n \u00e1ltal kiv\u00e1lasztott sorsol\u00e1sra, \u00e9s fizessen.<\/p>\n<p>Az Egyes\u00fclt \u00c1llamokon k\u00edv\u00fclr\u0151l, az interneten kereszt\u00fcl t\u00f6rt\u00e9n\u0151 lott\u00f3j\u00e1t\u00e9k leg\u00e1lis \u00e9s t\u00f6rv\u00e9nyes. Emellett a lehet\u0151s\u00e9gek vil\u00e1g\u00e1t nyitja meg a j\u00e1t\u00e9kosok el\u0151tt szerte a vil\u00e1gon. T\u00f6bb\u00e9 nem kell f\u00f6ldrajzi korl\u00e1tok k\u00f6z\u00e9 szorulnia, mivel k\u00f6nnyed\u00e9n fogadhat hat\u00e1rok n\u00e9lk\u00fcl.<\/p>\n<h2>A b\u00f3nuszsz\u00e1m<\/h2>\n<p>Igen, van b\u00f3nuszsz\u00e1m, \u00e9s ez a hetedik kih\u00fazott sz\u00e1m. A b\u00f3nuszsz\u00e1mot azonban nem a jackpot nyerem\u00e9ny meghat\u00e1roz\u00e1s\u00e1hoz haszn\u00e1lj\u00e1k, hanem a m\u00e1sodik nyerem\u00e9nyhez. A m\u00e1sodik nyerem\u00e9nykateg\u00f3ria megnyer\u00e9s\u00e9hez a j\u00e1t\u00e9kosnak meg kell egyeznie a hat kih\u00fazott sz\u00e1mmal \u00e9s a b\u00f3nuszsz\u00e1mmal.<\/p>\n<section class=\"layout\" style=\"border: solid 1px; width: 100%;\">\n<div class=\"img-div\" style=\"margin-top: 5px;\"><img decoding=\"async\" class=\"wp-image-17212 alignleft\" style=\"height: 45px; margin: 8px 8px 0px;\" src=\"http:\/\/jackpotlotteryonline.com\/wp-content\/uploads\/2022\/11\/read1.jpg\" alt=\"olvasd el\" width=\"\" height=\"\" \/><\/div>\n<div style=\"padding-left: 5px;\">\n<div style=\"font-size: 1.1em;\">\n<p><strong>Lott\u00f3 tippek<\/strong><\/p>\n<p style=\"font-size: 0.85em; margin-top: -1.5em;\">Tippek, amelyek seg\u00edtenek nyerni a lott\u00f3n\u00a0 <a href=\"https:\/\/jackpotlotteryonline.com\/hu\/tippek-amelyek-segitenek-nyerni-a-lotton\">tov\u00e1bb<\/a><\/p>\n<\/div>\n<\/div>\n<\/section>\n<h2>A nyerem\u00e9nykateg\u00f3ri\u00e1k<\/h2>\n<p>Az \u00f6ssznyerem\u00e9ny es\u00e9lye 1:92,05-hez. A nyerem\u00e9nyek eloszt\u00e1sa a teljes forgalomt\u00f3l f\u00fcgg. \u00cdgy minden lott\u00f3 eset\u00e9ben az elad\u00e1sok 40%-\u00e1t osztj\u00e1k sz\u00e9t nyerem\u00e9nyk\u00e9nt. A jackpot ennek sz\u00e1zal\u00e9kos ar\u00e1nya, \u00e9s nem egy lek\u00f6t\u00f6tt \u00f6sszeg. A nyerem\u00e9nykateg\u00f3ri\u00e1kat az al\u00e1bbiakban ismertetj\u00fck:<\/p>\n<p>kateg\u00f3ria: 6 sz\u00e1m &#8211; jackpot (30%)<br \/>\n2. kateg\u00f3ria: 5 + b\u00f3nuszsz\u00e1m &#8211; az elad\u00e1sok 2,9%-a.<br \/>\n3. kateg\u00f3ria: 5 sz\u00e1m &#8211; az elad\u00e1sok 2,2%-a<br \/>\n4. kateg\u00f3ria: 4 sz\u00e1m &#8211; az elad\u00e1sok 2,5%-a<br \/>\nkateg\u00f3ria: 3 sz\u00e1m &#8211; az elad\u00e1sok 2,4%-a<\/p>\n<h2>New York-i lott\u00f3 sorsol\u00e1si napok<\/h2>\n<p><a href=\"https:\/\/jackpotlotteryonline.com\/hu\/nyeroszamok\/new-york-lottery\">A New York-i lott\u00f3nak (ahogyan n\u00e9ha nevezik) minden h\u00e9ten k\u00e9t sorsol\u00e1si napja van<\/a>. Ezek szerdai \u00e9s szombati napok. Teh\u00e1t t\u00f6bb sorsol\u00e1si napra is lehet t\u00f6bb h\u00e9ttel el\u0151re jelentkezni.<\/p>\n<p>Ha megtudja, hogy nyert-e valamilyen nyerem\u00e9nyt, a sorsol\u00e1sokat a telev\u00edzi\u00f3ban n\u00e9zheti, vagy a h\u00edrekb\u0151l \u00e9rtes\u00fclhet a sorsol\u00e1si eredm\u00e9nyekr\u0151l. Ez azonban k\u00f6nnyen f\u00e1raszt\u00f3v\u00e1 v\u00e1lhat, k\u00fcl\u00f6n\u00f6sen, ha ilyenkor elfoglalt. Egyszer\u0171bb alternat\u00edv\u00e1t k\u00edn\u00e1lunk, ha regisztr\u00e1l n\u00e1lunk, \u00e9s mi azonnal \u00e9rtes\u00edtj\u00fck \u00d6nt, ha nyert.<\/p>\n<h2>Mi\u00e9rt \u00e9rdemes a New York-i lott\u00f3n j\u00e1tszani?<\/h2>\n<p>Ha belegondolsz, hogy a nyerem\u00e9nyt az elad\u00e1sok hat\u00e1rozz\u00e1k meg, elkedvetlenedhetsz. Mi t\u00f6rt\u00e9nik, ha nem j\u00f3 az \u00e9rt\u00e9kes\u00edt\u00e9s? Ez azt jelenti, hogy a jackpot nyerem\u00e9nye jelent\u0151sen cs\u00f6kkenhet. Ez egy val\u00f3di f\u00e9lelem, amellyel a fogad\u00f3k szembes\u00fclnek, amikor ezen a lott\u00f3n j\u00e1tszanak.<\/p>\n<p>De t\u00f6bb dolog is a New York \u00e1llam korm\u00e1nya \u00e1ltal m\u0171k\u00f6dtetett lott\u00f3 mellett sz\u00f3l. Az els\u0151 az, hogy nagy az \u00e9rdekl\u0151d\u00e9s a lott\u00f3 ir\u00e1nt, \u00edgy az elad\u00e1sok m\u00e9g mindig el\u00e9g j\u00f3k. A jackpot nem olyan nagy, mint n\u00e9h\u00e1ny m\u00e1s nemzetk\u00f6zi lott\u00f3n, de a j\u00e1t\u00e9kosok ak\u00e1r 10 milli\u00f3 doll\u00e1rt is nyerhetnek.<\/p>\n<p>A nyerem\u00e9ny es\u00e9lye is sokkal nagyobb, mint m\u00e1s, nagyobb jackpotokkal rendelkez\u0151 lott\u00f3j\u00e1t\u00e9kok\u00e9. B\u00e1r egyes fogad\u00f3k tal\u00e1n nem tartj\u00e1k ezt a nagy t\u00e9tes fogad\u00e1st, a kedvez\u0151 es\u00e9lyek mindenk\u00e9ppen meg\u00e9des\u00edtik az \u00fczletet. R\u00e1ad\u00e1sul a jackpot nyerem\u00e9nye egy\u00e1ltal\u00e1n nem rossz, \u00e9s m\u00e9g mindig milliomoss\u00e1 teheti a nyerteseket.<\/p>\n<h2>Regisztr\u00e1ljon n\u00e1lunk a stresszmentes \u00e9lm\u00e9ny\u00e9rt<\/h2>\n<p><img loading=\"lazy\" decoding=\"async\" class=\"size-full wp-image-35321 alignright\" src=\"http:\/\/jackpotlotteryonline.com\/wp-content\/uploads\/2022\/11\/2_ticket_superenalotto-1.jpg\" alt=\"New York-i lott\u00f3szelv\u00e9ny\" width=\"228\" height=\"300\" \/><\/p>\n<p>A New York-i lott\u00f3 megj\u00e1tsz\u00e1sa egyszer\u0171 \u00e9s probl\u00e9mamentes, ha regisztr\u00e1l n\u00e1lunk. Amikor ell\u00e1togat oldalunkra, a nemzetk\u00f6zi lott\u00f3j\u00e1t\u00e9kok sz\u00e9les v\u00e1laszt\u00e9k\u00e1t tal\u00e1lja, amelyeken r\u00e9szt vehet. Szerezzen szelv\u00e9nyt, \u00e9s fogadjon az \u00d6n \u00e1ltal kiv\u00e1lasztott lott\u00f3ra, \u00e9s ha szeretn\u00e9, v\u00e1lasszon t\u00f6bb bel\u00e9p\u00e9st is. Ha nem vagy biztos abban, hogy milyen sz\u00e1mokat kell v\u00e1lasztanod, automatikus kiv\u00e1laszt\u00f3 eszk\u00f6z\u00fcnk seg\u00edt neked ebben.<\/p>\n<p>Miut\u00e1n kiv\u00e1lasztotta a sz\u00e1mokat, l\u00e9pjen be a sorsol\u00e1sokba, \u00e9s l\u00e9pjen a fizet\u00e9si ter\u00fcletre. Ekkor megk\u00e9rj\u00fck, hogy regisztr\u00e1ljon. Ennek a k\u00f6vetkez\u0151 okai vannak:<\/p>\n<ul>\n<li>Ha regisztr\u00e1lsz, biztos\u00edthatod, hogy szelv\u00e9nyeidet biztons\u00e1gban tartjuk, \u00edgy k\u00f6nnyed\u00e9n ig\u00e9nyelheted a megnyert nyerem\u00e9nyeket.<\/li>\n<li>Ha nyer egy nyerem\u00e9nyt, \u00e9rtes\u00edt\u00e9st kap a m\u0171szerfal\u00e1n \u00e9s e-mailben is<\/li>\n<li>A nyerem\u00e9nyed kiv\u00e9tele m\u00e9g soha nem volt ilyen egyszer\u0171, mivel ezt k\u00f6zvetlen\u00fcl a platformunkon teheted meg.<\/li>\n<\/ul>\n<h2>Honnan tudja, hogy r\u00e9szt vesz a lott\u00f3n?<\/h2>\n<p>Ez egy jogos k\u00e9rd\u00e9s, mivel sz\u00e1mos olyan szolg\u00e1ltat\u00e1s l\u00e9tezik, amely lott\u00f3szelv\u00e9nyeket \u00e1rul, de nem ad hozz\u00e1f\u00e9r\u00e9st a lott\u00f3hoz. Azt viszont igen, hogy lehet\u0151s\u00e9get adnak arra, hogy a jackpot ellen fogadhasson. Teh\u00e1t m\u00e9g ha nyer is, akkor is csak a jackpot \u00f6sszeg\u00e9nek t\u00f6red\u00e9k\u00e9t kaphatja meg. Mi nem ezt tessz\u00fck.<\/p>\n<p>Mi egy concierge szolg\u00e1ltat\u00e1st m\u0171k\u00f6dtet\u00fcnk, amely biztos\u00edtja, hogy \u00fcgyfeleink val\u00f3s id\u0151ben hozz\u00e1f\u00e9rjenek az \u00e1ltaluk v\u00e1lasztott lott\u00f3j\u00e1t\u00e9kokhoz. Amikor bel\u00e9p\u00e9st v\u00e1s\u00e1rol, New York-i \u00fcgyn\u00f6keink egy fizikai szelv\u00e9nyt is v\u00e1s\u00e1rolnak az \u00d6n \u00e1ltal prefer\u00e1lt sz\u00e1mokkal. Ez azt jelenti, hogy ha az \u00d6n sz\u00e1mai megegyeznek a kisorsolt sz\u00e1mokkal, akkor \u00d6n megnyerte a jackpotot.<\/p>\n<p>Ez j\u00f3 alkalomnak t\u0171nik megeml\u00edteni, hogy a lott\u00f3 szerencsej\u00e1t\u00e9k. Enn\u00e9lfogva nem lehet meghat\u00e1rozni, hogy ki fog nyerni. Azt viszont tudjuk, hogy az egyetlen m\u00f3dja annak, hogy es\u00e9ly\u00fcnk legyen a nyer\u00e9sre, ha fogad\u00e1st k\u00f6t\u00fcnk. Ez\u00e9rt tesz\u00fcnk meg minden t\u0151l\u00fcnk telhet\u0151t, hogy \u00fcgyfeleinknek biztos\u00edtsuk ezt a lehet\u0151s\u00e9get.<\/p>\n<h2>J\u00e1tsszon a New York-i lott\u00f3n online m\u00e9g ma<\/h2>\n<p>Itt az ideje, hogy ne gondolkodjon tov\u00e1bb a lott\u00f3szelv\u00e9ny v\u00e1s\u00e1rl\u00e1s\u00e1n, hanem szerezzen egyet. Ez egy \u00e9letre sz\u00f3l\u00f3 kaland kezdete lehet. Mi\u00e9rt ne l\u00e1togatna el m\u00e9g ma hozz\u00e1nk a jackpotlotteryonline.com oldalra, hogy a vil\u00e1g b\u00e1rmely pontj\u00e1r\u00f3l megtehesse t\u00e9tj\u00e9t? Soha nem tudhatod, mikor nyerhetsz a lott\u00f3n.<\/p>\n","protected":false},"excerpt":{"rendered":"<p>Ha olyan lott\u00f3t keres, amelynek sz\u00ednes t\u00f6rt\u00e9nelme van, akkor a New York-i lott\u00f3 a legjobb v\u00e1laszt\u00e1s. Ez a t\u00f6rt\u00e9nelemmel \u00e9s botr\u00e1nyokkal \u00e1tsz\u0151tt lott\u00f3 egy\u00fattal egy olyan lott\u00f3, amelyet j\u00f3 c\u00e9l \u00e9rdek\u00e9ben alap\u00edtottak. A lott\u00f3z\u00e1ssal j\u00f3l sz\u00f3rakozhat, r\u00e1ad\u00e1sul van mire v\u00e1rnia. Az USA-n k\u00edv\u00fcli j\u00e1t\u00e9kosok, akik szeretn\u00e9nek szelv\u00e9nyt v\u00e1s\u00e1rolni erre a lott\u00f3j\u00e1t\u00e9kra, megtehetik ezt a jackpotlotteryonline.com [&hellip;]<\/p>\n","protected":false},"author":1,"featured_media":0,"parent":35758,"menu_order":14,"comment_status":"closed","ping_status":"closed","template":"newyork-info.php","meta":{"_et_pb_use_builder":"","_et_pb_old_content":"","_et_gb_content_width":"","exclude_from_search":false,"footnotes":""},"class_list":["post-37049","page","type-page","status-publish","hentry"],"yoast_head":"<!-- This site is optimized with the Yoast SEO plugin v23.3 - https:\/\/yoast.com\/wordpress\/plugins\/seo\/ -->\n<title>New York-i lott\u00f3szelv\u00e9ny v\u00e1s\u00e1rl\u00e1s az USA-n k\u00edv\u00fclr\u0151l | New York-i lott\u00f3szelv\u00e9nyek online v\u00e1s\u00e1rl\u00e1sa<\/title>\n<meta name=\"description\" content=\"Szeretne szelv\u00e9nyt v\u00e1s\u00e1rolni a New York Lotteryre, de az USA-n k\u00edv\u00fcl \u00e9l? Szerezze be online lott\u00f3szelv\u00e9nyeit itt\" \/>\n<meta name=\"robots\" content=\"index, follow, max-snippet:-1, max-image-preview:large, max-video-preview:-1\" \/>\n<link rel=\"canonical\" href=\"https:\/\/jackpotlotteryonline.com\/hu\/jegyet-vasarolni\/new-york-lottery\/\" \/>\n<meta property=\"og:locale\" content=\"hu_HU\" \/>\n<meta property=\"og:type\" content=\"article\" \/>\n<meta property=\"og:title\" content=\"New York-i lott\u00f3szelv\u00e9ny v\u00e1s\u00e1rl\u00e1s az USA-n k\u00edv\u00fclr\u0151l | New York-i lott\u00f3szelv\u00e9nyek online v\u00e1s\u00e1rl\u00e1sa\" \/>\n<meta property=\"og:description\" content=\"Szeretne szelv\u00e9nyt v\u00e1s\u00e1rolni a New York Lotteryre, de az USA-n k\u00edv\u00fcl \u00e9l? Szerezze be online lott\u00f3szelv\u00e9nyeit itt\" \/>\n<meta property=\"og:url\" content=\"https:\/\/jackpotlotteryonline.com\/hu\/jegyet-vasarolni\/new-york-lottery\/\" \/>\n<meta property=\"og:site_name\" content=\"Lotto Online - Crack The International Lottery Jackpots\" \/>\n<meta property=\"article:modified_time\" content=\"2023-01-06T09:43:51+00:00\" \/>\n<meta property=\"og:image\" content=\"http:\/\/jackpotlotteryonline.com\/wp-content\/uploads\/2022\/11\/1_buy_online_ticket_powerball.jpg\" \/>\n<meta name=\"twitter:card\" content=\"summary_large_image\" \/>\n<meta name=\"twitter:label1\" content=\"Becs\u00fclt olvas\u00e1si id\u0151\" \/>\n\t<meta name=\"twitter:data1\" content=\"5 perc\" \/>\n<!-- \/ Yoast SEO plugin. -->","yoast_head_json":{"title":"New York-i lott\u00f3szelv\u00e9ny v\u00e1s\u00e1rl\u00e1s az USA-n k\u00edv\u00fclr\u0151l | New York-i lott\u00f3szelv\u00e9nyek online v\u00e1s\u00e1rl\u00e1sa","description":"Szeretne szelv\u00e9nyt v\u00e1s\u00e1rolni a New York Lotteryre, de az USA-n k\u00edv\u00fcl \u00e9l? Szerezze be online lott\u00f3szelv\u00e9nyeit itt","robots":{"index":"index","follow":"follow","max-snippet":"max-snippet:-1","max-image-preview":"max-image-preview:large","max-video-preview":"max-video-preview:-1"},"canonical":"https:\/\/jackpotlotteryonline.com\/hu\/jegyet-vasarolni\/new-york-lottery\/","og_locale":"hu_HU","og_type":"article","og_title":"New York-i lott\u00f3szelv\u00e9ny v\u00e1s\u00e1rl\u00e1s az USA-n k\u00edv\u00fclr\u0151l | New York-i lott\u00f3szelv\u00e9nyek online v\u00e1s\u00e1rl\u00e1sa","og_description":"Szeretne szelv\u00e9nyt v\u00e1s\u00e1rolni a New York Lotteryre, de az USA-n k\u00edv\u00fcl \u00e9l? Szerezze be online lott\u00f3szelv\u00e9nyeit itt","og_url":"https:\/\/jackpotlotteryonline.com\/hu\/jegyet-vasarolni\/new-york-lottery\/","og_site_name":"Lotto Online - Crack The International Lottery Jackpots","article_modified_time":"2023-01-06T09:43:51+00:00","og_image":[{"url":"http:\/\/jackpotlotteryonline.com\/wp-content\/uploads\/2022\/11\/1_buy_online_ticket_powerball.jpg"}],"twitter_card":"summary_large_image","twitter_misc":{"Becs\u00fclt olvas\u00e1si id\u0151":"5 perc"},"schema":{"@context":"https:\/\/schema.org","@graph":[{"@type":"WebPage","@id":"https:\/\/jackpotlotteryonline.com\/hu\/jegyet-vasarolni\/new-york-lottery\/","url":"https:\/\/jackpotlotteryonline.com\/hu\/jegyet-vasarolni\/new-york-lottery\/","name":"New York-i lott\u00f3szelv\u00e9ny v\u00e1s\u00e1rl\u00e1s az USA-n k\u00edv\u00fclr\u0151l | New York-i lott\u00f3szelv\u00e9nyek online v\u00e1s\u00e1rl\u00e1sa","isPartOf":{"@id":"https:\/\/jackpotlotteryonline.com\/#website"},"primaryImageOfPage":{"@id":"https:\/\/jackpotlotteryonline.com\/hu\/jegyet-vasarolni\/new-york-lottery\/#primaryimage"},"image":{"@id":"https:\/\/jackpotlotteryonline.com\/hu\/jegyet-vasarolni\/new-york-lottery\/#primaryimage"},"thumbnailUrl":"http:\/\/jackpotlotteryonline.com\/wp-content\/uploads\/2022\/11\/1_buy_online_ticket_powerball.jpg","datePublished":"2022-11-10T06:54:06+00:00","dateModified":"2023-01-06T09:43:51+00:00","description":"Szeretne szelv\u00e9nyt v\u00e1s\u00e1rolni a New York Lotteryre, de az USA-n k\u00edv\u00fcl \u00e9l? Szerezze be online lott\u00f3szelv\u00e9nyeit itt","breadcrumb":{"@id":"https:\/\/jackpotlotteryonline.com\/hu\/jegyet-vasarolni\/new-york-lottery\/#breadcrumb"},"inLanguage":"hu","potentialAction":[{"@type":"ReadAction","target":["https:\/\/jackpotlotteryonline.com\/hu\/jegyet-vasarolni\/new-york-lottery\/"]}]},{"@type":"ImageObject","inLanguage":"hu","@id":"https:\/\/jackpotlotteryonline.com\/hu\/jegyet-vasarolni\/new-york-lottery\/#primaryimage","url":"http:\/\/jackpotlotteryonline.com\/wp-content\/uploads\/2022\/11\/1_buy_online_ticket_powerball.jpg","contentUrl":"http:\/\/jackpotlotteryonline.com\/wp-content\/uploads\/2022\/11\/1_buy_online_ticket_powerball.jpg"},{"@type":"BreadcrumbList","@id":"https:\/\/jackpotlotteryonline.com\/hu\/jegyet-vasarolni\/new-york-lottery\/#breadcrumb","itemListElement":[{"@type":"ListItem","position":1,"name":"Home","item":"https:\/\/jackpotlotteryonline.com\/hu\/"},{"@type":"ListItem","position":2,"name":"Hogyan v\u00e1s\u00e1rolhat lott\u00f3szelv\u00e9nyeket online","item":"https:\/\/jackpotlotteryonline.com\/buy-tickets\/"},{"@type":"ListItem","position":3,"name":"Jegyek a New York-i lott\u00f3hoz"}]},{"@type":"WebSite","@id":"https:\/\/jackpotlotteryonline.com\/#website","url":"https:\/\/jackpotlotteryonline.com\/","name":"Lotto Online - Crack The International Lottery Jackpots","description":"","potentialAction":[{"@type":"SearchAction","target":{"@type":"EntryPoint","urlTemplate":"https:\/\/jackpotlotteryonline.com\/?s={search_term_string}"},"query-input":"required name=search_term_string"}],"inLanguage":"hu"}]}},"_links":{"self":[{"href":"https:\/\/jackpotlotteryonline.com\/hu\/wp-json\/wp\/v2\/pages\/37049","targetHints":{"allow":["GET"]}}],"collection":[{"href":"https:\/\/jackpotlotteryonline.com\/hu\/wp-json\/wp\/v2\/pages"}],"about":[{"href":"https:\/\/jackpotlotteryonline.com\/hu\/wp-json\/wp\/v2\/types\/page"}],"author":[{"embeddable":true,"href":"https:\/\/jackpotlotteryonline.com\/hu\/wp-json\/wp\/v2\/users\/1"}],"replies":[{"embeddable":true,"href":"https:\/\/jackpotlotteryonline.com\/hu\/wp-json\/wp\/v2\/comments?post=37049"}],"version-history":[{"count":0,"href":"https:\/\/jackpotlotteryonline.com\/hu\/wp-json\/wp\/v2\/pages\/37049\/revisions"}],"up":[{"embeddable":true,"href":"https:\/\/jackpotlotteryonline.com\/hu\/wp-json\/wp\/v2\/pages\/35758"}],"wp:attachment":[{"href":"https:\/\/jackpotlotteryonline.com\/hu\/wp-json\/wp\/v2\/media?parent=37049"}],"curies":[{"name":"wp","href":"https:\/\/api.w.org\/{rel}","templated":true}]}}