{"id":37101,"date":"2022-11-10T09:02:13","date_gmt":"2022-11-10T09:02:13","guid":{"rendered":"https:\/\/jackpotlotteryonline.com\/?page_id=37101"},"modified":"2023-01-04T08:42:09","modified_gmt":"2023-01-04T08:42:09","slug":"thunderball","status":"publish","type":"page","link":"https:\/\/jackpotlotteryonline.com\/hu\/jegyet-vasarolni\/thunderball\/","title":{"rendered":"Thunderball jegyek v\u00e1s\u00e1rl\u00e1sa"},"content":{"rendered":"<p>Az Egyes\u00fclt Kir\u00e1lys\u00e1gon bel\u00fcl nincs hi\u00e1ny lott\u00f3j\u00e1t\u00e9kokb\u00f3l, amelyeken a j\u00e1t\u00e9kosok j\u00e1tszhatnak. A lott\u00f3j\u00e1t\u00e9kokt\u00f3l kezdve a j\u00e1rad\u00e9kos j\u00e1t\u00e9kokig mindenki sz\u00e1m\u00e1ra van valami, r\u00e1ad\u00e1sul szinte minden nap. A fogad\u00f3k egyik kedvenc j\u00e1t\u00e9ka azonban a Thunderball. Ez az\u00e9rt \u00e9rdekes, mert ez egy olyan lott\u00f3, amely nem k\u00edn\u00e1l t\u00f6bb milli\u00f3 font \u00e9rt\u00e9k\u0171 jackpotot. S\u0151t, garant\u00e1lhatjuk, hogy m\u00e9g ha meg is nyeri a jackpotot, nem lesz milliomos. Akkor mi\u00e9rt szeretik a j\u00e1t\u00e9kosok ezt a lott\u00f3t?<\/p>\n<p>Az ok egyszer\u0171: az es\u00e9lyek sokkal jobbak, mint m\u00e1s, nagyobb jackpotot k\u00edn\u00e1l\u00f3 j\u00e1t\u00e9kokn\u00e1l. A heti n\u00e9gy sorsol\u00e1s \u00e9s a tekint\u00e9lyes jackpot \u00f6sszege miatt nem csoda, hogy a lott\u00f3rajong\u00f3k minden h\u00e9ten \u00f6z\u00f6nlenek erre a lott\u00f3j\u00e1t\u00e9kra.<\/p>\n<p>Ha az Egyes\u00fclt Kir\u00e1lys\u00e1gon k\u00edv\u00fcl \u00e9l, akkor is r\u00e9szt vehet b\u00e1rmelyik sorsol\u00e1son. L\u00e1togasson el a jackpotlotteryonline.com oldalra, ahol hat\u00e9konyan \u00e9s stresszmentesen v\u00e1s\u00e1rolhat lott\u00f3szelv\u00e9nyeket, b\u00e1rhol is tart\u00f3zkodik.<\/p>\n<h2>Hogyan m\u0171k\u00f6dik a Thunderball?<\/h2>\n<p><img loading=\"lazy\" decoding=\"async\" class=\"alignright size-medium wp-image-30425\" src=\"http:\/\/jackpotlotteryonline.com\/wp-content\/uploads\/2022\/11\/1_you_win_jackpot-300x300.jpg\" alt=\"Hogyan kell j\u00e1tszani a Thunderballt\" width=\"300\" height=\"300\" srcset=\"https:\/\/jackpotlotteryonline.com\/wp-content\/uploads\/2022\/11\/1_you_win_jackpot-300x300.jpg 300w, https:\/\/jackpotlotteryonline.com\/wp-content\/uploads\/2022\/11\/1_you_win_jackpot-100x100.jpg 100w, https:\/\/jackpotlotteryonline.com\/wp-content\/uploads\/2022\/11\/1_you_win_jackpot-150x150.jpg 150w, https:\/\/jackpotlotteryonline.com\/wp-content\/uploads\/2022\/11\/1_you_win_jackpot.jpg 320w\" sizes=\"auto, (max-width: 300px) 100vw, 300px\" \/><\/p>\n<p>Ez a brit lott\u00f3 egyszer\u0171 \u00e9s k\u00f6nnyen j\u00e1tszhat\u00f3, \u00e9s a tapasztalt lott\u00f3j\u00e1t\u00e9kosoknak nem okozhat gondot ez a brit lott\u00f3.<\/p>\n<p>Ahhoz, hogy ezt<a href=\"https:\/\/jackpotlotteryonline.com\/hu\/hogyan-kell-jatszani\/thunderball\"> a brit lott\u00f3t megj\u00e1tssz\u00e1k<\/a>, a j\u00e1t\u00e9kosoknak \u00f6t f\u0151 sz\u00e1mot kell kiv\u00e1lasztaniuk 1 \u00e9s 39 k\u00f6z\u00f6tt, valamint egy k\u00fcl\u00f6nleges sz\u00e1mot 1 \u00e9s 14 k\u00f6z\u00f6tt. A k\u00fcl\u00f6nleges sz\u00e1mot Thunderballnak h\u00edvj\u00e1k.<\/p>\n<p>A sz\u00e1mok kiv\u00e1laszt\u00e1sa ut\u00e1n a <a href=\"https:\/\/jackpotlotteryonline.com\/hu\/nyeroszamok\/thunderball\">k\u00f6vetkez\u0151 l\u00e9p\u00e9s a sorsol\u00e1sokon<\/a> val\u00f3 r\u00e9szv\u00e9tel \u00e9s az eredm\u00e9nyekre val\u00f3 v\u00e1rakoz\u00e1s. M\u00e1r eml\u00edtett\u00fck, hogy heti n\u00e9gy sorsol\u00e1st k\u00edn\u00e1l. Ez n\u00e9gy lehet\u0151s\u00e9get jelent a jackpot megnyer\u00e9s\u00e9re! A sorsol\u00e1sokat kedden, szerd\u00e1n, cs\u00fct\u00f6rt\u00f6k\u00f6n \u00e9s szombaton tartj\u00e1k.<\/p>\n<h2>Leg\u00e1lis az Egyes\u00fclt Kir\u00e1lys\u00e1gban online lott\u00f3szelv\u00e9nyt v\u00e1s\u00e1rolni?<\/h2>\n<p>A k\u00e9rd\u00e9s, hogy lehet-e interneten kereszt\u00fcl r\u00e9szt venni a lott\u00f3n, jogos aggodalomra ad okot. Igaz, hogy l\u00e9teznek \u00e1tver\u00e9sek, \u00e9s ezt ostobas\u00e1g lenne figyelmen k\u00edv\u00fcl hagyni. Vannak azonban t\u00f6rv\u00e9nyes lott\u00f3oldalak, amelyek vil\u00e1gszerte \u00e9rt\u00e9kes\u00edtenek lott\u00f3szelv\u00e9nyeket, \u00e9s ez teljesen leg\u00e1lis.<\/p>\n<p>El\u0151sz\u00f6r is, ez a brit lott\u00f3 nem korl\u00e1toz\u00f3dik az Egyes\u00fclt Kir\u00e1lys\u00e1g \u00e1llampolg\u00e1raira. Az egyetlen korl\u00e1toz\u00e1s f\u00f6ldrajzi jelleg\u0171, mivel a fizikai szelv\u00e9nyeket az orsz\u00e1gban l\u00e9v\u0151 elad\u00f3k \u00e1rulj\u00e1k. Az online szelv\u00e9nyv\u00e1s\u00e1rl\u00e1s az egyetlen m\u00f3dja annak, hogy az orsz\u00e1gon k\u00edv\u00fclr\u0151l j\u00e1tszhasson a lott\u00f3n.<\/p>\n<p>Miel\u0151tt lott\u00f3szelv\u00e9nyt v\u00e1s\u00e1rol, gy\u0151z\u0151dj\u00f6n meg arr\u00f3l, hogy t\u00f6rv\u00e9nyes lott\u00f3\u00e9rt\u00e9kes\u00edt\u0151t haszn\u00e1l, k\u00fcl\u00f6n\u00f6sen olyat, amelyik j\u00f3 h\u00edrn\u00e9vvel rendelkezik. J\u00f3 m\u00f3dja az ellen\u0151rz\u00e9snek, ha megn\u00e9zi, hogy van-e m\u00faltja a nyerem\u00e9nyek kifizet\u00e9s\u00e9ben, hogy ne vesz\u00edtse el a nyerem\u00e9ny\u00e9t.<\/p>\n<section class=\"layout\" style=\"border: solid 1px; width: 100%;\">\n<div class=\"img-div\" style=\"margin-top: 5px;\"><img decoding=\"async\" class=\"wp-image-17212 alignleft\" style=\"height: 45px; margin: 8px 8px 0px;\" src=\"http:\/\/jackpotlotteryonline.com\/wp-content\/uploads\/2022\/11\/read1.jpg\" alt=\"olvasd el\" width=\"\" height=\"\" \/><\/div>\n<div style=\"padding-left: 5px;\">\n<div style=\"font-size: 1.1em;\">\n<p><strong>Az \u00d6n nemzeti lott\u00f3ja nemzetk\u00f6zi \u00f6sszehasonl\u00edt\u00e1sban<\/strong><\/p>\n<p style=\"font-size: 0.85em; margin-top: -1.5em;\">A helyi lott\u00f3 lehet a legrosszabb v\u00e1laszt\u00e1s &#8211; mi\u00e9rt van t\u00f6bb \u00e9rtelme t\u00f6bbet fizetni, de nagyobb jackpotra menni\u00a0 <a href=\"https:\/\/jackpotlotteryonline.com\/hu\/az-onok-nemzeti-lottoja-nemzetkozi-osszehasonlitasban\"> tov\u00e1bb<\/a><\/p>\n<\/div>\n<\/div>\n<\/section>\n<h2>Jackpot \u00e9s nyerem\u00e9nyek<\/h2>\n<p>Mi is pontosan a jackpot nyerem\u00e9nye ennek a brit lott\u00f3nak? A jackpot nyerem\u00e9ny \u00f6tsz\u00e1zezer font, \u00e9s ez minden sorsol\u00e1son garant\u00e1lt. B\u00e1rmelyik szelv\u00e9ny, amelyik megfelel az \u00f6t kih\u00fazott sz\u00e1mnak \u00e9s a k\u00fcl\u00f6nleges sz\u00e1mnak, megnyeri a jackpotot.<\/p>\n<p>A jackpot nem az egyetlen nyerem\u00e9ny, amit a j\u00e1t\u00e9kosok megnyerhetnek ezzel a lott\u00f3val, mivel vannak m\u00e1s nyerem\u00e9nyszintek is. A m\u00e1sodik szint\u0171 nyerem\u00e9ny szint\u00e9n egy fix \u00f6tezer fontos \u00f6sszeg, ami igaz\u00e1n nagyszer\u0171. \u00d6sszesen kilenc nyerem\u00e9nyszint van, \u00e9s van egy nyerem\u00e9ny csak a k\u00fcl\u00f6nleges sz\u00e1mmal val\u00f3 egyez\u00e9s\u00e9rt.<\/p>\n<p>Ism\u00e9t elmondhat\u00f3, hogy ennek a lott\u00f3nak az es\u00e9lyei hihetetlenek, ez\u00e9rt is hozott annyi nyertest az 1999-es els\u0151 sorsol\u00e1s \u00f3ta. A lott\u00f3 ir\u00e1nti nagy kereslet miatt a heti egy sorsol\u00e1sr\u00f3l n\u00e9gy heti sorsol\u00e1sra emelkedett. Ha teh\u00e1t ezen a brit lott\u00f3n j\u00e1tszik, a jackpot megnyer\u00e9s\u00e9nek es\u00e9lye 1:8.060.598, m\u00edg b\u00e1rmely nyerem\u00e9ny megnyer\u00e9s\u00e9nek es\u00e9lye 1:13.<br \/>\n<img loading=\"lazy\" decoding=\"async\" class=\"alignright size-medium wp-image-35457\" src=\"http:\/\/jackpotlotteryonline.com\/wp-content\/uploads\/2022\/11\/2_ticket_uk_lottery-192x300.jpg\" alt=\"thunderball jegy\" width=\"192\" height=\"300\" srcset=\"https:\/\/jackpotlotteryonline.com\/wp-content\/uploads\/2022\/11\/2_ticket_uk_lottery-192x300.jpg 192w, https:\/\/jackpotlotteryonline.com\/wp-content\/uploads\/2022\/11\/2_ticket_uk_lottery.jpg 250w\" sizes=\"auto, (max-width: 192px) 100vw, 192px\" \/><\/p>\n<p><strong>Ha ezen a lott\u00f3n j\u00e1tszik, a k\u00f6vetkez\u0151kre sz\u00e1m\u00edthat:<\/strong><\/p>\n<p>5 sz\u00e1m + k\u00fcl\u00f6nleges sz\u00e1m &#8211; \u00a3500,000 (Jackpot)<br \/>\nCsak 5 sz\u00e1m tal\u00e1lata &#8211; \u00a35000<br \/>\n4 sz\u00e1m + k\u00fcl\u00f6nleges sz\u00e1m &#8211; 250 \u00a3<br \/>\nCsak 4 sz\u00e1m tal\u00e1lata &#8211; \u00a3100<br \/>\n3 sz\u00e1m + k\u00fcl\u00f6nleges sz\u00e1m &#8211; \u00a320<br \/>\nCsak 3 sz\u00e1mmal val\u00f3 m\u00e9rk\u0151z\u00e9s &#8211; \u00a310<br \/>\n2 sz\u00e1m + k\u00fcl\u00f6nleges sz\u00e1m &#8211; \u00a310<br \/>\n1 sz\u00e1m + k\u00fcl\u00f6nleges sz\u00e1m &#8211; \u00a35<br \/>\n0 sz\u00e1m + k\u00fcl\u00f6nleges sz\u00e1m &#8211; 3 font<\/p>\n<h2>Hogyan ig\u00e9nyelheti nyerem\u00e9ny\u00e9t<\/h2>\n<p>A nyerem\u00e9ny ig\u00e9nyl\u00e9s\u00e9nek m\u00f3dja att\u00f3l f\u00fcgg, hogyan v\u00e1s\u00e1rolta meg a lott\u00f3szelv\u00e9nyt. Ha a lott\u00f3szelv\u00e9nyt a mi oldalunkon kereszt\u00fcl adta be, akkor a nyerem\u00e9ny\u00e9t \u00fagy ig\u00e9nyelheti, hogy bejelentkezik a fi\u00f3kj\u00e1ba, \u00e9s kiveszi a nyerem\u00e9ny\u00e9t a platformunkon.<\/p>\n<p>Miel\u0151tt ig\u00e9nyeln\u00e9 nyerem\u00e9ny\u00e9t, fontos, hogy tudjon n\u00e9h\u00e1ny dolgot a lott\u00f3j\u00e1t\u00e9kr\u00f3l az Egyes\u00fclt Kir\u00e1lys\u00e1gban. Azt m\u00e1r tudjuk, hogy a lott\u00f3 \u00e1llampolg\u00e1rs\u00e1gt\u00f3l f\u00fcggetlen\u00fcl mindenki sz\u00e1m\u00e1ra nyitva \u00e1ll, azonban itt van n\u00e9h\u00e1ny dolog, amit \u00e9rdemes megjegyezni:<\/p>\n<ul>\n<li>A lott\u00f3n 16 \u00e9v feletti j\u00e1t\u00e9kosok vehetnek r\u00e9szt.<\/li>\n<li>A nyerem\u00e9nyeket egy \u00f6sszegben fizetik ki<\/li>\n<li>A lott\u00f3nyerem\u00e9nyeket nem kell megad\u00f3ztatni az orsz\u00e1gban. Ha azonban az orsz\u00e1gon k\u00edv\u00fclr\u0151l j\u00e1tszik, ellen\u0151rizze az orsz\u00e1ga ad\u00f3t\u00f6rv\u00e9nyeit.<\/li>\n<li>A nyerem\u00e9nyt 180 napon bel\u00fcl ig\u00e9nyelheti, miel\u0151tt az visszaker\u00fclne az alapba.<\/li>\n<li>Ha a lott\u00f3j\u00e1t\u00e9kra egy fizikai forgalmaz\u00f3n kereszt\u00fcl nevezett be, el\u0151fordulhat, hogy a nyerem\u00e9ny ig\u00e9nyl\u00e9s\u00e9hez kapcsolatba kell l\u00e9pnie a lott\u00f3 szervez\u0151ivel.<\/li>\n<\/ul>\n<h2>Mi\u00e9rt \u00e9rdemes vel\u00fcnk lott\u00f3zni<\/h2>\n<p>Mi egy testreszabott concierge-szolg\u00e1ltat\u00e1s vagyunk, amely a vil\u00e1g minden t\u00e1j\u00e1r\u00f3l hozz\u00e1f\u00e9r\u00e9st biztos\u00edt a legjobb nemzetk\u00f6zi lott\u00f3j\u00e1t\u00e9kokhoz a j\u00e1t\u00e9kosok sz\u00e1m\u00e1ra. \u00c9veket t\u00f6lt\u00f6tt\u00fcnk a folyamat finom\u00edt\u00e1s\u00e1val, hogy \u00fcgyfeleinknek kellemes \u00e9s stresszmentes, izgalmas \u00e9lm\u00e9nyt ny\u00fajtsunk.<\/p>\n<p>Ha regisztr\u00e1l n\u00e1lunk, akkor t\u00f6bb lott\u00f3j\u00e1t\u00e9kba is k\u00e9nyelmesen, egyetlen online platformr\u00f3l l\u00e9phet be. Tov\u00e1bbi biztons\u00e1got ny\u00fajtunk azzal a tudattal, hogy a nevez\u00e9si lapja biztons\u00e1gban van, \u00edgy nem kell agg\u00f3dnia, hogy elvesz\u00edti azt. Azzal a tudattal is megnyugodhat, hogy nem marad le egyetlen nyerem\u00e9nyr\u0151l sem, mert \u00e9rtes\u00edtj\u00fck, amint megnyert egy nyerem\u00e9nyt.<\/p>\n<p>Alapvet\u0151en mi elvesz\u00fcnk minden csavart \u00e9s nyikorg\u00e1st, ami a lott\u00f3z\u00e1ssal j\u00e1r, \u00edgy \u00d6n szabadon csin\u00e1lhatja azt, amit a legjobban \u00e9lvez: sz\u00f3rakozhat. Nem sz\u00e1m\u00edt, hogy hol van a vil\u00e1gon, ha van internetkapcsolata, r\u00e9szt vehet a legjobb nemzetk\u00f6zi lott\u00f3j\u00e1t\u00e9kokon.<\/p>\n<p>A jackpotlotteryonline.com oldalon sz\u00e1mos lehet\u0151s\u00e9ged van. J\u00e1tszhat egy vagy t\u00f6bb lott\u00f3n, r\u00e9szt vehet egy vagy t\u00f6bb sorsol\u00e1son, \u00e9s ak\u00e1r el\u0151fizet\u00e9st is be\u00e1ll\u00edthat, hogy a bejegyz\u00e9sek robotpil\u00f3t\u00e1val m\u0171k\u00f6djenek. Mi\u00e9rt ne l\u00e1togatna el hozz\u00e1nk m\u00e9g ma, hogy az Egyes\u00fclt Kir\u00e1lys\u00e1gon k\u00edv\u00fclr\u0151l is v\u00e1s\u00e1roljon Thunderball szelv\u00e9nyeket?<\/p>\n","protected":false},"excerpt":{"rendered":"<p>Az Egyes\u00fclt Kir\u00e1lys\u00e1gon bel\u00fcl nincs hi\u00e1ny lott\u00f3j\u00e1t\u00e9kokb\u00f3l, amelyeken a j\u00e1t\u00e9kosok j\u00e1tszhatnak. A lott\u00f3j\u00e1t\u00e9kokt\u00f3l kezdve a j\u00e1rad\u00e9kos j\u00e1t\u00e9kokig mindenki sz\u00e1m\u00e1ra van valami, r\u00e1ad\u00e1sul szinte minden nap. A fogad\u00f3k egyik kedvenc j\u00e1t\u00e9ka azonban a Thunderball. Ez az\u00e9rt \u00e9rdekes, mert ez egy olyan lott\u00f3, amely nem k\u00edn\u00e1l t\u00f6bb milli\u00f3 font \u00e9rt\u00e9k\u0171 jackpotot. S\u0151t, garant\u00e1lhatjuk, hogy m\u00e9g ha meg [&hellip;]<\/p>\n","protected":false},"author":1,"featured_media":0,"parent":35758,"menu_order":12,"comment_status":"closed","ping_status":"closed","template":"thunderball-info.php","meta":{"_et_pb_use_builder":"","_et_pb_old_content":"","_et_gb_content_width":"","exclude_from_search":false,"footnotes":""},"class_list":["post-37101","page","type-page","status-publish","hentry"],"yoast_head":"<!-- This site is optimized with the Yoast SEO plugin v23.3 - https:\/\/yoast.com\/wordpress\/plugins\/seo\/ -->\n<title>V\u00e1s\u00e1roljon Thunderball szelv\u00e9nyeket az Egyes\u00fclt Kir\u00e1lys\u00e1gon k\u00edv\u00fclr\u0151l | Thunderball lott\u00f3 online lott\u00f3z\u00f3<\/title>\n<meta name=\"description\" content=\"V\u00e1s\u00e1roljon Thunderball szelv\u00e9nyt az Egyes\u00fclt Kir\u00e1lys\u00e1gon k\u00edv\u00fclr\u0151l, ha itt online v\u00e1s\u00e1rolja meg! Szerezze be szkennelt Thunderball szelv\u00e9ny\u00e9t leg\u00e1lis szolg\u00e1ltat\u00e1sunkon kereszt\u00fcl!\" \/>\n<meta name=\"robots\" content=\"index, follow, max-snippet:-1, max-image-preview:large, max-video-preview:-1\" \/>\n<link rel=\"canonical\" href=\"https:\/\/jackpotlotteryonline.com\/hu\/jegyet-vasarolni\/thunderball\/\" \/>\n<meta property=\"og:locale\" content=\"hu_HU\" \/>\n<meta property=\"og:type\" content=\"article\" \/>\n<meta property=\"og:title\" content=\"V\u00e1s\u00e1roljon Thunderball szelv\u00e9nyeket az Egyes\u00fclt Kir\u00e1lys\u00e1gon k\u00edv\u00fclr\u0151l | Thunderball lott\u00f3 online lott\u00f3z\u00f3\" \/>\n<meta property=\"og:description\" content=\"V\u00e1s\u00e1roljon Thunderball szelv\u00e9nyt az Egyes\u00fclt Kir\u00e1lys\u00e1gon k\u00edv\u00fclr\u0151l, ha itt online v\u00e1s\u00e1rolja meg! Szerezze be szkennelt Thunderball szelv\u00e9ny\u00e9t leg\u00e1lis szolg\u00e1ltat\u00e1sunkon kereszt\u00fcl!\" \/>\n<meta property=\"og:url\" content=\"https:\/\/jackpotlotteryonline.com\/hu\/jegyet-vasarolni\/thunderball\/\" \/>\n<meta property=\"og:site_name\" content=\"Lotto Online - Crack The International Lottery Jackpots\" \/>\n<meta property=\"article:modified_time\" content=\"2023-01-04T08:42:09+00:00\" \/>\n<meta property=\"og:image\" content=\"http:\/\/jackpotlotteryonline.com\/wp-content\/uploads\/2022\/11\/1_you_win_jackpot-300x300.jpg\" \/>\n<meta name=\"twitter:card\" content=\"summary_large_image\" \/>\n<meta name=\"twitter:label1\" content=\"Becs\u00fclt olvas\u00e1si id\u0151\" \/>\n\t<meta name=\"twitter:data1\" content=\"5 perc\" \/>\n<!-- \/ Yoast SEO plugin. -->","yoast_head_json":{"title":"V\u00e1s\u00e1roljon Thunderball szelv\u00e9nyeket az Egyes\u00fclt Kir\u00e1lys\u00e1gon k\u00edv\u00fclr\u0151l | Thunderball lott\u00f3 online lott\u00f3z\u00f3","description":"V\u00e1s\u00e1roljon Thunderball szelv\u00e9nyt az Egyes\u00fclt Kir\u00e1lys\u00e1gon k\u00edv\u00fclr\u0151l, ha itt online v\u00e1s\u00e1rolja meg! Szerezze be szkennelt Thunderball szelv\u00e9ny\u00e9t leg\u00e1lis szolg\u00e1ltat\u00e1sunkon kereszt\u00fcl!","robots":{"index":"index","follow":"follow","max-snippet":"max-snippet:-1","max-image-preview":"max-image-preview:large","max-video-preview":"max-video-preview:-1"},"canonical":"https:\/\/jackpotlotteryonline.com\/hu\/jegyet-vasarolni\/thunderball\/","og_locale":"hu_HU","og_type":"article","og_title":"V\u00e1s\u00e1roljon Thunderball szelv\u00e9nyeket az Egyes\u00fclt Kir\u00e1lys\u00e1gon k\u00edv\u00fclr\u0151l | Thunderball lott\u00f3 online lott\u00f3z\u00f3","og_description":"V\u00e1s\u00e1roljon Thunderball szelv\u00e9nyt az Egyes\u00fclt Kir\u00e1lys\u00e1gon k\u00edv\u00fclr\u0151l, ha itt online v\u00e1s\u00e1rolja meg! Szerezze be szkennelt Thunderball szelv\u00e9ny\u00e9t leg\u00e1lis szolg\u00e1ltat\u00e1sunkon kereszt\u00fcl!","og_url":"https:\/\/jackpotlotteryonline.com\/hu\/jegyet-vasarolni\/thunderball\/","og_site_name":"Lotto Online - Crack The International Lottery Jackpots","article_modified_time":"2023-01-04T08:42:09+00:00","og_image":[{"url":"http:\/\/jackpotlotteryonline.com\/wp-content\/uploads\/2022\/11\/1_you_win_jackpot-300x300.jpg"}],"twitter_card":"summary_large_image","twitter_misc":{"Becs\u00fclt olvas\u00e1si id\u0151":"5 perc"},"schema":{"@context":"https:\/\/schema.org","@graph":[{"@type":"WebPage","@id":"https:\/\/jackpotlotteryonline.com\/hu\/jegyet-vasarolni\/thunderball\/","url":"https:\/\/jackpotlotteryonline.com\/hu\/jegyet-vasarolni\/thunderball\/","name":"V\u00e1s\u00e1roljon Thunderball szelv\u00e9nyeket az Egyes\u00fclt Kir\u00e1lys\u00e1gon k\u00edv\u00fclr\u0151l | Thunderball lott\u00f3 online lott\u00f3z\u00f3","isPartOf":{"@id":"https:\/\/jackpotlotteryonline.com\/#website"},"primaryImageOfPage":{"@id":"https:\/\/jackpotlotteryonline.com\/hu\/jegyet-vasarolni\/thunderball\/#primaryimage"},"image":{"@id":"https:\/\/jackpotlotteryonline.com\/hu\/jegyet-vasarolni\/thunderball\/#primaryimage"},"thumbnailUrl":"http:\/\/jackpotlotteryonline.com\/wp-content\/uploads\/2022\/11\/1_you_win_jackpot-300x300.jpg","datePublished":"2022-11-10T09:02:13+00:00","dateModified":"2023-01-04T08:42:09+00:00","description":"V\u00e1s\u00e1roljon Thunderball szelv\u00e9nyt az Egyes\u00fclt Kir\u00e1lys\u00e1gon k\u00edv\u00fclr\u0151l, ha itt online v\u00e1s\u00e1rolja meg! Szerezze be szkennelt Thunderball szelv\u00e9ny\u00e9t leg\u00e1lis szolg\u00e1ltat\u00e1sunkon kereszt\u00fcl!","breadcrumb":{"@id":"https:\/\/jackpotlotteryonline.com\/hu\/jegyet-vasarolni\/thunderball\/#breadcrumb"},"inLanguage":"hu","potentialAction":[{"@type":"ReadAction","target":["https:\/\/jackpotlotteryonline.com\/hu\/jegyet-vasarolni\/thunderball\/"]}]},{"@type":"ImageObject","inLanguage":"hu","@id":"https:\/\/jackpotlotteryonline.com\/hu\/jegyet-vasarolni\/thunderball\/#primaryimage","url":"http:\/\/jackpotlotteryonline.com\/wp-content\/uploads\/2022\/11\/1_you_win_jackpot-300x300.jpg","contentUrl":"http:\/\/jackpotlotteryonline.com\/wp-content\/uploads\/2022\/11\/1_you_win_jackpot-300x300.jpg"},{"@type":"BreadcrumbList","@id":"https:\/\/jackpotlotteryonline.com\/hu\/jegyet-vasarolni\/thunderball\/#breadcrumb","itemListElement":[{"@type":"ListItem","position":1,"name":"Home","item":"https:\/\/jackpotlotteryonline.com\/hu\/"},{"@type":"ListItem","position":2,"name":"Hogyan v\u00e1s\u00e1rolhat lott\u00f3szelv\u00e9nyeket online","item":"https:\/\/jackpotlotteryonline.com\/buy-tickets\/"},{"@type":"ListItem","position":3,"name":"Thunderball jegyek v\u00e1s\u00e1rl\u00e1sa"}]},{"@type":"WebSite","@id":"https:\/\/jackpotlotteryonline.com\/#website","url":"https:\/\/jackpotlotteryonline.com\/","name":"Lotto Online - Crack The International Lottery Jackpots","description":"","potentialAction":[{"@type":"SearchAction","target":{"@type":"EntryPoint","urlTemplate":"https:\/\/jackpotlotteryonline.com\/?s={search_term_string}"},"query-input":"required name=search_term_string"}],"inLanguage":"hu"}]}},"_links":{"self":[{"href":"https:\/\/jackpotlotteryonline.com\/hu\/wp-json\/wp\/v2\/pages\/37101","targetHints":{"allow":["GET"]}}],"collection":[{"href":"https:\/\/jackpotlotteryonline.com\/hu\/wp-json\/wp\/v2\/pages"}],"about":[{"href":"https:\/\/jackpotlotteryonline.com\/hu\/wp-json\/wp\/v2\/types\/page"}],"author":[{"embeddable":true,"href":"https:\/\/jackpotlotteryonline.com\/hu\/wp-json\/wp\/v2\/users\/1"}],"replies":[{"embeddable":true,"href":"https:\/\/jackpotlotteryonline.com\/hu\/wp-json\/wp\/v2\/comments?post=37101"}],"version-history":[{"count":0,"href":"https:\/\/jackpotlotteryonline.com\/hu\/wp-json\/wp\/v2\/pages\/37101\/revisions"}],"up":[{"embeddable":true,"href":"https:\/\/jackpotlotteryonline.com\/hu\/wp-json\/wp\/v2\/pages\/35758"}],"wp:attachment":[{"href":"https:\/\/jackpotlotteryonline.com\/hu\/wp-json\/wp\/v2\/media?parent=37101"}],"curies":[{"name":"wp","href":"https:\/\/api.w.org\/{rel}","templated":true}]}}