{"id":37156,"date":"2022-11-10T12:03:17","date_gmt":"2022-11-10T12:03:17","guid":{"rendered":"https:\/\/jackpotlotteryonline.com\/?page_id=37156"},"modified":"2022-12-24T15:05:07","modified_gmt":"2022-12-24T15:05:07","slug":"powerball-australia","status":"publish","type":"page","link":"https:\/\/jackpotlotteryonline.com\/hu\/jegyet-vasarolni\/powerball-australia\/","title":{"rendered":"Powerball Ausztr\u00e1lia szelv\u00e9nyek v\u00e1s\u00e1rl\u00e1sa"},"content":{"rendered":"<p>Amikor erre a lott\u00f3j\u00e1t\u00e9kra gondolsz, el\u0151sz\u00f6r az amerikai lott\u00f3 jut eszedbe, nem pedig az ausztr\u00e1l v\u00e1ltozat. Ezt a csod\u00e1latos lott\u00f3t az ausztr\u00e1l lott\u00f3rajong\u00f3k im\u00e1dj\u00e1k. A Powerball Australia gyorsan az egyik legn\u00e9pszer\u0171bb nemzetk\u00f6zi lott\u00f3j\u00e1t\u00e9kk\u00e1 v\u00e1lik, mivel a fogad\u00f3k vil\u00e1gszerte felismerik a benne rejl\u0151 lehet\u0151s\u00e9geket.<\/p>\n<p>A garant\u00e1lt minim\u00e1lis jackpot 3 milli\u00f3 doll\u00e1r, az \u00f6sszeg tov\u00e1bbg\u00f6rd\u00fcl, ha egy sorsol\u00e1s ut\u00e1n nincs nyertes. Ez t\u00f6bbsz\u00f6r is megism\u00e9tl\u0151dhet, am\u00edg el\u00e9g nagy nem lesz. A rekord\u00f6sszeg\u0171, 160 milli\u00f3 doll\u00e1ros jackpotot 2022 okt\u00f3ber\u00e9ben egyetlen szelv\u00e9nnyel nyert\u00e9k meg.<\/p>\n<p>Ha lott\u00f3j\u00e1t\u00e9kosk\u00e9nt szeretn\u00e9 kiterjeszteni a hat\u00f3k\u00f6r\u00e9t, akkor \u00e9rdemes megfontolnia a Powerball Australia-t. Sz\u00f3rakoztat\u00f3, tele van szellemis\u00e9ggel, \u00e9s lehet\u0151s\u00e9get ad a j\u00e1t\u00e9kosoknak arra, hogy nagyot nyerjenek az amerikai v\u00e1ltozat \u0151r\u00fclt es\u00e9lyei n\u00e9lk\u00fcl. R\u00e1ad\u00e1sul nem sz\u00e1m\u00edt, hogy hol \u00e9lsz, mivel online <a href=\"https:\/\/jackpotlotteryonline.com\/hu\/hogyan-kell-jatszani\/powerball-australia\">j\u00e1tszhatsz a jackpotlotteryonline.com oldalon.<\/a><\/p>\n<h2>Hogyan m\u0171k\u00f6dik a Powerball Australia?<\/h2>\n<p><img loading=\"lazy\" decoding=\"async\" class=\"size-full wp-image-31181 alignright\" src=\"https:\/\/jackpotlotteryonline.com\/wp-content\/uploads\/2022\/11\/logo_powerball-300x50-1.jpg\" alt=\"Powerball Ausztr\u00e1lia\" width=\"300\" height=\"50\" \/><\/p>\n<p>Ebben a lott\u00f3j\u00e1t\u00e9kban k\u00e9t k\u00fcl\u00f6nb\u00f6z\u0151 hord\u00f3ban k\u00e9t sz\u00e1msorral ell\u00e1tott goly\u00f3k vannak. A goly\u00f3kat v\u00e9letlenszer\u0171en h\u00fazz\u00e1k ki mindk\u00e9t hord\u00f3b\u00f3l, \u00e9s b\u00e1rmelyik be\u00e9rkezett p\u00e1ly\u00e1zat, amelyik megegyezik a kih\u00fazott sz\u00e1mokkal, nyer. Az els\u0151 hord\u00f3ban 35 goly\u00f3 van, \u00e9s a j\u00e1t\u00e9kosoknak 7 sz\u00e1mot kell kiv\u00e1lasztaniuk ebb\u0151l a tartom\u00e1nyb\u00f3l. A m\u00e1sodik hord\u00f3ban 20 sz\u00e1m van, \u00e9s a j\u00e1t\u00e9kosok ebb\u0151l a tartom\u00e1nyb\u00f3l EGY sz\u00e1mot v\u00e1lasztanak.<\/p>\n<p>Egy sorban 8 sz\u00e1m szerepel, \u00e9s egy szelv\u00e9nyen t\u00f6bb sor is szerepelhet. Tulajdonk\u00e9ppen aj\u00e1nlott t\u00f6bb sort be\u00edrni, hogy n\u00f6velje a nyer\u00e9si es\u00e9lyeket. A jackpot megnyer\u00e9s\u00e9nek es\u00e9lye 1:1:134.490.400-hoz.<\/p>\n<p>Igen, az es\u00e9lyek el\u00e9g magasak, de a lott\u00f3 \u00edgy m\u0171k\u00f6dik. Ez egy sz\u00e1mokkal j\u00e1tszott j\u00e1t\u00e9k, \u00e9s sok m\u00falik a szerencs\u00e9n. Nem lehet megmondani, hogy a szerencse mikor d\u00f6nt \u00fagy, hogy egy j\u00e1t\u00e9kosnak kedvez. R\u00e1ad\u00e1sul ez egy sz\u00f3rakoztat\u00f3 hobbi, am\u00edg ragaszkodik ahhoz, amit megengedhet mag\u00e1nak.<\/p>\n<h2>N\u00f6velheted a nyer\u00e9si es\u00e9lyeidet?<\/h2>\n<p>\u00c9rdekes m\u00f3don n\u00f6velheti a jackpot megnyer\u00e9s\u00e9nek es\u00e9ly\u00e9t. Nincs garant\u00e1lt m\u00f3dszer, b\u00e1r a legt\u00f6bb nyertes bevallja, hogy t\u00f6bbsz\u00f6r is j\u00e1tszott, miel\u0151tt nyert volna valamit. Ebben rejlik a titok.<\/p>\n<p>Legjobb tudom\u00e1sunk szerint a nyer\u00e9si es\u00e9lyeket \u00fagy billentheted a kedvedre, ha t\u00f6bb bel\u00e9p\u0151t v\u00e1s\u00e1rolsz. Ez t\u00f6bb bel\u00e9p\u00e9si sort \u00e9s t\u00f6bb sorsol\u00e1st jelent. A lott\u00f3 hetente egyszer, cs\u00fct\u00f6rt\u00f6k\u00f6nk\u00e9nt tart sorsol\u00e1st. Ha a mi oldalunkon v\u00e1s\u00e1rolja meg a szelv\u00e9nyeit, akkor a sorsol\u00e1sokon m\u00e1r hetekkel kor\u00e1bban r\u00e9szt vehet.<\/p>\n<p>Egy m\u00e1sik lehet\u0151s\u00e9g, hogy csatlakozik egy lott\u00f3szindik\u00e1tushoz. A szindik\u00e1tushoz val\u00f3 csatlakoz\u00e1s el\u0151nye, hogy a p\u00e9nzed sokkal messzebbre jut, mintha egyed\u00fcl j\u00e1tszan\u00e1l. Term\u00e9szetesen, ha egy szelv\u00e9ny nyer, a szindik\u00e1tus minden tagja osztozik a nyerem\u00e9nyen.<\/p>\n<section class=\"layout\" style=\"border: solid 1px; width: 100%;\">\n<div class=\"img-div\" style=\"margin-top: 5px;\"><img decoding=\"async\" class=\"wp-image-17212 alignleft\" style=\"height: 45px; margin: 8px 8px 0px;\" src=\"https:\/\/jackpotlotteryonline.com\/wp-content\/uploads\/2022\/11\/read1.jpg\" alt=\"olvasd el\" width=\"\" height=\"\" \/><\/div>\n<div style=\"padding-left: 5px;\">\n<div style=\"font-size: 1.1em;\">\n<p><strong>A nyertes lott\u00f3sz\u00e1mok k\u00e9zzel vagy egy RNG seg\u00edts\u00e9g\u00e9vel t\u00f6rt\u00e9n\u0151 kiv\u00e1laszt\u00e1sa<\/strong><\/p>\n<p style=\"font-size: 0.85em; margin-top: -1.5em;\">Hogyan lehet lott\u00f3nyer\u0151 sz\u00e1mokat gener\u00e1lni? <a href=\"https:\/\/jackpotlotteryonline.com\/hu\/hogyan-kell-generalni-nyero-lotto-szamok\">tov\u00e1bb<\/a><\/p>\n<\/div>\n<\/div>\n<\/section>\n<h2>Hogyan j\u00e1tsszon az ausztr\u00e1l lott\u00f3n online<\/h2>\n<p><img loading=\"lazy\" decoding=\"async\" class=\"alignright size-medium wp-image-34538\" src=\"https:\/\/jackpotlotteryonline.com\/wp-content\/uploads\/2022\/11\/2_ticket_powerball_au-157x300.jpg\" alt=\"Ausztr\u00e1l lott\u00f3szelv\u00e9ny\" width=\"157\" height=\"300\" srcset=\"https:\/\/jackpotlotteryonline.com\/wp-content\/uploads\/2022\/11\/2_ticket_powerball_au-157x300.jpg 157w, https:\/\/jackpotlotteryonline.com\/wp-content\/uploads\/2022\/11\/2_ticket_powerball_au.jpg 250w\" sizes=\"auto, (max-width: 157px) 100vw, 157px\" \/><\/p>\n<p>Online lott\u00f3zni egyszer\u0171, \u00e9s ezt b\u00e1rhol megteheti, ahol \u00e9ppen tart\u00f3zkodik. Ha ell\u00e1togat hozz\u00e1nk a jackpotlotteryonline.com oldalra, k\u00f6nnyed\u00e9n v\u00e1s\u00e1rolhat bel\u00e9p\u0151ket a legjobb nemzetk\u00f6zi lott\u00f3j\u00e1t\u00e9kokra, bele\u00e9rtve az ausztr\u00e1l lott\u00f3kat is. A bel\u00e9p\u0151k megv\u00e1s\u00e1rl\u00e1s\u00e1hoz egyszer\u0171en v\u00e1lassza ki a sz\u00e1mokat, \u00e9s l\u00e9pjen be a sorsol\u00e1sra. Ha nem tudja biztosan, hogy milyen sz\u00e1mokat haszn\u00e1ljon, haszn\u00e1lja a gyors v\u00e1laszt\u00e1si eszk\u00f6z\u00fcnket a v\u00e9letlenszer\u0171 sz\u00e1mok gener\u00e1l\u00e1s\u00e1hoz.<\/p>\n<p>Amikor a fizet\u00e9si oldalra \u00e9r, megk\u00e9rj\u00fck, hogy regisztr\u00e1ljon. Ez az\u00e9rt van, hogy a szelv\u00e9nye biztons\u00e1gban maradjon a sz\u00e1ml\u00e1j\u00e1n. A lott\u00f3j\u00e1t\u00e9kokat robotpil\u00f3t\u00e1ra is \u00e1ll\u00edthatod, \u00edgy automatikusan r\u00e9szt veszel az \u00e1ltalad v\u00e1lasztott sorsol\u00e1sokon. Amennyiben nyerem\u00e9nyt nyer, azonnal \u00e9rtes\u00edtj\u00fck \u00d6nt, majd a nyerem\u00e9nyt kiveheti a platformunkon.<\/p>\n<p>Kem\u00e9nyen dolgozunk azon, hogy leegyszer\u0171s\u00edts\u00fck a lott\u00f3z\u00e1si \u00e9lm\u00e9nyt az \u00d6n sz\u00e1m\u00e1ra, hogy \u00d6n nyugodtan pihenhessen \u00e9s a sz\u00f3rakoz\u00e1sra koncentr\u00e1lhasson.<\/p>\n<h2>D\u00edjfeloszt\u00e1sok<\/h2>\n<p>Ez az ausztr\u00e1l lott\u00f3 9 nyerem\u00e9nyoszt\u00e1llyal rendelkezik, \u00e9s a j\u00e1t\u00e9kosoknak nem kell mind a 8 kih\u00fazott sz\u00e1mot eltal\u00e1lniuk ahhoz, hogy nyerem\u00e9nyt nyerjenek. B\u00e1r a jackpot nyerem\u00e9ny 3 milli\u00f3 doll\u00e1rr\u00f3l indul, t\u00f6bbsz\u00f6r is megfordulhat, am\u00edg egy sokkal nagyobb nyerem\u00e9nyt nem kap.<\/p>\n<p>Ne feledje, hogy a jackpot nagys\u00e1g\u00e1nak nincs hat\u00e1ra, azonban csak 25-sz\u00f6r g\u00f6rd\u00fclhet \u00e1t, miel\u0151tt visszat\u00e9rne 3 milli\u00f3 doll\u00e1rra.<\/p>\n<p>Az als\u00f3bb oszt\u00e1lyokban a nyerem\u00e9nyek a nyerem\u00e9nyalap sz\u00e1zal\u00e9k\u00e1t jelentik. Megosztjuk az \u00e1tlagos nyerem\u00e9nyt, hogy k\u00e9pet kapjon r\u00f3la. Ez nem a garant\u00e1lt kifizet\u00e9s minden sorsol\u00e1sn\u00e1l, mivel az \u00f6sszegek v\u00e1ltozhatnak.<\/p>\n<p>7 f\u0151 sz\u00e1m + k\u00fcl\u00f6nleges sz\u00e1m &#8211; $23,043,155.47 (\u00e1tlagos nyerem\u00e9ny)<br \/>\nCsak a 7 sz\u00e1mok p\u00e1ros\u00edt\u00e1sa &#8211; $126,484.05<br \/>\n6 sz\u00e1m + k\u00fcl\u00f6nleges sz\u00e1m &#8211; $5,326.97<br \/>\nCsak 6 sz\u00e1mmal val\u00f3 p\u00e1ros\u00edt\u00e1s &#8211; $454,35<br \/>\n5 sz\u00e1m + k\u00fcl\u00f6nleges sz\u00e1m &#8211; $158,34<br \/>\n4 sz\u00e1m + k\u00fcl\u00f6nleges sz\u00e1m &#8211; $70,85<br \/>\nCsak 5 sz\u00e1mok p\u00e1ros\u00edt\u00e1sa &#8211; $42.23<br \/>\n3 sz\u00e1m + k\u00fcl\u00f6nleges sz\u00e1m &#8211; $17.57<br \/>\n2 sz\u00e1m + k\u00fcl\u00f6nleges sz\u00e1m &#8211; $10,71<\/p>\n<h2>Hogyan ellen\u0151rizheted az eredm\u00e9nyeket<\/h2>\n<p>Az eredm\u00e9nyeket minden sorsol\u00e1s ut\u00e1n k\u00f6zz\u00e9tessz\u00fck az oldalunkon. A sorsol\u00e1sokra minden cs\u00fct\u00f6rt\u00f6k\u00f6n 19:25-kor ker\u00fcl sor (AEST).<\/p>\n<p>Meg\u00e9rtj\u00fck, hogy n\u00e9ha az \u00e9let \u00fagy hozza, hogy nem tudod <a href=\"https:\/\/jackpotlotteryonline.com\/hu\/nyeroszamok\/powerball-australia\">azonnal ellen\u0151rizni a sorsol\u00e1s eredm\u00e9nyeit.<\/a> Ez\u00e9rt, ha megnyert\u00e9l egy nyerem\u00e9nyt, nem csak a fi\u00f3kodon kereszt\u00fcl \u00e9rtes\u00edt\u00fcnk, hanem egy e-mailt is k\u00fcld\u00fcnk neked. \u00cdgy nem kell lemaradnod a nyerem\u00e9nyed \u00e1tv\u00e9tel\u00e9r\u0151l.<\/p>\n<h2>Regisztr\u00e1ljon n\u00e1lunk, hogy online v\u00e1s\u00e1rolhasson Powerball Australia szelv\u00e9nyeket<\/h2>\n<p>Izgatottan v\u00e1rja a lott\u00f3j\u00e1t\u00e9k lehet\u0151s\u00e9g\u00e9t? Nos, mi is, \u00e9s \u00f6r\u00f6mmel hozzuk el egy mobileszk\u00f6zre az \u00d6n k\u00f6zel\u00e9ben. Amint van internetkapcsolata, megv\u00e1s\u00e1rolhatja a bel\u00e9p\u0151t az ausztr\u00e1l lott\u00f3ra.<\/p>\n<p>A lott\u00f3 egy sz\u00f3rakoztat\u00f3 j\u00e1t\u00e9k, \u00e9s mindenhol vannak t\u00f6rt\u00e9netek lott\u00f3nyertesekr\u0151l. \u00d6n lehet a k\u00f6vetkez\u0151 nyertes, de ezt nem tudja meg, hacsak nem vesz r\u00e9szt a sorsol\u00e1son. Mi leegyszer\u0171s\u00edtett\u00fck a folyamatot, hogy stresszmentes legyen az \u00d6n sz\u00e1m\u00e1ra. Nem kell elhagynia oldalunkat, hogy elv\u00e9gezze a lott\u00f3val kapcsolatos feladatokat. Ennyire egyszer\u0171.<\/p>\n<p>Nem sz\u00e1m\u00edt, hogy hol van a vil\u00e1gon, itt, az oldalunkon v\u00e1s\u00e1rolhat bel\u00e9p\u0151t a legnagyobb ausztr\u00e1l lott\u00f3j\u00e1t\u00e9kra. Regisztr\u00e1ljon n\u00e1lunk m\u00e9g ma.<\/p>\n","protected":false},"excerpt":{"rendered":"<p>Amikor erre a lott\u00f3j\u00e1t\u00e9kra gondolsz, el\u0151sz\u00f6r az amerikai lott\u00f3 jut eszedbe, nem pedig az ausztr\u00e1l v\u00e1ltozat. Ezt a csod\u00e1latos lott\u00f3t az ausztr\u00e1l lott\u00f3rajong\u00f3k im\u00e1dj\u00e1k. A Powerball Australia gyorsan az egyik legn\u00e9pszer\u0171bb nemzetk\u00f6zi lott\u00f3j\u00e1t\u00e9kk\u00e1 v\u00e1lik, mivel a fogad\u00f3k vil\u00e1gszerte felismerik a benne rejl\u0151 lehet\u0151s\u00e9geket. A garant\u00e1lt minim\u00e1lis jackpot 3 milli\u00f3 doll\u00e1r, az \u00f6sszeg tov\u00e1bbg\u00f6rd\u00fcl, ha egy [&hellip;]<\/p>\n","protected":false},"author":1,"featured_media":0,"parent":35758,"menu_order":17,"comment_status":"closed","ping_status":"closed","template":"powerball-au-info.php","meta":{"_et_pb_use_builder":"","_et_pb_old_content":"","_et_gb_content_width":"","exclude_from_search":false,"footnotes":""},"class_list":["post-37156","page","type-page","status-publish","hentry"],"yoast_head":"<!-- This site is optimized with the Yoast SEO plugin v23.3 - https:\/\/yoast.com\/wordpress\/plugins\/seo\/ -->\n<title>Powerball Australia szelv\u00e9ny v\u00e1s\u00e1rl\u00e1sa Ausztr\u00e1li\u00e1n k\u00edv\u00fclr\u0151l<\/title>\n<meta name=\"description\" content=\"A Powerball lott\u00f3 ausztr\u00e1l v\u00e1ltozata - r\u00e9szt vehetsz benne, ha egyszer\u0171en online v\u00e1s\u00e1rolsz egy szelv\u00e9nyt itt, a weboldalunkon.\" \/>\n<meta name=\"robots\" content=\"index, follow, max-snippet:-1, max-image-preview:large, max-video-preview:-1\" \/>\n<link rel=\"canonical\" href=\"https:\/\/jackpotlotteryonline.com\/hu\/jegyet-vasarolni\/powerball-australia\/\" \/>\n<meta property=\"og:locale\" content=\"hu_HU\" \/>\n<meta property=\"og:type\" content=\"article\" \/>\n<meta property=\"og:title\" content=\"Powerball Australia szelv\u00e9ny v\u00e1s\u00e1rl\u00e1sa Ausztr\u00e1li\u00e1n k\u00edv\u00fclr\u0151l\" \/>\n<meta property=\"og:description\" content=\"A Powerball lott\u00f3 ausztr\u00e1l v\u00e1ltozata - r\u00e9szt vehetsz benne, ha egyszer\u0171en online v\u00e1s\u00e1rolsz egy szelv\u00e9nyt itt, a weboldalunkon.\" \/>\n<meta property=\"og:url\" content=\"https:\/\/jackpotlotteryonline.com\/hu\/jegyet-vasarolni\/powerball-australia\/\" \/>\n<meta property=\"og:site_name\" content=\"Lotto Online - Crack The International Lottery Jackpots\" \/>\n<meta property=\"article:modified_time\" content=\"2022-12-24T15:05:07+00:00\" \/>\n<meta property=\"og:image\" content=\"https:\/\/jackpotlotteryonline.com\/wp-content\/uploads\/2022\/11\/logo_powerball-300x50-1.jpg\" \/>\n<meta name=\"twitter:card\" content=\"summary_large_image\" \/>\n<meta name=\"twitter:label1\" content=\"Becs\u00fclt olvas\u00e1si id\u0151\" \/>\n\t<meta name=\"twitter:data1\" content=\"4 perc\" \/>\n<!-- \/ Yoast SEO plugin. -->","yoast_head_json":{"title":"Powerball Australia szelv\u00e9ny v\u00e1s\u00e1rl\u00e1sa Ausztr\u00e1li\u00e1n k\u00edv\u00fclr\u0151l","description":"A Powerball lott\u00f3 ausztr\u00e1l v\u00e1ltozata - r\u00e9szt vehetsz benne, ha egyszer\u0171en online v\u00e1s\u00e1rolsz egy szelv\u00e9nyt itt, a weboldalunkon.","robots":{"index":"index","follow":"follow","max-snippet":"max-snippet:-1","max-image-preview":"max-image-preview:large","max-video-preview":"max-video-preview:-1"},"canonical":"https:\/\/jackpotlotteryonline.com\/hu\/jegyet-vasarolni\/powerball-australia\/","og_locale":"hu_HU","og_type":"article","og_title":"Powerball Australia szelv\u00e9ny v\u00e1s\u00e1rl\u00e1sa Ausztr\u00e1li\u00e1n k\u00edv\u00fclr\u0151l","og_description":"A Powerball lott\u00f3 ausztr\u00e1l v\u00e1ltozata - r\u00e9szt vehetsz benne, ha egyszer\u0171en online v\u00e1s\u00e1rolsz egy szelv\u00e9nyt itt, a weboldalunkon.","og_url":"https:\/\/jackpotlotteryonline.com\/hu\/jegyet-vasarolni\/powerball-australia\/","og_site_name":"Lotto Online - Crack The International Lottery Jackpots","article_modified_time":"2022-12-24T15:05:07+00:00","og_image":[{"url":"https:\/\/jackpotlotteryonline.com\/wp-content\/uploads\/2022\/11\/logo_powerball-300x50-1.jpg"}],"twitter_card":"summary_large_image","twitter_misc":{"Becs\u00fclt olvas\u00e1si id\u0151":"4 perc"},"schema":{"@context":"https:\/\/schema.org","@graph":[{"@type":"WebPage","@id":"https:\/\/jackpotlotteryonline.com\/hu\/jegyet-vasarolni\/powerball-australia\/","url":"https:\/\/jackpotlotteryonline.com\/hu\/jegyet-vasarolni\/powerball-australia\/","name":"Powerball Australia szelv\u00e9ny v\u00e1s\u00e1rl\u00e1sa Ausztr\u00e1li\u00e1n k\u00edv\u00fclr\u0151l","isPartOf":{"@id":"https:\/\/jackpotlotteryonline.com\/#website"},"primaryImageOfPage":{"@id":"https:\/\/jackpotlotteryonline.com\/hu\/jegyet-vasarolni\/powerball-australia\/#primaryimage"},"image":{"@id":"https:\/\/jackpotlotteryonline.com\/hu\/jegyet-vasarolni\/powerball-australia\/#primaryimage"},"thumbnailUrl":"https:\/\/jackpotlotteryonline.com\/wp-content\/uploads\/2022\/11\/logo_powerball-300x50-1.jpg","datePublished":"2022-11-10T12:03:17+00:00","dateModified":"2022-12-24T15:05:07+00:00","description":"A Powerball lott\u00f3 ausztr\u00e1l v\u00e1ltozata - r\u00e9szt vehetsz benne, ha egyszer\u0171en online v\u00e1s\u00e1rolsz egy szelv\u00e9nyt itt, a weboldalunkon.","breadcrumb":{"@id":"https:\/\/jackpotlotteryonline.com\/hu\/jegyet-vasarolni\/powerball-australia\/#breadcrumb"},"inLanguage":"hu","potentialAction":[{"@type":"ReadAction","target":["https:\/\/jackpotlotteryonline.com\/hu\/jegyet-vasarolni\/powerball-australia\/"]}]},{"@type":"ImageObject","inLanguage":"hu","@id":"https:\/\/jackpotlotteryonline.com\/hu\/jegyet-vasarolni\/powerball-australia\/#primaryimage","url":"https:\/\/jackpotlotteryonline.com\/wp-content\/uploads\/2022\/11\/logo_powerball-300x50-1.jpg","contentUrl":"https:\/\/jackpotlotteryonline.com\/wp-content\/uploads\/2022\/11\/logo_powerball-300x50-1.jpg"},{"@type":"BreadcrumbList","@id":"https:\/\/jackpotlotteryonline.com\/hu\/jegyet-vasarolni\/powerball-australia\/#breadcrumb","itemListElement":[{"@type":"ListItem","position":1,"name":"Home","item":"https:\/\/jackpotlotteryonline.com\/hu\/"},{"@type":"ListItem","position":2,"name":"Hogyan v\u00e1s\u00e1rolhat lott\u00f3szelv\u00e9nyeket online","item":"https:\/\/jackpotlotteryonline.com\/buy-tickets\/"},{"@type":"ListItem","position":3,"name":"Powerball Ausztr\u00e1lia szelv\u00e9nyek v\u00e1s\u00e1rl\u00e1sa"}]},{"@type":"WebSite","@id":"https:\/\/jackpotlotteryonline.com\/#website","url":"https:\/\/jackpotlotteryonline.com\/","name":"Lotto Online - Crack The International Lottery Jackpots","description":"","potentialAction":[{"@type":"SearchAction","target":{"@type":"EntryPoint","urlTemplate":"https:\/\/jackpotlotteryonline.com\/?s={search_term_string}"},"query-input":"required name=search_term_string"}],"inLanguage":"hu"}]}},"_links":{"self":[{"href":"https:\/\/jackpotlotteryonline.com\/hu\/wp-json\/wp\/v2\/pages\/37156","targetHints":{"allow":["GET"]}}],"collection":[{"href":"https:\/\/jackpotlotteryonline.com\/hu\/wp-json\/wp\/v2\/pages"}],"about":[{"href":"https:\/\/jackpotlotteryonline.com\/hu\/wp-json\/wp\/v2\/types\/page"}],"author":[{"embeddable":true,"href":"https:\/\/jackpotlotteryonline.com\/hu\/wp-json\/wp\/v2\/users\/1"}],"replies":[{"embeddable":true,"href":"https:\/\/jackpotlotteryonline.com\/hu\/wp-json\/wp\/v2\/comments?post=37156"}],"version-history":[{"count":0,"href":"https:\/\/jackpotlotteryonline.com\/hu\/wp-json\/wp\/v2\/pages\/37156\/revisions"}],"up":[{"embeddable":true,"href":"https:\/\/jackpotlotteryonline.com\/hu\/wp-json\/wp\/v2\/pages\/35758"}],"wp:attachment":[{"href":"https:\/\/jackpotlotteryonline.com\/hu\/wp-json\/wp\/v2\/media?parent=37156"}],"curies":[{"name":"wp","href":"https:\/\/api.w.org\/{rel}","templated":true}]}}