{"id":37211,"date":"2022-11-11T06:21:05","date_gmt":"2022-11-11T06:21:05","guid":{"rendered":"https:\/\/jackpotlotteryonline.com\/?page_id=37211"},"modified":"2022-12-24T10:24:29","modified_gmt":"2022-12-24T10:24:29","slug":"oz-lotto","status":"publish","type":"page","link":"https:\/\/jackpotlotteryonline.com\/hu\/jegyet-vasarolni\/oz-lotto\/","title":{"rendered":"Oz Lotto jegyek v\u00e1s\u00e1rl\u00e1sa"},"content":{"rendered":"<p>Az Oz Lotto az els\u0151 ausztr\u00e1l nemzeti lott\u00f3. 1994-ben indult, \u00e9s a nagyvonal\u00fa jackpot nyerem\u00e9nye miatt mindenhol n\u00e9pszer\u0171v\u00e9 v\u00e1lt a szerencsej\u00e1t\u00e9kosok k\u00f6r\u00e9ben. A j\u00e1t\u00e9kosok sz\u00e1m\u00e1ra nem csak a nagy jackpot vonz\u00f3.<\/p>\n<p>A k\u00fcl\u00f6nb\u00f6z\u0151 lott\u00f3j\u00e1t\u00e9koknak megvannak a maguk szab\u00e1lyai \u00e9s m\u00f3dszerei, de egy dolog k\u00f6z\u00f6s benn\u00fck: az es\u00e9lyek nem mindig kedvez\u0151ek. Ez azonban nem \u00edgy van enn\u00e9l az ausztr\u00e1l lott\u00f3n\u00e1l. Ha olyan lott\u00f3t keres, amely hihetetlen es\u00e9lyekkel rendelkezik, akkor j\u00e1tsszon ezen az \u00f3zdi lott\u00f3n.<\/p>\n<p>\u00c1ltal\u00e1noss\u00e1gban elmondhat\u00f3, hogy a lott\u00f3j\u00e1t\u00e9kok azon orsz\u00e1gok lakosai sz\u00e1m\u00e1ra nyitottak, ahol a lott\u00f3 sz\u00e9khelye tal\u00e1lhat\u00f3. \u00cdgy ez a lott\u00f3 azok sz\u00e1m\u00e1ra is nyitott, akik Ausztr\u00e1li\u00e1ban \u00e9lnek. Nem kell \u00e1llampolg\u00e1rnak lennie ahhoz, hogy r\u00e9szt vegyen a lott\u00f3n. Ha azonban az orsz\u00e1gon k\u00edv\u00fcl \u00e9l, akkor a lott\u00f3szelv\u00e9nyeket online kell megv\u00e1s\u00e1rolnia.<\/p>\n<h2>Hogyan v\u00e1s\u00e1rolhat Oz lott\u00f3szelv\u00e9nyeket a vil\u00e1g minden t\u00e1j\u00e1n<\/h2>\n<p><img loading=\"lazy\" decoding=\"async\" class=\"alignright size-full wp-image-31532\" src=\"http:\/\/jackpotlotteryonline.com\/wp-content\/uploads\/2022\/11\/lottoballs.jpg\" alt=\"Oz lott\u00f3\" width=\"245\" height=\"123\" \/><\/p>\n<p>A legk\u00e9nyelmesebb \u00e9s legegyszer\u0171bb m\u00f3dja annak, hogy Ausztr\u00e1li\u00e1n k\u00edv\u00fclr\u0151l is hozz\u00e1f\u00e9rjen az Oz lott\u00f3hoz, az interneten kereszt\u00fcl. Vannak olyan online lott\u00f3\u00e9rt\u00e9kes\u00edt\u0151k, amelyek hozz\u00e1f\u00e9r\u00e9st biztos\u00edtanak a j\u00e1t\u00e9kosoknak a legjobb nemzetk\u00f6zi lott\u00f3j\u00e1t\u00e9kokhoz. Ezek az oldalak t\u00f6rv\u00e9nyes lehet\u0151s\u00e9get biztos\u00edtanak a j\u00e1t\u00e9kosok sz\u00e1m\u00e1ra vil\u00e1gszerte, hogy kipr\u00f3b\u00e1lhass\u00e1k magukat a milli\u00f3k megnyer\u00e9s\u00e9ben.<\/p>\n<p>Az internet szinte v\u00e9gtelen lehet\u0151s\u00e9gek vil\u00e1g\u00e1t k\u00edn\u00e1lja, \u00e9s nem mindegyik pozit\u00edv. B\u00e1rmely v\u00e9letlenszer\u0171 lott\u00f3oldal keres\u00e9se kellemetlen tapasztalatokhoz vezethet. Ez\u00e9rt mindig j\u00f3 \u00f6tlet olyan megb\u00edzhat\u00f3 oldalakat keresni, amelyeknek m\u00e1r van tapasztalata a fogad\u00f3kkal. Az al\u00e1bbiakban tippeket osztunk meg, amelyek seg\u00edtenek kiv\u00e1lasztani a megfelel\u0151 lott\u00f3\u00e9rt\u00e9kes\u00edt\u0151t az interneten.<\/p>\n<h2>Tippek a megfelel\u0151 lott\u00f3oldal haszn\u00e1lat\u00e1hoz<\/h2>\n<p>Csak olyan elad\u00f3kat haszn\u00e1ljon, amelyek a t\u00f6rv\u00e9ny szerint be vannak jegyezve. Egy t\u00f6rv\u00e9nyes lott\u00f3\u00e9rt\u00e9kes\u00edt\u0151nek m\u0171k\u00f6d\u00e9si enged\u00e9llyel \u00e9s bejegyzett irod\u00e1val kell rendelkeznie. Ezeket az adatokat a hiteless\u00e9g \u00e9rdek\u00e9ben fel kell t\u00fcntetni a weboldalon.<\/p>\n<p>Gy\u0151z\u0151dj\u00f6n meg arr\u00f3l, hogy a nemzetk\u00f6zi lott\u00f3j\u00e1t\u00e9kok sz\u00e9les v\u00e1laszt\u00e9k\u00e1val rendelkeznek. Nincs \u00e9rtelme olyan webhelyen regisztr\u00e1lni, amely csak n\u00e9h\u00e1ny lott\u00f3j\u00e1t\u00e9kot jelen\u00edt meg. Az <a href=\"https:\/\/jackpotlotteryonline.com\/hu\/hogyan-kell-jatszani\/oz-lotto\">internetes lott\u00f3j\u00e1t\u00e9k<\/a> f\u0151 l\u00e9nyege a hozz\u00e1f\u00e9rhet\u0151s\u00e9g \u00e9s a k\u00e9nyelem. Mi lehet k\u00e9nyelmesebb, mint az, hogy egyetlen online helyr\u0151l t\u00f6bb nemzetk\u00f6zi lott\u00f3j\u00e1t\u00e9kra is benevezhet?<\/p>\n<p>Ha lott\u00f3zni szeretne, haszn\u00e1ljon egy portaszolg\u00e1lati oldalt. Ez ut\u00f3bbi tipp nagyon fontos, mert \u00edgy an\u00e9lk\u00fcl v\u00e1lhat meg a p\u00e9nz\u00e9t\u0151l, hogy t\u00e9nylegesen r\u00e9szt venne a lott\u00f3n. Egyes lott\u00f3oldalak ugyanis lehet\u0151v\u00e9 teszik a j\u00e1t\u00e9kosok sz\u00e1m\u00e1ra, hogy fogadjanak az eredm\u00e9nyre. Teh\u00e1t m\u00e9g ha a sz\u00e1mok egyeznek is, akkor is csak a jackpot t\u00f6red\u00e9k\u00e9re leszel jogosult, mert nem vett\u00e9l r\u00e9szt a lott\u00f3n.<\/p>\n<section class=\"layout\" style=\"border: solid 1px; width: 100%;\">\n<div class=\"img-div\" style=\"margin-top: 5px;\"><img decoding=\"async\" class=\"wp-image-17212 alignleft\" style=\"height: 45px; margin: 8px 8px 0px;\" src=\"http:\/\/jackpotlotteryonline.com\/wp-content\/uploads\/2022\/11\/read1.jpg\" alt=\"olvasd el\" width=\"\" height=\"\" \/><\/div>\n<div style=\"padding-left: 5px;\">\n<div style=\"font-size: 1.1em;\">\n<p><strong>Lott\u00f3csal\u00e1sok, amelyekkel tiszt\u00e1ban kell lennie<\/strong><\/p>\n<p style=\"font-size: 0.85em; margin-top: -1.5em;\">Ne d\u0151lj be a lott\u00f3csapd\u00e1knak! <a href=\"https:\/\/jackpotlotteryonline.com\/hu\/ovakodjon-az-online-lotto-atveresektol\">tov\u00e1bb<\/a><\/p>\n<\/div>\n<\/div>\n<\/section>\n<h2>Regisztr\u00e1ljon n\u00e1lunk, hogy r\u00e9szt vehessen az online lott\u00f3n<\/h2>\n<p><img loading=\"lazy\" decoding=\"async\" class=\"size-medium wp-image-34403 alignright\" src=\"http:\/\/jackpotlotteryonline.com\/wp-content\/uploads\/2022\/11\/2_ticket_oz_lotto2-179x300.jpg\" alt=\"Oz Lotto szelv\u00e9nyek\" width=\"179\" height=\"300\" srcset=\"https:\/\/jackpotlotteryonline.com\/wp-content\/uploads\/2022\/11\/2_ticket_oz_lotto2-179x300.jpg 179w, https:\/\/jackpotlotteryonline.com\/wp-content\/uploads\/2022\/11\/2_ticket_oz_lotto2.jpg 250w\" sizes=\"auto, (max-width: 179px) 100vw, 179px\" \/><\/p>\n<p>A lott\u00f3szelv\u00e9ny v\u00e1s\u00e1rl\u00e1sa az interneten vagy mobilalkalmaz\u00e1son kereszt\u00fcl egyszer\u0171 \u00e9s probl\u00e9mamentes. Miut\u00e1n megtal\u00e1lta a k\u00edv\u00e1nt forgalmaz\u00f3t, l\u00e1togasson el az oldalukra, \u00e9s v\u00e1lassza ki a k\u00edv\u00e1nt lott\u00f3t. A k\u00f6vetkez\u0151 l\u00e9p\u00e9s a sz\u00e1mok kiv\u00e1laszt\u00e1sa. Az Oz Lotto eset\u00e9ben t\u00edz sz\u00e1mot kell kiv\u00e1lasztania 1 \u00e9s 47 k\u00f6z\u00f6tt.<\/p>\n<p><a href=\"https:\/\/jackpotlotteryonline.com\/hu\/nyeroszamok\/oz-lotto\">L\u00e9pjen be a sorsol\u00e1sra \u00e9s fizessen<\/a>. A sorsol\u00e1sra hetente egyszer, kedden ker\u00fcl sor. Az online j\u00e1t\u00e9k \u00e9rdekess\u00e9ge, hogy t\u00f6bb szelv\u00e9nyt is v\u00e1s\u00e1rolhat, \u00e9s t\u00f6bb sorsol\u00e1sra is benevezhet el\u0151re. Tov\u00e1bb\u00e1, ha nem vagy biztos abban, hogy milyen sz\u00e1mot v\u00e1lassz, k\u00f6nnyen haszn\u00e1lhatod az automatikus sz\u00e1mv\u00e1laszt\u00f3 programot.<\/p>\n<p>Mint mondtuk, az interneten kereszt\u00fcl t\u00f6rt\u00e9n\u0151 lott\u00f3j\u00e1t\u00e9k k\u00e9nyelmes \u00e9s stresszmentes m\u00f3dja annak, hogy kellemes \u00e9lm\u00e9nyben legyen r\u00e9sze. Ak\u00e1r tapasztalt j\u00e1t\u00e9kos vagy, ak\u00e1r kezd\u0151, itt egy csod\u00e1latos utaz\u00e1sban lehet r\u00e9szed. Portaszolg\u00e1lataink t\u00f6rv\u00e9nyes m\u00f3dot biztos\u00edtanak a j\u00e1t\u00e9kosoknak a lott\u00f3ba val\u00f3 bel\u00e9p\u00e9shez. Ha t\u0151l\u00fcnk v\u00e1s\u00e1rol Oz lott\u00f3szelv\u00e9nyt, akkor val\u00f3di \u00fczletet kap.<\/p>\n","protected":false},"excerpt":{"rendered":"<p>Az Oz Lotto az els\u0151 ausztr\u00e1l nemzeti lott\u00f3. 1994-ben indult, \u00e9s a nagyvonal\u00fa jackpot nyerem\u00e9nye miatt mindenhol n\u00e9pszer\u0171v\u00e9 v\u00e1lt a szerencsej\u00e1t\u00e9kosok k\u00f6r\u00e9ben. A j\u00e1t\u00e9kosok sz\u00e1m\u00e1ra nem csak a nagy jackpot vonz\u00f3. A k\u00fcl\u00f6nb\u00f6z\u0151 lott\u00f3j\u00e1t\u00e9koknak megvannak a maguk szab\u00e1lyai \u00e9s m\u00f3dszerei, de egy dolog k\u00f6z\u00f6s benn\u00fck: az es\u00e9lyek nem mindig kedvez\u0151ek. Ez azonban nem \u00edgy van [&hellip;]<\/p>\n","protected":false},"author":1,"featured_media":0,"parent":35758,"menu_order":16,"comment_status":"closed","ping_status":"closed","template":"","meta":{"_et_pb_use_builder":"","_et_pb_old_content":"","_et_gb_content_width":"","exclude_from_search":false,"footnotes":""},"class_list":["post-37211","page","type-page","status-publish","hentry"],"yoast_head":"<!-- This site is optimized with the Yoast SEO plugin v23.3 - https:\/\/yoast.com\/wordpress\/plugins\/seo\/ -->\n<title>V\u00e1s\u00e1roljon Oz Lotto szelv\u00e9nyeket Ausztr\u00e1li\u00e1n k\u00edv\u00fclr\u0151l | Oz Lotto szelv\u00e9nyek online v\u00e1s\u00e1rl\u00e1sa<\/title>\n<meta name=\"description\" content=\"OZ Lotto j\u00e1tszhat\u00f3 az \u00d6n sz\u00e1m\u00e1ra, ha nem Ausztr\u00e1li\u00e1ban \u00e9l, akkor is tudunk \u00d6nnek leg\u00e1lis szelv\u00e9nyt szerezni erre az ausztr\u00e1l lott\u00f3ra online.\" \/>\n<meta name=\"robots\" content=\"index, follow, max-snippet:-1, max-image-preview:large, max-video-preview:-1\" \/>\n<link rel=\"canonical\" href=\"https:\/\/jackpotlotteryonline.com\/hu\/jegyet-vasarolni\/oz-lotto\/\" \/>\n<meta property=\"og:locale\" content=\"hu_HU\" \/>\n<meta property=\"og:type\" content=\"article\" \/>\n<meta property=\"og:title\" content=\"V\u00e1s\u00e1roljon Oz Lotto szelv\u00e9nyeket Ausztr\u00e1li\u00e1n k\u00edv\u00fclr\u0151l | Oz Lotto szelv\u00e9nyek online v\u00e1s\u00e1rl\u00e1sa\" \/>\n<meta property=\"og:description\" content=\"OZ Lotto j\u00e1tszhat\u00f3 az \u00d6n sz\u00e1m\u00e1ra, ha nem Ausztr\u00e1li\u00e1ban \u00e9l, akkor is tudunk \u00d6nnek leg\u00e1lis szelv\u00e9nyt szerezni erre az ausztr\u00e1l lott\u00f3ra online.\" \/>\n<meta property=\"og:url\" content=\"https:\/\/jackpotlotteryonline.com\/hu\/jegyet-vasarolni\/oz-lotto\/\" \/>\n<meta property=\"og:site_name\" content=\"Lotto Online - Crack The International Lottery Jackpots\" \/>\n<meta property=\"article:modified_time\" content=\"2022-12-24T10:24:29+00:00\" \/>\n<meta property=\"og:image\" content=\"http:\/\/jackpotlotteryonline.com\/wp-content\/uploads\/2022\/11\/lottoballs.jpg\" \/>\n<meta name=\"twitter:card\" content=\"summary_large_image\" \/>\n<meta name=\"twitter:label1\" content=\"Becs\u00fclt olvas\u00e1si id\u0151\" \/>\n\t<meta name=\"twitter:data1\" content=\"3 perc\" \/>\n<!-- \/ Yoast SEO plugin. -->","yoast_head_json":{"title":"V\u00e1s\u00e1roljon Oz Lotto szelv\u00e9nyeket Ausztr\u00e1li\u00e1n k\u00edv\u00fclr\u0151l | Oz Lotto szelv\u00e9nyek online v\u00e1s\u00e1rl\u00e1sa","description":"OZ Lotto j\u00e1tszhat\u00f3 az \u00d6n sz\u00e1m\u00e1ra, ha nem Ausztr\u00e1li\u00e1ban \u00e9l, akkor is tudunk \u00d6nnek leg\u00e1lis szelv\u00e9nyt szerezni erre az ausztr\u00e1l lott\u00f3ra online.","robots":{"index":"index","follow":"follow","max-snippet":"max-snippet:-1","max-image-preview":"max-image-preview:large","max-video-preview":"max-video-preview:-1"},"canonical":"https:\/\/jackpotlotteryonline.com\/hu\/jegyet-vasarolni\/oz-lotto\/","og_locale":"hu_HU","og_type":"article","og_title":"V\u00e1s\u00e1roljon Oz Lotto szelv\u00e9nyeket Ausztr\u00e1li\u00e1n k\u00edv\u00fclr\u0151l | Oz Lotto szelv\u00e9nyek online v\u00e1s\u00e1rl\u00e1sa","og_description":"OZ Lotto j\u00e1tszhat\u00f3 az \u00d6n sz\u00e1m\u00e1ra, ha nem Ausztr\u00e1li\u00e1ban \u00e9l, akkor is tudunk \u00d6nnek leg\u00e1lis szelv\u00e9nyt szerezni erre az ausztr\u00e1l lott\u00f3ra online.","og_url":"https:\/\/jackpotlotteryonline.com\/hu\/jegyet-vasarolni\/oz-lotto\/","og_site_name":"Lotto Online - Crack The International Lottery Jackpots","article_modified_time":"2022-12-24T10:24:29+00:00","og_image":[{"url":"http:\/\/jackpotlotteryonline.com\/wp-content\/uploads\/2022\/11\/lottoballs.jpg"}],"twitter_card":"summary_large_image","twitter_misc":{"Becs\u00fclt olvas\u00e1si id\u0151":"3 perc"},"schema":{"@context":"https:\/\/schema.org","@graph":[{"@type":"WebPage","@id":"https:\/\/jackpotlotteryonline.com\/hu\/jegyet-vasarolni\/oz-lotto\/","url":"https:\/\/jackpotlotteryonline.com\/hu\/jegyet-vasarolni\/oz-lotto\/","name":"V\u00e1s\u00e1roljon Oz Lotto szelv\u00e9nyeket Ausztr\u00e1li\u00e1n k\u00edv\u00fclr\u0151l | Oz Lotto szelv\u00e9nyek online v\u00e1s\u00e1rl\u00e1sa","isPartOf":{"@id":"https:\/\/jackpotlotteryonline.com\/#website"},"primaryImageOfPage":{"@id":"https:\/\/jackpotlotteryonline.com\/hu\/jegyet-vasarolni\/oz-lotto\/#primaryimage"},"image":{"@id":"https:\/\/jackpotlotteryonline.com\/hu\/jegyet-vasarolni\/oz-lotto\/#primaryimage"},"thumbnailUrl":"http:\/\/jackpotlotteryonline.com\/wp-content\/uploads\/2022\/11\/lottoballs.jpg","datePublished":"2022-11-11T06:21:05+00:00","dateModified":"2022-12-24T10:24:29+00:00","description":"OZ Lotto j\u00e1tszhat\u00f3 az \u00d6n sz\u00e1m\u00e1ra, ha nem Ausztr\u00e1li\u00e1ban \u00e9l, akkor is tudunk \u00d6nnek leg\u00e1lis szelv\u00e9nyt szerezni erre az ausztr\u00e1l lott\u00f3ra online.","breadcrumb":{"@id":"https:\/\/jackpotlotteryonline.com\/hu\/jegyet-vasarolni\/oz-lotto\/#breadcrumb"},"inLanguage":"hu","potentialAction":[{"@type":"ReadAction","target":["https:\/\/jackpotlotteryonline.com\/hu\/jegyet-vasarolni\/oz-lotto\/"]}]},{"@type":"ImageObject","inLanguage":"hu","@id":"https:\/\/jackpotlotteryonline.com\/hu\/jegyet-vasarolni\/oz-lotto\/#primaryimage","url":"http:\/\/jackpotlotteryonline.com\/wp-content\/uploads\/2022\/11\/lottoballs.jpg","contentUrl":"http:\/\/jackpotlotteryonline.com\/wp-content\/uploads\/2022\/11\/lottoballs.jpg"},{"@type":"BreadcrumbList","@id":"https:\/\/jackpotlotteryonline.com\/hu\/jegyet-vasarolni\/oz-lotto\/#breadcrumb","itemListElement":[{"@type":"ListItem","position":1,"name":"Home","item":"https:\/\/jackpotlotteryonline.com\/hu\/"},{"@type":"ListItem","position":2,"name":"Hogyan v\u00e1s\u00e1rolhat lott\u00f3szelv\u00e9nyeket online","item":"https:\/\/jackpotlotteryonline.com\/buy-tickets\/"},{"@type":"ListItem","position":3,"name":"Oz Lotto jegyek v\u00e1s\u00e1rl\u00e1sa"}]},{"@type":"WebSite","@id":"https:\/\/jackpotlotteryonline.com\/#website","url":"https:\/\/jackpotlotteryonline.com\/","name":"Lotto Online - Crack The International Lottery Jackpots","description":"","potentialAction":[{"@type":"SearchAction","target":{"@type":"EntryPoint","urlTemplate":"https:\/\/jackpotlotteryonline.com\/?s={search_term_string}"},"query-input":"required name=search_term_string"}],"inLanguage":"hu"}]}},"_links":{"self":[{"href":"https:\/\/jackpotlotteryonline.com\/hu\/wp-json\/wp\/v2\/pages\/37211","targetHints":{"allow":["GET"]}}],"collection":[{"href":"https:\/\/jackpotlotteryonline.com\/hu\/wp-json\/wp\/v2\/pages"}],"about":[{"href":"https:\/\/jackpotlotteryonline.com\/hu\/wp-json\/wp\/v2\/types\/page"}],"author":[{"embeddable":true,"href":"https:\/\/jackpotlotteryonline.com\/hu\/wp-json\/wp\/v2\/users\/1"}],"replies":[{"embeddable":true,"href":"https:\/\/jackpotlotteryonline.com\/hu\/wp-json\/wp\/v2\/comments?post=37211"}],"version-history":[{"count":0,"href":"https:\/\/jackpotlotteryonline.com\/hu\/wp-json\/wp\/v2\/pages\/37211\/revisions"}],"up":[{"embeddable":true,"href":"https:\/\/jackpotlotteryonline.com\/hu\/wp-json\/wp\/v2\/pages\/35758"}],"wp:attachment":[{"href":"https:\/\/jackpotlotteryonline.com\/hu\/wp-json\/wp\/v2\/media?parent=37211"}],"curies":[{"name":"wp","href":"https:\/\/api.w.org\/{rel}","templated":true}]}}