{"id":37267,"date":"2022-11-11T08:17:02","date_gmt":"2022-11-11T08:17:02","guid":{"rendered":"https:\/\/jackpotlotteryonline.com\/?page_id=37267"},"modified":"2022-12-24T20:17:18","modified_gmt":"2022-12-24T20:17:18","slug":"saturday-lotto","status":"publish","type":"page","link":"https:\/\/jackpotlotteryonline.com\/hu\/jegyet-vasarolni\/saturday-lotto\/","title":{"rendered":"V\u00e1s\u00e1roljon szelv\u00e9nyeket a szombati Lotto Ausztr\u00e1lia"},"content":{"rendered":"<p>Ausztr\u00e1li\u00e1ban rengeteg lott\u00f3 van, mint p\u00e9ld\u00e1ul a szerdai lott\u00f3, a Powerball \u00e9s a szombati lott\u00f3 Ausztr\u00e1lia. A szombati lott\u00f3 n\u00e9pszer\u0171 a j\u00e1t\u00e9kosok k\u00f6r\u00e9ben, \u00e9s minden h\u00e9ten ad valamit, amit az emberek v\u00e1rhatnak. Amikor ez a lott\u00f3 el\u0151sz\u00f6r indult, csak az \u00d3zban \u00e9l\u0151 j\u00e1t\u00e9kosok vehettek r\u00e9szt benne. Szerencs\u00e9re ma m\u00e1r a vil\u00e1g minden t\u00e1j\u00e1n r\u00e9szt vehetnek a szombati lott\u00f3n.<\/p>\n<p>Hogyan v\u00e1s\u00e1rolhat szelv\u00e9nyt a szombati lott\u00f3ra az orsz\u00e1gon k\u00edv\u00fclr\u0151l? Mi\u00e9rt nem olvassa tov\u00e1bb, hogy megtudja? V\u00e9gigvezetj\u00fck a folyamaton, \u00e9s v\u00e1laszolunk minden k\u00e9rd\u00e9s\u00e9re. Azoknak, akik nem ismerik ezt a lott\u00f3t, szint\u00e9n sz\u00e1nunk egy kis id\u0151t arra, hogy besz\u00e9lj\u00fcnk r\u00f3la. Rem\u00e9lhet\u0151leg, mire befejezi az olvas\u00e1st, m\u00e1r alig v\u00e1rja, hogy szelv\u00e9nyt v\u00e1s\u00e1roljon erre a lott\u00f3ra.<\/p>\n<h2>Mi az a szombati Lotto Ausztr\u00e1lia<\/h2>\n<p>Ez egy olyan lott\u00f3, amelyet 1972-ben vezettek be az orsz\u00e1gban, \u00e9s m\u00e1ra a fogad\u00f3k egyik kedvenc lott\u00f3j\u00e1t\u00e9k\u00e1v\u00e1 v\u00e1lt. Az orsz\u00e1g egyes r\u00e9szein Tatts lott\u00f3, X lott\u00f3 \u00e9s Gold lott\u00f3 n\u00e9ven ismert, \u00e9s a Tatts lott\u00f3csoport \u00fczemelteti.<\/p>\n<p>Ennek a lott\u00f3nak hat nyerem\u00e9nyoszt\u00e1lya van, \u00e9s ezekr\u0151l hamarosan besz\u00e9lni fogunk. A szombati lott\u00f3 kezd\u0151 jackpotja 5 milli\u00f3 AUD$. A csod\u00e1latos dolog az, hogy a jackpot megnyer\u00e9s\u00e9nek es\u00e9lye nagyon j\u00f3. M\u00e1s lott\u00f3j\u00e1t\u00e9kokkal ellent\u00e9tben a j\u00e1t\u00e9kosnak csak a f\u0151sz\u00e1mokat kell eltal\u00e1lnia ahhoz, hogy megnyerje a jackpotot.<\/p>\n<p>Vannak kieg\u00e9sz\u00edt\u0151 sz\u00e1mok, de azok alapj\u00e1n hat\u00e1rozz\u00e1k meg a t\u00f6bbi nyerem\u00e9nyoszt\u00e1ly nyerteseit. Sokat el\u00e1rul, hogy b\u00e1r a h\u00e9t szinte minden napj\u00e1ra van lott\u00f3, az ausztr\u00e1lokat m\u00e9gis ez a lott\u00f3 vonzza. Az al\u00e1bbiakban arr\u00f3l besz\u00e9l\u00fcnk, hogyan kell ezt a lott\u00f3t j\u00e1tszani, \u00e9s a k\u00fcl\u00f6nb\u00f6z\u0151 nyerem\u00e9nyoszt\u00e1lyokr\u00f3l.<\/p>\n<h2>Hogyan kell j\u00e1tszani a szombati lott\u00f3n<\/h2>\n<p><img loading=\"lazy\" decoding=\"async\" class=\"alignright size-full wp-image-35132\" src=\"https:\/\/jackpotlotteryonline.com\/wp-content\/uploads\/2022\/11\/2_ticket_saturday_lotto_au2-1-180x300-1.jpg\" alt=\"Szombati lott\u00f3szelv\u00e9ny\" width=\"180\" height=\"300\" \/><\/p>\n<p>Ahhoz, hogy a<a href=\"https:\/\/jackpotlotteryonline.com\/hu\/hogyan-kell-jatszani\/saturday-lotto\"> j\u00e1t\u00e9kos megj\u00e1tssza ezt a lott\u00f3t<\/a>, 6 f\u0151 sz\u00e1mot kell kiv\u00e1lasztania 1 \u00e9s 45 k\u00f6z\u00f6tt. Ezut\u00e1n 2 kieg\u00e9sz\u00edt\u0151 sz\u00e1mot 1 \u00e9s 6 k\u00f6z\u00f6tt. A kieg\u00e9sz\u00edt\u0151 sz\u00e1mokat nem haszn\u00e1lj\u00e1k fel a jackpot meghat\u00e1roz\u00e1sakor. A j\u00e1t\u00e9kosnak mind\u00f6ssze a nyolc kih\u00fazott sz\u00e1mmal kell egyeznie ahhoz, hogy megnyerje a jackpotot.<\/p>\n<p>A sorsol\u00e1sok sor\u00e1n hat goly\u00f3t v\u00e9letlenszer\u0171en v\u00e1lasztanak ki egy 45 goly\u00f3t tartalmaz\u00f3 hord\u00f3b\u00f3l. Az ezeken a goly\u00f3kon l\u00e9v\u0151 sz\u00e1mok a nyer\u0151sz\u00e1mok, \u00e9s b\u00e1rmelyik szelv\u00e9ny, amelyik megfelel ezeknek, az a nyer\u0151 szelv\u00e9ny. Ezut\u00e1n k\u00e9t m\u00e1sik goly\u00f3t v\u00e1lasztanak ki egy m\u00e1sik hord\u00f3b\u00f3l, amelyben szint\u00e9n hat goly\u00f3 van. Ezek azok a kieg\u00e9sz\u00edt\u0151 sz\u00e1mok, amelyeket a t\u00f6bbi nyerem\u00e9nykateg\u00f3ria meghat\u00e1roz\u00e1s\u00e1hoz haszn\u00e1lnak.<\/p>\n<p>Ahogy a n\u00e9v is mutatja, a sorsol\u00e1sokra minden h\u00e9ten szombaton ker\u00fcl sor. A sorsol\u00e1sok szombaton 19:25-kor z\u00e1rulnak AEST szerint. Azoknak a j\u00e1t\u00e9kosoknak, akik r\u00e9szt akarnak venni az adott heti sorsol\u00e1son, a z\u00e1r\u00e1s el\u0151tt meg kell venni\u00fck a szelv\u00e9nyeiket.<\/p>\n<h2>D\u00edjoszt\u00e1lyok<\/h2>\n<p>A Tatts lott\u00f3 nyolc nyerem\u00e9nyoszt\u00e1llyal rendelkezik. Ha szelv\u00e9nyt v\u00e1s\u00e1rol erre a lott\u00f3ra, es\u00e9lye van ezen nyerem\u00e9nykateg\u00f3ri\u00e1k b\u00e1rmelyik\u00e9re. Az egyes oszt\u00e1lyok nyerem\u00e9nykombin\u00e1ci\u00f3it az al\u00e1bbiakban k\u00f6z\u00f6lj\u00fck.<\/p>\n<p>1. r\u00e9szleg (Jackpot) &#8211; 6 f\u0151 sz\u00e1mmal val\u00f3 egyez\u00e9s<br \/>\n2. r\u00e9szleg &#8211; 5 f\u0151 sz\u00e1m + 1 kieg\u00e9sz\u00edt\u0151 sz\u00e1m kombin\u00e1ci\u00f3ja<br \/>\n3. r\u00e9szleg &#8211; b\u00e1rmely 5 f\u0151 sz\u00e1m megad\u00e1sa<br \/>\n4. div\u00edzi\u00f3 &#8211; 4 f\u0151 sz\u00e1mot kell eltal\u00e1lni<br \/>\n5. k\u00f6rzet &#8211; 3 f\u0151 sz\u00e1m + 1 kieg\u00e9sz\u00edt\u0151 sz\u00e1m<br \/>\n6. k\u00f6rzet &#8211; B\u00e1rmelyik 3 f\u0151 sz\u00e1mmal egyezik meg<\/p>\n<p>A szervez\u0151k lehet\u0151v\u00e9 tett\u00e9k, hogy a j\u00e1t\u00e9kosok megnyerj\u00e9k ezt a sorsol\u00e1st. Az es\u00e9lyek nagyszer\u0171ek, \u00e9s mivel a jackpot \u00f6sszege 5 milli\u00f3 AUD, csoda, hogy a j\u00e1t\u00e9kosok szeretik a szombati lott\u00f3t? Ha m\u00e9g nem tette meg, itt az ideje, hogy elgondolkodjon a szelv\u00e9nyv\u00e1s\u00e1rl\u00e1son.<\/p>\n<h2>Kor\u00e1bbi nyertesek<\/h2>\n<p>Miel\u0151tt megosztan\u00e1nk \u00d6nnel, hogyan v\u00e1s\u00e1rolhat szelv\u00e9nyt erre a lott\u00f3j\u00e1t\u00e9kra Oz-on k\u00edv\u00fcl, tal\u00e1n nem \u00e1rt besz\u00e9lni a kor\u00e1bbi nyertesekr\u0151l. Az \u00e9vek sor\u00e1n rengeteg nyertes volt, ez\u00e9rt most csak n\u00e9h\u00e1ny k\u00f6zelm\u00faltbeli nyertest emel\u00fcnk ki, \u00e9s rem\u00e9lj\u00fck, hogy inspir\u00e1l\u00f3dni fogsz.<\/p>\n<p>Az els\u0151 a list\u00e1nkon egy ausztr\u00e1l anyuka, aki \u00fagy d\u00f6nt\u00f6tt, hogy n\u00e9vtelen marad. \u0150 nyerte a szombati jackpotot egy m\u00e1sik nyertessel egy\u00fctt. A besz\u00e1mol\u00f3k szerint k\u00e9t h\u00e9tbe telt, mire r\u00e1j\u00f6tt, hogy megnyerte a jackpotot. Ha sokkal tov\u00e1bb v\u00e1rt volna, nem tudta volna \u00e1tvenni a nyerem\u00e9ny\u00e9t. Szerencs\u00e9re visszament ellen\u0151rizni, \u00e9s felfedezte, hogy nyert.<\/p>\n<p>Egy m\u00e1sik nyertes egy f\u00e9rfi, aki \u00e9vek \u00f3ta ugyanazokkal a sz\u00e1mokkal j\u00e1tszott a szombati lott\u00f3n. Kitart\u00e1sa kifizet\u0151d\u00f6tt, \u00e9s megnyerte a jackpotot. Sok lott\u00f3nyertes azt mondja, hogy \u00e9vekig j\u00e1tszott, miel\u0151tt megnyerte a lott\u00f3t. N\u00e9ha hitre \u00e9s k\u00f6vetkezetess\u00e9gre van sz\u00fcks\u00e9g ahhoz, hogy el\u00e9rj\u00fck a k\u00edv\u00e1nt eredm\u00e9nyt.<\/p>\n<section class=\"layout\" style=\"border: solid 1px; width: 100%;\">\n<div class=\"img-div\" style=\"margin-top: 5px;\"><img decoding=\"async\" class=\"wp-image-17212 alignleft\" style=\"height: 45px; margin: 8px 8px 0px;\" src=\"https:\/\/jackpotlotteryonline.com\/wp-content\/uploads\/2022\/11\/read1.jpg\" alt=\"olvasd el\" width=\"\" height=\"\" \/><\/div>\n<div style=\"padding-left: 5px;\">\n<div style=\"font-size: 1.1em;\">\n<p><strong>N\u00e9h\u00e1ny lott\u00f3nyertes visszaadott a k\u00f6z\u00f6ss\u00e9gnek<\/strong><\/p>\n<p style=\"font-size: 0.85em; margin-top: -1.5em;\">N\u00e9h\u00e1ny \u00e9rdekes \u00e9s sz\u00edvmelenget\u0151 t\u00f6rt\u00e9net a lott\u00f3nyertesekr\u0151l, akik visszaadj\u00e1k a lott\u00f3t <a href=\"https:\/\/jackpotlotteryonline.com\/hu\/tortenetek-a-lotto-nyertesek-ad-vissza\">tov\u00e1bb<\/a><\/p>\n<\/div>\n<\/div>\n<\/section>\n<h2>Jegyek v\u00e1s\u00e1rl\u00e1sa Ausztr\u00e1li\u00e1n k\u00edv\u00fclr\u0151l<\/h2>\n<p>Teh\u00e1t, ha nem Oz gy\u00f6ny\u00f6r\u0171 orsz\u00e1g\u00e1ban \u00e9l, hogyan tud szelv\u00e9nyt v\u00e1s\u00e1rolni a szombati lott\u00f3ra? Az internet el\u0151tt ez lehetetlen vagy legal\u00e1bbis nagyon neh\u00e9z lett volna. De az internetnek k\u00f6sz\u00f6nhet\u0151en online is megv\u00e1s\u00e1rolhatja a Tatts lott\u00f3szelv\u00e9nyeit.<\/p>\n<p>Vannak olyan online lott\u00f3\u00e9rt\u00e9kes\u00edt\u0151k, ahol a j\u00e1t\u00e9kosok megv\u00e1s\u00e1rolhatj\u00e1k a legjobb nemzetk\u00f6zi lott\u00f3j\u00e1t\u00e9kok szelv\u00e9nyeit. Ezek az elad\u00f3k \u00fagynevezett concierge szolg\u00e1ltat\u00e1st m\u0171k\u00f6dtetnek, amely seg\u00edt a j\u00e1t\u00e9kosoknak lott\u00f3szelv\u00e9nyt v\u00e1s\u00e1rolni b\u00e1rmely orsz\u00e1gban. Ha regisztr\u00e1lsz ezeken az oldalakon, k\u00f6nnyen bel\u00e9phetsz a szombati lott\u00f3versenyre \u00e9s ig\u00e9nyelheted az esetleges nyerem\u00e9nyeket.<\/p>\n<p>A jackpotlotteryonline.com-on olyan concierge szolg\u00e1ltat\u00e1st m\u0171k\u00f6dtet\u00fcnk, amely z\u00f6kken\u0151mentes \u00e9lm\u00e9nyt ny\u00fajt felhaszn\u00e1l\u00f3inknak. Ha regisztr\u00e1l n\u00e1lunk, k\u00f6nnyed\u00e9n megv\u00e1s\u00e1rolhatja szelv\u00e9ny\u00e9t a szombati lott\u00f3ra \u00e9s sok m\u00e1s nemzetk\u00f6zi lott\u00f3j\u00e1t\u00e9kra. Agg\u00f3dik amiatt, hogy hogyan veheti \u00e1t nyerem\u00e9ny\u00e9t, ha nyer? Egyszer\u0171en, z\u00e9r\u00f3 gond n\u00e9lk\u00fcl bev\u00e1lthatja nyerem\u00e9ny\u00e9t a platformunkon.<\/p>\n<h2>Gyakran ism\u00e9telt k\u00e9rd\u00e9sek<\/h2>\n<p><img loading=\"lazy\" decoding=\"async\" class=\"wp-image-29264 alignright\" src=\"https:\/\/jackpotlotteryonline.com\/wp-content\/uploads\/2022\/11\/1_play_online_lotto-300x300.jpg\" alt=\"Online szombati lott\u00f3 Ausztr\u00e1lia\" width=\"235\" height=\"235\" srcset=\"https:\/\/jackpotlotteryonline.com\/wp-content\/uploads\/2022\/11\/1_play_online_lotto-300x300.jpg 300w, https:\/\/jackpotlotteryonline.com\/wp-content\/uploads\/2022\/11\/1_play_online_lotto-100x100.jpg 100w, https:\/\/jackpotlotteryonline.com\/wp-content\/uploads\/2022\/11\/1_play_online_lotto-150x150.jpg 150w, https:\/\/jackpotlotteryonline.com\/wp-content\/uploads\/2022\/11\/1_play_online_lotto.jpg 480w\" sizes=\"auto, (max-width: 235px) 100vw, 235px\" \/><\/p>\n<p>Tudjuk, hogy val\u00f3sz\u00edn\u0171leg sz\u00e1mos k\u00e9rd\u00e9s fut \u00e1t az agyadon. Semmi gond, mi az\u00e9rt vagyunk itt, hogy v\u00e1laszoljunk a k\u00e9rd\u00e9seidre. Igyeksz\u00fcnk itt mindenre kit\u00e9rni, de ha m\u00e9g mindig vannak k\u00e9rd\u00e9seid, nyugodtan fordulj hozz\u00e1nk. Mindig \u00f6r\u00fcl\u00fcnk, ha jelentkezik. Minden t\u0151l\u00fcnk telhet\u0151t megtesz\u00fcnk, hogy seg\u00edts\u00fcnk \u00d6nnek a lott\u00f3nyer\u0151v\u00e9 v\u00e1l\u00e1s \u00fatj\u00e1n.<\/p>\n<h2>V\u00e1s\u00e1rolhatok lott\u00f3szelv\u00e9nyt online?<\/h2>\n<p>Igen, v\u00e1s\u00e1rolhat online lott\u00f3szelv\u00e9nyeket, \u00e9s ez teljesen leg\u00e1lis. Gy\u0151z\u0151dj\u00f6n meg r\u00f3la, hogy megb\u00edzhat\u00f3 lott\u00f3\u00e9rt\u00e9kes\u00edt\u0151t haszn\u00e1l, hogy biztos legyen abban, hogy a lott\u00f3szelv\u00e9nyeket beviszi a lott\u00f3ba. Sok lott\u00f3csoportnak van weboldala. Ha azonban egyn\u00e9l t\u00f6bb lott\u00f3n szeretne j\u00e1tszani, akkor jobban j\u00e1r, ha egy lott\u00f3\u00e9rt\u00e9kes\u00edt\u0151n\u00e9l regisztr\u00e1l. Pontosabban olyann\u00e1l, amelyik t\u00f6bb m\u00e1s lott\u00f3j\u00e1t\u00e9khoz is hozz\u00e1f\u00e9r\u00e9st biztos\u00edt.<\/p>\n<h2>Hogyan v\u00e1s\u00e1rolhatok szelv\u00e9nyt?<\/h2>\n<p>A lott\u00f3szelv\u00e9ny v\u00e1s\u00e1rl\u00e1sa egyszer\u0171, ha regisztr\u00e1lt n\u00e1lunk. Egyszer\u0171en csak v\u00e1lassza ki a sz\u00e1mokat, \u00e9s l\u00e9pjen be a sorsol\u00e1sra. T\u00f6bb szelv\u00e9nyt is v\u00e1s\u00e1rolhat, hogy n\u00f6velje nyer\u00e9si es\u00e9lyeit. Minden csak rajtad m\u00falik. Ha nem tudja biztosan, hogy milyen sz\u00e1mot v\u00e1lasszon, akkor az automatikus szelv\u00e9nyv\u00e1laszt\u00f3 elv\u00e9gezheti a munk\u00e1t \u00d6n helyett. Kem\u00e9nyen dolgozunk azon, hogy a folyamat egyszer\u0171 \u00e9s intuit\u00edv legyen a j\u00e1t\u00e9kosok sz\u00e1m\u00e1ra.<\/p>\n<h2>Mi is pontosan az a concierge szolg\u00e1ltat\u00e1s?<\/h2>\n<p>\u00d6r\u00fcl\u00fcnk, hogy megk\u00e9rdezted. Amikor azt mondjuk, hogy concierge szolg\u00e1ltat\u00e1st m\u0171k\u00f6dtet\u00fcnk, az azt jelenti, hogy k\u00fcl\u00f6nb\u00f6z\u0151 orsz\u00e1gokban, k\u00f6zt\u00fck Ausztr\u00e1li\u00e1ban is vannak \u00fcgyn\u00f6keink. Amikor t\u0151l\u00fcnk v\u00e1s\u00e1rolja meg a lott\u00f3szelv\u00e9ny\u00e9t, \u00fcgyn\u00f6keink kimennek, \u00e9s megveszik a megfelel\u0151 sz\u00e1mokkal ell\u00e1tott fizikai szelv\u00e9nyt. Ez azt jelenti, hogy b\u00e1rhol is van, \u00d6n r\u00e9szt vesz a lott\u00f3n.<\/p>\n<h2>Hogyan nyerhetek?<\/h2>\n<p>Ahhoz, hogy megnyerje ezt az ausztr\u00e1l lott\u00f3t, mind\u00f6ssze annyit kell tennie, hogy a hat kih\u00fazott f\u0151 sz\u00e1mmal megegyezik, \u00e9s m\u00e1ris \u00d6n lesz a jackpot nyertese. A kieg\u00e9sz\u00edt\u0151 sz\u00e1mokkal nem kell egyeznie, mivel ezek alapj\u00e1n hat\u00e1rozz\u00e1k meg a 2. \u00e9s 5. r\u00e9szleg nyerem\u00e9nyeit.<\/p>\n<h2>Hogyan ellen\u0151rizhetem az eredm\u00e9nyeket?<\/h2>\n<p>Minden sorsol\u00e1s ut\u00e1n az eredm\u00e9nyeket itt, a jackpotlotteryonline.com oldalon tessz\u00fck k\u00f6zz\u00e9. A szombati lott\u00f3 eset\u00e9ben egyszer\u0171en l\u00e1togasson el a szombati sorsol\u00e1s ut\u00e1n a <a href=\"https:\/\/jackpotlotteryonline.com\/hu\/nyeroszamok\/saturday-lotto\">szombati sorsol\u00e1s oldal\u00e1ra<\/a>, ahol megtal\u00e1lja az eredm\u00e9nyeket.<\/p>\n<h2>Mi t\u00f6rt\u00e9nik, ha elfelejtem ellen\u0151rizni az eredm\u00e9nyeket?<\/h2>\n<p>Ez a legjobb r\u00e9sz. Ha t\u0151l\u00fcnk v\u00e1s\u00e1rol, nem sz\u00e1m\u00edt, ha elfelejti ellen\u0151rizni a lott\u00f3eredm\u00e9nyeket, mert mi fedezz\u00fck \u00d6nt. Ha nyerem\u00e9nyt nyer, \u00fczenetet k\u00fcld\u00fcnk \u00d6nnek a m\u0171szerfal\u00e1n, valamint egy e-mailt, hogy figyelmeztess\u00fck. Ha t\u0151l\u00fcnk v\u00e1s\u00e1rol lott\u00f3szelv\u00e9nyt, tudja, hogy fedezve van.<\/p>\n<h2>Nyertem, most mi lesz?<\/h2>\n<p>Nos, ha nyert\u00e9l a lott\u00f3n, el\u0151sz\u00f6r is gratul\u00e1lunk! Nagyon \u00f6r\u00fcl\u00fcnk neked. Ha regisztr\u00e1lt\u00e1l n\u00e1lunk, akkor a k\u00f6vetkez\u0151 l\u00e9p\u00e9s egyszer\u0171. Menj a m\u0171szerfaladra, \u00e9s vedd ki a p\u00e9nzedet a rendelkez\u00e9sre \u00e1ll\u00f3 m\u00f3dszerekkel. Ennyire egyszer\u0171 ez az eg\u00e9sz.<\/p>\n<h2>Regisztr\u00e1ljon n\u00e1lunk m\u00e9g ma!<\/h2>\n<p>Lott\u00f3zni sz\u00f3rakoztat\u00f3, \u00e9s, a j\u00e1t\u00e9kosoknak minden h\u00e9ten ad valamit, amit v\u00e1rhatnak. A szombati lott\u00f3 sz\u00e9p jackpot nyerem\u00e9nnyel \u00e9s kedvez\u0151 es\u00e9lyekkel rendelkezik, \u00edgy ide\u00e1lis az \u00faj \u00e9s r\u00e9gi fogad\u00f3k sz\u00e1m\u00e1ra egyar\u00e1nt. Most m\u00e1r nem csak az ausztr\u00e1lokra korl\u00e1toz\u00f3dik, mivel az emberek m\u00e1r mindenhol v\u00e1s\u00e1rolhatnak bel\u00e9p\u0151ket a lott\u00f3ba.<\/p>\n<p>Ha \u00e9rdekes j\u00e1t\u00e9kot keres, mi\u00e9rt ne pr\u00f3b\u00e1ln\u00e1 ki a Tatts lott\u00f3t? B\u00e1rhol is tart\u00f3zkodik, regisztr\u00e1ci\u00f3val v\u00e1s\u00e1rolhat bel\u00e9p\u0151jegyet erre a lott\u00f3j\u00e1t\u00e9kra. v\u00e1s\u00e1roljon t\u00f6bb bel\u00e9p\u0151jegyet, \u00e9s l\u00e9pjen be t\u00f6bb sorsol\u00e1sra el\u0151re k\u00f6nnyed\u00e9n. A mi feladatunk, hogy lehet\u0151v\u00e9 tegy\u00fck, hogy minim\u00e1lis stresszel j\u00e1tszhasson az \u00d6n \u00e1ltal v\u00e1lasztott lott\u00f3n.<\/p>\n<p>Laz\u00edtson \u00e9s sz\u00f3rakozzon j\u00e1t\u00e9k k\u00f6zben, sosem tudhatja, hogy ez lesz-e az a nap, amikor nagyot nyer. Mi\u00e9rt ne v\u00e1s\u00e1rolna hozz\u00e1f\u00e9r\u00e9st a lott\u00f3hoz, ha m\u00e9g ma regisztr\u00e1l n\u00e1lunk?<\/p>\n","protected":false},"excerpt":{"rendered":"<p>Ausztr\u00e1li\u00e1ban rengeteg lott\u00f3 van, mint p\u00e9ld\u00e1ul a szerdai lott\u00f3, a Powerball \u00e9s a szombati lott\u00f3 Ausztr\u00e1lia. A szombati lott\u00f3 n\u00e9pszer\u0171 a j\u00e1t\u00e9kosok k\u00f6r\u00e9ben, \u00e9s minden h\u00e9ten ad valamit, amit az emberek v\u00e1rhatnak. Amikor ez a lott\u00f3 el\u0151sz\u00f6r indult, csak az \u00d3zban \u00e9l\u0151 j\u00e1t\u00e9kosok vehettek r\u00e9szt benne. Szerencs\u00e9re ma m\u00e1r a vil\u00e1g minden t\u00e1j\u00e1n r\u00e9szt vehetnek [&hellip;]<\/p>\n","protected":false},"author":1,"featured_media":0,"parent":35758,"menu_order":18,"comment_status":"closed","ping_status":"closed","template":"saturday-lotto-info.php","meta":{"_et_pb_use_builder":"","_et_pb_old_content":"","_et_gb_content_width":"","exclude_from_search":false,"footnotes":""},"class_list":["post-37267","page","type-page","status-publish","hentry"],"yoast_head":"<!-- This site is optimized with the Yoast SEO plugin v23.3 - https:\/\/yoast.com\/wordpress\/plugins\/seo\/ -->\n<title>V\u00e1s\u00e1roljon szelv\u00e9nyt a szombati lott\u00f3 Ausztr\u00e1li\u00e1ra Ausztr\u00e1li\u00e1n k\u00edv\u00fclr\u0151l<\/title>\n<meta name=\"description\" content=\"A n\u00e9pszer\u0171 ausztr\u00e1l szombati lott\u00f3 nagy jackpotokkal rendelkezik. A j\u00e1t\u00e9kosok b\u00e1rhonnan v\u00e1s\u00e1rolhatnak szelv\u00e9nyt a szombati lott\u00f3ra most m\u00e1r online is\" \/>\n<meta name=\"robots\" content=\"index, follow, max-snippet:-1, max-image-preview:large, max-video-preview:-1\" \/>\n<link rel=\"canonical\" href=\"https:\/\/jackpotlotteryonline.com\/buy-tickets\/saturday-lotto\/\" \/>\n<meta property=\"og:locale\" content=\"hu_HU\" \/>\n<meta property=\"og:type\" content=\"article\" \/>\n<meta property=\"og:title\" content=\"V\u00e1s\u00e1roljon szelv\u00e9nyt a szombati lott\u00f3 Ausztr\u00e1li\u00e1ra Ausztr\u00e1li\u00e1n k\u00edv\u00fclr\u0151l\" \/>\n<meta property=\"og:description\" content=\"A n\u00e9pszer\u0171 ausztr\u00e1l szombati lott\u00f3 nagy jackpotokkal rendelkezik. A j\u00e1t\u00e9kosok b\u00e1rhonnan v\u00e1s\u00e1rolhatnak szelv\u00e9nyt a szombati lott\u00f3ra most m\u00e1r online is\" \/>\n<meta property=\"og:url\" content=\"https:\/\/jackpotlotteryonline.com\/buy-tickets\/saturday-lotto\/\" \/>\n<meta property=\"og:site_name\" content=\"Lotto Online - Crack The International Lottery Jackpots\" \/>\n<meta property=\"article:modified_time\" content=\"2022-12-24T20:17:18+00:00\" \/>\n<meta property=\"og:image\" content=\"https:\/\/jackpotlotteryonline.com\/wp-content\/uploads\/2022\/11\/2_ticket_saturday_lotto_au2-1-180x300-1.jpg\" \/>\n<meta name=\"twitter:card\" content=\"summary_large_image\" \/>\n<meta name=\"twitter:label1\" content=\"Becs\u00fclt olvas\u00e1si id\u0151\" \/>\n\t<meta name=\"twitter:data1\" content=\"7 perc\" \/>\n<!-- \/ Yoast SEO plugin. -->","yoast_head_json":{"title":"V\u00e1s\u00e1roljon szelv\u00e9nyt a szombati lott\u00f3 Ausztr\u00e1li\u00e1ra Ausztr\u00e1li\u00e1n k\u00edv\u00fclr\u0151l","description":"A n\u00e9pszer\u0171 ausztr\u00e1l szombati lott\u00f3 nagy jackpotokkal rendelkezik. A j\u00e1t\u00e9kosok b\u00e1rhonnan v\u00e1s\u00e1rolhatnak szelv\u00e9nyt a szombati lott\u00f3ra most m\u00e1r online is","robots":{"index":"index","follow":"follow","max-snippet":"max-snippet:-1","max-image-preview":"max-image-preview:large","max-video-preview":"max-video-preview:-1"},"canonical":"https:\/\/jackpotlotteryonline.com\/buy-tickets\/saturday-lotto\/","og_locale":"hu_HU","og_type":"article","og_title":"V\u00e1s\u00e1roljon szelv\u00e9nyt a szombati lott\u00f3 Ausztr\u00e1li\u00e1ra Ausztr\u00e1li\u00e1n k\u00edv\u00fclr\u0151l","og_description":"A n\u00e9pszer\u0171 ausztr\u00e1l szombati lott\u00f3 nagy jackpotokkal rendelkezik. A j\u00e1t\u00e9kosok b\u00e1rhonnan v\u00e1s\u00e1rolhatnak szelv\u00e9nyt a szombati lott\u00f3ra most m\u00e1r online is","og_url":"https:\/\/jackpotlotteryonline.com\/buy-tickets\/saturday-lotto\/","og_site_name":"Lotto Online - Crack The International Lottery Jackpots","article_modified_time":"2022-12-24T20:17:18+00:00","og_image":[{"url":"https:\/\/jackpotlotteryonline.com\/wp-content\/uploads\/2022\/11\/2_ticket_saturday_lotto_au2-1-180x300-1.jpg"}],"twitter_card":"summary_large_image","twitter_misc":{"Becs\u00fclt olvas\u00e1si id\u0151":"7 perc"},"schema":{"@context":"https:\/\/schema.org","@graph":[{"@type":"WebPage","@id":"https:\/\/jackpotlotteryonline.com\/buy-tickets\/saturday-lotto\/","url":"https:\/\/jackpotlotteryonline.com\/buy-tickets\/saturday-lotto\/","name":"V\u00e1s\u00e1roljon szelv\u00e9nyt a szombati lott\u00f3 Ausztr\u00e1li\u00e1ra Ausztr\u00e1li\u00e1n k\u00edv\u00fclr\u0151l","isPartOf":{"@id":"https:\/\/jackpotlotteryonline.com\/#website"},"primaryImageOfPage":{"@id":"https:\/\/jackpotlotteryonline.com\/buy-tickets\/saturday-lotto\/#primaryimage"},"image":{"@id":"https:\/\/jackpotlotteryonline.com\/buy-tickets\/saturday-lotto\/#primaryimage"},"thumbnailUrl":"https:\/\/jackpotlotteryonline.com\/wp-content\/uploads\/2022\/11\/2_ticket_saturday_lotto_au2-1-180x300-1.jpg","datePublished":"2022-11-11T08:17:02+00:00","dateModified":"2022-12-24T20:17:18+00:00","description":"A n\u00e9pszer\u0171 ausztr\u00e1l szombati lott\u00f3 nagy jackpotokkal rendelkezik. A j\u00e1t\u00e9kosok b\u00e1rhonnan v\u00e1s\u00e1rolhatnak szelv\u00e9nyt a szombati lott\u00f3ra most m\u00e1r online is","breadcrumb":{"@id":"https:\/\/jackpotlotteryonline.com\/buy-tickets\/saturday-lotto\/#breadcrumb"},"inLanguage":"hu","potentialAction":[{"@type":"ReadAction","target":["https:\/\/jackpotlotteryonline.com\/buy-tickets\/saturday-lotto\/"]}]},{"@type":"ImageObject","inLanguage":"hu","@id":"https:\/\/jackpotlotteryonline.com\/buy-tickets\/saturday-lotto\/#primaryimage","url":"https:\/\/jackpotlotteryonline.com\/wp-content\/uploads\/2022\/11\/2_ticket_saturday_lotto_au2-1-180x300-1.jpg","contentUrl":"https:\/\/jackpotlotteryonline.com\/wp-content\/uploads\/2022\/11\/2_ticket_saturday_lotto_au2-1-180x300-1.jpg"},{"@type":"BreadcrumbList","@id":"https:\/\/jackpotlotteryonline.com\/buy-tickets\/saturday-lotto\/#breadcrumb","itemListElement":[{"@type":"ListItem","position":1,"name":"Home","item":"https:\/\/jackpotlotteryonline.com\/hu\/"},{"@type":"ListItem","position":2,"name":"Hogyan v\u00e1s\u00e1rolhat lott\u00f3szelv\u00e9nyeket online","item":"https:\/\/jackpotlotteryonline.com\/buy-tickets\/"},{"@type":"ListItem","position":3,"name":"V\u00e1s\u00e1roljon szelv\u00e9nyeket a szombati Lotto Ausztr\u00e1lia"}]},{"@type":"WebSite","@id":"https:\/\/jackpotlotteryonline.com\/#website","url":"https:\/\/jackpotlotteryonline.com\/","name":"Lotto Online - Crack The International Lottery Jackpots","description":"","potentialAction":[{"@type":"SearchAction","target":{"@type":"EntryPoint","urlTemplate":"https:\/\/jackpotlotteryonline.com\/?s={search_term_string}"},"query-input":"required name=search_term_string"}],"inLanguage":"hu"}]}},"_links":{"self":[{"href":"https:\/\/jackpotlotteryonline.com\/hu\/wp-json\/wp\/v2\/pages\/37267","targetHints":{"allow":["GET"]}}],"collection":[{"href":"https:\/\/jackpotlotteryonline.com\/hu\/wp-json\/wp\/v2\/pages"}],"about":[{"href":"https:\/\/jackpotlotteryonline.com\/hu\/wp-json\/wp\/v2\/types\/page"}],"author":[{"embeddable":true,"href":"https:\/\/jackpotlotteryonline.com\/hu\/wp-json\/wp\/v2\/users\/1"}],"replies":[{"embeddable":true,"href":"https:\/\/jackpotlotteryonline.com\/hu\/wp-json\/wp\/v2\/comments?post=37267"}],"version-history":[{"count":0,"href":"https:\/\/jackpotlotteryonline.com\/hu\/wp-json\/wp\/v2\/pages\/37267\/revisions"}],"up":[{"embeddable":true,"href":"https:\/\/jackpotlotteryonline.com\/hu\/wp-json\/wp\/v2\/pages\/35758"}],"wp:attachment":[{"href":"https:\/\/jackpotlotteryonline.com\/hu\/wp-json\/wp\/v2\/media?parent=37267"}],"curies":[{"name":"wp","href":"https:\/\/api.w.org\/{rel}","templated":true}]}}