{"id":37761,"date":"2022-11-15T08:22:52","date_gmt":"2022-11-15T08:22:52","guid":{"rendered":"https:\/\/jackpotlotteryonline.com\/?page_id=37761"},"modified":"2022-11-15T08:22:52","modified_gmt":"2022-11-15T08:22:52","slug":"faq","status":"publish","type":"page","link":"https:\/\/jackpotlotteryonline.com\/hu\/faq\/","title":{"rendered":"GYIK"},"content":{"rendered":"<h2>Online lott\u00f3 GYIK<\/h2>\n<p>Az online lott\u00f3val \u00e9s az online lott\u00f3 jackpotokkal kapcsolatos leggyakrabban feltett k\u00e9rd\u00e9sekre adunk itt v\u00e1laszt. Az online lott\u00f3j\u00e1t\u00e9k a legk\u00e9nyelmesebb \u00e9s legegyszer\u0171bb m\u00f3dja annak, hogy r\u00e1tegye a kez\u00e9t a nagy nemzetk\u00f6zi lott\u00f3 jackpotokra.<\/p>\n<h2>Hogyan m\u0171k\u00f6dik?<\/h2>\n<p>Mi h\u00edrn\u00f6ki szolg\u00e1ltat\u00e1sk\u00e9nt m\u0171k\u00f6d\u00fcnk \u00d6n \u00e9s a k\u00fcl\u00f6nb\u00f6z\u0151 lott\u00f3t\u00e1rsas\u00e1gok k\u00f6z\u00f6tt. Megv\u00e1s\u00e1roljuk a szelv\u00e9nyt az \u00d6n nev\u00e9ben \u00e9s megb\u00edz\u00e1s\u00e1b\u00f3l, majd beszkennelj\u00fck az \u00faj szelv\u00e9nyt, \u00e9s felt\u00f6ltj\u00fck a szkennel\u00e9st az \u00fcgyf\u00e9lsz\u00e1ml\u00e1j\u00e1ra, \u00fczenetet k\u00fcld\u00fcnk \u00d6nnek, ha nyert, \u00e9s seg\u00edt\u00fcnk \u00d6nnek a p\u00e9nz\u00e9hez jutni, ha szint\u00e9n nyert.<\/p>\n<h2>Milyen el\u0151nyei vannak a rajtunk kereszt\u00fcl t\u00f6rt\u00e9n\u0151 j\u00e1t\u00e9knak?<\/h2>\n<ul>\n<li>Nem kell elmenned egy lott\u00f3z\u00f3ba. K\u00f6nnyed\u00e9n j\u00e1tszhat otthonr\u00f3l vagy az irod\u00e1j\u00e1b\u00f3l is<\/li>\n<li>online fizethet, p\u00e9ld\u00e1ul hitelk\u00e1rty\u00e1val vagy m\u00e1s m\u00f3don<\/li>\n<li>a lott\u00f3nyerem\u00e9ny\u00e9t 2500 eur\u00f3ig j\u00f3v\u00e1\u00edrjuk a sz\u00e1ml\u00e1j\u00e1n<\/li>\n<li>ha 2500 \u20ac-n\u00e1l t\u00f6bbet nyer, ingyenesen seg\u00edt\u00fcnk \u00d6nnek a p\u00e9nz\u00e9hez jutni<\/li>\n<li>nincsenek tov\u00e1bbi k\u00f6lts\u00e9gek, ha p\u00e9nzt nyer.<\/li>\n<\/ul>\n<p><strong>Ki j\u00e1tszhat a lott\u00f3n?<\/strong><\/p>\n<p>B\u00e1rki, aki elm\u00falt 18 \u00e9ves, j\u00e1tszhat a lott\u00f3n.<\/p>\n<p><strong>J\u00e1tszhatok lott\u00f3t k\u00fclf\u00f6ldi orsz\u00e1gb\u00f3l?<\/strong><\/p>\n<p>Igen, j\u00e1tszhat. Nem sz\u00e1m\u00edt, hogy melyik orsz\u00e1gban lakik, b\u00e1rmelyik lott\u00f3n \u00e9s lott\u00f3 jackpoton j\u00e1tszhat az \u00d6n \u00e1ltal v\u00e1lasztott orsz\u00e1gban.<\/p>\n<p><strong>Kiv\u00e1laszthatom a saj\u00e1t lott\u00f3sz\u00e1maimat?<\/strong><\/p>\n<p>Igen. Kiv\u00e1laszthatja azokat a sz\u00e1mokat, amelyeket szeretne, vagy k\u00e9nyelmesen megteheti, hogy a sz\u00e1m\u00edt\u00f3g\u00e9p v\u00e9letlenszer\u0171en v\u00e1lasztja ki a sz\u00e1mokat az \u00d6n sz\u00e1m\u00e1ra.<\/p>\n<p><strong>Hogyan kapom meg a lott\u00f3szelv\u00e9nyemet?<\/strong><\/p>\n<p>Miut\u00e1n a fizet\u00e9s\u00e9t feldolgoztuk, e-mailben k\u00fcld\u00fcnk egy visszaigazol\u00e1st a v\u00e1s\u00e1rl\u00e1sr\u00f3l. Az \u00d6n \u00e1ltal kiv\u00e1lasztott sz\u00e1mokat a fi\u00f3kj\u00e1ban l\u00e1thatja. R\u00f6viddel ezut\u00e1n a beszkennelt szelv\u00e9nyt is l\u00e1thatja a fi\u00f3kj\u00e1ban.<\/p>\n<p><strong>Hogyan fizethetek a lott\u00f3szelv\u00e9nyem\u00e9rt vagy a szelv\u00e9ny\u00e9rt?<\/strong><\/p>\n<p>Sz\u00e1mos fizet\u00e9si lehet\u0151s\u00e9g \u00e1ll az \u00d6n rendelkez\u00e9s\u00e9re, ezek k\u00f6z\u00f6tt szerepel a bankk\u00e1rty\u00e1s fizet\u00e9s, banki \u00e1tutal\u00e1s, k\u00fcl\u00f6nb\u00f6z\u0151 kriptovalut\u00e1k \u00e9s m\u00e9g sok m\u00e1s.<\/p>\n<p><strong>\u00d6n r\u00e9szesed\u00e9st vesz ki a nyerem\u00e9nyemb\u0151l?<\/strong><\/p>\n<p>Nem. Minden lott\u00f3nyerem\u00e9nyt teljes eg\u00e9sz\u00e9ben, mindenf\u00e9le d\u00edj levon\u00e1sa n\u00e9lk\u00fcl fizet\u00fcnk ki \u00d6nnek.<\/p>\n<p><strong>Mikor adhatom le a sorsjegy megrendel\u00e9semet?<\/strong><\/p>\n<p>Ahhoz, hogy r\u00e9szt vehessen a lott\u00f3n, a sorsol\u00e1s el\u0151tt legal\u00e1bb 2 \u00f3r\u00e1val meg kell rendelnie a szelv\u00e9nyt. Ez lehet\u0151v\u00e9 teszi sz\u00e1munkra, hogy feldolgozzuk a lott\u00f3szelv\u00e9ny megrendel\u00e9s\u00e9t.<\/p>\n<p><strong>Honnan tudom meg, hogy nyertem-e?<\/strong><\/p>\n<p>Ha nyert, e-mailben \u00e9rtes\u00edtj\u00fck a nyerem\u00e9ny\u00e9r\u0151l. Emellett az \u00f6sszes lott\u00f3j\u00e1t\u00e9k nyer\u0151sz\u00e1mait k\u00f6zz\u00e9tessz\u00fck a weboldalunkon.<\/p>\n<p><strong>Hogyan jutok a p\u00e9nzemhez, ha nyertem?<\/strong><\/p>\n<p>Ha 2500 eur\u00f3 alatti \u00f6sszeget nyersz, akkor a p\u00e9nzt j\u00f3v\u00e1\u00edrjuk a j\u00e1t\u00e9kossz\u00e1ml\u00e1don. A 2500 \u20ac-n\u00e1l nagyobb \u00f6sszeg\u0171 nyerem\u00e9ny eset\u00e9n egy ig\u00e9nyl\u0151lapot k\u00fcld\u00fcnk \u00d6nnek, amelyet ki kell t\u00f6ltenie. Azonos\u00edtania kell mag\u00e1t, majd feldolgozzuk az ig\u00e9ny\u00e9t a lott\u00f3t\u00e1rsas\u00e1g fel\u00e9. A lott\u00f3t\u00e1rsas\u00e1g ezut\u00e1n ki\u00e1ll\u00edtja \u00d6nnek a csekket. Felh\u00edvjuk figyelm\u00e9t, hogy egyes lott\u00f3t\u00e1rsas\u00e1gok megk\u00f6vetelik, hogy szem\u00e9lyesen ig\u00e9nyelje nyerem\u00e9ny\u00e9t, ha jackpot nyerem\u00e9nyt nyer.<\/p>\n<p><strong>Ez egy leg\u00e1lis szolg\u00e1ltat\u00e1s?<\/strong><\/p>\n<p>Igen, az. Mivel a mi szolg\u00e1ltat\u00e1sunk csak egy fut\u00e1rszolg\u00e1lat, ez teljesen leg\u00e1lis.<\/p>\n<p><strong>Honnan tudom, hogy a nevemben v\u00e1s\u00e1rolnak lott\u00f3szelv\u00e9nyt?<\/strong><\/p>\n<p>Miut\u00e1n kifizette a lott\u00f3szelv\u00e9ny\u00e9t, kap egy fizet\u00e9si visszaigazol\u00e1st. Am\u00edg a lott\u00f3szelv\u00e9nye akt\u00edv, kap egy e-mail \u00e9rtes\u00edt\u00e9st, \u00e9s miut\u00e1n bejelentkezett, l\u00e1thatja a szelv\u00e9nyeit az \u00fcgyf\u00e9lter\u00fcleten a weboldalunkon.<\/p>\n","protected":false},"excerpt":{"rendered":"<p>Online lott\u00f3 GYIK Az online lott\u00f3val \u00e9s az online lott\u00f3 jackpotokkal kapcsolatos leggyakrabban feltett k\u00e9rd\u00e9sekre adunk itt v\u00e1laszt. Az online lott\u00f3j\u00e1t\u00e9k a legk\u00e9nyelmesebb \u00e9s legegyszer\u0171bb m\u00f3dja annak, hogy r\u00e1tegye a kez\u00e9t a nagy nemzetk\u00f6zi lott\u00f3 jackpotokra. Hogyan m\u0171k\u00f6dik? Mi h\u00edrn\u00f6ki szolg\u00e1ltat\u00e1sk\u00e9nt m\u0171k\u00f6d\u00fcnk \u00d6n \u00e9s a k\u00fcl\u00f6nb\u00f6z\u0151 lott\u00f3t\u00e1rsas\u00e1gok k\u00f6z\u00f6tt. Megv\u00e1s\u00e1roljuk a szelv\u00e9nyt az \u00d6n nev\u00e9ben \u00e9s [&hellip;]<\/p>\n","protected":false},"author":1,"featured_media":0,"parent":0,"menu_order":6,"comment_status":"closed","ping_status":"closed","template":"","meta":{"_et_pb_use_builder":"","_et_pb_old_content":"","_et_gb_content_width":"","exclude_from_search":false,"footnotes":""},"class_list":["post-37761","page","type-page","status-publish","hentry"],"yoast_head":"<!-- This site is optimized with the Yoast SEO plugin v23.3 - https:\/\/yoast.com\/wordpress\/plugins\/seo\/ -->\n<title>Lott\u00f3 GYIK | Gyakori k\u00e9rd\u00e9sek az online lott\u00f3r\u00f3l<\/title>\n<meta name=\"description\" content=\"Az online lott\u00f3z\u00e1ssal kapcsolatos leggyakoribb k\u00e9rd\u00e9sekre itt tal\u00e1lja meg a v\u00e1laszokat, valamint a legjobb szolg\u00e1ltat\u00e1sokat.\" \/>\n<meta name=\"robots\" content=\"index, follow, max-snippet:-1, max-image-preview:large, max-video-preview:-1\" \/>\n<link rel=\"canonical\" href=\"https:\/\/jackpotlotteryonline.com\/hu\/faq\/\" \/>\n<meta property=\"og:locale\" content=\"hu_HU\" \/>\n<meta property=\"og:type\" content=\"article\" \/>\n<meta property=\"og:title\" content=\"Lott\u00f3 GYIK | Gyakori k\u00e9rd\u00e9sek az online lott\u00f3r\u00f3l\" \/>\n<meta property=\"og:description\" content=\"Az online lott\u00f3z\u00e1ssal kapcsolatos leggyakoribb k\u00e9rd\u00e9sekre itt tal\u00e1lja meg a v\u00e1laszokat, valamint a legjobb szolg\u00e1ltat\u00e1sokat.\" \/>\n<meta property=\"og:url\" content=\"https:\/\/jackpotlotteryonline.com\/hu\/faq\/\" \/>\n<meta property=\"og:site_name\" content=\"Lotto Online - Crack The International Lottery Jackpots\" \/>\n<meta name=\"twitter:card\" content=\"summary_large_image\" \/>\n<meta name=\"twitter:label1\" content=\"Becs\u00fclt olvas\u00e1si id\u0151\" \/>\n\t<meta name=\"twitter:data1\" content=\"3 perc\" \/>\n<!-- \/ Yoast SEO plugin. -->","yoast_head_json":{"title":"Lott\u00f3 GYIK | Gyakori k\u00e9rd\u00e9sek az online lott\u00f3r\u00f3l","description":"Az online lott\u00f3z\u00e1ssal kapcsolatos leggyakoribb k\u00e9rd\u00e9sekre itt tal\u00e1lja meg a v\u00e1laszokat, valamint a legjobb szolg\u00e1ltat\u00e1sokat.","robots":{"index":"index","follow":"follow","max-snippet":"max-snippet:-1","max-image-preview":"max-image-preview:large","max-video-preview":"max-video-preview:-1"},"canonical":"https:\/\/jackpotlotteryonline.com\/hu\/faq\/","og_locale":"hu_HU","og_type":"article","og_title":"Lott\u00f3 GYIK | Gyakori k\u00e9rd\u00e9sek az online lott\u00f3r\u00f3l","og_description":"Az online lott\u00f3z\u00e1ssal kapcsolatos leggyakoribb k\u00e9rd\u00e9sekre itt tal\u00e1lja meg a v\u00e1laszokat, valamint a legjobb szolg\u00e1ltat\u00e1sokat.","og_url":"https:\/\/jackpotlotteryonline.com\/hu\/faq\/","og_site_name":"Lotto Online - Crack The International Lottery Jackpots","twitter_card":"summary_large_image","twitter_misc":{"Becs\u00fclt olvas\u00e1si id\u0151":"3 perc"},"schema":{"@context":"https:\/\/schema.org","@graph":[{"@type":"WebPage","@id":"https:\/\/jackpotlotteryonline.com\/hu\/faq\/","url":"https:\/\/jackpotlotteryonline.com\/hu\/faq\/","name":"Lott\u00f3 GYIK | Gyakori k\u00e9rd\u00e9sek az online lott\u00f3r\u00f3l","isPartOf":{"@id":"https:\/\/jackpotlotteryonline.com\/#website"},"datePublished":"2022-11-15T08:22:52+00:00","dateModified":"2022-11-15T08:22:52+00:00","description":"Az online lott\u00f3z\u00e1ssal kapcsolatos leggyakoribb k\u00e9rd\u00e9sekre itt tal\u00e1lja meg a v\u00e1laszokat, valamint a legjobb szolg\u00e1ltat\u00e1sokat.","breadcrumb":{"@id":"https:\/\/jackpotlotteryonline.com\/hu\/faq\/#breadcrumb"},"inLanguage":"hu","potentialAction":[{"@type":"ReadAction","target":["https:\/\/jackpotlotteryonline.com\/hu\/faq\/"]}]},{"@type":"BreadcrumbList","@id":"https:\/\/jackpotlotteryonline.com\/hu\/faq\/#breadcrumb","itemListElement":[{"@type":"ListItem","position":1,"name":"Home","item":"https:\/\/jackpotlotteryonline.com\/hu\/"},{"@type":"ListItem","position":2,"name":"GYIK"}]},{"@type":"WebSite","@id":"https:\/\/jackpotlotteryonline.com\/#website","url":"https:\/\/jackpotlotteryonline.com\/","name":"Lotto Online - Crack The International Lottery Jackpots","description":"","potentialAction":[{"@type":"SearchAction","target":{"@type":"EntryPoint","urlTemplate":"https:\/\/jackpotlotteryonline.com\/?s={search_term_string}"},"query-input":"required name=search_term_string"}],"inLanguage":"hu"}]}},"_links":{"self":[{"href":"https:\/\/jackpotlotteryonline.com\/hu\/wp-json\/wp\/v2\/pages\/37761","targetHints":{"allow":["GET"]}}],"collection":[{"href":"https:\/\/jackpotlotteryonline.com\/hu\/wp-json\/wp\/v2\/pages"}],"about":[{"href":"https:\/\/jackpotlotteryonline.com\/hu\/wp-json\/wp\/v2\/types\/page"}],"author":[{"embeddable":true,"href":"https:\/\/jackpotlotteryonline.com\/hu\/wp-json\/wp\/v2\/users\/1"}],"replies":[{"embeddable":true,"href":"https:\/\/jackpotlotteryonline.com\/hu\/wp-json\/wp\/v2\/comments?post=37761"}],"version-history":[{"count":0,"href":"https:\/\/jackpotlotteryonline.com\/hu\/wp-json\/wp\/v2\/pages\/37761\/revisions"}],"wp:attachment":[{"href":"https:\/\/jackpotlotteryonline.com\/hu\/wp-json\/wp\/v2\/media?parent=37761"}],"curies":[{"name":"wp","href":"https:\/\/api.w.org\/{rel}","templated":true}]}}