{"id":39199,"date":"2022-11-22T08:25:56","date_gmt":"2022-11-22T08:25:56","guid":{"rendered":"https:\/\/jackpotlotteryonline.com\/?page_id=39199"},"modified":"2023-01-03T08:52:04","modified_gmt":"2023-01-03T08:52:04","slug":"la-primitiva","status":"publish","type":"page","link":"https:\/\/jackpotlotteryonline.com\/hu\/hogyan-kell-jatszani\/la-primitiva\/","title":{"rendered":"j\u00e1t\u00e9k La Primitiva online"},"content":{"rendered":"<p>A spanyol lott\u00f3 Eur\u00f3pa egyik legn\u00e9pszer\u0171bb lott\u00f3j\u00e1t\u00e9ka, amely az eg\u00e9sz orsz\u00e1gban vonzza a lott\u00f3rajong\u00f3kat. A La Primitiva egyben az egyik legr\u00e9gebbi lott\u00f3 a vil\u00e1gon. A lott\u00f3j\u00e1t\u00e9kot 1763-ban alap\u00edtott\u00e1k, \u00e9s m\u00e1r k\u00f6zel 260 \u00e9ve \u00f6rvendezteti meg az orsz\u00e1g lott\u00f3rajong\u00f3it. Kor\u00e1bban csak az adott f\u00f6ldrajzi helyen \u00e9l\u0151 fogad\u00f3kra korl\u00e1toz\u00f3dott, de az internetnek k\u00f6sz\u00f6nhet\u0151en ma m\u00e1r a vil\u00e1g minden t\u00e1j\u00e1n r\u00e9szt vehetnek ebben a lott\u00f3j\u00e1t\u00e9kban a fogad\u00f3k. A lott\u00f3j\u00e1t\u00e9kok nagyban f\u00fcggenek a szerencs\u00e9t\u0151l, \u00e9s ez sem kiv\u00e9tel. Ez\u00e9rt minden egyes sorsol\u00e1son nagyon sokan vesznek r\u00e9szt, \u00e9s a j\u00e1t\u00e9kosok megpr\u00f3b\u00e1lnak nagyot nyerni.<\/p>\n<p>Ha <a href=\"https:\/\/jackpotlotteryonline.com\/hu\/jegyet-vasarolni\/la-primitiva-jegyek-vasarlasa\">a legjobb nemzetk\u00f6zi lott\u00f3j\u00e1t\u00e9kokra,<\/a> k\u00f6zt\u00fck a La Primitiva-ra szeretne fogadni, l\u00e1togasson el a jackptlotteryonline.com oldalra, \u00e9s kezdje el.<\/p>\n<h2>Hogyan j\u00e1tsszon a La Primitiva<\/h2>\n<p><img loading=\"lazy\" decoding=\"async\" class=\"alignright size-medium wp-image-28103\" src=\"https:\/\/jackpotlotteryonline.com\/wp-content\/uploads\/2022\/11\/1_lotto_jackpot_online-257x300.jpg\" alt=\"La Primitiva j\u00e1t\u00e9k\" width=\"257\" height=\"300\" srcset=\"https:\/\/jackpotlotteryonline.com\/wp-content\/uploads\/2022\/11\/1_lotto_jackpot_online-257x300.jpg 257w, https:\/\/jackpotlotteryonline.com\/wp-content\/uploads\/2022\/11\/1_lotto_jackpot_online.jpg 321w\" sizes=\"auto, (max-width: 257px) 100vw, 257px\" \/><\/p>\n<p>B\u00e1rmilyen sz\u00f3rakoztat\u00f3 is a spanyol lott\u00f3, egy kicsit zavar\u00f3 lehet azok sz\u00e1m\u00e1ra, akik \u00fajak a lott\u00f3z\u00e1sban. \u00dagy t\u0171nik, hogy egy kicsit t\u00f6bb sz\u00e1m van, mint amihez n\u00e9h\u00e1ny fogad\u00f3 hozz\u00e1szokott, \u00e9s van n\u00e9h\u00e1ny m\u00e1s fogalom is, amit neh\u00e9z lehet meg\u00e9rteni. De ha egyszer meg\u00e9rted, hogyan kell j\u00e1tszani a La Primitiva-t, akkor nagyon egyszer\u0171v\u00e9 v\u00e1lik.<\/p>\n<p>Az els\u0151 dolog, amit meg kell \u00e9rteni a lott\u00f3j\u00e1t\u00e9kkal kapcsolatban, az a <strong>Reintegro<\/strong> \u00e9s a <strong>Complementario<\/strong>. A Reintegro \u00e9s a Complementarior elengedhetetlen a jackpot nyertes\u00e9nek meghat\u00e1roz\u00e1s\u00e1hoz. Ha azt tervezi, hogy megnyeri a jackpotot, akkor elengedhetetlen, hogy tudja, mir\u0151l van sz\u00f3, \u00e9s hogyan m\u0171k\u00f6dnek.<\/p>\n<p>Alapvet\u0151en a Reintegro (angolra ford\u00edtva visszat\u00e9r\u00edt\u00e9s) az egyik b\u00f3nuszsz\u00e1m, amelyet a nyerem\u00e9nynyertesek kiv\u00e1laszt\u00e1s\u00e1n\u00e1l haszn\u00e1lnak. A Complementario (angolra ford\u00edtva Complementary) a m\u00e1sodik b\u00f3nuszsz\u00e1m.<\/p>\n<p><strong>A La Primitiva j\u00e1t\u00e9khoz a j\u00e1t\u00e9kosnak \u00f6t f\u0151 sz\u00e1mot kell v\u00e1lasztania 1-t\u0151l 49-ig, a Reintegro-t pedig 0-t\u00f3l 9-ig<\/strong>. Akinek a szelv\u00e9nye megegyezik a kih\u00fazott sz\u00e1mokkal, az megnyeri a jackpotot.<\/p>\n<h2>A Reintegro azonban t\u00f6bbr\u0151l sz\u00f3l<\/h2>\n<p>A Reintegro alapvet\u0151en a jackpot nyertes\u00e9nek kiv\u00e1laszt\u00e1s\u00e1ra szolg\u00e1l. \u00cdgy a jackpot megnyer\u00e9s\u00e9hez az \u00f6t f\u0151 sz\u00e1mnak \u00e9s a Reintegro sz\u00e1mnak kell egyeznie.<\/p>\n<p>A Reintegro egy m\u00e1sik nyerem\u00e9nykateg\u00f3ria meghat\u00e1roz\u00e1s\u00e1ra is szolg\u00e1l. Azok a fogad\u00f3k, akik csak a Reintegro sz\u00e1mmal egyeznek meg, visszanyerik a szelv\u00e9ny\u00fck \u00e1r\u00e1t. Ez\u00e9rt is h\u00edvj\u00e1k &#8220;visszat\u00e9r\u00edt\u00e9snek&#8221;.<\/p>\n<section class=\"layout\" style=\"border: solid 1px; width: 100%;\">\n<div class=\"img-div\" style=\"margin-top: 5px;\"><img decoding=\"async\" class=\"wp-image-17212 alignleft\" style=\"height: 45px; margin: 8px 8px 0px;\" src=\"https:\/\/jackpotlotteryonline.com\/wp-content\/uploads\/2022\/11\/read1.jpg\" alt=\"olvasd el\" width=\"\" height=\"\" \/><\/div>\n<div style=\"padding-left: 5px;\">\n<div style=\"font-size: 1.1em;\">\n<p><strong>Mi a lott\u00f3siker titka?<\/strong><\/p>\n<p style=\"font-size: 0.85em; margin-top: -1.5em;\">Hogyan j\u00e1tszhatsz sikeresen a lott\u00f3n\u00a0<a href=\"https:\/\/jackpotlotteryonline.com\/hu\/mi-az-a-titok-a-lotto-siker\"> tov\u00e1bb<\/a><\/p>\n<\/div>\n<\/div>\n<\/section>\n<h2>Mi a helyzet a Complementario-val?<\/h2>\n<p>A m\u00e1sik b\u00f3nuszsz\u00e1m nem j\u00e1tszik szerepet a jackpot megnyer\u00e9s\u00e9ben, de a 2. oszt\u00e1lynak j\u00e1r\u00f3 nyerem\u00e9nykateg\u00f3ria meghat\u00e1roz\u00e1s\u00e1hoz haszn\u00e1lj\u00e1k. Teh\u00e1t az a fogad\u00f3, aki az \u00f6t f\u0151 sz\u00e1mot \u00e9s a Complementario sz\u00e1mot eltal\u00e1lja, nyerem\u00e9nyt nyer.<\/p>\n<h2>A Joker m\u0171k\u00f6d\u00e9s\u00e9nek meg\u00e9rt\u00e9se<\/h2>\n<p>A Joker egy m\u00e1sik rejt\u00e9ly, ha el\u0151sz\u00f6r v\u00e1s\u00e1rol La Primitiva szelv\u00e9nyt, mert \u00fagy t\u0171nik, hogy egy teljesen m\u00e1s nyerem\u00e9nykateg\u00f3ri\u00e1t hoz l\u00e9tre. Val\u00f3j\u00e1ban val\u00f3ban egy m\u00e1sik nyerem\u00e9nykateg\u00f3ri\u00e1t hoz l\u00e9tre.\u00a0 Ez azonban opcion\u00e1lis, \u00e9s a sorsjegy megv\u00e1s\u00e1rl\u00e1sakor d\u00f6nthet \u00fagy, hogy a Joker is szerepeljen a sorsjegyben, ami\u00e9rt t\u00f6bbletk\u00f6lts\u00e9get kell fizetnie.<\/p>\n<p>A Joker ink\u00e1bb hasonl\u00edt a tombol\u00e1ra, mint a lott\u00f3ra, mivel a j\u00e1t\u00e9kosok nem v\u00e1laszthatj\u00e1k ki a sz\u00e1mokat. H\u00e9t v\u00e9letlenszer\u0171 sz\u00e1mot csatolnak a szelv\u00e9nyhez, ha a Joker mellett d\u00f6nt. Ez nem teszi semmiss\u00e9 a sorsjegy\u00e9t, ez csak egy kieg\u00e9sz\u00edt\u00e9s. A Jokerrel a j\u00e1t\u00e9kosok ak\u00e1r 1 milli\u00f3 eur\u00f3t is nyerhetnek. H\u00e9t nyerem\u00e9nykateg\u00f3ria van. Ezeket az al\u00e1bbiakban tal\u00e1lja:<\/p>\n<p>1. d\u00edj &#8211; 1 000 000 \u20ac<\/p>\n<p>2. d\u00edj &#8211; 10 000 \u20ac<\/p>\n<p>3. d\u00edj &#8211; 1 000 eur\u00f3<\/p>\n<p>4. d\u00edj &#8211; 300 eur\u00f3<\/p>\n<p>5. d\u00edj &#8211; 50 eur\u00f3<\/p>\n<p>6. d\u00edj &#8211; 5 eur\u00f3<\/p>\n<p>7. d\u00edj &#8211; 5 eur\u00f3<\/p>\n<h2>A Joker megnyer\u00e9se<\/h2>\n<p>Ha a sorsol\u00e1son \u00e9s a Jokerben is nyer, akkor v\u00e1lasztania kell az egyiket, mivel a j\u00e1t\u00e9kosok nem ig\u00e9nyelhetik mindk\u00e9t nyerem\u00e9nyt egy sorsol\u00e1son egyetlen szelv\u00e9nnyel. A magasabb jutalom azonban kifizet\u00e9sre ker\u00fcl.<\/p>\n<h2>Az online lott\u00f3j\u00e1t\u00e9k l\u00e9p\u00e9sei<\/h2>\n<p><img loading=\"lazy\" decoding=\"async\" class=\"alignright size-medium wp-image-33512\" src=\"https:\/\/jackpotlotteryonline.com\/wp-content\/uploads\/2022\/11\/2_ticket_la_primitiva2-210x300.jpg\" alt=\"La Primitiva online szelv\u00e9ny\" width=\"210\" height=\"300\" srcset=\"https:\/\/jackpotlotteryonline.com\/wp-content\/uploads\/2022\/11\/2_ticket_la_primitiva2-210x300.jpg 210w, https:\/\/jackpotlotteryonline.com\/wp-content\/uploads\/2022\/11\/2_ticket_la_primitiva2.jpg 250w\" sizes=\"auto, (max-width: 210px) 100vw, 210px\" \/><\/p>\n<p>Az online lott\u00f3fogad\u00e1s az \u00e9let egyik egyszer\u0171 \u00f6r\u00f6me, f\u0151k\u00e9nt az\u00e9rt, mert minden olyan k\u00e9nyelmes \u00e9s praktikus. A t\u00e9tet mind\u00f6ssze n\u00e9h\u00e1ny mozdulattal vagy \u00e9rint\u00e9ssel megteheti. \u00cdme egy l\u00e9p\u00e9sr\u0151l-l\u00e9p\u00e9sre t\u00f6rt\u00e9n\u0151 \u00fatmutat\u00f3 a fogad\u00e1sok elhelyez\u00e9s\u00e9hez ezen az oldalon.<\/p>\n<p><strong>1. l\u00e9p\u00e9s:<\/strong> L\u00e1togasson el a kiv\u00e1lasztott oldalra, \u00e9s keresse meg a lott\u00f3t, amelyen j\u00e1tszani szeretne. A lott\u00f3rajong\u00f3knak hozz\u00e1f\u00e9r\u00e9st biztos\u00edtunk a nemzetk\u00f6zi lott\u00f3j\u00e1t\u00e9kok sz\u00e9les v\u00e1laszt\u00e9k\u00e1hoz, k\u00f6zt\u00fck a La Primitiva lott\u00f3hoz is.<\/p>\n<p><strong>2. l\u00e9p\u00e9s:<\/strong> V\u00e1lassza ki az \u00f6t f\u0151 sz\u00e1mot \u00e9s a k\u00e9t b\u00f3nusz sz\u00e1mot. Ha nem vagy biztos abban, hogy milyen sz\u00e1mokat szeretn\u00e9l haszn\u00e1lni, haszn\u00e1lhatod az oldalon tal\u00e1lhat\u00f3 v\u00e9letlensz\u00e1m-gener\u00e1tort. Emellett t\u00f6bb sz\u00e1msort is v\u00e1laszthatsz, hogy n\u00f6veld a nyer\u00e9si es\u00e9lyeidet.<\/p>\n<p><strong>3. l\u00e9p\u00e9s:<\/strong> <a href=\"https:\/\/jackpotlotteryonline.com\/hu\/nyeroszamok\/la-primitiva\">Adja meg a sorsol\u00e1sokat<\/a>. Ne feledje, hogy ha egyetlen sorsol\u00e1son vesz r\u00e9szt, azt csak h\u00e9tf\u0151n teheti meg. A t\u00f6bbi sorsol\u00e1s heti sorsol\u00e1s, \u00e9s ha akarsz, mindegyikre benevezhetsz.<\/p>\n<p><strong>4. l\u00e9p\u00e9s:<\/strong> Regisztr\u00e1lj \u00e9s fizess. Amikor a fizet\u00e9si oldalra \u00e9rsz, megk\u00e9rnek, hogy regisztr\u00e1lj. Ez az\u00e9rt van, hogy k\u00f6nnyed\u00e9n hozz\u00e1f\u00e9rhess a szelv\u00e9nyedhez a fi\u00f3kodb\u00f3l, \u00e9s az\u00e9rt is, hogy \u00e9rtes\u00edteni tudjunk, ha nyerem\u00e9nyt nyersz. Csak egyszer kell regisztr\u00e1lnod, a k\u00e9s\u0151bbi alkalommal pedig csak jelentkezz be a fi\u00f3kodba.<\/p>\n<p>Ez minden, amire sz\u00fcks\u00e9ge van ahhoz, hogy hozz\u00e1f\u00e9rjen a legjobb nemzetk\u00f6zi lott\u00f3j\u00e1t\u00e9kokhoz k\u00e9nyelmesen a sz\u00e1m\u00edt\u00f3g\u00e9pe vagy mobilk\u00e9sz\u00fcl\u00e9ke mell\u0151l!<\/p>\n<h2>La Primitiva sorsol\u00e1s eredm\u00e9nye<\/h2>\n<p>A sorsol\u00e1si napok tele vannak izgalommal, \u00e9s sok lott\u00f3j\u00e1t\u00e9kos v\u00e1rja \u0151ket. Ekkor tudj\u00e1k meg azok, akik r\u00e9szt vettek a sorsol\u00e1son, hogy megnyert\u00e9k-e a jackpotot. A jackpoton k\u00edv\u00fcl m\u00e1s nyerem\u00e9nyeket is nyerhetnek a j\u00e1t\u00e9kosok, \u00e9s ezek mind a sorsol\u00e1s napj\u00e1n der\u00fclnek ki.<\/p>\n<p>A spanyol lott\u00f3 heti h\u00e1rom sorsol\u00e1st tart, h\u00e9tf\u0151n, cs\u00fct\u00f6rt\u00f6k\u00f6n \u00e9s szombaton. Ez azt jelenti, hogy a fogad\u00f3knak minden h\u00e9ten h\u00e1romszor van es\u00e9ly\u00fck megnyerni a lott\u00f3t. Ha az interneten kereszt\u00fcl j\u00e1tszik a La Primitive lott\u00f3n, akkor vagy a k\u00f6vetkez\u0151 sorsol\u00e1son, vagy automatikusan minden sorsol\u00e1son r\u00e9szt vehet. Ne feledje, hogy min\u00e9l t\u00f6bb sorsol\u00e1son vesz r\u00e9szt, ann\u00e1l nagyobb az es\u00e9lye a lott\u00f3nyerem\u00e9nyre.<\/p>\n<p>A sorsol\u00e1sok kihirdet\u00e9sekor a fogad\u00f3k \u00e9l\u0151ben hallgathatj\u00e1k meg a sorsol\u00e1s eredm\u00e9ny\u00e9t. Ha azonban erre nincs ideje, akkor visszat\u00e9rhet ide a sorsol\u00e1si eredm\u00e9nyek\u00e9rt. Nemcsak az \u00f6sszes kisorsolt sz\u00e1mmal megegyez\u0151 sz\u00e1mokat tessz\u00fck k\u00f6zz\u00e9, hanem a t\u00f6bbi sorsol\u00e1si fokozat eredm\u00e9nyeit is.<\/p>\n<h2>A La Primitiva nyerem\u00e9nyekr\u0151l: mit lehet nyerni?<\/h2>\n<p>A f\u0151d\u00edjon k\u00edv\u00fcl a La Primitiva 5 m\u00e1sik nyerem\u00e9nyszintet is k\u00edn\u00e1l. Ha a jackpotot is belesz\u00e1m\u00edtjuk, akkor \u00f6sszesen 6 szint van. M\u00e9g egy nyerem\u00e9ny is van, ha csak a Reintegro sz\u00e1mot tal\u00e1lod el. Ezek a nyerem\u00e9nyek tal\u00e1n nem milli\u00f3s nagys\u00e1grend\u0171ek, de t\u00f6bb ezer eur\u00f3ra r\u00fagnak. Teh\u00e1t mindenk\u00e9ppen \u00e9rdemes megn\u00e9zni \u0151ket.<\/p>\n<p>Fontos meg\u00e9rteni, hogy a t\u00f6bbi szintre nincs konkr\u00e9t nyerem\u00e9ny, mivel az az adott sorsol\u00e1son r\u00e9szt vev\u0151 j\u00e1t\u00e9kosok sz\u00e1m\u00e1t\u00f3l f\u00fcgg. A jackpot az egyetlen olyan nyerem\u00e9nyszint, amely garant\u00e1lt. A jackpot \u00f6sszeg\u00e9nek 40%-\u00e1t a t\u00f6bbi nyerem\u00e9nyszintre osztj\u00e1k ki \u00e9s osztj\u00e1k sz\u00e9t az adott kateg\u00f3ri\u00e1k nyertesei k\u00f6z\u00f6tt.<\/p>\n<p>De v\u00e1laszthatja a Joker j\u00e1t\u00e9kot is, ami jelent\u0151sen megn\u00f6veli a lehets\u00e9ges nyerem\u00e9nyt. A Joker h\u00e9t m\u00e1sik, a f\u0151d\u00edjkateg\u00f3ri\u00e1kt\u00f3l elk\u00fcl\u00f6n\u00fcl\u0151 nyerem\u00e9nykateg\u00f3ri\u00e1t is tartalmaz, \u00edgy a La Primitiva j\u00e1t\u00e9kosai m\u00e9g t\u00f6bb es\u00e9lyt kapnak a nyer\u00e9sre.<\/p>\n<h2>Nyerem\u00e9nyszintek<\/h2>\n<p>Jackpot &#8211; 6 f\u0151 sz\u00e1m tal\u00e1lata + Reintegro<\/p>\n<p>1. r\u00e9szleg &#8211; 6 f\u0151 sz\u00e1m tal\u00e1lata<\/p>\n<p>2. div\u00edzi\u00f3 &#8211; 5 f\u0151 sz\u00e1m + kieg\u00e9sz\u00edt\u0151 sz\u00e1m<\/p>\n<p>3. div\u00edzi\u00f3 &#8211; 5 f\u0151 sz\u00e1mmal val\u00f3 m\u00e9rk\u0151z\u00e9s<\/p>\n<p>4. div\u00edzi\u00f3 &#8211; 4 f\u0151 sz\u00e1mmal val\u00f3 m\u00e9rk\u0151z\u00e9s<\/p>\n<p>5. div\u00edzi\u00f3 &#8211; 3 f\u0151 sz\u00e1mmal val\u00f3 m\u00e9rk\u0151z\u00e9s<\/p>\n<p>Reintegro &#8211; Csak a Reintegro sz\u00e1mmal egyezik meg.<\/p>\n<h2>Hogyan veheti ki nyerem\u00e9ny\u00e9t<\/h2>\n<p>A fogad\u00f3k gyakran elgondolkodnak azon, hogyan juthatnak hozz\u00e1 a nyerem\u00e9ny\u00fckh\u00f6z, ha az interneten j\u00e1tszanak. A v\u00e1lasz erre az \u00d6n \u00e1ltal haszn\u00e1lt lott\u00f3oldalt\u00f3l f\u00fcgg. N\u00e9h\u00e1ny lott\u00f3oldal nem t\u00fal j\u00f3 a nyertesek kifizet\u00e9s\u00e9ben, de azt fogja tapasztalni, hogy ez ink\u00e1bb a kiv\u00e9tel, mint a szab\u00e1ly. Ennek ellen\u00e9re mindig j\u00f3 \u00f6tlet biztons\u00e1gban maradni, \u00e9s megb\u00edzhat\u00f3 lott\u00f3szolg\u00e1ltat\u00f3n\u00e1l maradni.<\/p>\n<p>Ha n\u00e1lunk lott\u00f3zik, akkor k\u00f6nnyed\u00e9n kiveheti nyerem\u00e9ny\u00e9t. \u00dagy tervezt\u00fck meg rendszer\u00fcnket, hogy maxim\u00e1lisan egyszer\u0171 haszn\u00e1latot \u00e9s nulla stresszt biztos\u00edtson. T\u00f6bbf\u00e9le kifizet\u00e9si lehet\u0151s\u00e9ggel biztons\u00e1gos m\u00f3dszert biztos\u00edtunk \u00d6nnek, hogy hozz\u00e1jusson a nyerem\u00e9ny\u00e9hez.<\/p>\n<p>Ha a nyerem\u00e9nye meghalad egy bizonyos \u00f6sszeget (p\u00e9ld\u00e1ul ha megnyeri a jackpotot), akkor azonos\u00edtania kell mag\u00e1t a lott\u00f3t\u00e1rsas\u00e1g fel\u00e9. De ne agg\u00f3djon, mi biztos\u00edtunk egy \u0171rlapot, amit ki kell t\u00f6ltenie, \u00e9s miut\u00e1n ezt megtette, mi feldolgozzuk az ig\u00e9nyeket az \u00d6n sz\u00e1m\u00e1ra.<\/p>\n<h2>J\u00e1tsszon vel\u00fcnk a nagy nyerem\u00e9ny\u00e9rt<\/h2>\n<p>Sokat sz\u00e1m\u00edt, hogy hol teszed meg a t\u00e9tet, \u00e9s a mi oldalunkon mindent megtett\u00fcnk az\u00e9rt, hogy biztons\u00e1gos helyet hozzunk l\u00e9tre a fogad\u00f3k sz\u00e1m\u00e1ra a vil\u00e1g minden t\u00e1j\u00e1r\u00f3l. A nemzetk\u00f6zi lott\u00f3j\u00e1t\u00e9kok sz\u00e9les v\u00e1laszt\u00e9k\u00e1b\u00f3l b\u00e1rmelyik j\u00e1t\u00e9k k\u00f6z\u00fcl v\u00e1laszthat, bele\u00e9rtve a La Primitiva-t is. A jackpot nyerem\u00e9nyek nagyok, de ne feledje, hogy a legt\u00f6bb lott\u00f3j\u00e1t\u00e9knak t\u00f6bb nyerem\u00e9nyszintje van, n\u00e9h\u00e1ny igen b\u0151kez\u0171 \u00f6sszeggel.<\/p>\n<p>Ha k\u00e9szen \u00e1llsz arra, hogy nagyot nyerj a La Primitiva-val, l\u00e1togass el hozz\u00e1nk most, \u00e9s tedd meg t\u00e9tjeidet. A heti h\u00e1rom sorsol\u00e1ssal a spanyol lott\u00f3 minden h\u00e9ten t\u00f6bb es\u00e9lyt ad a fogad\u00f3knak a jackpot megnyer\u00e9s\u00e9re. A jackpotlotteryonline.com oldalon mindig van egy sorsol\u00e1s, amin r\u00e9szt vehet, \u00e9s sosem tudhatja, hogy ma van-e az a nap, amikor nagyot nyerhet.<\/p>\n","protected":false},"excerpt":{"rendered":"<p>A spanyol lott\u00f3 Eur\u00f3pa egyik legn\u00e9pszer\u0171bb lott\u00f3j\u00e1t\u00e9ka, amely az eg\u00e9sz orsz\u00e1gban vonzza a lott\u00f3rajong\u00f3kat. A La Primitiva egyben az egyik legr\u00e9gebbi lott\u00f3 a vil\u00e1gon. A lott\u00f3j\u00e1t\u00e9kot 1763-ban alap\u00edtott\u00e1k, \u00e9s m\u00e1r k\u00f6zel 260 \u00e9ve \u00f6rvendezteti meg az orsz\u00e1g lott\u00f3rajong\u00f3it. Kor\u00e1bban csak az adott f\u00f6ldrajzi helyen \u00e9l\u0151 fogad\u00f3kra korl\u00e1toz\u00f3dott, de az internetnek k\u00f6sz\u00f6nhet\u0151en ma m\u00e1r a vil\u00e1g [&hellip;]<\/p>\n","protected":false},"author":1,"featured_media":0,"parent":35696,"menu_order":7,"comment_status":"closed","ping_status":"closed","template":"la-primitiva.php","meta":{"_et_pb_use_builder":"","_et_pb_old_content":"","_et_gb_content_width":"","exclude_from_search":false,"footnotes":""},"class_list":["post-39199","page","type-page","status-publish","hentry"],"yoast_head":"<!-- This site is optimized with the Yoast SEO plugin v23.3 - https:\/\/yoast.com\/wordpress\/plugins\/seo\/ -->\n<title>J\u00e1tssz spanyol La Primitiva online lott\u00f3n b\u00e1rmely orsz\u00e1gb\u00f3l<\/title>\n<meta name=\"description\" content=\"Hogyan j\u00e1tszhatsz La Primitiva-t \u00e9s nyerhetsz nagyot a vil\u00e1g b\u00e1rmely pontj\u00e1r\u00f3l. Ismerje meg az online lott\u00f3j\u00e1t\u00e9k l\u00e9p\u00e9seit \u00e9s a nyerhet\u0151 nyerem\u00e9nyeket.\" \/>\n<meta name=\"robots\" content=\"index, follow, max-snippet:-1, max-image-preview:large, max-video-preview:-1\" \/>\n<link rel=\"canonical\" href=\"https:\/\/jackpotlotteryonline.com\/hu\/hogyan-kell-jatszani\/la-primitiva\/\" \/>\n<meta property=\"og:locale\" content=\"hu_HU\" \/>\n<meta property=\"og:type\" content=\"article\" \/>\n<meta property=\"og:title\" content=\"J\u00e1tssz spanyol La Primitiva online lott\u00f3n b\u00e1rmely orsz\u00e1gb\u00f3l\" \/>\n<meta property=\"og:description\" content=\"Hogyan j\u00e1tszhatsz La Primitiva-t \u00e9s nyerhetsz nagyot a vil\u00e1g b\u00e1rmely pontj\u00e1r\u00f3l. Ismerje meg az online lott\u00f3j\u00e1t\u00e9k l\u00e9p\u00e9seit \u00e9s a nyerhet\u0151 nyerem\u00e9nyeket.\" \/>\n<meta property=\"og:url\" content=\"https:\/\/jackpotlotteryonline.com\/hu\/hogyan-kell-jatszani\/la-primitiva\/\" \/>\n<meta property=\"og:site_name\" content=\"Lotto Online - Crack The International Lottery Jackpots\" \/>\n<meta property=\"article:modified_time\" content=\"2023-01-03T08:52:04+00:00\" \/>\n<meta property=\"og:image\" content=\"https:\/\/jackpotlotteryonline.com\/wp-content\/uploads\/2022\/11\/1_lotto_jackpot_online-257x300.jpg\" \/>\n<meta name=\"twitter:card\" content=\"summary_large_image\" \/>\n<meta name=\"twitter:label1\" content=\"Becs\u00fclt olvas\u00e1si id\u0151\" \/>\n\t<meta name=\"twitter:data1\" content=\"7 perc\" \/>\n<!-- \/ Yoast SEO plugin. -->","yoast_head_json":{"title":"J\u00e1tssz spanyol La Primitiva online lott\u00f3n b\u00e1rmely orsz\u00e1gb\u00f3l","description":"Hogyan j\u00e1tszhatsz La Primitiva-t \u00e9s nyerhetsz nagyot a vil\u00e1g b\u00e1rmely pontj\u00e1r\u00f3l. Ismerje meg az online lott\u00f3j\u00e1t\u00e9k l\u00e9p\u00e9seit \u00e9s a nyerhet\u0151 nyerem\u00e9nyeket.","robots":{"index":"index","follow":"follow","max-snippet":"max-snippet:-1","max-image-preview":"max-image-preview:large","max-video-preview":"max-video-preview:-1"},"canonical":"https:\/\/jackpotlotteryonline.com\/hu\/hogyan-kell-jatszani\/la-primitiva\/","og_locale":"hu_HU","og_type":"article","og_title":"J\u00e1tssz spanyol La Primitiva online lott\u00f3n b\u00e1rmely orsz\u00e1gb\u00f3l","og_description":"Hogyan j\u00e1tszhatsz La Primitiva-t \u00e9s nyerhetsz nagyot a vil\u00e1g b\u00e1rmely pontj\u00e1r\u00f3l. Ismerje meg az online lott\u00f3j\u00e1t\u00e9k l\u00e9p\u00e9seit \u00e9s a nyerhet\u0151 nyerem\u00e9nyeket.","og_url":"https:\/\/jackpotlotteryonline.com\/hu\/hogyan-kell-jatszani\/la-primitiva\/","og_site_name":"Lotto Online - Crack The International Lottery Jackpots","article_modified_time":"2023-01-03T08:52:04+00:00","og_image":[{"url":"https:\/\/jackpotlotteryonline.com\/wp-content\/uploads\/2022\/11\/1_lotto_jackpot_online-257x300.jpg"}],"twitter_card":"summary_large_image","twitter_misc":{"Becs\u00fclt olvas\u00e1si id\u0151":"7 perc"},"schema":{"@context":"https:\/\/schema.org","@graph":[{"@type":"WebPage","@id":"https:\/\/jackpotlotteryonline.com\/hu\/hogyan-kell-jatszani\/la-primitiva\/","url":"https:\/\/jackpotlotteryonline.com\/hu\/hogyan-kell-jatszani\/la-primitiva\/","name":"J\u00e1tssz spanyol La Primitiva online lott\u00f3n b\u00e1rmely orsz\u00e1gb\u00f3l","isPartOf":{"@id":"https:\/\/jackpotlotteryonline.com\/#website"},"primaryImageOfPage":{"@id":"https:\/\/jackpotlotteryonline.com\/hu\/hogyan-kell-jatszani\/la-primitiva\/#primaryimage"},"image":{"@id":"https:\/\/jackpotlotteryonline.com\/hu\/hogyan-kell-jatszani\/la-primitiva\/#primaryimage"},"thumbnailUrl":"https:\/\/jackpotlotteryonline.com\/wp-content\/uploads\/2022\/11\/1_lotto_jackpot_online-257x300.jpg","datePublished":"2022-11-22T08:25:56+00:00","dateModified":"2023-01-03T08:52:04+00:00","description":"Hogyan j\u00e1tszhatsz La Primitiva-t \u00e9s nyerhetsz nagyot a vil\u00e1g b\u00e1rmely pontj\u00e1r\u00f3l. Ismerje meg az online lott\u00f3j\u00e1t\u00e9k l\u00e9p\u00e9seit \u00e9s a nyerhet\u0151 nyerem\u00e9nyeket.","breadcrumb":{"@id":"https:\/\/jackpotlotteryonline.com\/hu\/hogyan-kell-jatszani\/la-primitiva\/#breadcrumb"},"inLanguage":"hu","potentialAction":[{"@type":"ReadAction","target":["https:\/\/jackpotlotteryonline.com\/hu\/hogyan-kell-jatszani\/la-primitiva\/"]}]},{"@type":"ImageObject","inLanguage":"hu","@id":"https:\/\/jackpotlotteryonline.com\/hu\/hogyan-kell-jatszani\/la-primitiva\/#primaryimage","url":"https:\/\/jackpotlotteryonline.com\/wp-content\/uploads\/2022\/11\/1_lotto_jackpot_online-257x300.jpg","contentUrl":"https:\/\/jackpotlotteryonline.com\/wp-content\/uploads\/2022\/11\/1_lotto_jackpot_online-257x300.jpg"},{"@type":"BreadcrumbList","@id":"https:\/\/jackpotlotteryonline.com\/hu\/hogyan-kell-jatszani\/la-primitiva\/#breadcrumb","itemListElement":[{"@type":"ListItem","position":1,"name":"Home","item":"https:\/\/jackpotlotteryonline.com\/hu\/"},{"@type":"ListItem","position":2,"name":"Hogyan kell j\u00e1tszani","item":"https:\/\/jackpotlotteryonline.com\/play-online\/"},{"@type":"ListItem","position":3,"name":"j\u00e1t\u00e9k La Primitiva online"}]},{"@type":"WebSite","@id":"https:\/\/jackpotlotteryonline.com\/#website","url":"https:\/\/jackpotlotteryonline.com\/","name":"Lotto Online - Crack The International Lottery Jackpots","description":"","potentialAction":[{"@type":"SearchAction","target":{"@type":"EntryPoint","urlTemplate":"https:\/\/jackpotlotteryonline.com\/?s={search_term_string}"},"query-input":"required name=search_term_string"}],"inLanguage":"hu"}]}},"_links":{"self":[{"href":"https:\/\/jackpotlotteryonline.com\/hu\/wp-json\/wp\/v2\/pages\/39199","targetHints":{"allow":["GET"]}}],"collection":[{"href":"https:\/\/jackpotlotteryonline.com\/hu\/wp-json\/wp\/v2\/pages"}],"about":[{"href":"https:\/\/jackpotlotteryonline.com\/hu\/wp-json\/wp\/v2\/types\/page"}],"author":[{"embeddable":true,"href":"https:\/\/jackpotlotteryonline.com\/hu\/wp-json\/wp\/v2\/users\/1"}],"replies":[{"embeddable":true,"href":"https:\/\/jackpotlotteryonline.com\/hu\/wp-json\/wp\/v2\/comments?post=39199"}],"version-history":[{"count":0,"href":"https:\/\/jackpotlotteryonline.com\/hu\/wp-json\/wp\/v2\/pages\/39199\/revisions"}],"up":[{"embeddable":true,"href":"https:\/\/jackpotlotteryonline.com\/hu\/wp-json\/wp\/v2\/pages\/35696"}],"wp:attachment":[{"href":"https:\/\/jackpotlotteryonline.com\/hu\/wp-json\/wp\/v2\/media?parent=39199"}],"curies":[{"name":"wp","href":"https:\/\/api.w.org\/{rel}","templated":true}]}}