{"id":39311,"date":"2022-11-23T10:42:19","date_gmt":"2022-11-23T10:42:19","guid":{"rendered":"https:\/\/jackpotlotteryonline.com\/?page_id=39311"},"modified":"2024-07-07T09:50:12","modified_gmt":"2024-07-07T09:50:12","slug":"lotto-america","status":"publish","type":"page","link":"https:\/\/jackpotlotteryonline.com\/hu\/hogyan-kell-jatszani\/lotto-america\/","title":{"rendered":"J\u00e1tsszon Lotto America online"},"content":{"rendered":"<p>Szeretn\u00e9 megtanulni, hogyan fogadhat a Lotto America j\u00e1t\u00e9kra a vil\u00e1g b\u00e1rmely pontj\u00e1r\u00f3l? Az Egyes\u00fclt \u00c1llamokban van a vil\u00e1g legnagyobb lott\u00f3j\u00e1t\u00e9kai k\u00f6z\u00fcl n\u00e9h\u00e1ny, mint p\u00e9ld\u00e1ul a Lotto America. \u00c9rdekes m\u00f3don ez is egy olyan lott\u00f3, amelyet gyakran figyelmen k\u00edv\u00fcl hagynak sokkal nagyobb rokonai, a Powerball \u00e9s a Mega Millions jav\u00e1ra. Vannak azonban olyan tapasztalt fogad\u00f3k, akik tudj\u00e1k, hogy milyen hihetetlen\u00fcl nagy a jackpot, r\u00e1ad\u00e1sul a jackpot megnyer\u00e9s\u00e9nek es\u00e9lye sokkal kisebb, mint p\u00e9ld\u00e1ul az amerikai Powerball\u00e9. Ha teh\u00e1t olyan amerikai lott\u00f3t keres, amely nagyobb es\u00e9lyt ad a jackpot megnyer\u00e9s\u00e9re, mint m\u00e1s lott\u00f3j\u00e1t\u00e9kok, akkor \u00e9rdemes megn\u00e9znie a Lotto America-t.<\/p>\n<p>Igaz, hogy a Lotto America egy amerikai sz\u00e9khely\u0171 lott\u00f3, \u00edgy a szelv\u00e9nyeket az USA-ban \u00e1rulj\u00e1k. A fogad\u00f3k azonban egy olyan webhelyen, mint a jackpotlotteryonline.com, megv\u00e1s\u00e1rolhatj\u00e1k a szelv\u00e9nyeket erre a lott\u00f3j\u00e1t\u00e9kra. Megosztunk n\u00e9h\u00e1ny r\u00e9szletet err\u0151l, \u00e9s igyeksz\u00fcnk megv\u00e1laszolni a Lotto Amerik\u00e1val kapcsolatban gyakran felmer\u00fcl\u0151 k\u00e9rd\u00e9seket is.<\/p>\n<p>Olvasson tov\u00e1bb, hogy t\u00f6bbet megtudjon a Lotto Amerik\u00e1r\u00f3l, \u00e9s arr\u00f3l, hogyan navig\u00e1ljon a szelv\u00e9nyv\u00e1s\u00e1rl\u00e1s \u00e9s a nyerem\u00e9nyek begy\u0171jt\u00e9s\u00e9nek folyamat\u00e1ban.<\/p>\n<section class=\"layout\" style=\"border: solid 1px; width: 100%;\">\n<div class=\"img-div\" style=\"margin-top: 5px;\"><img decoding=\"async\" class=\"wp-image-17212 alignleft\" style=\"height: 45px; margin: 8px 8px 0px;\" src=\"https:\/\/jackpotlotteryonline.com\/wp-content\/uploads\/2022\/11\/read1.jpg\" alt=\"Olvassa el \" width=\"\" height=\"\" \/><\/div>\n<div style=\"padding-left: 5px;\">\n<div style=\"font-size: 1.1em;\">\n<p><strong>A nyertes lott\u00f3sz\u00e1mok k\u00e9zzel vagy egy RNG seg\u00edts\u00e9g\u00e9vel t\u00f6rt\u00e9n\u0151 kiv\u00e1laszt\u00e1sa<\/strong><\/p>\n<p style=\"font-size: 0.85em; margin-top: -1.5em;\">Hogyan lehet lott\u00f3nyer\u0151 sz\u00e1mokat gener\u00e1lni?\u00a0<a href=\"https:\/\/jackpotlotteryonline.com\/hu\/hogyan-kell-generalni-nyero-lotto-szamok\"> tov\u00e1bb<\/a><\/p>\n<\/div>\n<\/div>\n<\/section>\n<h2>Egy kicsit a Lotto Amerik\u00e1r\u00f3l<\/h2>\n<p><img loading=\"lazy\" decoding=\"async\" class=\"alignright size-full wp-image-29534\" src=\"https:\/\/jackpotlotteryonline.com\/wp-content\/uploads\/2022\/11\/1_results_lottery_online5.jpg\" alt=\"lott\u00f3 Amerika online lott\u00f3j\u00e1t\u00e9k \" width=\"300\" height=\"200\" \/><\/p>\n<p>A vil\u00e1g m\u00e1s lott\u00f3j\u00e1t\u00e9kaihoz k\u00e9pest a Lotto America viszonylag \u00faj. 2017-ben hozt\u00e1k l\u00e9tre, \u00e9s mind\u00f6ssze 5 \u00e9ve m\u0171k\u00f6dik, \u00e9s a Hot Lotto helyett j\u00f6tt l\u00e9tre, amely sz\u00e1mos botr\u00e1nnyal volt tele. Nem untatjuk a r\u00e9szletekkel, el\u00e9g annyit tudni, hogy a Lotto America 5 \u00e9ves m\u0171k\u00f6d\u00e9se alatt botr\u00e1nymentes volt.<\/p>\n<p>A Lotto America egy t\u00f6bb \u00e1llamra kiterjed\u0151 lott\u00f3, ami azt jelenti, hogy Amerika t\u00f6bb \u00e1llam\u00e1ban is k\u00edn\u00e1lj\u00e1k. Ezen \u00e1llamok lakosai k\u00f6nnyed\u00e9n v\u00e1s\u00e1rolhatnak szelv\u00e9nyt a Lotto America-ra, ha bes\u00e9t\u00e1lnak b\u00e1rmelyik lott\u00f3\u00e1rushoz az \u00e1llamban. De mi t\u00f6rt\u00e9nik akkor, ha \u00d6n az USA-n k\u00edv\u00fcl \u00e9l?<\/p>\n<p>Azoknak a fogad\u00f3knak, akik az Egyes\u00fclt \u00c1llamokon k\u00edv\u00fcl \u00e9lnek, \u00e9s r\u00e9szt szeretn\u00e9nek venni a Lotto America j\u00e1t\u00e9kban, van egy egyszer\u0171 megold\u00e1s. Az internet lehet\u0151v\u00e9 tette, hogy a j\u00e1t\u00e9kosok vil\u00e1gszerte r\u00e9szt vehessenek a legjobb nemzetk\u00f6zi lott\u00f3j\u00e1t\u00e9kokban, ha egy online lott\u00f3\u00e9rt\u00e9kes\u00edt\u0151n kereszt\u00fcl teszik meg t\u00e9tjeiket. Az al\u00e1bbiakban tippeket osztunk meg azzal kapcsolatban, hogyan lehet online j\u00e1tszani a Lotto Amerik\u00e1ban.<\/p>\n<h2>Lotto America online j\u00e1t\u00e9ka<\/h2>\n<p>Az els\u0151 l\u00e9p\u00e9s az online Lotto America j\u00e1t\u00e9khoz az, hogy tal\u00e1ljon egy olyan weboldalt, ahol <a href=\"https:\/\/jackpotlotteryonline.com\/hu\/jegyet-vasarolni\/lotto-america\">megv\u00e1s\u00e1rolhatja a szelv\u00e9nyeket<\/a>. Ez egy kicsit nyilv\u00e1nval\u00f3nak t\u0171nik, de egy perc m\u00falva l\u00e1tni fogja, hogy ez nem olyan egyszer\u0171, mint amilyennek t\u0171nik.<\/p>\n<p>Az igazs\u00e1g az, hogy sz\u00e1mos olyan oldal l\u00e9tezik, amely azt \u00e1ll\u00edtja, hogy lehet\u0151s\u00e9get k\u00edn\u00e1l a j\u00e1t\u00e9kosoknak a Lotto America j\u00e1t\u00e9kba val\u00f3 bel\u00e9p\u00e9shez. De ezek csak a lott\u00f3 kimenetel\u00e9re val\u00f3 fogad\u00e1sra k\u00edn\u00e1lnak lehet\u0151s\u00e9get. Ha szelv\u00e9nyt v\u00e1s\u00e1rol az adott oldalon, akkor val\u00f3j\u00e1ban nem l\u00e9pett be a Lotto America j\u00e1t\u00e9kba, \u00e9s m\u00e9g ha az \u00f6sszes kisorsolt sz\u00e1mot eltal\u00e1lja is, nem fogja megnyerni a jackpotot. Ez\u00e9rt nagyon fontos, hogy melyik oldalt v\u00e1lasztja meg.<\/p>\n<p><strong>Miut\u00e1n d\u00f6nt\u00f6tt az oldal mellett, k\u00f6vesse az al\u00e1bbi l\u00e9p\u00e9seket:<\/strong><\/p>\n<ol>\n<li>L\u00e1togasson el a haszn\u00e1lni k\u00edv\u00e1nt oldalra, \u00e9s kattintson a Lotto America gombra.<\/li>\n<li>V\u00e1lasszon ki 5 sz\u00e1mot az 1 \u00e9s 52 k\u00f6z\u00f6tti tartom\u00e1nyb\u00f3l (ha nem tudja biztosan, hogy milyen sz\u00e1mokat haszn\u00e1ljon, pr\u00f3b\u00e1lja ki az automatikus sz\u00e1mgener\u00e1tort).<\/li>\n<li>Ezut\u00e1n v\u00e1lasszon egy b\u00f3nuszsz\u00e1mot (a Star Ball) 1 \u00e9s 10 k\u00f6z\u00f6tt.<\/li>\n<li>V\u00e1s\u00e1roljon tov\u00e1bbi sz\u00e1msorokat a nagyobb nyer\u00e9si es\u00e9lyek \u00e9rdek\u00e9ben<\/li>\n<li><a href=\"https:\/\/jackpotlotteryonline.com\/hu\/nyeroszamok\/lotto-america\">Vegyen r\u00e9szt a sorsol\u00e1sokon<\/a> (egyn\u00e9l t\u00f6bb sorsol\u00e1son is r\u00e9szt vehet)<\/li>\n<li>Regisztr\u00e1ljon \u00e9s fizessen a nevez\u00e9sek\u00e9rt.<\/li>\n<\/ol>\n<h2>Mir\u0151l sz\u00f3l az el\u0151fizet\u00e9ses szolg\u00e1ltat\u00e1s?<\/h2>\n<p>Ha egy olyan oldalt haszn\u00e1l, mint a mi\u00e9nk, akkor van egy \u00fagynevezett el\u0151fizet\u00e9si szolg\u00e1ltat\u00e1s, amely lehet\u0151v\u00e9 teszi a z\u00f6kken\u0151mentes \u00e9s stresszmentes fogad\u00e1st. B\u00e1r teljesen rendben van, ha egyszeri j\u00e1t\u00e9kos vagy (ha ezt szeretn\u00e9d), a legt\u00f6bb fogad\u00f3 gyakran j\u00e1tszik. A legjobb m\u00f3dja annak, hogy megnyerje az amerikai lott\u00f3t, ha rendszeresen fogad, \u00e9s ez a szolg\u00e1ltat\u00e1s \u00e9ppen err\u0151l sz\u00f3l.<\/p>\n<p>Be\u00e1ll\u00edthatja, hogy a j\u00f6v\u0151beni sorsol\u00e1sokra automatikusan felker\u00fclj\u00f6n. A Lotto America minden h\u00e9ten 3 sorsol\u00e1si napot tart: H\u00e9tf\u0151nk\u00e9nt, szerd\u00e1nk\u00e9nt \u00e9s szombatonk\u00e9nt. Legy\u00fcnk \u0151szint\u00e9k, kicsit f\u00e1raszt\u00f3 lehet, hogy ne felejtse el megvenni a szelv\u00e9nyeket minden egyes sorsol\u00e1sra, de ez\u00e9rt vagyunk itt.<\/p>\n<p>Miut\u00e1n be\u00e1ll\u00edtotta az el\u0151fizet\u00e9si szolg\u00e1ltat\u00e1st, megnyugodhat, \u00e9s tudhatja, hogy nem kell lemaradnia a Lotto America egyetlen sorsol\u00e1s\u00e1r\u00f3l sem.<\/p>\n<h2>Concierge-szolg\u00e1ltat\u00e1sainkr\u00f3l<\/h2>\n<p>Eml\u00edtett\u00fck, hogy milyen vesz\u00e9lyekkel j\u00e1r, ha csak \u00fagy b\u00e1rmilyen internetes oldalt haszn\u00e1l a Lotto America j\u00e1t\u00e9khoz. De honnan tudja, hogy a mi oldalunkon j\u00e1tszva bel\u00e9p a Lotto America j\u00e1t\u00e9kba? Nos, ez egyszer\u0171. Olyan szolg\u00e1ltat\u00e1st k\u00edn\u00e1lunk, amely seg\u00edt megv\u00e1s\u00e1rolni a szelv\u00e9nyt abban az orsz\u00e1gban, ahol a lott\u00f3t j\u00e1tssz\u00e1k. Megk\u00f6nny\u00edtj\u00fck az \u00d6n ig\u00e9nyl\u00e9s\u00e9t is, ha nyer. Alapvet\u0151en \u00fagy gondolhat r\u00e1nk, mint egy concierge szolg\u00e1ltat\u00e1sra a lott\u00f3j\u00e1t\u00e9kosok sz\u00e1m\u00e1ra.<\/p>\n<p>Amikor a mi oldalunkon j\u00e1tszik Lotto America-t, a k\u00f6vetkez\u0151 t\u00f6rt\u00e9nik. Miut\u00e1n kiv\u00e1lasztotta a sz\u00e1mokat \u00e9s befizetett, \u00fcgyn\u00f6k\u00fcnk az Egyes\u00fclt \u00c1llamokban megv\u00e1s\u00e1rol egy fizikai szelv\u00e9nyt az \u00d6n sz\u00e1maival. Ez term\u00e9szetesen az \u00d6n \u00e1ltal kiv\u00e1lasztott sorsol\u00e1sra vonatkozik. Ezt a szelv\u00e9nyt ezut\u00e1n beszkennelj\u00fck \u00e9s felt\u00f6ltj\u00fck a sz\u00e1ml\u00e1j\u00e1ra.<\/p>\n<p>Ez egy teljesen leg\u00e1lis m\u00f3dja annak, hogy a vil\u00e1g b\u00e1rmely pontj\u00e1r\u00f3l j\u00e1tszhasson az amerikai lott\u00f3n. R\u00e1ad\u00e1sul ez biztos\u00edtja, hogy val\u00f3ban r\u00e9szt vesz az \u00d6n \u00e1ltal v\u00e1lasztott lott\u00f3n.<\/p>\n<h2>A rajzok ellen\u0151rz\u00e9se<\/h2>\n<p><img loading=\"lazy\" decoding=\"async\" class=\"alignright size-full wp-image-30506\" src=\"https:\/\/jackpotlotteryonline.com\/wp-content\/uploads\/2022\/11\/3_screen_buy_lotto_tickets_online.jpg\" alt=\"Lotto America sorsol\u00e1sok\" width=\"300\" height=\"217\" \/><\/p>\n<p>A Lotto America heti h\u00e1rom sorsol\u00e1si napot tart, h\u00e9tf\u0151n, szerd\u00e1n \u00e9s szombaton. A sorsol\u00e1sok sor\u00e1n kihirdetik a nyertes szelv\u00e9nyt. A jackpot megnyer\u00e9s\u00e9hez a szelv\u00e9ny\u00e9nek meg kell egyeznie a hat kih\u00fazott sz\u00e1mmal. A Lotto America jackpot nyerem\u00e9nyei 2 milli\u00f3 doll\u00e1rn\u00e1l kezd\u0151dnek, \u00e9s ha egy sorsol\u00e1st k\u00f6vet\u0151en nincs nyertes, akkor a nyerem\u00e9ny tov\u00e1bbsz\u00e1llhat.<\/p>\n<p>Mivel minden egyes sorsol\u00e1s ut\u00e1n tov\u00e1bbg\u00f6rd\u00fcl (ha nincs nyertes), a nyerem\u00e9ny ak\u00e1r 18 milli\u00f3 doll\u00e1rra is emelkedhet. Ez egy sz\u00e9p \u00f6sszeg, nem igaz?<\/p>\n<p>Minden sorsol\u00e1s ut\u00e1n visszan\u00e9zhetsz oldalunkra, hogy megtudd, nyert\u00e9l-e nyerem\u00e9nyt. Az amerikai lott\u00f3nak 9 k\u00fcl\u00f6nb\u00f6z\u0151 nyerem\u00e9nykateg\u00f3ri\u00e1ja van, \u00e9s ha b\u00e1rmelyik nyerem\u00e9nyt megnyerte, e-mailben \u00e9rtes\u00edt\u00e9st k\u00fcld\u00fcnk \u00d6nnek.<\/p>\n<h2>Hogyan ig\u00e9nyelheti nyerem\u00e9ny\u00e9t<\/h2>\n<p>Az egyik k\u00e9rd\u00e9s, amit gyakran hallunk a j\u00e1t\u00e9kosokt\u00f3l, hogy hogyan f\u00e9rhetnek hozz\u00e1 a nyerem\u00e9nyeikhez, amikor online r\u00e9szt vesznek a Lotto America j\u00e1t\u00e9kban. Ha a mi oldalunkon kereszt\u00fcl v\u00e1s\u00e1rol szelv\u00e9nyeket a Lotto America j\u00e1t\u00e9kra, egyszer\u0171 \u00e9s probl\u00e9mamentes m\u00f3dszert k\u00edn\u00e1lunk a nyerem\u00e9nyek ig\u00e9nyl\u00e9s\u00e9re. A 2500 eur\u00f3t el\u00e9r\u0151 nyerem\u00e9nyeket j\u00f3v\u00e1\u00edrjuk a sz\u00e1ml\u00e1j\u00e1n, majd tov\u00e1bbi k\u00f6lts\u00e9gek n\u00e9lk\u00fcl kiveheti azt.<\/p>\n<p>Ha jelent\u0151sebb \u00f6sszeget nyer, az elj\u00e1r\u00e1s n\u00e9mileg elt\u00e9r\u0151. Mi biztos\u00edtunk egy ig\u00e9nyl\u0151lapot, amelyet ki kell t\u00f6ltenie, \u00e9s miut\u00e1n ezt megtette, feldolgozzuk az ig\u00e9nyl\u00e9st az \u00d6n sz\u00e1m\u00e1ra. Ennek oka az, hogy azonos\u00edtania kell mag\u00e1t. Emellett egyes lott\u00f3t\u00e1rsas\u00e1gokn\u00e1l el\u0151fordulhat, hogy a nagyobb \u00f6sszegek \u00e1tv\u00e9tel\u00e9hez szem\u00e9lyesen kell megjelennie. Ha ez megt\u00f6rt\u00e9nik, azonnal \u00e9rtes\u00edtj\u00fck \u00d6nt.<\/p>\n<h2>V\u00e1s\u00e1roljon vel\u00fcnk szelv\u00e9nyeket a Lotto Amerik\u00e1ban<\/h2>\n<p>\u00c9veket t\u00f6lt\u00f6tt\u00fcnk a modern technol\u00f3gia hasznos\u00edt\u00e1s\u00e1val \u00e9s a sz\u00e9lesk\u00f6r\u0171 tapasztalat b\u00e1ny\u00e1sz\u00e1s\u00e1val, hogy olyan helyet biztos\u00edtsunk, ahol a fogad\u00f3k biztons\u00e1gosan v\u00e1s\u00e1rolhatnak szelv\u00e9nyeket. K\u00f6nnyed\u00e9n v\u00e1s\u00e1rolhat szelv\u00e9nyeket a Lotto America vagy b\u00e1rmelyik nemzetk\u00f6zi lott\u00f3j\u00e1t\u00e9kra, amelyet oldalunkon tal\u00e1l.<\/p>\n<p>Mi\u00e9rt ne v\u00e1s\u00e1roln\u00e1 meg t\u0151l\u00fcnk szelv\u00e9ny\u00e9t m\u00e9g ma, ha be\u00edrja a Lotto America nevet? Mi gondoskodunk a r\u00e9szletekr\u0151l, hogy \u00d6n azt csin\u00e1lhassa, amit a legjobban szeret. L\u00e1togasson el a jackpotlotteryonline.com weboldalra tov\u00e1bbi inform\u00e1ci\u00f3k\u00e9rt.<\/p>\n","protected":false},"excerpt":{"rendered":"<p>Szeretn\u00e9 megtanulni, hogyan fogadhat a Lotto America j\u00e1t\u00e9kra a vil\u00e1g b\u00e1rmely pontj\u00e1r\u00f3l? Az Egyes\u00fclt \u00c1llamokban van a vil\u00e1g legnagyobb lott\u00f3j\u00e1t\u00e9kai k\u00f6z\u00fcl n\u00e9h\u00e1ny, mint p\u00e9ld\u00e1ul a Lotto America. \u00c9rdekes m\u00f3don ez is egy olyan lott\u00f3, amelyet gyakran figyelmen k\u00edv\u00fcl hagynak sokkal nagyobb rokonai, a Powerball \u00e9s a Mega Millions jav\u00e1ra. Vannak azonban olyan tapasztalt fogad\u00f3k, akik [&hellip;]<\/p>\n","protected":false},"author":1,"featured_media":0,"parent":35696,"menu_order":13,"comment_status":"closed","ping_status":"closed","template":"lotto-america.php","meta":{"_et_pb_use_builder":"","_et_pb_old_content":"","_et_gb_content_width":"","exclude_from_search":false,"footnotes":""},"class_list":["post-39311","page","type-page","status-publish","hentry"],"yoast_head":"<!-- This site is optimized with the Yoast SEO plugin v23.3 - https:\/\/yoast.com\/wordpress\/plugins\/seo\/ -->\n<title>J\u00e1tsszon Lotto America online<\/title>\n<meta name=\"robots\" content=\"index, follow, max-snippet:-1, max-image-preview:large, max-video-preview:-1\" \/>\n<link rel=\"canonical\" href=\"https:\/\/jackpotlotteryonline.com\/hu\/hogyan-kell-jatszani\/lotto-america\/\" \/>\n<meta property=\"og:locale\" content=\"hu_HU\" \/>\n<meta property=\"og:type\" content=\"article\" \/>\n<meta property=\"og:title\" content=\"J\u00e1tsszon Lotto America online\" \/>\n<meta property=\"og:description\" content=\"Szeretn\u00e9 megtanulni, hogyan fogadhat a Lotto America j\u00e1t\u00e9kra a vil\u00e1g b\u00e1rmely pontj\u00e1r\u00f3l? Az Egyes\u00fclt \u00c1llamokban van a vil\u00e1g legnagyobb lott\u00f3j\u00e1t\u00e9kai k\u00f6z\u00fcl n\u00e9h\u00e1ny, mint p\u00e9ld\u00e1ul a Lotto America. \u00c9rdekes m\u00f3don ez is egy olyan lott\u00f3, amelyet gyakran figyelmen k\u00edv\u00fcl hagynak sokkal nagyobb rokonai, a Powerball \u00e9s a Mega Millions jav\u00e1ra. Vannak azonban olyan tapasztalt fogad\u00f3k, akik [&hellip;]\" \/>\n<meta property=\"og:url\" content=\"https:\/\/jackpotlotteryonline.com\/hu\/hogyan-kell-jatszani\/lotto-america\/\" \/>\n<meta property=\"og:site_name\" content=\"Lotto Online - Crack The International Lottery Jackpots\" \/>\n<meta property=\"article:modified_time\" content=\"2024-07-07T09:50:12+00:00\" \/>\n<meta property=\"og:image\" content=\"https:\/\/jackpotlotteryonline.com\/wp-content\/uploads\/2022\/11\/read1.jpg\" \/>\n<meta name=\"twitter:card\" content=\"summary_large_image\" \/>\n<meta name=\"twitter:label1\" content=\"Becs\u00fclt olvas\u00e1si id\u0151\" \/>\n\t<meta name=\"twitter:data1\" content=\"6 perc\" \/>\n<!-- \/ Yoast SEO plugin. -->","yoast_head_json":{"title":"J\u00e1tsszon Lotto America online","robots":{"index":"index","follow":"follow","max-snippet":"max-snippet:-1","max-image-preview":"max-image-preview:large","max-video-preview":"max-video-preview:-1"},"canonical":"https:\/\/jackpotlotteryonline.com\/hu\/hogyan-kell-jatszani\/lotto-america\/","og_locale":"hu_HU","og_type":"article","og_title":"J\u00e1tsszon Lotto America online","og_description":"Szeretn\u00e9 megtanulni, hogyan fogadhat a Lotto America j\u00e1t\u00e9kra a vil\u00e1g b\u00e1rmely pontj\u00e1r\u00f3l? Az Egyes\u00fclt \u00c1llamokban van a vil\u00e1g legnagyobb lott\u00f3j\u00e1t\u00e9kai k\u00f6z\u00fcl n\u00e9h\u00e1ny, mint p\u00e9ld\u00e1ul a Lotto America. \u00c9rdekes m\u00f3don ez is egy olyan lott\u00f3, amelyet gyakran figyelmen k\u00edv\u00fcl hagynak sokkal nagyobb rokonai, a Powerball \u00e9s a Mega Millions jav\u00e1ra. Vannak azonban olyan tapasztalt fogad\u00f3k, akik [&hellip;]","og_url":"https:\/\/jackpotlotteryonline.com\/hu\/hogyan-kell-jatszani\/lotto-america\/","og_site_name":"Lotto Online - Crack The International Lottery Jackpots","article_modified_time":"2024-07-07T09:50:12+00:00","og_image":[{"url":"https:\/\/jackpotlotteryonline.com\/wp-content\/uploads\/2022\/11\/read1.jpg"}],"twitter_card":"summary_large_image","twitter_misc":{"Becs\u00fclt olvas\u00e1si id\u0151":"6 perc"},"schema":{"@context":"https:\/\/schema.org","@graph":[{"@type":"WebPage","@id":"https:\/\/jackpotlotteryonline.com\/hu\/hogyan-kell-jatszani\/lotto-america\/","url":"https:\/\/jackpotlotteryonline.com\/hu\/hogyan-kell-jatszani\/lotto-america\/","name":"J\u00e1tsszon Lotto America online","isPartOf":{"@id":"https:\/\/jackpotlotteryonline.com\/#website"},"primaryImageOfPage":{"@id":"https:\/\/jackpotlotteryonline.com\/hu\/hogyan-kell-jatszani\/lotto-america\/#primaryimage"},"image":{"@id":"https:\/\/jackpotlotteryonline.com\/hu\/hogyan-kell-jatszani\/lotto-america\/#primaryimage"},"thumbnailUrl":"https:\/\/jackpotlotteryonline.com\/wp-content\/uploads\/2022\/11\/read1.jpg","datePublished":"2022-11-23T10:42:19+00:00","dateModified":"2024-07-07T09:50:12+00:00","breadcrumb":{"@id":"https:\/\/jackpotlotteryonline.com\/hu\/hogyan-kell-jatszani\/lotto-america\/#breadcrumb"},"inLanguage":"hu","potentialAction":[{"@type":"ReadAction","target":["https:\/\/jackpotlotteryonline.com\/hu\/hogyan-kell-jatszani\/lotto-america\/"]}]},{"@type":"ImageObject","inLanguage":"hu","@id":"https:\/\/jackpotlotteryonline.com\/hu\/hogyan-kell-jatszani\/lotto-america\/#primaryimage","url":"https:\/\/jackpotlotteryonline.com\/wp-content\/uploads\/2022\/11\/read1.jpg","contentUrl":"https:\/\/jackpotlotteryonline.com\/wp-content\/uploads\/2022\/11\/read1.jpg"},{"@type":"BreadcrumbList","@id":"https:\/\/jackpotlotteryonline.com\/hu\/hogyan-kell-jatszani\/lotto-america\/#breadcrumb","itemListElement":[{"@type":"ListItem","position":1,"name":"Home","item":"https:\/\/jackpotlotteryonline.com\/hu\/"},{"@type":"ListItem","position":2,"name":"Hogyan kell j\u00e1tszani","item":"https:\/\/jackpotlotteryonline.com\/play-online\/"},{"@type":"ListItem","position":3,"name":"J\u00e1tsszon Lotto America online"}]},{"@type":"WebSite","@id":"https:\/\/jackpotlotteryonline.com\/#website","url":"https:\/\/jackpotlotteryonline.com\/","name":"Lotto Online - Crack The International Lottery Jackpots","description":"","potentialAction":[{"@type":"SearchAction","target":{"@type":"EntryPoint","urlTemplate":"https:\/\/jackpotlotteryonline.com\/?s={search_term_string}"},"query-input":"required name=search_term_string"}],"inLanguage":"hu"}]}},"_links":{"self":[{"href":"https:\/\/jackpotlotteryonline.com\/hu\/wp-json\/wp\/v2\/pages\/39311","targetHints":{"allow":["GET"]}}],"collection":[{"href":"https:\/\/jackpotlotteryonline.com\/hu\/wp-json\/wp\/v2\/pages"}],"about":[{"href":"https:\/\/jackpotlotteryonline.com\/hu\/wp-json\/wp\/v2\/types\/page"}],"author":[{"embeddable":true,"href":"https:\/\/jackpotlotteryonline.com\/hu\/wp-json\/wp\/v2\/users\/1"}],"replies":[{"embeddable":true,"href":"https:\/\/jackpotlotteryonline.com\/hu\/wp-json\/wp\/v2\/comments?post=39311"}],"version-history":[{"count":0,"href":"https:\/\/jackpotlotteryonline.com\/hu\/wp-json\/wp\/v2\/pages\/39311\/revisions"}],"up":[{"embeddable":true,"href":"https:\/\/jackpotlotteryonline.com\/hu\/wp-json\/wp\/v2\/pages\/35696"}],"wp:attachment":[{"href":"https:\/\/jackpotlotteryonline.com\/hu\/wp-json\/wp\/v2\/media?parent=39311"}],"curies":[{"name":"wp","href":"https:\/\/api.w.org\/{rel}","templated":true}]}}