{"id":39481,"date":"2022-11-24T11:26:33","date_gmt":"2022-11-24T11:26:33","guid":{"rendered":"https:\/\/jackpotlotteryonline.com\/?page_id=39481"},"modified":"2023-01-03T17:32:56","modified_gmt":"2023-01-03T17:32:56","slug":"mega-sena-2","status":"publish","type":"page","link":"https:\/\/jackpotlotteryonline.com\/hu\/hogyan-kell-jatszani\/mega-sena-2\/","title":{"rendered":"J\u00e1tsszon Mega-Sena lott\u00f3 online"},"content":{"rendered":"<p>Szeretne jegyet v\u00e1s\u00e1rolni a Mega-Sena lott\u00f3ra a vil\u00e1g b\u00e1rmely pontj\u00e1r\u00f3l? A Mega-Sena Braz\u00edlia legnagyobb lott\u00f3j\u00e1t\u00e9ka, amely 1996 \u00f3ta m\u0171k\u00f6dik. Braz\u00edli\u00e1ban lott\u00f3rajong\u00f3k milli\u00f3i sietnek minden sorsol\u00e1s el\u0151tt Mega-Sena szelv\u00e9nyt v\u00e1s\u00e1rolni, \u00e9s most m\u00e1r a vil\u00e1g minden t\u00e1j\u00e1n \u00e9l\u0151 j\u00e1t\u00e9kosok is r\u00e9szt vehetnek a t\u00f6bb milli\u00f3 Real nyer\u00e9si es\u00e9lyben.<\/p>\n<p>A Mega-Sena tal\u00e1n az\u00e9rt is olyan n\u00e9pszer\u0171, mert egy bank m\u0171k\u00f6dteti, amely Braz\u00edlia legnagyobb \u00e1llami tulajdon\u00fa bankja. Biztos van valami megnyugtat\u00f3 \u00e9s megb\u00edzhat\u00f3 abban, ha valaki egy bank tulajdon\u00e1ban l\u00e9v\u0151 lott\u00f3szelv\u00e9nyt v\u00e1s\u00e1rol.<\/p>\n<p>Azok sz\u00e1m\u00e1ra, akik Braz\u00edli\u00e1n k\u00edv\u00fcl \u00e9lnek, a Mega-Sena lott\u00f3n val\u00f3 r\u00e9szv\u00e9tel m\u00e1r nem el\u00e9rhetetlen v\u00e1gy. Nem sz\u00e1m\u00edt, hol \u00e9l, a Mega-Sena lott\u00f3hoz hozz\u00e1f\u00e9rhet, felt\u00e9ve persze, hogy bet\u00f6lt\u00f6tte a t\u00f6rv\u00e9nyes korhat\u00e1rt. Ha tudni szeretn\u00e9, hogyan juthat hozz\u00e1 a brazil lott\u00f3szelv\u00e9nyekhez, olvasson tov\u00e1bb.<\/p>\n<p>A Mega-Sena nem az egyetlen lott\u00f3, amelyet b\u00e1rhonnan j\u00e1tszhatsz. L\u00e1togasson el hozz\u00e1nk a jackpotlotteryonline.com oldalra, hogy t\u00f6bbet megtudjon a legjobb nemzetk\u00f6zi lott\u00f3j\u00e1t\u00e9kokr\u00f3l, amelyekhez hozz\u00e1f\u00e9rhet.<\/p>\n<h2>Hogyan j\u00e1tsszon Mega-Sena online<\/h2>\n<p>Ak\u00e1r Braz\u00edli\u00e1ban, ak\u00e1r egy kontinenst\u0151l t\u00e1volabb tart\u00f3zkodik, j\u00e1tszhat a Mega-Sena lott\u00f3n. Ennek m\u00f3dja, <a href=\"https:\/\/jackpotlotteryonline.com\/hu\/jegyet-vasarolni\/mega-sena\">hogy online v\u00e1s\u00e1roljon<\/a> szelv\u00e9nyeket rajtunk kereszt\u00fcl. Mi hozz\u00e1f\u00e9r\u00e9st biztos\u00edtunk a felhaszn\u00e1l\u00f3knak a vil\u00e1g minden t\u00e1j\u00e1r\u00f3l sz\u00e1rmaz\u00f3 lott\u00f3j\u00e1t\u00e9kokhoz, bele\u00e9rtve a Mega-Sena-t is. Ha a mi oldalunkat haszn\u00e1lja a Mega-Sena j\u00e1t\u00e9khoz, egyszer\u0171 folyamatot biztos\u00edtunk a stresszmentes \u00e9lm\u00e9ny \u00e9rdek\u00e9ben.<\/p>\n<p>Els\u0151 l\u00e9p\u00e9sk\u00e9nt l\u00e1togasson el weboldalunkra, majd kattintson a Mega-Sena lott\u00f3 linkj\u00e9re. Ezut\u00e1n ki kell v\u00e1lasztania 6 sz\u00e1mot az 1 \u00e9s 60 k\u00f6z\u00f6tti tartom\u00e1nyb\u00f3l. Minden sorsol\u00e1shoz ak\u00e1r 6 sz\u00e1msort is v\u00e1laszthat, hogy n\u00f6velje es\u00e9ly\u00e9t a jackpot megnyer\u00e9s\u00e9re. Miut\u00e1n kiv\u00e1lasztotta a sz\u00e1mokat, v\u00e1lassza ki a sorsol\u00e1si napokat, \u00e9s fejezze be a folyamatot.<\/p>\n<p>Ha online j\u00e1tszik, mindenk\u00e9ppen olyan szolg\u00e1ltat\u00e1st kell ig\u00e9nybe vennie, amely hozz\u00e1f\u00e9r\u00e9st biztos\u00edt a Mega-Sena j\u00e1t\u00e9khoz. L\u00e1tod, sok oldal ezt \u00edg\u00e9ri, de ha elolvasod az apr\u00f3 bet\u0171s r\u00e9szt, azt tal\u00e1lod, hogy csak a lott\u00f3 v\u00e9geredm\u00e9ny\u00e9re fogadhatsz. Ha a mi oldalunkon v\u00e1s\u00e1rol Mega-Sena szelv\u00e9nyeket, mi biztos\u00edtjuk, hogy \u00d6n r\u00e9szt vesz a Mega-Sena szelv\u00e9nyen, \u00e9s ha a szelv\u00e9nye egyezik a kisorsolt sz\u00e1mokkal, akkor \u00d6n nyer.<\/p>\n<h2>Hogyan nyerhet Mega-Sena<\/h2>\n<p><img loading=\"lazy\" decoding=\"async\" class=\"size-medium wp-image-28319 alignright\" src=\"https:\/\/jackpotlotteryonline.com\/wp-content\/uploads\/2022\/11\/1_mega_lottery_jackpot-300x207.jpg\" alt=\"Mega-Sena lott\u00f3nyerem\u00e9ny\" width=\"300\" height=\"207\" srcset=\"https:\/\/jackpotlotteryonline.com\/wp-content\/uploads\/2022\/11\/1_mega_lottery_jackpot-300x207.jpg 300w, https:\/\/jackpotlotteryonline.com\/wp-content\/uploads\/2022\/11\/1_mega_lottery_jackpot.jpg 320w\" sizes=\"auto, (max-width: 300px) 100vw, 300px\" \/><\/p>\n<p>Buk\u00f3 p\u00e9nz. Rep\u00fcl\u0151 z\u00f6ld bankjegyek elszigetelve feh\u00e9ren, lapos k\u00e9szp\u00e9nzkonfetti, lott\u00f3nyerem\u00e9ny koncepci\u00f3. Vektoros illusztr\u00e1ci\u00f3 banner keres\u0151 p\u00e9nz h\u00e1tter\u00e9ben<\/p>\n<p><a href=\"https:\/\/jackpotlotteryonline.com\/hu\/nyeroszamok\/mega-sena\">A Mega-Sena megnyer\u00e9se<\/a> azt jelenti, hogy a kisorsolt sz\u00e1mokkal egyezik a szelv\u00e9nyed. Alapvet\u0151en 6 sz\u00e1mot sorsolnak ki v\u00e9letlenszer\u0171en a lehets\u00e9ges 60 sz\u00e1mb\u00f3l. B\u00e1rmelyik szelv\u00e9ny, amelyik megegyezik a 6 kih\u00fazott sz\u00e1mmal, megnyeri a jackpotot.<\/p>\n<p>A Mega-Sena sorsol\u00e1sok hetente k\u00e9tszer, szerd\u00e1n \u00e9s szombaton vannak. A Mega-Sena szelv\u00e9nyek megv\u00e1s\u00e1rl\u00e1sakor kiv\u00e1laszthatja, hogy melyik sorsol\u00e1son szeretne r\u00e9szt venni. T\u00f6bb sorsol\u00e1son is r\u00e9szt vehet. Ezt teszik a legjobb j\u00e1t\u00e9kosok, hogy min\u00e9l t\u00f6bb es\u00e9ly\u00fck legyen a jackpot megnyer\u00e9s\u00e9re.<\/p>\n<p>Oldalunk haszn\u00e1lat\u00e1nak m\u00e1sik el\u0151nye, hogy k\u00f6nnyen be\u00e1ll\u00edthat egy automatikus el\u0151fizet\u00e9si szolg\u00e1ltat\u00e1st a Mega-Sena szelv\u00e9nyek megv\u00e1s\u00e1rl\u00e1s\u00e1hoz. Ez azt jelenti, hogy nem kell minden egyes sorsol\u00e1son k\u00e9zzel bel\u00e9pnie. K\u00f6nny\u0171 elfelejteni az ilyen dolgokat, \u00e9s arra gondolni, milyen sz\u00f6rnyen \u00e9rezn\u00e9d magad, ha az a sorsol\u00e1s, amire nem nevezt\u00e9l be, az lenne az, amit megnyerhett\u00e9l volna. \u00c1ll\u00edtsa be, hogy minden sorsol\u00e1sra automatikusan bel\u00e9pjen.<\/p>\n<h2>Mega-Sena Jackpot<\/h2>\n<p>A jackpot nyerem\u00e9nye 3 milli\u00f3 R$-r\u00f3l indul, \u00e9s ha egy sorsol\u00e1s ut\u00e1n nincs nyertes, akkor egyre nagyobb lesz. \u00c9s ez el\u00e9g nagyra is n\u0151het. A jackpot megnyer\u00e9s\u00e9nek es\u00e9lye 1:50 milli\u00f3hoz, ami a t\u00f6bbi vezet\u0151 nemzetk\u00f6zi lott\u00f3j\u00e1t\u00e9kkal \u00f6sszehasonl\u00edtva igaz\u00e1n j\u00f3nak sz\u00e1m\u00edt.<\/p>\n<p>A legnagyobb jackpot, amelyet valaki a Mega-Sena lott\u00f3n nyert, k\u00f6r\u00fclbel\u00fcl 53 milli\u00f3 eur\u00f3 volt. Ez b\u00e1rmilyen m\u00e9rc\u00e9vel m\u00e9rve \u00e9letbev\u00e1g\u00f3 \u00f6sszeg. A Mega-Sena eddigi legmagasabb jackpotja pedig 73 milli\u00f3 eur\u00f3 volt.<\/p>\n<p>B\u00e1r a Mega-Sena jackpot nem \u00e9r el doll\u00e1rmilli\u00e1rdokat, k\u00e9ts\u00e9gtelen, hogy egy j\u00e1t\u00e9kos nagyot nyerhet ezen a lott\u00f3n. Ha eddig bizonytalan volt ezzel a lott\u00f3val kapcsolatban, akkor itt az ideje, hogy leugorjon \u00e9s megvegye a szelv\u00e9nyt.<\/p>\n<h2>Nyerhet\u0151 nyerem\u00e9nyek<\/h2>\n<p>M\u00e1r r\u00e9szletesen besz\u00e9lt\u00fcnk a Mega-Sena jackpotr\u00f3l, amely a v\u00e9gs\u0151 nyerem\u00e9ny, amelyet b\u00e1rmely j\u00e1t\u00e9kos megnyerhet, ha r\u00e9szt vesz ebben a lott\u00f3j\u00e1t\u00e9kban. A jackpot azonban nem az egyetlen nyerem\u00e9ny, amelyet a Mega-Sena rajong\u00f3i nyerhetnek.<\/p>\n<p>A Mega-Sena \u00f6sszesen 3 nyerem\u00e9nyszintet tartalmaz, bele\u00e9rtve a jackpotot is. Kicsit neh\u00e9z azonban megmondani, hogy pontosan mekkora nyerem\u00e9nyekr\u0151l van sz\u00f3, mivel a nyerem\u00e9nyalap egy bizonyos sz\u00e1zal\u00e9k\u00e1t osztj\u00e1k sz\u00e9t az egyes szintek k\u00f6z\u00f6tt. A nyerem\u00e9nyszintekr\u0151l a k\u00f6vetkez\u0151kben t\u00e1j\u00e9koz\u00f3dhatsz.<\/p>\n<p>Jackpot &#8211; Sena: 6 sz\u00e1m tal\u00e1lata &#8211; a nyerem\u00e9nyalap 35%-a<\/p>\n<p>2. szint &#8211; Quina: 5 sz\u00e1m tal\u00e1lata &#8211; a nyerem\u00e9nyalap 19%-a<\/p>\n<p>3. szint &#8211; Quadra: 4 sz\u00e1mot kell eltal\u00e1lnia &#8211; a nyerem\u00e9nyalap 19%-a.<\/p>\n<h2>Mega da virada<\/h2>\n<p>Mi az a mega da virada? Ha valaha is belen\u00e9zt\u00e9l a Mega-Sena j\u00e1t\u00e9kba, akkor biztosan tal\u00e1lkozt\u00e1l m\u00e1r a mega da virada-val. Ez egy m\u00e1sik j\u00e1t\u00e9k vagy egy nyerem\u00e9nykateg\u00f3ria? Nos, egyik sem az. Ehelyett a Mega-Sena lott\u00f3 r\u00e9sze, de ez egy k\u00fcl\u00f6nleges sorsol\u00e1s, amelyet minden \u00e9vben szilveszterkor tartanak.<\/p>\n<p>A mega da virada mindenhol vonzza a tapasztalt szerencsej\u00e1t\u00e9kosokat, mert a jackpot \u00e1ltal\u00e1ban igen nagy. A 2022. \u00e9vi jackpot elk\u00e9peszt\u0151 450 milli\u00f3 R$, \u00e9s \u00e1ll\u00edt\u00f3lag ez a Mega-Sena t\u00f6rt\u00e9net\u00e9nek legnagyobb nyerem\u00e9nye! Nem csoda, hogy a lott\u00f3rajong\u00f3k rohannak, hogy bel\u00e9p\u0151ket v\u00e1s\u00e1roljanak erre a sorsol\u00e1sra.<\/p>\n<p>A mega da virada j\u00e1t\u00e9kra itt, az oldalunkon lehet nevezni. Nem kell karik\u00e1kon \u00e9s hurkokon \u00e1tmennie csak az\u00e9rt, hogy bel\u00e9phessen a mega da virad\u00e1ba. El\u00e1rulunk egy titkot: a mega da virada val\u00f3j\u00e1ban Mega-Sena, de ez az \u00e9v utols\u00f3 sorsol\u00e1sa. Ennyi. Teh\u00e1t vegy\u00e9l r\u00e9szt a december 31-i Mega-Sena sorsol\u00e1son, hogy es\u00e9lyed legyen nagyot nyerni.<\/p>\n<h2>Az igazs\u00e1g a Mega-Sena online lott\u00f3j\u00e1t\u00e9kr\u00f3l<\/h2>\n<p><img loading=\"lazy\" decoding=\"async\" class=\"alignright size-medium wp-image-32000\" src=\"https:\/\/jackpotlotteryonline.com\/wp-content\/uploads\/2022\/11\/1_mega_lotto_ticket-213x300.jpg\" alt=\"Mega-Sena lott\u00f3 online szelv\u00e9ny\" width=\"213\" height=\"300\" srcset=\"https:\/\/jackpotlotteryonline.com\/wp-content\/uploads\/2022\/11\/1_mega_lotto_ticket-213x300.jpg 213w, https:\/\/jackpotlotteryonline.com\/wp-content\/uploads\/2022\/11\/1_mega_lotto_ticket.jpg 320w\" sizes=\"auto, (max-width: 213px) 100vw, 213px\" \/><\/p>\n<p>Ok\u00e9, szeretn\u00e9nk n\u00e9h\u00e1ny percet sz\u00e1nni arra, hogy adjunk n\u00e9h\u00e1ny tippet a Mega-Sena internetes lott\u00f3j\u00e1t\u00e9kkal kapcsolatban. Miel\u0151tt Mega-Sena szelv\u00e9nyt v\u00e1s\u00e1rolna, meg kell bizonyosodnia arr\u00f3l, hogy r\u00e9szt vesz a lott\u00f3n. A legjobb m\u00f3dja, ha kider\u00edti, hogy az oldal \u00fcgyn\u00f6kk\u00e9nt m\u0171k\u00f6dik-e. Ez azt jelenti, hogy vannak \u00fcgyn\u00f6keik Braz\u00edli\u00e1ban, akik megv\u00e1s\u00e1rolj\u00e1k a fizikai Mega-Sena szelv\u00e9nyeket.<\/p>\n<p>Egy m\u00e1sik dolog, amit meg kell jegyezni ezzel a j\u00e1t\u00e9kkal kapcsolatban, az az, hogy ez egy sz\u00e1mokkal kapcsolatos j\u00e1t\u00e9k. Alapvet\u0151en minden azon m\u00falik, hogy mennyire vagy szerencs\u00e9s. Van azonban n\u00e9h\u00e1ny m\u00f3dszer, amivel seg\u00edthetsz a szerencs\u00e9nek, \u00e9s n\u00f6velheted a nyer\u00e9si es\u00e9lyeidet. Az egyik m\u00f3dja, hogy t\u00f6bb bel\u00e9p\u0151t v\u00e1s\u00e1rolsz.<\/p>\n<p>A Mega-Sena igaz\u00e1n j\u00f3 nyerem\u00e9nyszorz\u00f3val rendelkezik a fogad\u00f3k sz\u00e1m\u00e1ra, \u00edgy min\u00e9l t\u00f6bb szelv\u00e9nyt veszel, ann\u00e1l nagyobb az es\u00e9lyed a lott\u00f3nyerem\u00e9nyre. Ugyanez vonatkozik a t\u00f6bb sorsol\u00e1son val\u00f3 r\u00e9szv\u00e9telre is. Mindig j\u00f3 j\u00e1t\u00e9kterv, ha t\u00f6bb sorsol\u00e1son veszel r\u00e9szt.<\/p>\n<h2>Mi\u00e9rt \u00e9rdemes vel\u00fcnk lott\u00f3zni<\/h2>\n<p>Sz\u00e1mos lott\u00f3oldal k\u00edn\u00e1l lehet\u0151s\u00e9get a Mega-Sena lott\u00f3j\u00e1t\u00e9kra. Mi\u00e9rt v\u00e1lasszon ink\u00e1bb minket?<\/p>\n<ul>\n<li>Mi egy portaszolg\u00e1latos oldal vagyunk, lott\u00f3\u00fcgyn\u00f6k\u00f6kkel a vil\u00e1g minden t\u00e1j\u00e1n. Amikor t\u0151l\u00fcnk v\u00e1s\u00e1rol Mega-Sena szelv\u00e9nyt, braz\u00edliai \u00fcgyn\u00f6keink megv\u00e1s\u00e1rolj\u00e1k az \u00d6n \u00e1ltal kiv\u00e1lasztott sz\u00e1mokkal ell\u00e1tott szelv\u00e9nyt. Ez biztos\u00edtja, hogy \u00d6n r\u00e9szt vesz a Mega-Sena sorsol\u00e1son.<\/li>\n<li>A nyerem\u00e9ny\u00e9t (egy bizonyos \u00f6sszeg erej\u00e9ig) kiveheti oldalunkon. F\u00fcggetlen\u00fcl att\u00f3l, hogy mennyit nyer, nem sz\u00e1m\u00edtunk fel semmilyen jutal\u00e9kot.<\/li>\n<li>Ha a mi oldalunkon v\u00e1s\u00e1rol szelv\u00e9nyeket, nem kell agg\u00f3dnia amiatt, hogy lemarad a sorsol\u00e1sokr\u00f3l. A sorsol\u00e1s eredm\u00e9nyeit k\u00f6zz\u00e9tessz\u00fck az oldalunkon, \u00e9s ha megnyert\u00e9l egy nyerem\u00e9nyt, k\u00fcld\u00fcnk neked egy e-mailt.<\/li>\n<li>Itt biztons\u00e1gban vagy. Mi mindent megtesz\u00fcnk, hogy megv\u00e9dj\u00fck a szelv\u00e9ny\u00e9t, \u00edgy soha nem kell agg\u00f3dnia a szelv\u00e9ny elveszt\u00e9se miatt.<\/li>\n<\/ul>\n<p>Alapvet\u0151en, ha t\u0151l\u00fcnk v\u00e1s\u00e1rolja meg a lott\u00f3szelv\u00e9nyeit, az azt jelenti, hogy biztos\u00edtja a nyugalm\u00e1t. Nem akarjuk, hogy a r\u00e9szletek miatt agg\u00f3djon, ez\u00e9rt b\u00edzza r\u00e1nk, hogy ezt mi int\u00e9zz\u00fck, m\u00edg \u00d6n a fontos dolgokra koncentr\u00e1l.<\/p>\n<section class=\"layout\" style=\"border: solid 1px; width: 100%;\">\n<div class=\"img-div\" style=\"margin-top: 5px;\"><img decoding=\"async\" class=\"wp-image-17212 alignleft\" style=\"height: 45px; margin: 8px 8px 0px;\" src=\"https:\/\/jackpotlotteryonline.com\/wp-content\/uploads\/2022\/11\/read1.jpg\" alt=\"Olvassa el \" width=\"\" height=\"\" \/><\/div>\n<div style=\"padding-left: 5px;\">\n<div style=\"font-size: 1.1em;\">\n<p><strong>A lott\u00f3nyerem\u00e9nyre kivetett ad\u00f3k<\/strong><\/p>\n<p style=\"font-size: 0.85em; margin-top: -1.5em;\">Kell-e ad\u00f3t fizetnem a lott\u00f3nyerem\u00e9ny ut\u00e1n? <a href=\"https:\/\/jackpotlotteryonline.com\/hu\/kell-e-adot-fizetnem-a-lottonyeremeny-utan\">tov\u00e1bb<\/a><\/p>\n<\/div>\n<\/div>\n<\/section>\n<h2>Regisztr\u00e1ljon n\u00e1lunk a Mega-Sena online j\u00e1t\u00e9khoz<\/h2>\n<p>K\u00e9szen \u00e1ll arra, hogy bel\u00e9pjen a Mega-Sena lott\u00f3j\u00e1t\u00e9kba? Ne keressen tov\u00e1bb, egyszer\u0171en regisztr\u00e1ljon n\u00e1lunk, hogy elindulhasson. Amint regisztr\u00e1lt\u00e1l, hozz\u00e1f\u00e9r\u00e9st kapsz a legjobb nemzetk\u00f6zi lott\u00f3j\u00e1t\u00e9kokhoz, k\u00f6zt\u00fck a Mega-Sena-hoz is. A legjobb az eg\u00e9szben, hogy a nyerem\u00e9nye biztons\u00e1gban van, ha n\u00e1lunk j\u00e1tszik; a nyerem\u00e9ny\u00e9t kiveheti.<\/p>\n<p>\u00d6r\u00fcl\u00fcnk, hogy t\u00f6bbf\u00e9le v\u00e1laszt\u00e1si lehet\u0151s\u00e9get k\u00edn\u00e1lunk \u00fcgyfeleinknek. Mi\u00e9rt korl\u00e1tozn\u00e1 mag\u00e1t egyetlen lott\u00f3j\u00e1t\u00e9kra, amikor t\u00f6bb mint k\u00e9t tucat k\u00fcl\u00f6nb\u00f6z\u0151 j\u00e1t\u00e9kkal j\u00e1tszhat? Oldalunkon olyan top j\u00e1t\u00e9kokat tal\u00e1l, mint az amerikai Powerball, a La Primitiva \u00e9s az Eurojackpot. Oldalunkon minden j\u00e1t\u00e9kba k\u00f6nny\u0171 bel\u00e9pni.<\/p>\n<p>Itt az ideje, hogy ne \u00fclj\u00f6n tov\u00e1bb a ker\u00edt\u00e9sen. Ha komolyan gondolja a nagy nyerem\u00e9nyt, jelentkezzen be a Mega-Sena j\u00e1t\u00e9kba m\u00e9g ma. A k\u00f6vetkez\u0151 sorsol\u00e1s lehet a szerencs\u00e9s szerencse, amire v\u00e1rt\u00e1l. L\u00e1togasson el most oldalunkra, \u00e9s v\u00e1lasszon a lott\u00f3j\u00e1t\u00e9kok sz\u00e9les v\u00e1laszt\u00e9k\u00e1b\u00f3l. Ne felejtsen el el\u0151re tervezni a mega da virada-ra.<\/p>\n","protected":false},"excerpt":{"rendered":"<p>Szeretne jegyet v\u00e1s\u00e1rolni a Mega-Sena lott\u00f3ra a vil\u00e1g b\u00e1rmely pontj\u00e1r\u00f3l? A Mega-Sena Braz\u00edlia legnagyobb lott\u00f3j\u00e1t\u00e9ka, amely 1996 \u00f3ta m\u0171k\u00f6dik. Braz\u00edli\u00e1ban lott\u00f3rajong\u00f3k milli\u00f3i sietnek minden sorsol\u00e1s el\u0151tt Mega-Sena szelv\u00e9nyt v\u00e1s\u00e1rolni, \u00e9s most m\u00e1r a vil\u00e1g minden t\u00e1j\u00e1n \u00e9l\u0151 j\u00e1t\u00e9kosok is r\u00e9szt vehetnek a t\u00f6bb milli\u00f3 Real nyer\u00e9si es\u00e9lyben. A Mega-Sena tal\u00e1n az\u00e9rt is olyan n\u00e9pszer\u0171, mert [&hellip;]<\/p>\n","protected":false},"author":1,"featured_media":0,"parent":35696,"menu_order":15,"comment_status":"closed","ping_status":"closed","template":"megasena.php","meta":{"_et_pb_use_builder":"","_et_pb_old_content":"","_et_gb_content_width":"","exclude_from_search":false,"footnotes":""},"class_list":["post-39481","page","type-page","status-publish","hentry"],"yoast_head":"<!-- This site is optimized with the Yoast SEO plugin v23.3 - https:\/\/yoast.com\/wordpress\/plugins\/seo\/ -->\n<title>Mega-Sena jegyek online v\u00e1s\u00e1rl\u00e1sa<\/title>\n<meta name=\"description\" content=\"A Mega-Sena lott\u00f3szelv\u00e9nyeket online v\u00e1s\u00e1rolhatja meg. Tudja meg, hogyan j\u00e1tszhat \u00e9s v\u00e1ltsa be nyerem\u00e9nyeit itt.\" \/>\n<meta name=\"robots\" content=\"index, follow, max-snippet:-1, max-image-preview:large, max-video-preview:-1\" \/>\n<link rel=\"canonical\" href=\"https:\/\/jackpotlotteryonline.com\/hu\/hogyan-kell-jatszani\/mega-sena-2\/\" \/>\n<meta property=\"og:locale\" content=\"hu_HU\" \/>\n<meta property=\"og:type\" content=\"article\" \/>\n<meta property=\"og:title\" content=\"Mega-Sena jegyek online v\u00e1s\u00e1rl\u00e1sa\" \/>\n<meta property=\"og:description\" content=\"A Mega-Sena lott\u00f3szelv\u00e9nyeket online v\u00e1s\u00e1rolhatja meg. Tudja meg, hogyan j\u00e1tszhat \u00e9s v\u00e1ltsa be nyerem\u00e9nyeit itt.\" \/>\n<meta property=\"og:url\" content=\"https:\/\/jackpotlotteryonline.com\/hu\/hogyan-kell-jatszani\/mega-sena-2\/\" \/>\n<meta property=\"og:site_name\" content=\"Lotto Online - Crack The International Lottery Jackpots\" \/>\n<meta property=\"article:modified_time\" content=\"2023-01-03T17:32:56+00:00\" \/>\n<meta property=\"og:image\" content=\"https:\/\/jackpotlotteryonline.com\/wp-content\/uploads\/2022\/11\/1_mega_lottery_jackpot-300x207.jpg\" \/>\n<meta name=\"twitter:card\" content=\"summary_large_image\" \/>\n<meta name=\"twitter:label1\" content=\"Becs\u00fclt olvas\u00e1si id\u0151\" \/>\n\t<meta name=\"twitter:data1\" content=\"7 perc\" \/>\n<!-- \/ Yoast SEO plugin. -->","yoast_head_json":{"title":"Mega-Sena jegyek online v\u00e1s\u00e1rl\u00e1sa","description":"A Mega-Sena lott\u00f3szelv\u00e9nyeket online v\u00e1s\u00e1rolhatja meg. Tudja meg, hogyan j\u00e1tszhat \u00e9s v\u00e1ltsa be nyerem\u00e9nyeit itt.","robots":{"index":"index","follow":"follow","max-snippet":"max-snippet:-1","max-image-preview":"max-image-preview:large","max-video-preview":"max-video-preview:-1"},"canonical":"https:\/\/jackpotlotteryonline.com\/hu\/hogyan-kell-jatszani\/mega-sena-2\/","og_locale":"hu_HU","og_type":"article","og_title":"Mega-Sena jegyek online v\u00e1s\u00e1rl\u00e1sa","og_description":"A Mega-Sena lott\u00f3szelv\u00e9nyeket online v\u00e1s\u00e1rolhatja meg. Tudja meg, hogyan j\u00e1tszhat \u00e9s v\u00e1ltsa be nyerem\u00e9nyeit itt.","og_url":"https:\/\/jackpotlotteryonline.com\/hu\/hogyan-kell-jatszani\/mega-sena-2\/","og_site_name":"Lotto Online - Crack The International Lottery Jackpots","article_modified_time":"2023-01-03T17:32:56+00:00","og_image":[{"url":"https:\/\/jackpotlotteryonline.com\/wp-content\/uploads\/2022\/11\/1_mega_lottery_jackpot-300x207.jpg"}],"twitter_card":"summary_large_image","twitter_misc":{"Becs\u00fclt olvas\u00e1si id\u0151":"7 perc"},"schema":{"@context":"https:\/\/schema.org","@graph":[{"@type":"WebPage","@id":"https:\/\/jackpotlotteryonline.com\/hu\/hogyan-kell-jatszani\/mega-sena-2\/","url":"https:\/\/jackpotlotteryonline.com\/hu\/hogyan-kell-jatszani\/mega-sena-2\/","name":"Mega-Sena jegyek online v\u00e1s\u00e1rl\u00e1sa","isPartOf":{"@id":"https:\/\/jackpotlotteryonline.com\/#website"},"primaryImageOfPage":{"@id":"https:\/\/jackpotlotteryonline.com\/hu\/hogyan-kell-jatszani\/mega-sena-2\/#primaryimage"},"image":{"@id":"https:\/\/jackpotlotteryonline.com\/hu\/hogyan-kell-jatszani\/mega-sena-2\/#primaryimage"},"thumbnailUrl":"https:\/\/jackpotlotteryonline.com\/wp-content\/uploads\/2022\/11\/1_mega_lottery_jackpot-300x207.jpg","datePublished":"2022-11-24T11:26:33+00:00","dateModified":"2023-01-03T17:32:56+00:00","description":"A Mega-Sena lott\u00f3szelv\u00e9nyeket online v\u00e1s\u00e1rolhatja meg. Tudja meg, hogyan j\u00e1tszhat \u00e9s v\u00e1ltsa be nyerem\u00e9nyeit itt.","breadcrumb":{"@id":"https:\/\/jackpotlotteryonline.com\/hu\/hogyan-kell-jatszani\/mega-sena-2\/#breadcrumb"},"inLanguage":"hu","potentialAction":[{"@type":"ReadAction","target":["https:\/\/jackpotlotteryonline.com\/hu\/hogyan-kell-jatszani\/mega-sena-2\/"]}]},{"@type":"ImageObject","inLanguage":"hu","@id":"https:\/\/jackpotlotteryonline.com\/hu\/hogyan-kell-jatszani\/mega-sena-2\/#primaryimage","url":"https:\/\/jackpotlotteryonline.com\/wp-content\/uploads\/2022\/11\/1_mega_lottery_jackpot-300x207.jpg","contentUrl":"https:\/\/jackpotlotteryonline.com\/wp-content\/uploads\/2022\/11\/1_mega_lottery_jackpot-300x207.jpg"},{"@type":"BreadcrumbList","@id":"https:\/\/jackpotlotteryonline.com\/hu\/hogyan-kell-jatszani\/mega-sena-2\/#breadcrumb","itemListElement":[{"@type":"ListItem","position":1,"name":"Home","item":"https:\/\/jackpotlotteryonline.com\/hu\/"},{"@type":"ListItem","position":2,"name":"Hogyan kell j\u00e1tszani","item":"https:\/\/jackpotlotteryonline.com\/play-online\/"},{"@type":"ListItem","position":3,"name":"J\u00e1tsszon Mega-Sena lott\u00f3 online"}]},{"@type":"WebSite","@id":"https:\/\/jackpotlotteryonline.com\/#website","url":"https:\/\/jackpotlotteryonline.com\/","name":"Lotto Online - Crack The International Lottery Jackpots","description":"","potentialAction":[{"@type":"SearchAction","target":{"@type":"EntryPoint","urlTemplate":"https:\/\/jackpotlotteryonline.com\/?s={search_term_string}"},"query-input":"required name=search_term_string"}],"inLanguage":"hu"}]}},"_links":{"self":[{"href":"https:\/\/jackpotlotteryonline.com\/hu\/wp-json\/wp\/v2\/pages\/39481","targetHints":{"allow":["GET"]}}],"collection":[{"href":"https:\/\/jackpotlotteryonline.com\/hu\/wp-json\/wp\/v2\/pages"}],"about":[{"href":"https:\/\/jackpotlotteryonline.com\/hu\/wp-json\/wp\/v2\/types\/page"}],"author":[{"embeddable":true,"href":"https:\/\/jackpotlotteryonline.com\/hu\/wp-json\/wp\/v2\/users\/1"}],"replies":[{"embeddable":true,"href":"https:\/\/jackpotlotteryonline.com\/hu\/wp-json\/wp\/v2\/comments?post=39481"}],"version-history":[{"count":0,"href":"https:\/\/jackpotlotteryonline.com\/hu\/wp-json\/wp\/v2\/pages\/39481\/revisions"}],"up":[{"embeddable":true,"href":"https:\/\/jackpotlotteryonline.com\/hu\/wp-json\/wp\/v2\/pages\/35696"}],"wp:attachment":[{"href":"https:\/\/jackpotlotteryonline.com\/hu\/wp-json\/wp\/v2\/media?parent=39481"}],"curies":[{"name":"wp","href":"https:\/\/api.w.org\/{rel}","templated":true}]}}