{"id":39541,"date":"2022-11-28T07:13:33","date_gmt":"2022-11-28T07:13:33","guid":{"rendered":"https:\/\/jackpotlotteryonline.com\/?page_id=39541"},"modified":"2023-01-03T17:56:42","modified_gmt":"2023-01-03T17:56:42","slug":"powerball-australia","status":"publish","type":"page","link":"https:\/\/jackpotlotteryonline.com\/hu\/hogyan-kell-jatszani\/powerball-australia\/","title":{"rendered":"Powerball Ausztr\u00e1lia online j\u00e1t\u00e9k"},"content":{"rendered":"<p>Nem v\u00e9letlen\u00fcl rohannak a lott\u00f3rajong\u00f3k vil\u00e1gszerte az ausztr\u00e1l Powerball j\u00e1t\u00e9kra. 2022 a mega jackpotok \u00e9ve volt, \u00e9s t\u00f6bb j\u00e1t\u00e9kost is l\u00e1ttunk m\u00e1r doll\u00e1rmilli\u00f3kat nyerni a nemzetk\u00f6zi lott\u00f3j\u00e1t\u00e9kokon. Mindezek al\u00f3l a Powerball AU sem volt kiv\u00e9tel, hiszen 2022 okt\u00f3ber\u00e9ben minden id\u0151k legnagyobb, 160 milli\u00f3 ausztr\u00e1l doll\u00e1ros jackpotj\u00e1t hozt\u00e1k \u00f6ssze. Mivel t\u00f6bb nagy jackpotot nyertek egyetlen szelv\u00e9nytulajdonosok, \u00e9rdemes megfontolni, hogy megj\u00e1tssza ezt a Powerballt.<\/p>\n<p>\u00c9rdekes m\u00f3don ez a Powerball m\u00e1r egy ideje l\u00e9tezik. Az els\u0151 sorsol\u00e1st 1996. m\u00e1jus 23-\u00e1n tartott\u00e1k, \u00edgy 25 \u00e9ves. Igaz, hogy az olyan lott\u00f3j\u00e1t\u00e9kokhoz k\u00e9pest, mint a spanyol La Primitiva, az Oz Powerball gyakorlatilag m\u00e9g gyerekcip\u0151ben j\u00e1r. (A La Primitiva 1763-ban j\u00f6tt l\u00e9tre, \u00e9s arra a lott\u00f3j\u00e1t\u00e9kra a jackpotlotteryonline.com oldalon lehet nevezni).<\/p>\n<p>Az elm\u00falt 25 \u00e9vben az Oz Powerball meg\u0151rizte a nagyvonal\u00fa kifizet\u00e9sek \u00e9s a lelkes rajong\u00f3k h\u00edrnev\u00e9t. Kor\u00e1bban csak a kontinensen \u00e9l\u0151 j\u00e1t\u00e9kosok vehettek r\u00e9szt rajta. Most m\u00e1r a fogad\u00f3k mindenhol j\u00e1tszhatnak a Powerball AU-n online a sz\u00e1m\u00edt\u00f3g\u00e9p\u00fck vagy mobilk\u00e9sz\u00fcl\u00e9k\u00fck k\u00e9nyelm\u00e9b\u0151l. Olvasson tov\u00e1bb, hogy megtudja, hogyan j\u00e1tszhat ezen a lott\u00f3n online.<\/p>\n<h2>Hogyan j\u00e1tsszon a Powerball Ausztr\u00e1li\u00e1ban<\/h2>\n<p><img loading=\"lazy\" decoding=\"async\" class=\"alignright size-full wp-image-26402\" src=\"https:\/\/jackpotlotteryonline.com\/wp-content\/uploads\/2022\/11\/1_buy_online_ticket_powerball.jpg\" alt=\"Powerball Ausztr\u00e1lia online j\u00e1t\u00e9k \" width=\"300\" height=\"194\" \/><\/p>\n<p>Az egyik csod\u00e1latos dolog ebben a lott\u00f3j\u00e1t\u00e9kban az, hogy nagyszer\u0171 es\u00e9lyekkel rendelkezik. A jackpot megnyer\u00e9s\u00e9nek es\u00e9lye 1 a 76 milli\u00f3hoz. Van azonban sz\u00e1mos m\u00e1s r\u00e9szszelv\u00e9ny is, \u00e9s ezeknek is fantasztikus es\u00e9lyei vannak.<\/p>\n<p>A Powerball j\u00e1t\u00e9khoz 7 sz\u00e1mot kell v\u00e1lasztania 1 \u00e9s 35 k\u00f6z\u00f6tt, valamint egy Powerball sz\u00e1mot 1 \u00e9s 20 k\u00f6z\u00f6tt. Ez \u00f6sszesen 8 sz\u00e1mot jelent minden egyes sorban. Ne feledje, hogy t\u00f6bb sort is megadhat, hogy n\u00f6velje a lott\u00f3 nyer\u00e9si es\u00e9lyeit. Min\u00e9l t\u00f6bb sort ad meg, ann\u00e1l nagyobb a nyer\u00e9si es\u00e9lye.<\/p>\n<p>Miut\u00e1n kiv\u00e1lasztotta a sz\u00e1mokat, a k\u00f6vetkez\u0151 l\u00e9p\u00e9s a sorsol\u00e1sok megad\u00e1sa. Ennek a lott\u00f3nak csak egy sorsol\u00e1si napja van, \u00e9s ez minden cs\u00fct\u00f6rt\u00f6k este van. Amint azt el tudja k\u00e9pzelni, a cs\u00fct\u00f6rt\u00f6k est\u00e9k tele vannak izgalommal a kontinensen bel\u00fcli fogad\u00f3k sz\u00e1m\u00e1ra. \u00d6n is csatlakozhat az izgalmakhoz a Powerball j\u00e1t\u00e9kkal.<\/p>\n<h2>Mi\u00e9rt a Powerball Ausztr\u00e1lia?<\/h2>\n<p>Ez egy igaz\u00e1n j\u00f3 k\u00e9rd\u00e9s. Az internetnek k\u00f6sz\u00f6nhet\u0151en a lott\u00f3rajong\u00f3knak a vil\u00e1g minden t\u00e1j\u00e1n sz\u00e1mos lott\u00f3j\u00e1t\u00e9kban van lehet\u0151s\u00e9g\u00fck r\u00e9szt venni. Mi\u00e9rt \u00e9rdemes az Oz Powerballt j\u00e1tszani? Alapvet\u0151en ezzel a lott\u00f3val es\u00e9lyt kapsz arra, hogy milli\u00f3kat nyerj an\u00e9lk\u00fcl, hogy hihetetlen\u00fcl nagy es\u00e9lyekkel kellene szemben\u00e9zned.<\/p>\n<p>A vil\u00e1g m\u00e1s r\u00e9szein n\u00e9pszer\u0171bb lott\u00f3j\u00e1t\u00e9kok nagy r\u00e9sz\u00e9nek probl\u00e9m\u00e1ja a magas nyer\u00e9si es\u00e9lyek. Vegy\u00fck p\u00e9ld\u00e1ul az amerikai Powerballt: a lott\u00f3 nyer\u00e9si es\u00e9lye 1 a 200 milli\u00f3hoz. Ha \u00f6sszehasonl\u00edtjuk az Oz Powerball 1:76 milli\u00f3b\u00f3l val\u00f3 nyer\u00e9si es\u00e9ly\u00e9vel, k\u00f6nnyen \u00e9rthet\u0151, hogy mi\u00e9rt vonz\u00f3dik sok j\u00e1t\u00e9kos ehhez a lott\u00f3hoz.<\/p>\n<section class=\"layout\" style=\"border: solid 1px; width: 100%;\">\n<div class=\"img-div\" style=\"margin-top: 5px;\"><img decoding=\"async\" class=\"wp-image-17212 alignleft\" style=\"height: 45px; margin: 8px 8px 0px;\" src=\"https:\/\/jackpotlotteryonline.com\/wp-content\/uploads\/2022\/11\/read1.jpg\" alt=\"Olvassa el \" width=\"\" height=\"\" \/><\/div>\n<div style=\"padding-left: 5px;\">\n<div style=\"font-size: 1.1em;\">\n<p><strong>Lott\u00f3csal\u00e1sok, amelyekkel tiszt\u00e1ban kell lennie<\/strong><\/p>\n<p style=\"font-size: 0.85em; margin-top: -1.5em;\">Ne d\u0151lj be a lott\u00f3csapd\u00e1knak!\u00a0 <a href=\"https:\/\/jackpotlotteryonline.com\/hu\/ovakodjon-az-online-lotto-atveresektol\"> tov\u00e1bb<\/a><\/p>\n<\/div>\n<\/div>\n<\/section>\n<h2>Powerball Ausztr\u00e1lia vs. Powerball USA: mi a k\u00fcl\u00f6nbs\u00e9g?<\/h2>\n<p>De vajon van-e k\u00fcl\u00f6nbs\u00e9g az Oz \u00e9s az USA Powerball k\u00f6z\u00f6tt? Nos, az els\u0151 \u00e9s legnyilv\u00e1nval\u00f3bb k\u00fcl\u00f6nbs\u00e9g a jackpotok m\u00e9rete. Nagyon kev\u00e9s olyan jackpot van a vil\u00e1gon, amely m\u00e9ret\u00e9t tekintve az amerikai Powerballhoz hasonl\u00edthat\u00f3. Nemr\u00e9giben el\u00e9rte a 2 milli\u00e1rd doll\u00e1ros hat\u00e1rt. Ha az Oz Powerballban j\u00e1tszik, akkor ennek a k\u00f6zel\u00e9be sem fog ker\u00fclni.<\/p>\n<p>Az amerikai v\u00e1ltozatban az 1 \u00e9s 69 k\u00f6z\u00f6tti tartom\u00e1nyban lehet nyerni. Ez azt jelenti, hogy 5 goly\u00f3t h\u00faznak ki egy 69 goly\u00f3t tartalmaz\u00f3 hord\u00f3b\u00f3l. Az oz-i v\u00e1ltozatban 7 sz\u00e1mot h\u00faznak ki egy mind\u00f6ssze 35 goly\u00f3s hord\u00f3b\u00f3l. A Powerballt az Egyes\u00fclt \u00c1llamokban 26 goly\u00f3s hord\u00f3b\u00f3l h\u00fazz\u00e1k ki, m\u00edg Ausztr\u00e1li\u00e1ban 20 goly\u00f3t.<\/p>\n<p>Ha olyan lott\u00f3t szeretne, ahol esetleg milli\u00f3kat nyerhet an\u00e9lk\u00fcl, hogy nagy es\u00e9lyekkel kellene foglalkoznia, akkor az ausztr\u00e1l Powerballt kell j\u00e1tszania.<\/p>\n<h2>Online j\u00e1t\u00e9k<\/h2>\n<p>Most, hogy m\u00e1r tudod, hogy b\u00e1rhonnan j\u00e1tszhatsz az Oz Powerballon, \u00edme, hogyan teheted ezt meg.<\/p>\n<ul>\n<li>Az els\u0151 l\u00e9p\u00e9s az, hogy ell\u00e1togatsz egy lott\u00f3\u00e9rt\u00e9kes\u00edt\u0151h\u00f6z, mint p\u00e9ld\u00e1ul a jackpotlotteryonline.com, \u00e9s az Australian Powerball oldal\u00e1ra m\u00e9sz.<\/li>\n<li>Ezut\u00e1n v\u00e1lassza ki a sz\u00e1mokat (haszn\u00e1lhatja az automatikus sz\u00e1mgener\u00e1tort a sz\u00e1mok v\u00e9letlenszer\u0171 kiv\u00e1laszt\u00e1s\u00e1hoz).<\/li>\n<li><a href=\"https:\/\/jackpotlotteryonline.com\/hu\/nyeroszamok\/powerball-australia\">L\u00e9pjen be a sorsol\u00e1sra<\/a>, \u00e9s fejezze be a folyamatot<\/li>\n<li>A jackpot megnyer\u00e9se<\/li>\n<\/ul>\n<p>A sorsol\u00e1sra hetente egyszer, cs\u00fct\u00f6rt\u00f6k\u00f6nk\u00e9nt ker\u00fcl sor. Teh\u00e1t, ha bel\u00e9pett a sorsol\u00e1sra, a k\u00f6vetkez\u0151 l\u00e9p\u00e9s az, hogy megv\u00e1rja az eredm\u00e9nyeket. B\u00e1rmelyik szelv\u00e9ny, amelyik megegyezik a 8 kih\u00fazott sz\u00e1mmal, megnyeri a jackpotot.<\/p>\n<p>A k\u00fcl\u00f6nb\u00f6z\u0151 sz\u00e1mok egyez\u00e9s\u00e9\u00e9rt tov\u00e1bbi nyerem\u00e9nyek j\u00e1rnak, t\u00f6bbek k\u00f6z\u00f6tt a 2 sz\u00e1m \u00e9s a b\u00f3nuszsz\u00e1m egyez\u00e9s\u00e9\u00e9rt.<\/p>\n<h2>Nyerhet\u0151 d\u00edjak<\/h2>\n<p><img loading=\"lazy\" decoding=\"async\" class=\"alignright size-medium wp-image-19277\" src=\"https:\/\/jackpotlotteryonline.com\/wp-content\/uploads\/2022\/10\/2_ticket_powerball_au2-163x300.jpg\" alt=\"Lott\u00f3szelv\u00e9ny beolvas\u00e1sa\" width=\"163\" height=\"300\" srcset=\"https:\/\/jackpotlotteryonline.com\/wp-content\/uploads\/2022\/10\/2_ticket_powerball_au2-163x300.jpg 163w, https:\/\/jackpotlotteryonline.com\/wp-content\/uploads\/2022\/10\/2_ticket_powerball_au2.jpg 250w\" sizes=\"auto, (max-width: 163px) 100vw, 163px\" \/><\/p>\n<p>A lott\u00f3j\u00e1t\u00e9kban \u00f6sszesen 9 nyerem\u00e9nyoszt\u00e1ly van.<\/p>\n<p>1. r\u00e9szleg: 7 sz\u00e1m + b\u00f3nuszsz\u00e1m &#8211; jackpot (\u00e1tlagosan 8 milli\u00f3 AU$)<\/p>\n<p>2. r\u00e9szleg: csak 7 sz\u00e1m<\/p>\n<p>3. r\u00e9szleg: 6 sz\u00e1m + b\u00f3nuszsz\u00e1m<\/p>\n<p>4. r\u00e9szleg: csak 6 sz\u00e1m<\/p>\n<p>5. k\u00f6rzet: 5 sz\u00e1m + b\u00f3nuszsz\u00e1m<\/p>\n<p>6. k\u00f6rzet: csak 5 sz\u00e1m<\/p>\n<p>7. k\u00f6rzet: 4 sz\u00e1m + b\u00f3nuszsz\u00e1m<\/p>\n<p>k\u00f6rzet: 3 sz\u00e1m + b\u00f3nuszsz\u00e1m<\/p>\n<p>k\u00f6rzet: 2 sz\u00e1m + b\u00f3nuszsz\u00e1m<\/p>\n<p>Az egyes div\u00edzi\u00f3khoz rendelt nyerem\u00e9nyek a nyerem\u00e9nyalap sz\u00e1zal\u00e9kos ar\u00e1ny\u00e1t jelentik. Teh\u00e1t min\u00e9l magasabb a nyerem\u00e9nyp\u00e9nz, ann\u00e1l t\u00f6bb p\u00e9nz jut az egyes div\u00edzi\u00f3kra. A 2. div\u00edzi\u00f3 nyerem\u00e9nye el\u00e9rte a 800 000 ausztr\u00e1l doll\u00e1rt.<\/p>\n<h2>V\u00e1s\u00e1rolja meg lott\u00f3szelv\u00e9nyeit online<\/h2>\n<p>Ha lott\u00f3rajong\u00f3 vagy, most m\u00e1r online is j\u00e1tszhatsz a lott\u00f3n az oldalunkon kereszt\u00fcl. Megk\u00f6nny\u00edtj\u00fck a folyamatot \u00fcgyfeleink sz\u00e1m\u00e1ra azzal, hogy mindent egy helyen biztos\u00edtunk, amire sz\u00fcks\u00e9ge van. \u00cdgy megv\u00e1s\u00e1rolhatja a szelv\u00e9nyeit, ellen\u0151rizheti az eredm\u00e9nyeket, \u00e9s ha nyer, egyenesen az oldalunkon veheti \u00e1t a nyerem\u00e9ny\u00e9t.<\/p>\n<p>Sz\u00e1mos lehet\u0151s\u00e9g\u00fcnk van, amellyel <a href=\"https:\/\/jackpotlotteryonline.com\/hu\/jegyet-vasarolni\/powerball-australia\">fizethet a lott\u00f3szelv\u00e9nyei\u00e9rt<\/a>. Be\u00e1ll\u00edthatja fi\u00f3kj\u00e1t \u00fagy is, hogy t\u00f6bb sorsol\u00e1sra el\u0151re automatikusan benevezzen. \u00dcgyfeleink \u00e9lvezik azt a luxust, hogy nem kell ellen\u0151rizni\u00fck a sorsol\u00e1s eredm\u00e9nyeit, mert mi \u00e9rtes\u00edtj\u00fck, ha nyert valamit.<\/p>\n<p>V\u00e9g\u00fcl, amikor n\u00e1lunk v\u00e1s\u00e1rol lott\u00f3szelv\u00e9nyt, biztos lehet benne, hogy az \u00d6n \u00e1ltal v\u00e1lasztott lott\u00f3n j\u00e1tszik. Ez az\u00e9rt van \u00edgy, mert k\u00fcl\u00f6nb\u00f6z\u0151 orsz\u00e1gokban vannak \u00fcgyn\u00f6keink, akik megv\u00e1s\u00e1rolj\u00e1k a fizikai szelv\u00e9nyt az \u00d6n megfelel\u0151 sz\u00e1maival. \u00cdgy nem kell fizikailag egy orsz\u00e1gban tart\u00f3zkodnia ahhoz, hogy lott\u00f3zzon. Menjen el\u0151re, \u00e9s j\u00e1tsszon Powerball Ausztr\u00e1li\u00e1ban most.<\/p>\n","protected":false},"excerpt":{"rendered":"<p>Nem v\u00e9letlen\u00fcl rohannak a lott\u00f3rajong\u00f3k vil\u00e1gszerte az ausztr\u00e1l Powerball j\u00e1t\u00e9kra. 2022 a mega jackpotok \u00e9ve volt, \u00e9s t\u00f6bb j\u00e1t\u00e9kost is l\u00e1ttunk m\u00e1r doll\u00e1rmilli\u00f3kat nyerni a nemzetk\u00f6zi lott\u00f3j\u00e1t\u00e9kokon. Mindezek al\u00f3l a Powerball AU sem volt kiv\u00e9tel, hiszen 2022 okt\u00f3ber\u00e9ben minden id\u0151k legnagyobb, 160 milli\u00f3 ausztr\u00e1l doll\u00e1ros jackpotj\u00e1t hozt\u00e1k \u00f6ssze. Mivel t\u00f6bb nagy jackpotot nyertek egyetlen szelv\u00e9nytulajdonosok, [&hellip;]<\/p>\n","protected":false},"author":1,"featured_media":0,"parent":35696,"menu_order":17,"comment_status":"closed","ping_status":"closed","template":"powerball-au.php","meta":{"_et_pb_use_builder":"","_et_pb_old_content":"","_et_gb_content_width":"","exclude_from_search":false,"footnotes":""},"class_list":["post-39541","page","type-page","status-publish","hentry"],"yoast_head":"<!-- This site is optimized with the Yoast SEO plugin v23.3 - https:\/\/yoast.com\/wordpress\/plugins\/seo\/ -->\n<title>J\u00e1tsszon Powerball Ausztr\u00e1li\u00e1ban Ausztr\u00e1li\u00e1n k\u00edv\u00fclr\u0151l<\/title>\n<meta name=\"description\" content=\"Nem kell Ausztr\u00e1li\u00e1ban \u00e9lnie ahhoz, hogy Powerball Ausztr\u00e1li\u00e1ban j\u00e1tszhasson. Tudd meg, hogyan j\u00e1tszhatsz online.\" \/>\n<meta name=\"robots\" content=\"index, follow, max-snippet:-1, max-image-preview:large, max-video-preview:-1\" \/>\n<link rel=\"canonical\" href=\"https:\/\/jackpotlotteryonline.com\/hu\/hogyan-kell-jatszani\/powerball-australia\/\" \/>\n<meta property=\"og:locale\" content=\"hu_HU\" \/>\n<meta property=\"og:type\" content=\"article\" \/>\n<meta property=\"og:title\" content=\"J\u00e1tsszon Powerball Ausztr\u00e1li\u00e1ban Ausztr\u00e1li\u00e1n k\u00edv\u00fclr\u0151l\" \/>\n<meta property=\"og:description\" content=\"Nem kell Ausztr\u00e1li\u00e1ban \u00e9lnie ahhoz, hogy Powerball Ausztr\u00e1li\u00e1ban j\u00e1tszhasson. Tudd meg, hogyan j\u00e1tszhatsz online.\" \/>\n<meta property=\"og:url\" content=\"https:\/\/jackpotlotteryonline.com\/hu\/hogyan-kell-jatszani\/powerball-australia\/\" \/>\n<meta property=\"og:site_name\" content=\"Lotto Online - Crack The International Lottery Jackpots\" \/>\n<meta property=\"article:modified_time\" content=\"2023-01-03T17:56:42+00:00\" \/>\n<meta property=\"og:image\" content=\"https:\/\/jackpotlotteryonline.com\/wp-content\/uploads\/2022\/11\/1_buy_online_ticket_powerball.jpg\" \/>\n<meta name=\"twitter:card\" content=\"summary_large_image\" \/>\n<meta name=\"twitter:label1\" content=\"Becs\u00fclt olvas\u00e1si id\u0151\" \/>\n\t<meta name=\"twitter:data1\" content=\"5 perc\" \/>\n<!-- \/ Yoast SEO plugin. -->","yoast_head_json":{"title":"J\u00e1tsszon Powerball Ausztr\u00e1li\u00e1ban Ausztr\u00e1li\u00e1n k\u00edv\u00fclr\u0151l","description":"Nem kell Ausztr\u00e1li\u00e1ban \u00e9lnie ahhoz, hogy Powerball Ausztr\u00e1li\u00e1ban j\u00e1tszhasson. Tudd meg, hogyan j\u00e1tszhatsz online.","robots":{"index":"index","follow":"follow","max-snippet":"max-snippet:-1","max-image-preview":"max-image-preview:large","max-video-preview":"max-video-preview:-1"},"canonical":"https:\/\/jackpotlotteryonline.com\/hu\/hogyan-kell-jatszani\/powerball-australia\/","og_locale":"hu_HU","og_type":"article","og_title":"J\u00e1tsszon Powerball Ausztr\u00e1li\u00e1ban Ausztr\u00e1li\u00e1n k\u00edv\u00fclr\u0151l","og_description":"Nem kell Ausztr\u00e1li\u00e1ban \u00e9lnie ahhoz, hogy Powerball Ausztr\u00e1li\u00e1ban j\u00e1tszhasson. Tudd meg, hogyan j\u00e1tszhatsz online.","og_url":"https:\/\/jackpotlotteryonline.com\/hu\/hogyan-kell-jatszani\/powerball-australia\/","og_site_name":"Lotto Online - Crack The International Lottery Jackpots","article_modified_time":"2023-01-03T17:56:42+00:00","og_image":[{"url":"https:\/\/jackpotlotteryonline.com\/wp-content\/uploads\/2022\/11\/1_buy_online_ticket_powerball.jpg"}],"twitter_card":"summary_large_image","twitter_misc":{"Becs\u00fclt olvas\u00e1si id\u0151":"5 perc"},"schema":{"@context":"https:\/\/schema.org","@graph":[{"@type":"WebPage","@id":"https:\/\/jackpotlotteryonline.com\/hu\/hogyan-kell-jatszani\/powerball-australia\/","url":"https:\/\/jackpotlotteryonline.com\/hu\/hogyan-kell-jatszani\/powerball-australia\/","name":"J\u00e1tsszon Powerball Ausztr\u00e1li\u00e1ban Ausztr\u00e1li\u00e1n k\u00edv\u00fclr\u0151l","isPartOf":{"@id":"https:\/\/jackpotlotteryonline.com\/#website"},"primaryImageOfPage":{"@id":"https:\/\/jackpotlotteryonline.com\/hu\/hogyan-kell-jatszani\/powerball-australia\/#primaryimage"},"image":{"@id":"https:\/\/jackpotlotteryonline.com\/hu\/hogyan-kell-jatszani\/powerball-australia\/#primaryimage"},"thumbnailUrl":"https:\/\/jackpotlotteryonline.com\/wp-content\/uploads\/2022\/11\/1_buy_online_ticket_powerball.jpg","datePublished":"2022-11-28T07:13:33+00:00","dateModified":"2023-01-03T17:56:42+00:00","description":"Nem kell Ausztr\u00e1li\u00e1ban \u00e9lnie ahhoz, hogy Powerball Ausztr\u00e1li\u00e1ban j\u00e1tszhasson. Tudd meg, hogyan j\u00e1tszhatsz online.","breadcrumb":{"@id":"https:\/\/jackpotlotteryonline.com\/hu\/hogyan-kell-jatszani\/powerball-australia\/#breadcrumb"},"inLanguage":"hu","potentialAction":[{"@type":"ReadAction","target":["https:\/\/jackpotlotteryonline.com\/hu\/hogyan-kell-jatszani\/powerball-australia\/"]}]},{"@type":"ImageObject","inLanguage":"hu","@id":"https:\/\/jackpotlotteryonline.com\/hu\/hogyan-kell-jatszani\/powerball-australia\/#primaryimage","url":"https:\/\/jackpotlotteryonline.com\/wp-content\/uploads\/2022\/11\/1_buy_online_ticket_powerball.jpg","contentUrl":"https:\/\/jackpotlotteryonline.com\/wp-content\/uploads\/2022\/11\/1_buy_online_ticket_powerball.jpg"},{"@type":"BreadcrumbList","@id":"https:\/\/jackpotlotteryonline.com\/hu\/hogyan-kell-jatszani\/powerball-australia\/#breadcrumb","itemListElement":[{"@type":"ListItem","position":1,"name":"Home","item":"https:\/\/jackpotlotteryonline.com\/hu\/"},{"@type":"ListItem","position":2,"name":"Hogyan kell j\u00e1tszani","item":"https:\/\/jackpotlotteryonline.com\/play-online\/"},{"@type":"ListItem","position":3,"name":"Powerball Ausztr\u00e1lia online j\u00e1t\u00e9k"}]},{"@type":"WebSite","@id":"https:\/\/jackpotlotteryonline.com\/#website","url":"https:\/\/jackpotlotteryonline.com\/","name":"Lotto Online - Crack The International Lottery Jackpots","description":"","potentialAction":[{"@type":"SearchAction","target":{"@type":"EntryPoint","urlTemplate":"https:\/\/jackpotlotteryonline.com\/?s={search_term_string}"},"query-input":"required name=search_term_string"}],"inLanguage":"hu"}]}},"_links":{"self":[{"href":"https:\/\/jackpotlotteryonline.com\/hu\/wp-json\/wp\/v2\/pages\/39541","targetHints":{"allow":["GET"]}}],"collection":[{"href":"https:\/\/jackpotlotteryonline.com\/hu\/wp-json\/wp\/v2\/pages"}],"about":[{"href":"https:\/\/jackpotlotteryonline.com\/hu\/wp-json\/wp\/v2\/types\/page"}],"author":[{"embeddable":true,"href":"https:\/\/jackpotlotteryonline.com\/hu\/wp-json\/wp\/v2\/users\/1"}],"replies":[{"embeddable":true,"href":"https:\/\/jackpotlotteryonline.com\/hu\/wp-json\/wp\/v2\/comments?post=39541"}],"version-history":[{"count":0,"href":"https:\/\/jackpotlotteryonline.com\/hu\/wp-json\/wp\/v2\/pages\/39541\/revisions"}],"up":[{"embeddable":true,"href":"https:\/\/jackpotlotteryonline.com\/hu\/wp-json\/wp\/v2\/pages\/35696"}],"wp:attachment":[{"href":"https:\/\/jackpotlotteryonline.com\/hu\/wp-json\/wp\/v2\/media?parent=39541"}],"curies":[{"name":"wp","href":"https:\/\/api.w.org\/{rel}","templated":true}]}}