{"id":39593,"date":"2022-11-28T08:38:11","date_gmt":"2022-11-28T08:38:11","guid":{"rendered":"https:\/\/jackpotlotteryonline.com\/?page_id=39593"},"modified":"2023-01-03T18:24:06","modified_gmt":"2023-01-03T18:24:06","slug":"saturday-lotto","status":"publish","type":"page","link":"https:\/\/jackpotlotteryonline.com\/hu\/hogyan-kell-jatszani\/saturday-lotto\/","title":{"rendered":"szombati Lotto online j\u00e1t\u00e9k"},"content":{"rendered":"<p>A szombati lott\u00f3 Ausztr\u00e1lia egyik legn\u00e9pszer\u0171bb lott\u00f3j\u00e1t\u00e9ka, amelyet a j\u00e1t\u00e9kosok orsz\u00e1gszerte nagy v\u00e1rakoz\u00e1ssal tekintenek. Ennek egyik oka az, hogy a m\u00faltban rengeteg milliomost hozott ki. A jackpot el\u00e9rheti a 10 milli\u00f3 ausztr\u00e1l doll\u00e1rt is, ami hihetetlen nyerem\u00e9ny, ha belegondolunk. Kor\u00e1bban Ausztr\u00e1li\u00e1ban kellett laknia ahhoz, hogy r\u00e9szt vehessen ebben a lott\u00f3j\u00e1t\u00e9kban, azon egyszer\u0171 okn\u00e1l fogva, hogy a szelv\u00e9nyeket csak az orsz\u00e1gban lehetett megv\u00e1s\u00e1rolni. Az internetnek k\u00f6sz\u00f6nhet\u0151en ez megv\u00e1ltozott, mivel a j\u00e1t\u00e9kosok a vil\u00e1g minden t\u00e1j\u00e1r\u00f3l b\u00e1rhol j\u00e1tszhatnak a lott\u00f3n.<\/p>\n<p>Teh\u00e1t, ha szeretne j\u00e1tszani a szombati lott\u00f3n, csak annyit kell tennie, hogy ell\u00e1togat a jackpotlotteryonline.com oldalra, \u00e9s <a href=\"https:\/\/jackpotlotteryonline.com\/hu\/jegyet-vasarolni\/saturday-lotto\">megv\u00e1s\u00e1rolja a lott\u00f3szelv\u00e9ny\u00e9t<\/a>. \u00c9rdekess\u00e9g, hogy ott az \u00f6sszes vezet\u0151 nemzetk\u00f6zi lott\u00f3j\u00e1t\u00e9kra is kaphatsz szelv\u00e9nyt.<\/p>\n<h2>A szombati lott\u00f3 eredete<\/h2>\n<p><img loading=\"lazy\" decoding=\"async\" class=\"alignright size-medium wp-image-28103\" src=\"https:\/\/jackpotlotteryonline.com\/wp-content\/uploads\/2022\/11\/1_lotto_jackpot_online-257x300.jpg\" alt=\"Szombati lott\u00f3 jackpot\" width=\"257\" height=\"300\" srcset=\"https:\/\/jackpotlotteryonline.com\/wp-content\/uploads\/2022\/11\/1_lotto_jackpot_online-257x300.jpg 257w, https:\/\/jackpotlotteryonline.com\/wp-content\/uploads\/2022\/11\/1_lotto_jackpot_online.jpg 321w\" sizes=\"auto, (max-width: 257px) 100vw, 257px\" \/><\/p>\n<p>Az els\u0151 sorsol\u00e1sra 1972. j\u00fanius 24-\u00e9n ker\u00fclt sor, \u00e9s ez volt az els\u0151 ilyen t\u00edpus\u00fa lott\u00f3 Ausztr\u00e1li\u00e1ban. Ez egyben a legr\u00e9gebben fut\u00f3 lott\u00f3 Ausztr\u00e1li\u00e1ban. Ausztr\u00e1lia k\u00fcl\u00f6nb\u00f6z\u0151 r\u00e9szein a j\u00e1t\u00e9kosok k\u00fcl\u00f6nb\u00f6z\u0151 neveken ismerik: Tattslotto, Gold lotto, X lotto vagy egyszer\u0171en csak lotto.<\/p>\n<p>A garant\u00e1lt jackpot minim\u00e1lis \u00f6sszege 5 milli\u00f3 ausztr\u00e1l doll\u00e1r, \u00e9s ha nincs nyertes, akkor a k\u00f6vetkez\u0151 h\u00e9tre sz\u00e1ll \u00e1t. A hihetetlen dolog ebben a lott\u00f3ban az, hogy a j\u00e1t\u00e9kosok nagyon j\u00f3 es\u00e9llyel nyerik meg a jackpotot. Az es\u00e9lyek olyan alacsonyak, hogy a jackpot nyerem\u00e9ny ritk\u00e1n g\u00f6rd\u00fcl \u00e1t, mert \u00e1ltal\u00e1ban mindig van nyertes.<\/p>\n<p>A szombati lott\u00f3 \u00e9vente egyszer megasorsol\u00e1st is tart, amelyre kar\u00e1csony ut\u00e1n ker\u00fcl sor. A megasorsol\u00e1sok jackpotja meglehet\u0151sen nagy, \u00e9s 30 milli\u00f3 ausztr\u00e1l doll\u00e1rra emelt\u00e9k. A megasorsol\u00e1son \u00e1ltal\u00e1ban t\u00f6bb nyertes is van.<\/p>\n<h2>Hogyan j\u00e1tszhat a szombati lott\u00f3n online<\/h2>\n<p>A szombati lott\u00f3 j\u00e1t\u00e9khoz egyszer\u0171en l\u00e1togasson el a jackpotlotteryonline.com weboldalra, \u00e9s l\u00e9pjen a Lotto oldalra. V\u00e1lasszon hat sz\u00e1mot 1 \u00e9s 45 k\u00f6z\u00f6tt. A sz\u00e1mokat b\u00e1rmikor kiv\u00e1laszthatja manu\u00e1lisan, vagy haszn\u00e1lhatja automatikus rendszer\u00fcnket a v\u00e9letlenszer\u0171 sz\u00e1mok gener\u00e1l\u00e1s\u00e1hoz.<\/p>\n<p><a href=\"https:\/\/jackpotlotteryonline.com\/hu\/nyeroszamok\/saturday-lotto\">Ezut\u00e1n adja meg a sorsol\u00e1sokat<\/a>. Tulajdonk\u00e9ppen csak egy sorsol\u00e1s van egy h\u00e9ten, \u00e9s az szombaton van. Innen ered a n\u00e9v: szombati lott\u00f3. De ak\u00e1r 10 egym\u00e1st k\u00f6vet\u0151 sorsol\u00e1son is r\u00e9szt vehet. Ha ezt a lehet\u0151s\u00e9get v\u00e1lasztja, akkor a k\u00f6vetkez\u0151 10 h\u00e9t minden sorsol\u00e1s\u00e1n automatikusan r\u00e9szt vesz.<\/p>\n<p>Ha mindezt megtette, a k\u00f6vetkez\u0151 l\u00e9p\u00e9s a fizet\u00e9s feldolgoz\u00e1sa. Megk\u00e9rj\u00fck, hogy regisztr\u00e1ljon n\u00e1lunk, hogy biztons\u00e1gban tudhassuk a szelv\u00e9ny\u00e9t, amikor j\u00e1tszik. \u00c9rtes\u00edtj\u00fck \u00d6nt arr\u00f3l is, ha nyert valamit, \u00e9s ezut\u00e1n a nyerem\u00e9ny\u00e9t a platformunkon kereszt\u00fcl tudja kiv\u00e1ltani.<\/p>\n<section class=\"layout\" style=\"border: solid 1px; width: 100%;\">\n<div class=\"img-div\" style=\"margin-top: 5px;\"><img decoding=\"async\" class=\"wp-image-17212 alignleft\" style=\"height: 45px; margin: 8px 8px 0px;\" src=\"https:\/\/jackpotlotteryonline.com\/wp-content\/uploads\/2022\/11\/read1.jpg\" alt=\"Olvassa el \" width=\"\" height=\"\" \/><\/div>\n<div style=\"padding-left: 5px;\">\n<div style=\"font-size: 1.1em;\">\n<p><strong>N\u00e9h\u00e1ny tr\u00fckk \u00e9s tipp a sz\u00e1mok kiv\u00e1laszt\u00e1s\u00e1hoz<\/strong><\/p>\n<p style=\"font-size: 0.85em; margin-top: -1.5em;\">N\u00f6velje nyer\u00e9si es\u00e9lyeit &#8211; haszn\u00e1ljon n\u00e9mi strat\u00e9gi\u00e1t a sz\u00e1mok kiv\u00e1laszt\u00e1s\u00e1hoz\u00a0<a href=\"https:\/\/jackpotlotteryonline.com\/hu\/nehany-trukk-es-tipp-az-szamok-valasztasahoz\"> tov\u00e1bb<\/a><\/p>\n<\/div>\n<\/div>\n<\/section>\n<h2>El\u0151ny\u00f6k<\/h2>\n<p>Lehet, hogy azoknak, akik hozz\u00e1szoktak a fizikai lott\u00f3szelv\u00e9nyek v\u00e1s\u00e1rl\u00e1s\u00e1hoz \u00e9s a nyerem\u00e9nyb\u0151l fakad\u00f3 fanf\u00e1rokhoz, neh\u00e9z lesz bel\u00e1tniuk az internetes j\u00e1t\u00e9k el\u0151nyeit. De mi itt megosztunk n\u00e9h\u00e1nyat.<\/p>\n<p>A szombati lott\u00f3 online j\u00e1t\u00e9ka k\u00e9nyelmes. Nem kell elhagynia a tart\u00f3zkod\u00e1si hely\u00e9t, hogy b\u00e1rhov\u00e1 is menjen, mivel k\u00f6nnyed\u00e9n j\u00e1tszhat a sz\u00e1m\u00edt\u00f3g\u00e9p\u00e9n vagy mobileszk\u00f6z\u00e9n. Emellett ez azt is jelenti, hogy mostant\u00f3l a vil\u00e1g minden t\u00e1j\u00e1r\u00f3l sz\u00e1rmaz\u00f3 lott\u00f3j\u00e1t\u00e9kok sz\u00e9lesebb v\u00e1laszt\u00e9k\u00e1hoz f\u00e9rhet hozz\u00e1.<\/p>\n<p>Nem a szelv\u00e9nyv\u00e1s\u00e1rl\u00e1s az egyetlen el\u0151nye, ha lott\u00f3zik. A legf\u0151bb el\u0151ny tal\u00e1n az, hogy k\u00f6nnyed\u00e9n kiveheti a nyerem\u00e9ny\u00e9t. Ez egyszer\u0171, \u00e9s gyakran nem kell bonyolult elj\u00e1r\u00e1son kereszt\u00fclmennie ahhoz, hogy megkapja a nyerem\u00e9ny\u00e9t.<\/p>\n<h2>A szombati lott\u00f3 megnyer\u00e9se<\/h2>\n<p>A lott\u00f3 megnyer\u00e9s\u00e9hez mind a hat kih\u00fazott sz\u00e1mnak meg kell egyeznie. Minden olyan szelv\u00e9ny, amely mind a hat kih\u00fazott sz\u00e1mmal megegyezik, megnyeri a jackpotot. Vannak m\u00e1s nyerem\u00e9nyek is, amelyeket k\u00e9s\u0151bb megeml\u00edt\u00fcnk. De vegye figyelembe, hogy 3 kih\u00fazott sz\u00e1mmal is nyerhet nyerem\u00e9nyt.<\/p>\n<p>Amennyiben megnyeri a lott\u00f3t, a nyerem\u00e9ny\u00e9t a platformunkon kereszt\u00fcl egyenesen a sz\u00e1ml\u00e1j\u00e1ra veheti fel.<\/p>\n<p>K\u00e9rj\u00fck, vegye figyelembe, hogy amennyiben a nyerem\u00e9nye magasabb, mint 2500 #, akkor a nyerem\u00e9nyt k\u00f6zvetlen\u00fcl a lott\u00f3t\u00e1rsas\u00e1gt\u00f3l kell ig\u00e9nyelnie. De ne agg\u00f3djon, ebben mi seg\u00edt\u00fcnk \u00d6nnek egy kit\u00f6ltend\u0151 ig\u00e9nyl\u0151lap kit\u00f6lt\u00e9s\u00e9vel.<\/p>\n<h2>Kieg\u00e9sz\u00edt\u0151 sz\u00e1mok<\/h2>\n<p><img loading=\"lazy\" decoding=\"async\" class=\"alignright size-medium wp-image-29183\" src=\"https:\/\/jackpotlotteryonline.com\/wp-content\/uploads\/2022\/11\/1_play_lotto-online-300x199.jpg\" alt=\"Szombati lott\u00f3 online j\u00e1t\u00e9k\" width=\"300\" height=\"199\" srcset=\"https:\/\/jackpotlotteryonline.com\/wp-content\/uploads\/2022\/11\/1_play_lotto-online-300x199.jpg 300w, https:\/\/jackpotlotteryonline.com\/wp-content\/uploads\/2022\/11\/1_play_lotto-online.jpg 350w\" sizes=\"auto, (max-width: 300px) 100vw, 300px\" \/><\/p>\n<p>Ha megn\u00e9zi a nyerem\u00e9nyoszt\u00e1lyokat, \u00e9szreveheti, hogy egyes oszt\u00e1lyok kieg\u00e9sz\u00edt\u0151 sz\u00e1mokat haszn\u00e1lnak. Ezek nem olyan sz\u00e1mok, amelyeket \u00d6n v\u00e1laszt, \u00e9s amelyeknek semmi k\u00f6z\u00fck a jackpot megnyer\u00e9s\u00e9hez. Ezek egyszer\u0171en v\u00e9letlenszer\u0171en gener\u00e1lt sz\u00e1mok, amelyeket minden sorsol\u00e1s sor\u00e1n kiv\u00e1lasztanak, \u00e9s a 2. \u00e9s az 5. oszt\u00e1s meghat\u00e1roz\u00e1s\u00e1hoz haszn\u00e1lj\u00e1k \u0151ket.<\/p>\n<h2>D\u00edjak<\/h2>\n<p>Ez a lott\u00f3 hat k\u00fcl\u00f6nb\u00f6z\u0151 nyerem\u00e9nyoszt\u00e1llyal rendelkezik, \u00e9s m\u00e1r 3 f\u0151 sz\u00e1m egyez\u00e9s\u00e9vel is nyerhetsz. Term\u00e9szetesen min\u00e9l t\u00f6bb sz\u00e1mot tal\u00e1l el, ann\u00e1l magasabb lesz a nyerem\u00e9ny. Az 1. r\u00e9szleg nyerem\u00e9nye a jackpot, \u00e9s mind a 6 sz\u00e1mnak meg kell egyeznie ahhoz, hogy jogosult legyen erre a nyerem\u00e9nyre.<\/p>\n<p>Gyakran el\u0151fordul, hogy a j\u00e1t\u00e9kosok az 1. r\u00e9szlegre, azaz a jackpotra \u00f6sszpontos\u00edtanak, kiz\u00e1rva a t\u00f6bbi nyerem\u00e9nyoszt\u00e1lyt. De lehets\u00e9ges, hogy ezekb\u0151l a t\u00f6bbi r\u00e9szlegb\u0151l is sz\u00e9p \u00f6sszeget nyerhet. Az al\u00e1bbiakban megosztjuk a szombati lott\u00f3 nyerem\u00e9nyoszt\u00e1lyait \u00e9s az egyes oszt\u00e1lyok nyer\u00e9si es\u00e9lyeit.<\/p>\n<p>1. r\u00e9szleg: 6 f\u0151 sz\u00e1m &#8211; jackpot (1 a 8 145 060-b\u00f3l)<\/p>\n<p>2. r\u00e9szleg: 5 f\u0151 sz\u00e1m + 1 vagy 2 kieg\u00e9sz\u00edt\u0151 sz\u00e1m (1:678 755)<\/p>\n<p>3. k\u00f6rzet: 5 f\u0151 sz\u00e1m (1 a 36 689-hez)<\/p>\n<p>4. k\u00f6rzet: 4 f\u0151 sz\u00e1m (1 a 733-b\u00f3l)<\/p>\n<p>5. k\u00f6rzet: 3 f\u0151 sz\u00e1m + 1 vagy 2 kieg\u00e9sz\u00edt\u0151 sz\u00e1m (1 a 297-b\u0151l)<\/p>\n<p>6. k\u00f6rzet: 3 f\u0151 sz\u00e1m (1 az 53-b\u00f3l)<\/p>\n<h2>Regisztr\u00e1ljon most a szombati lott\u00f3j\u00e1t\u00e9kra<\/h2>\n<p>Ha k\u00e9szen \u00e1ll a lott\u00f3j\u00e1t\u00e9kra, itt, az oldalunkon megv\u00e1s\u00e1rolhatja a lott\u00f3szelv\u00e9nyeket. Amint r\u00e9szt vesz a sorsol\u00e1son, es\u00e9lyt kap arra, hogy milli\u00f3kat nyerjen.<\/p>\n<p>Ha m\u00e1r itt van, m\u00e1s lott\u00f3j\u00e1t\u00e9kokat is megn\u00e9zhet. A legjobb nemzetk\u00f6zi lott\u00f3j\u00e1t\u00e9kok sz\u00e9les v\u00e1laszt\u00e9k\u00e1val rendelkez\u00fcnk, \u00e9s \u00fcgyfeleinknek hozz\u00e1f\u00e9r\u00e9st biztos\u00edtunk ezekhez a lott\u00f3j\u00e1t\u00e9kokhoz. Megv\u00e1s\u00e1rolhatja az USA, Eur\u00f3pa \u00e9s Ausztr\u00e1lia lott\u00f3szelv\u00e9nyeit, f\u00fcggetlen\u00fcl att\u00f3l, hogy hol \u00e9l.<\/p>\n<p>Mint az els\u0151 sz\u00e1m\u00fa lott\u00f3 concierge oldal, racionaliz\u00e1ltuk a folyamatot, hogy hihetetlen \u00e9lm\u00e9nyt ny\u00fajtsunk \u00fcgyfeleinknek. Regisztr\u00e1ljon n\u00e1lunk m\u00e9g ma, hogy lott\u00f3zhasson.<\/p>\n","protected":false},"excerpt":{"rendered":"<p>A szombati lott\u00f3 Ausztr\u00e1lia egyik legn\u00e9pszer\u0171bb lott\u00f3j\u00e1t\u00e9ka, amelyet a j\u00e1t\u00e9kosok orsz\u00e1gszerte nagy v\u00e1rakoz\u00e1ssal tekintenek. Ennek egyik oka az, hogy a m\u00faltban rengeteg milliomost hozott ki. A jackpot el\u00e9rheti a 10 milli\u00f3 ausztr\u00e1l doll\u00e1rt is, ami hihetetlen nyerem\u00e9ny, ha belegondolunk. Kor\u00e1bban Ausztr\u00e1li\u00e1ban kellett laknia ahhoz, hogy r\u00e9szt vehessen ebben a lott\u00f3j\u00e1t\u00e9kban, azon egyszer\u0171 okn\u00e1l fogva, hogy [&hellip;]<\/p>\n","protected":false},"author":1,"featured_media":0,"parent":35696,"menu_order":18,"comment_status":"closed","ping_status":"closed","template":"saturday-lotto.php","meta":{"_et_pb_use_builder":"","_et_pb_old_content":"","_et_gb_content_width":"","exclude_from_search":false,"footnotes":""},"class_list":["post-39593","page","type-page","status-publish","hentry"],"yoast_head":"<!-- This site is optimized with the Yoast SEO plugin v23.3 - https:\/\/yoast.com\/wordpress\/plugins\/seo\/ -->\n<title>J\u00e1tsszon szombati lott\u00f3t online<\/title>\n<meta name=\"description\" content=\"\u00c9lvezze a lehet\u0151s\u00e9get, hogy nagyot nyerjen a szombati lott\u00f3val, ha online j\u00e1tszik, b\u00e1rhol is legyen. Tudja meg, hogyan.\" \/>\n<meta name=\"robots\" content=\"index, follow, max-snippet:-1, max-image-preview:large, max-video-preview:-1\" \/>\n<link rel=\"canonical\" href=\"https:\/\/jackpotlotteryonline.com\/hu\/hogyan-kell-jatszani\/saturday-lotto\/\" \/>\n<meta property=\"og:locale\" content=\"hu_HU\" \/>\n<meta property=\"og:type\" content=\"article\" \/>\n<meta property=\"og:title\" content=\"J\u00e1tsszon szombati lott\u00f3t online\" \/>\n<meta property=\"og:description\" content=\"\u00c9lvezze a lehet\u0151s\u00e9get, hogy nagyot nyerjen a szombati lott\u00f3val, ha online j\u00e1tszik, b\u00e1rhol is legyen. Tudja meg, hogyan.\" \/>\n<meta property=\"og:url\" content=\"https:\/\/jackpotlotteryonline.com\/hu\/hogyan-kell-jatszani\/saturday-lotto\/\" \/>\n<meta property=\"og:site_name\" content=\"Lotto Online - Crack The International Lottery Jackpots\" \/>\n<meta property=\"article:modified_time\" content=\"2023-01-03T18:24:06+00:00\" \/>\n<meta property=\"og:image\" content=\"https:\/\/jackpotlotteryonline.com\/wp-content\/uploads\/2022\/11\/1_lotto_jackpot_online-257x300.jpg\" \/>\n<meta name=\"twitter:card\" content=\"summary_large_image\" \/>\n<meta name=\"twitter:label1\" content=\"Becs\u00fclt olvas\u00e1si id\u0151\" \/>\n\t<meta name=\"twitter:data1\" content=\"5 perc\" \/>\n<!-- \/ Yoast SEO plugin. -->","yoast_head_json":{"title":"J\u00e1tsszon szombati lott\u00f3t online","description":"\u00c9lvezze a lehet\u0151s\u00e9get, hogy nagyot nyerjen a szombati lott\u00f3val, ha online j\u00e1tszik, b\u00e1rhol is legyen. Tudja meg, hogyan.","robots":{"index":"index","follow":"follow","max-snippet":"max-snippet:-1","max-image-preview":"max-image-preview:large","max-video-preview":"max-video-preview:-1"},"canonical":"https:\/\/jackpotlotteryonline.com\/hu\/hogyan-kell-jatszani\/saturday-lotto\/","og_locale":"hu_HU","og_type":"article","og_title":"J\u00e1tsszon szombati lott\u00f3t online","og_description":"\u00c9lvezze a lehet\u0151s\u00e9get, hogy nagyot nyerjen a szombati lott\u00f3val, ha online j\u00e1tszik, b\u00e1rhol is legyen. Tudja meg, hogyan.","og_url":"https:\/\/jackpotlotteryonline.com\/hu\/hogyan-kell-jatszani\/saturday-lotto\/","og_site_name":"Lotto Online - Crack The International Lottery Jackpots","article_modified_time":"2023-01-03T18:24:06+00:00","og_image":[{"url":"https:\/\/jackpotlotteryonline.com\/wp-content\/uploads\/2022\/11\/1_lotto_jackpot_online-257x300.jpg"}],"twitter_card":"summary_large_image","twitter_misc":{"Becs\u00fclt olvas\u00e1si id\u0151":"5 perc"},"schema":{"@context":"https:\/\/schema.org","@graph":[{"@type":"WebPage","@id":"https:\/\/jackpotlotteryonline.com\/hu\/hogyan-kell-jatszani\/saturday-lotto\/","url":"https:\/\/jackpotlotteryonline.com\/hu\/hogyan-kell-jatszani\/saturday-lotto\/","name":"J\u00e1tsszon szombati lott\u00f3t online","isPartOf":{"@id":"https:\/\/jackpotlotteryonline.com\/#website"},"primaryImageOfPage":{"@id":"https:\/\/jackpotlotteryonline.com\/hu\/hogyan-kell-jatszani\/saturday-lotto\/#primaryimage"},"image":{"@id":"https:\/\/jackpotlotteryonline.com\/hu\/hogyan-kell-jatszani\/saturday-lotto\/#primaryimage"},"thumbnailUrl":"https:\/\/jackpotlotteryonline.com\/wp-content\/uploads\/2022\/11\/1_lotto_jackpot_online-257x300.jpg","datePublished":"2022-11-28T08:38:11+00:00","dateModified":"2023-01-03T18:24:06+00:00","description":"\u00c9lvezze a lehet\u0151s\u00e9get, hogy nagyot nyerjen a szombati lott\u00f3val, ha online j\u00e1tszik, b\u00e1rhol is legyen. Tudja meg, hogyan.","breadcrumb":{"@id":"https:\/\/jackpotlotteryonline.com\/hu\/hogyan-kell-jatszani\/saturday-lotto\/#breadcrumb"},"inLanguage":"hu","potentialAction":[{"@type":"ReadAction","target":["https:\/\/jackpotlotteryonline.com\/hu\/hogyan-kell-jatszani\/saturday-lotto\/"]}]},{"@type":"ImageObject","inLanguage":"hu","@id":"https:\/\/jackpotlotteryonline.com\/hu\/hogyan-kell-jatszani\/saturday-lotto\/#primaryimage","url":"https:\/\/jackpotlotteryonline.com\/wp-content\/uploads\/2022\/11\/1_lotto_jackpot_online-257x300.jpg","contentUrl":"https:\/\/jackpotlotteryonline.com\/wp-content\/uploads\/2022\/11\/1_lotto_jackpot_online-257x300.jpg"},{"@type":"BreadcrumbList","@id":"https:\/\/jackpotlotteryonline.com\/hu\/hogyan-kell-jatszani\/saturday-lotto\/#breadcrumb","itemListElement":[{"@type":"ListItem","position":1,"name":"Home","item":"https:\/\/jackpotlotteryonline.com\/hu\/"},{"@type":"ListItem","position":2,"name":"Hogyan kell j\u00e1tszani","item":"https:\/\/jackpotlotteryonline.com\/play-online\/"},{"@type":"ListItem","position":3,"name":"szombati Lotto online j\u00e1t\u00e9k"}]},{"@type":"WebSite","@id":"https:\/\/jackpotlotteryonline.com\/#website","url":"https:\/\/jackpotlotteryonline.com\/","name":"Lotto Online - Crack The International Lottery Jackpots","description":"","potentialAction":[{"@type":"SearchAction","target":{"@type":"EntryPoint","urlTemplate":"https:\/\/jackpotlotteryonline.com\/?s={search_term_string}"},"query-input":"required name=search_term_string"}],"inLanguage":"hu"}]}},"_links":{"self":[{"href":"https:\/\/jackpotlotteryonline.com\/hu\/wp-json\/wp\/v2\/pages\/39593","targetHints":{"allow":["GET"]}}],"collection":[{"href":"https:\/\/jackpotlotteryonline.com\/hu\/wp-json\/wp\/v2\/pages"}],"about":[{"href":"https:\/\/jackpotlotteryonline.com\/hu\/wp-json\/wp\/v2\/types\/page"}],"author":[{"embeddable":true,"href":"https:\/\/jackpotlotteryonline.com\/hu\/wp-json\/wp\/v2\/users\/1"}],"replies":[{"embeddable":true,"href":"https:\/\/jackpotlotteryonline.com\/hu\/wp-json\/wp\/v2\/comments?post=39593"}],"version-history":[{"count":0,"href":"https:\/\/jackpotlotteryonline.com\/hu\/wp-json\/wp\/v2\/pages\/39593\/revisions"}],"up":[{"embeddable":true,"href":"https:\/\/jackpotlotteryonline.com\/hu\/wp-json\/wp\/v2\/pages\/35696"}],"wp:attachment":[{"href":"https:\/\/jackpotlotteryonline.com\/hu\/wp-json\/wp\/v2\/media?parent=39593"}],"curies":[{"name":"wp","href":"https:\/\/api.w.org\/{rel}","templated":true}]}}