{"id":39648,"date":"2022-11-28T12:02:36","date_gmt":"2022-11-28T12:02:36","guid":{"rendered":"https:\/\/jackpotlotteryonline.com\/?page_id=39648"},"modified":"2022-12-31T13:03:16","modified_gmt":"2022-12-31T13:03:16","slug":"set-for-life","status":"publish","type":"page","link":"https:\/\/jackpotlotteryonline.com\/hu\/hogyan-kell-jatszani\/set-for-life\/","title":{"rendered":"j\u00e1t\u00e9k Set For Life online"},"content":{"rendered":"<p>Vil\u00e1gszerte egyre t\u00f6bb fogad\u00f3 kezdi felismerni, hogy milyen sz\u00e9p dolog, ha valaki eg\u00e9sz \u00e9let\u00e9re be van \u00e1ll\u00edtva. \u00c9s ez az, amit a brit Set for Life lott\u00f3 k\u00edn\u00e1l a j\u00e1t\u00e9kosoknak: a lehet\u0151s\u00e9get, hogy 30 \u00e9ven kereszt\u00fcl minden egyes h\u00f3napban 10 000 fontot nyerjenek. Az\u00e9rt h\u00edvj\u00e1k annuit\u00e1sos lott\u00f3nak, mert a nyertes nem kap egy\u00f6sszeg\u0171 kifizet\u00e9st. Els\u0151 pillant\u00e1sra tal\u00e1n nem t\u0171nik olyan vonz\u00f3nak, mintha t\u00f6bb milli\u00e1rd eur\u00f3t nyerne. Vannak azonban olyan j\u00e1t\u00e9kosok, akiknek nem eg\u00e9szen k\u00e9nyelmes egyszerre ennyi p\u00e9nz kezel\u00e9se. Emellett olvastunk m\u00e1r olyan lott\u00f3nyertesekr\u0151l, akik n\u00e9h\u00e1ny \u00e9v ut\u00e1n t\u00f6nkrementek. Enn\u00e9l a brit lott\u00f3j\u00e1t\u00e9kn\u00e1l erre nincs es\u00e9ly, hiszen a nyertes minden h\u00f3napban 10 000 fontot kap kiv\u00e9tel n\u00e9lk\u00fcl.<\/p>\n<p>Ha k\u00edv\u00e1ncsi vagy, hogyan j\u00e1tszhatod meg ezt a brit lott\u00f3t az Egyes\u00fclt Kir\u00e1lys\u00e1gon k\u00edv\u00fclr\u0151l, akkor szerencs\u00e9d van. Itt megosztjuk, hogyan j\u00e1tszhatod meg a lott\u00f3t, \u00e9s tippeket adunk az Egyes\u00fclt Kir\u00e1lys\u00e1gon k\u00edv\u00fclr\u0151l t\u00f6rt\u00e9n\u0151 j\u00e1t\u00e9khoz.<\/p>\n<h2>Lehet-e j\u00e1tszani a Set For Life-ot az Egyes\u00fclt Kir\u00e1lys\u00e1gon k\u00edv\u00fclr\u0151l?<\/h2>\n<p><img loading=\"lazy\" decoding=\"async\" class=\"alignright size-medium wp-image-27941\" src=\"http:\/\/jackpotlotteryonline.com\/wp-content\/uploads\/2022\/11\/1_lottery_winner_ticket-200x300.jpg\" alt=\"Nyerjen nagyot a Set for life-lal\" width=\"200\" height=\"300\" srcset=\"https:\/\/jackpotlotteryonline.com\/wp-content\/uploads\/2022\/11\/1_lottery_winner_ticket-200x300.jpg 200w, https:\/\/jackpotlotteryonline.com\/wp-content\/uploads\/2022\/11\/1_lottery_winner_ticket.jpg 320w\" sizes=\"auto, (max-width: 200px) 100vw, 200px\" \/><\/p>\n<p>Lehet, hogy a Set For Life alapvet\u0151en egy brit lott\u00f3, de a v\u00e1gy, hogy minden h\u00f3napban nagyot nyerjen, mindenhol osztoznak a fogad\u00f3k. Legy\u00fcnk \u0151szint\u00e9k, kinek ne tetszene a gondolat, hogy 30 \u00e9ven kereszt\u00fcl minden h\u00f3napban 10 000 fontot nyerjen? A Set For Life-ot jellemz\u0151en csak az Egyes\u00fclt Kir\u00e1lys\u00e1gban j\u00e1tssz\u00e1k, mivel ott \u00e1rulj\u00e1k a szelv\u00e9nyeket. A j\u00e1t\u00e9kosok azonban most m\u00e1r b\u00e1rhol v\u00e1s\u00e1rolhatnak jegyeket.<\/p>\n<p>Az internet sok mindent lehet\u0151v\u00e9 tett, k\u00fcl\u00f6n\u00f6sen az inform\u00e1ci\u00f3khoz val\u00f3 hozz\u00e1f\u00e9r\u00e9st. Most m\u00e1r a vil\u00e1g minden t\u00e1j\u00e1r\u00f3l v\u00e1s\u00e1rolhatnak jegyeket a legjobb nemzetk\u00f6zi lott\u00f3j\u00e1t\u00e9kokra, k\u00f6zt\u00fck a Set For Life-ra is. \u00cdgy, <a href=\"https:\/\/jackpotlotteryonline.com\/hu\/jegyet-vasarolni\/set-for-life\">ha \u00d6n az Egyes\u00fclt Kir\u00e1lys\u00e1gon k\u00edv\u00fcli j\u00e1t\u00e9kos<\/a>, akkor a jackpotlotteryonline.com weboldalon kereszt\u00fcl k\u00f6nnyed\u00e9n v\u00e1s\u00e1rolhat szelv\u00e9nyeket a brit j\u00e1rad\u00e9kos lott\u00f3hoz.<\/p>\n<p>Ha tetszik a gondolat, hogy \u00e9leted h\u00e1tral\u00e9v\u0151 r\u00e9sz\u00e9re be van \u00e1ll\u00edtva, akkor siess most, \u00e9s szerezz egy szelv\u00e9nyt a k\u00f6vetkez\u0151 sorsol\u00e1s el\u0151tt.<\/p>\n<h2>Hogyan j\u00e1tsszon<\/h2>\n<p>A brit lott\u00f3j\u00e1t\u00e9khoz a j\u00e1t\u00e9kosoknak 5 sz\u00e1mot kell kiv\u00e1lasztaniuk az 1 \u00e9s 47 k\u00f6z\u00f6tti sz\u00e1mtartom\u00e1nyb\u00f3l, valamint 1 Life Ball sz\u00e1mot az 1 \u00e9s 10 k\u00f6z\u00f6tti sz\u00e1mtartom\u00e1nyb\u00f3l. Ezut\u00e1n <a href=\"https:\/\/jackpotlotteryonline.com\/hu\/nyeroszamok\/set-for-life\">kiv\u00e1lasztja a sorsol\u00e1si napokat<\/a>, amelyeken r\u00e9szt k\u00edv\u00e1n venni, \u00e9s a hetek sz\u00e1m\u00e1t, amelyeken j\u00e1tszani szeretne.<\/p>\n<p>Ha a mi oldalunkat haszn\u00e1lja, a sz\u00e1mgener\u00e1torunk seg\u00edts\u00e9g\u00e9vel v\u00e9letlenszer\u0171en v\u00e1laszthatja ki a sz\u00e1mokat. Azt is be\u00e1ll\u00edthatja, hogy minden egyes sorsol\u00e1son t\u00f6bb h\u00e9ttel el\u0151re automatikusan r\u00e9szt vegyen. \u00cdgy nem kell agg\u00f3dnia, hogy lemarad egy sorsol\u00e1sr\u00f3l. A nyers eredm\u00e9nyeket is k\u00f6zz\u00e9tessz\u00fck itt, az oldalunkon.<\/p>\n<p>A Set For Life sorsol\u00e1sokra minden h\u00e9tf\u0151n \u00e9s cs\u00fct\u00f6rt\u00f6k este ker\u00fcl sor. Ha vel\u00fcnk lott\u00f3zik, nem kell lemaradnia egy sorsol\u00e1sr\u00f3l sem az\u00e9rt, mert nem vette meg a szelv\u00e9ny\u00e9t a z\u00e1r\u00e1s el\u0151tt.<\/p>\n<h2>Tippek az online j\u00e1t\u00e9khoz<\/h2>\n<p>Miel\u0151tt lott\u00f3szelv\u00e9nyt v\u00e1s\u00e1rolna az interneten, fontos, hogy tudjon n\u00e9h\u00e1ny dolgot. \u00cdme n\u00e9h\u00e1ny tipp, amelyek seg\u00edtenek abban, hogy kellemesebb legyen a j\u00e1t\u00e9k\u00e9lm\u00e9nye.<\/p>\n<ul>\n<li>Mindig egy portaszolg\u00e1lati oldalt haszn\u00e1ljon a lott\u00f3szelv\u00e9ny v\u00e1s\u00e1rl\u00e1s\u00e1hoz.<\/li>\n<li>Gy\u0151z\u0151dj\u00f6n meg r\u00f3la, hogy a nyerem\u00e9ny\u00e9t gond n\u00e9lk\u00fcl ki tudja venni az oldalr\u00f3l<\/li>\n<li>V\u00e1s\u00e1roljon t\u00f6bb szelv\u00e9nyt, \u00e9s vegyen r\u00e9szt t\u00f6bb sorsol\u00e1son, hogy n\u00f6velje nyer\u00e9si es\u00e9lyeit.<\/li>\n<li>Haszn\u00e1ljon olyan oldalt, amely \u00e9rtes\u00edti \u00d6nt (e-mailben), ha megnyerte a nyerem\u00e9nyt.<\/li>\n<\/ul>\n<h2>Set For Life nyerem\u00e9nykateg\u00f3ri\u00e1k<\/h2>\n<div id=\"attachment_27779\" style=\"width: 222px\" class=\"wp-caption alignright\"><img loading=\"lazy\" decoding=\"async\" aria-describedby=\"caption-attachment-27779\" class=\"size-full wp-image-27779\" src=\"http:\/\/jackpotlotteryonline.com\/wp-content\/uploads\/2022\/11\/1_lottery_ticket.jpg\" alt=\"hogyan kell j\u00e1tszani a Set for life-ot\" width=\"212\" height=\"142\" \/><p id=\"caption-attachment-27779\" class=\"wp-caption-text\">Lott\u00f3szelv\u00e9ny kit\u00f6lt\u00e9se ceruz\u00e1val a faasztalon, k\u00f6zelk\u00e9p. Hely a sz\u00f6vegnek<\/p><\/div>\n<p>Ennek a brit lott\u00f3nak a f\u0151d\u00edja a k\u00f6vetkez\u0151 30 \u00e9vben minden h\u00f3napban elk\u00e9peszt\u0151 10 000 font. Ez olyan, mintha havi 10 ezer forintot kapn\u00e1l az\u00e9rt, hogy 30 \u00e9vig nyaralhass. Ez a nyerem\u00e9ny sok j\u00e1t\u00e9kost izgatott\u00e1 tesz. M\u00e9g izgalmasabb azonban az a t\u00e9ny, hogy ez a lott\u00f3 m\u00e1s izgalmas nyerem\u00e9nyszintekkel is rendelkezik. \u00cdme a nyerem\u00e9nykateg\u00f3ri\u00e1k.<\/p>\n<p>1. kateg\u00f3ria: 5 sz\u00e1m tal\u00e1lata + az \u00c9letgoly\u00f3 &#8211; 10 000 font havonta 30 \u00e9ven \u00e1t<\/p>\n<p>2. kateg\u00f3ria: Csak 5 sz\u00e1m tal\u00e1lata &#8211; 10 000 font havonta 1 \u00e9ven kereszt\u00fcl<\/p>\n<p>3. kateg\u00f3ria: 4 sz\u00e1m + az \u00c9letgoly\u00f3 &#8211; 250 \u00a3<\/p>\n<p>4. kateg\u00f3ria: Csak 4 sz\u00e1mot tal\u00e1ljon el &#8211; 50 font<\/p>\n<p>5. kateg\u00f3ria: 3 sz\u00e1m + a Life Ball &#8211; 30 \u00a3<\/p>\n<p>6. kateg\u00f3ria: Csak 3 sz\u00e1mot kell eltal\u00e1lni &#8211; \u00a320<\/p>\n<p>7. kateg\u00f3ria: 2 sz\u00e1m + a Life Ball &#8211; \u00a310<\/p>\n<p>8. kateg\u00f3ria Csak 2 sz\u00e1mmal val\u00f3 m\u00e9rk\u0151z\u00e9s &#8211; \u00a35<\/p>\n<section class=\"layout\" style=\"border: solid 1px; width: 100%;\">\n<div class=\"img-div\" style=\"margin-top: 5px;\"><img decoding=\"async\" class=\"wp-image-17212 alignleft\" style=\"height: 45px; margin: 8px 8px 0px;\" src=\"http:\/\/jackpotlotteryonline.com\/wp-content\/uploads\/2022\/11\/read1.jpg\" alt=\"olvasd el\" width=\"\" height=\"\" \/><\/div>\n<div style=\"padding-left: 5px;\">\n<div style=\"font-size: 1.1em;\">\n<p><strong>N\u00e9h\u00e1ny lott\u00f3nyertes visszaadott a k\u00f6z\u00f6ss\u00e9gnek<\/strong><\/p>\n<p style=\"font-size: 0.85em; margin-top: -1.5em;\">N\u00e9h\u00e1ny \u00e9rdekes \u00e9s sz\u00edvmelenget\u0151 t\u00f6rt\u00e9net a lott\u00f3nyertesekr\u0151l, akik visszaadj\u00e1k a lott\u00f3t\u00a0<a href=\"https:\/\/jackpotlotteryonline.com\/hu\/tortenetek-a-lotto-nyertesek-ad-vissza\"> tov\u00e1bb<\/a><\/p>\n<\/div>\n<\/div>\n<\/section>\n<h2>J\u00e1tsszon az Egyes\u00fclt Kir\u00e1lys\u00e1gban a j\u00e1rad\u00e9k lott\u00f3n itt ma<\/h2>\n<p>Mi egy concierge lott\u00f3oldal vagyunk, amely lehet\u0151v\u00e9 teszi, hogy a j\u00e1t\u00e9kosok vil\u00e1gszerte hozz\u00e1f\u00e9rjenek a legjobb nemzetk\u00f6zi lott\u00f3j\u00e1t\u00e9kokhoz. Ha t\u0151l\u00fcnk v\u00e1s\u00e1rolja meg lott\u00f3szelv\u00e9nyeit, \u00e9lvezheti a lott\u00f3j\u00e1t\u00e9k \u00f6r\u00f6m\u00e9t mindenf\u00e9le gond n\u00e9lk\u00fcl.<\/p>\n<p>Ha b\u00e1rmilyen nyerem\u00e9nyt megnyer, akkor a nyerem\u00e9ny\u00e9t k\u00f6nnyed\u00e9n kiveheti itt, az oldalunkon. Mi ezt ilyen egyszer\u0171v\u00e9 tessz\u00fck. Ha pedig a nyerem\u00e9nye meghalad egy bizonyos \u00f6sszeget, seg\u00edt\u00fcnk \u00d6nnek egy ig\u00e9nyl\u0151lap kit\u00f6lt\u00e9s\u00e9ben, hogy \u00e1tvehesse a nyerem\u00e9ny\u00e9t.<\/p>\n<p>Minden, amit tesz\u00fcnk, arra ir\u00e1nyul, hogy z\u00f6kken\u0151mentes lott\u00f3\u00e9lm\u00e9nyt ny\u00fajtsunk \u00fcgyfeleinknek. Teh\u00e1t menj el\u0151re, \u00e9s l\u00e9pj be a brit Set for Life lott\u00f3ba m\u00e9g ma.<\/p>\n","protected":false},"excerpt":{"rendered":"<p>Vil\u00e1gszerte egyre t\u00f6bb fogad\u00f3 kezdi felismerni, hogy milyen sz\u00e9p dolog, ha valaki eg\u00e9sz \u00e9let\u00e9re be van \u00e1ll\u00edtva. \u00c9s ez az, amit a brit Set for Life lott\u00f3 k\u00edn\u00e1l a j\u00e1t\u00e9kosoknak: a lehet\u0151s\u00e9get, hogy 30 \u00e9ven kereszt\u00fcl minden egyes h\u00f3napban 10 000 fontot nyerjenek. Az\u00e9rt h\u00edvj\u00e1k annuit\u00e1sos lott\u00f3nak, mert a nyertes nem kap egy\u00f6sszeg\u0171 kifizet\u00e9st. Els\u0151 [&hellip;]<\/p>\n","protected":false},"author":1,"featured_media":0,"parent":35696,"menu_order":11,"comment_status":"closed","ping_status":"closed","template":"set-for-life.php","meta":{"_et_pb_use_builder":"","_et_pb_old_content":"","_et_gb_content_width":"","exclude_from_search":false,"footnotes":""},"class_list":["post-39648","page","type-page","status-publish","hentry"],"yoast_head":"<!-- This site is optimized with the Yoast SEO plugin v23.3 - https:\/\/yoast.com\/wordpress\/plugins\/seo\/ -->\n<title>J\u00e1tsszon Set for Life-ot az Egyes\u00fclt Kir\u00e1lys\u00e1gon k\u00edv\u00fclr\u0151l<\/title>\n<meta name=\"description\" content=\"J\u00e1tsszon online az Egyes\u00fclt Kir\u00e1lys\u00e1gban \u00e9letj\u00e1rad\u00e9k lott\u00f3n, \u00e9s nyerje meg az es\u00e9lyt, hogy \u00e9lete v\u00e9g\u00e9ig be legyen \u00e1ll\u00edtva.\" \/>\n<meta name=\"robots\" content=\"index, follow, max-snippet:-1, max-image-preview:large, max-video-preview:-1\" \/>\n<link rel=\"canonical\" href=\"https:\/\/jackpotlotteryonline.com\/hu\/hogyan-kell-jatszani\/set-for-life\/\" \/>\n<meta property=\"og:locale\" content=\"hu_HU\" \/>\n<meta property=\"og:type\" content=\"article\" \/>\n<meta property=\"og:title\" content=\"J\u00e1tsszon Set for Life-ot az Egyes\u00fclt Kir\u00e1lys\u00e1gon k\u00edv\u00fclr\u0151l\" \/>\n<meta property=\"og:description\" content=\"J\u00e1tsszon online az Egyes\u00fclt Kir\u00e1lys\u00e1gban \u00e9letj\u00e1rad\u00e9k lott\u00f3n, \u00e9s nyerje meg az es\u00e9lyt, hogy \u00e9lete v\u00e9g\u00e9ig be legyen \u00e1ll\u00edtva.\" \/>\n<meta property=\"og:url\" content=\"https:\/\/jackpotlotteryonline.com\/hu\/hogyan-kell-jatszani\/set-for-life\/\" \/>\n<meta property=\"og:site_name\" content=\"Lotto Online - Crack The International Lottery Jackpots\" \/>\n<meta property=\"article:modified_time\" content=\"2022-12-31T13:03:16+00:00\" \/>\n<meta property=\"og:image\" content=\"http:\/\/jackpotlotteryonline.com\/wp-content\/uploads\/2022\/11\/1_lottery_winner_ticket-200x300.jpg\" \/>\n<meta name=\"twitter:card\" content=\"summary_large_image\" \/>\n<meta name=\"twitter:label1\" content=\"Becs\u00fclt olvas\u00e1si id\u0151\" \/>\n\t<meta name=\"twitter:data1\" content=\"4 perc\" \/>\n<!-- \/ Yoast SEO plugin. -->","yoast_head_json":{"title":"J\u00e1tsszon Set for Life-ot az Egyes\u00fclt Kir\u00e1lys\u00e1gon k\u00edv\u00fclr\u0151l","description":"J\u00e1tsszon online az Egyes\u00fclt Kir\u00e1lys\u00e1gban \u00e9letj\u00e1rad\u00e9k lott\u00f3n, \u00e9s nyerje meg az es\u00e9lyt, hogy \u00e9lete v\u00e9g\u00e9ig be legyen \u00e1ll\u00edtva.","robots":{"index":"index","follow":"follow","max-snippet":"max-snippet:-1","max-image-preview":"max-image-preview:large","max-video-preview":"max-video-preview:-1"},"canonical":"https:\/\/jackpotlotteryonline.com\/hu\/hogyan-kell-jatszani\/set-for-life\/","og_locale":"hu_HU","og_type":"article","og_title":"J\u00e1tsszon Set for Life-ot az Egyes\u00fclt Kir\u00e1lys\u00e1gon k\u00edv\u00fclr\u0151l","og_description":"J\u00e1tsszon online az Egyes\u00fclt Kir\u00e1lys\u00e1gban \u00e9letj\u00e1rad\u00e9k lott\u00f3n, \u00e9s nyerje meg az es\u00e9lyt, hogy \u00e9lete v\u00e9g\u00e9ig be legyen \u00e1ll\u00edtva.","og_url":"https:\/\/jackpotlotteryonline.com\/hu\/hogyan-kell-jatszani\/set-for-life\/","og_site_name":"Lotto Online - Crack The International Lottery Jackpots","article_modified_time":"2022-12-31T13:03:16+00:00","og_image":[{"url":"http:\/\/jackpotlotteryonline.com\/wp-content\/uploads\/2022\/11\/1_lottery_winner_ticket-200x300.jpg"}],"twitter_card":"summary_large_image","twitter_misc":{"Becs\u00fclt olvas\u00e1si id\u0151":"4 perc"},"schema":{"@context":"https:\/\/schema.org","@graph":[{"@type":"WebPage","@id":"https:\/\/jackpotlotteryonline.com\/hu\/hogyan-kell-jatszani\/set-for-life\/","url":"https:\/\/jackpotlotteryonline.com\/hu\/hogyan-kell-jatszani\/set-for-life\/","name":"J\u00e1tsszon Set for Life-ot az Egyes\u00fclt Kir\u00e1lys\u00e1gon k\u00edv\u00fclr\u0151l","isPartOf":{"@id":"https:\/\/jackpotlotteryonline.com\/#website"},"primaryImageOfPage":{"@id":"https:\/\/jackpotlotteryonline.com\/hu\/hogyan-kell-jatszani\/set-for-life\/#primaryimage"},"image":{"@id":"https:\/\/jackpotlotteryonline.com\/hu\/hogyan-kell-jatszani\/set-for-life\/#primaryimage"},"thumbnailUrl":"http:\/\/jackpotlotteryonline.com\/wp-content\/uploads\/2022\/11\/1_lottery_winner_ticket-200x300.jpg","datePublished":"2022-11-28T12:02:36+00:00","dateModified":"2022-12-31T13:03:16+00:00","description":"J\u00e1tsszon online az Egyes\u00fclt Kir\u00e1lys\u00e1gban \u00e9letj\u00e1rad\u00e9k lott\u00f3n, \u00e9s nyerje meg az es\u00e9lyt, hogy \u00e9lete v\u00e9g\u00e9ig be legyen \u00e1ll\u00edtva.","breadcrumb":{"@id":"https:\/\/jackpotlotteryonline.com\/hu\/hogyan-kell-jatszani\/set-for-life\/#breadcrumb"},"inLanguage":"hu","potentialAction":[{"@type":"ReadAction","target":["https:\/\/jackpotlotteryonline.com\/hu\/hogyan-kell-jatszani\/set-for-life\/"]}]},{"@type":"ImageObject","inLanguage":"hu","@id":"https:\/\/jackpotlotteryonline.com\/hu\/hogyan-kell-jatszani\/set-for-life\/#primaryimage","url":"http:\/\/jackpotlotteryonline.com\/wp-content\/uploads\/2022\/11\/1_lottery_winner_ticket-200x300.jpg","contentUrl":"http:\/\/jackpotlotteryonline.com\/wp-content\/uploads\/2022\/11\/1_lottery_winner_ticket-200x300.jpg"},{"@type":"BreadcrumbList","@id":"https:\/\/jackpotlotteryonline.com\/hu\/hogyan-kell-jatszani\/set-for-life\/#breadcrumb","itemListElement":[{"@type":"ListItem","position":1,"name":"Home","item":"https:\/\/jackpotlotteryonline.com\/hu\/"},{"@type":"ListItem","position":2,"name":"Hogyan kell j\u00e1tszani","item":"https:\/\/jackpotlotteryonline.com\/play-online\/"},{"@type":"ListItem","position":3,"name":"j\u00e1t\u00e9k Set For Life online"}]},{"@type":"WebSite","@id":"https:\/\/jackpotlotteryonline.com\/#website","url":"https:\/\/jackpotlotteryonline.com\/","name":"Lotto Online - Crack The International Lottery Jackpots","description":"","potentialAction":[{"@type":"SearchAction","target":{"@type":"EntryPoint","urlTemplate":"https:\/\/jackpotlotteryonline.com\/?s={search_term_string}"},"query-input":"required name=search_term_string"}],"inLanguage":"hu"}]}},"_links":{"self":[{"href":"https:\/\/jackpotlotteryonline.com\/hu\/wp-json\/wp\/v2\/pages\/39648","targetHints":{"allow":["GET"]}}],"collection":[{"href":"https:\/\/jackpotlotteryonline.com\/hu\/wp-json\/wp\/v2\/pages"}],"about":[{"href":"https:\/\/jackpotlotteryonline.com\/hu\/wp-json\/wp\/v2\/types\/page"}],"author":[{"embeddable":true,"href":"https:\/\/jackpotlotteryonline.com\/hu\/wp-json\/wp\/v2\/users\/1"}],"replies":[{"embeddable":true,"href":"https:\/\/jackpotlotteryonline.com\/hu\/wp-json\/wp\/v2\/comments?post=39648"}],"version-history":[{"count":0,"href":"https:\/\/jackpotlotteryonline.com\/hu\/wp-json\/wp\/v2\/pages\/39648\/revisions"}],"up":[{"embeddable":true,"href":"https:\/\/jackpotlotteryonline.com\/hu\/wp-json\/wp\/v2\/pages\/35696"}],"wp:attachment":[{"href":"https:\/\/jackpotlotteryonline.com\/hu\/wp-json\/wp\/v2\/media?parent=39648"}],"curies":[{"name":"wp","href":"https:\/\/api.w.org\/{rel}","templated":true}]}}