{"id":39706,"date":"2022-11-29T07:44:22","date_gmt":"2022-11-29T07:44:22","guid":{"rendered":"https:\/\/jackpotlotteryonline.com\/?page_id=39706"},"modified":"2023-01-03T10:19:57","modified_gmt":"2023-01-03T10:19:57","slug":"new-york-lottery-2","status":"publish","type":"page","link":"https:\/\/jackpotlotteryonline.com\/hu\/hogyan-kell-jatszani\/new-york-lottery-2\/","title":{"rendered":"New York-i lott\u00f3 online j\u00e1t\u00e9k"},"content":{"rendered":"<p>A New York-i lott\u00f3 t\u00f6rt\u00e9nete \u00e1thatja a j\u00f3 cselekedetek \u00e9s az \u00e1ltal\u00e1nos pozit\u00edvum. Mivel a lott\u00f3 az\u00e9rt j\u00f6tt l\u00e9tre, hogy seg\u00edtse az \u00e1llam oktat\u00e1s\u00e1t, j\u00f3 v\u00e1laszt\u00e1s azoknak a fogad\u00f3knak, akik szeretik a sz\u00f3rakoz\u00e1s mellett az \u00f6nzetlens\u00e9get is. Alapvet\u0151en, ha olyan lott\u00f3t szeretne, amely lehet\u0151v\u00e9 teszi, hogy \u00fagy \u00e9rezze, hogy valami j\u00f3val j\u00e1rul hozz\u00e1 a vil\u00e1ghoz, akkor \u00e9rdemes megfontolnia a New York-i lott\u00f3t.<\/p>\n<p>A legt\u00f6bb j\u00e1t\u00e9kos sz\u00e1m\u00e1ra azonban az a k\u00e9rd\u00e9s, hogyan lehet r\u00e9szt venni ebben a lott\u00f3ban a vil\u00e1g egy m\u00e1sik r\u00e9sz\u00e9r\u0151l. Amint azt val\u00f3sz\u00edn\u0171leg m\u00e1r a nev\u00e9b\u0151l is kital\u00e1lta, a New York-i lott\u00f3 az Egyes\u00fclt \u00c1llamokban tal\u00e1lhat\u00f3 New York \u00e1llam \u00e1llami lott\u00f3ja. Teh\u00e1t az ebben az \u00e1llamban \u00e9l\u0151 lott\u00f3rajong\u00f3k sz\u00e1m\u00e1ra nyitva \u00e1ll, \u00e9s a lott\u00f3szelv\u00e9nyekhez k\u00f6nnyen hozz\u00e1 lehet jutni az \u00e1llamban tal\u00e1lhat\u00f3 elad\u00f3kn\u00e1l. Ha \u00d6n az \u00e1llamon k\u00edv\u00fcl &#8211; vagy ak\u00e1r teljesen m\u00e1s kontinensen &#8211; \u00e9l, akkor teljesen m\u00e1s a helyzet.<\/p>\n<p>De ne f\u00e9lj, megmutatjuk, hogyan v\u00e1s\u00e1rolhatsz lott\u00f3szelv\u00e9nyt a vil\u00e1g b\u00e1rmely pontj\u00e1r\u00f3l. Ha siet a k\u00f6vetkez\u0151 sorsol\u00e1sra, mi\u00e9rt nem l\u00e1togat el a jackpotlotteryonline.com oldalra, hogy elkezdhesse?<\/p>\n<h2>Tippek a New York-i lott\u00f3j\u00e1t\u00e9khoz<\/h2>\n<p>Most pedig t\u00e9rj\u00fcnk r\u00e1 arra, ami\u00e9rt itt vagyunk; hogyan lehet b\u00e1rhonnan j\u00e1tszani a New York-i lott\u00f3n. Miel\u0151tt belemenn\u00e9nk a r\u00e9szletekbe, tal\u00e1n nem \u00e1rt megosztani n\u00e9h\u00e1ny tippet a lott\u00f3j\u00e1t\u00e9khoz. B\u00e1r itt egy konkr\u00e9t lott\u00f3r\u00f3l besz\u00e9l\u00fcnk, ezek a tippek m\u00e1s nemzetk\u00f6zi top lott\u00f3j\u00e1t\u00e9kokra is \u00e9rv\u00e9nyesek, amelyeken egy\u00e9bk\u00e9nt itt is r\u00e9szt vehetsz.<\/p>\n<p><strong>Ennek ellen\u00e9re \u00edme, a New York-i lott\u00f3j\u00e1t\u00e9kra vonatkoz\u00f3 tippjeink:<\/strong><\/p>\n<ul>\n<li>V\u00e1lassza ki gondosan a sz\u00e1mokat. Igaz, hogy nem igaz\u00e1n lehet megj\u00f3solni, hogy mely sz\u00e1mok fogj\u00e1k megnyerni a lott\u00f3t, azonban van valami abban, hogy olyan sz\u00e1mokat v\u00e1lasszon, amelyek jelentenek valamit az \u00d6n sz\u00e1m\u00e1ra.<\/li>\n<li>Figyeljen a b\u00f3nuszsz\u00e1mokra. \u00c9s ez olyasmi, amire sok j\u00e1t\u00e9kos nem igaz\u00e1n j\u00f6n r\u00e1; az a t\u00e9ny, hogy nem csak a jackpotot lehet megnyerni. A b\u00f3nuszsz\u00e1m hat\u00e1rozza meg a m\u00e1sodoszt\u00e1ly\u00fa nyerem\u00e9nyt, amely szint\u00e9n egy sz\u00e9p \u00f6sszeggel t\u00e9rhet haza.<\/li>\n<li>Ne hagyd ki a sorsol\u00e1sokat! Ha az\u00e9rt van benne, hogy nyerjen, akkor a sorsol\u00e1sokon val\u00f3 r\u00e9szv\u00e9telre kell koncentr\u00e1lnia. A New York-i lott\u00f3nak hetente k\u00e9t sorsol\u00e1sa van, szerd\u00e1n \u00e9s szombaton. Igyekezzen mindk\u00e9t sorsol\u00e1son r\u00e9szt venni. A sorsol\u00e1sokra t\u00f6bb h\u00e9ttel el\u0151re is benevezhet (k\u00e9s\u0151bb megmutatjuk, hogyan).<\/li>\n<\/ul>\n<h2>Offline vs. online<\/h2>\n<p><img loading=\"lazy\" decoding=\"async\" class=\"alignright size-full wp-image-31505\" src=\"http:\/\/jackpotlotteryonline.com\/wp-content\/uploads\/2022\/11\/lotto2-300x84-1.png\" alt=\"New York-i lott\u00f3 online j\u00e1tsszon\" width=\"300\" height=\"84\" \/>Mi a k\u00fcl\u00f6nbs\u00e9g az online \u00e9s az offline lott\u00f3z\u00e1s k\u00f6z\u00f6tt, \u00e9s vannak-e el\u0151nyei? Igen, sokszor halljuk ezeket a k\u00e9rd\u00e9seket, \u00e9s ezek jogos k\u00e9rd\u00e9sek. Ha p\u00e9ld\u00e1ul New Yorkban \u00e9lsz, term\u00e9szetes, hogy elgondolkodsz azon, hogy van-e b\u00e1rmilyen el\u0151nye annak, ha online veszel r\u00e9szt a lott\u00f3n. Nos, egyet tudunk mondani: a k\u00e9nyelmet.<\/p>\n<p>Megpr\u00f3b\u00e1lni kital\u00e1lni, hogy melyik elad\u00f3 melyik lott\u00f3szelv\u00e9nyt \u00e1rulja, stresszes lehet, k\u00fcl\u00f6n\u00f6sen akkor, ha csak n\u00e9h\u00e1ny perc \u00e1ll rendelkez\u00e9sre a szelv\u00e9ny\u00e9rt\u00e9kes\u00edt\u00e9s z\u00e1r\u00e1sa el\u0151tt. Az is el\u0151fordulhat, hogy t\u00f6bb lott\u00f3szelv\u00e9nyt is be akarsz adni, \u00e9s ez csak akkor v\u00e1lik z\u0171r\u00f6ss\u00e9, ha egyik elad\u00f3t\u00f3l a m\u00e1sikig kell v\u00e1ndorolnod.<\/p>\n<p>Az online lott\u00f3j\u00e1t\u00e9k olyan k\u00e9nyelmet biztos\u00edt a fogad\u00f3knak, amelyet kor\u00e1bban el sem tudtak k\u00e9pzelni. K\u00f6zvetlen\u00fcl a sz\u00e1m\u00edt\u00f3g\u00e9p vagy a mobilk\u00e9sz\u00fcl\u00e9k k\u00e9nyelm\u00e9b\u0151l v\u00e1s\u00e1rolhat lott\u00f3szelv\u00e9nyeket, ellen\u0151rizheti a sorsol\u00e1s eredm\u00e9nyeit \u00e9s kifizetheti a nyerem\u00e9nyeket. Ha egyszer kipr\u00f3b\u00e1lja az online lott\u00f3z\u00e1st, nem lesz vissza\u00fat, ezt garant\u00e1lhatjuk.<\/p>\n<h2>Hogyan j\u00e1tsszon online<\/h2>\n<p>Ak\u00e1r tapasztalt j\u00e1t\u00e9kos, ak\u00e1r kezd\u0151, az online lott\u00f3z\u00e1sban val\u00f3 r\u00e9szv\u00e9tel gyors, egyszer\u0171 \u00e9s teljesen egyszer\u0171. Ha a New York-i lott\u00f3n j\u00e1tszik, az al\u00e1bbi l\u00e9p\u00e9sek k\u00f6vetkeznek:<\/p>\n<ul>\n<li>Kattintson a lott\u00f3ra, amelyen j\u00e1tszani szeretne.<\/li>\n<li>V\u00e1lasszon 6 sz\u00e1mot az 1 \u00e9s 59 k\u00f6z\u00f6tti tartom\u00e1nyb\u00f3l. Van egy 7. sz\u00e1m is, de ezt a lott\u00f3t\u00e1rsas\u00e1g v\u00e9letlenszer\u0171en h\u00fazza ki, \u00e9s nem r\u00e9sze a szelv\u00e9ny\u00e9nek.<\/li>\n<li><a href=\"https:\/\/jackpotlotteryonline.com\/hu\/nyeroszamok\/new-york-lottery\">Adja meg a sorsol\u00e1sokat<\/a>, amelyek minden h\u00e9ten szerd\u00e1n \u00e9s szombaton vannak. Csak az egyik sorsol\u00e1son vagy mindkett\u0151n r\u00e9szt vehet.<\/li>\n<li>Fejezze be a fizet\u00e9s\u00e9t. A legt\u00f6bb lott\u00f3oldal k\u00e9rni fogja, hogy regisztr\u00e1ljon a fizet\u00e9s befejez\u00e9s\u00e9hez. Ez az\u00e9rt van, hogy a szelv\u00e9ny megv\u00e1s\u00e1rl\u00e1sa ut\u00e1n k\u00f6nnyen hozz\u00e1f\u00e9rhessen a szelv\u00e9ny\u00e9hez.<\/li>\n<\/ul>\n<p>Az online lott\u00f3zni t\u00e9nyleg ilyen egyszer\u0171. Tekintettel arra, hogy az Egyes\u00fclt \u00c1llamok New York \u00e1llam\u00e1n k\u00edv\u00fclr\u0151l nem lehet m\u00e1shogyan hozz\u00e1jutni a New York-i lott\u00f3szelv\u00e9nyekhez, ez akkor is fantasztikus m\u00f3dszer, ha a vil\u00e1g egy m\u00e1sik r\u00e9sz\u00e9n \u00e9l.<\/p>\n<section class=\"layout\" style=\"border: solid 1px; width: 100%;\">\n<div class=\"img-div\" style=\"margin-top: 5px;\"><img decoding=\"async\" class=\"wp-image-17212 alignleft\" style=\"height: 45px; margin: 8px 8px 0px;\" src=\"http:\/\/jackpotlotteryonline.com\/wp-content\/uploads\/2022\/11\/read1.jpg\" alt=\"Olvassa el \" width=\"\" height=\"\" \/><\/div>\n<div style=\"padding-left: 5px;\">\n<div style=\"font-size: 1.1em;\">\n<p><strong>Hogyan kapok p\u00e9nzt, ha online nyerek a lott\u00f3n?<\/strong><\/p>\n<p style=\"font-size: 0.85em; margin-top: -1.5em;\">\u00cdgy juthatsz hozz\u00e1 a p\u00e9nzedhez, ha megnyered az online lott\u00f3t\u00a0 <a href=\"https:\/\/jackpotlotteryonline.com\/hu\/hogyan-fizetek-ha-nyerek-a-lotton-online\"> tov\u00e1bb<\/a><\/p>\n<\/div>\n<\/div>\n<\/section>\n<h2>Hogyan v\u00e1lasszuk ki a nyer\u0151sz\u00e1mokat<\/h2>\n<p>A nyer\u0151sz\u00e1mok kiv\u00e1laszt\u00e1s\u00e1nak t\u00e9m\u00e1ja \u00f6sszetett, b\u00e1r ha jobban megn\u00e9zz\u00fck, nem kellene annak lennie. T\u00falbonyol\u00edtj\u00e1k azok, akik \u00fagynevezett matematikai k\u00e9pleteket akarnak adni a lott\u00f3nyer\u00e9shez. Komolyan, ne b\u00edzzon semmilyen \u00fagynevezett tudom\u00e1nyos m\u00f3dszerben.<\/p>\n<p>A lott\u00f3 szerencsej\u00e1t\u00e9k, \u00e9s ez al\u00f3l a New York-i lott\u00f3 sem kiv\u00e9tel. A sz\u00e1mokat v\u00e9letlenszer\u0171en gener\u00e1lj\u00e1k, \u00e9s a szerencs\u00e9nek is sok k\u00f6ze van ahhoz, hogy ki nyeri a lott\u00f3t.<\/p>\n<p>Ezt szem el\u0151tt tartva, mindig j\u00f3 \u00f6tlet egy kicsit kihaszn\u00e1lni a szerencsefaktort a szerencsesz\u00e1mok kiv\u00e1laszt\u00e1s\u00e1val. \u00cdgy v\u00e1laszthatsz sz\u00fclet\u00e9snapokat, \u00e9vfordul\u00f3kat, olyan sz\u00e1mokat, amelyek eg\u00e9sz \u00e9letedben szerencs\u00e9t hoztak neked stb. Vagy egyszer\u0171en haszn\u00e1lhatja az oldalunkon tal\u00e1lhat\u00f3 automatikus gener\u00e1tor eszk\u00f6zt, hogy v\u00e9letlenszer\u0171en v\u00e1lasszon sz\u00e1mokat. V\u00e9gs\u0151 soron minden a szerencs\u00e9n m\u00falik.<\/p>\n<h2>Hol lehet szelv\u00e9nyt v\u00e1s\u00e1rolni a New York-i lott\u00f3ra<\/h2>\n<p><img loading=\"lazy\" decoding=\"async\" class=\"alignright size-medium wp-image-28913\" src=\"http:\/\/jackpotlotteryonline.com\/wp-content\/uploads\/2022\/11\/1_pick_lottery_numbers-300x200.jpg\" alt=\"New York-i lott\u00f3szelv\u00e9ny v\u00e1s\u00e1rl\u00e1s\" width=\"300\" height=\"200\" srcset=\"https:\/\/jackpotlotteryonline.com\/wp-content\/uploads\/2022\/11\/1_pick_lottery_numbers-300x200.jpg 300w, https:\/\/jackpotlotteryonline.com\/wp-content\/uploads\/2022\/11\/1_pick_lottery_numbers.jpg 320w\" sizes=\"auto, (max-width: 300px) 100vw, 300px\" \/><\/p>\n<p>Ha k\u00e9szen \u00e1ll arra, hogy r\u00e9szt vegyen a New York-i lott\u00f3n, akkor a k\u00f6vetkez\u0151 l\u00e9p\u00e9s a <a href=\"https:\/\/jackpotlotteryonline.com\/hu\/jegyet-vasarolni\/new-york-lottery\">szelv\u00e9nyek megv\u00e1s\u00e1rl\u00e1sa<\/a>. Ezt online teheti meg egy lott\u00f3\u00e9rt\u00e9kes\u00edt\u0151 oldalon, mint p\u00e9ld\u00e1ul a jackpotlotteryonline.com. Fontos, hogy \u00f3vakodjon az olyan lott\u00f3oldalakkal szemben, amelyek nem \u00e1rulj\u00e1k el pontosan, hogyan jutnak hozz\u00e1 a szelv\u00e9nyeihez. Az ilyen oldalakon esetleg csak a lott\u00f3 kimenetel\u00e9re fogadhat, an\u00e9lk\u00fcl, hogy t\u00e9nylegesen r\u00e9szt venne a lott\u00f3n.<\/p>\n<p>Amikor t\u0151l\u00fcnk v\u00e1s\u00e1rolja meg a lott\u00f3szelv\u00e9nyeit, New York-i \u00fcgyn\u00f6keink a megfelel\u0151 sz\u00e1mokkal ell\u00e1tott szelv\u00e9nyeket v\u00e1s\u00e1rolj\u00e1k meg. Ez majdnem olyan, mintha a vil\u00e1g k\u00fcl\u00f6nb\u00f6z\u0151 r\u00e9szein lenne szem\u00e9lyes lott\u00f3\u00fcgyn\u00f6ke.<\/p>\n<h2>A New York-i lott\u00f3 nyerem\u00e9nyszintjei<\/h2>\n<p>A New York-i lott\u00f3nak t\u00f6bb nyerem\u00e9nyszintje van. B\u00e1r a legt\u00f6bb szerencsej\u00e1t\u00e9kos a jackpotot c\u00e9lozza meg, \u00e9s \u00d6nnek is ezt kellene tennie, az \u00e9let t\u00e9nye, hogy nem mindenki nyerheti meg a jackpotot. Mindazon\u00e1ltal sz\u00e1mos m\u00e1s nyerem\u00e9nykateg\u00f3ria is l\u00e9tezik, amelyet a fogad\u00f3k megnyerhetnek.<\/p>\n<p>A jackpot nyerem\u00e9nye teh\u00e1t 2 milli\u00f3 doll\u00e1rn\u00e1l kezd\u0151dik, de ez az \u00f6sszeg ne t\u00e9vesszen meg senkit. Ha egy sorsol\u00e1s ut\u00e1n nincs nyertes, a nyerem\u00e9ny tov\u00e1bbg\u00f6rd\u00fcl, \u00e9s csak n\u0151 \u00e9s n\u0151. A lott\u00f3 eddigi legnagyobb jackpot nyerem\u00e9nye elk\u00e9peszt\u0151 176 milli\u00f3 doll\u00e1r volt. Igen, ez teljesen megv\u00e1ltoztatja az \u00e9letet.<\/p>\n<p>1. szint (jackpot) &#8211; mind a 6 kih\u00fazott sz\u00e1mmal egyezik meg.<\/p>\n<p>2. szint &#8211; 5 sz\u00e1m + b\u00f3nuszsz\u00e1m<\/p>\n<p>3. szint &#8211; 5 sz\u00e1mmal val\u00f3 egyez\u00e9s<\/p>\n<p>4. szint &#8211; 4 sz\u00e1mmal val\u00f3 egyez\u00e9s<\/p>\n<p>5. szint &#8211; 3 sz\u00e1mmal val\u00f3 egyez\u00e9s<\/p>\n<h2>Nyerem\u00e9ny \u00e9s kifizet\u00e9s<\/h2>\n<p>A New York-i lott\u00f3 megnyer\u00e9se azt jelenti, hogy olyan szelv\u00e9nye van, amely megfelel a kisorsolt sz\u00e1moknak. Aki a kisorsolt sz\u00e1mokkal egyezik, az nyeri a lott\u00f3t. Ahhoz, hogy megtudja, megnyerte-e a lott\u00f3t, meg kell n\u00e9znie a sorsol\u00e1s eredm\u00e9ny\u00e9t. Ha \u00d6n regisztr\u00e1lt n\u00e1lunk, akkor e-mailben \u00e9rtes\u00edtj\u00fck, ha nyerem\u00e9nyt nyert.<\/p>\n<p>Ha t\u0151l\u00fcnk v\u00e1s\u00e1rolja meg a lott\u00f3szelv\u00e9nyeit, akkor a nyerem\u00e9ny\u00e9t k\u00f6nnyed\u00e9n kiveheti a platformunkr\u00f3l a sz\u00e1ml\u00e1j\u00e1ra. Ha 2500 eur\u00f3t vagy ann\u00e1l kevesebbet nyert, akkor egy egyszer\u0171 kattint\u00e1ssal kiveheti a p\u00e9nz\u00e9t. Ha enn\u00e9l t\u00f6bbr\u0151l van sz\u00f3, akkor k\u00fcld\u00fcnk \u00d6nnek egy ig\u00e9nyl\u0151lapot, amit kit\u00f6lthet, majd seg\u00edt\u00fcnk a nyerem\u00e9nye feldolgoz\u00e1s\u00e1ban.<\/p>\n<p>B\u00f6ng\u00e9sszen a New York-i lott\u00f3szelv\u00e9nyek k\u00f6z\u00f6tt most a jackpotlotteryonline.com oldalon.<\/p>\n","protected":false},"excerpt":{"rendered":"<p>A New York-i lott\u00f3 t\u00f6rt\u00e9nete \u00e1thatja a j\u00f3 cselekedetek \u00e9s az \u00e1ltal\u00e1nos pozit\u00edvum. Mivel a lott\u00f3 az\u00e9rt j\u00f6tt l\u00e9tre, hogy seg\u00edtse az \u00e1llam oktat\u00e1s\u00e1t, j\u00f3 v\u00e1laszt\u00e1s azoknak a fogad\u00f3knak, akik szeretik a sz\u00f3rakoz\u00e1s mellett az \u00f6nzetlens\u00e9get is. Alapvet\u0151en, ha olyan lott\u00f3t szeretne, amely lehet\u0151v\u00e9 teszi, hogy \u00fagy \u00e9rezze, hogy valami j\u00f3val j\u00e1rul hozz\u00e1 a vil\u00e1ghoz, [&hellip;]<\/p>\n","protected":false},"author":1,"featured_media":0,"parent":35696,"menu_order":14,"comment_status":"closed","ping_status":"closed","template":"newyork.php","meta":{"_et_pb_use_builder":"","_et_pb_old_content":"","_et_gb_content_width":"","exclude_from_search":false,"footnotes":""},"class_list":["post-39706","page","type-page","status-publish","hentry"],"yoast_head":"<!-- This site is optimized with the Yoast SEO plugin v23.3 - https:\/\/yoast.com\/wordpress\/plugins\/seo\/ -->\n<title>Hogyan j\u00e1tsszon a New York-i lott\u00f3n b\u00e1rhonnan<\/title>\n<meta name=\"description\" content=\"B\u00e1rhol is tart\u00f3zkodik, a New York-i lott\u00f3n online is r\u00e9szt vehet. Itt t\u00f6bbet megtudhatsz arr\u00f3l, hogyan j\u00e1tszhatsz \u00e9s nyerhetsz.\" \/>\n<meta name=\"robots\" content=\"index, follow, max-snippet:-1, max-image-preview:large, max-video-preview:-1\" \/>\n<link rel=\"canonical\" href=\"https:\/\/jackpotlotteryonline.com\/hu\/hogyan-kell-jatszani\/new-york-lottery-2\/\" \/>\n<meta property=\"og:locale\" content=\"hu_HU\" \/>\n<meta property=\"og:type\" content=\"article\" \/>\n<meta property=\"og:title\" content=\"Hogyan j\u00e1tsszon a New York-i lott\u00f3n b\u00e1rhonnan\" \/>\n<meta property=\"og:description\" content=\"B\u00e1rhol is tart\u00f3zkodik, a New York-i lott\u00f3n online is r\u00e9szt vehet. Itt t\u00f6bbet megtudhatsz arr\u00f3l, hogyan j\u00e1tszhatsz \u00e9s nyerhetsz.\" \/>\n<meta property=\"og:url\" content=\"https:\/\/jackpotlotteryonline.com\/hu\/hogyan-kell-jatszani\/new-york-lottery-2\/\" \/>\n<meta property=\"og:site_name\" content=\"Lotto Online - Crack The International Lottery Jackpots\" \/>\n<meta property=\"article:modified_time\" content=\"2023-01-03T10:19:57+00:00\" \/>\n<meta property=\"og:image\" content=\"http:\/\/jackpotlotteryonline.com\/wp-content\/uploads\/2022\/11\/lotto2-300x84-1.png\" \/>\n<meta name=\"twitter:card\" content=\"summary_large_image\" \/>\n<meta name=\"twitter:label1\" content=\"Becs\u00fclt olvas\u00e1si id\u0151\" \/>\n\t<meta name=\"twitter:data1\" content=\"6 perc\" \/>\n<!-- \/ Yoast SEO plugin. -->","yoast_head_json":{"title":"Hogyan j\u00e1tsszon a New York-i lott\u00f3n b\u00e1rhonnan","description":"B\u00e1rhol is tart\u00f3zkodik, a New York-i lott\u00f3n online is r\u00e9szt vehet. Itt t\u00f6bbet megtudhatsz arr\u00f3l, hogyan j\u00e1tszhatsz \u00e9s nyerhetsz.","robots":{"index":"index","follow":"follow","max-snippet":"max-snippet:-1","max-image-preview":"max-image-preview:large","max-video-preview":"max-video-preview:-1"},"canonical":"https:\/\/jackpotlotteryonline.com\/hu\/hogyan-kell-jatszani\/new-york-lottery-2\/","og_locale":"hu_HU","og_type":"article","og_title":"Hogyan j\u00e1tsszon a New York-i lott\u00f3n b\u00e1rhonnan","og_description":"B\u00e1rhol is tart\u00f3zkodik, a New York-i lott\u00f3n online is r\u00e9szt vehet. Itt t\u00f6bbet megtudhatsz arr\u00f3l, hogyan j\u00e1tszhatsz \u00e9s nyerhetsz.","og_url":"https:\/\/jackpotlotteryonline.com\/hu\/hogyan-kell-jatszani\/new-york-lottery-2\/","og_site_name":"Lotto Online - Crack The International Lottery Jackpots","article_modified_time":"2023-01-03T10:19:57+00:00","og_image":[{"url":"http:\/\/jackpotlotteryonline.com\/wp-content\/uploads\/2022\/11\/lotto2-300x84-1.png"}],"twitter_card":"summary_large_image","twitter_misc":{"Becs\u00fclt olvas\u00e1si id\u0151":"6 perc"},"schema":{"@context":"https:\/\/schema.org","@graph":[{"@type":"WebPage","@id":"https:\/\/jackpotlotteryonline.com\/hu\/hogyan-kell-jatszani\/new-york-lottery-2\/","url":"https:\/\/jackpotlotteryonline.com\/hu\/hogyan-kell-jatszani\/new-york-lottery-2\/","name":"Hogyan j\u00e1tsszon a New York-i lott\u00f3n b\u00e1rhonnan","isPartOf":{"@id":"https:\/\/jackpotlotteryonline.com\/#website"},"primaryImageOfPage":{"@id":"https:\/\/jackpotlotteryonline.com\/hu\/hogyan-kell-jatszani\/new-york-lottery-2\/#primaryimage"},"image":{"@id":"https:\/\/jackpotlotteryonline.com\/hu\/hogyan-kell-jatszani\/new-york-lottery-2\/#primaryimage"},"thumbnailUrl":"http:\/\/jackpotlotteryonline.com\/wp-content\/uploads\/2022\/11\/lotto2-300x84-1.png","datePublished":"2022-11-29T07:44:22+00:00","dateModified":"2023-01-03T10:19:57+00:00","description":"B\u00e1rhol is tart\u00f3zkodik, a New York-i lott\u00f3n online is r\u00e9szt vehet. Itt t\u00f6bbet megtudhatsz arr\u00f3l, hogyan j\u00e1tszhatsz \u00e9s nyerhetsz.","breadcrumb":{"@id":"https:\/\/jackpotlotteryonline.com\/hu\/hogyan-kell-jatszani\/new-york-lottery-2\/#breadcrumb"},"inLanguage":"hu","potentialAction":[{"@type":"ReadAction","target":["https:\/\/jackpotlotteryonline.com\/hu\/hogyan-kell-jatszani\/new-york-lottery-2\/"]}]},{"@type":"ImageObject","inLanguage":"hu","@id":"https:\/\/jackpotlotteryonline.com\/hu\/hogyan-kell-jatszani\/new-york-lottery-2\/#primaryimage","url":"http:\/\/jackpotlotteryonline.com\/wp-content\/uploads\/2022\/11\/lotto2-300x84-1.png","contentUrl":"http:\/\/jackpotlotteryonline.com\/wp-content\/uploads\/2022\/11\/lotto2-300x84-1.png"},{"@type":"BreadcrumbList","@id":"https:\/\/jackpotlotteryonline.com\/hu\/hogyan-kell-jatszani\/new-york-lottery-2\/#breadcrumb","itemListElement":[{"@type":"ListItem","position":1,"name":"Home","item":"https:\/\/jackpotlotteryonline.com\/hu\/"},{"@type":"ListItem","position":2,"name":"Hogyan kell j\u00e1tszani","item":"https:\/\/jackpotlotteryonline.com\/play-online\/"},{"@type":"ListItem","position":3,"name":"New York-i lott\u00f3 online j\u00e1t\u00e9k"}]},{"@type":"WebSite","@id":"https:\/\/jackpotlotteryonline.com\/#website","url":"https:\/\/jackpotlotteryonline.com\/","name":"Lotto Online - Crack The International Lottery Jackpots","description":"","potentialAction":[{"@type":"SearchAction","target":{"@type":"EntryPoint","urlTemplate":"https:\/\/jackpotlotteryonline.com\/?s={search_term_string}"},"query-input":"required name=search_term_string"}],"inLanguage":"hu"}]}},"_links":{"self":[{"href":"https:\/\/jackpotlotteryonline.com\/hu\/wp-json\/wp\/v2\/pages\/39706","targetHints":{"allow":["GET"]}}],"collection":[{"href":"https:\/\/jackpotlotteryonline.com\/hu\/wp-json\/wp\/v2\/pages"}],"about":[{"href":"https:\/\/jackpotlotteryonline.com\/hu\/wp-json\/wp\/v2\/types\/page"}],"author":[{"embeddable":true,"href":"https:\/\/jackpotlotteryonline.com\/hu\/wp-json\/wp\/v2\/users\/1"}],"replies":[{"embeddable":true,"href":"https:\/\/jackpotlotteryonline.com\/hu\/wp-json\/wp\/v2\/comments?post=39706"}],"version-history":[{"count":0,"href":"https:\/\/jackpotlotteryonline.com\/hu\/wp-json\/wp\/v2\/pages\/39706\/revisions"}],"up":[{"embeddable":true,"href":"https:\/\/jackpotlotteryonline.com\/hu\/wp-json\/wp\/v2\/pages\/35696"}],"wp:attachment":[{"href":"https:\/\/jackpotlotteryonline.com\/hu\/wp-json\/wp\/v2\/media?parent=39706"}],"curies":[{"name":"wp","href":"https:\/\/api.w.org\/{rel}","templated":true}]}}