{"id":40310,"date":"2022-12-02T10:21:40","date_gmt":"2022-12-02T10:21:40","guid":{"rendered":"https:\/\/jackpotlotteryonline.com\/?page_id=40310"},"modified":"2022-12-19T14:57:25","modified_gmt":"2022-12-19T14:57:25","slug":"mega-millions","status":"publish","type":"page","link":"https:\/\/jackpotlotteryonline.com\/hu\/jegyet-vasarolni\/mega-millions\/","title":{"rendered":"Mega Millions szelv\u00e9nyek"},"content":{"rendered":"<h2>Hogyan lehet Mega Millions szelv\u00e9nyt v\u00e1s\u00e1rolni online?<\/h2>\n<p>Ha ezt olvassa, akkor val\u00f3sz\u00edn\u0171leg Mega Millions szelv\u00e9nyt szeretne v\u00e1s\u00e1rolni. A Mega Millions egyike a sok lott\u00f3j\u00e1t\u00e9knak, amelyek nagy jackpotokat k\u00edn\u00e1lnak a nyerteseknek. Most tal\u00e1n azt k\u00e9rdezi mag\u00e1t\u00f3l, hogy &#8220;Hogyan v\u00e1s\u00e1rolhatok Mega Millions szelv\u00e9nyt online?&#8221;.<\/p>\n<p>Nos, mi gondoskodunk r\u00f3la. \u00cdme egy \u00fatmutat\u00f3, amely seg\u00edt \u00d6nnek online Mega Millions szelv\u00e9nyt v\u00e1s\u00e1rolni.<\/p>\n<h2>Mi\u00e9rt \u00e9rdemes Mega Millions szelv\u00e9nyt v\u00e1s\u00e1rolni online?<\/h2>\n<p><img loading=\"lazy\" decoding=\"async\" class=\"alignright size-full wp-image-31073\" src=\"http:\/\/jackpotlotteryonline.com\/wp-content\/uploads\/2022\/11\/logo_Mega_Millions_233x110.png\" alt=\"Mega Millions szelv\u00e9ny online v\u00e1s\u00e1rl\u00e1sa\" width=\"232\" height=\"110\" \/>A Mega Million egy amerikai sz\u00e9khely\u0171 lott\u00f3j\u00e1t\u00e9k, nagy, \u00e9letet megv\u00e1ltoztat\u00f3 jackpotokkal, amelyek gyakran el\u00e9rik a t\u00f6bb sz\u00e1zmilli\u00f3s nagys\u00e1grendet. Ha megnyeri ezt a jackpotot, az egyik napr\u00f3l a m\u00e1sikra megv\u00e1ltoztathatja az \u00e9let\u00e9t, de csak akkor, ha el\u00e9g szerencs\u00e9s ahhoz, hogy az \u00f6sszes nyer\u0151sz\u00e1mot helyesen tal\u00e1lja el.<\/p>\n<p>Ha azt tervezi, <a href=\"https:\/\/jackpotlotteryonline.com\/hu\/hogyan-kell-jatszani\/mega-millions\">hogy online j\u00e1tszik ezen a lott\u00f3n<\/a>, az azt jelenti, hogy mi v\u00e1s\u00e1roljuk meg a szelv\u00e9nyeket az \u00d6n nev\u00e9ben a helyi kiskereskedelmi \u00fcgyn\u00f6keinken kereszt\u00fcl. Mi egy megb\u00edzhat\u00f3 concierge-szolg\u00e1ltat\u00f3 vagyunk, amely ezeket a szolg\u00e1ltat\u00e1sokat ny\u00fajtja \u00fcgyfeleinknek a vil\u00e1g minden t\u00e1j\u00e1n. Biztos\u00edtjuk, hogy \u00fcgyfeleink a legjobb szolg\u00e1ltat\u00e1st kapj\u00e1k, ez\u00e9rt mi\u00e9rt ne v\u00e1s\u00e1roljon vel\u00fcnk?<\/p>\n<p>Mivel a Mega Millions egy hatalmas jackpot, \u00e9s sokan vesznek r\u00e9szt benne, a nyer\u00e9si es\u00e9lyek meglehet\u0151sen magasak, ez\u00e9rt a legt\u00f6bb ember olyan m\u00f3dszereket keres, amelyekkel n\u00f6velheti nyer\u00e9si es\u00e9lyeit ebben a jackpotban.<\/p>\n<p>Az egyik m\u00f3dja az es\u00e9lyek n\u00f6vel\u00e9s\u00e9nek, ha online v\u00e1s\u00e1rolja meg a Mega Millions szelv\u00e9ny\u00e9t. Ezt megteheti a weboldalunkon, egyszer\u0171en megrendelheti a szelv\u00e9nyt a vil\u00e1g b\u00e1rmely pontj\u00e1r\u00f3l, \u00e9s a Mega Millions szelv\u00e9ny szkennel\u00e9se el\u00e9rhet\u0151 lesz a fi\u00f3kj\u00e1ban. Ha online v\u00e1s\u00e1rolja meg Mega Millions szelv\u00e9ny\u00e9t, nem kell agg\u00f3dnia, hogy elvesz\u00edti vagy ellopj\u00e1k a szelv\u00e9ny\u00e9t, mert a szelv\u00e9ny adatait biztons\u00e1gosan t\u00e1roljuk.<\/p>\n<p>Emellett a Mega Millions szelv\u00e9ny online v\u00e1s\u00e1rl\u00e1sa sokkal k\u00e9nyelmesebb, mint a fizikai \u00fczletbe val\u00f3 eljut\u00e1s, mivel a vil\u00e1g b\u00e1rmely pontj\u00e1r\u00f3l, otthonr\u00f3l, k\u00e9nyelmesen int\u00e9zheti a rendel\u00e9s\u00e9t. A Mega Millions lott\u00f3j\u00e1t\u00e9kban ugyan\u00fagy r\u00e9szt vesz, mint egy amerikai lakos, mik\u00f6zben v\u00e1rja a sorsol\u00e1sokat.<\/p>\n<h2>A Mega Millions szelv\u00e9nyek online v\u00e1s\u00e1rl\u00e1s\u00e1nak folyamata<\/h2>\n<p>Miel\u0151tt megv\u00e1s\u00e1roln\u00e1 n\u00e1lunk a Mega Millions szelv\u00e9ny\u00e9t, tudnia kell, hogy mi k\u00f6zvet\u00edt\u0151k\u00e9nt l\u00e9p\u00fcnk fel \u00d6n \u00e9s a lott\u00f3 k\u00f6z\u00f6tt, lehet\u0151v\u00e9 t\u00e9ve, hogy online j\u00e1tsszon \u00e9s v\u00e1s\u00e1roljon szelv\u00e9nyeket an\u00e9lk\u00fcl, hogy valaha is fel kellene keresnie egy fizikai lott\u00f3z\u00f3 kiskereskedelmi \u00fczletet.<\/p>\n<p>K\u00e9szen \u00e1ll arra, hogy online megv\u00e1s\u00e1rolja Mega Millions szelv\u00e9ny\u00e9t? Ha igen, az al\u00e1bbiakban n\u00e9h\u00e1ny l\u00e9p\u00e9st kell k\u00f6vetnie ahhoz, hogy a szelv\u00e9nyv\u00e1s\u00e1rl\u00e1s sikeres legyen.<\/p>\n<p><strong>1. Hozzon l\u00e9tre egy fi\u00f3kot.<\/strong><br \/>\n<img loading=\"lazy\" decoding=\"async\" class=\"alignright size-full wp-image-34025\" src=\"http:\/\/jackpotlotteryonline.com\/wp-content\/uploads\/2022\/11\/2_ticket_mega_millions3-1.jpg\" alt=\"Mega Millions szelv\u00e9ny online v\u00e1s\u00e1rl\u00e1sa\" width=\"180\" height=\"193\" \/>Ha \u00faj vagy, a regisztr\u00e1ci\u00f3s oldalra fogsz jutni, ahol megadhatod a sz\u00fcks\u00e9ges adatokat. Miut\u00e1n sikeresen l\u00e9trehozta j\u00e1t\u00e9kosfi\u00f3kj\u00e1t, l\u00e9pjen \u00e1t a Mega Millions lott\u00f3 oldal\u00e1ra, \u00e9s tegye a k\u00f6vetkez\u0151ket:<\/p>\n<p>V\u00e1lassza ki a sz\u00e1mokat, amelyekkel j\u00e1tszani szeretne. Ezt megteheti manu\u00e1lisan, vagy haszn\u00e1lhatja a v\u00e9letlensz\u00e1m-gener\u00e1torunkat a sz\u00e1mok v\u00e9letlenszer\u0171 kiv\u00e1laszt\u00e1s\u00e1hoz.<\/p>\n<p>Ezut\u00e1n v\u00e1lassza ki a sorsol\u00e1sok sz\u00e1m\u00e1t, amelyeken r\u00e9szt k\u00edv\u00e1n venni. Kiv\u00e1laszthat egyetlen sorsol\u00e1st, vagy v\u00e1s\u00e1rolhat t\u00f6bb sorsol\u00e1sra sz\u00f3l\u00f3 szelv\u00e9nyeket. A t\u00f6bb sorsol\u00e1son val\u00f3 r\u00e9szv\u00e9tel n\u00f6veli az es\u00e9ly\u00e9t a Mega Millions jackpot megnyer\u00e9s\u00e9re.<\/p>\n<p><strong>2. Kattintson a &#8220;Folytat\u00e1s&#8221; gombra, \u00e9s l\u00e9pjen \u00e1t a p\u00e9nzt\u00e1r oldalra.<\/strong><\/p>\n<p><strong>3. Fizet\u00e9si m\u00f3dok<\/strong><\/p>\n<p>Menjen a fizet\u00e9si oldalra, \u00e9s fizesse ki a szelv\u00e9nyeit. A Mega Millions szelv\u00e9ny\u00e9nek szkennel\u00e9se egy id\u0151 ut\u00e1n felt\u00f6lt\u0151dik a fi\u00f3kj\u00e1ba.<\/p>\n<p><strong>4. Most m\u00e1r csak a sorsol\u00e1sokra kell v\u00e1rnia, amelyeket minden kedden \u00e9s p\u00e9nteken 23:00-kor tartanak.<\/strong> Az id\u0151z\u00f3n\u00e1k elt\u00e9rhetnek, ez\u00e9rt tan\u00e1csos meger\u0151s\u00edtenie az id\u0151z\u00f3n\u00e1t, mik\u00f6zben <a href=\"https:\/\/jackpotlotteryonline.com\/hu\/nyeroszamok\/mega-millions\">a sorsol\u00e1sokra<\/a> v\u00e1r.<\/p>\n<h2>Mi t\u00f6rt\u00e9nik, miut\u00e1n megnyertem a Mega Millions jackpotot?<\/h2>\n<p>Ha az \u00f6sszes sz\u00e1mot helyesen tal\u00e1lta el, tal\u00e1n azon t\u0171n\u0151dik, hogy mi a k\u00f6vetkez\u0151 teend\u0151, vagy hogyan kapja meg a nyerem\u00e9ny\u00e9t. Minden nyerem\u00e9ny\u00e9t megkapja, \u00e9s nem kell az Egyes\u00fclt \u00c1llamokba utaznia, hogy \u00e1tvegye a Mega Millions jutalm\u00e1t. Csak azt kell tudnia, hogy a szelv\u00e9ny\u00e9nek beolvas\u00e1sa a r\u00e9szv\u00e9tel igazol\u00e1s\u00e1ra szolg\u00e1l, ez\u00e9rt tartsa biztons\u00e1gban; sz\u00fcks\u00e9ge lesz r\u00e1.<\/p>\n<section class=\"layout\" style=\"border: solid 1px; width: 100%;\">\n<div class=\"img-div\" style=\"margin-top: 5px;\"><img decoding=\"async\" class=\"wp-image-17212 alignleft\" style=\"height: 45px; margin: 8px 8px 0px;\" src=\"http:\/\/jackpotlotteryonline.com\/wp-content\/uploads\/2022\/11\/read1.jpg\" alt=\"a gy\u0151ztes jutalmaz\u00e1s\" width=\"\" height=\"\" \/><\/div>\n<div style=\"padding-left: 5px;\">\n<div style=\"font-size: 1.1em;\">\n<p><strong>Hogyan kapok p\u00e9nzt, ha online nyerek a lott\u00f3n?<\/strong><\/p>\n<p style=\"font-size: 0.85em; margin-top: -1.5em;\">\u00cdgy juthatsz hozz\u00e1 a p\u00e9nzedhez, ha megnyered az online lott\u00f3t \u00a0<a href=\"https:\/\/jackpotlotteryonline.com\/hu\/hogyan-fizetek-ha-nyerek-a-lotton-online\">tov\u00e1bb<\/a><\/p>\n<\/div>\n<\/div>\n<\/section>\n<h2>Tippek, amelyek seg\u00edtenek abban, hogy a Mega Millions jackpotot megnyerje<\/h2>\n<p><img loading=\"lazy\" decoding=\"async\" class=\"size-medium wp-image-29858 alignright\" src=\"http:\/\/jackpotlotteryonline.com\/wp-content\/uploads\/2022\/11\/1_win_euromillions_lottery-300x164.jpg\" alt=\"Mega Millions szelv\u00e9ny online v\u00e1s\u00e1rl\u00e1sa\" width=\"300\" height=\"164\" srcset=\"https:\/\/jackpotlotteryonline.com\/wp-content\/uploads\/2022\/11\/1_win_euromillions_lottery-300x164.jpg 300w, https:\/\/jackpotlotteryonline.com\/wp-content\/uploads\/2022\/11\/1_win_euromillions_lottery.jpg 350w\" sizes=\"auto, (max-width: 300px) 100vw, 300px\" \/>Ha azt tervezi, hogy r\u00e9szt vesz a Mega Millions lott\u00f3n, \u00e9s megnyeri a jackpotot, van n\u00e9h\u00e1ny dolog, amit \u00e9rdemes figyelembe vennie, hogy n\u00f6velje nyer\u00e9si es\u00e9lyeit.<\/p>\n<p>El\u0151sz\u00f6r is, kezd\u00e9sk\u00e9nt gondosan v\u00e1lassza ki a sz\u00e1mokat. Ne v\u00e1lasszon t\u00fal gyakori sz\u00e1mokat; ehelyett fontolja meg, hogy vagy a szerencsesz\u00e1mait haszn\u00e1lja, vagy v\u00e9letlenszer\u0171en v\u00e1lasztja ki a sz\u00e1mokat. \u00dcgyeljen arra, hogy egyenletesen legyenek elosztva, hogy elker\u00fclje, hogy ugyanazokat a sz\u00e1mokat v\u00e1lassza ki, mint a t\u00f6bbi j\u00e1t\u00e9kos.<\/p>\n<p>M\u00e1sodszor, hasonl\u00edtsa \u00f6ssze a legut\u00f3bbi nyertes sz\u00e1mokat, \u00e9s tanulm\u00e1nyozza a sz\u00e1mmint\u00e1kat. Z\u00e1rja ki az \u00d6n \u00e1ltal kiv\u00e1lasztott sz\u00e1mok k\u00f6z\u00fcl azokat a sz\u00e1mokat, amelyeket nemr\u00e9giben h\u00faztak ki.<\/p>\n<p>Tanulm\u00e1nyozza a leggyakoribb nyer\u0151sz\u00e1mok mint\u00e1zat\u00e1t is, \u00e9s jel\u00f6lje meg azokat, amelyekn\u00e9l a legnagyobb a nyer\u00e9si gyakoris\u00e1g. Miut\u00e1n megfigyelte \u0151ket, osszon sz\u00e9t n\u00e9h\u00e1nyat k\u00f6z\u00fcl\u00fck az \u00d6n \u00e1ltal kiv\u00e1lasztott sz\u00e1mok szerint.<\/p>\n<p>V\u00e9g\u00fcl, lehet\u0151s\u00e9ged van a Mega Millions lott\u00f3n szindik\u00e1tusban j\u00e1tszani. Ez olyan, mintha csoportosan v\u00e1s\u00e1rolna szelv\u00e9nyeket, \u00e9s az \u00f6sszes nyerem\u00e9nyt egyenl\u0151en osztj\u00e1k sz\u00e9t a r\u00e9szt vev\u0151 j\u00e1t\u00e9kosok k\u00f6z\u00f6tt. Ez egy nagyszer\u0171 m\u00f3dszer arra, hogy n\u00f6velje a jackpot megnyer\u00e9s\u00e9nek es\u00e9lyeit.<\/p>\n<p>Ha a fenti tippeket figyelembe v\u00e9ve j\u00e1tszik a Mega Millionson, ki tudja? Lehet, hogy te leszel a k\u00f6vetkez\u0151 nyertes, aki megragadja a jackpotot. Pr\u00f3b\u00e1ljon szerencs\u00e9t m\u00e9g ma!<\/p>\n<h2>K\u00f6vetkeztet\u00e9s<\/h2>\n<p>Ha nem az USA-ban lakik, \u00e9s rem\u00e9li, hogy megragadja a Mega Millions jackpotot, akkor a legjobb megold\u00e1s, ha online v\u00e1s\u00e1rol Mega Millions szelv\u00e9nyt. Ezen a lott\u00f3n a vil\u00e1g b\u00e1rmely orsz\u00e1g\u00e1b\u00f3l r\u00e9szt vehet. Sz\u00f3val mire v\u00e1rsz m\u00e9g? V\u00e1s\u00e1rolja meg szelv\u00e9nyeit m\u00e9g ma, \u00e9s legyen es\u00e9lye arra, hogy szerencs\u00e9s jackpotnyertes legyen.<\/p>\n<p>Ha tov\u00e1bbi inform\u00e1ci\u00f3t szeretne kapni err\u0151l a lott\u00f3r\u00f3l, k\u00e9rj\u00fck, l\u00e1togasson el a GYIK oldalunkra, vagy k\u00fcldje el k\u00e9rd\u00e9s\u00e9t, \u00e9s \u00fcgyf\u00e9lszolg\u00e1lati csapatunk v\u00e1laszol a megfelel\u0151 inform\u00e1ci\u00f3kkal. Addig is, a weboldalunkon el\u00e9rhet\u0151 m\u00e1s lott\u00f3j\u00e1t\u00e9kokat is felfedezheti, \u00e9s ha \u00e9rdekli, csak nyomja meg a j\u00e1t\u00e9k gombot, \u00e9s nyerjen m\u00e1s lott\u00f3j\u00e1t\u00e9kokon is.<\/p>\n","protected":false},"excerpt":{"rendered":"<p>Hogyan lehet Mega Millions szelv\u00e9nyt v\u00e1s\u00e1rolni online? Ha ezt olvassa, akkor val\u00f3sz\u00edn\u0171leg Mega Millions szelv\u00e9nyt szeretne v\u00e1s\u00e1rolni. A Mega Millions egyike a sok lott\u00f3j\u00e1t\u00e9knak, amelyek nagy jackpotokat k\u00edn\u00e1lnak a nyerteseknek. Most tal\u00e1n azt k\u00e9rdezi mag\u00e1t\u00f3l, hogy &#8220;Hogyan v\u00e1s\u00e1rolhatok Mega Millions szelv\u00e9nyt online?&#8221;. Nos, mi gondoskodunk r\u00f3la. \u00cdme egy \u00fatmutat\u00f3, amely seg\u00edt \u00d6nnek online Mega Millions [&hellip;]<\/p>\n","protected":false},"author":1,"featured_media":0,"parent":35758,"menu_order":1,"comment_status":"closed","ping_status":"closed","template":"megamillion.php","meta":{"_et_pb_use_builder":"","_et_pb_old_content":"","_et_gb_content_width":"","exclude_from_search":false,"footnotes":""},"class_list":["post-40310","page","type-page","status-publish","hentry"],"yoast_head":"<!-- This site is optimized with the Yoast SEO plugin v23.3 - https:\/\/yoast.com\/wordpress\/plugins\/seo\/ -->\n<title>Mega Millions szelv\u00e9nyek online v\u00e1s\u00e1rl\u00e1sa | Mega Millions szelv\u00e9nyek az Egyes\u00fclt \u00c1llamokon k\u00edv\u00fclr\u0151l<\/title>\n<meta name=\"description\" content=\"Ha nem az Egyes\u00fclt \u00c1llamokban \u00e9l, akkor is v\u00e1s\u00e1rolhat Mega Millions szelv\u00e9nyeket online, itt. Mi val\u00f3di Mega Millions szelv\u00e9nyeket v\u00e1s\u00e1rolunk \u00d6nnek, \u00e9s beolvassuk \u0151ket.\" \/>\n<meta name=\"robots\" content=\"index, follow, max-snippet:-1, max-image-preview:large, max-video-preview:-1\" \/>\n<link rel=\"canonical\" href=\"https:\/\/jackpotlotteryonline.com\/hu\/jegyet-vasarolni\/mega-millions\/\" \/>\n<meta property=\"og:locale\" content=\"hu_HU\" \/>\n<meta property=\"og:type\" content=\"article\" \/>\n<meta property=\"og:title\" content=\"Mega Millions szelv\u00e9nyek online v\u00e1s\u00e1rl\u00e1sa | Mega Millions szelv\u00e9nyek az Egyes\u00fclt \u00c1llamokon k\u00edv\u00fclr\u0151l\" \/>\n<meta property=\"og:description\" content=\"Ha nem az Egyes\u00fclt \u00c1llamokban \u00e9l, akkor is v\u00e1s\u00e1rolhat Mega Millions szelv\u00e9nyeket online, itt. Mi val\u00f3di Mega Millions szelv\u00e9nyeket v\u00e1s\u00e1rolunk \u00d6nnek, \u00e9s beolvassuk \u0151ket.\" \/>\n<meta property=\"og:url\" content=\"https:\/\/jackpotlotteryonline.com\/hu\/jegyet-vasarolni\/mega-millions\/\" \/>\n<meta property=\"og:site_name\" content=\"Lotto Online - Crack The International Lottery Jackpots\" \/>\n<meta property=\"article:modified_time\" content=\"2022-12-19T14:57:25+00:00\" \/>\n<meta property=\"og:image\" content=\"http:\/\/jackpotlotteryonline.com\/wp-content\/uploads\/2022\/11\/logo_Mega_Millions_233x110.png\" \/>\n<meta name=\"twitter:card\" content=\"summary_large_image\" \/>\n<meta name=\"twitter:label1\" content=\"Becs\u00fclt olvas\u00e1si id\u0151\" \/>\n\t<meta name=\"twitter:data1\" content=\"5 perc\" \/>\n<!-- \/ Yoast SEO plugin. -->","yoast_head_json":{"title":"Mega Millions szelv\u00e9nyek online v\u00e1s\u00e1rl\u00e1sa | Mega Millions szelv\u00e9nyek az Egyes\u00fclt \u00c1llamokon k\u00edv\u00fclr\u0151l","description":"Ha nem az Egyes\u00fclt \u00c1llamokban \u00e9l, akkor is v\u00e1s\u00e1rolhat Mega Millions szelv\u00e9nyeket online, itt. Mi val\u00f3di Mega Millions szelv\u00e9nyeket v\u00e1s\u00e1rolunk \u00d6nnek, \u00e9s beolvassuk \u0151ket.","robots":{"index":"index","follow":"follow","max-snippet":"max-snippet:-1","max-image-preview":"max-image-preview:large","max-video-preview":"max-video-preview:-1"},"canonical":"https:\/\/jackpotlotteryonline.com\/hu\/jegyet-vasarolni\/mega-millions\/","og_locale":"hu_HU","og_type":"article","og_title":"Mega Millions szelv\u00e9nyek online v\u00e1s\u00e1rl\u00e1sa | Mega Millions szelv\u00e9nyek az Egyes\u00fclt \u00c1llamokon k\u00edv\u00fclr\u0151l","og_description":"Ha nem az Egyes\u00fclt \u00c1llamokban \u00e9l, akkor is v\u00e1s\u00e1rolhat Mega Millions szelv\u00e9nyeket online, itt. Mi val\u00f3di Mega Millions szelv\u00e9nyeket v\u00e1s\u00e1rolunk \u00d6nnek, \u00e9s beolvassuk \u0151ket.","og_url":"https:\/\/jackpotlotteryonline.com\/hu\/jegyet-vasarolni\/mega-millions\/","og_site_name":"Lotto Online - Crack The International Lottery Jackpots","article_modified_time":"2022-12-19T14:57:25+00:00","og_image":[{"url":"http:\/\/jackpotlotteryonline.com\/wp-content\/uploads\/2022\/11\/logo_Mega_Millions_233x110.png"}],"twitter_card":"summary_large_image","twitter_misc":{"Becs\u00fclt olvas\u00e1si id\u0151":"5 perc"},"schema":{"@context":"https:\/\/schema.org","@graph":[{"@type":"WebPage","@id":"https:\/\/jackpotlotteryonline.com\/hu\/jegyet-vasarolni\/mega-millions\/","url":"https:\/\/jackpotlotteryonline.com\/hu\/jegyet-vasarolni\/mega-millions\/","name":"Mega Millions szelv\u00e9nyek online v\u00e1s\u00e1rl\u00e1sa | Mega Millions szelv\u00e9nyek az Egyes\u00fclt \u00c1llamokon k\u00edv\u00fclr\u0151l","isPartOf":{"@id":"https:\/\/jackpotlotteryonline.com\/#website"},"primaryImageOfPage":{"@id":"https:\/\/jackpotlotteryonline.com\/hu\/jegyet-vasarolni\/mega-millions\/#primaryimage"},"image":{"@id":"https:\/\/jackpotlotteryonline.com\/hu\/jegyet-vasarolni\/mega-millions\/#primaryimage"},"thumbnailUrl":"http:\/\/jackpotlotteryonline.com\/wp-content\/uploads\/2022\/11\/logo_Mega_Millions_233x110.png","datePublished":"2022-12-02T10:21:40+00:00","dateModified":"2022-12-19T14:57:25+00:00","description":"Ha nem az Egyes\u00fclt \u00c1llamokban \u00e9l, akkor is v\u00e1s\u00e1rolhat Mega Millions szelv\u00e9nyeket online, itt. Mi val\u00f3di Mega Millions szelv\u00e9nyeket v\u00e1s\u00e1rolunk \u00d6nnek, \u00e9s beolvassuk \u0151ket.","breadcrumb":{"@id":"https:\/\/jackpotlotteryonline.com\/hu\/jegyet-vasarolni\/mega-millions\/#breadcrumb"},"inLanguage":"hu","potentialAction":[{"@type":"ReadAction","target":["https:\/\/jackpotlotteryonline.com\/hu\/jegyet-vasarolni\/mega-millions\/"]}]},{"@type":"ImageObject","inLanguage":"hu","@id":"https:\/\/jackpotlotteryonline.com\/hu\/jegyet-vasarolni\/mega-millions\/#primaryimage","url":"http:\/\/jackpotlotteryonline.com\/wp-content\/uploads\/2022\/11\/logo_Mega_Millions_233x110.png","contentUrl":"http:\/\/jackpotlotteryonline.com\/wp-content\/uploads\/2022\/11\/logo_Mega_Millions_233x110.png"},{"@type":"BreadcrumbList","@id":"https:\/\/jackpotlotteryonline.com\/hu\/jegyet-vasarolni\/mega-millions\/#breadcrumb","itemListElement":[{"@type":"ListItem","position":1,"name":"Home","item":"https:\/\/jackpotlotteryonline.com\/hu\/"},{"@type":"ListItem","position":2,"name":"Hogyan v\u00e1s\u00e1rolhat lott\u00f3szelv\u00e9nyeket online","item":"https:\/\/jackpotlotteryonline.com\/buy-tickets\/"},{"@type":"ListItem","position":3,"name":"Mega Millions szelv\u00e9nyek"}]},{"@type":"WebSite","@id":"https:\/\/jackpotlotteryonline.com\/#website","url":"https:\/\/jackpotlotteryonline.com\/","name":"Lotto Online - Crack The International Lottery Jackpots","description":"","potentialAction":[{"@type":"SearchAction","target":{"@type":"EntryPoint","urlTemplate":"https:\/\/jackpotlotteryonline.com\/?s={search_term_string}"},"query-input":"required name=search_term_string"}],"inLanguage":"hu"}]}},"_links":{"self":[{"href":"https:\/\/jackpotlotteryonline.com\/hu\/wp-json\/wp\/v2\/pages\/40310","targetHints":{"allow":["GET"]}}],"collection":[{"href":"https:\/\/jackpotlotteryonline.com\/hu\/wp-json\/wp\/v2\/pages"}],"about":[{"href":"https:\/\/jackpotlotteryonline.com\/hu\/wp-json\/wp\/v2\/types\/page"}],"author":[{"embeddable":true,"href":"https:\/\/jackpotlotteryonline.com\/hu\/wp-json\/wp\/v2\/users\/1"}],"replies":[{"embeddable":true,"href":"https:\/\/jackpotlotteryonline.com\/hu\/wp-json\/wp\/v2\/comments?post=40310"}],"version-history":[{"count":0,"href":"https:\/\/jackpotlotteryonline.com\/hu\/wp-json\/wp\/v2\/pages\/40310\/revisions"}],"up":[{"embeddable":true,"href":"https:\/\/jackpotlotteryonline.com\/hu\/wp-json\/wp\/v2\/pages\/35758"}],"wp:attachment":[{"href":"https:\/\/jackpotlotteryonline.com\/hu\/wp-json\/wp\/v2\/media?parent=40310"}],"curies":[{"name":"wp","href":"https:\/\/api.w.org\/{rel}","templated":true}]}}