{"id":40362,"date":"2022-12-02T13:56:48","date_gmt":"2022-12-02T13:56:48","guid":{"rendered":"https:\/\/jackpotlotteryonline.com\/?page_id=40362"},"modified":"2023-01-01T14:12:06","modified_gmt":"2023-01-01T14:12:06","slug":"oz-lotto","status":"publish","type":"page","link":"https:\/\/jackpotlotteryonline.com\/hu\/hogyan-kell-jatszani\/oz-lotto\/","title":{"rendered":"Oz Lotto online j\u00e1t\u00e9k"},"content":{"rendered":"<h2>Az Oz Lotto j\u00e1t\u00e9kr\u00f3l<\/h2>\n<p>Az Oz Lottery egy ausztr\u00e1l lott\u00f3, amelyet 1994-ben vezettek be, \u00e9s amelyet a Tatts group nev\u0171 csoport ir\u00e1ny\u00edt. Az Oz Lotto n\u00e9pszer\u0171s\u00e9ge Ausztr\u00e1li\u00e1ban \u00e9s \u00daj-Z\u00e9landon is n\u0151tt, \u00edgy ez Ausztr\u00e1lia legnagyobb lott\u00f3j\u00e1t\u00e9ka. Az <a href=\"https:\/\/jackpotlotteryonline.com\/hu\/nyeroszamok\/oz-lotto\">Oz Lotto sorsol\u00e1sokat<\/a> minden szerd\u00e1n \u00e9s p\u00e9nteken tartj\u00e1k.<\/p>\n<p>Az al\u00e1bbiakban egy \u00fatmutat\u00f3t tal\u00e1l, amely seg\u00edt az Oz Lotto online j\u00e1t\u00e9k\u00e1ban a vil\u00e1g b\u00e1rmely pontj\u00e1r\u00f3l.<\/p>\n<h2>Hogyan j\u00e1tsszon online Oz Lotto-t<\/h2>\n<p><img loading=\"lazy\" decoding=\"async\" class=\"alignright size-full wp-image-29777\" src=\"http:\/\/jackpotlotteryonline.com\/wp-content\/uploads\/2022\/11\/1_ticket_online_buying.jpg\" alt=\"online j\u00e1tszhatsz az oz lott\u00f3n\" width=\"300\" height=\"203\" \/>Ha egy izgalmas \u00e9s izgalmas lott\u00f3j\u00e1t\u00e9kban szeretne r\u00e9szt venni, akkor az ausztr\u00e1l Oz Lotto-t kell megn\u00e9znie. Concierge szolg\u00e1ltat\u00e1sainkkal lehet\u0151s\u00e9get k\u00edn\u00e1lunk a j\u00e1t\u00e9kosoknak, hogy online j\u00e1tszhassanak nemzetk\u00f6zi lott\u00f3n. Az online Oz Lotto j\u00e1t\u00e9khoz mind\u00f6ssze egy sz\u00e1m\u00edt\u00f3g\u00e9pre \u00e9s internetkapcsolatra van sz\u00fcks\u00e9ge.<\/p>\n<p>Az online Oz Lotto j\u00e1t\u00e9khoz egyszer\u0171en csak h\u00e9t f\u0151 sz\u00e1mot kell kiv\u00e1lasztania az 1-t\u0151l 47-ig terjed\u0151 tartom\u00e1nyb\u00f3l. A sorsol\u00e1s sor\u00e1n tov\u00e1bbi h\u00e1rom, \u00fagynevezett kieg\u00e9sz\u00edt\u0151 sz\u00e1mot v\u00e1lasztanak ki. A sz\u00e1mokat a v\u00e9letlensz\u00e1m-gener\u00e1tor seg\u00edts\u00e9g\u00e9vel vagy k\u00e9zzel is kiv\u00e1laszthatja. Ezut\u00e1n v\u00e1lassza ki a sorsol\u00e1sok sz\u00e1m\u00e1t, amelyeken r\u00e9szt k\u00edv\u00e1n venni. Menjen tov\u00e1bb a p\u00e9nzt\u00e1rhoz, <a href=\"https:\/\/jackpotlotteryonline.com\/hu\/jegyet-vasarolni\/oz-lotto\">fizesse ki a szelv\u00e9nyeit<\/a>, majd v\u00e1rja a sorsol\u00e1st.<\/p>\n<h2>Mik azok a kieg\u00e9sz\u00edt\u0151 sz\u00e1mok, \u00e9s hogyan haszn\u00e1lj\u00e1k \u0151ket?<\/h2>\n<p>A kieg\u00e9sz\u00edt\u0151 sz\u00e1mok &#8220;b\u00f3nuszgoly\u00f3knak&#8221; sz\u00e1m\u00edtanak az Oz Lotto sorsol\u00e1sai sor\u00e1n. A sorsol\u00e1s sor\u00e1n t\u00edz nyer\u0151sz\u00e1mot v\u00e1lasztanak ki v\u00e9letlenszer\u0171en, \u00e9s az els\u0151 h\u00e9t sz\u00e1mot jel\u00f6lik meg a jackpotnyertes f\u0151sz\u00e1mak\u00e9nt. A 2., 4. \u00e9s 7. t\u00e9telt a fennmarad\u00f3 h\u00e1rom &#8220;kieg\u00e9sz\u00edt\u0151 sz\u00e1m&#8221; hat\u00e1rozza meg.<\/p>\n<h2>Az Oz Lotto nyerem\u00e9nyszintjei<\/h2>\n<p>Az ausztr\u00e1l Oz Lotto \u00f6sszesen h\u00e9t nyerem\u00e9nyszintet tartalmaz. Ezek a k\u00f6vetkez\u0151k:<\/p>\n<ul>\n<li>1. szint: Jackpot: h\u00e9t sz\u00e1m tal\u00e1lata.<\/li>\n<li>2. szint: Hat sz\u00e1m+kieg\u00e9sz\u00edt\u0151 sz\u00e1m.<\/li>\n<li>3. szint: Hat sz\u00e1m tal\u00e1lata<\/li>\n<li>4. szint: \u00d6t sz\u00e1m+kieg\u00e9sz\u00edt\u0151 sz\u00e1m.<\/li>\n<li>5. szint: P\u00e1ros\u00edtott \u00f6t sz\u00e1m<\/li>\n<li>6. szint: N\u00e9gy sz\u00e1m p\u00e1ros\u00edtva<\/li>\n<li>7. szint: P\u00e1ros\u00edtott h\u00e1rom sz\u00e1m+ kieg\u00e9sz\u00edt\u0151 sz\u00e1m<\/li>\n<\/ul>\n<h2>Ausztr\u00e1li\u00e1ban kell lennem ahhoz, hogy j\u00e1tszhassak az Oz Lotto j\u00e1t\u00e9kban?<\/h2>\n<p>Nem, nem kell ausztr\u00e1l lakosnak lennie ahhoz, hogy r\u00e9szt vehessen ebben a lott\u00f3j\u00e1t\u00e9kban. Mind\u00f6ssze annyit kell tennie, hogy ell\u00e1togat a jackpotlotteryonline.com weboldalra, hogy beteljes\u00edtse \u00e1lm\u00e1t a nemzetk\u00f6zi lott\u00f3j\u00e1t\u00e9kokr\u00f3l. Lott\u00f3szolg\u00e1ltat\u00e1sokat ny\u00fajtunk \u00fcgyfeleinknek, p\u00e9ld\u00e1ul fizikai szelv\u00e9nyeket v\u00e1s\u00e1rolunk megb\u00edzhat\u00f3 lott\u00f3\u00fcgyn\u00f6keinken kereszt\u00fcl. A fizikai szelv\u00e9nyt biztons\u00e1gosan t\u00e1roljuk, m\u00edg a szkennelt szelv\u00e9nyt felt\u00f6ltj\u00fck a j\u00e1t\u00e9kos sz\u00e1ml\u00e1j\u00e1ra. Mindezt elv\u00e9gezz\u00fck \u00d6n helyett, \u00e9s m\u00e1r csak a sorsol\u00e1s napj\u00e1ra kell v\u00e1rni.<\/p>\n<p>\u00cdgy nem kell agg\u00f3dnia amiatt, hogy nem tud r\u00e9szt venni az Oz Lotto j\u00e1t\u00e9kban. \u00dagy fogsz j\u00e1tszani ezen a lott\u00f3n, mint egy ausztr\u00e1l lakos. Az Oz Lotto j\u00e1t\u00e9k ilyen egyszer\u0171. Pr\u00f3b\u00e1ljon szerencs\u00e9t m\u00e9g ma!<\/p>\n<h2>Az Oz Lotto megnyer\u00e9se<\/h2>\n<p>Az Oz Lotto jackpot nyerem\u00e9ny\u00e9nek megnyer\u00e9s\u00e9hez a j\u00e1t\u00e9kosnak h\u00e9t sz\u00e1mot kell eltal\u00e1lnia az \u00f6sszesen 47 sz\u00e1mb\u00f3l. Ez a jackpot 10 milli\u00f3 doll\u00e1rr\u00f3l indul, \u00e9s gyakran n\u00f6vekszik, am\u00edg meg nem nyerik. A f\u0151 jackpotnyerem\u00e9nyen k\u00edv\u00fcl nyolc kisebb nyerem\u00e9nyoszt\u00e1lyt nyerhetnek azok a j\u00e1t\u00e9kosok, akik az adott sorsol\u00e1son n\u00e9gy vagy \u00f6t sz\u00e1mot helyesen tal\u00e1lnak el.<\/p>\n<section class=\"layout\" style=\"border: solid 1px; width: 100%;\">\n<div class=\"img-div\" style=\"margin-top: 5px;\"><img decoding=\"async\" class=\"wp-image-17212 alignleft\" style=\"height: 45px; margin: 8px 8px 0px;\" src=\"http:\/\/jackpotlotteryonline.com\/wp-content\/uploads\/2022\/11\/read1.jpg\" alt=\"Olvassa el \" width=\"\" height=\"\" \/><\/div>\n<div style=\"padding-left: 5px;\">\n<div style=\"font-size: 1.1em;\">\n<p><strong>T\u00f6rt\u00e9nelmi, rekordot jelent\u0151 lott\u00f3 jackpotok<\/strong><\/p>\n<p style=\"font-size: 0.85em; margin-top: -1.5em;\">A t\u00f6rt\u00e9nelem legnagyobb lott\u00f3 jackpotjai megzavarj\u00e1k a fej\u00e9t\u00a0 <a href=\"https:\/\/jackpotlotteryonline.com\/hu\/a-tortenelem-legnagyobb-lotto-jackpotjai\"> tov\u00e1bb<\/a><\/p>\n<\/div>\n<\/div>\n<\/section>\n<h2>Mekkora az es\u00e9lye annak, hogy megnyerje az ausztr\u00e1l Oz lott\u00f3t?<\/h2>\n<p><img loading=\"lazy\" decoding=\"async\" class=\"alignright wp-image-28697 size-medium\" src=\"http:\/\/jackpotlotteryonline.com\/wp-content\/uploads\/2022\/11\/1_online_lotto_winners-300x200.jpg\" alt=\"j\u00e1tsszon online oz lott\u00f3t\" width=\"300\" height=\"200\" srcset=\"https:\/\/jackpotlotteryonline.com\/wp-content\/uploads\/2022\/11\/1_online_lotto_winners-300x200.jpg 300w, https:\/\/jackpotlotteryonline.com\/wp-content\/uploads\/2022\/11\/1_online_lotto_winners.jpg 320w\" sizes=\"auto, (max-width: 300px) 100vw, 300px\" \/>Az Oz Lotto n\u00e9pszer\u0171s\u00e9gre tett szert, \u00e9s sok j\u00e1t\u00e9kost tett nyertess\u00e9, ami egy\u00fattal el\u00e9g magasra tette a nyer\u00e9si es\u00e9lyeket b\u00e1rmelyik nyerem\u00e9nyoszt\u00e1lyn\u00e1l.<\/p>\n<p>A h\u00e9t sz\u00e1m eltal\u00e1l\u00e1s\u00e1nak \u00e9s a jackpot megnyer\u00e9s\u00e9nek es\u00e9lye 1:62 891 499-hez, ami szinte lehetetlen. De a lott\u00f3j\u00e1t\u00e9kokban az a j\u00f3, hogy a j\u00e1t\u00e9k a szerencs\u00e9n m\u00falik, sosem tudhatod, hogy te leszel-e a nyertes, \u00e9s ez teszi izgalmass\u00e1 a lott\u00f3j\u00e1t\u00e9kokban val\u00f3 r\u00e9szv\u00e9telt.<\/p>\n<p>Az \u00e1ltal\u00e1nos es\u00e9ly arra, hogy a h\u00e9t nyerem\u00e9ny b\u00e1rmelyik\u00e9t megnyerj\u00fck, 1 az 51-hez.<\/p>\n<p>Ha tov\u00e1bbi inform\u00e1ci\u00f3kat szeretne megtudni az Oz Lotto j\u00e1t\u00e9kr\u00f3l, l\u00e1togasson el a GYIK oldalunkra, vagy keresse fel a lott\u00f3 hivatalos weboldal\u00e1t.<\/p>\n<p>Regisztr\u00e1ljon egy fi\u00f3kot m\u00e9g ma, \u00e9s kap egy es\u00e9lyt, hogy r\u00e9szt vegyen ezen a lott\u00f3n a vil\u00e1g b\u00e1rmely pontj\u00e1r\u00f3l.<\/p>\n","protected":false},"excerpt":{"rendered":"<p>Az Oz Lotto j\u00e1t\u00e9kr\u00f3l Az Oz Lottery egy ausztr\u00e1l lott\u00f3, amelyet 1994-ben vezettek be, \u00e9s amelyet a Tatts group nev\u0171 csoport ir\u00e1ny\u00edt. Az Oz Lotto n\u00e9pszer\u0171s\u00e9ge Ausztr\u00e1li\u00e1ban \u00e9s \u00daj-Z\u00e9landon is n\u0151tt, \u00edgy ez Ausztr\u00e1lia legnagyobb lott\u00f3j\u00e1t\u00e9ka. Az Oz Lotto sorsol\u00e1sokat minden szerd\u00e1n \u00e9s p\u00e9nteken tartj\u00e1k. Az al\u00e1bbiakban egy \u00fatmutat\u00f3t tal\u00e1l, amely seg\u00edt az Oz Lotto [&hellip;]<\/p>\n","protected":false},"author":1,"featured_media":0,"parent":35696,"menu_order":16,"comment_status":"closed","ping_status":"closed","template":"","meta":{"_et_pb_use_builder":"","_et_pb_old_content":"","_et_gb_content_width":"","exclude_from_search":false,"footnotes":""},"class_list":["post-40362","page","type-page","status-publish","hentry"],"yoast_head":"<!-- This site is optimized with the Yoast SEO plugin v23.3 - https:\/\/yoast.com\/wordpress\/plugins\/seo\/ -->\n<title>J\u00e1tsszon Oz Lotto online Ausztr\u00e1li\u00e1n k\u00edv\u00fclr\u0151l<\/title>\n<meta name=\"description\" content=\"Most m\u00e1r nem csak akkor j\u00e1tszhatsz online Oz Lotto-t, ha Ausztr\u00e1li\u00e1ban vagy - a vil\u00e1g b\u00e1rmely pontj\u00e1r\u00f3l j\u00e1tszhatsz az Oz lott\u00f3n.\" \/>\n<meta name=\"robots\" content=\"index, follow, max-snippet:-1, max-image-preview:large, max-video-preview:-1\" \/>\n<link rel=\"canonical\" href=\"https:\/\/jackpotlotteryonline.com\/hu\/hogyan-kell-jatszani\/oz-lotto\/\" \/>\n<meta property=\"og:locale\" content=\"hu_HU\" \/>\n<meta property=\"og:type\" content=\"article\" \/>\n<meta property=\"og:title\" content=\"J\u00e1tsszon Oz Lotto online Ausztr\u00e1li\u00e1n k\u00edv\u00fclr\u0151l\" \/>\n<meta property=\"og:description\" content=\"Most m\u00e1r nem csak akkor j\u00e1tszhatsz online Oz Lotto-t, ha Ausztr\u00e1li\u00e1ban vagy - a vil\u00e1g b\u00e1rmely pontj\u00e1r\u00f3l j\u00e1tszhatsz az Oz lott\u00f3n.\" \/>\n<meta property=\"og:url\" content=\"https:\/\/jackpotlotteryonline.com\/hu\/hogyan-kell-jatszani\/oz-lotto\/\" \/>\n<meta property=\"og:site_name\" content=\"Lotto Online - Crack The International Lottery Jackpots\" \/>\n<meta property=\"article:modified_time\" content=\"2023-01-01T14:12:06+00:00\" \/>\n<meta property=\"og:image\" content=\"http:\/\/jackpotlotteryonline.com\/wp-content\/uploads\/2022\/11\/1_ticket_online_buying.jpg\" \/>\n<meta name=\"twitter:card\" content=\"summary_large_image\" \/>\n<meta name=\"twitter:label1\" content=\"Becs\u00fclt olvas\u00e1si id\u0151\" \/>\n\t<meta name=\"twitter:data1\" content=\"4 perc\" \/>\n<!-- \/ Yoast SEO plugin. -->","yoast_head_json":{"title":"J\u00e1tsszon Oz Lotto online Ausztr\u00e1li\u00e1n k\u00edv\u00fclr\u0151l","description":"Most m\u00e1r nem csak akkor j\u00e1tszhatsz online Oz Lotto-t, ha Ausztr\u00e1li\u00e1ban vagy - a vil\u00e1g b\u00e1rmely pontj\u00e1r\u00f3l j\u00e1tszhatsz az Oz lott\u00f3n.","robots":{"index":"index","follow":"follow","max-snippet":"max-snippet:-1","max-image-preview":"max-image-preview:large","max-video-preview":"max-video-preview:-1"},"canonical":"https:\/\/jackpotlotteryonline.com\/hu\/hogyan-kell-jatszani\/oz-lotto\/","og_locale":"hu_HU","og_type":"article","og_title":"J\u00e1tsszon Oz Lotto online Ausztr\u00e1li\u00e1n k\u00edv\u00fclr\u0151l","og_description":"Most m\u00e1r nem csak akkor j\u00e1tszhatsz online Oz Lotto-t, ha Ausztr\u00e1li\u00e1ban vagy - a vil\u00e1g b\u00e1rmely pontj\u00e1r\u00f3l j\u00e1tszhatsz az Oz lott\u00f3n.","og_url":"https:\/\/jackpotlotteryonline.com\/hu\/hogyan-kell-jatszani\/oz-lotto\/","og_site_name":"Lotto Online - Crack The International Lottery Jackpots","article_modified_time":"2023-01-01T14:12:06+00:00","og_image":[{"url":"http:\/\/jackpotlotteryonline.com\/wp-content\/uploads\/2022\/11\/1_ticket_online_buying.jpg"}],"twitter_card":"summary_large_image","twitter_misc":{"Becs\u00fclt olvas\u00e1si id\u0151":"4 perc"},"schema":{"@context":"https:\/\/schema.org","@graph":[{"@type":"WebPage","@id":"https:\/\/jackpotlotteryonline.com\/hu\/hogyan-kell-jatszani\/oz-lotto\/","url":"https:\/\/jackpotlotteryonline.com\/hu\/hogyan-kell-jatszani\/oz-lotto\/","name":"J\u00e1tsszon Oz Lotto online Ausztr\u00e1li\u00e1n k\u00edv\u00fclr\u0151l","isPartOf":{"@id":"https:\/\/jackpotlotteryonline.com\/#website"},"primaryImageOfPage":{"@id":"https:\/\/jackpotlotteryonline.com\/hu\/hogyan-kell-jatszani\/oz-lotto\/#primaryimage"},"image":{"@id":"https:\/\/jackpotlotteryonline.com\/hu\/hogyan-kell-jatszani\/oz-lotto\/#primaryimage"},"thumbnailUrl":"http:\/\/jackpotlotteryonline.com\/wp-content\/uploads\/2022\/11\/1_ticket_online_buying.jpg","datePublished":"2022-12-02T13:56:48+00:00","dateModified":"2023-01-01T14:12:06+00:00","description":"Most m\u00e1r nem csak akkor j\u00e1tszhatsz online Oz Lotto-t, ha Ausztr\u00e1li\u00e1ban vagy - a vil\u00e1g b\u00e1rmely pontj\u00e1r\u00f3l j\u00e1tszhatsz az Oz lott\u00f3n.","breadcrumb":{"@id":"https:\/\/jackpotlotteryonline.com\/hu\/hogyan-kell-jatszani\/oz-lotto\/#breadcrumb"},"inLanguage":"hu","potentialAction":[{"@type":"ReadAction","target":["https:\/\/jackpotlotteryonline.com\/hu\/hogyan-kell-jatszani\/oz-lotto\/"]}]},{"@type":"ImageObject","inLanguage":"hu","@id":"https:\/\/jackpotlotteryonline.com\/hu\/hogyan-kell-jatszani\/oz-lotto\/#primaryimage","url":"http:\/\/jackpotlotteryonline.com\/wp-content\/uploads\/2022\/11\/1_ticket_online_buying.jpg","contentUrl":"http:\/\/jackpotlotteryonline.com\/wp-content\/uploads\/2022\/11\/1_ticket_online_buying.jpg"},{"@type":"BreadcrumbList","@id":"https:\/\/jackpotlotteryonline.com\/hu\/hogyan-kell-jatszani\/oz-lotto\/#breadcrumb","itemListElement":[{"@type":"ListItem","position":1,"name":"Home","item":"https:\/\/jackpotlotteryonline.com\/hu\/"},{"@type":"ListItem","position":2,"name":"Hogyan kell j\u00e1tszani","item":"https:\/\/jackpotlotteryonline.com\/play-online\/"},{"@type":"ListItem","position":3,"name":"Oz Lotto online j\u00e1t\u00e9k"}]},{"@type":"WebSite","@id":"https:\/\/jackpotlotteryonline.com\/#website","url":"https:\/\/jackpotlotteryonline.com\/","name":"Lotto Online - Crack The International Lottery Jackpots","description":"","potentialAction":[{"@type":"SearchAction","target":{"@type":"EntryPoint","urlTemplate":"https:\/\/jackpotlotteryonline.com\/?s={search_term_string}"},"query-input":"required name=search_term_string"}],"inLanguage":"hu"}]}},"_links":{"self":[{"href":"https:\/\/jackpotlotteryonline.com\/hu\/wp-json\/wp\/v2\/pages\/40362","targetHints":{"allow":["GET"]}}],"collection":[{"href":"https:\/\/jackpotlotteryonline.com\/hu\/wp-json\/wp\/v2\/pages"}],"about":[{"href":"https:\/\/jackpotlotteryonline.com\/hu\/wp-json\/wp\/v2\/types\/page"}],"author":[{"embeddable":true,"href":"https:\/\/jackpotlotteryonline.com\/hu\/wp-json\/wp\/v2\/users\/1"}],"replies":[{"embeddable":true,"href":"https:\/\/jackpotlotteryonline.com\/hu\/wp-json\/wp\/v2\/comments?post=40362"}],"version-history":[{"count":0,"href":"https:\/\/jackpotlotteryonline.com\/hu\/wp-json\/wp\/v2\/pages\/40362\/revisions"}],"up":[{"embeddable":true,"href":"https:\/\/jackpotlotteryonline.com\/hu\/wp-json\/wp\/v2\/pages\/35696"}],"wp:attachment":[{"href":"https:\/\/jackpotlotteryonline.com\/hu\/wp-json\/wp\/v2\/media?parent=40362"}],"curies":[{"name":"wp","href":"https:\/\/api.w.org\/{rel}","templated":true}]}}