{"id":40486,"date":"2022-12-05T08:29:12","date_gmt":"2022-12-05T08:29:12","guid":{"rendered":"https:\/\/jackpotlotteryonline.com\/?page_id=40486"},"modified":"2022-12-26T13:51:54","modified_gmt":"2022-12-26T13:51:54","slug":"powerball","status":"publish","type":"page","link":"https:\/\/jackpotlotteryonline.com\/hu\/nyeroszamok\/powerball\/","title":{"rendered":"Powerball sorsol\u00e1s eredm\u00e9nyei"},"content":{"rendered":"<p>A Powerball egy amerikai lott\u00f3j\u00e1t\u00e9k, amely minden id\u0151k egyik legnagyobb jackpotj\u00e1val rendelkezik. Az amerikai Powerball megnyer\u00e9se szinte minden j\u00e1t\u00e9kos v\u00e9gs\u0151 \u00e1lma. A hihetetlen\u00fcl nagy jackpotok miatt, amelyek n\u00e9ha el\u00e9rik az 1 milli\u00e1rd doll\u00e1rt, a j\u00e1t\u00e9kosok vil\u00e1gszerte online v\u00e1s\u00e1rolnak Powerball szelv\u00e9nyeket. Minden j\u00e1t\u00e9kos er\u0151s rem\u00e9nyeket t\u00e1pl\u00e1l a lott\u00f3nyerem\u00e9nyre. A lott\u00f3szelv\u00e9ny megv\u00e1s\u00e1rl\u00e1sa azonban egy dolog, a nyer\u0151sz\u00e1mok ellen\u0151rz\u00e9se pedig egy m\u00e1sik. Ahhoz, hogy megtudja, hogy \u00d6n\u00e9-e a Powerball lott\u00f3 nyer\u0151szelv\u00e9nye, elengedhetetlen a sorsol\u00e1si eredm\u00e9nyek ellen\u0151rz\u00e9se.<\/p>\n<p>Ezen az oldalon megosztjuk \u00d6nnel, hogyan ellen\u0151rizheti a nyertes eredm\u00e9nyeket online. Azt is megmutatjuk, hogyan juthatsz hozz\u00e1 a nyerem\u00e9nyedhez akkor is, ha online j\u00e1t\u00e9kos vagy.<\/p>\n<p>Ne feledje, hogy a jackpotlotteryonline.com oldalon <a href=\"https:\/\/jackpotlotteryonline.com\/hu\/jegyet-vasarolni\/powerball\">v\u00e1s\u00e1rolhat Powerball nyerem\u00e9nyszelv\u00e9nyeket<\/a>, \u00e9s ott egy\u00fattal ellen\u0151rizheti a nyertes sz\u00e1mokat is.<\/p>\n<h2>Mi\u00e9rt olyan n\u00e9pszer\u0171 a Powerball<\/h2>\n<p><img loading=\"lazy\" decoding=\"async\" class=\"alignright size-full wp-image-29588\" src=\"http:\/\/jackpotlotteryonline.com\/wp-content\/uploads\/2022\/11\/1_results_powerball.jpg\" alt=\"Powerball szelv\u00e9nyek egyszer\u0171 megv\u00e1s\u00e1rl\u00e1sa\" width=\"300\" height=\"224\" \/>Sz\u00e1mos oka van annak, hogy a j\u00e1t\u00e9kosok mi\u00e9rt rajonganak a Powerball\u00e9rt. Ez egy amerikai t\u00f6bb \u00e1llamot \u00e9rint\u0151 lott\u00f3, ami azt jelenti, hogy a szelv\u00e9nyeket t\u00f6bb amerikai \u00e1llamban is \u00e1rulj\u00e1k. \u00cdgy azok, akik ezekben az \u00e1llamokban \u00e9lnek, k\u00f6nnyen v\u00e1s\u00e1rolhatnak Powerball szelv\u00e9nyeket. De nem csak az amerikai lott\u00f3rajong\u00f3k v\u00e1s\u00e1rolnak bel\u00e9p\u0151ket a lott\u00f3 megnyer\u00e9s\u00e9nek rem\u00e9ny\u00e9ben. A szerencsej\u00e1t\u00e9kosok szerte a vil\u00e1gon is lelkesen pr\u00f3b\u00e1lnak nyer\u0151 Powerball szelv\u00e9nyeket v\u00e1s\u00e1rolni.<\/p>\n<p>2022 okt\u00f3ber\u00e9ben a Powerball jackpotja el\u00e9rte az 1 milli\u00e1rd doll\u00e1ros rekordot, \u00e9s ezt egyetlen szelv\u00e9ny tulajdonosa nyerte meg. M\u00e1r a gondolat is el\u00e9g, hogy egymilli\u00e1rd doll\u00e1rt nyerhetnek, hogy a j\u00e1t\u00e9kosok mindenhol izgalomba j\u00f6jjenek. Emellett, b\u00e1r a Powerball nyer\u00e9si es\u00e9lyei meglehet\u0151sen magasak, a j\u00e1t\u00e9kosok gyakran megnyerik a jackpotot.<\/p>\n<p>A Powerballnak ism\u00e9t t\u00f6bb kateg\u00f3ri\u00e1ja van szaftos nyerem\u00e9nyekkel. Teh\u00e1t m\u00e9g ha le is maradsz az els\u0151 nyerem\u00e9nyr\u0151l, akkor is nagy nyerem\u00e9nnyel t\u00e9rhetsz haza.<\/p>\n<h2>Powerball online j\u00e1t\u00e9k \u00e9s nyerem\u00e9nyj\u00e1t\u00e9k<\/h2>\n<p>Az <a href=\"https:\/\/jackpotlotteryonline.com\/hu\/hogyan-kell-jatszani\/powerball\">online Powerball j\u00e1t\u00e9kban<\/a> az a j\u00f3, hogy b\u00e1rhonnan gyorsan hozz\u00e1f\u00e9rhetsz ehhez az amerikai lott\u00f3j\u00e1t\u00e9khoz. Ha a jackpotlotteryonline.com oldalon v\u00e1s\u00e1rolja meg a nyer\u0151szelv\u00e9ny\u00e9t, akkor k\u00f6nnyed\u00e9n kiv\u00e1laszthatja a nyer\u0151sz\u00e1mokat. Egyszer\u0171en csak v\u00e1lasszon 5 sz\u00e1mot 1 \u00e9s 69 k\u00f6z\u00f6tt \u00e9s 1 tov\u00e1bbi sz\u00e1mot 1 \u00e9s 26 k\u00f6z\u00f6tt.<\/p>\n<p>Miut\u00e1n kiv\u00e1lasztotta a nyer\u0151sz\u00e1mokat, a k\u00f6vetkez\u0151 l\u00e9p\u00e9s a sorsol\u00e1son val\u00f3 r\u00e9szv\u00e9tel. A Powerball heti h\u00e1rom sorsol\u00e1st tart, kedden, cs\u00fct\u00f6rt\u00f6k\u00f6n \u00e9s vas\u00e1rnap. Megk\u00f6nny\u00edtj\u00fck \u00d6nnek, hogy egyetlen sorsol\u00e1son vagy t\u00f6bb sorsol\u00e1son vegyen r\u00e9szt, att\u00f3l f\u00fcgg\u0151en, hogy mit szeretne. A sorsol\u00e1sokra t\u00f6bb h\u00e9ttel el\u0151re is benevezhet.<\/p>\n<p>A fizet\u00e9s feldolgoz\u00e1sa ut\u00e1n a k\u00f6vetkez\u0151 l\u00e9p\u00e9s a sorsol\u00e1sokra val\u00f3 v\u00e1rakoz\u00e1s. Ekkor fogj\u00e1k kihirdetni a nyer\u0151sz\u00e1mokat, \u00e9s megtudhatja, hogy nyert-e a lott\u00f3n.<\/p>\n<section class=\"layout\" style=\"border: solid 1px; width: 100%;\">\n<div class=\"img-div\" style=\"margin-top: 5px;\"><img decoding=\"async\" class=\"wp-image-17212 alignleft\" style=\"height: 45px; margin: 8px 8px 0px;\" src=\"http:\/\/jackpotlotteryonline.com\/wp-content\/uploads\/2022\/11\/read1.jpg\" alt=\"olvasd el\" width=\"\" height=\"\" \/><\/div>\n<div style=\"padding-left: 5px;\">\n<div style=\"font-size: 1.1em;\">\n<p><strong>T\u00f6rt\u00e9nelmi, rekordot jelent\u0151 lott\u00f3 jackpotok<\/strong><\/p>\n<p style=\"font-size: 0.85em; margin-top: -1.5em;\">A t\u00f6rt\u00e9nelem legnagyobb lott\u00f3 jackpotjai megzavarj\u00e1k a fej\u00e9t\u00a0<a href=\"https:\/\/jackpotlotteryonline.com\/hu\/a-tortenelem-legnagyobb-lotto-jackpotjai\"> tov\u00e1bb<\/a><\/p>\n<\/div>\n<\/div>\n<\/section>\n<h2>A nyertes sz\u00e1mok ellen\u0151rz\u00e9se<\/h2>\n<p><img loading=\"lazy\" decoding=\"async\" class=\"alignright size-full wp-image-30371\" src=\"http:\/\/jackpotlotteryonline.com\/wp-content\/uploads\/2022\/11\/1_winning_numbers_powerball.jpg\" alt=\"Powerball online j\u00e1t\u00e9k\" width=\"300\" height=\"129\" \/>Mivel a Powerballt online j\u00e1tssza, nem tud bes\u00e9t\u00e1lni egy lott\u00f3z\u00f3ba, hogy ellen\u0151rizze, megvan-e a nyertes szelv\u00e9ny. Ez\u00e9rt a legjobb m\u00f3dja ennek az online ellen\u0151rz\u00e9s. Ha vel\u00fcnk j\u00e1tszik, minden sorsol\u00e1s ut\u00e1n visszat\u00e9rhet erre az oldalra, hogy megn\u00e9zze a nyer\u0151sz\u00e1mokat.<\/p>\n<p>De ha nem is n\u00e9z vissza, akkor is megtudhatja, hogy nyert-e valamilyen nyerem\u00e9nyt. Ennek oka, hogy a Powerball szelv\u00e9ny megv\u00e1s\u00e1rl\u00e1s\u00e1hoz regisztr\u00e1lnia kell n\u00e1lunk. Ennek oka az, hogy t\u00e1j\u00e9koztatni tudjuk \u00d6nt, amint nyertes szelv\u00e9nye van. Ha nyertes szelv\u00e9nye van, e-mailben \u00e9rtes\u00edtj\u00fck \u00d6nt. Ez t\u00e9nyleg ilyen egyszer\u0171.<\/p>\n<h2>Nyerem\u00e9ny\u00e9nek bev\u00e1lt\u00e1sa<\/h2>\n<p>A nyerem\u00e9nyed bev\u00e1lt\u00e1sa egy m\u00e1sik szempont, amely az online j\u00e1t\u00e9kosok sz\u00e1m\u00e1ra aggodalomra adhat okot. Ha ugyanis online Powerballt j\u00e1tszik, biztos akar lenni abban, hogy hozz\u00e1f\u00e9rhet a nyerem\u00e9ny\u00e9hez. Ha n\u00e1lunk j\u00e1tszik Powerballt, akkor a nyerem\u00e9nye bev\u00e1lt\u00e1sa egyszer\u0171 dolog. \u00dagy alak\u00edtottuk ki a rendszer\u00fcnket, hogy a nyerem\u00e9nyt ki tudja venni a sz\u00e1ml\u00e1j\u00e1ra.<\/p>\n<p>Ez 2500 eur\u00f3 alatti nyerem\u00e9nyek eset\u00e9n el\u00e9rhet\u0151. Ha enn\u00e9l az \u00f6sszegn\u00e9l t\u00f6bbet nyert, akkor seg\u00edt\u00fcnk \u00d6nnek kit\u00f6lteni egy ig\u00e9nyl\u0151lapot. Ezt kell megtennie ahhoz, hogy nyerem\u00e9ny\u00e9t k\u00f6zvetlen\u00fcl a lott\u00f3t\u00e1rsas\u00e1gt\u00f3l ig\u00e9nyelhesse.<\/p>\n<h2>A Powerball lott\u00f3 megnyer\u00e9se<\/h2>\n<p>A Powerball lott\u00f3 megnyer\u00e9se azt jelenti, hogy olyan szelv\u00e9nye van, amely megfelel a kisorsolt eredm\u00e9nyeknek. Hogy megmutassuk, milyen csod\u00e1latos a Powerball, mutassuk meg, mit nyerhetsz a t\u00f6bbi nyerem\u00e9nyben.<\/p>\n<p>1. r\u00e9szleg: Match 5 + Powerball &#8211; Jackpot<\/p>\n<p>2. r\u00e9szleg: Csak az 5-\u00f6s tal\u00e1lat &#8211; 1 milli\u00f3 doll\u00e1r<\/p>\n<p>3. r\u00e9szleg: 4-es tal\u00e1lat + Powerball &#8211; 50 000 doll\u00e1r<\/p>\n<p>4. r\u00e9szleg: 4. m\u00e9rk\u0151z\u00e9s \u00f6nmag\u00e1ban &#8211; 100 doll\u00e1r<\/p>\n<p>5. r\u00e9szleg: 3. m\u00e9rk\u0151z\u00e9s + Powerball &#8211; 100 doll\u00e1r<\/p>\n<p>6. k\u00f6rzet: 3. m\u00e9rk\u0151z\u00e9s \u00f6nmag\u00e1ban &#8211; 7 doll\u00e1r<\/p>\n<p>7. k\u00f6rzet: 2. m\u00e9rk\u0151z\u00e9s + Powerball &#8211; 7 doll\u00e1r<\/p>\n<p>8. k\u00f6rzet: 1. m\u00e9rk\u0151z\u00e9s + Powerball &#8211; 4 doll\u00e1r<\/p>\n<p>9. \u00e1gazat: Powerball meccs egyed\u00fcl &#8211; 4 doll\u00e1r<\/p>\n<p>A 9 div\u00edzi\u00f3val a lott\u00f3nyerem\u00e9ny izgalmas lehet\u0151s\u00e9g a j\u00e1t\u00e9kosok sz\u00e1m\u00e1ra. Ez azt is jelenti, hogy a nyerem\u00e9ny es\u00e9lye meglehet\u0151sen nagy. Emellett m\u00e9g akkor is j\u00f3 es\u00e9lyed van arra, hogy nagy nyerem\u00e9nnyel t\u00e9rj haza, ha a m\u00e1sodik div\u00edzi\u00f3ban nyersz.<\/p>\n<h2>N\u00e9zze meg a nyertes eredm\u00e9nyeket itt<\/h2>\n<p>Legk\u00f6zelebb, amikor lott\u00f3zni szeretn\u00e9l, ne agg\u00f3dj amiatt, hogy hol ellen\u0151rizd a nyertes eredm\u00e9nyeket. A jackpotlotteryonline.com oldalon megk\u00f6nny\u00edtj\u00fck a nyer\u0151sz\u00e1mok kiv\u00e1laszt\u00e1s\u00e1t \u00e9s a nyertes eredm\u00e9nyek ellen\u0151rz\u00e9s\u00e9t is. V\u00e1s\u00e1rolja meg t\u0151l\u00fcnk a szelv\u00e9ny\u00e9t, \u00e9s mi \u00e9rtes\u00edtj\u00fck, amint megvan a nyertes szelv\u00e9nye.<\/p>\n<p>Ne feledje, hogy a nyerem\u00e9ny\u00e9t oldalunkon k\u00f6zvetlen\u00fcl a sz\u00e1ml\u00e1j\u00e1ra is kiveheti. Ez nagyban megk\u00f6nny\u00edti a lott\u00f3j\u00e1t\u00e9kkal j\u00e1r\u00f3 stresszt. Val\u00f3j\u00e1ban az a feladatunk, hogy z\u00f6kken\u0151mentes \u00e9s probl\u00e9mamentes \u00e9lm\u00e9nyt ny\u00fajtsunk \u00fcgyfeleinknek. \u00cdgy \u00d6n gondtalanul koncentr\u00e1lhat a lott\u00f3nyerem\u00e9nyre.<\/p>\n","protected":false},"excerpt":{"rendered":"<p>A Powerball egy amerikai lott\u00f3j\u00e1t\u00e9k, amely minden id\u0151k egyik legnagyobb jackpotj\u00e1val rendelkezik. Az amerikai Powerball megnyer\u00e9se szinte minden j\u00e1t\u00e9kos v\u00e9gs\u0151 \u00e1lma. A hihetetlen\u00fcl nagy jackpotok miatt, amelyek n\u00e9ha el\u00e9rik az 1 milli\u00e1rd doll\u00e1rt, a j\u00e1t\u00e9kosok vil\u00e1gszerte online v\u00e1s\u00e1rolnak Powerball szelv\u00e9nyeket. Minden j\u00e1t\u00e9kos er\u0151s rem\u00e9nyeket t\u00e1pl\u00e1l a lott\u00f3nyerem\u00e9nyre. A lott\u00f3szelv\u00e9ny megv\u00e1s\u00e1rl\u00e1sa azonban egy dolog, a nyer\u0151sz\u00e1mok [&hellip;]<\/p>\n","protected":false},"author":1,"featured_media":0,"parent":35832,"menu_order":1,"comment_status":"closed","ping_status":"closed","template":"powerball-usa-results.php","meta":{"_et_pb_use_builder":"","_et_pb_old_content":"","_et_gb_content_width":"","exclude_from_search":false,"footnotes":""},"class_list":["post-40486","page","type-page","status-publish","hentry"],"yoast_head":"<!-- This site is optimized with the Yoast SEO plugin v23.3 - https:\/\/yoast.com\/wordpress\/plugins\/seo\/ -->\n<title>Powerball nyer\u0151sz\u00e1mok \u00e9s sorsol\u00e1si eredm\u00e9nyek<\/title>\n<meta name=\"description\" content=\"A Powerball USA legfrissebb sorsol\u00e1si eredm\u00e9nyei \u00e9s nyer\u0151sz\u00e1mai, valamint egy eredm\u00e9nyarch\u00edvum egy weboldalon.\" \/>\n<meta name=\"robots\" content=\"index, follow, max-snippet:-1, max-image-preview:large, max-video-preview:-1\" \/>\n<link rel=\"canonical\" href=\"https:\/\/jackpotlotteryonline.com\/hu\/nyeroszamok\/powerball\/\" \/>\n<meta property=\"og:locale\" content=\"hu_HU\" \/>\n<meta property=\"og:type\" content=\"article\" \/>\n<meta property=\"og:title\" content=\"Powerball nyer\u0151sz\u00e1mok \u00e9s sorsol\u00e1si eredm\u00e9nyek\" \/>\n<meta property=\"og:description\" content=\"A Powerball USA legfrissebb sorsol\u00e1si eredm\u00e9nyei \u00e9s nyer\u0151sz\u00e1mai, valamint egy eredm\u00e9nyarch\u00edvum egy weboldalon.\" \/>\n<meta property=\"og:url\" content=\"https:\/\/jackpotlotteryonline.com\/hu\/nyeroszamok\/powerball\/\" \/>\n<meta property=\"og:site_name\" content=\"Lotto Online - Crack The International Lottery Jackpots\" \/>\n<meta property=\"article:modified_time\" content=\"2022-12-26T13:51:54+00:00\" \/>\n<meta property=\"og:image\" content=\"http:\/\/jackpotlotteryonline.com\/wp-content\/uploads\/2022\/11\/1_results_powerball.jpg\" \/>\n<meta name=\"twitter:card\" content=\"summary_large_image\" \/>\n<meta name=\"twitter:label1\" content=\"Becs\u00fclt olvas\u00e1si id\u0151\" \/>\n\t<meta name=\"twitter:data1\" content=\"4 perc\" \/>\n<!-- \/ Yoast SEO plugin. -->","yoast_head_json":{"title":"Powerball nyer\u0151sz\u00e1mok \u00e9s sorsol\u00e1si eredm\u00e9nyek","description":"A Powerball USA legfrissebb sorsol\u00e1si eredm\u00e9nyei \u00e9s nyer\u0151sz\u00e1mai, valamint egy eredm\u00e9nyarch\u00edvum egy weboldalon.","robots":{"index":"index","follow":"follow","max-snippet":"max-snippet:-1","max-image-preview":"max-image-preview:large","max-video-preview":"max-video-preview:-1"},"canonical":"https:\/\/jackpotlotteryonline.com\/hu\/nyeroszamok\/powerball\/","og_locale":"hu_HU","og_type":"article","og_title":"Powerball nyer\u0151sz\u00e1mok \u00e9s sorsol\u00e1si eredm\u00e9nyek","og_description":"A Powerball USA legfrissebb sorsol\u00e1si eredm\u00e9nyei \u00e9s nyer\u0151sz\u00e1mai, valamint egy eredm\u00e9nyarch\u00edvum egy weboldalon.","og_url":"https:\/\/jackpotlotteryonline.com\/hu\/nyeroszamok\/powerball\/","og_site_name":"Lotto Online - Crack The International Lottery Jackpots","article_modified_time":"2022-12-26T13:51:54+00:00","og_image":[{"url":"http:\/\/jackpotlotteryonline.com\/wp-content\/uploads\/2022\/11\/1_results_powerball.jpg"}],"twitter_card":"summary_large_image","twitter_misc":{"Becs\u00fclt olvas\u00e1si id\u0151":"4 perc"},"schema":{"@context":"https:\/\/schema.org","@graph":[{"@type":"WebPage","@id":"https:\/\/jackpotlotteryonline.com\/hu\/nyeroszamok\/powerball\/","url":"https:\/\/jackpotlotteryonline.com\/hu\/nyeroszamok\/powerball\/","name":"Powerball nyer\u0151sz\u00e1mok \u00e9s sorsol\u00e1si eredm\u00e9nyek","isPartOf":{"@id":"https:\/\/jackpotlotteryonline.com\/#website"},"primaryImageOfPage":{"@id":"https:\/\/jackpotlotteryonline.com\/hu\/nyeroszamok\/powerball\/#primaryimage"},"image":{"@id":"https:\/\/jackpotlotteryonline.com\/hu\/nyeroszamok\/powerball\/#primaryimage"},"thumbnailUrl":"http:\/\/jackpotlotteryonline.com\/wp-content\/uploads\/2022\/11\/1_results_powerball.jpg","datePublished":"2022-12-05T08:29:12+00:00","dateModified":"2022-12-26T13:51:54+00:00","description":"A Powerball USA legfrissebb sorsol\u00e1si eredm\u00e9nyei \u00e9s nyer\u0151sz\u00e1mai, valamint egy eredm\u00e9nyarch\u00edvum egy weboldalon.","breadcrumb":{"@id":"https:\/\/jackpotlotteryonline.com\/hu\/nyeroszamok\/powerball\/#breadcrumb"},"inLanguage":"hu","potentialAction":[{"@type":"ReadAction","target":["https:\/\/jackpotlotteryonline.com\/hu\/nyeroszamok\/powerball\/"]}]},{"@type":"ImageObject","inLanguage":"hu","@id":"https:\/\/jackpotlotteryonline.com\/hu\/nyeroszamok\/powerball\/#primaryimage","url":"http:\/\/jackpotlotteryonline.com\/wp-content\/uploads\/2022\/11\/1_results_powerball.jpg","contentUrl":"http:\/\/jackpotlotteryonline.com\/wp-content\/uploads\/2022\/11\/1_results_powerball.jpg"},{"@type":"BreadcrumbList","@id":"https:\/\/jackpotlotteryonline.com\/hu\/nyeroszamok\/powerball\/#breadcrumb","itemListElement":[{"@type":"ListItem","position":1,"name":"Home","item":"https:\/\/jackpotlotteryonline.com\/hu\/"},{"@type":"ListItem","position":2,"name":"Lott\u00f3 eredm\u00e9nyek","item":"https:\/\/jackpotlotteryonline.com\/hu\/nyeroszamok\/"},{"@type":"ListItem","position":3,"name":"Powerball sorsol\u00e1s eredm\u00e9nyei"}]},{"@type":"WebSite","@id":"https:\/\/jackpotlotteryonline.com\/#website","url":"https:\/\/jackpotlotteryonline.com\/","name":"Lotto Online - Crack The International Lottery Jackpots","description":"","potentialAction":[{"@type":"SearchAction","target":{"@type":"EntryPoint","urlTemplate":"https:\/\/jackpotlotteryonline.com\/?s={search_term_string}"},"query-input":"required name=search_term_string"}],"inLanguage":"hu"}]}},"_links":{"self":[{"href":"https:\/\/jackpotlotteryonline.com\/hu\/wp-json\/wp\/v2\/pages\/40486","targetHints":{"allow":["GET"]}}],"collection":[{"href":"https:\/\/jackpotlotteryonline.com\/hu\/wp-json\/wp\/v2\/pages"}],"about":[{"href":"https:\/\/jackpotlotteryonline.com\/hu\/wp-json\/wp\/v2\/types\/page"}],"author":[{"embeddable":true,"href":"https:\/\/jackpotlotteryonline.com\/hu\/wp-json\/wp\/v2\/users\/1"}],"replies":[{"embeddable":true,"href":"https:\/\/jackpotlotteryonline.com\/hu\/wp-json\/wp\/v2\/comments?post=40486"}],"version-history":[{"count":0,"href":"https:\/\/jackpotlotteryonline.com\/hu\/wp-json\/wp\/v2\/pages\/40486\/revisions"}],"up":[{"embeddable":true,"href":"https:\/\/jackpotlotteryonline.com\/hu\/wp-json\/wp\/v2\/pages\/35832"}],"wp:attachment":[{"href":"https:\/\/jackpotlotteryonline.com\/hu\/wp-json\/wp\/v2\/media?parent=40486"}],"curies":[{"name":"wp","href":"https:\/\/api.w.org\/{rel}","templated":true}]}}