{"id":40538,"date":"2022-12-05T09:59:53","date_gmt":"2022-12-05T09:59:53","guid":{"rendered":"https:\/\/jackpotlotteryonline.com\/?page_id=40538"},"modified":"2022-12-26T19:59:54","modified_gmt":"2022-12-26T19:59:54","slug":"mega-millions","status":"publish","type":"page","link":"https:\/\/jackpotlotteryonline.com\/hu\/nyeroszamok\/mega-millions\/","title":{"rendered":"Mega Millions sorsol\u00e1s eredm\u00e9nyei"},"content":{"rendered":"<p>A Mega Millions a mega jackpotjair\u00f3l ismert, \u00e9s a fogad\u00f3k mindenhol im\u00e1dj\u00e1k a gondolatot, hogy megnyerhetik ezt a lott\u00f3t. A Mega Millions lott\u00f3 megnyer\u00e9se az amerikai \u00e1lom, \u00e9s j\u00e1t\u00e9kosok milli\u00f3i t\u00f6rekszenek erre. Szerencs\u00e9re a vil\u00e1g minden t\u00e1j\u00e1r\u00f3l \u00e9rkez\u0151 j\u00e1t\u00e9kosok most m\u00e1r online szelv\u00e9nyv\u00e1s\u00e1rl\u00e1ssal is es\u00e9lyt kaphatnak a Mega Millions megnyer\u00e9s\u00e9re. Ha k\u00edv\u00e1ncsi volt\u00e1l, hogyan is kell ezt megtenni, akkor van egy csemeg\u00e9nk a sz\u00e1modra.<\/p>\n<p>Ha \u00d6n el\u0151sz\u00f6r j\u00e1tszik (vagy rendszeresen), akkor itt, az oldalunkon<a href=\"https:\/\/jackpotlotteryonline.com\/hu\/jegyet-vasarolni\/mega-millions\"> v\u00e1s\u00e1rolhat jegyet a Mega Millionra<\/a>. Nem csak ez, de itt a jackpotlotteryonline.com-on sz\u00e1mos nemzetk\u00f6zi lott\u00f3j\u00e1t\u00e9k legjobbjainak nyerem\u00e9ny\u00e9re is es\u00e9lyt adunk. Teh\u00e1t, ha szeretn\u00e9 kipr\u00f3b\u00e1lni az ausztr\u00e1l, eur\u00f3pai vagy amerikai lott\u00f3nyerem\u00e9nyeket, akkor maradjon vel\u00fcnk.<\/p>\n<section class=\"layout\" style=\"border: solid 1px; width: 100%;\">\n<div class=\"img-div\" style=\"margin-top: 5px;\"><img decoding=\"async\" class=\"wp-image-17212 alignleft\" style=\"height: 45px; margin: 8px 8px 0px;\" src=\"https:\/\/jackpotlotteryonline.com\/wp-content\/uploads\/2022\/11\/read1.jpg\" alt=\"olvasd el\" width=\"\" height=\"\" \/><\/div>\n<div style=\"padding-left: 5px;\">\n<div style=\"font-size: 1.1em;\">\n<p><strong>Eur\u00f3pai lott\u00f3j\u00e1t\u00e9kok<\/strong><\/p>\n<p style=\"font-size: 0.85em; margin-top: -1.5em;\">Melyik eur\u00f3pai lott\u00f3 a legjobb?\u00a0<a href=\"https:\/\/jackpotlotteryonline.com\/hu\/mely-europai-lottojatekok-a-legjobbak\"> tov\u00e1bb<\/a><\/p>\n<\/div>\n<\/div>\n<\/section>\n<p>Ja, \u00e9s el\u00e1ruljuk, hogyan juthatsz hozz\u00e1 a Mega Millions nyerem\u00e9nyeidhez is. Nincs \u00e9rtelme <a href=\"https:\/\/jackpotlotteryonline.com\/hu\/hogyan-kell-jatszani\/mega-millions\">Mega Millions-t j\u00e1tszani<\/a>, nyerni, \u00e9s nem f\u00e9rhetsz hozz\u00e1 a nyerem\u00e9nyedhez. Sz\u00f3val laz\u00edtson, \u00e9s olvasson tov\u00e1bb, hogy megtudjon mindent, amit a Mega Millions nyer\u0151sz\u00e1mair\u00f3l tudni kell.<\/p>\n<h2>Hogyan kell kiv\u00e1lasztani a Mega Millions nyer\u0151sz\u00e1mokat<\/h2>\n<p><img loading=\"lazy\" decoding=\"async\" class=\"alignright size-full wp-image-31073\" src=\"https:\/\/jackpotlotteryonline.com\/wp-content\/uploads\/2022\/11\/logo_Mega_Millions_233x110.png\" alt=\"Mega Millions szelv\u00e9ny online v\u00e1s\u00e1rl\u00e1sa\" width=\"232\" height=\"110\" \/>Mindenki, aki lott\u00f3szelv\u00e9nyt v\u00e1s\u00e1rol, abban rem\u00e9nykedik, hogy valahogyan, valahogyan meglesz a nyer\u0151 szelv\u00e9ny. Ez term\u00e9szetes emberi \u00f6szt\u00f6n. Tudjuk, hogy az es\u00e9lyek nagyok lehetnek, de valakinek meg kell szereznie a nyer\u0151 szelv\u00e9nyt. \u00c9s ez ak\u00e1r te is lehetsz, nem igaz? De hogyan csin\u00e1lod ezt? Nos, van n\u00e9h\u00e1ny tr\u00fckk, amit a j\u00e1t\u00e9kosok haszn\u00e1lnak a nyer\u0151 sz\u00e1mok kiv\u00e1laszt\u00e1s\u00e1ra.<\/p>\n<p>\u0150szint\u00e9n sz\u00f3lunk, \u00e9s elmondjuk, hogy nincs garant\u00e1lt m\u00f3dja a nyer\u0151 szelv\u00e9ny megszerz\u00e9s\u00e9nek. Ez egy szerencsej\u00e1t\u00e9k, \u00e9s minden j\u00e1t\u00e9kosnak csak ki kell pr\u00f3b\u00e1lnia a szerencs\u00e9j\u00e9t. Ennek ellen\u00e9re vannak m\u00f3dszerek, amelyekkel seg\u00edthetsz magadnak, hogy szerencs\u00e9snek \u00e9rezd magad. Ehhez nagyon fontosak az \u00d6n \u00e1ltal v\u00e1lasztott nyer\u0151sz\u00e1mok.<\/p>\n<p>Alapvet\u0151en \u00fagy v\u00e1laszthatsz nyer\u0151sz\u00e1mokat, hogy szerencs\u00e9s d\u00e1tumokat v\u00e1lasztasz. Vannak, akik a sz\u00fclet\u00e9si d\u00e1tumokat tekintik szerencs\u00e9snek. Azt mondj\u00e1k, hogy egyesek szerencs\u00e9s csillagzat alatt sz\u00fclettek. Ha \u00fagy \u00e9rzed, hogy te is k\u00f6z\u00e9j\u00fck tartozol, akkor \u00e9rdemes a sz\u00fclet\u00e9si d\u00e1tumod eg\u00e9sz\u00e9t vagy egy r\u00e9sz\u00e9t felhaszn\u00e1lnod a lott\u00f3szelv\u00e9nyedhez. Ha nem \u00e9rzi mag\u00e1t olyan szerencs\u00e9snek, akkor haszn\u00e1lja az automatikus gener\u00e1tort a v\u00e9letlenszer\u0171 nyer\u0151sz\u00e1mok kiv\u00e1laszt\u00e1s\u00e1hoz.<\/p>\n<h2>Nyer\u0151 Mega Millions online<\/h2>\n<p>A j\u00e1t\u00e9kszab\u00e1lyok ugyanazok, ak\u00e1r online, ak\u00e1r offline j\u00e1tszol. V\u00e9gigvezetj\u00fck \u00d6nt az online nyer\u0151sz\u00e1mok kiv\u00e1laszt\u00e1s\u00e1nak folyamat\u00e1n. Ha egyszer elsaj\u00e1t\u00edtotta, nem akar majd m\u00e1sk\u00e9pp lott\u00f3zni. Van valami hihetetlen abban, hogy nem kell sehov\u00e1 sem elmenned, hogy megvegye a lott\u00f3szelv\u00e9nyedet. Csak haszn\u00e1lja a sz\u00e1m\u00edt\u00f3g\u00e9p\u00e9t vagy a mobilk\u00e9sz\u00fcl\u00e9k\u00e9t.<\/p>\n<p>El\u0151sz\u00f6r is, a szab\u00e1lyok. A Mega Millions eset\u00e9ben 5 sz\u00e1mot kell kiv\u00e1lasztania 1 \u00e9s 70 k\u00f6z\u00f6tt, valamint egy Mega Ball sz\u00e1mot 1 \u00e9s 25 k\u00f6z\u00f6tt. Miut\u00e1n kiv\u00e1lasztotta a nyer\u0151 kombin\u00e1ci\u00f3t, r\u00e9szt vehet a sorsol\u00e1sokon. A sorsol\u00e1si napok minden h\u00e9ten kedd \u00e9s p\u00e9ntek. Lehet\u0151s\u00e9ge van arra, hogy csak egy sorsol\u00e1son vagy mindkett\u0151n r\u00e9szt vegyen.<\/p>\n<p>A sorsol\u00e1sokra m\u00e1r hetekkel kor\u00e1bban is lehet jelentkezni. Ha a nyer\u0151 kombin\u00e1ci\u00f3t eltal\u00e1lja, nagyot nyer. Miel\u0151tt fizetne a bel\u00e9p\u0151k\u00e9rt, megk\u00e9rj\u00fck, hogy regisztr\u00e1ljon. Ez az\u00e9rt van, hogy k\u00f6nnyebben hozz\u00e1f\u00e9rhessen a nyerem\u00e9ny\u00e9hez, \u00e9s k\u00f6nnyebben ig\u00e9nyelhesse azt. De ezt majd k\u00e9s\u0151bb elmagyar\u00e1zzuk, csak olvasson tov\u00e1bb.<\/p>\n<h2>A nyer\u0151sz\u00e1mok ellen\u0151rz\u00e9se<\/h2>\n<p>A Mega Millions jackpotja 40 milli\u00f3 doll\u00e1rr\u00f3l indul. Ez a garant\u00e1lt minimum, \u00e9s a jackpot nyerem\u00e9ny nem megy ez al\u00e1. Ha a sorsol\u00e1sok ut\u00e1n nem jelenik meg nyer\u0151sz\u00e1m, akkor a jackpot \u00e1tker\u00fcl a k\u00f6vetkez\u0151 sorsol\u00e1sra. Ez addig folytat\u00f3dik, am\u00edg nem tal\u00e1lnak egy nyertes szelv\u00e9nyt.<\/p>\n<p>A Mega Millions lott\u00f3 nyer\u0151sz\u00e1mainak ellen\u0151rz\u00e9s\u00e9hez egyszer\u0171en t\u00e9rjen vissza erre az oldalra minden sorsol\u00e1s ut\u00e1n. Ez ilyen egyszer\u0171. Minden egyes sorsol\u00e1s nyertes eredm\u00e9ny\u00e9t ezen az oldalon tessz\u00fck k\u00f6zz\u00e9, \u00e9s ez a t\u00f6bbi nyerem\u00e9nykateg\u00f3ri\u00e1ra is vonatkozik. Igen, nem csak a jackpot megnyer\u00e9se az egyetlen, amit a Mega Millions lott\u00f3n nyerhetsz.<\/p>\n<p>Ha b\u00e1rmelyik nyerem\u00e9nyt megnyeri, azonnal \u00e9rtes\u00edtj\u00fck \u00d6nt e-mailben, hogy \u00e1tvehesse nyerem\u00e9ny\u00e9t.<\/p>\n<h2>Mega Millions nyerem\u00e9nykateg\u00f3ri\u00e1k<\/h2>\n<p>Ok\u00e9, tudjuk, hogy val\u00f3sz\u00edn\u0171leg k\u00edv\u00e1ncsi vagy arra, hogy m\u00e1s d\u00edjakat is nyerhetsz, amikor ezen a lott\u00f3n j\u00e1tszol. Mindannyian rem\u00e9lj\u00fck, hogy nyerhet\u00fcnk a lott\u00f3n, de ha a csillagokat c\u00e9lozzuk meg, n\u00e9ha az eget tal\u00e1ljuk el. \u00c9s ezek a nyerem\u00e9nyek el\u00e9gg\u00e9 f\u00e9lelmetesek. \u00cdme teh\u00e1t a nyerem\u00e9nyek bont\u00e1sa.<\/p>\n<p>1. r\u00e9szleg: 5 + Mega Ball &#8211; Jackpot<\/p>\n<p>2. r\u00e9szleg: 5 &#8211; 1 000 000 doll\u00e1r<\/p>\n<p>3. div\u00edzi\u00f3: 4 + Mega Ball &#8211; 10.000 doll\u00e1r<\/p>\n<p>4. div\u00edzi\u00f3: 4 &#8211; 500 doll\u00e1r<\/p>\n<p>5. k\u00f6rzet: 3 + Mega Ball &#8211; 200 doll\u00e1r<\/p>\n<p>6. k\u00f6rzet: 3 &#8211; 10 doll\u00e1r<\/p>\n<p>7. k\u00f6rzet: 2 + Mega Ball &#8211; 10 doll\u00e1r<\/p>\n<p>8. k\u00f6rzet: 1 + Mega Ball &#8211; 4 doll\u00e1r<\/p>\n<p>8. k\u00f6rzet: csak Mega Ball &#8211; 2 doll\u00e1r<\/p>\n<p>A m\u00e1sodoszt\u00e1ly\u00fa nyerem\u00e9ny megnyer\u00e9se is el\u00e9g figyelemre m\u00e9lt\u00f3 lenne, nem igaz? Mi is \u00edgy gondoljuk.<\/p>\n<h2>Hogyan ig\u00e9nyelheti nyerem\u00e9ny\u00e9t<\/h2>\n<p><img loading=\"lazy\" decoding=\"async\" class=\"alignright size-full wp-image-19115\" src=\"https:\/\/jackpotlotteryonline.com\/wp-content\/uploads\/2022\/10\/2_ticket_mega_millions3.jpg\" alt=\"mega millions szelv\u00e9ny szkennel\u00e9se\" width=\"180\" height=\"193\" \/>Sz\u00e9p \u00e9s j\u00f3, hogy online lott\u00f3zik, de hogyan veheti \u00e1t a nyerem\u00e9ny\u00e9t? Nos, mi ezt is megoldottuk. Ha a jackpotlotteryonline.com oldalon v\u00e1s\u00e1rolta meg a lott\u00f3szelv\u00e9ny\u00e9t, akkor k\u00f6nnyen hozz\u00e1f\u00e9rhet a nyerem\u00e9ny\u00e9hez. Miut\u00e1n bejelentkezett a fi\u00f3kj\u00e1ba, egyszer\u0171en csak v\u00e1ltsa ki a nyerem\u00e9nyt a platformunkr\u00f3l a bankj\u00e1ba.<\/p>\n<p>Ez a probl\u00e9mamentes folyamat a f\u0151 oka annak, hogy mi\u00e9rt k\u00e9rj\u00fck \u00fcgyfeleinket a regisztr\u00e1ci\u00f3ra. \u00cdgy sokkal k\u00f6nnyebb\u00e9 v\u00e1lik a nyerem\u00e9nye kifizet\u00e9se, f\u00fcggetlen\u00fcl att\u00f3l, hogy hol \u00e9l.<\/p>\n<p>Ne feledje, hogy ez \u00e1ltal\u00e1ban a 2500 eur\u00f3 alatti nyerem\u00e9nyekre vonatkozik. Ha a nyerem\u00e9nye magasabb, mint \u20ac2,500, akkor el\u0151fordulhat, hogy k\u00f6zvetlen\u00fcl a lott\u00f3t\u00e1rsas\u00e1ggal kell kapcsolatba l\u00e9pnie a nyerem\u00e9ny ig\u00e9nyl\u00e9s\u00e9hez. Ez azonban nem jelent probl\u00e9m\u00e1t, mivel mi seg\u00edt\u00fcnk \u00d6nnek az ig\u00e9nyl\u0151lap kit\u00f6lt\u00e9s\u00e9ben.<\/p>\n<h2>Mi\u00e9rt \u00e9rdemes lott\u00f3zni a jackpotlotteryonline.com-on<\/h2>\n<p>Minden, amit a jackpotlotteryonline.com-n\u00e1l tesz\u00fcnk, arra \u00f6sszpontos\u00edt, hogy fantasztikus \u00e9lm\u00e9nyt ny\u00fajtsunk \u00d6nnek, amikor Mega Millions-t j\u00e1tszik. Sok olyan dolog van az \u00e9letben, ami neh\u00e9z, de a lott\u00f3nyer\u00e9s nem tartozhat ezek k\u00f6z\u00e9. Ez\u00e9rt mi gondoskodunk az \u00f6sszes bosszant\u00f3 apr\u00f3 r\u00e9szletr\u0151l, hogy \u00d6n a sz\u00f3rakoz\u00e1sra koncentr\u00e1lhasson, amire csak v\u00e1gyik.<\/p>\n<p>Mi enn\u00e9l is t\u00f6bb, mi egy concierge oldal vagyunk. Ez azt jelenti, hogy es\u00e9lyt adunk \u00fcgyfeleinknek a lott\u00f3nyer\u00e9sre. Nem fogadsz a Mega Millions kimenetel\u00e9re, mint oly sok lott\u00f3oldalon. Mi val\u00f3j\u00e1ban hozz\u00e1f\u00e9r\u00e9st biztos\u00edtunk \u00fcgyfeleinknek a nyer\u0151 nemzetk\u00f6zi lott\u00f3j\u00e1t\u00e9kokhoz, mint p\u00e9ld\u00e1ul a Mega Millions. Amikor szelv\u00e9nyeket v\u00e1s\u00e1rol az oldalunkon, Ha \u00d6nn\u00e9l van a nyertes szelv\u00e9ny, akkor megnyeri a lott\u00f3t.<\/p>\n<p>Megk\u00f6nny\u00edtj\u00fck \u00fcgyfeleink sz\u00e1m\u00e1ra a Mega Millions nyer\u0151sz\u00e1mainak, valamint a sorsol\u00e1s el\u0151zm\u00e9nyeinek ellen\u0151rz\u00e9s\u00e9t. A sorsol\u00e1si el\u0151zm\u00e9nyek ellen\u0151rz\u00e9se seg\u00edt a j\u00e1t\u00e9kosoknak a nyer\u0151 j\u00e1t\u00e9kstrat\u00e9gia kialak\u00edt\u00e1s\u00e1ban. V\u00e9g\u00fcl, a nyerem\u00e9nyhez val\u00f3 hozz\u00e1f\u00e9r\u00e9s olyan egyszer\u0171, mint egy kattint\u00e1s. \u00c9lvezze a Mega Millions lott\u00f3t m\u00e9g ma, ha regisztr\u00e1l n\u00e1lunk.<\/p>\n","protected":false},"excerpt":{"rendered":"<p>A Mega Millions a mega jackpotjair\u00f3l ismert, \u00e9s a fogad\u00f3k mindenhol im\u00e1dj\u00e1k a gondolatot, hogy megnyerhetik ezt a lott\u00f3t. A Mega Millions lott\u00f3 megnyer\u00e9se az amerikai \u00e1lom, \u00e9s j\u00e1t\u00e9kosok milli\u00f3i t\u00f6rekszenek erre. Szerencs\u00e9re a vil\u00e1g minden t\u00e1j\u00e1r\u00f3l \u00e9rkez\u0151 j\u00e1t\u00e9kosok most m\u00e1r online szelv\u00e9nyv\u00e1s\u00e1rl\u00e1ssal is es\u00e9lyt kaphatnak a Mega Millions megnyer\u00e9s\u00e9re. Ha k\u00edv\u00e1ncsi volt\u00e1l, hogyan is [&hellip;]<\/p>\n","protected":false},"author":1,"featured_media":0,"parent":35832,"menu_order":2,"comment_status":"closed","ping_status":"closed","template":"megamillion-results.php","meta":{"_et_pb_use_builder":"","_et_pb_old_content":"","_et_gb_content_width":"","exclude_from_search":false,"footnotes":""},"class_list":["post-40538","page","type-page","status-publish","hentry"],"yoast_head":"<!-- This site is optimized with the Yoast SEO plugin v23.3 - https:\/\/yoast.com\/wordpress\/plugins\/seo\/ -->\n<title>Mega Millions nyer\u0151sz\u00e1mok \u00e9s sorsol\u00e1si eredm\u00e9nyek<\/title>\n<meta name=\"description\" content=\"Az e heti \u00e9s r\u00e9gebbi Mega Millions sorsol\u00e1s eredm\u00e9nyeit \u00e9s nyer\u0151sz\u00e1m\u00e1t itt tal\u00e1lja oldalunkon.\" \/>\n<meta name=\"robots\" content=\"index, follow, max-snippet:-1, max-image-preview:large, max-video-preview:-1\" \/>\n<link rel=\"canonical\" href=\"https:\/\/jackpotlotteryonline.com\/hu\/nyeroszamok\/mega-millions\/\" \/>\n<meta property=\"og:locale\" content=\"hu_HU\" \/>\n<meta property=\"og:type\" content=\"article\" \/>\n<meta property=\"og:title\" content=\"Mega Millions nyer\u0151sz\u00e1mok \u00e9s sorsol\u00e1si eredm\u00e9nyek\" \/>\n<meta property=\"og:description\" content=\"Az e heti \u00e9s r\u00e9gebbi Mega Millions sorsol\u00e1s eredm\u00e9nyeit \u00e9s nyer\u0151sz\u00e1m\u00e1t itt tal\u00e1lja oldalunkon.\" \/>\n<meta property=\"og:url\" content=\"https:\/\/jackpotlotteryonline.com\/hu\/nyeroszamok\/mega-millions\/\" \/>\n<meta property=\"og:site_name\" content=\"Lotto Online - Crack The International Lottery Jackpots\" \/>\n<meta property=\"article:modified_time\" content=\"2022-12-26T19:59:54+00:00\" \/>\n<meta property=\"og:image\" content=\"https:\/\/jackpotlotteryonline.com\/wp-content\/uploads\/2022\/11\/read1.jpg\" \/>\n<meta name=\"twitter:card\" content=\"summary_large_image\" \/>\n<meta name=\"twitter:label1\" content=\"Becs\u00fclt olvas\u00e1si id\u0151\" \/>\n\t<meta name=\"twitter:data1\" content=\"5 perc\" \/>\n<!-- \/ Yoast SEO plugin. -->","yoast_head_json":{"title":"Mega Millions nyer\u0151sz\u00e1mok \u00e9s sorsol\u00e1si eredm\u00e9nyek","description":"Az e heti \u00e9s r\u00e9gebbi Mega Millions sorsol\u00e1s eredm\u00e9nyeit \u00e9s nyer\u0151sz\u00e1m\u00e1t itt tal\u00e1lja oldalunkon.","robots":{"index":"index","follow":"follow","max-snippet":"max-snippet:-1","max-image-preview":"max-image-preview:large","max-video-preview":"max-video-preview:-1"},"canonical":"https:\/\/jackpotlotteryonline.com\/hu\/nyeroszamok\/mega-millions\/","og_locale":"hu_HU","og_type":"article","og_title":"Mega Millions nyer\u0151sz\u00e1mok \u00e9s sorsol\u00e1si eredm\u00e9nyek","og_description":"Az e heti \u00e9s r\u00e9gebbi Mega Millions sorsol\u00e1s eredm\u00e9nyeit \u00e9s nyer\u0151sz\u00e1m\u00e1t itt tal\u00e1lja oldalunkon.","og_url":"https:\/\/jackpotlotteryonline.com\/hu\/nyeroszamok\/mega-millions\/","og_site_name":"Lotto Online - Crack The International Lottery Jackpots","article_modified_time":"2022-12-26T19:59:54+00:00","og_image":[{"url":"https:\/\/jackpotlotteryonline.com\/wp-content\/uploads\/2022\/11\/read1.jpg"}],"twitter_card":"summary_large_image","twitter_misc":{"Becs\u00fclt olvas\u00e1si id\u0151":"5 perc"},"schema":{"@context":"https:\/\/schema.org","@graph":[{"@type":"WebPage","@id":"https:\/\/jackpotlotteryonline.com\/hu\/nyeroszamok\/mega-millions\/","url":"https:\/\/jackpotlotteryonline.com\/hu\/nyeroszamok\/mega-millions\/","name":"Mega Millions nyer\u0151sz\u00e1mok \u00e9s sorsol\u00e1si eredm\u00e9nyek","isPartOf":{"@id":"https:\/\/jackpotlotteryonline.com\/#website"},"primaryImageOfPage":{"@id":"https:\/\/jackpotlotteryonline.com\/hu\/nyeroszamok\/mega-millions\/#primaryimage"},"image":{"@id":"https:\/\/jackpotlotteryonline.com\/hu\/nyeroszamok\/mega-millions\/#primaryimage"},"thumbnailUrl":"https:\/\/jackpotlotteryonline.com\/wp-content\/uploads\/2022\/11\/read1.jpg","datePublished":"2022-12-05T09:59:53+00:00","dateModified":"2022-12-26T19:59:54+00:00","description":"Az e heti \u00e9s r\u00e9gebbi Mega Millions sorsol\u00e1s eredm\u00e9nyeit \u00e9s nyer\u0151sz\u00e1m\u00e1t itt tal\u00e1lja oldalunkon.","breadcrumb":{"@id":"https:\/\/jackpotlotteryonline.com\/hu\/nyeroszamok\/mega-millions\/#breadcrumb"},"inLanguage":"hu","potentialAction":[{"@type":"ReadAction","target":["https:\/\/jackpotlotteryonline.com\/hu\/nyeroszamok\/mega-millions\/"]}]},{"@type":"ImageObject","inLanguage":"hu","@id":"https:\/\/jackpotlotteryonline.com\/hu\/nyeroszamok\/mega-millions\/#primaryimage","url":"https:\/\/jackpotlotteryonline.com\/wp-content\/uploads\/2022\/11\/read1.jpg","contentUrl":"https:\/\/jackpotlotteryonline.com\/wp-content\/uploads\/2022\/11\/read1.jpg"},{"@type":"BreadcrumbList","@id":"https:\/\/jackpotlotteryonline.com\/hu\/nyeroszamok\/mega-millions\/#breadcrumb","itemListElement":[{"@type":"ListItem","position":1,"name":"Home","item":"https:\/\/jackpotlotteryonline.com\/hu\/"},{"@type":"ListItem","position":2,"name":"Lott\u00f3 eredm\u00e9nyek","item":"https:\/\/jackpotlotteryonline.com\/hu\/nyeroszamok\/"},{"@type":"ListItem","position":3,"name":"Mega Millions sorsol\u00e1s eredm\u00e9nyei"}]},{"@type":"WebSite","@id":"https:\/\/jackpotlotteryonline.com\/#website","url":"https:\/\/jackpotlotteryonline.com\/","name":"Lotto Online - Crack The International Lottery Jackpots","description":"","potentialAction":[{"@type":"SearchAction","target":{"@type":"EntryPoint","urlTemplate":"https:\/\/jackpotlotteryonline.com\/?s={search_term_string}"},"query-input":"required name=search_term_string"}],"inLanguage":"hu"}]}},"_links":{"self":[{"href":"https:\/\/jackpotlotteryonline.com\/hu\/wp-json\/wp\/v2\/pages\/40538","targetHints":{"allow":["GET"]}}],"collection":[{"href":"https:\/\/jackpotlotteryonline.com\/hu\/wp-json\/wp\/v2\/pages"}],"about":[{"href":"https:\/\/jackpotlotteryonline.com\/hu\/wp-json\/wp\/v2\/types\/page"}],"author":[{"embeddable":true,"href":"https:\/\/jackpotlotteryonline.com\/hu\/wp-json\/wp\/v2\/users\/1"}],"replies":[{"embeddable":true,"href":"https:\/\/jackpotlotteryonline.com\/hu\/wp-json\/wp\/v2\/comments?post=40538"}],"version-history":[{"count":0,"href":"https:\/\/jackpotlotteryonline.com\/hu\/wp-json\/wp\/v2\/pages\/40538\/revisions"}],"up":[{"embeddable":true,"href":"https:\/\/jackpotlotteryonline.com\/hu\/wp-json\/wp\/v2\/pages\/35832"}],"wp:attachment":[{"href":"https:\/\/jackpotlotteryonline.com\/hu\/wp-json\/wp\/v2\/media?parent=40538"}],"curies":[{"name":"wp","href":"https:\/\/api.w.org\/{rel}","templated":true}]}}