{"id":40592,"date":"2022-12-05T13:09:51","date_gmt":"2022-12-05T13:09:51","guid":{"rendered":"https:\/\/jackpotlotteryonline.com\/?page_id=40592"},"modified":"2022-12-27T08:15:20","modified_gmt":"2022-12-27T08:15:20","slug":"euromillions","status":"publish","type":"page","link":"https:\/\/jackpotlotteryonline.com\/hu\/nyeroszamok\/euromillions\/","title":{"rendered":"Euromillions sorsol\u00e1s eredm\u00e9nyei"},"content":{"rendered":"<p>A lott\u00f3szelv\u00e9nyt v\u00e1s\u00e1rl\u00f3 j\u00e1t\u00e9kosok gyakran agg\u00f3dnak amiatt, hogy lemaradnak a lott\u00f3nyerem\u00e9nyr\u0151l. Ez az\u00e9rt van, mert az emberek figyelmetlenek, \u00e9s a szelv\u00e9nyek elt\u0171nnek; a lott\u00f3szelv\u00e9ny n\u00e9lk\u00fcl nem lehet ig\u00e9nyt tartani a nyerem\u00e9nyre. De ha online lott\u00f3zik, soha nem kell agg\u00f3dnia a hi\u00e1nyz\u00f3 szelv\u00e9nyek miatt, mert minden digit\u00e1lis. A nyer\u0151sz\u00e1mok ellen\u0151rz\u00e9se azonban m\u00e9g mindig probl\u00e9m\u00e1t jelenthet, ha nem tudja, mit kell tennie. \u00c9s ez\u00e9rt vagyunk mi itt.<\/p>\n<p>A jackpotlotteryonline.com oldalon hozz\u00e1f\u00e9r\u00e9st biztos\u00edtunk a j\u00e1t\u00e9kosoknak a legjobb nemzetk\u00f6zi lott\u00f3j\u00e1t\u00e9kokhoz online. Azt is megk\u00f6nny\u00edtj\u00fck, hogy b\u00e1rhonnan megv\u00e1s\u00e1rolhassa a lott\u00f3szelv\u00e9nyeit \u00e9s ellen\u0151rizze az Euromillions nyer\u0151sz\u00e1mait.<\/p>\n<h2>Hogyan lehet megnyerni a jackpotot?<\/h2>\n<p><img loading=\"lazy\" decoding=\"async\" class=\"alignright size-full wp-image-31019\" src=\"https:\/\/jackpotlotteryonline.com\/wp-content\/uploads\/2022\/11\/euromillions.png\" alt=\"Euromillions nyerem\u00e9ny\" width=\"200\" height=\"212\" \/>Ez egy alapvet\u0151 k\u00e9rd\u00e9s, hiszen mindenki, aki lott\u00f3zik, szeretn\u00e9 tudni, mi kell a nyer\u00e9shez. Az egyszer\u0171 v\u00e1lasz az, hogy a lott\u00f3 megnyer\u00e9s\u00e9hez a j\u00e1t\u00e9kosnak csak a kisorsolt sz\u00e1mokkal kell egyeznie. Persze mindannyian tudjuk, hogy ez nem ilyen egyszer\u0171. A lott\u00f3 nagyban f\u00fcgg a szerencs\u00e9t\u0151l.<\/p>\n<p>Az Euromillions eset\u00e9ben a j\u00e1t\u00e9kosnak 5 sz\u00e1mjegyet kell kiv\u00e1lasztania 1 \u00e9s 70 k\u00f6z\u00f6tt, valamint 2 szerencsecsillagot. Aki mind a 7 kih\u00fazott sz\u00e1mjegyet eltal\u00e1lja, az nyeri a lott\u00f3t.<\/p>\n<p>A kor\u00e1bbi kombin\u00e1ci\u00f3kat itt ellen\u0151rizheti, hogy megtudja, milyen sz\u00e1mjegyek fordulnak el\u0151 a legt\u00f6bbsz\u00f6r vagy a legkevesebbszer. Ez seg\u00edthet megtervezni az eur\u00f3pai lott\u00f3 nyer\u0151 strat\u00e9gi\u00e1j\u00e1t.<\/p>\n<h2>Hogyan ellen\u0151rizheti a nyertest<\/h2>\n<p>A lott\u00f3 nyertes\u00e9t t\u00f6bbf\u00e9lek\u00e9ppen is ellen\u0151rizheti online. B\u00e1rmelyik v\u00e9letlenszer\u0171 oldal ellen\u0151rz\u00e9s\u00e9vel azonban az a probl\u00e9ma, hogy nem biztos, hogy pontos inform\u00e1ci\u00f3t kap. Emellett, ha a h\u00edroldalakat ellen\u0151rzi, akkor is csak azt a kombin\u00e1ci\u00f3t tudja meg, amelyik megnyerte a jackpotot.<\/p>\n<p>Az eur\u00f3pai lott\u00f3nak t\u00f6bb nyerem\u00e9nykateg\u00f3ri\u00e1ja van, \u00e9s m\u00e9g ha nem is a f\u0151d\u00edjat nyerte meg, akkor is sz\u00e9p \u00f6sszeggel t\u00e9rhet haza. Ez\u00e9rt fontos, hogy ellen\u0151rizze a szelv\u00e9ny\u00e9t a t\u00f6bbi nyerem\u00e9nyoszt\u00e1lyhoz k\u00e9pest.<\/p>\n<p>Ha a jackpotlotteryonline.com oldalon <a href=\"https:\/\/jackpotlotteryonline.com\/hu\/jegyet-vasarolni\/euromillions\">v\u00e1s\u00e1rolja meg a lott\u00f3szelv\u00e9ny\u00e9t<\/a>, azonnal k\u00fcld\u00fcnk \u00d6nnek egy e-mailt, amint megnyerte a nyerem\u00e9nyt. \u00cdgy nem kell agg\u00f3dnia, hogy elvesz\u00edti a nyerem\u00e9nyeit.<\/p>\n<h2>Hozz\u00e1f\u00e9r\u00e9s a nyerem\u00e9ny\u00e9hez<\/h2>\n<p>Mivel \u00d6n <a href=\"https:\/\/jackpotlotteryonline.com\/hu\/hogyan-kell-jatszani\/euromillions\">online lott\u00f3zik<\/a>, term\u00e9szetes, hogy k\u00edv\u00e1ncsi, mi t\u00f6rt\u00e9nik, ha megnyeri a nyerem\u00e9nyt. Ha vel\u00fcnk j\u00e1tszik, akkor a nyerem\u00e9ny\u00e9hez val\u00f3 hozz\u00e1f\u00e9r\u00e9s olyan egyszer\u0171, mint a szelv\u00e9ny megv\u00e1s\u00e1rl\u00e1sa. Ez alatt azt \u00e9rtj\u00fck, hogy a nyerem\u00e9ny\u00e9t k\u00f6nnyed\u00e9n kiveheti oldalunkon. Semmi gond \u00e9s semmi bonyodalom.<\/p>\n<p>Ha megnyeri a jackpotot vagy egy 2500 eur\u00f3n\u00e1l magasabb \u00f6sszeget, akkor el\u0151fordulhat, hogy ki kell t\u00f6ltenie egy ig\u00e9nyl\u0151lapot. De ne agg\u00f3dj, ez nem egy bonyolult folyamat, \u00e9s mi v\u00e9gigvezet\u00fcnk rajta.<\/p>\n<section class=\"layout\" style=\"border: solid 1px; width: 100%;\">\n<div class=\"img-div\" style=\"margin-top: 5px;\"><img decoding=\"async\" class=\"wp-image-17212 alignleft\" style=\"height: 45px; margin: 8px 8px 0px;\" src=\"https:\/\/jackpotlotteryonline.com\/wp-content\/uploads\/2022\/11\/read1.jpg\" alt=\"olvasd el\" width=\"\" height=\"\" \/><\/div>\n<div style=\"padding-left: 5px;\">\n<div style=\"font-size: 1.1em;\">\n<p><strong>Hogyan kapok p\u00e9nzt, ha online nyerek a lott\u00f3n?<\/strong><\/p>\n<p style=\"font-size: 0.85em; margin-top: -1.5em;\">\u00cdgy juthatsz hozz\u00e1 a p\u00e9nzedhez, ha megnyered az online lott\u00f3t\u00a0 <a href=\"https:\/\/jackpotlotteryonline.com\/hu\/hogyan-fizetek-ha-nyerek-a-lotton-online\"> tov\u00e1bb<\/a><\/p>\n<\/div>\n<\/div>\n<\/section>\n<h2>Ellen\u0151rizze az Euromillions nyer\u0151sz\u00e1mait m\u00e9g ma<\/h2>\n<p>Kem\u00e9nyen dolgoztunk azon, hogy biztons\u00e1gos online k\u00f6rnyezetet teremts\u00fcnk j\u00e1t\u00e9kosaink sz\u00e1m\u00e1ra. Mindent biztos\u00edtunk, amire sz\u00fcks\u00e9ge van a k\u00e9nyelmes lott\u00f3j\u00e1t\u00e9khoz. N\u00e1lunk hozz\u00e1f\u00e9r\u00e9st kap a legjobb nemzetk\u00f6zi lott\u00f3j\u00e1t\u00e9kokhoz, \u00e9s t\u00f6bb sorsol\u00e1sra is benevezhet el\u0151re. Ezen t\u00falmen\u0151en, k\u00f6nnyed\u00e9n ellen\u0151rizheti a sorsol\u00e1sokat itt, \u00e9s kiveheti nyerem\u00e9nyeit.<\/p>\n","protected":false},"excerpt":{"rendered":"<p>A lott\u00f3szelv\u00e9nyt v\u00e1s\u00e1rl\u00f3 j\u00e1t\u00e9kosok gyakran agg\u00f3dnak amiatt, hogy lemaradnak a lott\u00f3nyerem\u00e9nyr\u0151l. Ez az\u00e9rt van, mert az emberek figyelmetlenek, \u00e9s a szelv\u00e9nyek elt\u0171nnek; a lott\u00f3szelv\u00e9ny n\u00e9lk\u00fcl nem lehet ig\u00e9nyt tartani a nyerem\u00e9nyre. De ha online lott\u00f3zik, soha nem kell agg\u00f3dnia a hi\u00e1nyz\u00f3 szelv\u00e9nyek miatt, mert minden digit\u00e1lis. A nyer\u0151sz\u00e1mok ellen\u0151rz\u00e9se azonban m\u00e9g mindig probl\u00e9m\u00e1t jelenthet, ha [&hellip;]<\/p>\n","protected":false},"author":1,"featured_media":0,"parent":35832,"menu_order":3,"comment_status":"closed","ping_status":"closed","template":"euromillions-results.php","meta":{"_et_pb_use_builder":"","_et_pb_old_content":"","_et_gb_content_width":"","exclude_from_search":false,"footnotes":""},"class_list":["post-40592","page","type-page","status-publish","hentry"],"yoast_head":"<!-- This site is optimized with the Yoast SEO plugin v23.3 - https:\/\/yoast.com\/wordpress\/plugins\/seo\/ -->\n<title>Euromillions nyer\u0151sz\u00e1mok \u00e9s sorsol\u00e1si eredm\u00e9nyek<\/title>\n<meta name=\"description\" content=\"Az Euromillions sorsol\u00e1si eredm\u00e9nyei - a legut\u00f3bbi sorsol\u00e1s nyer\u0151sz\u00e1mai, valamint a kor\u00e1bbi eredm\u00e9nyek arch\u00edvuma.\" \/>\n<meta name=\"robots\" content=\"index, follow, max-snippet:-1, max-image-preview:large, max-video-preview:-1\" \/>\n<link rel=\"canonical\" href=\"https:\/\/jackpotlotteryonline.com\/hu\/nyeroszamok\/euromillions\/\" \/>\n<meta property=\"og:locale\" content=\"hu_HU\" \/>\n<meta property=\"og:type\" content=\"article\" \/>\n<meta property=\"og:title\" content=\"Euromillions nyer\u0151sz\u00e1mok \u00e9s sorsol\u00e1si eredm\u00e9nyek\" \/>\n<meta property=\"og:description\" content=\"Az Euromillions sorsol\u00e1si eredm\u00e9nyei - a legut\u00f3bbi sorsol\u00e1s nyer\u0151sz\u00e1mai, valamint a kor\u00e1bbi eredm\u00e9nyek arch\u00edvuma.\" \/>\n<meta property=\"og:url\" content=\"https:\/\/jackpotlotteryonline.com\/hu\/nyeroszamok\/euromillions\/\" \/>\n<meta property=\"og:site_name\" content=\"Lotto Online - Crack The International Lottery Jackpots\" \/>\n<meta property=\"article:modified_time\" content=\"2022-12-27T08:15:20+00:00\" \/>\n<meta property=\"og:image\" content=\"https:\/\/jackpotlotteryonline.com\/wp-content\/uploads\/2022\/11\/euromillions.png\" \/>\n<meta name=\"twitter:card\" content=\"summary_large_image\" \/>\n<meta name=\"twitter:label1\" content=\"Becs\u00fclt olvas\u00e1si id\u0151\" \/>\n\t<meta name=\"twitter:data1\" content=\"3 perc\" \/>\n<!-- \/ Yoast SEO plugin. -->","yoast_head_json":{"title":"Euromillions nyer\u0151sz\u00e1mok \u00e9s sorsol\u00e1si eredm\u00e9nyek","description":"Az Euromillions sorsol\u00e1si eredm\u00e9nyei - a legut\u00f3bbi sorsol\u00e1s nyer\u0151sz\u00e1mai, valamint a kor\u00e1bbi eredm\u00e9nyek arch\u00edvuma.","robots":{"index":"index","follow":"follow","max-snippet":"max-snippet:-1","max-image-preview":"max-image-preview:large","max-video-preview":"max-video-preview:-1"},"canonical":"https:\/\/jackpotlotteryonline.com\/hu\/nyeroszamok\/euromillions\/","og_locale":"hu_HU","og_type":"article","og_title":"Euromillions nyer\u0151sz\u00e1mok \u00e9s sorsol\u00e1si eredm\u00e9nyek","og_description":"Az Euromillions sorsol\u00e1si eredm\u00e9nyei - a legut\u00f3bbi sorsol\u00e1s nyer\u0151sz\u00e1mai, valamint a kor\u00e1bbi eredm\u00e9nyek arch\u00edvuma.","og_url":"https:\/\/jackpotlotteryonline.com\/hu\/nyeroszamok\/euromillions\/","og_site_name":"Lotto Online - Crack The International Lottery Jackpots","article_modified_time":"2022-12-27T08:15:20+00:00","og_image":[{"url":"https:\/\/jackpotlotteryonline.com\/wp-content\/uploads\/2022\/11\/euromillions.png"}],"twitter_card":"summary_large_image","twitter_misc":{"Becs\u00fclt olvas\u00e1si id\u0151":"3 perc"},"schema":{"@context":"https:\/\/schema.org","@graph":[{"@type":"WebPage","@id":"https:\/\/jackpotlotteryonline.com\/hu\/nyeroszamok\/euromillions\/","url":"https:\/\/jackpotlotteryonline.com\/hu\/nyeroszamok\/euromillions\/","name":"Euromillions nyer\u0151sz\u00e1mok \u00e9s sorsol\u00e1si eredm\u00e9nyek","isPartOf":{"@id":"https:\/\/jackpotlotteryonline.com\/#website"},"primaryImageOfPage":{"@id":"https:\/\/jackpotlotteryonline.com\/hu\/nyeroszamok\/euromillions\/#primaryimage"},"image":{"@id":"https:\/\/jackpotlotteryonline.com\/hu\/nyeroszamok\/euromillions\/#primaryimage"},"thumbnailUrl":"https:\/\/jackpotlotteryonline.com\/wp-content\/uploads\/2022\/11\/euromillions.png","datePublished":"2022-12-05T13:09:51+00:00","dateModified":"2022-12-27T08:15:20+00:00","description":"Az Euromillions sorsol\u00e1si eredm\u00e9nyei - a legut\u00f3bbi sorsol\u00e1s nyer\u0151sz\u00e1mai, valamint a kor\u00e1bbi eredm\u00e9nyek arch\u00edvuma.","breadcrumb":{"@id":"https:\/\/jackpotlotteryonline.com\/hu\/nyeroszamok\/euromillions\/#breadcrumb"},"inLanguage":"hu","potentialAction":[{"@type":"ReadAction","target":["https:\/\/jackpotlotteryonline.com\/hu\/nyeroszamok\/euromillions\/"]}]},{"@type":"ImageObject","inLanguage":"hu","@id":"https:\/\/jackpotlotteryonline.com\/hu\/nyeroszamok\/euromillions\/#primaryimage","url":"https:\/\/jackpotlotteryonline.com\/wp-content\/uploads\/2022\/11\/euromillions.png","contentUrl":"https:\/\/jackpotlotteryonline.com\/wp-content\/uploads\/2022\/11\/euromillions.png"},{"@type":"BreadcrumbList","@id":"https:\/\/jackpotlotteryonline.com\/hu\/nyeroszamok\/euromillions\/#breadcrumb","itemListElement":[{"@type":"ListItem","position":1,"name":"Home","item":"https:\/\/jackpotlotteryonline.com\/hu\/"},{"@type":"ListItem","position":2,"name":"Lott\u00f3 eredm\u00e9nyek","item":"https:\/\/jackpotlotteryonline.com\/hu\/nyeroszamok\/"},{"@type":"ListItem","position":3,"name":"Euromillions sorsol\u00e1s eredm\u00e9nyei"}]},{"@type":"WebSite","@id":"https:\/\/jackpotlotteryonline.com\/#website","url":"https:\/\/jackpotlotteryonline.com\/","name":"Lotto Online - Crack The International Lottery Jackpots","description":"","potentialAction":[{"@type":"SearchAction","target":{"@type":"EntryPoint","urlTemplate":"https:\/\/jackpotlotteryonline.com\/?s={search_term_string}"},"query-input":"required name=search_term_string"}],"inLanguage":"hu"}]}},"_links":{"self":[{"href":"https:\/\/jackpotlotteryonline.com\/hu\/wp-json\/wp\/v2\/pages\/40592","targetHints":{"allow":["GET"]}}],"collection":[{"href":"https:\/\/jackpotlotteryonline.com\/hu\/wp-json\/wp\/v2\/pages"}],"about":[{"href":"https:\/\/jackpotlotteryonline.com\/hu\/wp-json\/wp\/v2\/types\/page"}],"author":[{"embeddable":true,"href":"https:\/\/jackpotlotteryonline.com\/hu\/wp-json\/wp\/v2\/users\/1"}],"replies":[{"embeddable":true,"href":"https:\/\/jackpotlotteryonline.com\/hu\/wp-json\/wp\/v2\/comments?post=40592"}],"version-history":[{"count":0,"href":"https:\/\/jackpotlotteryonline.com\/hu\/wp-json\/wp\/v2\/pages\/40592\/revisions"}],"up":[{"embeddable":true,"href":"https:\/\/jackpotlotteryonline.com\/hu\/wp-json\/wp\/v2\/pages\/35832"}],"wp:attachment":[{"href":"https:\/\/jackpotlotteryonline.com\/hu\/wp-json\/wp\/v2\/media?parent=40592"}],"curies":[{"name":"wp","href":"https:\/\/api.w.org\/{rel}","templated":true}]}}