{"id":40666,"date":"2022-12-06T07:07:26","date_gmt":"2022-12-06T07:07:26","guid":{"rendered":"https:\/\/jackpotlotteryonline.com\/?page_id=40666"},"modified":"2022-12-28T08:18:11","modified_gmt":"2022-12-28T08:18:11","slug":"eurojackpot","status":"publish","type":"page","link":"https:\/\/jackpotlotteryonline.com\/hu\/nyeroszamok\/eurojackpot\/","title":{"rendered":"Eurojackpot sorsol\u00e1s eredm\u00e9nyei"},"content":{"rendered":"<p>Hogyan lehet ellen\u0151rizni az Eurojackpot lott\u00f3 nyer\u0151sz\u00e1mait? Eur\u00f3pa egyik legn\u00e9pszer\u0171bb lott\u00f3j\u00e1t\u00e9kak\u00e9nt a fogad\u00f3k mindenhol alig v\u00e1rj\u00e1k, hogy nagyot nyerhessenek. Ha Eur\u00f3p\u00e1n k\u00edv\u00fcl \u00e9lsz, akkor is v\u00e1s\u00e1rolhatsz szelv\u00e9nyt a lott\u00f3ra, \u00e9s online ellen\u0151rizheted a sorsol\u00e1s eredm\u00e9nyeit.<\/p>\n<p>Ha ell\u00e1togat a jackpotlotteryonline.com oldalra, hozz\u00e1f\u00e9r\u00e9st kap a vil\u00e1g legjobb nemzetk\u00f6zi lott\u00f3j\u00e1t\u00e9kaihoz. Egyszer\u0171 \u00e9s k\u00e9nyelmes m\u00f3dot biztos\u00edtunk a lott\u00f3j\u00e1t\u00e9kra \u00e9s a sorsol\u00e1sok ellen\u0151rz\u00e9s\u00e9re egy helyen.<\/p>\n<h2>Mi a nyer\u0151 kombin\u00e1ci\u00f3?<\/h2>\n<p><img loading=\"lazy\" decoding=\"async\" class=\"size-full wp-image-28751 alignright\" src=\"http:\/\/jackpotlotteryonline.com\/wp-content\/uploads\/2022\/11\/1_online_ticket_eurojackpot.jpg\" alt=\"Eurojackpot nyer\u0151 kombin\u00e1ci\u00f3k\" width=\"300\" height=\"210\" \/>A legt\u00f6bb ember az\u00e9rt<a href=\"https:\/\/jackpotlotteryonline.com\/hu\/hogyan-kell-jatszani\/eurojackpot\"> lott\u00f3zik<\/a>, hogy nagyot nyerhessen, \u00e9s a fogad\u00f3k k\u00fcl\u00f6n\u00f6sen szeretik az Eurojackpotot sz\u00e1mos okb\u00f3l. Az egyik ezek k\u00f6z\u00fcl a magas nyer\u00e9si es\u00e9ly. Ez a lott\u00f3 m\u00e1r rengeteg milliomost termelt, mi\u00f3ta elindult.<\/p>\n<p>Alapvet\u0151en az a szelv\u00e9ny nyer, amelyik megegyezik a kisorsolt sz\u00e1mokkal. Ha online j\u00e1tszik, akkor 5 sz\u00e1mjegyet kell kiv\u00e1lasztania 1 \u00e9s 50 k\u00f6z\u00f6tt, \u00e9s 2 m\u00e1sik sz\u00e1mjegyet 1 \u00e9s 12 k\u00f6z\u00f6tt. Aki a h\u00e9t kih\u00fazott sz\u00e1mjegyet eltal\u00e1lja, az nyeri a jackpotot.<\/p>\n<p>A sz\u00e1mok kiv\u00e1laszt\u00e1sakor v\u00e1laszthat olyan sz\u00e1mokat, amelyek k\u00fcl\u00f6nlegesek az \u00d6n sz\u00e1m\u00e1ra, vagy v\u00e9letlenszer\u0171 sz\u00e1mokat. N\u00e9h\u00e1ny j\u00e1t\u00e9kos ink\u00e1bb az automatikus gener\u00e1torunkat haszn\u00e1lja a v\u00e9letlenszer\u0171 kiv\u00e1laszt\u00e1shoz. A l\u00e9nyeg, hogy a sorsol\u00e1sok el\u0151tt szerezd be a szelv\u00e9nyedet.<\/p>\n<h2>Hogyan ellen\u0151rizheti a sorsol\u00e1s eredm\u00e9nyeit<\/h2>\n<p>Ennek az eur\u00f3pai lott\u00f3nak k\u00e9t sorsol\u00e1si napja van, minden h\u00e9ten kedden \u00e9s p\u00e9nteken. A sorsol\u00e1si eredm\u00e9nyeket gyakran \u00e9l\u0151 ad\u00e1sban jelentik be. azonban az \u00e9l\u0151 sorsol\u00e1sok megtekint\u00e9s\u00e9re val\u00f3 v\u00e1rakoz\u00e1s kiss\u00e9 kellemetlen lehet. K\u00fcl\u00f6n\u00f6sen akkor, ha ez \u00fctk\u00f6zik p\u00e9ld\u00e1ul egy fontos rendezv\u00e9nnyel vagy a munk\u00e1j\u00e1val. \u00c9ppen ez\u00e9rt a vel\u00fcnk val\u00f3 lott\u00f3z\u00e1s fantasztikus lehet\u0151s\u00e9g.<\/p>\n<p>Ha vel\u00fcnk j\u00e1tszik, csak vissza kell n\u00e9znie, hogy megtudja a sorsol\u00e1s eredm\u00e9ny\u00e9t. Ennek oka, hogy a sorsol\u00e1s eredm\u00e9nyeit itt, az oldalunkon tessz\u00fck k\u00f6zz\u00e9.<\/p>\n<p>Tov\u00e1bb\u00e1, ha nyerem\u00e9nyt nyer, azonnal \u00e9rtes\u00edtj\u00fck \u00d6nt e-mailben, amint megnyerte a nyerem\u00e9nyt. Amint pedig bejelentkezel a platformunkon l\u00e9v\u0151 fi\u00f3kodba, kapsz egy \u00e9rtes\u00edt\u00e9st. A lott\u00f3j\u00e1t\u00e9k m\u00e9g egyszer\u0171bb \u00e9s k\u00e9nyelmesebb, ha t\u0151l\u00fcnk v\u00e1s\u00e1rolja meg a sorsjegyeit.<\/p>\n<h2>Mit tegyen, ha nyert<\/h2>\n<p>Im\u00e1djuk, amikor \u00fcgyfeleink nyernek a lott\u00f3n, mert els\u0151sorban ez\u00e9rt vagyunk itt. Hogy a j\u00e1t\u00e9kosok mindenhol hozz\u00e1f\u00e9rjenek a legjobb nemzetk\u00f6zi lott\u00f3j\u00e1t\u00e9kokhoz a sz\u00e1m\u00edt\u00f3g\u00e9p\u00fck vagy mobilk\u00e9sz\u00fcl\u00e9k\u00fck k\u00e9nyelm\u00e9b\u0151l.<\/p>\n<p>Teh\u00e1t, ha nyerem\u00e9nyt nyer, nem csak \u00e9rtes\u00edtj\u00fck, de a nyerem\u00e9ny\u00e9t k\u00f6nnyed\u00e9n kiveheti a platformunkon. \u00cdgy van. Nem kell sehova sem menned, hogy hozz\u00e1f\u00e9rj a lott\u00f3nyerem\u00e9nyedhez, csak vedd ki egyenesen a sz\u00e1ml\u00e1dra.<\/p>\n<p>B\u00e1r meg kell eml\u00edten\u00fcnk, hogy ha egy bizonyos \u00f6sszeg felett van, akkor lehet, hogy ki kell t\u00f6ltenie egy ig\u00e9nyl\u0151lapot. Ez az\u00e9rt van, hogy a nyerem\u00e9nyt megkapja a lott\u00f3t\u00e1rsas\u00e1gt\u00f3l. De mi az\u00e9rt vagyunk itt, hogy seg\u00edts\u00fcnk \u00d6nnek, \u00e9s a lehet\u0151 legegyszer\u0171bb\u00e9 \u00e9s legegyszer\u0171bb\u00e9 tegy\u00fck a folyamatot.<\/p>\n<section class=\"layout\" style=\"border: solid 1px; width: 100%;\">\n<div class=\"img-div\" style=\"margin-top: 5px;\"><img decoding=\"async\" class=\"wp-image-17212 alignleft\" style=\"height: 45px; margin: 8px 8px 0px;\" src=\"http:\/\/jackpotlotteryonline.com\/wp-content\/uploads\/2022\/11\/read1.jpg\" alt=\"olvasd el\" width=\"\" height=\"\" \/><\/div>\n<div style=\"padding-left: 5px;\">\n<div style=\"font-size: 1.1em;\">\n<p><strong>Hogyan kapok p\u00e9nzt, ha online nyerek a lott\u00f3n?<\/strong><\/p>\n<p style=\"font-size: 0.85em; margin-top: -1.5em;\">\u00cdgy juthatsz hozz\u00e1 a p\u00e9nzedhez, ha megnyered az online lott\u00f3t\u00a0 <a href=\"https:\/\/jackpotlotteryonline.com\/hu\/hogyan-fizetek-ha-nyerek-a-lotton-online\"> tov\u00e1bb<\/a><\/p>\n<\/div>\n<\/div>\n<\/section>\n<h2>Ellen\u0151rizze az Eurojackpot nyer\u0151sz\u00e1mait itt<\/h2>\n<p><a href=\"https:\/\/jackpotlotteryonline.com\/hu\/jegyet-vasarolni\/eurojackpot\">V\u00e1s\u00e1rolja meg lott\u00f3szelv\u00e9nyeit<\/a>, vegyen r\u00e9szt a sorsol\u00e1sokon \u00e9s ellen\u0151rizze a sorsol\u00e1s eredm\u00e9nyeit, mindezt egyetlen webhelyr\u0151l. L\u00e1togasson el a jackpotlotteryonline.com oldalra m\u00e9g ma.<\/p>\n","protected":false},"excerpt":{"rendered":"<p>Hogyan lehet ellen\u0151rizni az Eurojackpot lott\u00f3 nyer\u0151sz\u00e1mait? Eur\u00f3pa egyik legn\u00e9pszer\u0171bb lott\u00f3j\u00e1t\u00e9kak\u00e9nt a fogad\u00f3k mindenhol alig v\u00e1rj\u00e1k, hogy nagyot nyerhessenek. Ha Eur\u00f3p\u00e1n k\u00edv\u00fcl \u00e9lsz, akkor is v\u00e1s\u00e1rolhatsz szelv\u00e9nyt a lott\u00f3ra, \u00e9s online ellen\u0151rizheted a sorsol\u00e1s eredm\u00e9nyeit. Ha ell\u00e1togat a jackpotlotteryonline.com oldalra, hozz\u00e1f\u00e9r\u00e9st kap a vil\u00e1g legjobb nemzetk\u00f6zi lott\u00f3j\u00e1t\u00e9kaihoz. Egyszer\u0171 \u00e9s k\u00e9nyelmes m\u00f3dot biztos\u00edtunk a lott\u00f3j\u00e1t\u00e9kra \u00e9s [&hellip;]<\/p>\n","protected":false},"author":1,"featured_media":0,"parent":35832,"menu_order":4,"comment_status":"closed","ping_status":"closed","template":"eurojackpot-results.php","meta":{"_et_pb_use_builder":"","_et_pb_old_content":"","_et_gb_content_width":"","exclude_from_search":false,"footnotes":""},"class_list":["post-40666","page","type-page","status-publish","hentry"],"yoast_head":"<!-- This site is optimized with the Yoast SEO plugin v23.3 - https:\/\/yoast.com\/wordpress\/plugins\/seo\/ -->\n<title>Eurojackpot nyer\u0151sz\u00e1mok \u00e9s sorsol\u00e1si eredm\u00e9nyek<\/title>\n<meta name=\"description\" content=\"Szeretn\u00e9 tudni az Eurojackpot nyer\u0151sz\u00e1mait? N\u00e9zze meg az Eurojackpot \u00e9s sok m\u00e1s lott\u00f3 \u00f6sszes sorsol\u00e1si eredm\u00e9ny\u00e9t itt!\" \/>\n<meta name=\"robots\" content=\"index, follow, max-snippet:-1, max-image-preview:large, max-video-preview:-1\" \/>\n<link rel=\"canonical\" href=\"https:\/\/jackpotlotteryonline.com\/hu\/nyeroszamok\/eurojackpot\/\" \/>\n<meta property=\"og:locale\" content=\"hu_HU\" \/>\n<meta property=\"og:type\" content=\"article\" \/>\n<meta property=\"og:title\" content=\"Eurojackpot nyer\u0151sz\u00e1mok \u00e9s sorsol\u00e1si eredm\u00e9nyek\" \/>\n<meta property=\"og:description\" content=\"Szeretn\u00e9 tudni az Eurojackpot nyer\u0151sz\u00e1mait? N\u00e9zze meg az Eurojackpot \u00e9s sok m\u00e1s lott\u00f3 \u00f6sszes sorsol\u00e1si eredm\u00e9ny\u00e9t itt!\" \/>\n<meta property=\"og:url\" content=\"https:\/\/jackpotlotteryonline.com\/hu\/nyeroszamok\/eurojackpot\/\" \/>\n<meta property=\"og:site_name\" content=\"Lotto Online - Crack The International Lottery Jackpots\" \/>\n<meta property=\"article:modified_time\" content=\"2022-12-28T08:18:11+00:00\" \/>\n<meta property=\"og:image\" content=\"http:\/\/jackpotlotteryonline.com\/wp-content\/uploads\/2022\/11\/1_online_ticket_eurojackpot.jpg\" \/>\n<meta name=\"twitter:card\" content=\"summary_large_image\" \/>\n<meta name=\"twitter:label1\" content=\"Becs\u00fclt olvas\u00e1si id\u0151\" \/>\n\t<meta name=\"twitter:data1\" content=\"3 perc\" \/>\n<!-- \/ Yoast SEO plugin. -->","yoast_head_json":{"title":"Eurojackpot nyer\u0151sz\u00e1mok \u00e9s sorsol\u00e1si eredm\u00e9nyek","description":"Szeretn\u00e9 tudni az Eurojackpot nyer\u0151sz\u00e1mait? N\u00e9zze meg az Eurojackpot \u00e9s sok m\u00e1s lott\u00f3 \u00f6sszes sorsol\u00e1si eredm\u00e9ny\u00e9t itt!","robots":{"index":"index","follow":"follow","max-snippet":"max-snippet:-1","max-image-preview":"max-image-preview:large","max-video-preview":"max-video-preview:-1"},"canonical":"https:\/\/jackpotlotteryonline.com\/hu\/nyeroszamok\/eurojackpot\/","og_locale":"hu_HU","og_type":"article","og_title":"Eurojackpot nyer\u0151sz\u00e1mok \u00e9s sorsol\u00e1si eredm\u00e9nyek","og_description":"Szeretn\u00e9 tudni az Eurojackpot nyer\u0151sz\u00e1mait? N\u00e9zze meg az Eurojackpot \u00e9s sok m\u00e1s lott\u00f3 \u00f6sszes sorsol\u00e1si eredm\u00e9ny\u00e9t itt!","og_url":"https:\/\/jackpotlotteryonline.com\/hu\/nyeroszamok\/eurojackpot\/","og_site_name":"Lotto Online - Crack The International Lottery Jackpots","article_modified_time":"2022-12-28T08:18:11+00:00","og_image":[{"url":"http:\/\/jackpotlotteryonline.com\/wp-content\/uploads\/2022\/11\/1_online_ticket_eurojackpot.jpg"}],"twitter_card":"summary_large_image","twitter_misc":{"Becs\u00fclt olvas\u00e1si id\u0151":"3 perc"},"schema":{"@context":"https:\/\/schema.org","@graph":[{"@type":"WebPage","@id":"https:\/\/jackpotlotteryonline.com\/hu\/nyeroszamok\/eurojackpot\/","url":"https:\/\/jackpotlotteryonline.com\/hu\/nyeroszamok\/eurojackpot\/","name":"Eurojackpot nyer\u0151sz\u00e1mok \u00e9s sorsol\u00e1si eredm\u00e9nyek","isPartOf":{"@id":"https:\/\/jackpotlotteryonline.com\/#website"},"primaryImageOfPage":{"@id":"https:\/\/jackpotlotteryonline.com\/hu\/nyeroszamok\/eurojackpot\/#primaryimage"},"image":{"@id":"https:\/\/jackpotlotteryonline.com\/hu\/nyeroszamok\/eurojackpot\/#primaryimage"},"thumbnailUrl":"http:\/\/jackpotlotteryonline.com\/wp-content\/uploads\/2022\/11\/1_online_ticket_eurojackpot.jpg","datePublished":"2022-12-06T07:07:26+00:00","dateModified":"2022-12-28T08:18:11+00:00","description":"Szeretn\u00e9 tudni az Eurojackpot nyer\u0151sz\u00e1mait? N\u00e9zze meg az Eurojackpot \u00e9s sok m\u00e1s lott\u00f3 \u00f6sszes sorsol\u00e1si eredm\u00e9ny\u00e9t itt!","breadcrumb":{"@id":"https:\/\/jackpotlotteryonline.com\/hu\/nyeroszamok\/eurojackpot\/#breadcrumb"},"inLanguage":"hu","potentialAction":[{"@type":"ReadAction","target":["https:\/\/jackpotlotteryonline.com\/hu\/nyeroszamok\/eurojackpot\/"]}]},{"@type":"ImageObject","inLanguage":"hu","@id":"https:\/\/jackpotlotteryonline.com\/hu\/nyeroszamok\/eurojackpot\/#primaryimage","url":"http:\/\/jackpotlotteryonline.com\/wp-content\/uploads\/2022\/11\/1_online_ticket_eurojackpot.jpg","contentUrl":"http:\/\/jackpotlotteryonline.com\/wp-content\/uploads\/2022\/11\/1_online_ticket_eurojackpot.jpg"},{"@type":"BreadcrumbList","@id":"https:\/\/jackpotlotteryonline.com\/hu\/nyeroszamok\/eurojackpot\/#breadcrumb","itemListElement":[{"@type":"ListItem","position":1,"name":"Home","item":"https:\/\/jackpotlotteryonline.com\/hu\/"},{"@type":"ListItem","position":2,"name":"Lott\u00f3 eredm\u00e9nyek","item":"https:\/\/jackpotlotteryonline.com\/hu\/nyeroszamok\/"},{"@type":"ListItem","position":3,"name":"Eurojackpot sorsol\u00e1s eredm\u00e9nyei"}]},{"@type":"WebSite","@id":"https:\/\/jackpotlotteryonline.com\/#website","url":"https:\/\/jackpotlotteryonline.com\/","name":"Lotto Online - Crack The International Lottery Jackpots","description":"","potentialAction":[{"@type":"SearchAction","target":{"@type":"EntryPoint","urlTemplate":"https:\/\/jackpotlotteryonline.com\/?s={search_term_string}"},"query-input":"required name=search_term_string"}],"inLanguage":"hu"}]}},"_links":{"self":[{"href":"https:\/\/jackpotlotteryonline.com\/hu\/wp-json\/wp\/v2\/pages\/40666","targetHints":{"allow":["GET"]}}],"collection":[{"href":"https:\/\/jackpotlotteryonline.com\/hu\/wp-json\/wp\/v2\/pages"}],"about":[{"href":"https:\/\/jackpotlotteryonline.com\/hu\/wp-json\/wp\/v2\/types\/page"}],"author":[{"embeddable":true,"href":"https:\/\/jackpotlotteryonline.com\/hu\/wp-json\/wp\/v2\/users\/1"}],"replies":[{"embeddable":true,"href":"https:\/\/jackpotlotteryonline.com\/hu\/wp-json\/wp\/v2\/comments?post=40666"}],"version-history":[{"count":0,"href":"https:\/\/jackpotlotteryonline.com\/hu\/wp-json\/wp\/v2\/pages\/40666\/revisions"}],"up":[{"embeddable":true,"href":"https:\/\/jackpotlotteryonline.com\/hu\/wp-json\/wp\/v2\/pages\/35832"}],"wp:attachment":[{"href":"https:\/\/jackpotlotteryonline.com\/hu\/wp-json\/wp\/v2\/media?parent=40666"}],"curies":[{"name":"wp","href":"https:\/\/api.w.org\/{rel}","templated":true}]}}