{"id":40716,"date":"2022-12-06T08:28:58","date_gmt":"2022-12-06T08:28:58","guid":{"rendered":"https:\/\/jackpotlotteryonline.com\/?page_id=40716"},"modified":"2022-12-27T09:53:49","modified_gmt":"2022-12-27T09:53:49","slug":"superenalotto","status":"publish","type":"page","link":"https:\/\/jackpotlotteryonline.com\/hu\/nyeroszamok\/superenalotto\/","title":{"rendered":"Superenalotto sorsol\u00e1s eredm\u00e9nyei"},"content":{"rendered":"<p>A Superenalotto Olaszorsz\u00e1g nemzeti lott\u00f3j\u00e1t\u00e9ka, \u00e9s n\u00e9pszer\u0171 lott\u00f3 az orsz\u00e1g fogad\u00f3i k\u00f6r\u00e9ben. Ha Olaszorsz\u00e1gon k\u00edv\u00fclr\u0151l j\u00e1tszik, \u00e9rdemes kital\u00e1lni, hogyan ellen\u0151rizheti a nyer\u0151sz\u00e1mokat. Olvasson tov\u00e1bb, hogy t\u00f6bbet megtudjon.<\/p>\n<h2>A Superenalotto online j\u00e1t\u00e9k\u00e1nak l\u00e9p\u00e9sei<\/h2>\n<p><a href=\"https:\/\/jackpotlotteryonline.com\/hu\/hogyan-kell-jatszani\/superenalotto\">A Superenalotto online j\u00e1t\u00e9ka<\/a> olyan, mint az offline j\u00e1t\u00e9k, de nagyobb k\u00e9nyelemmel \u00e9s k\u00f6nnyeds\u00e9ggel. Amint a jackpotlotteryoneline.com oldalon megnyitja a Superenalotto oldalt, 6 sz\u00e1mot v\u00e1laszthat 1-t\u0151l 90-ig. Ezut\u00e1n v\u00e1lassza ki a sorsol\u00e1sok sz\u00e1m\u00e1t, amelyeken r\u00e9szt k\u00edv\u00e1n venni, \u00e9s ak\u00e1r 5 h\u00e9ttel el\u0151re is benevezhet. Min\u00e9l t\u00f6bb sorsol\u00e1son vesz r\u00e9szt, ann\u00e1l nagyobb az es\u00e9lye a nyer\u00e9sre.<\/p>\n<p>A Superenalotto heti h\u00e1rom sorsol\u00e1st tart keddenk\u00e9nt, cs\u00fct\u00f6rt\u00f6k\u00f6nk\u00e9nt \u00e9s szombatonk\u00e9nt. Teh\u00e1t ak\u00e1r az egyikre, ak\u00e1r az \u00f6sszesre is benevezhet. Kiv\u00e1laszthat egy Szuperszt\u00e1r-sz\u00e1mot, hogy n\u00f6velje a nyer\u00e9si es\u00e9lyeit a lott\u00f3n. Emellett l\u00e9tezik a &#8220;Jolly-sz\u00e1m&#8221; is, amely 1-t\u0151l 90-ig terjed, \u00e9s amely alapj\u00e1n a m\u00e1sodoszt\u00e1ly gy\u0151ztes\u00e9t hat\u00e1rozz\u00e1k meg.<\/p>\n<h2>Hogyan ellen\u0151rizheti a nyer\u0151sz\u00e1mokat<\/h2>\n<p><img loading=\"lazy\" decoding=\"async\" class=\"alignright size-full wp-image-31316\" src=\"http:\/\/jackpotlotteryonline.com\/wp-content\/uploads\/2022\/11\/logo_superenalotto.png\" alt=\"Superenalotto sorsol\u00e1s eredm\u00e9nyei\" width=\"200\" height=\"212\" \/>K\u00fcl\u00f6nb\u00f6z\u0151 m\u00f3dokon ellen\u0151rizheted a nyer\u0151sz\u00e1mokat, amikor szuperlott\u00f3t j\u00e1tszol. N\u00e9zheted ugyan az \u00e9l\u0151 sorsol\u00e1sokat a t\u00e9v\u00e9ben, de ez csak akkor lehets\u00e9ges, ha Olaszorsz\u00e1gban \u00e9lsz \u00e9s besz\u00e9lsz olaszul. Szerencs\u00e9re a sorsol\u00e1sok ut\u00e1n online is ellen\u0151rizheti a nyer\u0151sz\u00e1mokat. A legt\u00f6bb h\u00edroldal k\u00f6zz\u00e9teszi a sorsol\u00e1s eredm\u00e9nyeit.<\/p>\n<p>Ezzel azonban van n\u00e9h\u00e1ny probl\u00e9ma. El\u0151sz\u00f6r is, k\u00f6nnyen el\u0151fordulhat, hogy elfelejti ellen\u0151rizni a sorsol\u00e1s eredm\u00e9nyeit. Vannak t\u00f6rt\u00e9netek olyan jackpotnyerem\u00e9nyekr\u0151l, amelyek nem ker\u00fcltek leh\u00edv\u00e1sra, val\u00f3sz\u00edn\u0171leg az\u00e9rt, mert a nyertesek elfelejtett\u00e9k ellen\u0151rizni a szelv\u00e9nyeiket. Emellett sok oldal csak az els\u0151 szelv\u00e9ny nyertes sz\u00e1mait teszi k\u00f6zz\u00e9. A legt\u00f6bb lott\u00f3nak t\u00f6bb nyerem\u00e9nyszintje van.<\/p>\n<p>Ha vel\u00fcnk j\u00e1tszik a Superenalott\u00f3n, nem kell agg\u00f3dnia, hogy lemarad egy nyerem\u00e9nyr\u0151l sem. Nemcsak, hogy \u00e9rtes\u00edtj\u00fck, amint megnyert egy nyerem\u00e9nyt, hanem \u00e9rtes\u00edt\u00e9st is kap, amint bejelentkezik. Emellett a sorsol\u00e1sok ut\u00e1n azonnal k\u00f6zz\u00e9tessz\u00fck a lott\u00f3eredm\u00e9nyeket itt, az oldalunkon. Teh\u00e1t t\u00e9rj vissza a sorsol\u00e1sok ut\u00e1n, hogy megtudd, megvan-e a Superenalotto nyer\u0151sz\u00e1ma.<\/p>\n<h2>Superenalotto nyerem\u00e9nyszintek<\/h2>\n<p>M\u00e1r eml\u00edtett\u00fck, hogy a Superenalotto lott\u00f3 f\u0151nyerem\u00e9nye 2 milli\u00f3 eur\u00f3. De azt tudta, hogy a jackpot \u00f6sszeg\u00e9nek nincs fels\u0151 hat\u00e1ra? Ez azt jelenti, hogy ha egy sorsol\u00e1s ut\u00e1n nincs nyertes, a nyerem\u00e9ny addig g\u00f6rd\u00fcl tov\u00e1bb, am\u00edg nem lesz nyertes. A jackpot 2019-ben annyiszor gurult tov\u00e1bb, hogy rekord\u00f6sszeg\u0171, 209,1 milli\u00f3 eur\u00f3s nyerem\u00e9nyt \u00e9rt el.<\/p>\n<p>A jackpoton k\u00edv\u00fcl, amely az els\u0151 szint nyerem\u00e9nye, vannak m\u00e1s nyerem\u00e9nyek is, amelyeket a j\u00e1t\u00e9kos megnyerhet. A nyerem\u00e9nyeket a nyerem\u00e9nyalap hat\u00e1rozza meg, \u00edgy nincs meghat\u00e1rozott \u00f6sszeg. Megosztjuk azonban a sorsol\u00e1sonk\u00e9nti \u00e1tlagos \u00f6sszeget.<\/p>\n<p>6. m\u00e9rk\u0151z\u00e9s &#8211; 92.056.091,66 \u20ac<\/p>\n<p>5. m\u00e9rk\u0151z\u00e9s + Jolly sz\u00e1m &#8211; 594 951,95 \u20ac<\/p>\n<p>5. m\u00e9rk\u0151z\u00e9s &#8211; 49 736,38 \u20ac<\/p>\n<p>4-es m\u00e9rk\u0151z\u00e9s sz\u00e1mai &#8211; 354,83 \u20ac<\/p>\n<p>3. m\u00e9rk\u0151z\u00e9s sz\u00e1mai &#8211; 27,15 \u20ac<\/p>\n<p>Match 2 sz\u00e1mok &#8211; 5,48 \u20ac<\/p>\n<section class=\"layout\" style=\"border: solid 1px; width: 100%;\">\n<div class=\"img-div\" style=\"margin-top: 5px;\"><img decoding=\"async\" class=\"wp-image-17212 alignleft\" style=\"height: 45px; margin: 8px 8px 0px;\" src=\"http:\/\/jackpotlotteryonline.com\/wp-content\/uploads\/2022\/11\/read1.jpg\" alt=\"olvasd el\" width=\"\" height=\"\" \/><\/div>\n<div style=\"padding-left: 5px;\">\n<div style=\"font-size: 1.1em;\">\n<p><strong>Azok a lott\u00f3j\u00e1t\u00e9kok, amelyeken a legjobb es\u00e9lye van arra, hogy nagyot nyerjen<\/strong><\/p>\n<p style=\"font-size: 0.85em; margin-top: -1.5em;\">Melyik lott\u00f3nak van a legjobb nyer\u00e9si es\u00e9lye? <a href=\"https:\/\/jackpotlotteryonline.com\/hu\/melyik-lotton-van-a-legjobb-nyeresi-eselye\">tov\u00e1bb<\/a><\/p>\n<\/div>\n<\/div>\n<\/section>\n<h2>A szuperenalotto nyerem\u00e9ny\u00e9nek ig\u00e9nyl\u00e9se<\/h2>\n<p>Mivel \u00d6n Superenalotto online j\u00e1tszik, term\u00e9szetes, hogy k\u00edv\u00e1ncsi, mi t\u00f6rt\u00e9nik, ha nyerem\u00e9nyt nyer. Itt megosztjuk \u00d6nnel, hogyan veheti \u00e1t a Superenalotto nyerem\u00e9ny\u00e9t akkor is, ha Olaszorsz\u00e1gon k\u00edv\u00fcl \u00e9l.<\/p>\n<p>Ha n\u00e1lunk j\u00e1tszik Superenalotto-t, a nyerem\u00e9nyeinek ig\u00e9nyl\u00e9se olyan egyszer\u0171, mintha bejelentkezne a fi\u00f3kj\u00e1ba itt. A 2500 eur\u00f3 alatti nyerem\u00e9nyek eset\u00e9ben k\u00f6zvetlen\u00fcl a platformunkr\u00f3l tudsz k\u00e9szp\u00e9nzt fizetni a sz\u00e1ml\u00e1dra. Ez igaz\u00e1n egyszer\u0171 \u00e9s probl\u00e9mamentes, \u00edgy \u00d6n a csod\u00e1latos lott\u00f3\u00e9lm\u00e9nyre koncentr\u00e1lhat.<\/p>\n<p>Nagyobb \u00f6sszegek eset\u00e9n el\u0151fordulhat, hogy kapcsolatba kell l\u00e9pnie a lott\u00f3t\u00e1rsas\u00e1ggal, \u00e9s ki kell t\u00f6ltenie egy ig\u00e9nyl\u0151lapot. De mi itt lesz\u00fcnk, hogy v\u00e9gigvezess\u00fck \u00d6nt a folyamaton.<a href=\"https:\/\/jackpotlotteryonline.com\/hu\/jegyet-vasarolni\/superenalotto\"> V\u00e1s\u00e1rolja meg teh\u00e1t m\u00e9g ma a Superenalotto szelv\u00e9ny\u00e9t<\/a>, \u00e9s v\u00e1lassza ki a nyer\u0151sz\u00e1mokat.<\/p>\n","protected":false},"excerpt":{"rendered":"<p>A Superenalotto Olaszorsz\u00e1g nemzeti lott\u00f3j\u00e1t\u00e9ka, \u00e9s n\u00e9pszer\u0171 lott\u00f3 az orsz\u00e1g fogad\u00f3i k\u00f6r\u00e9ben. Ha Olaszorsz\u00e1gon k\u00edv\u00fclr\u0151l j\u00e1tszik, \u00e9rdemes kital\u00e1lni, hogyan ellen\u0151rizheti a nyer\u0151sz\u00e1mokat. Olvasson tov\u00e1bb, hogy t\u00f6bbet megtudjon. A Superenalotto online j\u00e1t\u00e9k\u00e1nak l\u00e9p\u00e9sei A Superenalotto online j\u00e1t\u00e9ka olyan, mint az offline j\u00e1t\u00e9k, de nagyobb k\u00e9nyelemmel \u00e9s k\u00f6nnyeds\u00e9ggel. Amint a jackpotlotteryoneline.com oldalon megnyitja a Superenalotto oldalt, 6 [&hellip;]<\/p>\n","protected":false},"author":1,"featured_media":0,"parent":35832,"menu_order":5,"comment_status":"closed","ping_status":"closed","template":"superenalotto-results.php","meta":{"_et_pb_use_builder":"","_et_pb_old_content":"","_et_gb_content_width":"","exclude_from_search":false,"footnotes":""},"class_list":["post-40716","page","type-page","status-publish","hentry"],"yoast_head":"<!-- This site is optimized with the Yoast SEO plugin v23.3 - https:\/\/yoast.com\/wordpress\/plugins\/seo\/ -->\n<title>Superenalotto nyer\u0151sz\u00e1mok \u00e9s sorsol\u00e1si eredm\u00e9nyek<\/title>\n<meta name=\"description\" content=\"Az olaszorsz\u00e1gi Superenalotto sorsol\u00e1si eredm\u00e9nyei \u00e9s nyer\u0151sz\u00e1mai, napi friss\u00edt\u00e9sekkel itt a lott\u00f3 weboldalunkon.\" \/>\n<meta name=\"robots\" content=\"index, follow, max-snippet:-1, max-image-preview:large, max-video-preview:-1\" \/>\n<link rel=\"canonical\" href=\"https:\/\/jackpotlotteryonline.com\/hu\/nyeroszamok\/superenalotto\/\" \/>\n<meta property=\"og:locale\" content=\"hu_HU\" \/>\n<meta property=\"og:type\" content=\"article\" \/>\n<meta property=\"og:title\" content=\"Superenalotto nyer\u0151sz\u00e1mok \u00e9s sorsol\u00e1si eredm\u00e9nyek\" \/>\n<meta property=\"og:description\" content=\"Az olaszorsz\u00e1gi Superenalotto sorsol\u00e1si eredm\u00e9nyei \u00e9s nyer\u0151sz\u00e1mai, napi friss\u00edt\u00e9sekkel itt a lott\u00f3 weboldalunkon.\" \/>\n<meta property=\"og:url\" content=\"https:\/\/jackpotlotteryonline.com\/hu\/nyeroszamok\/superenalotto\/\" \/>\n<meta property=\"og:site_name\" content=\"Lotto Online - Crack The International Lottery Jackpots\" \/>\n<meta property=\"article:modified_time\" content=\"2022-12-27T09:53:49+00:00\" \/>\n<meta property=\"og:image\" content=\"http:\/\/jackpotlotteryonline.com\/wp-content\/uploads\/2022\/11\/logo_superenalotto.png\" \/>\n<meta name=\"twitter:card\" content=\"summary_large_image\" \/>\n<meta name=\"twitter:label1\" content=\"Becs\u00fclt olvas\u00e1si id\u0151\" \/>\n\t<meta name=\"twitter:data1\" content=\"3 perc\" \/>\n<!-- \/ Yoast SEO plugin. -->","yoast_head_json":{"title":"Superenalotto nyer\u0151sz\u00e1mok \u00e9s sorsol\u00e1si eredm\u00e9nyek","description":"Az olaszorsz\u00e1gi Superenalotto sorsol\u00e1si eredm\u00e9nyei \u00e9s nyer\u0151sz\u00e1mai, napi friss\u00edt\u00e9sekkel itt a lott\u00f3 weboldalunkon.","robots":{"index":"index","follow":"follow","max-snippet":"max-snippet:-1","max-image-preview":"max-image-preview:large","max-video-preview":"max-video-preview:-1"},"canonical":"https:\/\/jackpotlotteryonline.com\/hu\/nyeroszamok\/superenalotto\/","og_locale":"hu_HU","og_type":"article","og_title":"Superenalotto nyer\u0151sz\u00e1mok \u00e9s sorsol\u00e1si eredm\u00e9nyek","og_description":"Az olaszorsz\u00e1gi Superenalotto sorsol\u00e1si eredm\u00e9nyei \u00e9s nyer\u0151sz\u00e1mai, napi friss\u00edt\u00e9sekkel itt a lott\u00f3 weboldalunkon.","og_url":"https:\/\/jackpotlotteryonline.com\/hu\/nyeroszamok\/superenalotto\/","og_site_name":"Lotto Online - Crack The International Lottery Jackpots","article_modified_time":"2022-12-27T09:53:49+00:00","og_image":[{"url":"http:\/\/jackpotlotteryonline.com\/wp-content\/uploads\/2022\/11\/logo_superenalotto.png"}],"twitter_card":"summary_large_image","twitter_misc":{"Becs\u00fclt olvas\u00e1si id\u0151":"3 perc"},"schema":{"@context":"https:\/\/schema.org","@graph":[{"@type":"WebPage","@id":"https:\/\/jackpotlotteryonline.com\/hu\/nyeroszamok\/superenalotto\/","url":"https:\/\/jackpotlotteryonline.com\/hu\/nyeroszamok\/superenalotto\/","name":"Superenalotto nyer\u0151sz\u00e1mok \u00e9s sorsol\u00e1si eredm\u00e9nyek","isPartOf":{"@id":"https:\/\/jackpotlotteryonline.com\/#website"},"primaryImageOfPage":{"@id":"https:\/\/jackpotlotteryonline.com\/hu\/nyeroszamok\/superenalotto\/#primaryimage"},"image":{"@id":"https:\/\/jackpotlotteryonline.com\/hu\/nyeroszamok\/superenalotto\/#primaryimage"},"thumbnailUrl":"http:\/\/jackpotlotteryonline.com\/wp-content\/uploads\/2022\/11\/logo_superenalotto.png","datePublished":"2022-12-06T08:28:58+00:00","dateModified":"2022-12-27T09:53:49+00:00","description":"Az olaszorsz\u00e1gi Superenalotto sorsol\u00e1si eredm\u00e9nyei \u00e9s nyer\u0151sz\u00e1mai, napi friss\u00edt\u00e9sekkel itt a lott\u00f3 weboldalunkon.","breadcrumb":{"@id":"https:\/\/jackpotlotteryonline.com\/hu\/nyeroszamok\/superenalotto\/#breadcrumb"},"inLanguage":"hu","potentialAction":[{"@type":"ReadAction","target":["https:\/\/jackpotlotteryonline.com\/hu\/nyeroszamok\/superenalotto\/"]}]},{"@type":"ImageObject","inLanguage":"hu","@id":"https:\/\/jackpotlotteryonline.com\/hu\/nyeroszamok\/superenalotto\/#primaryimage","url":"http:\/\/jackpotlotteryonline.com\/wp-content\/uploads\/2022\/11\/logo_superenalotto.png","contentUrl":"http:\/\/jackpotlotteryonline.com\/wp-content\/uploads\/2022\/11\/logo_superenalotto.png"},{"@type":"BreadcrumbList","@id":"https:\/\/jackpotlotteryonline.com\/hu\/nyeroszamok\/superenalotto\/#breadcrumb","itemListElement":[{"@type":"ListItem","position":1,"name":"Home","item":"https:\/\/jackpotlotteryonline.com\/hu\/"},{"@type":"ListItem","position":2,"name":"Lott\u00f3 eredm\u00e9nyek","item":"https:\/\/jackpotlotteryonline.com\/hu\/nyeroszamok\/"},{"@type":"ListItem","position":3,"name":"Superenalotto sorsol\u00e1s eredm\u00e9nyei"}]},{"@type":"WebSite","@id":"https:\/\/jackpotlotteryonline.com\/#website","url":"https:\/\/jackpotlotteryonline.com\/","name":"Lotto Online - Crack The International Lottery Jackpots","description":"","potentialAction":[{"@type":"SearchAction","target":{"@type":"EntryPoint","urlTemplate":"https:\/\/jackpotlotteryonline.com\/?s={search_term_string}"},"query-input":"required name=search_term_string"}],"inLanguage":"hu"}]}},"_links":{"self":[{"href":"https:\/\/jackpotlotteryonline.com\/hu\/wp-json\/wp\/v2\/pages\/40716","targetHints":{"allow":["GET"]}}],"collection":[{"href":"https:\/\/jackpotlotteryonline.com\/hu\/wp-json\/wp\/v2\/pages"}],"about":[{"href":"https:\/\/jackpotlotteryonline.com\/hu\/wp-json\/wp\/v2\/types\/page"}],"author":[{"embeddable":true,"href":"https:\/\/jackpotlotteryonline.com\/hu\/wp-json\/wp\/v2\/users\/1"}],"replies":[{"embeddable":true,"href":"https:\/\/jackpotlotteryonline.com\/hu\/wp-json\/wp\/v2\/comments?post=40716"}],"version-history":[{"count":0,"href":"https:\/\/jackpotlotteryonline.com\/hu\/wp-json\/wp\/v2\/pages\/40716\/revisions"}],"up":[{"embeddable":true,"href":"https:\/\/jackpotlotteryonline.com\/hu\/wp-json\/wp\/v2\/pages\/35832"}],"wp:attachment":[{"href":"https:\/\/jackpotlotteryonline.com\/hu\/wp-json\/wp\/v2\/media?parent=40716"}],"curies":[{"name":"wp","href":"https:\/\/api.w.org\/{rel}","templated":true}]}}