{"id":40769,"date":"2022-12-06T10:05:41","date_gmt":"2022-12-06T10:05:41","guid":{"rendered":"https:\/\/jackpotlotteryonline.com\/?page_id=40769"},"modified":"2022-12-28T14:00:47","modified_gmt":"2022-12-28T14:00:47","slug":"la-primitiva","status":"publish","type":"page","link":"https:\/\/jackpotlotteryonline.com\/hu\/nyeroszamok\/la-primitiva\/","title":{"rendered":"La Primitiva sorsol\u00e1s eredm\u00e9nyei"},"content":{"rendered":"<h2>Hogyan v\u00e1lasszuk ki a La Primitiva nyer\u0151sz\u00e1mokat<\/h2>\n<p>El\u0151sz\u00f6r is, ha a La Primitiva j\u00e1t\u00e9kban szeretn\u00e9l j\u00e1tszani, akkor 6 sz\u00e1mot kell kiv\u00e1lasztanod az 1 \u00e9s 49 k\u00f6z\u00f6tti tartom\u00e1nyb\u00f3l. Ezen k\u00edv\u00fcl 1 sz\u00e1mot kell v\u00e1lasztanod a 0-9 sz\u00e1mok k\u00f6z\u00fcl. Ezt a plusz sz\u00e1mot Reintegro sz\u00e1mnak h\u00edvj\u00e1k. L\u00e9tezik a Complemantario sz\u00e1m is, \u00e9s ez alapj\u00e1n hat\u00e1rozz\u00e1k meg a nyerem\u00e9nyszintek egy r\u00e9sz\u00e9t.<\/p>\n<p>A j\u00e1t\u00e9kosok t\u00f6bbf\u00e9le m\u00f3dszerrel v\u00e1lasztj\u00e1k ki a La Primitiva sz\u00e1mokat. Egyesek ink\u00e1bb olyan sz\u00e1mokat v\u00e1lasztanak, amelyek k\u00fcl\u00f6nleges jelent\u00e9ssel b\u00edrnak sz\u00e1mukra. Mint p\u00e9ld\u00e1ul a sz\u00fclet\u00e9snapjuk vagy az \u00e9vfordul\u00f3juk. M\u00e1sok csak v\u00e9letlenszer\u0171en v\u00e1lasztanak sz\u00e1mokat, \u00e9s rem\u00e9lik, hogy a szerencse az \u0151 oldalukra \u00e1ll. Mivel a La Primitiva, mint minden lott\u00f3, a szerencse j\u00e1t\u00e9ka, senki sem hib\u00e1ztathatja \u0151ket.<\/p>\n<section class=\"layout\" style=\"border: solid 1px; width: 100%;\">\n<div class=\"img-div\" style=\"margin-top: 5px;\"><img decoding=\"async\" class=\"wp-image-17212 alignleft\" style=\"height: 45px; margin: 8px 8px 0px;\" src=\"https:\/\/jackpotlotteryonline.com\/wp-content\/uploads\/2022\/11\/read1.jpg\" alt=\"olvasd el\" width=\"\" height=\"\" \/><\/div>\n<div style=\"padding-left: 5px;\">\n<div style=\"font-size: 1.1em;\">\n<p><strong>Lott\u00f3 tippek<\/strong><\/p>\n<p style=\"font-size: 0.85em; margin-top: -1.5em;\">Tippek, amelyek seg\u00edtenek nyerni a lott\u00f3n\u00a0 <a href=\"https:\/\/jackpotlotteryonline.com\/hu\/tippek-amelyek-segitenek-nyerni-a-lotton\"> tov\u00e1bb<\/a><\/p>\n<\/div>\n<\/div>\n<\/section>\n<h2>A La Primitiva megnyer\u00e9se<\/h2>\n<p>A La Primitiva hetente h\u00e1rom sorsol\u00e1st tart, h\u00e9tf\u0151n, cs\u00fct\u00f6rt\u00f6k\u00f6n \u00e9s szombaton. Miut\u00e1n kiv\u00e1lasztotta a sz\u00e1mokat, a k\u00f6vetkez\u0151 l\u00e9p\u00e9s az, hogy r\u00e9szt vegyen az \u00d6n \u00e1ltal v\u00e1lasztott sorsol\u00e1son. A sorsol\u00e1sok ut\u00e1n az a szelv\u00e9ny nyeri a lott\u00f3t, amelyik megegyezik a kisorsolt eredm\u00e9nyekkel.<\/p>\n<p>Ez\u00e9rt a nyerem\u00e9nnyel val\u00f3 hazat\u00e9r\u00e9snek sok k\u00f6ze van az \u00d6n \u00e1ltal v\u00e1lasztott sz\u00e1mokhoz.<\/p>\n<p>A La Primitiva jackpot megnyer\u00e9s\u00e9hez a j\u00e1t\u00e9kosnak mind a 7 sz\u00e1mmal (a 6 f\u0151 \u00e9s a Reintegro sz\u00e1mmal) egyeznie kell. A jackpot \u00f6sszege 5 milli\u00f3 eur\u00f3n\u00e1l kezd\u0151dik. Amennyiben egyn\u00e9l t\u00f6bb nyertes van, az \u00f6sszeget megosztj\u00e1k a nyertesek k\u00f6z\u00f6tt. Itt vannak a nyerem\u00e9nyek, amelyeket a j\u00e1t\u00e9kosok nyerhetnek.<br \/>\n<img loading=\"lazy\" decoding=\"async\" class=\"alignright size-full wp-image-27671\" src=\"https:\/\/jackpotlotteryonline.com\/wp-content\/uploads\/2022\/11\/1_lottery_online_winner3.jpg\" alt=\"Nyerjen a La Primitiva\" width=\"300\" height=\"300\" srcset=\"https:\/\/jackpotlotteryonline.com\/wp-content\/uploads\/2022\/11\/1_lottery_online_winner3.jpg 300w, https:\/\/jackpotlotteryonline.com\/wp-content\/uploads\/2022\/11\/1_lottery_online_winner3-100x100.jpg 100w, https:\/\/jackpotlotteryonline.com\/wp-content\/uploads\/2022\/11\/1_lottery_online_winner3-150x150.jpg 150w\" sizes=\"auto, (max-width: 300px) 100vw, 300px\" \/><\/p>\n<p>Jackpot &#8211; 6-os m\u00e9rk\u0151z\u00e9s + Reintegro<\/p>\n<p>1. div\u00edzi\u00f3 &#8211; Csak a 6. m\u00e9rk\u0151z\u00e9s<\/p>\n<p>2. div\u00edzi\u00f3 &#8211; 5. m\u00e9rk\u0151z\u00e9s + kieg\u00e9sz\u00edt\u0151 sz\u00e1m<\/p>\n<p>3. div\u00edzi\u00f3 &#8211; Csak 5. m\u00e9rk\u0151z\u00e9s<\/p>\n<p>4. div\u00edzi\u00f3 &#8211; Csak a 4. m\u00e9rk\u0151z\u00e9s<\/p>\n<p>5. div\u00edzi\u00f3 &#8211; Csak a 3. m\u00e9rk\u0151z\u00e9s<\/p>\n<p>Reintegro &#8211; Csak a Reintegro sz\u00e1mmal val\u00f3 m\u00e9rk\u0151z\u00e9s<\/p>\n<h2>La Primitiva online j\u00e1t\u00e9k a jackpotlotteryonline.com oldalon.<\/h2>\n<p>Ha vel\u00fcnk j\u00e1tszik <a href=\"https:\/\/jackpotlotteryonline.com\/hu\/hogyan-kell-jatszani\/la-primitiva\">a La Primitiva lott\u00f3n<\/a>, akkor nem csak a La Primitiva lott\u00f3hoz, hanem a sorsol\u00e1s eredm\u00e9nyeihez is hozz\u00e1f\u00e9rhet. Az online j\u00e1t\u00e9k a lehet\u0151s\u00e9gek vil\u00e1g\u00e1t nyitja meg a tapasztalt szerencsej\u00e1t\u00e9kosok \u00e9s a kezd\u0151k sz\u00e1m\u00e1ra egyar\u00e1nt. K\u00e9nyelmes m\u00f3dot k\u00edn\u00e1lunk a sorsjegyek megv\u00e1s\u00e1rl\u00e1s\u00e1ra, az eredm\u00e9nyek ellen\u0151rz\u00e9s\u00e9re \u00e9s a nyerem\u00e9nyekhez val\u00f3 hozz\u00e1f\u00e9r\u00e9sre. De erre mindj\u00e1rt r\u00e1t\u00e9r\u00fcnk.<\/p>\n<p><a href=\"https:\/\/jackpotlotteryonline.com\/hu\/jegyet-vasarolni\/la-primitiva-jegyek-vasarlasa\">A La Primitiva lott\u00f3szelv\u00e9nyt<\/a> egyszer\u0171en megv\u00e1s\u00e1rolhatja, ha a lott\u00f3 oldal\u00e1ra l\u00e9p, \u00e9s kiv\u00e1lasztja a nyer\u0151sz\u00e1mokat. Ha nem biztos benne, hogy mit v\u00e1lasszon, haszn\u00e1lhatja az automatikus gener\u00e1torunkat a v\u00e9letlenszer\u0171 sz\u00e1mjegyek kiv\u00e1laszt\u00e1s\u00e1hoz. Ezut\u00e1n adja meg az \u00d6n \u00e1ltal v\u00e1lasztott sorsol\u00e1st, \u00e9s ha m\u00e9g nem regisztr\u00e1lt n\u00e1lunk, regisztr\u00e1ljon egy fi\u00f3kot.<\/p>\n<p>A regisztr\u00e1ci\u00f3 alapvet\u0151 l\u00e9p\u00e9s, \u00e9s a k\u00f6vetkez\u0151 okok miatt lesz sz\u00fcks\u00e9ge fi\u00f3kra:<\/p>\n<ul>\n<li>A digit\u00e1lis szelv\u00e9ny t\u00e1rol\u00e1s\u00e1hoz<\/li>\n<li>Automatikus sorsol\u00e1si bel\u00e9p\u00e9sek be\u00e1ll\u00edt\u00e1sa<\/li>\n<li>\u00c9rtes\u00edt\u00e9st kaphat, ha nyerem\u00e9nyeket nyer<\/li>\n<\/ul>\n<h2>Ellen\u0151rizze a La Primitiva lott\u00f3 eredm\u00e9nyeit<\/h2>\n<p>La Primitiva eredm\u00e9nyeinek ellen\u0151rz\u00e9se m\u00e9g soha nem volt ilyen egyszer\u0171, ha online j\u00e1tszik vel\u00fcnk. Minden sorsol\u00e1s ut\u00e1n k\u00f6zz\u00e9tessz\u00fck a sorsol\u00e1si eredm\u00e9nyeket itt, az oldalunkon. Ezen t\u00falmen\u0151en azonban e-mailben \u00e9rtes\u00edtj\u00fck \u00d6nt, ha nyerem\u00e9nyt nyert. \u00cdgy soha t\u00f6bb\u00e9 nem kell lemaradnod a nyerem\u00e9nyed \u00e1tv\u00e9tel\u00e9r\u0151l.<\/p>\n<h2>Nyerem\u00e9nyed ig\u00e9nyl\u00e9se<\/h2>\n<p>A La Primitiva online j\u00e1t\u00e9k tal\u00e1n leg\u00e9rdekesebb r\u00e9sze, hogy nem kell Spanyolorsz\u00e1gba utaznod ahhoz, hogy \u00e1tvehesd a nyerem\u00e9nyeidet. A 2500 eur\u00f3n\u00e1l kisebb \u00f6sszeg\u0171 nyerem\u00e9nyek eset\u00e9ben egyszer\u0171en kiveheted a nyerem\u00e9nyt a platformunkon kereszt\u00fcl a sz\u00e1ml\u00e1dra.<\/p>\n<p>J\u00e1tsszon vel\u00fcnk a lott\u00f3n, \u00e9s ellen\u0151rizze a La Primitiva nyer\u0151sz\u00e1mait online.<\/p>\n","protected":false},"excerpt":{"rendered":"<p>Hogyan v\u00e1lasszuk ki a La Primitiva nyer\u0151sz\u00e1mokat El\u0151sz\u00f6r is, ha a La Primitiva j\u00e1t\u00e9kban szeretn\u00e9l j\u00e1tszani, akkor 6 sz\u00e1mot kell kiv\u00e1lasztanod az 1 \u00e9s 49 k\u00f6z\u00f6tti tartom\u00e1nyb\u00f3l. Ezen k\u00edv\u00fcl 1 sz\u00e1mot kell v\u00e1lasztanod a 0-9 sz\u00e1mok k\u00f6z\u00fcl. Ezt a plusz sz\u00e1mot Reintegro sz\u00e1mnak h\u00edvj\u00e1k. L\u00e9tezik a Complemantario sz\u00e1m is, \u00e9s ez alapj\u00e1n hat\u00e1rozz\u00e1k meg a [&hellip;]<\/p>\n","protected":false},"author":1,"featured_media":0,"parent":35832,"menu_order":7,"comment_status":"closed","ping_status":"closed","template":"la-primitiva-results.php","meta":{"_et_pb_use_builder":"","_et_pb_old_content":"","_et_gb_content_width":"","exclude_from_search":false,"footnotes":""},"class_list":["post-40769","page","type-page","status-publish","hentry"],"yoast_head":"<!-- This site is optimized with the Yoast SEO plugin v23.3 - https:\/\/yoast.com\/wordpress\/plugins\/seo\/ -->\n<title>La Primitiva nyer\u0151sz\u00e1mok \u00e9s sorsol\u00e1si eredm\u00e9nyek<\/title>\n<meta name=\"description\" content=\"A spanyolorsz\u00e1gi La Primitiva lott\u00f3 - az \u00f6sszes sorsol\u00e1s eredm\u00e9nye \u00e9s nyer\u0151sz\u00e1m, valamint egy eredm\u00e9nyarch\u00edvum egyetlen weboldalon.\" \/>\n<meta name=\"robots\" content=\"index, follow, max-snippet:-1, max-image-preview:large, max-video-preview:-1\" \/>\n<link rel=\"canonical\" href=\"https:\/\/jackpotlotteryonline.com\/hu\/nyeroszamok\/la-primitiva\/\" \/>\n<meta property=\"og:locale\" content=\"hu_HU\" \/>\n<meta property=\"og:type\" content=\"article\" \/>\n<meta property=\"og:title\" content=\"La Primitiva nyer\u0151sz\u00e1mok \u00e9s sorsol\u00e1si eredm\u00e9nyek\" \/>\n<meta property=\"og:description\" content=\"A spanyolorsz\u00e1gi La Primitiva lott\u00f3 - az \u00f6sszes sorsol\u00e1s eredm\u00e9nye \u00e9s nyer\u0151sz\u00e1m, valamint egy eredm\u00e9nyarch\u00edvum egyetlen weboldalon.\" \/>\n<meta property=\"og:url\" content=\"https:\/\/jackpotlotteryonline.com\/hu\/nyeroszamok\/la-primitiva\/\" \/>\n<meta property=\"og:site_name\" content=\"Lotto Online - Crack The International Lottery Jackpots\" \/>\n<meta property=\"article:modified_time\" content=\"2022-12-28T14:00:47+00:00\" \/>\n<meta property=\"og:image\" content=\"https:\/\/jackpotlotteryonline.com\/wp-content\/uploads\/2022\/11\/read1.jpg\" \/>\n<meta name=\"twitter:card\" content=\"summary_large_image\" \/>\n<meta name=\"twitter:label1\" content=\"Becs\u00fclt olvas\u00e1si id\u0151\" \/>\n\t<meta name=\"twitter:data1\" content=\"3 perc\" \/>\n<!-- \/ Yoast SEO plugin. -->","yoast_head_json":{"title":"La Primitiva nyer\u0151sz\u00e1mok \u00e9s sorsol\u00e1si eredm\u00e9nyek","description":"A spanyolorsz\u00e1gi La Primitiva lott\u00f3 - az \u00f6sszes sorsol\u00e1s eredm\u00e9nye \u00e9s nyer\u0151sz\u00e1m, valamint egy eredm\u00e9nyarch\u00edvum egyetlen weboldalon.","robots":{"index":"index","follow":"follow","max-snippet":"max-snippet:-1","max-image-preview":"max-image-preview:large","max-video-preview":"max-video-preview:-1"},"canonical":"https:\/\/jackpotlotteryonline.com\/hu\/nyeroszamok\/la-primitiva\/","og_locale":"hu_HU","og_type":"article","og_title":"La Primitiva nyer\u0151sz\u00e1mok \u00e9s sorsol\u00e1si eredm\u00e9nyek","og_description":"A spanyolorsz\u00e1gi La Primitiva lott\u00f3 - az \u00f6sszes sorsol\u00e1s eredm\u00e9nye \u00e9s nyer\u0151sz\u00e1m, valamint egy eredm\u00e9nyarch\u00edvum egyetlen weboldalon.","og_url":"https:\/\/jackpotlotteryonline.com\/hu\/nyeroszamok\/la-primitiva\/","og_site_name":"Lotto Online - Crack The International Lottery Jackpots","article_modified_time":"2022-12-28T14:00:47+00:00","og_image":[{"url":"https:\/\/jackpotlotteryonline.com\/wp-content\/uploads\/2022\/11\/read1.jpg"}],"twitter_card":"summary_large_image","twitter_misc":{"Becs\u00fclt olvas\u00e1si id\u0151":"3 perc"},"schema":{"@context":"https:\/\/schema.org","@graph":[{"@type":"WebPage","@id":"https:\/\/jackpotlotteryonline.com\/hu\/nyeroszamok\/la-primitiva\/","url":"https:\/\/jackpotlotteryonline.com\/hu\/nyeroszamok\/la-primitiva\/","name":"La Primitiva nyer\u0151sz\u00e1mok \u00e9s sorsol\u00e1si eredm\u00e9nyek","isPartOf":{"@id":"https:\/\/jackpotlotteryonline.com\/#website"},"primaryImageOfPage":{"@id":"https:\/\/jackpotlotteryonline.com\/hu\/nyeroszamok\/la-primitiva\/#primaryimage"},"image":{"@id":"https:\/\/jackpotlotteryonline.com\/hu\/nyeroszamok\/la-primitiva\/#primaryimage"},"thumbnailUrl":"https:\/\/jackpotlotteryonline.com\/wp-content\/uploads\/2022\/11\/read1.jpg","datePublished":"2022-12-06T10:05:41+00:00","dateModified":"2022-12-28T14:00:47+00:00","description":"A spanyolorsz\u00e1gi La Primitiva lott\u00f3 - az \u00f6sszes sorsol\u00e1s eredm\u00e9nye \u00e9s nyer\u0151sz\u00e1m, valamint egy eredm\u00e9nyarch\u00edvum egyetlen weboldalon.","breadcrumb":{"@id":"https:\/\/jackpotlotteryonline.com\/hu\/nyeroszamok\/la-primitiva\/#breadcrumb"},"inLanguage":"hu","potentialAction":[{"@type":"ReadAction","target":["https:\/\/jackpotlotteryonline.com\/hu\/nyeroszamok\/la-primitiva\/"]}]},{"@type":"ImageObject","inLanguage":"hu","@id":"https:\/\/jackpotlotteryonline.com\/hu\/nyeroszamok\/la-primitiva\/#primaryimage","url":"https:\/\/jackpotlotteryonline.com\/wp-content\/uploads\/2022\/11\/read1.jpg","contentUrl":"https:\/\/jackpotlotteryonline.com\/wp-content\/uploads\/2022\/11\/read1.jpg"},{"@type":"BreadcrumbList","@id":"https:\/\/jackpotlotteryonline.com\/hu\/nyeroszamok\/la-primitiva\/#breadcrumb","itemListElement":[{"@type":"ListItem","position":1,"name":"Home","item":"https:\/\/jackpotlotteryonline.com\/hu\/"},{"@type":"ListItem","position":2,"name":"Lott\u00f3 eredm\u00e9nyek","item":"https:\/\/jackpotlotteryonline.com\/hu\/nyeroszamok\/"},{"@type":"ListItem","position":3,"name":"La Primitiva sorsol\u00e1s eredm\u00e9nyei"}]},{"@type":"WebSite","@id":"https:\/\/jackpotlotteryonline.com\/#website","url":"https:\/\/jackpotlotteryonline.com\/","name":"Lotto Online - Crack The International Lottery Jackpots","description":"","potentialAction":[{"@type":"SearchAction","target":{"@type":"EntryPoint","urlTemplate":"https:\/\/jackpotlotteryonline.com\/?s={search_term_string}"},"query-input":"required name=search_term_string"}],"inLanguage":"hu"}]}},"_links":{"self":[{"href":"https:\/\/jackpotlotteryonline.com\/hu\/wp-json\/wp\/v2\/pages\/40769","targetHints":{"allow":["GET"]}}],"collection":[{"href":"https:\/\/jackpotlotteryonline.com\/hu\/wp-json\/wp\/v2\/pages"}],"about":[{"href":"https:\/\/jackpotlotteryonline.com\/hu\/wp-json\/wp\/v2\/types\/page"}],"author":[{"embeddable":true,"href":"https:\/\/jackpotlotteryonline.com\/hu\/wp-json\/wp\/v2\/users\/1"}],"replies":[{"embeddable":true,"href":"https:\/\/jackpotlotteryonline.com\/hu\/wp-json\/wp\/v2\/comments?post=40769"}],"version-history":[{"count":0,"href":"https:\/\/jackpotlotteryonline.com\/hu\/wp-json\/wp\/v2\/pages\/40769\/revisions"}],"up":[{"embeddable":true,"href":"https:\/\/jackpotlotteryonline.com\/hu\/wp-json\/wp\/v2\/pages\/35832"}],"wp:attachment":[{"href":"https:\/\/jackpotlotteryonline.com\/hu\/wp-json\/wp\/v2\/media?parent=40769"}],"curies":[{"name":"wp","href":"https:\/\/api.w.org\/{rel}","templated":true}]}}