{"id":40822,"date":"2022-12-06T12:25:18","date_gmt":"2022-12-06T12:25:18","guid":{"rendered":"https:\/\/jackpotlotteryonline.com\/?page_id=40822"},"modified":"2022-12-28T10:59:57","modified_gmt":"2022-12-28T10:59:57","slug":"el-gordo-draw-results","status":"publish","type":"page","link":"https:\/\/jackpotlotteryonline.com\/hu\/nyeroszamok\/el-gordo-draw-results\/","title":{"rendered":"El Gordo sorsol\u00e1s eredm\u00e9nyei"},"content":{"rendered":"<p>A lott\u00f3rajong\u00f3k izgatottak, amikor az El Gord\u00f3r\u00f3l hallanak, \u00e9s nem csak az\u00e9rt, mert ez az egyik legnagyobb eur\u00f3pai lott\u00f3. Az El Gordo minden lott\u00f3 anyja, m\u00e1r csak az\u00e9rt is, mert a sorsol\u00e1sokra \u00e9vente egyszer ker\u00fcl sor. Val\u00f3j\u00e1ban ez a spanyol lott\u00f3 r\u00e9sze, \u00e9s minden \u00e9vben tart egy k\u00fcl\u00f6nleges kar\u00e1csonyi sorsol\u00e1st. Ez egy izgalmakkal teli \u00e9s hagyom\u00e1nyokkal \u00e1tsz\u0151tt esem\u00e9ny. Csal\u00e1dokat, szomsz\u00e9ds\u00e1gokat \u00e9s eg\u00e9sz k\u00f6z\u00f6ss\u00e9geket hoz \u00f6ssze, hogy egy\u00fctt \u00fcnnepelj\u00e9k az \u00fcnnepi id\u0151szakot. A spanyolorsz\u00e1gi fogad\u00f3k sz\u00e1m\u00e1ra a kar\u00e1csonyi szezonban \u00e9rdemes figyelni az El Gordo nyer\u0151sz\u00e1mait.<\/p>\n<p>Az El Gordo jellemz\u0151en egy Spanyolorsz\u00e1gban megrendezett lott\u00f3j\u00e1t\u00e9k. Ez azt jelenti, hogy ha nem abban az orsz\u00e1gban \u00e9lne, akkor neh\u00e9z dolga lenne El Gordo szelv\u00e9nyt v\u00e1s\u00e1rolni. Ez megv\u00e1ltozott, mert most m\u00e1r az interneten is ellen\u0151rizheti az El Gordo nyer\u0151sz\u00e1mait.<\/p>\n<h2>El Gordo j\u00e1t\u00e9k<\/h2>\n<p><img loading=\"lazy\" decoding=\"async\" class=\"alignright size-full wp-image-17870\" src=\"https:\/\/jackpotlotteryonline.com\/wp-content\/uploads\/2022\/10\/lotto_euros.jpg\" alt=\"El Gordo j\u00e1t\u00e9k\" width=\"225\" height=\"134\" \/>Az El Gordo jelent\u00e9se &#8220;a nagy&#8221;, \u00e9s ez a vil\u00e1g legnagyobb jackpotja. Ennek a lott\u00f3nak a k\u00fcl\u00f6nlegess\u00e9ge, hogy a jackpotot most egyetlen ember nyeri meg. Ez az\u00e9rt van, mert a szelv\u00e9nyeket ennyi t\u00f6rtr\u00e9szre osztott\u00e1k fel. Tulajdonk\u00e9ppen ez az a r\u00e9sze az El Gordo j\u00e1t\u00e9knak, ami egy kicsit zavar\u00f3 lehet. Minden El Gordo szelv\u00e9ny 10 r\u00e9szre van osztva, \u00e9s ezek a r\u00e9szek mindegyike tov\u00e1bb van osztva.<\/p>\n<p>A legolcs\u00f3bb El Gordo jegy, amit megv\u00e1s\u00e1rolhatsz, a teljes jegy 1\/100-a.<\/p>\n<p>Ha t\u00f6bbet szeretne megtudni az <a href=\"https:\/\/jackpotlotteryonline.com\/hu\/jegyet-vasarolni\/el-gordo\">El Gordo j\u00e1t\u00e9kr\u00f3l<\/a>, l\u00e1togasson el a jackpotlotteryonline.com oldalra, \u00e9s <a href=\"https:\/\/jackpotlotteryonline.com\/hu\/jegyet-vasarolni\/el-gordo\">v\u00e1s\u00e1roljon jegyet most.<\/a> Az El Gordo j\u00e1t\u00e9k nagyon sz\u00f3rakoztat\u00f3, k\u00fcl\u00f6n\u00f6sen akkor, ha online j\u00e1tszol.<\/p>\n<h2>Online j\u00e1t\u00e9k<\/h2>\n<p>Ha k\u00e9szen \u00e1ll arra, hogy r\u00e9szt vegyen az El Gordo lott\u00f3n, l\u00e1togasson el oldalunkra, \u00e9s v\u00e1lassza ki a nyer\u0151sz\u00e1mokat. Mind\u00f6ssze annyit kell tennie, hogy kiv\u00e1lasztja a 6-ost 1 \u00e9s 49 k\u00f6z\u00f6tt. Term\u00e9szetesen hagyhatod, hogy automatikus kiv\u00e1laszt\u00f3nk megtegye ezt helyetted, ha nincs semmi konkr\u00e9t, amit j\u00e1tszani szeretn\u00e9l. Ezut\u00e1n l\u00e9pjen be a sorsol\u00e1sokba, \u00e9s v\u00e1rja az El Gordo nyer\u0151sz\u00e1mok eredm\u00e9ny\u00e9t.<\/p>\n<h2>Hogyan lehet megnyerni az El Gordo-t<\/h2>\n<p>Az El Gordo megnyer\u00e9se egyszer\u0171en azt jelenti, hogy megvan a nyer\u0151 kombin\u00e1ci\u00f3. Ha teh\u00e1t a sz\u00e1mjegyeid megegyeznek a kisorsoltakkal, akkor te vagy az El Gordo lott\u00f3 nyertese.<\/p>\n<p>A j\u00e1t\u00e9kosok t\u00f6bbf\u00e9le strat\u00e9gi\u00e1t haszn\u00e1lnak az El Gordo nyer\u0151 kombin\u00e1ci\u00f3k kiv\u00e1laszt\u00e1s\u00e1ra. Az egyik ilyen az, hogy olyan sz\u00e1mjegyeket v\u00e1lasztanak, amelyeket szerencs\u00e9snek tartanak. Egyesek sz\u00e1m\u00e1ra ez a sz\u00fclet\u00e9snapjuk vagy szeretteik sz\u00fclet\u00e9snapja. Ez lehet b\u00e1rmilyen sz\u00e1m, ami k\u00fcl\u00f6nleges sz\u00e1modra. M\u00e1s j\u00e1t\u00e9kosok ink\u00e1bb teljesen a v\u00e9letlenszer\u0171en gener\u00e1lt sz\u00e1mokra hagyatkoznak. B\u00e1rmit is v\u00e1lasztasz, csak rajtad m\u00falik.<\/p>\n<p>Az El Gordo nyer\u0151 kombin\u00e1ci\u00f3 kiv\u00e1laszt\u00e1s\u00e1nak egy m\u00e1sik m\u00f3dja, ha megn\u00e9zed a m\u00faltbeli eredm\u00e9nyeket. Ez k\u00fcl\u00f6n\u00f6sen akkor lesz seg\u00edts\u00e9gedre, ha gyakori j\u00e1t\u00e9kos vagy. Sok j\u00e1t\u00e9kos sz\u00e1m\u00e1ra a t\u00f6bb szelv\u00e9ny v\u00e1s\u00e1rl\u00e1sa mindig j\u00f3 j\u00e1t\u00e9kterv. Mindig alkothatsz egy csoportot a bar\u00e1taidb\u00f3l vagy a csal\u00e1dodb\u00f3l, \u00e9s v\u00e1s\u00e1rolhatsz El Gordo jegyeket.<\/p>\n<h2>Hogyan ellen\u0151rizheti a nyer\u0151sz\u00e1mokat<\/h2>\n<p><img loading=\"lazy\" decoding=\"async\" class=\"alignright size-full wp-image-30668\" src=\"https:\/\/jackpotlotteryonline.com\/wp-content\/uploads\/2022\/11\/3_screen_lottery_results_online.jpg\" alt=\"Nyer\u0151 El Gordo\" width=\"130\" height=\"120\" \/><span style=\"font-size: 16px;\">Miut\u00e1n megv\u00e1s\u00e1rolta El Gordo szelv\u00e9ny\u00e9t, a k\u00f6vetkez\u0151 l\u00e9p\u00e9s az, hogy megv\u00e1rja az El Gordo sorsol\u00e1sokat. A sorsol\u00e1sok ut\u00e1n fontos, hogy ellen\u0151rizze a nyer\u0151 kombin\u00e1ci\u00f3kat. Sz\u00e1mos t\u00f6rt\u00e9net sz\u00f3l olyan jackpotokr\u00f3l, amelyek az\u00e9rt maradtak be nem v\u00e1ltva, mert a nyertesek soha nem ellen\u0151rizt\u00e9k a lott\u00f3szelv\u00e9nyeiket. Ha vel\u00fcnk j\u00e1tszik, soha nem kell agg\u00f3dnia amiatt, hogy ez megt\u00f6rt\u00e9nik \u00d6nnel.<\/span><\/p>\n<p>Minden sorsol\u00e1s ut\u00e1n k\u00f6zz\u00e9tessz\u00fck a nyertes eredm\u00e9nyeket itt, az El Gordo oldal\u00e1n. Az \u00faj lott\u00f3j\u00e1t\u00e9kosok egyik hib\u00e1ja, hogy nem ellen\u0151rzik, nyertek-e m\u00e1s nyerem\u00e9nyeket.<\/p>\n<p>Az El Gordo lott\u00f3n 17 k\u00fcl\u00f6nb\u00f6z\u0151 nyerem\u00e9nyszint van, \u00e9s a j\u00e1t\u00e9kos b\u00e1rmelyiket megnyerheti. Ha vel\u00fcnk j\u00e1tszik, mi \u00e9rtes\u00edtj\u00fck, ha b\u00e1rmelyik nyerem\u00e9nyt megnyerte. Ezt e-mailben tessz\u00fck, plusz \u00e9rtes\u00edt\u00e9st kapsz, amint bejelentkezel a platformra.<\/p>\n<h2>Mi t\u00f6rt\u00e9nik, ha nyersz?<\/h2>\n<p>Az El Gordo nyerem\u00e9nye csod\u00e1latos \u00e9lm\u00e9ny, mert \u00fagy \u00e9rzed, hogy valami nagyszer\u0171 dolog r\u00e9szese lett\u00e9l. Olyan, mintha r\u00e9szese lenn\u00e9l a k\u00e9sz\u00fcl\u0151 t\u00f6rt\u00e9nelemnek. M\u00e9g nagyobb \u00e9rz\u00e9s, ha az El Gordo jegyeket munkat\u00e1rsaiddal, haverjaiddal vagy csal\u00e1doddal egy\u00fctt v\u00e1s\u00e1roltad meg. Akkor mindannyian egy\u00fctt \u00fcnnepelhetitek a gy\u0151zelmet.<\/p>\n<p>Mindezek mellett, az El Gordo nyerem\u00e9ny\u00e9nek kifizet\u00e9se nagyon egyszer\u0171, ha a mi oldalunkon j\u00e1tszik. Csak annyit kell tennie, hogy a nyerem\u00e9ny\u00e9t online sz\u00e1ml\u00e1j\u00e1ra bev\u00e1ltja. Ha egy bizonyos \u00f6sszegn\u00e9l t\u00f6bbet nyersz, el\u0151fordulhat, hogy ki kell t\u00f6ltened egy ig\u00e9nyl\u0151lapot, hogy megkapd a nyerem\u00e9nyedet a lott\u00f3t\u00e1rsas\u00e1gt\u00f3l. De ez\u00e9rt vagyunk mi itt, hogy megk\u00f6nny\u00edts\u00fck a dolgodat.<\/p>\n<section class=\"layout\" style=\"border: solid 1px; width: 100%;\">\n<div class=\"img-div\" style=\"margin-top: 5px;\"><img decoding=\"async\" class=\"wp-image-17212 alignleft\" style=\"height: 45px; margin: 8px 8px 0px;\" src=\"https:\/\/jackpotlotteryonline.com\/wp-content\/uploads\/2022\/11\/read1.jpg\" alt=\"olvasd el\" width=\"\" height=\"\" \/><\/div>\n<div style=\"padding-left: 5px;\">\n<div style=\"font-size: 1.1em;\">\n<p><strong>A lott\u00f3nyerem\u00e9nyre kivetett ad\u00f3k<\/strong><\/p>\n<p style=\"font-size: 0.85em; margin-top: -1.5em;\">Kell-e ad\u00f3t fizetnem a lott\u00f3nyerem\u00e9ny ut\u00e1n?\u00a0<a href=\"https:\/\/jackpotlotteryonline.com\/hu\/kell-e-adot-fizetnem-a-lottonyeremeny-utan\"> tov\u00e1bb<\/a><\/p>\n<\/div>\n<\/div>\n<\/section>\n<h2>Mi\u00e9rt \u00e9rdemes vel\u00fcnk online El Gordo-t j\u00e1tszanod<\/h2>\n<ul>\n<li>Nagyon sok oka van annak, hogy \u00fcgyfeleink mi\u00e9rt szeretnek vel\u00fcnk lott\u00f3zni.<\/li>\n<li>Az El Gordo lott\u00f3szelv\u00e9ny megv\u00e1s\u00e1rl\u00e1sa olyan egyszer\u0171, mint n\u00e9h\u00e1ny \u00e9rint\u00e9s a mobilk\u00e9sz\u00fcl\u00e9k\u00e9vel. Nincs stressz \u00e9s teljesen k\u00e9nyelmes.<\/li>\n<li>Az El Gordo nyerem\u00e9nykombin\u00e1ci\u00f3it itt, r\u00f6gt\u00f6n ellen\u0151rizheti, an\u00e9lk\u00fcl, hogy b\u00e1rhov\u00e1 m\u00e1shov\u00e1 is elmenne.<\/li>\n<li>\u00c9rtes\u00edtj\u00fck \u00d6nt, amint nyerem\u00e9nyt nyer, f\u00fcggetlen\u00fcl az \u00f6sszegt\u0151l.<\/li>\n<\/ul>\n<p>Ha b\u00e1rmilyen nyerem\u00e9nyt megnyert\u00e9l, azt a platformunkon kereszt\u00fcl bev\u00e1lthatod a sz\u00e1ml\u00e1dra.<\/p>\n<p>Sz\u00f3 szerint megk\u00f6nny\u00edtj\u00fck \u00fcgyfeleink sz\u00e1m\u00e1ra a sz\u00f3rakoz\u00e1st \u00e9s a lott\u00f3z\u00e1s \u00e9lvezet\u00e9t. Az igazs\u00e1g az, hogy annyi m\u00e1s dolog van az \u00e9letben, ami neh\u00e9z, a lott\u00f3nyer\u00e9snek nem kell annak lennie.<\/p>\n<h2>Ellen\u0151rizze a nyer\u0151sz\u00e1mokat<\/h2>\n<p>Miel\u0151tt megv\u00e1s\u00e1roln\u00e1 a szelv\u00e9ny\u00e9t, tudnia kell, hogy mi hozz\u00e1f\u00e9r\u00e9st biztos\u00edtunk \u00fcgyfeleinknek a val\u00f3di nyerem\u00e9nyhez. Amikor vel\u00fcnk j\u00e1tszik, nem csak a lott\u00f3 kimenetel\u00e9re fogad. Mi biztos\u00edtjuk, hogy \u00d6n r\u00e9szt vett a lott\u00f3n. Ezt egy concierge rendszer m\u0171k\u00f6dtet\u00e9s\u00e9vel tessz\u00fck, ahol a spanyolorsz\u00e1gi \u00fcgyn\u00f6k\u00fcnk az \u00d6n sz\u00e1m\u00e1nak megfelel\u0151 sz\u00e1mokat v\u00e1s\u00e1rol.<\/p>\n<p>Ha az El Gordo nyer\u0151sz\u00e1mai az \u00d6n\u00e9, az azt jelenti, hogy \u00d6n nyert a lott\u00f3n. Ez t\u00e9nyleg ilyen egyszer\u0171. Kem\u00e9nyen dolgozunk az\u00e9rt, hogy \u00d6nnek ne kelljen agg\u00f3dnia a r\u00e9szletek miatt. Ez\u00e9rt gondoskodunk az apr\u00f3 dolgokr\u00f3l, hogy \u00d6n arra koncentr\u00e1lhasson, ami a legfontosabb \u00d6nnek.<\/p>\n<p>L\u00e1togasson el hozz\u00e1nk m\u00e9g ma, \u00e9s ellen\u0151rizze a legjobb nemzetk\u00f6zi lott\u00f3j\u00e1t\u00e9kok nyer\u0151sz\u00e1mait itt. Vagy v\u00e1s\u00e1roljon El Gordo szelv\u00e9nyeket, \u00e9s adja vissza \u0151ket a nyer\u0151sz\u00e1mok\u00e9rt.<\/p>\n","protected":false},"excerpt":{"rendered":"<p>A lott\u00f3rajong\u00f3k izgatottak, amikor az El Gord\u00f3r\u00f3l hallanak, \u00e9s nem csak az\u00e9rt, mert ez az egyik legnagyobb eur\u00f3pai lott\u00f3. Az El Gordo minden lott\u00f3 anyja, m\u00e1r csak az\u00e9rt is, mert a sorsol\u00e1sokra \u00e9vente egyszer ker\u00fcl sor. Val\u00f3j\u00e1ban ez a spanyol lott\u00f3 r\u00e9sze, \u00e9s minden \u00e9vben tart egy k\u00fcl\u00f6nleges kar\u00e1csonyi sorsol\u00e1st. Ez egy izgalmakkal teli \u00e9s [&hellip;]<\/p>\n","protected":false},"author":1,"featured_media":0,"parent":35832,"menu_order":6,"comment_status":"closed","ping_status":"closed","template":"el-gordo-results.php","meta":{"_et_pb_use_builder":"","_et_pb_old_content":"","_et_gb_content_width":"","exclude_from_search":false,"footnotes":""},"class_list":["post-40822","page","type-page","status-publish","hentry"],"yoast_head":"<!-- This site is optimized with the Yoast SEO plugin v23.3 - https:\/\/yoast.com\/wordpress\/plugins\/seo\/ -->\n<title>El Gordo nyer\u0151sz\u00e1mok \u00e9s sorsol\u00e1si eredm\u00e9nyek<\/title>\n<meta name=\"description\" content=\"Az El Gordo sorsol\u00e1s eredm\u00e9nyei, nyer\u0151sz\u00e1mai - ezen a h\u00e9ten, valamint az elm\u00falt hetek eredm\u00e9nyei.\" \/>\n<meta name=\"robots\" content=\"index, follow, max-snippet:-1, max-image-preview:large, max-video-preview:-1\" \/>\n<link rel=\"canonical\" href=\"https:\/\/jackpotlotteryonline.com\/hu\/nyeroszamok\/el-gordo-draw-results\/\" \/>\n<meta property=\"og:locale\" content=\"hu_HU\" \/>\n<meta property=\"og:type\" content=\"article\" \/>\n<meta property=\"og:title\" content=\"El Gordo nyer\u0151sz\u00e1mok \u00e9s sorsol\u00e1si eredm\u00e9nyek\" \/>\n<meta property=\"og:description\" content=\"Az El Gordo sorsol\u00e1s eredm\u00e9nyei, nyer\u0151sz\u00e1mai - ezen a h\u00e9ten, valamint az elm\u00falt hetek eredm\u00e9nyei.\" \/>\n<meta property=\"og:url\" content=\"https:\/\/jackpotlotteryonline.com\/hu\/nyeroszamok\/el-gordo-draw-results\/\" \/>\n<meta property=\"og:site_name\" content=\"Lotto Online - Crack The International Lottery Jackpots\" \/>\n<meta property=\"article:modified_time\" content=\"2022-12-28T10:59:57+00:00\" \/>\n<meta property=\"og:image\" content=\"https:\/\/jackpotlotteryonline.com\/wp-content\/uploads\/2022\/10\/lotto_euros.jpg\" \/>\n<meta name=\"twitter:card\" content=\"summary_large_image\" \/>\n<meta name=\"twitter:label1\" content=\"Becs\u00fclt olvas\u00e1si id\u0151\" \/>\n\t<meta name=\"twitter:data1\" content=\"5 perc\" \/>\n<!-- \/ Yoast SEO plugin. -->","yoast_head_json":{"title":"El Gordo nyer\u0151sz\u00e1mok \u00e9s sorsol\u00e1si eredm\u00e9nyek","description":"Az El Gordo sorsol\u00e1s eredm\u00e9nyei, nyer\u0151sz\u00e1mai - ezen a h\u00e9ten, valamint az elm\u00falt hetek eredm\u00e9nyei.","robots":{"index":"index","follow":"follow","max-snippet":"max-snippet:-1","max-image-preview":"max-image-preview:large","max-video-preview":"max-video-preview:-1"},"canonical":"https:\/\/jackpotlotteryonline.com\/hu\/nyeroszamok\/el-gordo-draw-results\/","og_locale":"hu_HU","og_type":"article","og_title":"El Gordo nyer\u0151sz\u00e1mok \u00e9s sorsol\u00e1si eredm\u00e9nyek","og_description":"Az El Gordo sorsol\u00e1s eredm\u00e9nyei, nyer\u0151sz\u00e1mai - ezen a h\u00e9ten, valamint az elm\u00falt hetek eredm\u00e9nyei.","og_url":"https:\/\/jackpotlotteryonline.com\/hu\/nyeroszamok\/el-gordo-draw-results\/","og_site_name":"Lotto Online - Crack The International Lottery Jackpots","article_modified_time":"2022-12-28T10:59:57+00:00","og_image":[{"url":"https:\/\/jackpotlotteryonline.com\/wp-content\/uploads\/2022\/10\/lotto_euros.jpg"}],"twitter_card":"summary_large_image","twitter_misc":{"Becs\u00fclt olvas\u00e1si id\u0151":"5 perc"},"schema":{"@context":"https:\/\/schema.org","@graph":[{"@type":"WebPage","@id":"https:\/\/jackpotlotteryonline.com\/hu\/nyeroszamok\/el-gordo-draw-results\/","url":"https:\/\/jackpotlotteryonline.com\/hu\/nyeroszamok\/el-gordo-draw-results\/","name":"El Gordo nyer\u0151sz\u00e1mok \u00e9s sorsol\u00e1si eredm\u00e9nyek","isPartOf":{"@id":"https:\/\/jackpotlotteryonline.com\/#website"},"primaryImageOfPage":{"@id":"https:\/\/jackpotlotteryonline.com\/hu\/nyeroszamok\/el-gordo-draw-results\/#primaryimage"},"image":{"@id":"https:\/\/jackpotlotteryonline.com\/hu\/nyeroszamok\/el-gordo-draw-results\/#primaryimage"},"thumbnailUrl":"https:\/\/jackpotlotteryonline.com\/wp-content\/uploads\/2022\/10\/lotto_euros.jpg","datePublished":"2022-12-06T12:25:18+00:00","dateModified":"2022-12-28T10:59:57+00:00","description":"Az El Gordo sorsol\u00e1s eredm\u00e9nyei, nyer\u0151sz\u00e1mai - ezen a h\u00e9ten, valamint az elm\u00falt hetek eredm\u00e9nyei.","breadcrumb":{"@id":"https:\/\/jackpotlotteryonline.com\/hu\/nyeroszamok\/el-gordo-draw-results\/#breadcrumb"},"inLanguage":"hu","potentialAction":[{"@type":"ReadAction","target":["https:\/\/jackpotlotteryonline.com\/hu\/nyeroszamok\/el-gordo-draw-results\/"]}]},{"@type":"ImageObject","inLanguage":"hu","@id":"https:\/\/jackpotlotteryonline.com\/hu\/nyeroszamok\/el-gordo-draw-results\/#primaryimage","url":"https:\/\/jackpotlotteryonline.com\/wp-content\/uploads\/2022\/10\/lotto_euros.jpg","contentUrl":"https:\/\/jackpotlotteryonline.com\/wp-content\/uploads\/2022\/10\/lotto_euros.jpg"},{"@type":"BreadcrumbList","@id":"https:\/\/jackpotlotteryonline.com\/hu\/nyeroszamok\/el-gordo-draw-results\/#breadcrumb","itemListElement":[{"@type":"ListItem","position":1,"name":"Home","item":"https:\/\/jackpotlotteryonline.com\/hu\/"},{"@type":"ListItem","position":2,"name":"Lott\u00f3 eredm\u00e9nyek","item":"https:\/\/jackpotlotteryonline.com\/hu\/nyeroszamok\/"},{"@type":"ListItem","position":3,"name":"El Gordo sorsol\u00e1s eredm\u00e9nyei"}]},{"@type":"WebSite","@id":"https:\/\/jackpotlotteryonline.com\/#website","url":"https:\/\/jackpotlotteryonline.com\/","name":"Lotto Online - Crack The International Lottery Jackpots","description":"","potentialAction":[{"@type":"SearchAction","target":{"@type":"EntryPoint","urlTemplate":"https:\/\/jackpotlotteryonline.com\/?s={search_term_string}"},"query-input":"required name=search_term_string"}],"inLanguage":"hu"}]}},"_links":{"self":[{"href":"https:\/\/jackpotlotteryonline.com\/hu\/wp-json\/wp\/v2\/pages\/40822","targetHints":{"allow":["GET"]}}],"collection":[{"href":"https:\/\/jackpotlotteryonline.com\/hu\/wp-json\/wp\/v2\/pages"}],"about":[{"href":"https:\/\/jackpotlotteryonline.com\/hu\/wp-json\/wp\/v2\/types\/page"}],"author":[{"embeddable":true,"href":"https:\/\/jackpotlotteryonline.com\/hu\/wp-json\/wp\/v2\/users\/1"}],"replies":[{"embeddable":true,"href":"https:\/\/jackpotlotteryonline.com\/hu\/wp-json\/wp\/v2\/comments?post=40822"}],"version-history":[{"count":0,"href":"https:\/\/jackpotlotteryonline.com\/hu\/wp-json\/wp\/v2\/pages\/40822\/revisions"}],"up":[{"embeddable":true,"href":"https:\/\/jackpotlotteryonline.com\/hu\/wp-json\/wp\/v2\/pages\/35832"}],"wp:attachment":[{"href":"https:\/\/jackpotlotteryonline.com\/hu\/wp-json\/wp\/v2\/media?parent=40822"}],"curies":[{"name":"wp","href":"https:\/\/api.w.org\/{rel}","templated":true}]}}