{"id":40880,"date":"2022-12-07T08:21:20","date_gmt":"2022-12-07T08:21:20","guid":{"rendered":"https:\/\/jackpotlotteryonline.com\/?page_id=40880"},"modified":"2022-12-28T17:58:33","modified_gmt":"2022-12-28T17:58:33","slug":"german-lotto","status":"publish","type":"page","link":"https:\/\/jackpotlotteryonline.com\/hu\/nyeroszamok\/german-lotto\/","title":{"rendered":"N\u00e9met lott\u00f3 sorsol\u00e1s eredm\u00e9nyei"},"content":{"rendered":"<p>N\u00e9met lott\u00f3 sorsol\u00e1s eredm\u00e9nyeiHa m\u00e1r <a href=\"https:\/\/jackpotlotteryonline.com\/hu\/hogyan-kell-jatszani\/german-lotto\">j\u00e1tszott\u00e1l a n\u00e9met lott\u00f3n<\/a>, vagy szeretn\u00e9d kipr\u00f3b\u00e1lni, akkor a nyer\u0151sz\u00e1mok ellen\u0151rz\u00e9se elengedhetetlen. A lott\u00f3nyerem\u00e9ny megv\u00e1ltoztatja az \u00e9letet.<\/p>\n<p>A 6 aus 49 vagy 6 a 49-b\u0151l n\u00e9ven ismert lott\u00f3 Eur\u00f3pa egyik legn\u00e9pszer\u0171bb lott\u00f3j\u00e1t\u00e9ka. A hihetetlen es\u00e9lyekkel \u00e9s \u00e9letet megv\u00e1ltoztat\u00f3 jackpot nyerem\u00e9nyekkel rendelkez\u0151 n\u00e9met lott\u00f3 kilenc k\u00fcl\u00f6nb\u00f6z\u0151 nyerem\u00e9nyszintet k\u00edn\u00e1l.<\/p>\n<p>K\u00f6nny\u0171 j\u00e1tszani, \u00e9s most m\u00e1r a vil\u00e1g b\u00e1rmely pontj\u00e1r\u00f3l r\u00e9szt vehet a n\u00e9met lott\u00f3n. A jackpotlottoonline.com oldalon a j\u00e1t\u00e9k sor\u00e1n ellen\u0151rizheti a nyer\u0151sz\u00e1mait is.<\/p>\n<h2>Hogyan kell j\u00e1tszani a n\u00e9met lott\u00f3n<\/h2>\n<p><img loading=\"lazy\" decoding=\"async\" class=\"alignright size-medium wp-image-29156\" src=\"http:\/\/jackpotlotteryonline.com\/wp-content\/uploads\/2022\/11\/1_play_lotto_to_win-300x214.jpg\" alt=\"Vegyen r\u00e9szt a n\u00e9met lott\u00f3n, hogy nyerem\u00e9nyeket nyerjen\" width=\"300\" height=\"214\" srcset=\"https:\/\/jackpotlotteryonline.com\/wp-content\/uploads\/2022\/11\/1_play_lotto_to_win-300x214.jpg 300w, https:\/\/jackpotlotteryonline.com\/wp-content\/uploads\/2022\/11\/1_play_lotto_to_win.jpg 320w\" sizes=\"auto, (max-width: 300px) 100vw, 300px\" \/>Alapvet\u0151en a j\u00e1t\u00e9kosoknak csak 6 sz\u00e1mot kell kiv\u00e1lasztaniuk az 1 \u00e9s 49 k\u00f6z\u00f6tti tartom\u00e1nyb\u00f3l, \u00e9s aki a kisorsolt eredm\u00e9nyekkel egyezik, az nyeri a jackpotot. Van egy b\u00f3nusz sz\u00e1mjegy is, amelyet szuper sz\u00e1mnak h\u00edvnak. Ezt v\u00e9letlenszer\u0171en v\u00e1lasztj\u00e1k ki, \u00e9s ez alapj\u00e1n hat\u00e1rozz\u00e1k meg a h\u00e1rom szint nyerteseit, bele\u00e9rtve a jackpotot is.<\/p>\n<p>A jackpot \u00f6sszege garant\u00e1ltan egymilli\u00f3 eur\u00f3, azonban ha a sorsol\u00e1sok ut\u00e1n nincs nyertes, a nyerem\u00e9ny tov\u00e1bbforog. A n\u00e9met lott\u00f3 jackpotja ak\u00e1r 14 000 000 eur\u00f3 is lehet, ami szerint\u00fcnk el\u00e9gg\u00e9 f\u00e9lelmetes.<\/p>\n<h2>J\u00e1t\u00e9k a jackpotlottoonline.com oldalon<\/h2>\n<p><a href=\"https:\/\/jackpotlotteryonline.com\/hu\/jegyet-vasarolni\/lotto-germany\">Amikor t\u0151l\u00fcnk v\u00e1s\u00e1rol szelv\u00e9nyt<\/a>, akkor tulajdonk\u00e9ppen r\u00e9szt vesz a lott\u00f3j\u00e1t\u00e9kban. Mi nem \u00fagy m\u0171k\u00f6d\u00fcnk, mint egyes online lott\u00f3oldalak, amelyek csup\u00e1n lehet\u0151s\u00e9get adnak a j\u00e1t\u00e9kosoknak arra, hogy fogadjanak az eredm\u00e9nyre. Ha az eredm\u00e9nyre fogadsz, m\u00e9g ha meg is tal\u00e1lod a nyer\u0151sz\u00e1mokat, nem nyersz a lott\u00f3n.<\/p>\n<p>Mi egy portaszolg\u00e1lati oldal vagyunk, amely lehet\u0151s\u00e9get ad \u00fcgyfeleinknek, hogy a vil\u00e1g minden t\u00e1j\u00e1r\u00f3l r\u00e9szt vegyenek a lott\u00f3j\u00e1t\u00e9kokban. Amikor \u00d6n online v\u00e1s\u00e1rol egy n\u00e9met lott\u00f3szelv\u00e9nyt, az orsz\u00e1gban l\u00e9v\u0151 \u00fcgyn\u00f6keink megv\u00e1s\u00e1rolj\u00e1k a fizikai szelv\u00e9nyt. A fizikai n\u00e9met lott\u00f3szelv\u00e9nyen ugyanazok a sz\u00e1mok szerepelnek, mint amelyeket \u00d6n kiv\u00e1lasztott. Ezut\u00e1n beolvassuk az \u00d6n sz\u00e1ml\u00e1j\u00e1ra.<\/p>\n<p><strong>Ha vel\u00fcnk szeretne lott\u00f3zni:<\/strong><\/p>\n<ul>\n<li>V\u00e1lasszon 6 sz\u00e1mot a 49-b\u0151l. Haszn\u00e1lhatja az automatikus gener\u00e1torunkat is, hogy v\u00e9letlenszer\u0171en v\u00e1lassza ki a lott\u00f3sz\u00e1mokat.<\/li>\n<li>Adja meg a sorsol\u00e1sokat. Egy vagy t\u00f6bb sorsol\u00e1st is megadhat.<\/li>\n<li>V\u00e1lassza ki, h\u00e1ny h\u00e9tre el\u0151re szeretne j\u00e1tszani (vagy csak egyszer j\u00e1tszhat).<\/li>\n<li>Regisztr\u00e1ljon a fizet\u00e9s feldolgoz\u00e1s\u00e1hoz (ez az\u00e9rt van, hogy \u00e9rtes\u00edthess\u00fck \u00d6nt, ha megnyerte a lott\u00f3t).<\/li>\n<\/ul>\n<h2>A n\u00e9met lott\u00f3 megnyer\u00e9se (a nyerem\u00e9nyek bont\u00e1sa)<\/h2>\n<p><img loading=\"lazy\" decoding=\"async\" class=\"alignright size-medium wp-image-28616\" src=\"http:\/\/jackpotlotteryonline.com\/wp-content\/uploads\/2022\/11\/1_online_lotto-300x128.jpg\" alt=\"J\u00e1tsszon a n\u00e9met lott\u00f3n\" width=\"300\" height=\"128\" srcset=\"https:\/\/jackpotlotteryonline.com\/wp-content\/uploads\/2022\/11\/1_online_lotto-300x128.jpg 300w, https:\/\/jackpotlotteryonline.com\/wp-content\/uploads\/2022\/11\/1_online_lotto.jpg 320w\" sizes=\"auto, (max-width: 300px) 100vw, 300px\" \/>M\u00e1r eml\u00edtett\u00fck, hogy ebben az eur\u00f3pai lott\u00f3ban 9 k\u00fcl\u00f6nb\u00f6z\u0151 nyerem\u00e9nyszint van. Ez rengeteg nyerem\u00e9ny, amit egy j\u00e1t\u00e9kos megnyerhet, ami megmagyar\u00e1zza, mi\u00e9rt olyan n\u00e9pszer\u0171 ez a lott\u00f3 a kontinensen. A jackpot megnyer\u00e9s\u00e9nek es\u00e9lye 1:139 838 160-hoz.<\/p>\n<p>Megosztjuk a k\u00fcl\u00f6nb\u00f6z\u0151 nyerem\u00e9nyszintek nyerem\u00e9nyeinek bont\u00e1s\u00e1t, valamint az egyes szintek nyerem\u00e9nyszorz\u00f3it. Emellett az egyes szelv\u00e9nyek becs\u00fclt nyerem\u00e9ny\u00e9t is k\u00f6z\u00f6lj\u00fck. A nyerem\u00e9nyeket a teljes lott\u00f3alap hat\u00e1rozza meg, de a kor\u00e1bbi nyerem\u00e9nyek alapj\u00e1n hozz\u00e1vet\u0151leges sz\u00e1madatokat lehet kapni.<\/p>\n<p>1. szint: 6 + szuper sz\u00e1m &#8211; 12 585 434,40 \u20ac (jackpot) &#8211; 1:139 838 160<\/p>\n<p>2. szint: csak 6 sz\u00e1mjegy &#8211; 1 003 509,30 \u20ac &#8211; 1: 15 537 573<\/p>\n<p>3. szint: 5 + szuper sz\u00e1m &#8211; 12 135,40 \u20ac &#8211; 1:524 008<\/p>\n<p>4. szint: csak 5 sz\u00e1mjegy &#8211; 4,019.20 \u20ac &#8211; 1:60,223<\/p>\n<p>5. szint: 4 + szuper sz\u00e1m &#8211; 191,10 \u20ac &#8211; 1:10,324<\/p>\n<p>6. szint: csak 4 sz\u00e1mjegy &#8211; 50,30 \u20ac &#8211; 1:1,147<\/p>\n<p>7. szint: 3 + szuper sz\u00e1m &#8211; 21,20 \u20ac &#8211; 1:567<\/p>\n<p>8. szint: csak 3 figura &#8211; 11,10 \u20ac &#8211; 1:63<\/p>\n<p>9. szint: 2 + szuper sz\u00e1m &#8211; 6 \u20ac &#8211; 1:76<\/p>\n<section class=\"layout\" style=\"border: solid 1px; width: 100%;\">\n<div class=\"img-div\" style=\"margin-top: 5px;\"><img decoding=\"async\" class=\"wp-image-17212 alignleft\" style=\"height: 45px; margin: 8px 8px 0px;\" src=\"http:\/\/jackpotlotteryonline.com\/wp-content\/uploads\/2022\/11\/read1.jpg\" alt=\"olvasd el\" width=\"\" height=\"\" \/><\/div>\n<div style=\"padding-left: 5px;\">\n<div style=\"font-size: 1.1em;\">\n<p><strong>Az \u00d6n nemzeti lott\u00f3ja nemzetk\u00f6zi \u00f6sszehasonl\u00edt\u00e1sban<\/strong><\/p>\n<p style=\"font-size: 0.85em; margin-top: -1.5em;\">A helyi lott\u00f3 lehet a legrosszabb v\u00e1laszt\u00e1s &#8211; mi\u00e9rt van t\u00f6bb \u00e9rtelme t\u00f6bbet fizetni, de nagyobb jackpotra menni\u00a0 <a href=\"https:\/\/jackpotlotteryonline.com\/hu\/az-onok-nemzeti-lottoja-nemzetkozi-osszehasonlitasban\"> tov\u00e1bb<\/a><\/p>\n<\/div>\n<\/div>\n<\/section>\n<h2>Ellen\u0151rizze online a nyer\u0151sz\u00e1mokat<\/h2>\n<p>Ahogyan a n\u00e9met lott\u00f3 megj\u00e1tsz\u00e1sa is hihetetlen\u00fcl egyszer\u0171, \u00fagy az eredm\u00e9nyek ellen\u0151rz\u00e9s\u00e9t is leegyszer\u0171s\u00edtett\u00fck. Ha \u00d6n is j\u00e1tszik ebben a lott\u00f3ban, akkor k\u00f6nnyed\u00e9n ellen\u0151rizheti online a nyer\u0151sz\u00e1mait. Minden sorsol\u00e1s ut\u00e1n n\u00e9zze meg, hogy nyert-e nyerem\u00e9nyt. Mivel a sorsol\u00e1s eredm\u00e9nyeit itt tessz\u00fck k\u00f6zz\u00e9.<\/p>\n<p>De m\u00e9g ha el is felejten\u00e9 ellen\u0151rizni a sorsol\u00e1sok ut\u00e1n, mi \u00e9rtes\u00edtj\u00fck, ha nyert valamilyen d\u00edjat. Nemcsak a fi\u00f3kodon kereszt\u00fcl \u00e9rtes\u00edt\u00fcnk, hanem egy e-mailt is k\u00fcld\u00fcnk neked.<\/p>\n<h2>Hogyan ig\u00e9nyelheti nyerem\u00e9ny\u00e9t<\/h2>\n<p>A n\u00e9met lott\u00f3 sorsol\u00e1sokra hetente egyszer, szerd\u00e1nk\u00e9nt ker\u00fcl sor. A sorsol\u00e1sok ut\u00e1n kihirdetj\u00fck a nyertes sz\u00e1mokat. A lott\u00f3nyerem\u00e9ny csak annyit jelent, hogy olyan szelv\u00e9nye van, amelyik megegyezik a kisorsolt eredm\u00e9nyekkel.<\/p>\n<p>Ha nyerem\u00e9nyt nyert, akkor a nyerem\u00e9ny\u00e9t k\u00f6nnyen \u00e1tveheti, ha azt a platformunkr\u00f3l a sz\u00e1ml\u00e1j\u00e1ra utalja. \u00cdgy van. B\u00e1rmely nyerem\u00e9ny, amely kevesebb, mint 2500 eur\u00f3, k\u00f6zvetlen\u00fcl a sz\u00e1ml\u00e1j\u00e1ra vehet\u0151 ki.<\/p>\n<p>A 2500 \u20ac-n\u00e1l nagyobb \u00f6sszegek eset\u00e9ben el\u0151fordulhat, hogy ki kell t\u00f6ltenie egy ig\u00e9nyl\u0151lapot a lott\u00f3t\u00e1rsas\u00e1gt\u00f3l. De mi v\u00e9gigvezetj\u00fck \u00d6nt a folyamaton. Ha teh\u00e1t m\u00e9g nem v\u00e1s\u00e1rolt n\u00e9met lott\u00f3szelv\u00e9nyt, akkor most tegye meg. \u00c9s ne feledje, hogy ellen\u0151rizze a nyer\u0151sz\u00e1mokat.<\/p>\n","protected":false},"excerpt":{"rendered":"<p>N\u00e9met lott\u00f3 sorsol\u00e1s eredm\u00e9nyeiHa m\u00e1r j\u00e1tszott\u00e1l a n\u00e9met lott\u00f3n, vagy szeretn\u00e9d kipr\u00f3b\u00e1lni, akkor a nyer\u0151sz\u00e1mok ellen\u0151rz\u00e9se elengedhetetlen. A lott\u00f3nyerem\u00e9ny megv\u00e1ltoztatja az \u00e9letet. A 6 aus 49 vagy 6 a 49-b\u0151l n\u00e9ven ismert lott\u00f3 Eur\u00f3pa egyik legn\u00e9pszer\u0171bb lott\u00f3j\u00e1t\u00e9ka. A hihetetlen es\u00e9lyekkel \u00e9s \u00e9letet megv\u00e1ltoztat\u00f3 jackpot nyerem\u00e9nyekkel rendelkez\u0151 n\u00e9met lott\u00f3 kilenc k\u00fcl\u00f6nb\u00f6z\u0151 nyerem\u00e9nyszintet k\u00edn\u00e1l. K\u00f6nny\u0171 j\u00e1tszani, \u00e9s [&hellip;]<\/p>\n","protected":false},"author":1,"featured_media":0,"parent":35832,"menu_order":8,"comment_status":"closed","ping_status":"closed","template":"lotto-german-results.php","meta":{"_et_pb_use_builder":"","_et_pb_old_content":"","_et_gb_content_width":"","exclude_from_search":false,"footnotes":""},"class_list":["post-40880","page","type-page","status-publish","hentry"],"yoast_head":"<!-- This site is optimized with the Yoast SEO plugin v23.3 - https:\/\/yoast.com\/wordpress\/plugins\/seo\/ -->\n<title>N\u00e9met lott\u00f3 nyer\u0151sz\u00e1mok \u00e9s sorsol\u00e1si eredm\u00e9nyek<\/title>\n<meta name=\"description\" content=\"A n\u00e9metorsz\u00e1gi lott\u00f3 \u00f6sszes jelenlegi \u00e9s kor\u00e1bbi nyer\u0151sz\u00e1mainak, sorsol\u00e1si eredm\u00e9nyeinek felsorol\u00e1sa itt.\" \/>\n<meta name=\"robots\" content=\"index, follow, max-snippet:-1, max-image-preview:large, max-video-preview:-1\" \/>\n<link rel=\"canonical\" href=\"https:\/\/jackpotlotteryonline.com\/hu\/nyeroszamok\/german-lotto\/\" \/>\n<meta property=\"og:locale\" content=\"hu_HU\" \/>\n<meta property=\"og:type\" content=\"article\" \/>\n<meta property=\"og:title\" content=\"N\u00e9met lott\u00f3 nyer\u0151sz\u00e1mok \u00e9s sorsol\u00e1si eredm\u00e9nyek\" \/>\n<meta property=\"og:description\" content=\"A n\u00e9metorsz\u00e1gi lott\u00f3 \u00f6sszes jelenlegi \u00e9s kor\u00e1bbi nyer\u0151sz\u00e1mainak, sorsol\u00e1si eredm\u00e9nyeinek felsorol\u00e1sa itt.\" \/>\n<meta property=\"og:url\" content=\"https:\/\/jackpotlotteryonline.com\/hu\/nyeroszamok\/german-lotto\/\" \/>\n<meta property=\"og:site_name\" content=\"Lotto Online - Crack The International Lottery Jackpots\" \/>\n<meta property=\"article:modified_time\" content=\"2022-12-28T17:58:33+00:00\" \/>\n<meta property=\"og:image\" content=\"http:\/\/jackpotlotteryonline.com\/wp-content\/uploads\/2022\/11\/1_play_lotto_to_win-300x214.jpg\" \/>\n<meta name=\"twitter:card\" content=\"summary_large_image\" \/>\n<meta name=\"twitter:label1\" content=\"Becs\u00fclt olvas\u00e1si id\u0151\" \/>\n\t<meta name=\"twitter:data1\" content=\"4 perc\" \/>\n<!-- \/ Yoast SEO plugin. -->","yoast_head_json":{"title":"N\u00e9met lott\u00f3 nyer\u0151sz\u00e1mok \u00e9s sorsol\u00e1si eredm\u00e9nyek","description":"A n\u00e9metorsz\u00e1gi lott\u00f3 \u00f6sszes jelenlegi \u00e9s kor\u00e1bbi nyer\u0151sz\u00e1mainak, sorsol\u00e1si eredm\u00e9nyeinek felsorol\u00e1sa itt.","robots":{"index":"index","follow":"follow","max-snippet":"max-snippet:-1","max-image-preview":"max-image-preview:large","max-video-preview":"max-video-preview:-1"},"canonical":"https:\/\/jackpotlotteryonline.com\/hu\/nyeroszamok\/german-lotto\/","og_locale":"hu_HU","og_type":"article","og_title":"N\u00e9met lott\u00f3 nyer\u0151sz\u00e1mok \u00e9s sorsol\u00e1si eredm\u00e9nyek","og_description":"A n\u00e9metorsz\u00e1gi lott\u00f3 \u00f6sszes jelenlegi \u00e9s kor\u00e1bbi nyer\u0151sz\u00e1mainak, sorsol\u00e1si eredm\u00e9nyeinek felsorol\u00e1sa itt.","og_url":"https:\/\/jackpotlotteryonline.com\/hu\/nyeroszamok\/german-lotto\/","og_site_name":"Lotto Online - Crack The International Lottery Jackpots","article_modified_time":"2022-12-28T17:58:33+00:00","og_image":[{"url":"http:\/\/jackpotlotteryonline.com\/wp-content\/uploads\/2022\/11\/1_play_lotto_to_win-300x214.jpg"}],"twitter_card":"summary_large_image","twitter_misc":{"Becs\u00fclt olvas\u00e1si id\u0151":"4 perc"},"schema":{"@context":"https:\/\/schema.org","@graph":[{"@type":"WebPage","@id":"https:\/\/jackpotlotteryonline.com\/hu\/nyeroszamok\/german-lotto\/","url":"https:\/\/jackpotlotteryonline.com\/hu\/nyeroszamok\/german-lotto\/","name":"N\u00e9met lott\u00f3 nyer\u0151sz\u00e1mok \u00e9s sorsol\u00e1si eredm\u00e9nyek","isPartOf":{"@id":"https:\/\/jackpotlotteryonline.com\/#website"},"primaryImageOfPage":{"@id":"https:\/\/jackpotlotteryonline.com\/hu\/nyeroszamok\/german-lotto\/#primaryimage"},"image":{"@id":"https:\/\/jackpotlotteryonline.com\/hu\/nyeroszamok\/german-lotto\/#primaryimage"},"thumbnailUrl":"http:\/\/jackpotlotteryonline.com\/wp-content\/uploads\/2022\/11\/1_play_lotto_to_win-300x214.jpg","datePublished":"2022-12-07T08:21:20+00:00","dateModified":"2022-12-28T17:58:33+00:00","description":"A n\u00e9metorsz\u00e1gi lott\u00f3 \u00f6sszes jelenlegi \u00e9s kor\u00e1bbi nyer\u0151sz\u00e1mainak, sorsol\u00e1si eredm\u00e9nyeinek felsorol\u00e1sa itt.","breadcrumb":{"@id":"https:\/\/jackpotlotteryonline.com\/hu\/nyeroszamok\/german-lotto\/#breadcrumb"},"inLanguage":"hu","potentialAction":[{"@type":"ReadAction","target":["https:\/\/jackpotlotteryonline.com\/hu\/nyeroszamok\/german-lotto\/"]}]},{"@type":"ImageObject","inLanguage":"hu","@id":"https:\/\/jackpotlotteryonline.com\/hu\/nyeroszamok\/german-lotto\/#primaryimage","url":"http:\/\/jackpotlotteryonline.com\/wp-content\/uploads\/2022\/11\/1_play_lotto_to_win-300x214.jpg","contentUrl":"http:\/\/jackpotlotteryonline.com\/wp-content\/uploads\/2022\/11\/1_play_lotto_to_win-300x214.jpg"},{"@type":"BreadcrumbList","@id":"https:\/\/jackpotlotteryonline.com\/hu\/nyeroszamok\/german-lotto\/#breadcrumb","itemListElement":[{"@type":"ListItem","position":1,"name":"Home","item":"https:\/\/jackpotlotteryonline.com\/hu\/"},{"@type":"ListItem","position":2,"name":"Lott\u00f3 eredm\u00e9nyek","item":"https:\/\/jackpotlotteryonline.com\/hu\/nyeroszamok\/"},{"@type":"ListItem","position":3,"name":"N\u00e9met lott\u00f3 sorsol\u00e1s eredm\u00e9nyei"}]},{"@type":"WebSite","@id":"https:\/\/jackpotlotteryonline.com\/#website","url":"https:\/\/jackpotlotteryonline.com\/","name":"Lotto Online - Crack The International Lottery Jackpots","description":"","potentialAction":[{"@type":"SearchAction","target":{"@type":"EntryPoint","urlTemplate":"https:\/\/jackpotlotteryonline.com\/?s={search_term_string}"},"query-input":"required name=search_term_string"}],"inLanguage":"hu"}]}},"_links":{"self":[{"href":"https:\/\/jackpotlotteryonline.com\/hu\/wp-json\/wp\/v2\/pages\/40880","targetHints":{"allow":["GET"]}}],"collection":[{"href":"https:\/\/jackpotlotteryonline.com\/hu\/wp-json\/wp\/v2\/pages"}],"about":[{"href":"https:\/\/jackpotlotteryonline.com\/hu\/wp-json\/wp\/v2\/types\/page"}],"author":[{"embeddable":true,"href":"https:\/\/jackpotlotteryonline.com\/hu\/wp-json\/wp\/v2\/users\/1"}],"replies":[{"embeddable":true,"href":"https:\/\/jackpotlotteryonline.com\/hu\/wp-json\/wp\/v2\/comments?post=40880"}],"version-history":[{"count":0,"href":"https:\/\/jackpotlotteryonline.com\/hu\/wp-json\/wp\/v2\/pages\/40880\/revisions"}],"up":[{"embeddable":true,"href":"https:\/\/jackpotlotteryonline.com\/hu\/wp-json\/wp\/v2\/pages\/35832"}],"wp:attachment":[{"href":"https:\/\/jackpotlotteryonline.com\/hu\/wp-json\/wp\/v2\/media?parent=40880"}],"curies":[{"name":"wp","href":"https:\/\/api.w.org\/{rel}","templated":true}]}}