{"id":40935,"date":"2022-12-07T10:26:30","date_gmt":"2022-12-07T10:26:30","guid":{"rendered":"https:\/\/jackpotlotteryonline.com\/?page_id=40935"},"modified":"2022-12-28T20:51:57","modified_gmt":"2022-12-28T20:51:57","slug":"france-lotto-2","status":"publish","type":"page","link":"https:\/\/jackpotlotteryonline.com\/hu\/nyeroszamok\/france-lotto-2\/","title":{"rendered":"Franciaorsz\u00e1g Lotto sorsol\u00e1s eredm\u00e9nye"},"content":{"rendered":"<p>A France Lotto egy eur\u00f3pai lott\u00f3, amely hetente h\u00e1romszor hoz ki nyerteseket. A lott\u00f3 1976-ban indult, sorsol\u00e1si napjai h\u00e9tf\u0151nk\u00e9nt, szerd\u00e1nk\u00e9nt \u00e9s szombatonk\u00e9nt vannak. A France Lotto nyer\u0151sz\u00e1mait ezeken a napokon hirdetik ki. A vil\u00e1g minden t\u00e1j\u00e1r\u00f3l \u00e9rkez\u0151 nyertesek online szelv\u00e9nyv\u00e1s\u00e1rl\u00e1ssal vehetnek r\u00e9szt a France Lotto j\u00e1t\u00e9kban.<\/p>\n<h2>Mi\u00e9rt \u00e9rdemes ellen\u0151rizni a nyer\u0151sz\u00e1mokat<\/h2>\n<p>A France Lotto t\u00e1rsas\u00e1g \u00e1ltal\u00e1ban nem ismeri mindazok szem\u00e9lyazonoss\u00e1g\u00e1t, akik szelv\u00e9nyt hoztak. \u00cdgy nincs m\u00f3djuk arra, hogy kapcsolatba l\u00e9pjenek a lott\u00f3 nyertes szelv\u00e9nyeivel. Ez\u00e9rt kell folyamatosan ellen\u0151riznie a szelv\u00e9ny\u00e9t a kisorsolt sz\u00e1mokkal, hogy megtudja, nyert-e.<\/p>\n<p>A francia lott\u00f3nak 10 nyerem\u00e9nyoszt\u00e1lya van. El\u0151fordulhat, hogy egy j\u00e1t\u00e9kos nem nyerte meg a jackpotot, de nyerhetett m\u00e1s nyerem\u00e9nyeket.<\/p>\n<h2>A France Lotto nyer\u0151eredm\u00e9nyek ellen\u0151rz\u00e9s\u00e9nek m\u00f3djai<\/h2>\n<p><img loading=\"lazy\" decoding=\"async\" class=\"alignright wp-image-31748\" src=\"http:\/\/jackpotlotteryonline.com\/wp-content\/uploads\/2022\/11\/rf_results_page-300x225.jpg\" alt=\"Franciaorsz\u00e1g Lotto nyer\u0151sz\u00e1mok eredm\u00e9nyei\" width=\"244\" height=\"183\" srcset=\"https:\/\/jackpotlotteryonline.com\/wp-content\/uploads\/2022\/11\/rf_results_page-300x225.jpg 300w, https:\/\/jackpotlotteryonline.com\/wp-content\/uploads\/2022\/11\/rf_results_page-600x449.jpg 600w, https:\/\/jackpotlotteryonline.com\/wp-content\/uploads\/2022\/11\/rf_results_page-768x575.jpg 768w, https:\/\/jackpotlotteryonline.com\/wp-content\/uploads\/2022\/11\/rf_results_page.jpg 801w\" sizes=\"auto, (max-width: 244px) 100vw, 244px\" \/>A Franciaorsz\u00e1g lott\u00f3 sorsol\u00e1si eredm\u00e9nyeit t\u00f6bbf\u00e9lek\u00e9ppen is ellen\u0151rizheti. Ez elengedhetetlen ahhoz, hogy kital\u00e1ljuk a jackpot nyertes szelv\u00e9ny\u00e9t. Ne feledje, hogy az nyer, aki a kisorsolt sz\u00e1mokkal egyezik. Ha szelv\u00e9nyt v\u00e1s\u00e1rol a Franciaorsz\u00e1g lott\u00f3ra, a sorsol\u00e1si eredm\u00e9nyeket az al\u00e1bbi m\u00f3dokon ellen\u0151rizheti:<\/p>\n<h3>N\u00e9zze az \u00e9l\u0151 telev\u00edzi\u00f3s sorsol\u00e1st<\/h3>\n<p>Ez t\u00e9nyleg nagyon izgalmas, mert a sz\u00e1mokat kihirdetik, \u00e9s azonnal megtudhatja, hogy nyert-e. A probl\u00e9ma ezzel az, hogy Franciaorsz\u00e1gban kell \u00e9lnie ahhoz, hogy \u00e9l\u0151ben n\u00e9zhesse a francia lott\u00f3 sorsol\u00e1sokat.<\/p>\n<section class=\"layout\" style=\"border: solid 1px; width: 100%;\">\n<div class=\"img-div\" style=\"margin-top: 5px;\"><img decoding=\"async\" class=\"wp-image-17212 alignleft\" style=\"height: 45px; margin: 8px 8px 0px;\" src=\"http:\/\/jackpotlotteryonline.com\/wp-content\/uploads\/2022\/11\/read1.jpg\" alt=\"olvasd el\" width=\"\" height=\"\" \/><\/div>\n<div style=\"padding-left: 5px;\">\n<div style=\"font-size: 1.1em;\">\n<p><strong>Ne hagyja ki a vil\u00e1g legnagyobb lott\u00f3 jackpotjainak sorsol\u00e1si id\u0151pontjait<\/strong><\/p>\n<p style=\"font-size: 0.85em; margin-top: -1.5em;\">A nemzetk\u00f6zi lott\u00f3j\u00e1t\u00e9kok sorsol\u00e1si id\u0151pontjainak list\u00e1ja\u00a0<a href=\"https:\/\/jackpotlotteryonline.com\/hu\/mikor-vannak-a-nemzetkozi-lottojatekok-sorsolasi-idopontjai\"> tov\u00e1bb<\/a><\/p>\n<\/div>\n<\/div>\n<\/section>\n<h3>L\u00e1togasson el a h\u00edroldalakra<\/h3>\n<p>Egy m\u00e1sik m\u00f3dja a sorsol\u00e1si eredm\u00e9nyek ellen\u0151rz\u00e9s\u00e9nek, ha megn\u00e9zi a h\u00edroldalakat. A k\u00fcl\u00f6nb\u00f6z\u0151 h\u00edroldalak k\u00f6zz\u00e9teszik a nyertes kombin\u00e1ci\u00f3kat az oldalaikon. Ez k\u00fcl\u00f6n\u00f6sen igaz az eur\u00f3pai h\u00edroldalakra. Ha megnyeri a jackpotot, akkor ez egy nagyszer\u0171 lehet\u0151s\u00e9g. Azonban sz\u00e1mos m\u00e1s nyerem\u00e9nyoszt\u00e1s is van, amit egy j\u00e1t\u00e9kos megnyerhet. Sajnos ezek az oldalak \u00e1ltal\u00e1ban nem teszik k\u00f6zz\u00e9 a nyer\u0151 kombin\u00e1ci\u00f3kat ezekhez a div\u00edzi\u00f3khoz. \u00cdgy, ha p\u00e9ld\u00e1ul egy m\u00e1sodoszt\u00e1ly\u00fa nyerem\u00e9nyt nyersz, lehet, hogy lemaradsz r\u00f3la.<\/p>\n<h3>Ellen\u0151rizze a jackpotlotteryonline.com webhelyet<\/h3>\n<p>Ha regisztr\u00e1l n\u00e1lunk, k\u00f6nnyed\u00e9n ellen\u0151rizheti a francia lott\u00f3 nyer\u0151sz\u00e1mait. Minden sorsol\u00e1s ut\u00e1n az eredm\u00e9nyeket itt, az oldalunkon tessz\u00fck k\u00f6zz\u00e9. Tov\u00e1bb\u00e1, ha b\u00e1rmilyen nyerem\u00e9nyt megnyert, azonnal \u00e9rtes\u00edtj\u00fck \u00d6nt, f\u00fcggetlen\u00fcl att\u00f3l, hogy milyen nyerem\u00e9nyoszt\u00e1lyt nyert. R\u00e1ad\u00e1sul a lott\u00f3nyerem\u00e9ny\u00e9t k\u00f6zvetlen\u00fcl az oldalunkon kereszt\u00fcl a sz\u00e1ml\u00e1j\u00e1ra is kiveheti.<\/p>\n<h2>Az online j\u00e1t\u00e9k el\u0151nyei<\/h2>\n<p>Az, hogy k\u00e9nyelmesen ellen\u0151rizheti a sorsol\u00e1s eredm\u00e9nyeit, csak az egyik el\u0151nye az<a href=\"https:\/\/jackpotlotteryonline.com\/hu\/hogyan-kell-jatszani\/france-lotto\"> online lott\u00f3j\u00e1t\u00e9knak<\/a>. De egyet kell \u00e9rten\u00fcnk abban, hogy ez egy hatalmas el\u0151ny. \u00cdme n\u00e9h\u00e1ny el\u0151ny di\u00f3h\u00e9jban:<\/p>\n<ul>\n<li>Hozz\u00e1f\u00e9r\u00e9s a legjobb nemzetk\u00f6zi lott\u00f3j\u00e1t\u00e9kokhoz b\u00e1rhonnan<\/li>\n<li>A k\u00e9nyelmes j\u00e1t\u00e9k a sz\u00e1m\u00edt\u00f3g\u00e9p\u00e9r\u0151l vagy mobileszk\u00f6z\u00e9r\u0151l<\/li>\n<li>K\u00f6nnyed\u00e9n \u00fctemezhet el\u0151re t\u00f6bb sorsol\u00e1st<\/li>\n<li>A sorsol\u00e1si eredm\u00e9nyek k\u00e9nyelmes ellen\u0151rz\u00e9se<\/li>\n<li>Nyerem\u00e9nyeinek kifizet\u00e9se k\u00f6zvetlen\u00fcl a sz\u00e1ml\u00e1j\u00e1ra<\/li>\n<\/ul>\n<h2>Franciaorsz\u00e1g Lotto nyer\u0151 kombin\u00e1ci\u00f3k<\/h2>\n<p>A megfelel\u0151 kombin\u00e1ci\u00f3 kiv\u00e1laszt\u00e1sa a Franciaorsz\u00e1g lott\u00f3szelv\u00e9nyhez el\u00e9g tr\u00fckk\u00f6s lehet. Sok j\u00e1t\u00e9kosnak vannak k\u00fcl\u00f6nb\u00f6z\u0151 tippjei, amelyekkel n\u00f6velik a lott\u00f3nyerem\u00e9ny es\u00e9lyeit. Annyit el\u00e1rulhatunk, hogy nincs garant\u00e1lt m\u00f3dszer a lott\u00f3nyer\u00e9sre. Ez szerencse k\u00e9rd\u00e9se. Megoszthatunk azonban n\u00e9h\u00e1ny strat\u00e9gi\u00e1t, amelyet a j\u00e1t\u00e9kosok a nyer\u0151 sz\u00e1mjegyek kiv\u00e1laszt\u00e1s\u00e1hoz haszn\u00e1lnak.<\/p>\n<p>Egyes j\u00e1t\u00e9kosok szeretik \u00e1tn\u00e9zni a m\u00faltbeli nyer\u0151 kombin\u00e1ci\u00f3kat, hogy megtal\u00e1lj\u00e1k a rendszeresen vagy ritk\u00e1n el\u0151fordul\u00f3 sz\u00e1mokat. K\u00e9pesek felismerni egy mint\u00e1t, \u00e9s azt felhaszn\u00e1lva strat\u00e9gi\u00e1t alkotnak a lott\u00f3j\u00e1t\u00e9khoz. Hogy ez m\u0171k\u00f6dik-e vagy sem, neh\u00e9z megmondani.<\/p>\n<p>M\u00e1s j\u00e1t\u00e9kosok \u00fagy d\u00f6ntenek, hogy gyakran j\u00e1tszanak, t\u00f6bb szelv\u00e9nyt v\u00e1s\u00e1rolnak \u00e9s t\u00f6bb sorsol\u00e1son vesznek r\u00e9szt. Ennek logik\u00e1ja az, hogy min\u00e9l t\u00f6bbsz\u00f6r j\u00e1tszik a lott\u00f3n, ann\u00e1l nagyobb az es\u00e9lye a nyer\u00e9sre. \u00c9rdekes m\u00f3don a legt\u00f6bb nyertes \u00e9vekig j\u00e1tszott, miel\u0151tt megnyerte volna a lott\u00f3t. Vannak azonban olyanok is, akik m\u00e1r az els\u0151 alkalommal nyertek, amikor j\u00e1tszottak.<\/p>\n<h2>K\u00f6vetkeztet\u00e9s<\/h2>\n<p>\u00d6sszefoglalva, a francia lott\u00f3 egy szerencsej\u00e1t\u00e9k. Megv\u00e1s\u00e1rolhatja a <a href=\"https:\/\/jackpotlotteryonline.com\/hu\/jegyet-vasarolni\/lotto-france\">franciaorsz\u00e1gi lott\u00f3szelv\u00e9nyeket<\/a> \u00e9s ellen\u0151rizheti a nyer\u0151 kombin\u00e1ci\u00f3kat itt a jackpotlotteryonline.com oldalon.<\/p>\n","protected":false},"excerpt":{"rendered":"<p>A France Lotto egy eur\u00f3pai lott\u00f3, amely hetente h\u00e1romszor hoz ki nyerteseket. A lott\u00f3 1976-ban indult, sorsol\u00e1si napjai h\u00e9tf\u0151nk\u00e9nt, szerd\u00e1nk\u00e9nt \u00e9s szombatonk\u00e9nt vannak. A France Lotto nyer\u0151sz\u00e1mait ezeken a napokon hirdetik ki. A vil\u00e1g minden t\u00e1j\u00e1r\u00f3l \u00e9rkez\u0151 nyertesek online szelv\u00e9nyv\u00e1s\u00e1rl\u00e1ssal vehetnek r\u00e9szt a France Lotto j\u00e1t\u00e9kban. Mi\u00e9rt \u00e9rdemes ellen\u0151rizni a nyer\u0151sz\u00e1mokat A France Lotto t\u00e1rsas\u00e1g [&hellip;]<\/p>\n","protected":false},"author":1,"featured_media":0,"parent":35832,"menu_order":9,"comment_status":"closed","ping_status":"closed","template":"lotto-fr-results.php","meta":{"_et_pb_use_builder":"","_et_pb_old_content":"","_et_gb_content_width":"","exclude_from_search":false,"footnotes":""},"class_list":["post-40935","page","type-page","status-publish","hentry"],"yoast_head":"<!-- This site is optimized with the Yoast SEO plugin v23.3 - https:\/\/yoast.com\/wordpress\/plugins\/seo\/ -->\n<title>Franciaorsz\u00e1g lott\u00f3 nyer\u0151sz\u00e1mok \u00e9s sorsol\u00e1si eredm\u00e9nyek<\/title>\n<meta name=\"description\" content=\"Szeretn\u00e9 tudni a francia lott\u00f3 nyer\u0151sz\u00e1mait \u00e9s sorsol\u00e1si eredm\u00e9nyeit? N\u00e9zze meg a Lotto Franciaorsz\u00e1g eredm\u00e9nyek oldalunkat \u00e9s arch\u00edvumunkat\" \/>\n<meta name=\"robots\" content=\"index, follow, max-snippet:-1, max-image-preview:large, max-video-preview:-1\" \/>\n<link rel=\"canonical\" href=\"https:\/\/jackpotlotteryonline.com\/hu\/nyeroszamok\/france-lotto-2\/\" \/>\n<meta property=\"og:locale\" content=\"hu_HU\" \/>\n<meta property=\"og:type\" content=\"article\" \/>\n<meta property=\"og:title\" content=\"Franciaorsz\u00e1g lott\u00f3 nyer\u0151sz\u00e1mok \u00e9s sorsol\u00e1si eredm\u00e9nyek\" \/>\n<meta property=\"og:description\" content=\"Szeretn\u00e9 tudni a francia lott\u00f3 nyer\u0151sz\u00e1mait \u00e9s sorsol\u00e1si eredm\u00e9nyeit? N\u00e9zze meg a Lotto Franciaorsz\u00e1g eredm\u00e9nyek oldalunkat \u00e9s arch\u00edvumunkat\" \/>\n<meta property=\"og:url\" content=\"https:\/\/jackpotlotteryonline.com\/hu\/nyeroszamok\/france-lotto-2\/\" \/>\n<meta property=\"og:site_name\" content=\"Lotto Online - Crack The International Lottery Jackpots\" \/>\n<meta property=\"article:modified_time\" content=\"2022-12-28T20:51:57+00:00\" \/>\n<meta property=\"og:image\" content=\"http:\/\/jackpotlotteryonline.com\/wp-content\/uploads\/2022\/11\/rf_results_page-300x225.jpg\" \/>\n<meta name=\"twitter:card\" content=\"summary_large_image\" \/>\n<meta name=\"twitter:label1\" content=\"Becs\u00fclt olvas\u00e1si id\u0151\" \/>\n\t<meta name=\"twitter:data1\" content=\"3 perc\" \/>\n<!-- \/ Yoast SEO plugin. -->","yoast_head_json":{"title":"Franciaorsz\u00e1g lott\u00f3 nyer\u0151sz\u00e1mok \u00e9s sorsol\u00e1si eredm\u00e9nyek","description":"Szeretn\u00e9 tudni a francia lott\u00f3 nyer\u0151sz\u00e1mait \u00e9s sorsol\u00e1si eredm\u00e9nyeit? N\u00e9zze meg a Lotto Franciaorsz\u00e1g eredm\u00e9nyek oldalunkat \u00e9s arch\u00edvumunkat","robots":{"index":"index","follow":"follow","max-snippet":"max-snippet:-1","max-image-preview":"max-image-preview:large","max-video-preview":"max-video-preview:-1"},"canonical":"https:\/\/jackpotlotteryonline.com\/hu\/nyeroszamok\/france-lotto-2\/","og_locale":"hu_HU","og_type":"article","og_title":"Franciaorsz\u00e1g lott\u00f3 nyer\u0151sz\u00e1mok \u00e9s sorsol\u00e1si eredm\u00e9nyek","og_description":"Szeretn\u00e9 tudni a francia lott\u00f3 nyer\u0151sz\u00e1mait \u00e9s sorsol\u00e1si eredm\u00e9nyeit? N\u00e9zze meg a Lotto Franciaorsz\u00e1g eredm\u00e9nyek oldalunkat \u00e9s arch\u00edvumunkat","og_url":"https:\/\/jackpotlotteryonline.com\/hu\/nyeroszamok\/france-lotto-2\/","og_site_name":"Lotto Online - Crack The International Lottery Jackpots","article_modified_time":"2022-12-28T20:51:57+00:00","og_image":[{"url":"http:\/\/jackpotlotteryonline.com\/wp-content\/uploads\/2022\/11\/rf_results_page-300x225.jpg"}],"twitter_card":"summary_large_image","twitter_misc":{"Becs\u00fclt olvas\u00e1si id\u0151":"3 perc"},"schema":{"@context":"https:\/\/schema.org","@graph":[{"@type":"WebPage","@id":"https:\/\/jackpotlotteryonline.com\/hu\/nyeroszamok\/france-lotto-2\/","url":"https:\/\/jackpotlotteryonline.com\/hu\/nyeroszamok\/france-lotto-2\/","name":"Franciaorsz\u00e1g lott\u00f3 nyer\u0151sz\u00e1mok \u00e9s sorsol\u00e1si eredm\u00e9nyek","isPartOf":{"@id":"https:\/\/jackpotlotteryonline.com\/#website"},"primaryImageOfPage":{"@id":"https:\/\/jackpotlotteryonline.com\/hu\/nyeroszamok\/france-lotto-2\/#primaryimage"},"image":{"@id":"https:\/\/jackpotlotteryonline.com\/hu\/nyeroszamok\/france-lotto-2\/#primaryimage"},"thumbnailUrl":"http:\/\/jackpotlotteryonline.com\/wp-content\/uploads\/2022\/11\/rf_results_page-300x225.jpg","datePublished":"2022-12-07T10:26:30+00:00","dateModified":"2022-12-28T20:51:57+00:00","description":"Szeretn\u00e9 tudni a francia lott\u00f3 nyer\u0151sz\u00e1mait \u00e9s sorsol\u00e1si eredm\u00e9nyeit? N\u00e9zze meg a Lotto Franciaorsz\u00e1g eredm\u00e9nyek oldalunkat \u00e9s arch\u00edvumunkat","breadcrumb":{"@id":"https:\/\/jackpotlotteryonline.com\/hu\/nyeroszamok\/france-lotto-2\/#breadcrumb"},"inLanguage":"hu","potentialAction":[{"@type":"ReadAction","target":["https:\/\/jackpotlotteryonline.com\/hu\/nyeroszamok\/france-lotto-2\/"]}]},{"@type":"ImageObject","inLanguage":"hu","@id":"https:\/\/jackpotlotteryonline.com\/hu\/nyeroszamok\/france-lotto-2\/#primaryimage","url":"http:\/\/jackpotlotteryonline.com\/wp-content\/uploads\/2022\/11\/rf_results_page-300x225.jpg","contentUrl":"http:\/\/jackpotlotteryonline.com\/wp-content\/uploads\/2022\/11\/rf_results_page-300x225.jpg"},{"@type":"BreadcrumbList","@id":"https:\/\/jackpotlotteryonline.com\/hu\/nyeroszamok\/france-lotto-2\/#breadcrumb","itemListElement":[{"@type":"ListItem","position":1,"name":"Home","item":"https:\/\/jackpotlotteryonline.com\/hu\/"},{"@type":"ListItem","position":2,"name":"Lott\u00f3 eredm\u00e9nyek","item":"https:\/\/jackpotlotteryonline.com\/hu\/nyeroszamok\/"},{"@type":"ListItem","position":3,"name":"Franciaorsz\u00e1g Lotto sorsol\u00e1s eredm\u00e9nye"}]},{"@type":"WebSite","@id":"https:\/\/jackpotlotteryonline.com\/#website","url":"https:\/\/jackpotlotteryonline.com\/","name":"Lotto Online - Crack The International Lottery Jackpots","description":"","potentialAction":[{"@type":"SearchAction","target":{"@type":"EntryPoint","urlTemplate":"https:\/\/jackpotlotteryonline.com\/?s={search_term_string}"},"query-input":"required name=search_term_string"}],"inLanguage":"hu"}]}},"_links":{"self":[{"href":"https:\/\/jackpotlotteryonline.com\/hu\/wp-json\/wp\/v2\/pages\/40935","targetHints":{"allow":["GET"]}}],"collection":[{"href":"https:\/\/jackpotlotteryonline.com\/hu\/wp-json\/wp\/v2\/pages"}],"about":[{"href":"https:\/\/jackpotlotteryonline.com\/hu\/wp-json\/wp\/v2\/types\/page"}],"author":[{"embeddable":true,"href":"https:\/\/jackpotlotteryonline.com\/hu\/wp-json\/wp\/v2\/users\/1"}],"replies":[{"embeddable":true,"href":"https:\/\/jackpotlotteryonline.com\/hu\/wp-json\/wp\/v2\/comments?post=40935"}],"version-history":[{"count":0,"href":"https:\/\/jackpotlotteryonline.com\/hu\/wp-json\/wp\/v2\/pages\/40935\/revisions"}],"up":[{"embeddable":true,"href":"https:\/\/jackpotlotteryonline.com\/hu\/wp-json\/wp\/v2\/pages\/35832"}],"wp:attachment":[{"href":"https:\/\/jackpotlotteryonline.com\/hu\/wp-json\/wp\/v2\/media?parent=40935"}],"curies":[{"name":"wp","href":"https:\/\/api.w.org\/{rel}","templated":true}]}}