{"id":40990,"date":"2022-12-07T12:14:13","date_gmt":"2022-12-07T12:14:13","guid":{"rendered":"https:\/\/jackpotlotteryonline.com\/?page_id=40990"},"modified":"2023-01-03T09:17:41","modified_gmt":"2023-01-03T09:17:41","slug":"uk-lottery","status":"publish","type":"page","link":"https:\/\/jackpotlotteryonline.com\/hu\/hogyan-kell-jatszani\/uk-lottery\/","title":{"rendered":"J\u00e1tsszon az Egyes\u00fclt Kir\u00e1lys\u00e1g lott\u00f3n b\u00e1rhonnan"},"content":{"rendered":"<p>Az Egyes\u00fclt Kir\u00e1lys\u00e1g lott\u00f3 egy olyan lott\u00f3j\u00e1t\u00e9k, amelyet az Egyes\u00fclt Kir\u00e1lys\u00e1gban j\u00e1tszanak. Ez az orsz\u00e1g ad otthont sz\u00e1mos lott\u00f3j\u00e1t\u00e9knak, k\u00f6zt\u00fck a Set for Life j\u00e1t\u00e9knak, amely egy j\u00e1rad\u00e9kos j\u00e1t\u00e9k. De mi most nem a Set for Life-r\u00f3l besz\u00e9l\u00fcnk. Ez egy olyan j\u00e1t\u00e9k, amelyet a j\u00e1t\u00e9kosok sz\u00f3rakoz\u00e1sb\u00f3l j\u00e1tszanak, \u00e9s most m\u00e1r online is j\u00e1tszhatod ezt a j\u00e1t\u00e9kot. B\u00e1r arr\u00f3l ismert, hogy id\u0151nk\u00e9nt milliomosokat csin\u00e1l, a kifizet\u00e9sek nem t\u00fal b\u0151kez\u0171ek. Legink\u00e1bb az\u00e9rt, mert a kifizet\u00e9sek a lott\u00f3alapokt\u00f3l f\u00fcggnek.<\/p>\n<p>Ezt \u00e9s m\u00e1s top nemzetk\u00f6zi lott\u00f3j\u00e1t\u00e9kokat online j\u00e1tszhatsz az oldalunkon. Egyszer\u0171en l\u00e1togasson el a jackpotlotteryonline.com oldalra, \u00e9s regisztr\u00e1ljon n\u00e1lunk, hogy es\u00e9lyt kapjon a nagy nyerem\u00e9nyre.<\/p>\n<h2>Hogyan j\u00e1tsszon az Egyes\u00fclt Kir\u00e1lys\u00e1gban lott\u00f3t<\/h2>\n<p><img loading=\"lazy\" decoding=\"async\" class=\"alignright size-full wp-image-31370\" src=\"http:\/\/jackpotlotteryonline.com\/wp-content\/uploads\/2022\/11\/lotteryticket.jpg\" alt=\"J\u00e1tsszon az Egyes\u00fclt Kir\u00e1lys\u00e1g lott\u00f3n\" width=\"212\" height=\"142\" \/>Ez a j\u00e1t\u00e9k nagyon hasonl\u00edt a t\u00f6bbi lott\u00f3j\u00e1t\u00e9khoz. A j\u00e1t\u00e9k szab\u00e1lyai szerint a j\u00e1t\u00e9kosnak 6 sz\u00e1mot kell kiv\u00e1lasztania az 1-t\u0151l 49-ig terjed\u0151 sz\u00e1mok k\u00f6z\u00fcl. Van egy b\u00f3nuszsz\u00e1m is, amelyet a sorsol\u00e1sok sor\u00e1n v\u00e1lasztanak ki. Ez alapj\u00e1n hat\u00e1rozz\u00e1k meg a t\u00f6bbi nyerem\u00e9nykateg\u00f3ria nyerteseit. A b\u00f3nuszsz\u00e1mot v\u00e9letlenszer\u0171en v\u00e1lasztj\u00e1k ki a sorsol\u00e1s sor\u00e1n, nem pedig a j\u00e1t\u00e9kosok.<\/p>\n<p>Hogy \u0151szint\u00e9k legy\u00fcnk, nem vagyunk rajong\u00f3i az Egyes\u00fclt Kir\u00e1lys\u00e1g lott\u00f3j\u00e1nak az alacsony kifizet\u00e9sek miatt. M\u00e9g ha a kisorsolt sz\u00e1mokkal egyezik is, nem tudjuk garant\u00e1lni, hogy mit vihet haza.<\/p>\n<p>L\u00e1togasson el oldalunkra, ahol m\u00e1s lott\u00f3j\u00e1t\u00e9kokat is j\u00e1tszhat, mint p\u00e9ld\u00e1ul az amerikai Powerball \u00e9s Mega Millions. Ezekn\u00e9l a lott\u00f3j\u00e1t\u00e9kokn\u00e1l a minim\u00e1lis jackpot 40 milli\u00f3 doll\u00e1r. Vannak m\u00e1s eur\u00f3pai lott\u00f3j\u00e1t\u00e9kok is, amelyeken j\u00e1tszhat, mint p\u00e9ld\u00e1ul az Euromillions \u00e9s az Eurojackpot. A mi \u00e1lmunk az \u00fcgyfeleink sz\u00e1m\u00e1ra, hogy nagyot nyerjenek.<\/p>\n<h2>Hogyan lehet online r\u00e9szt venni az Egyes\u00fclt Kir\u00e1lys\u00e1g lott\u00f3n<\/h2>\n<p>Az online j\u00e1t\u00e9k egy kicsit m\u00e1s, mint a fizikai \u00e9rt\u00e9kes\u00edt\u0151n\u00e9l. A k\u00fcl\u00f6nbs\u00e9g nem rossz dolog. S\u0151t, szuper k\u00e9nyelmess\u00e9 teszi a lott\u00f3j\u00e1t\u00e9kot. K\u00f6vesse az al\u00e1bbi l\u00e9p\u00e9seket, hogy r\u00e9szt vehessen az Egyes\u00fclt Kir\u00e1lys\u00e1g lott\u00f3j\u00e1t\u00e9k\u00e1n az oldalunkon.<\/p>\n<ol>\n<li>L\u00e1togasson el az Egyes\u00fclt Kir\u00e1lys\u00e1g lott\u00f3 oldal\u00e1ra<\/li>\n<li>V\u00e1lasszon 6 sz\u00e1mot az 1 \u00e9s 49 k\u00f6z\u00f6tti tartom\u00e1nyb\u00f3l (ha nem tudja biztosan, hogy milyen sz\u00e1mokat haszn\u00e1ljon, pr\u00f3b\u00e1lja ki az automatikus sz\u00e1mgener\u00e1tort).<\/li>\n<li><a href=\"https:\/\/jackpotlotteryonline.com\/hu\/jegyet-vasarolni\/uk-lottery\">V\u00e1s\u00e1roljon tov\u00e1bbi sz\u00e1msorokat<\/a> a nagyobb nyer\u00e9si es\u00e9ly\u00e9rt<\/li>\n<li>Vegyen r\u00e9szt a sorsol\u00e1sokon (egyn\u00e9l t\u00f6bb sorsol\u00e1son is r\u00e9szt vehet)<\/li>\n<li>Regisztr\u00e1ljon \u00e9s fizessen a nevez\u00e9sek\u00e9rt.<\/li>\n<\/ol>\n<section class=\"layout\" style=\"border: solid 1px; width: 100%;\">\n<div class=\"img-div\" style=\"margin-top: 5px;\"><img decoding=\"async\" class=\"wp-image-17212 alignleft\" style=\"height: 45px; margin: 8px 8px 0px;\" src=\"http:\/\/jackpotlotteryonline.com\/wp-content\/uploads\/2022\/11\/read1.jpg\" alt=\"olvasd el\" width=\"\" height=\"\" \/><\/div>\n<div style=\"padding-left: 5px;\">\n<div style=\"font-size: 1.1em;\">\n<p><strong>Lott\u00f3 tippek<\/strong><\/p>\n<p style=\"font-size: 0.85em; margin-top: -1.5em;\">Tippek, amelyek seg\u00edtenek nyerni a lott\u00f3n\u00a0<a href=\"https:\/\/jackpotlotteryonline.com\/hu\/tippek-amelyek-segitenek-nyerni-a-lotton\"> tov\u00e1bb<\/a><\/p>\n<\/div>\n<\/div>\n<\/section>\n<h2>A lott\u00f3sorsol\u00e1sok ellen\u0151rz\u00e9se<\/h2>\n<p><a href=\"https:\/\/jackpotlotteryonline.com\/hu\/nyeroszamok\/uk-lottery\">Az Egyes\u00fclt Kir\u00e1lys\u00e1gban a lott\u00f3nak heti<\/a> k\u00e9t sorsol\u00e1si napja van, szerda \u00e9s szombat. T\u00f6bb sorsol\u00e1son is r\u00e9szt vehet, hogy n\u00f6velje nyer\u00e9si es\u00e9lyeit a brit lott\u00f3n. Emellett az el\u0151fizet\u00e9si szolg\u00e1ltat\u00e1sunk haszn\u00e1lat\u00e1val k\u00f6nnyed\u00e9n benevezhet a sorsol\u00e1sokra t\u00f6bb h\u00e9ttel el\u0151re.<\/p>\n<p>A nyertes szelv\u00e9nyt a sorsol\u00e1sok alkalm\u00e1val hirdetik ki. A jackpot megnyer\u00e9s\u00e9hez egyszer\u0171en csak egyezzen meg a 6 kih\u00fazott sz\u00e1mmal. A brit lott\u00f3 jackpot nyerem\u00e9nyei 2 milli\u00f3 fontn\u00e1l kezd\u0151dnek, \u00e9s ha egy sorsol\u00e1st k\u00f6vet\u0151en nincs nyertes, akkor is tov\u00e1bbadhat\u00f3ak. Mivel minden egyes sorsol\u00e1s ut\u00e1n tov\u00e1bbg\u00f6rd\u00fcl (ha nincs nyertes), a nyerem\u00e9ny egy kicsit magasabb lehet, mint a 2 milli\u00f3 font.<\/p>\n<p>Minden sorsol\u00e1s ut\u00e1n visszan\u00e9zhet oldalunkon, hogy megtudja, nyert-e nyerem\u00e9nyt. Az Egyes\u00fclt Kir\u00e1lys\u00e1g lott\u00f3 6 k\u00fcl\u00f6nb\u00f6z\u0151 nyerem\u00e9nykateg\u00f3ri\u00e1t tartalmaz, \u00e9s ha b\u00e1rmelyik nyerem\u00e9nyt megnyered, e-mailben \u00e9rtes\u00edt\u00e9st k\u00fcld\u00fcnk neked.<\/p>\n<h2>Mi az el\u0151fizet\u00e9si szolg\u00e1ltat\u00e1s?<\/h2>\n<p><img loading=\"lazy\" decoding=\"async\" class=\"alignright wp-image-28427\" src=\"http:\/\/jackpotlotteryonline.com\/wp-content\/uploads\/2022\/11\/1_mega_win-300x279.jpg\" alt=\"nyerjen az Egyes\u00fclt Kir\u00e1lys\u00e1g lott\u00f3n\" width=\"237\" height=\"220\" srcset=\"https:\/\/jackpotlotteryonline.com\/wp-content\/uploads\/2022\/11\/1_mega_win-300x279.jpg 300w, https:\/\/jackpotlotteryonline.com\/wp-content\/uploads\/2022\/11\/1_mega_win.jpg 320w\" sizes=\"auto, (max-width: 237px) 100vw, 237px\" \/>Ha egy olyan oldalt haszn\u00e1l, mint a mi\u00e9nk, akkor van egy \u00fagynevezett el\u0151fizet\u00e9si szolg\u00e1ltat\u00e1s, amely lehet\u0151v\u00e9 teszi a j\u00e1t\u00e9kosok sz\u00e1m\u00e1ra, hogy z\u00f6kken\u0151mentesen \u00e9s stressz n\u00e9lk\u00fcl j\u00e1tszhassanak. B\u00e1r teljesen rendben van, ha egyszeri j\u00e1t\u00e9kos vagy (ha ezt szeretn\u00e9d), a legt\u00f6bb j\u00e1t\u00e9kos gyakran j\u00e1tszik. A legjobb m\u00f3dja annak, hogy j\u00e1tsszon \u00e9s nyerjen a brit lott\u00f3n, ha rendszeresen j\u00e1tszik, \u00e9s ez az, amir\u0151l ez a szolg\u00e1ltat\u00e1s sz\u00f3l.<\/p>\n<p>Be\u00e1ll\u00edthatja, hogy a j\u00f6v\u0151beni sorsol\u00e1sokon automatikusan r\u00e9szt vegyen. A brit lott\u00f3nak heti 2 sorsol\u00e1sa van: Szerd\u00e1nk\u00e9nt \u00e9s szombatonk\u00e9nt. Legy\u00fcnk \u0151szint\u00e9k, kiss\u00e9 f\u00e1raszt\u00f3 lehet, hogy ne felejtsen el j\u00e1tszani \u00e9s bel\u00e9pni minden egyes sorsol\u00e1sra, de ez\u00e9rt vagyunk mi itt.<\/p>\n<p>Miut\u00e1n be\u00e1ll\u00edtotta az el\u0151fizet\u00e9si szolg\u00e1ltat\u00e1st, megnyugodhat, \u00e9s tudhatja, hogy nem kell lemaradnia az Egyes\u00fclt Kir\u00e1lys\u00e1g lott\u00f3 egyetlen sorsol\u00e1s\u00e1r\u00f3l sem.<\/p>\n<h2>Nyerem\u00e9nyek<\/h2>\n<p>Eml\u00edtett\u00fck, hogy ennek a lott\u00f3nak a nyerem\u00e9nyei a lott\u00f3alapokt\u00f3l f\u00fcggnek. \u00cdgy csak egy adott sorsol\u00e1s nyerem\u00e9nyeit tudjuk megosztani. Vegye figyelembe, hogy ha t\u00f6bb nyertes van, a nyerem\u00e9nyt felosztjuk k\u00f6z\u00f6tt\u00fck.<\/p>\n<p>1. r\u00e9szleg: 6. m\u00e9rk\u0151z\u00e9s &#8211; 2.000.000 font (jackpot)<\/p>\n<p>2. div\u00edzi\u00f3: 5. m\u00e9rk\u0151z\u00e9s + b\u00f3nusz &#8211; 1,000,000 \u00a3<\/p>\n<p>3. div\u00edzi\u00f3: 5. m\u00e9rk\u0151z\u00e9s &#8211; 1 750 \u00a3<\/p>\n<p>4. div\u00edzi\u00f3: 4. m\u00e9rk\u0151z\u00e9s &#8211; 140 font<\/p>\n<p>div\u00edzi\u00f3 5: 3. m\u00e9rk\u0151z\u00e9s &#8211; 30 font<\/p>\n<p>6. div\u00edzi\u00f3: 2. m\u00e9rk\u0151z\u00e9s &#8211; Ingyenes lott\u00f3 szerencs\u00e9s m\u00e1rt\u00e1s<\/p>\n<p>\u00c9rtse meg, hogy m\u00e9g ha meg is nyeri ezeket a nyerem\u00e9nyeket, a felt\u00fcntetett \u00f6sszeg nem az, amit kifizet\u00e9sk\u00e9nt kap. Ez az\u00e9rt van, mert a lott\u00f3alapok k\u00f6r\u00fclbel\u00fcl 45%-a a nyerem\u00e9nyekre megy el. Teh\u00e1t lehet kevesebb vagy t\u00f6bb is, att\u00f3l f\u00fcgg\u0151en, hogy mi van az alapban.<\/p>\n<h2>Hogyan ig\u00e9nyelheti nyerem\u00e9ny\u00e9t<\/h2>\n<p>Ha regisztr\u00e1lt n\u00e1lunk, a nyerem\u00e9ny ig\u00e9nyl\u00e9se egyszer\u0171 \u00e9s egyszer\u0171. Ha a nyerem\u00e9nye 2500 \u20ac vagy ann\u00e1l kevesebb, akkor azt itt, az oldalunkon \u00e9rheti el. Ez az\u00e9rt van, mert a lott\u00f3t\u00e1rsas\u00e1g k\u00f6zvetlen\u00fcl a mi oldalunkra fizeti ki, \u00e9s \u00d6n ezt k\u00f6vet\u0151en kiveheti a sz\u00e1ml\u00e1j\u00e1ra.<\/p>\n<p>Ha t\u00f6bb mint 2500 \u20ac, akkor a nyerem\u00e9nyt k\u00f6zvetlen\u00fcl a lott\u00f3t\u00e1rsas\u00e1gt\u00f3l kell ig\u00e9nyelnie. Mi seg\u00edt\u00fcnk \u00d6nnek ebben egy kit\u00f6ltend\u0151 ig\u00e9nyl\u0151lap biztos\u00edt\u00e1s\u00e1val, \u00edgy nem kell agg\u00f3dnia.<\/p>\n<p><strong>A lott\u00f3t\u00e1rsas\u00e1gnak van n\u00e9h\u00e1ny szab\u00e1lya a nyerem\u00e9ny ig\u00e9nyl\u00e9s\u00e9re vonatkoz\u00f3an.<\/strong><\/p>\n<ul>\n<li>A lott\u00f3j\u00e1t\u00e9khoz 18+-nak kell lennie<\/li>\n<li>A nyerem\u00e9nyeket a sorsol\u00e1st k\u00f6vet\u0151 180 napon bel\u00fcl kell ig\u00e9nyelni. Az egyetlen kiv\u00e9tel, ha az elj\u00e1r\u00e1st 7 napon bel\u00fcl megkezdte.<\/li>\n<li>Az azonnali nyerem\u00e9nyj\u00e1t\u00e9kokat az azonnali nyerem\u00e9nyj\u00e1t\u00e9k megv\u00e1s\u00e1rl\u00e1s\u00e1t\u00f3l sz\u00e1m\u00edtott 180 napon bel\u00fcl kell ig\u00e9nyelni.<\/li>\n<li>A kapar\u00f3s sorsjegyes j\u00e1t\u00e9kokat szint\u00e9n a kapar\u00f3s sorsjegy megv\u00e1s\u00e1rl\u00e1s\u00e1t\u00f3l sz\u00e1m\u00edtott 180 napon bel\u00fcl kell ig\u00e9nyelni.<\/li>\n<\/ul>\n<h2>Concierge-szolg\u00e1ltat\u00e1sainkr\u00f3l<\/h2>\n<p>Szeretn\u00e9nk egy pillanatra elmagyar\u00e1zni, hogy mivel foglalkozunk, \u00e9s mi\u00e9rt m\u0171k\u00f6dtet\u00fcnk concierge szolg\u00e1ltat\u00e1st. Sz\u00e1mos olyan online lott\u00f3oldal l\u00e9tezik, amely azt \u00e1ll\u00edtja, hogy a j\u00e1t\u00e9kosok bel\u00e9p\u00e9st kapnak a vil\u00e1gm\u00e9ret\u0171 lott\u00f3j\u00e1t\u00e9kokba. De val\u00f3j\u00e1ban csak annyit tesznek, hogy lehet\u0151v\u00e9 teszik, hogy fogadjon a v\u00e9geredm\u00e9nyre. Mi nem ezt tessz\u00fck. Mi lehet\u0151s\u00e9get adunk a j\u00e1t\u00e9kosoknak, hogy a legjobb nemzetk\u00f6zi lott\u00f3j\u00e1t\u00e9kokon j\u00e1tszhassanak.<\/p>\n<p>Amikor a mi oldalunkon j\u00e1tszik az Egyes\u00fclt Kir\u00e1lys\u00e1g lott\u00f3n, a k\u00f6vetkez\u0151 t\u00f6rt\u00e9nik. Miut\u00e1n kiv\u00e1lasztotta a sz\u00e1mokat \u00e9s befizetett, az amerikai \u00fcgyn\u00f6k\u00fcnk v\u00e1s\u00e1rol egy fizikai szelv\u00e9nyt az \u00d6n sz\u00e1maival. Ez term\u00e9szetesen az \u00d6n \u00e1ltal kiv\u00e1lasztott sorsol\u00e1sra lesz \u00e9rv\u00e9nyes. Ezt a szelv\u00e9nyt ezut\u00e1n beolvass\u00e1k \u00e9s felt\u00f6ltik a sz\u00e1ml\u00e1j\u00e1ra.<\/p>\n<p>Ez egy teljesen leg\u00e1lis m\u00f3dja annak, hogy a vil\u00e1g b\u00e1rmely pontj\u00e1r\u00f3l online j\u00e1tsszon az Egyes\u00fclt Kir\u00e1lys\u00e1g lott\u00f3j\u00e1t\u00e9k\u00e1n. R\u00e1ad\u00e1sul ez biztos\u00edtja, hogy val\u00f3ban r\u00e9szt vesz az \u00d6n \u00e1ltal kiv\u00e1lasztott lott\u00f3n. Mi t\u00f6bb, a sorsol\u00e1s eredm\u00e9ny\u00e9t itt, az oldalunkon tessz\u00fck k\u00f6zz\u00e9, \u00e9s \u00e9rtes\u00edtj\u00fck \u00d6nt, ha nyert. Mi egy concierge-szolg\u00e1ltat\u00e1s vagyunk, mert minden bosszant\u00f3 apr\u00f3 r\u00e9szletet elint\u00e9z\u00fcnk \u00d6nnek, hogy \u00d6n \u00e9lvezhesse a lott\u00f3\u00e9lm\u00e9nyt.<\/p>\n<h2>Regisztr\u00e1ljon n\u00e1lunk, hogy online j\u00e1tszhasson a legjobb nemzetk\u00f6zi lott\u00f3j\u00e1t\u00e9kokon<\/h2>\n<p>Az Egyes\u00fclt Kir\u00e1lys\u00e1gban rengeteg lott\u00f3 van, amit online j\u00e1tszhatsz. Ha szeretn\u00e9 kipr\u00f3b\u00e1lni a lott\u00f3t, akkor megteheti. De ha sz\u00e9lesebb v\u00e1laszt\u00e9kra van sz\u00fcks\u00e9ge, mi\u00e9rt nem pr\u00f3b\u00e1lja ki a Set for Life lott\u00f3t, ami egy \u00e9letj\u00e1rad\u00e9kot jelent? Vagy j\u00e1tszhat az Eurojackpot lott\u00f3n \u00e9s az Euromillions lott\u00f3n. Ezek mindegyik\u00e9t megtal\u00e1lod online itt az oldalunkon. Regisztr\u00e1ljon teh\u00e1t most, hogy es\u00e9lyt kapjon a nagy nyerem\u00e9nyre.<\/p>\n","protected":false},"excerpt":{"rendered":"<p>Az Egyes\u00fclt Kir\u00e1lys\u00e1g lott\u00f3 egy olyan lott\u00f3j\u00e1t\u00e9k, amelyet az Egyes\u00fclt Kir\u00e1lys\u00e1gban j\u00e1tszanak. Ez az orsz\u00e1g ad otthont sz\u00e1mos lott\u00f3j\u00e1t\u00e9knak, k\u00f6zt\u00fck a Set for Life j\u00e1t\u00e9knak, amely egy j\u00e1rad\u00e9kos j\u00e1t\u00e9k. De mi most nem a Set for Life-r\u00f3l besz\u00e9l\u00fcnk. Ez egy olyan j\u00e1t\u00e9k, amelyet a j\u00e1t\u00e9kosok sz\u00f3rakoz\u00e1sb\u00f3l j\u00e1tszanak, \u00e9s most m\u00e1r online is j\u00e1tszhatod ezt a [&hellip;]<\/p>\n","protected":false},"author":1,"featured_media":0,"parent":35696,"menu_order":10,"comment_status":"closed","ping_status":"closed","template":"lotto-uk.php","meta":{"_et_pb_use_builder":"","_et_pb_old_content":"","_et_gb_content_width":"","exclude_from_search":false,"footnotes":""},"class_list":["post-40990","page","type-page","status-publish","hentry"],"yoast_head":"<!-- This site is optimized with the Yoast SEO plugin v23.3 - https:\/\/yoast.com\/wordpress\/plugins\/seo\/ -->\n<title>J\u00e1tsszon az Egyes\u00fclt Kir\u00e1lys\u00e1g lott\u00f3n online, m\u00e9g akkor is, ha nem az Egyes\u00fclt Kir\u00e1lys\u00e1gban \u00e9l.<\/title>\n<meta name=\"description\" content=\"Szeretne j\u00e1tszani az Egyes\u00fclt Kir\u00e1lys\u00e1g lott\u00f3n, de nem az Egyes\u00fclt Kir\u00e1lys\u00e1gban \u00e9l? Semmi gond, online szolg\u00e1ltat\u00e1sunk seg\u00edts\u00e9g\u00e9vel b\u00e1rhonnan j\u00e1tszhatod ezt a lott\u00f3t\" \/>\n<meta name=\"robots\" content=\"index, follow, max-snippet:-1, max-image-preview:large, max-video-preview:-1\" \/>\n<link rel=\"canonical\" href=\"https:\/\/jackpotlotteryonline.com\/hu\/hogyan-kell-jatszani\/uk-lottery\/\" \/>\n<meta property=\"og:locale\" content=\"hu_HU\" \/>\n<meta property=\"og:type\" content=\"article\" \/>\n<meta property=\"og:title\" content=\"J\u00e1tsszon az Egyes\u00fclt Kir\u00e1lys\u00e1g lott\u00f3n online, m\u00e9g akkor is, ha nem az Egyes\u00fclt Kir\u00e1lys\u00e1gban \u00e9l.\" \/>\n<meta property=\"og:description\" content=\"Szeretne j\u00e1tszani az Egyes\u00fclt Kir\u00e1lys\u00e1g lott\u00f3n, de nem az Egyes\u00fclt Kir\u00e1lys\u00e1gban \u00e9l? Semmi gond, online szolg\u00e1ltat\u00e1sunk seg\u00edts\u00e9g\u00e9vel b\u00e1rhonnan j\u00e1tszhatod ezt a lott\u00f3t\" \/>\n<meta property=\"og:url\" content=\"https:\/\/jackpotlotteryonline.com\/hu\/hogyan-kell-jatszani\/uk-lottery\/\" \/>\n<meta property=\"og:site_name\" content=\"Lotto Online - Crack The International Lottery Jackpots\" \/>\n<meta property=\"article:modified_time\" content=\"2023-01-03T09:17:41+00:00\" \/>\n<meta property=\"og:image\" content=\"http:\/\/jackpotlotteryonline.com\/wp-content\/uploads\/2022\/11\/lotteryticket.jpg\" \/>\n<meta name=\"twitter:card\" content=\"summary_large_image\" \/>\n<meta name=\"twitter:label1\" content=\"Becs\u00fclt olvas\u00e1si id\u0151\" \/>\n\t<meta name=\"twitter:data1\" content=\"6 perc\" \/>\n<!-- \/ Yoast SEO plugin. -->","yoast_head_json":{"title":"J\u00e1tsszon az Egyes\u00fclt Kir\u00e1lys\u00e1g lott\u00f3n online, m\u00e9g akkor is, ha nem az Egyes\u00fclt Kir\u00e1lys\u00e1gban \u00e9l.","description":"Szeretne j\u00e1tszani az Egyes\u00fclt Kir\u00e1lys\u00e1g lott\u00f3n, de nem az Egyes\u00fclt Kir\u00e1lys\u00e1gban \u00e9l? Semmi gond, online szolg\u00e1ltat\u00e1sunk seg\u00edts\u00e9g\u00e9vel b\u00e1rhonnan j\u00e1tszhatod ezt a lott\u00f3t","robots":{"index":"index","follow":"follow","max-snippet":"max-snippet:-1","max-image-preview":"max-image-preview:large","max-video-preview":"max-video-preview:-1"},"canonical":"https:\/\/jackpotlotteryonline.com\/hu\/hogyan-kell-jatszani\/uk-lottery\/","og_locale":"hu_HU","og_type":"article","og_title":"J\u00e1tsszon az Egyes\u00fclt Kir\u00e1lys\u00e1g lott\u00f3n online, m\u00e9g akkor is, ha nem az Egyes\u00fclt Kir\u00e1lys\u00e1gban \u00e9l.","og_description":"Szeretne j\u00e1tszani az Egyes\u00fclt Kir\u00e1lys\u00e1g lott\u00f3n, de nem az Egyes\u00fclt Kir\u00e1lys\u00e1gban \u00e9l? Semmi gond, online szolg\u00e1ltat\u00e1sunk seg\u00edts\u00e9g\u00e9vel b\u00e1rhonnan j\u00e1tszhatod ezt a lott\u00f3t","og_url":"https:\/\/jackpotlotteryonline.com\/hu\/hogyan-kell-jatszani\/uk-lottery\/","og_site_name":"Lotto Online - Crack The International Lottery Jackpots","article_modified_time":"2023-01-03T09:17:41+00:00","og_image":[{"url":"http:\/\/jackpotlotteryonline.com\/wp-content\/uploads\/2022\/11\/lotteryticket.jpg"}],"twitter_card":"summary_large_image","twitter_misc":{"Becs\u00fclt olvas\u00e1si id\u0151":"6 perc"},"schema":{"@context":"https:\/\/schema.org","@graph":[{"@type":"WebPage","@id":"https:\/\/jackpotlotteryonline.com\/hu\/hogyan-kell-jatszani\/uk-lottery\/","url":"https:\/\/jackpotlotteryonline.com\/hu\/hogyan-kell-jatszani\/uk-lottery\/","name":"J\u00e1tsszon az Egyes\u00fclt Kir\u00e1lys\u00e1g lott\u00f3n online, m\u00e9g akkor is, ha nem az Egyes\u00fclt Kir\u00e1lys\u00e1gban \u00e9l.","isPartOf":{"@id":"https:\/\/jackpotlotteryonline.com\/#website"},"primaryImageOfPage":{"@id":"https:\/\/jackpotlotteryonline.com\/hu\/hogyan-kell-jatszani\/uk-lottery\/#primaryimage"},"image":{"@id":"https:\/\/jackpotlotteryonline.com\/hu\/hogyan-kell-jatszani\/uk-lottery\/#primaryimage"},"thumbnailUrl":"http:\/\/jackpotlotteryonline.com\/wp-content\/uploads\/2022\/11\/lotteryticket.jpg","datePublished":"2022-12-07T12:14:13+00:00","dateModified":"2023-01-03T09:17:41+00:00","description":"Szeretne j\u00e1tszani az Egyes\u00fclt Kir\u00e1lys\u00e1g lott\u00f3n, de nem az Egyes\u00fclt Kir\u00e1lys\u00e1gban \u00e9l? Semmi gond, online szolg\u00e1ltat\u00e1sunk seg\u00edts\u00e9g\u00e9vel b\u00e1rhonnan j\u00e1tszhatod ezt a lott\u00f3t","breadcrumb":{"@id":"https:\/\/jackpotlotteryonline.com\/hu\/hogyan-kell-jatszani\/uk-lottery\/#breadcrumb"},"inLanguage":"hu","potentialAction":[{"@type":"ReadAction","target":["https:\/\/jackpotlotteryonline.com\/hu\/hogyan-kell-jatszani\/uk-lottery\/"]}]},{"@type":"ImageObject","inLanguage":"hu","@id":"https:\/\/jackpotlotteryonline.com\/hu\/hogyan-kell-jatszani\/uk-lottery\/#primaryimage","url":"http:\/\/jackpotlotteryonline.com\/wp-content\/uploads\/2022\/11\/lotteryticket.jpg","contentUrl":"http:\/\/jackpotlotteryonline.com\/wp-content\/uploads\/2022\/11\/lotteryticket.jpg"},{"@type":"BreadcrumbList","@id":"https:\/\/jackpotlotteryonline.com\/hu\/hogyan-kell-jatszani\/uk-lottery\/#breadcrumb","itemListElement":[{"@type":"ListItem","position":1,"name":"Home","item":"https:\/\/jackpotlotteryonline.com\/hu\/"},{"@type":"ListItem","position":2,"name":"Hogyan kell j\u00e1tszani","item":"https:\/\/jackpotlotteryonline.com\/play-online\/"},{"@type":"ListItem","position":3,"name":"J\u00e1tsszon az Egyes\u00fclt Kir\u00e1lys\u00e1g lott\u00f3n b\u00e1rhonnan"}]},{"@type":"WebSite","@id":"https:\/\/jackpotlotteryonline.com\/#website","url":"https:\/\/jackpotlotteryonline.com\/","name":"Lotto Online - Crack The International Lottery Jackpots","description":"","potentialAction":[{"@type":"SearchAction","target":{"@type":"EntryPoint","urlTemplate":"https:\/\/jackpotlotteryonline.com\/?s={search_term_string}"},"query-input":"required name=search_term_string"}],"inLanguage":"hu"}]}},"_links":{"self":[{"href":"https:\/\/jackpotlotteryonline.com\/hu\/wp-json\/wp\/v2\/pages\/40990","targetHints":{"allow":["GET"]}}],"collection":[{"href":"https:\/\/jackpotlotteryonline.com\/hu\/wp-json\/wp\/v2\/pages"}],"about":[{"href":"https:\/\/jackpotlotteryonline.com\/hu\/wp-json\/wp\/v2\/types\/page"}],"author":[{"embeddable":true,"href":"https:\/\/jackpotlotteryonline.com\/hu\/wp-json\/wp\/v2\/users\/1"}],"replies":[{"embeddable":true,"href":"https:\/\/jackpotlotteryonline.com\/hu\/wp-json\/wp\/v2\/comments?post=40990"}],"version-history":[{"count":0,"href":"https:\/\/jackpotlotteryonline.com\/hu\/wp-json\/wp\/v2\/pages\/40990\/revisions"}],"up":[{"embeddable":true,"href":"https:\/\/jackpotlotteryonline.com\/hu\/wp-json\/wp\/v2\/pages\/35696"}],"wp:attachment":[{"href":"https:\/\/jackpotlotteryonline.com\/hu\/wp-json\/wp\/v2\/media?parent=40990"}],"curies":[{"name":"wp","href":"https:\/\/api.w.org\/{rel}","templated":true}]}}