{"id":41043,"date":"2022-12-08T07:01:42","date_gmt":"2022-12-08T07:01:42","guid":{"rendered":"https:\/\/jackpotlotteryonline.com\/?page_id=41043"},"modified":"2022-12-31T13:58:58","modified_gmt":"2022-12-31T13:58:58","slug":"thunderball","status":"publish","type":"page","link":"https:\/\/jackpotlotteryonline.com\/hu\/hogyan-kell-jatszani\/thunderball\/","title":{"rendered":"Thunderball online &#8211; j\u00e1tssza ezt a brit lott\u00f3t b\u00e1rhonnan"},"content":{"rendered":"<p>A brit Thunderball m\u00e1r j\u00f3 ideje l\u00e9tezik. Nem olyan r\u00e9gi, mint n\u00e9h\u00e1ny m\u00e1s eur\u00f3pai lott\u00f3 (p\u00e9ld\u00e1ul a La Primitiva), mivel az els\u0151 sorsol\u00e1st 1999-ben tartott\u00e1k. Ez id\u0151 alatt azonban a Thunderball sokak \u00e9let\u00e9t megv\u00e1ltoztatta \u00e9s megv\u00e1ltoztatja ma is. Az \u00f6tsz\u00e1zezer fontos jackpot nyerem\u00e9ny nem t\u0171nik soknak, de ez egy \u00e9letet megv\u00e1ltoztat\u00f3 \u00f6sszeg. \u00c9s az Egyes\u00fclt Kir\u00e1lys\u00e1gban a fogad\u00f3k egyet\u00e9rtenek ezzel, mivel sz\u00e1mos j\u00e1t\u00e9kos v\u00e1s\u00e1rol szelv\u00e9nyt a Thunderball sorsol\u00e1sokra.<\/p>\n<p>Ha \u00d6n az Egyes\u00fclt Kir\u00e1lys\u00e1gon k\u00edv\u00fcli j\u00e1t\u00e9kos, akkor a Thunderballt online is j\u00e1tszhatja.<a href=\"https:\/\/jackpotlotteryonline.com\/hu\/jegyet-vasarolni\/thunderball\"> Szelv\u00e9nyeket v\u00e1s\u00e1rolhat<\/a>, ellen\u0151rizheti a<a href=\"https:\/\/jackpotlotteryonline.com\/hu\/nyeroszamok\/thunderball\"> sorsol\u00e1s eredm\u00e9nyeit<\/a> \u00e9s kiveheti nyerem\u00e9ny\u00e9t, mindezt k\u00e9nyelmesen a sz\u00e1m\u00edt\u00f3g\u00e9p\u00e9r\u0151l vagy mobilk\u00e9sz\u00fcl\u00e9k\u00e9r\u0151l. Olvasson tov\u00e1bb, hogy megtudja, hogyan j\u00e1tszhat online Thunderballt.<\/p>\n<h2>Thunderball nyertesek<\/h2>\n<p><img loading=\"lazy\" decoding=\"async\" class=\"alignright size-full wp-image-31370\" src=\"http:\/\/jackpotlotteryonline.com\/wp-content\/uploads\/2022\/11\/lotteryticket.jpg\" alt=\"J\u00e1tsszon online Thunderballt!\" width=\"212\" height=\"142\" \/>Ha van egy lott\u00f3, amely az elm\u00falt \u00e9vtizedekben sz\u00e1mos nyertest hozott ki, akkor az a Thunderball. Ez a brit lott\u00f3 ki\u00e9rdemelte az \u00e9letek megv\u00e1ltoztat\u00e1s\u00e1nak h\u00edrnev\u00e9t, mert rengeteg nyertest hozott ki. Ott van a Knowles csal\u00e1d t\u00f6rt\u00e9nete, akik \u00e9vekig j\u00e1tszottak, \u00e9s m\u00e9g az \u00e9desanyjuk hal\u00e1la ut\u00e1n is folytatt\u00e1k a j\u00e1t\u00e9kot. A nyerem\u00e9ny eg\u00e9szen k\u00fcl\u00f6nleges volt sz\u00e1mukra.<\/p>\n<p>Karen \u00e9s David Ainger egy olyan h\u00e1zasp\u00e1r, akik megnyert\u00e9k az \u00e9let\u00fcket megv\u00e1ltoztat\u00f3 Thunderball jackpotot. A nyerem\u00e9nyt nagyon \u00f6r\u00f6mmel fogadt\u00e1k, mivel azt mondt\u00e1k, hogy a nyugd\u00edjas \u00e9veikre ford\u00edtj\u00e1k majd. Egy m\u00e1sik p\u00e1r, akik megnyert\u00e9k a Thunderballt, Alf \u00e9s Rita Boorman volt. Az \u0151 nyerem\u00e9ny\u00fck az\u00e9rt volt el\u00e9g \u00e9rdekes, mert 30 \u00e9vvel kor\u00e1bban Alf apja is nyert. Gener\u00e1ci\u00f3s gy\u0151zelemr\u0151l besz\u00e9l\u00fcnk.<\/p>\n<h2>Hogyan kell j\u00e1tszani a Thunderballt online<\/h2>\n<p>Thunderballt j\u00e1tszani sz\u00f3rakoztat\u00f3, \u00e9s ha tapasztalt j\u00e1t\u00e9kos vagy, akkor nagy val\u00f3sz\u00edn\u0171s\u00e9ggel m\u00e1r tudod, mit kell tenned. A j\u00e1t\u00e9kosoknak 5 sz\u00e1mot kell kiv\u00e1lasztaniuk az 1 \u00e9s 39 k\u00f6z\u00f6tti tartom\u00e1nyb\u00f3l, valamint egy speci\u00e1lis sz\u00e1mot 1 \u00e9s 14 k\u00f6z\u00f6tt. A k\u00fcl\u00f6nleges sz\u00e1mot &#8220;Thunderball&#8221;-nak h\u00edvj\u00e1k.<\/p>\n<p>Ha online j\u00e1tszik Thunderballt, akkor a sz\u00e1mgener\u00e1tor seg\u00edts\u00e9g\u00e9vel v\u00e9letlenszer\u0171 sz\u00e1mokat v\u00e1laszthat. Ez olyan, mint a &#8220;szerencsej\u00e1t\u00e9k&#8221; azok sz\u00e1m\u00e1ra, akik a fizikai szelv\u00e9nyekhez szoktak. T\u00f6bb sort \u00e9s t\u00f6bb szelv\u00e9nyt is v\u00e1laszthat, hogy n\u00f6velje a Thunderball nyer\u00e9si es\u00e9lyeit. A k\u00f6vetkez\u0151 l\u00e9p\u00e9s a sorsol\u00e1son val\u00f3 r\u00e9szv\u00e9tel, \u00e9s ez a legjobb r\u00e9sz.<\/p>\n<p>A Thunderballban minden h\u00e9ten n\u00e9gy sorsol\u00e1st tartanak. Ez azt jelenti, hogy a Thunderball-lal n\u00e9gyszer nagyobb es\u00e9llyel nyerheti meg a jackpotot. Egyetlen sorsol\u00e1son is r\u00e9szt vehetsz, de val\u00f3sz\u00edn\u0171leg az a legjobb, ha t\u00f6bb sorsol\u00e1son is r\u00e9szt veszel, \u00edgy sokkal nagyobb az es\u00e9lyed a nyer\u00e9sre. Amikor n\u00e1lunk j\u00e1tszik, megk\u00e9rj\u00fck, hogy regisztr\u00e1ljon. Ez az\u00e9rt van, hogy \u00e9rtes\u00edthess\u00fck, ha nyerem\u00e9nyt nyert.<\/p>\n<section class=\"layout\" style=\"border: solid 1px; width: 100%;\">\n<div class=\"img-div\" style=\"margin-top: 5px;\"><img decoding=\"async\" class=\"wp-image-17212 alignleft\" style=\"height: 45px; margin: 8px 8px 0px;\" src=\"http:\/\/jackpotlotteryonline.com\/wp-content\/uploads\/2022\/11\/read1.jpg\" alt=\"Olvassa el \" width=\"\" height=\"\" \/><\/div>\n<div style=\"padding-left: 5px;\">\n<div style=\"font-size: 1.1em;\">\n<p><strong>Leg\u00e1lis-e m\u00e1s orsz\u00e1gok lott\u00f3j\u00e1t\u00e9kait online j\u00e1tszani?<\/strong><\/p>\n<p style=\"font-size: 0.85em; margin-top: -1.5em;\">Leg\u00e1lis-e online lott\u00f3szelv\u00e9nyt venni, \u00e9s val\u00f3ban kapok-e p\u00e9nzt?\u00a0<a href=\"https:\/\/jackpotlotteryonline.com\/hu\/legalis-e-mas-orszagok-lottojatekainak-online-jateka\"> tov\u00e1bb<\/a><\/p>\n<\/div>\n<\/div>\n<\/section>\n<h2>Mit tegyen, ha nyert<\/h2>\n<p>Ha megnyert\u00e9l egy d\u00edjat, akkor e-mailben \u00e9rtes\u00edt\u00fcnk r\u00f3la. A platformunkon is lesz egy figyelmeztet\u00e9s, \u00edgy a k\u00f6vetkez\u0151 bejelentkez\u00e9skor megkapod az \u00e9rtes\u00edt\u00e9st. De ezen is t\u00falmutat a dolog.<\/p>\n<p>Ha a nyerem\u00e9nye kevesebb, mint 2500 \u20ac, akkor azt egyszer\u0171en csak egyszer\u0171en kiveheti egyenesen a platformunkon. Nincs sz\u00fcks\u00e9g semmilyen protokollra vagy sz\u00fcks\u00e9gtelen elj\u00e1r\u00e1sra; csak vedd ki a k\u00e9szp\u00e9nzed. A 2500 eur\u00f3n\u00e1l nagyobb \u00f6sszegek eset\u00e9ben el\u0151fordulhat, hogy ki kell t\u00f6ltenie egy ig\u00e9nyl\u0151lapot, hogy ig\u00e9nyt tarthasson r\u00e1 a lott\u00f3t\u00e1rsas\u00e1gt\u00f3l. De ne agg\u00f3djon, mi ebben is seg\u00edt\u00fcnk.<\/p>\n<h2>Nyerhet\u0151 nyerem\u00e9nyek<\/h2>\n<p>Mindezek ut\u00e1n mit is nyerhetsz pontosan, ha a Thunderball lott\u00f3n j\u00e1tszol? Ez az Egyes\u00fclt Kir\u00e1lys\u00e1gban megrendezett Thunderball t\u00f6bb nyerem\u00e9nykateg\u00f3ri\u00e1t is tartalmaz, s\u0151t, m\u00e9g egy nyerem\u00e9ny is van, ami csak a Thunderball tal\u00e1lat\u00e1\u00e9rt j\u00e1r. Teh\u00e1t el\u00e9g nagy az es\u00e9lye annak, hogy nyerj valamit. \u00cdme a UK Thunderball nyerem\u00e9nykateg\u00f3ri\u00e1inak bont\u00e1sa, valamint a nyer\u00e9si es\u00e9lyek.<\/p>\n<p>1. kateg\u00f3ria: 5 tal\u00e1lat + Thunderball &#8211; 1 a 8.060.598-b\u00f3l &#8211; 500.000 \u00a3<\/p>\n<p>2. kateg\u00f3ria: Csak az 5. m\u00e9rk\u0151z\u00e9s &#8211; 1 a 620 046-hoz &#8211; 5000 fonthoz<\/p>\n<p>3. kateg\u00f3ria: 4. m\u00e9rk\u0151z\u00e9s + Thunderball &#8211; 1:47 416-b\u00f3l 47 416-b\u00f3l 250 \u00a3<\/p>\n<p>4. kateg\u00f3ria: Csak a 4. m\u00e9rk\u0151z\u00e9s &#8211; 1:3 648-b\u00f3l 1 &#8211; 100 font<\/p>\n<p>kateg\u00f3ria: 3. m\u00e9rk\u0151z\u00e9s + Thunderball &#8211; 1 az 1,437-b\u0151l &#8211; 20 \u00a3<\/p>\n<p>6. kateg\u00f3ria: Csak a 3. m\u00e9rk\u0151z\u00e9s &#8211; 1:111 &#8211; 10 font<\/p>\n<p>7. kateg\u00f3ria: 2. m\u00e9rk\u0151z\u00e9s + Thunderball &#8211; 1 a 135-b\u0151l &#8211; 10 \u00a3<\/p>\n<p>kateg\u00f3ria: 1. m\u00e9rk\u0151z\u00e9s + Thunderball &#8211; 1 a 35-b\u0151l &#8211; 5 font<\/p>\n<p>9. kateg\u00f3ria: Thunderball m\u00e9rk\u0151z\u00e9s &#8211; 1:29-hez &#8211; 3 font<\/p>\n<p>A Thunderballn\u00e1l mindenki sz\u00e1m\u00e1ra van valami, \u00e9s nem sz\u00e1m\u00edt, hogy az Egyes\u00fclt Kir\u00e1lys\u00e1gban \u00e9l-e vagy sem. Most m\u00e1r j\u00e1tszhatsz ezen a brit lott\u00f3n, hogy es\u00e9lyt kapj a nyer\u00e9sre, \u00e9s ha vel\u00fcnk j\u00e1tszol, k\u00f6nnyed\u00e9n kiveheted a nyerem\u00e9nyedet.<\/p>\n<h2>A portaszolg\u00e1lat el\u0151nyei<\/h2>\n<p><img loading=\"lazy\" decoding=\"async\" class=\"alignright size-full wp-image-28940\" src=\"http:\/\/jackpotlotteryonline.com\/wp-content\/uploads\/2022\/11\/1_pick_winning_numbers_lottery.jpg\" alt=\"V\u00e1s\u00e1rolja meg Thunderball lott\u00f3szelv\u00e9ny\u00e9t\" width=\"300\" height=\"200\" \/>A concierge-oldalban az a csod\u00e1latos, hogy soha nem kell azon gondolkodnia, hogy val\u00f3ban r\u00e9szt vett-e a lott\u00f3n. Ez egy igazi probl\u00e9ma, mert sok webhely odakint nem igaz\u00e1n ad hozz\u00e1f\u00e9r\u00e9st \u00fcgyfeleinek a lott\u00f3hoz. Azt teszik, hogy a felhaszn\u00e1l\u00f3k fogadhatnak a lott\u00f3 kimenetel\u00e9re, ami egy\u00e1ltal\u00e1n nem ugyanaz a dolog.<\/p>\n<p>A jackpotlotteryonline.com seg\u00edts\u00e9g\u00e9vel hozz\u00e1f\u00e9r\u00e9st biztos\u00edtunk felhaszn\u00e1l\u00f3inknak a vil\u00e1g legjobb nemzetk\u00f6zi lott\u00f3j\u00e1t\u00e9kaihoz. Ez az\u00e9rt van, mert egy concierge oldalt \u00fczemeltet\u00fcnk, ahol \u00fcgyn\u00f6keink vannak a vil\u00e1g k\u00fcl\u00f6nb\u00f6z\u0151 r\u00e9szein. Amikor t\u0151l\u00fcnk v\u00e1s\u00e1rol lott\u00f3szelv\u00e9nyt, az adott orsz\u00e1gban l\u00e9v\u0151 \u00fcgyn\u00f6k\u00fcnk v\u00e1s\u00e1rol egy fizikai szelv\u00e9nyt a megfelel\u0151 sz\u00e1mokkal. A szelv\u00e9nyt ezut\u00e1n beolvass\u00e1k \u00e9s elk\u00fcldik \u00d6nnek.<\/p>\n<p>Ha t\u0151l\u00fcnk v\u00e1s\u00e1rol Thunderball lott\u00f3szelv\u00e9nyt, biztos lehet benne, hogy ha a kisorsolt sz\u00e1mokkal egyezik, megnyeri a lott\u00f3t. Ez ilyen egyszer\u0171, m\u00e9gis ez az egyetlen dolog, ami nyugalmat ad \u00fcgyfeleinknek az online lott\u00f3z\u00e1shoz.<\/p>\n<h2>J\u00e1tsszon az Egyes\u00fclt Kir\u00e1lys\u00e1gban online Thunderballt<\/h2>\n<p>Ha m\u00e1r r\u00e9g\u00f3ta viszket a v\u00e1gy, hogy j\u00e1tsszon a Thunderball lott\u00f3n, \u00e9s az Egyes\u00fclt Kir\u00e1lys\u00e1gon k\u00edv\u00fcl \u00e9l, akkor szerencs\u00e9je van. Ha ell\u00e1togat a jackpotlotteryonline.com oldalra, hozz\u00e1f\u00e9r\u00e9st kap a legjobb nemzetk\u00f6zi lott\u00f3j\u00e1t\u00e9kokhoz, k\u00f6zt\u00fck a Thunderballhoz is. Mi egy concierge oldal vagyunk, \u00edgy amikor n\u00e1lunk j\u00e1tszik, akkor az igazi \u00fczletet kapja.<\/p>\n<p>Itt az ideje, hogy kipr\u00f3b\u00e1ld az es\u00e9lyt, hogy egy \u00e9letet megv\u00e1ltoztat\u00f3 nyerem\u00e9nyt nyerj a Thunderball-lal. J\u00e1tsszon Thunderball online m\u00e9g ma, hogy es\u00e9lyt kapjon a lott\u00f3nyerem\u00e9nyre.<\/p>\n","protected":false},"excerpt":{"rendered":"<p>A brit Thunderball m\u00e1r j\u00f3 ideje l\u00e9tezik. Nem olyan r\u00e9gi, mint n\u00e9h\u00e1ny m\u00e1s eur\u00f3pai lott\u00f3 (p\u00e9ld\u00e1ul a La Primitiva), mivel az els\u0151 sorsol\u00e1st 1999-ben tartott\u00e1k. Ez id\u0151 alatt azonban a Thunderball sokak \u00e9let\u00e9t megv\u00e1ltoztatta \u00e9s megv\u00e1ltoztatja ma is. Az \u00f6tsz\u00e1zezer fontos jackpot nyerem\u00e9ny nem t\u0171nik soknak, de ez egy \u00e9letet megv\u00e1ltoztat\u00f3 \u00f6sszeg. \u00c9s az Egyes\u00fclt [&hellip;]<\/p>\n","protected":false},"author":1,"featured_media":0,"parent":35696,"menu_order":12,"comment_status":"closed","ping_status":"closed","template":"thunderball.php","meta":{"_et_pb_use_builder":"","_et_pb_old_content":"","_et_gb_content_width":"","exclude_from_search":false,"footnotes":""},"class_list":["post-41043","page","type-page","status-publish","hentry"],"yoast_head":"<!-- This site is optimized with the Yoast SEO plugin v23.3 - https:\/\/yoast.com\/wordpress\/plugins\/seo\/ -->\n<title>J\u00e1tsszon online az Egyes\u00fclt Kir\u00e1lys\u00e1gban a Thunderball lott\u00f3n, ak\u00e1r az Egyes\u00fclt Kir\u00e1lys\u00e1gon k\u00edv\u00fclr\u0151l is.<\/title>\n<meta name=\"description\" content=\"Az Egyes\u00fclt Kir\u00e1lys\u00e1gon k\u00edv\u00fcli lott\u00f3rajong\u00f3k m\u00e1r online is j\u00e1tszhatnak Thunderballt - szerezze be szelv\u00e9nyeit online a messenger szolg\u00e1ltat\u00e1sunkon kereszt\u00fcl.\" \/>\n<meta name=\"robots\" content=\"index, follow, max-snippet:-1, max-image-preview:large, max-video-preview:-1\" \/>\n<link rel=\"canonical\" href=\"https:\/\/jackpotlotteryonline.com\/hu\/hogyan-kell-jatszani\/thunderball\/\" \/>\n<meta property=\"og:locale\" content=\"hu_HU\" \/>\n<meta property=\"og:type\" content=\"article\" \/>\n<meta property=\"og:title\" content=\"J\u00e1tsszon online az Egyes\u00fclt Kir\u00e1lys\u00e1gban a Thunderball lott\u00f3n, ak\u00e1r az Egyes\u00fclt Kir\u00e1lys\u00e1gon k\u00edv\u00fclr\u0151l is.\" \/>\n<meta property=\"og:description\" content=\"Az Egyes\u00fclt Kir\u00e1lys\u00e1gon k\u00edv\u00fcli lott\u00f3rajong\u00f3k m\u00e1r online is j\u00e1tszhatnak Thunderballt - szerezze be szelv\u00e9nyeit online a messenger szolg\u00e1ltat\u00e1sunkon kereszt\u00fcl.\" \/>\n<meta property=\"og:url\" content=\"https:\/\/jackpotlotteryonline.com\/hu\/hogyan-kell-jatszani\/thunderball\/\" \/>\n<meta property=\"og:site_name\" content=\"Lotto Online - Crack The International Lottery Jackpots\" \/>\n<meta property=\"article:modified_time\" content=\"2022-12-31T13:58:58+00:00\" \/>\n<meta property=\"og:image\" content=\"http:\/\/jackpotlotteryonline.com\/wp-content\/uploads\/2022\/11\/lotteryticket.jpg\" \/>\n<meta name=\"twitter:card\" content=\"summary_large_image\" \/>\n<meta name=\"twitter:label1\" content=\"Becs\u00fclt olvas\u00e1si id\u0151\" \/>\n\t<meta name=\"twitter:data1\" content=\"5 perc\" \/>\n<!-- \/ Yoast SEO plugin. -->","yoast_head_json":{"title":"J\u00e1tsszon online az Egyes\u00fclt Kir\u00e1lys\u00e1gban a Thunderball lott\u00f3n, ak\u00e1r az Egyes\u00fclt Kir\u00e1lys\u00e1gon k\u00edv\u00fclr\u0151l is.","description":"Az Egyes\u00fclt Kir\u00e1lys\u00e1gon k\u00edv\u00fcli lott\u00f3rajong\u00f3k m\u00e1r online is j\u00e1tszhatnak Thunderballt - szerezze be szelv\u00e9nyeit online a messenger szolg\u00e1ltat\u00e1sunkon kereszt\u00fcl.","robots":{"index":"index","follow":"follow","max-snippet":"max-snippet:-1","max-image-preview":"max-image-preview:large","max-video-preview":"max-video-preview:-1"},"canonical":"https:\/\/jackpotlotteryonline.com\/hu\/hogyan-kell-jatszani\/thunderball\/","og_locale":"hu_HU","og_type":"article","og_title":"J\u00e1tsszon online az Egyes\u00fclt Kir\u00e1lys\u00e1gban a Thunderball lott\u00f3n, ak\u00e1r az Egyes\u00fclt Kir\u00e1lys\u00e1gon k\u00edv\u00fclr\u0151l is.","og_description":"Az Egyes\u00fclt Kir\u00e1lys\u00e1gon k\u00edv\u00fcli lott\u00f3rajong\u00f3k m\u00e1r online is j\u00e1tszhatnak Thunderballt - szerezze be szelv\u00e9nyeit online a messenger szolg\u00e1ltat\u00e1sunkon kereszt\u00fcl.","og_url":"https:\/\/jackpotlotteryonline.com\/hu\/hogyan-kell-jatszani\/thunderball\/","og_site_name":"Lotto Online - Crack The International Lottery Jackpots","article_modified_time":"2022-12-31T13:58:58+00:00","og_image":[{"url":"http:\/\/jackpotlotteryonline.com\/wp-content\/uploads\/2022\/11\/lotteryticket.jpg"}],"twitter_card":"summary_large_image","twitter_misc":{"Becs\u00fclt olvas\u00e1si id\u0151":"5 perc"},"schema":{"@context":"https:\/\/schema.org","@graph":[{"@type":"WebPage","@id":"https:\/\/jackpotlotteryonline.com\/hu\/hogyan-kell-jatszani\/thunderball\/","url":"https:\/\/jackpotlotteryonline.com\/hu\/hogyan-kell-jatszani\/thunderball\/","name":"J\u00e1tsszon online az Egyes\u00fclt Kir\u00e1lys\u00e1gban a Thunderball lott\u00f3n, ak\u00e1r az Egyes\u00fclt Kir\u00e1lys\u00e1gon k\u00edv\u00fclr\u0151l is.","isPartOf":{"@id":"https:\/\/jackpotlotteryonline.com\/#website"},"primaryImageOfPage":{"@id":"https:\/\/jackpotlotteryonline.com\/hu\/hogyan-kell-jatszani\/thunderball\/#primaryimage"},"image":{"@id":"https:\/\/jackpotlotteryonline.com\/hu\/hogyan-kell-jatszani\/thunderball\/#primaryimage"},"thumbnailUrl":"http:\/\/jackpotlotteryonline.com\/wp-content\/uploads\/2022\/11\/lotteryticket.jpg","datePublished":"2022-12-08T07:01:42+00:00","dateModified":"2022-12-31T13:58:58+00:00","description":"Az Egyes\u00fclt Kir\u00e1lys\u00e1gon k\u00edv\u00fcli lott\u00f3rajong\u00f3k m\u00e1r online is j\u00e1tszhatnak Thunderballt - szerezze be szelv\u00e9nyeit online a messenger szolg\u00e1ltat\u00e1sunkon kereszt\u00fcl.","breadcrumb":{"@id":"https:\/\/jackpotlotteryonline.com\/hu\/hogyan-kell-jatszani\/thunderball\/#breadcrumb"},"inLanguage":"hu","potentialAction":[{"@type":"ReadAction","target":["https:\/\/jackpotlotteryonline.com\/hu\/hogyan-kell-jatszani\/thunderball\/"]}]},{"@type":"ImageObject","inLanguage":"hu","@id":"https:\/\/jackpotlotteryonline.com\/hu\/hogyan-kell-jatszani\/thunderball\/#primaryimage","url":"http:\/\/jackpotlotteryonline.com\/wp-content\/uploads\/2022\/11\/lotteryticket.jpg","contentUrl":"http:\/\/jackpotlotteryonline.com\/wp-content\/uploads\/2022\/11\/lotteryticket.jpg"},{"@type":"BreadcrumbList","@id":"https:\/\/jackpotlotteryonline.com\/hu\/hogyan-kell-jatszani\/thunderball\/#breadcrumb","itemListElement":[{"@type":"ListItem","position":1,"name":"Home","item":"https:\/\/jackpotlotteryonline.com\/hu\/"},{"@type":"ListItem","position":2,"name":"Hogyan kell j\u00e1tszani","item":"https:\/\/jackpotlotteryonline.com\/play-online\/"},{"@type":"ListItem","position":3,"name":"Thunderball online &#8211; j\u00e1tssza ezt a brit lott\u00f3t b\u00e1rhonnan"}]},{"@type":"WebSite","@id":"https:\/\/jackpotlotteryonline.com\/#website","url":"https:\/\/jackpotlotteryonline.com\/","name":"Lotto Online - Crack The International Lottery Jackpots","description":"","potentialAction":[{"@type":"SearchAction","target":{"@type":"EntryPoint","urlTemplate":"https:\/\/jackpotlotteryonline.com\/?s={search_term_string}"},"query-input":"required name=search_term_string"}],"inLanguage":"hu"}]}},"_links":{"self":[{"href":"https:\/\/jackpotlotteryonline.com\/hu\/wp-json\/wp\/v2\/pages\/41043","targetHints":{"allow":["GET"]}}],"collection":[{"href":"https:\/\/jackpotlotteryonline.com\/hu\/wp-json\/wp\/v2\/pages"}],"about":[{"href":"https:\/\/jackpotlotteryonline.com\/hu\/wp-json\/wp\/v2\/types\/page"}],"author":[{"embeddable":true,"href":"https:\/\/jackpotlotteryonline.com\/hu\/wp-json\/wp\/v2\/users\/1"}],"replies":[{"embeddable":true,"href":"https:\/\/jackpotlotteryonline.com\/hu\/wp-json\/wp\/v2\/comments?post=41043"}],"version-history":[{"count":0,"href":"https:\/\/jackpotlotteryonline.com\/hu\/wp-json\/wp\/v2\/pages\/41043\/revisions"}],"up":[{"embeddable":true,"href":"https:\/\/jackpotlotteryonline.com\/hu\/wp-json\/wp\/v2\/pages\/35696"}],"wp:attachment":[{"href":"https:\/\/jackpotlotteryonline.com\/hu\/wp-json\/wp\/v2\/media?parent=41043"}],"curies":[{"name":"wp","href":"https:\/\/api.w.org\/{rel}","templated":true}]}}