{"id":41095,"date":"2022-12-08T08:55:13","date_gmt":"2022-12-08T08:55:13","guid":{"rendered":"https:\/\/jackpotlotteryonline.com\/?page_id=41095"},"modified":"2022-12-29T08:56:22","modified_gmt":"2022-12-29T08:56:22","slug":"uk-lottery","status":"publish","type":"page","link":"https:\/\/jackpotlotteryonline.com\/hu\/nyeroszamok\/uk-lottery\/","title":{"rendered":"UK Lottery sorsol\u00e1s eredm\u00e9nye"},"content":{"rendered":"<p>Az Egyes\u00fclt Kir\u00e1lys\u00e1g lott\u00f3 egy \u00e9rdekes j\u00e1t\u00e9k, hiszen milliomoss\u00e1 teheti a j\u00e1t\u00e9kosokat. M\u00edg az Egyes\u00fclt Kir\u00e1lys\u00e1gban n\u00e9pszer\u0171 a fogad\u00f3k k\u00f6r\u00e9ben, a nemzetk\u00f6zi fogad\u00f3k k\u00f6r\u00e9ben nem t\u00fal ismert. Teh\u00e1t, ha ki szeretn\u00e9 pr\u00f3b\u00e1lni mag\u00e1t egy nemzetk\u00f6zi lott\u00f3n, mi\u00e9rt ne pr\u00f3b\u00e1ln\u00e1 ki ezt? B\u00e1r a nyerem\u00e9nyek nem garant\u00e1ltak, k\u00f6nny\u0171 kiv\u00e1lasztani a nyer\u0151sz\u00e1mot.<\/p>\n<p>Egy dologgal azonban tiszt\u00e1ban kell lennie. Ha megnyeri ezt a lott\u00f3t, nem igaz\u00e1n tudjuk megmondani, hogy mennyivel fog hazamenni. Ennek oka, hogy a jackpot nyerem\u00e9ny a lott\u00f3alap 52%-a. Ha nem sok szelv\u00e9nyt adtak el, akkor nem fogsz sok p\u00e9nzzel hazamenni. Nem, ehhez semmi k\u00f6z\u00fcnk, ez a lott\u00f3t\u00e1rsas\u00e1g szab\u00e1lya.<\/p>\n<p>A jackpotlottery.com oldalon megn\u00e9zheti oldalunkat, hogy r\u00e9szt vegyen ebben a lott\u00f3ban, vagy v\u00e1lasszon m\u00e1s lott\u00f3j\u00e1t\u00e9kok k\u00f6z\u00fcl. Vannak top nemzetk\u00f6zi lott\u00f3j\u00e1t\u00e9kok, amelyeket az oldalunkon j\u00e1tszhatsz, \u00e9s ezeken megtarthatod a nyerem\u00e9nyeidet. Vagy kipr\u00f3b\u00e1lhatod helyette ezt is. Ez teljesen rajtad m\u00falik.<\/p>\n<section class=\"layout\" style=\"border: solid 1px; width: 100%;\">\n<div class=\"img-div\" style=\"margin-top: 5px;\"><img decoding=\"async\" class=\"wp-image-17212 alignleft\" style=\"height: 45px; margin: 8px 8px 0px;\" src=\"https:\/\/jackpotlotteryonline.com\/wp-content\/uploads\/2022\/11\/read1.jpg\" alt=\"olvasd el\" width=\"\" height=\"\" \/><\/div>\n<div style=\"padding-left: 5px;\">\n<div style=\"font-size: 1.1em;\">\n<p><strong>Melyik nemzetk\u00f6zi lott\u00f3 a legjobb?<\/strong><\/p>\n<p style=\"font-size: 0.85em; margin-top: -1.5em;\">Melyik nemzetk\u00f6zi lott\u00f3nak van a legjobb nyer\u00e9si es\u00e9lye &#8230;\u00a0<a href=\"https:\/\/jackpotlotteryonline.com\/hu\/melyik-nemzetkozi-lotto-a-legjobb\">tov\u00e1bb<\/a><\/p>\n<\/div>\n<\/div>\n<\/section>\n<h2>Hogyan j\u00e1tsszon az Egyes\u00fclt Kir\u00e1lys\u00e1g lott\u00f3n<\/h2>\n<p><img loading=\"lazy\" decoding=\"async\" class=\"alignright size-full wp-image-27482\" src=\"https:\/\/jackpotlotteryonline.com\/wp-content\/uploads\/2022\/11\/1_lottery_jackpot3.jpg\" alt=\"j\u00e1tsszon az Egyes\u00fclt Kir\u00e1lys\u00e1g lott\u00f3n\" width=\"245\" height=\"123\" \/>A t\u00f6bbi lott\u00f3j\u00e1t\u00e9khoz hasonl\u00f3an itt is 6 sz\u00e1mot kell kiv\u00e1lasztania az 1-t\u0151l 49-ig terjed\u0151 list\u00e1b\u00f3l. A sorsol\u00e1sok sor\u00e1n v\u00e9letlenszer\u0171en kiv\u00e1lasztanak egy b\u00f3nuszsz\u00e1mot is, amelyet a nyerem\u00e9ny meghat\u00e1roz\u00e1s\u00e1hoz haszn\u00e1lnak. Ezt a lott\u00f3t nem aj\u00e1nljuk k\u00fcl\u00f6n\u00f6sebben sz\u00edvesen. M\u00e9g ha a kisorsolt sz\u00e1mok egyeznek is, nem tudjuk garant\u00e1lni, hogy mit vihet haza.<\/p>\n<p>Ha ell\u00e1togat oldalunkra, m\u00e1s j\u00e1t\u00e9kokban is r\u00e9szt vehet, p\u00e9ld\u00e1ul az amerikai Powerballban \u00e9s a Mega Millionsban. Ezekn\u00e9l a lott\u00f3kn\u00e1l a minim\u00e1lis jackpot 40 milli\u00f3 doll\u00e1r. Vannak m\u00e1s eur\u00f3pai lott\u00f3j\u00e1t\u00e9kok is, amelyeken j\u00e1tszhat, mint p\u00e9ld\u00e1ul az Euromillions \u00e9s az Eurojackpot.<\/p>\n<p>Ezeknek a j\u00e1t\u00e9koknak a l\u00e9nyege a nagy nyerem\u00e9ny, \u00e9s ez a mi \u00e1lmunk az \u00fcgyfeleink sz\u00e1m\u00e1ra.<\/p>\n<h2>A sorsol\u00e1sok<\/h2>\n<p>A brit lott\u00f3 minden h\u00e9ten k\u00e9t sorsol\u00e1st tart, szerd\u00e1n \u00e9s szombaton. Teh\u00e1t amikor lott\u00f3szelv\u00e9nyt v\u00e1s\u00e1rol, v\u00e1laszthat, hogy egyetlen sorsol\u00e1son vagy t\u00f6bb sorsol\u00e1son vesz r\u00e9szt. A t\u00f6bb sorsol\u00e1son val\u00f3 r\u00e9szv\u00e9tel nagyszer\u0171 m\u00f3dja annak, hogy n\u00f6velje nyer\u00e9si es\u00e9lyeit.<\/p>\n<h2>Az Egyes\u00fclt Kir\u00e1lys\u00e1g lott\u00f3 megnyer\u00e9se<\/h2>\n<p>A lott\u00f3 megnyer\u00e9s\u00e9hez a j\u00e1t\u00e9kosoknak legal\u00e1bb h\u00e1rom f\u0151 sz\u00e1mmal kell egyeznie a kisorsolt eredm\u00e9nyekkel. A jackpot \u00e1ltal\u00e1ban k\u00f6r\u00fclbel\u00fcl 3 000 000 font, b\u00e1r lehet t\u00f6bb vagy kevesebb is. A jackpot megnyer\u00e9s\u00e9hez mind a hat kih\u00fazott sz\u00e1mmal egyeznie kell.<\/p>\n<p>Ennek a lott\u00f3j\u00e1t\u00e9knak m\u00e1s nyerem\u00e9nyoszt\u00e1sai is vannak, \u00e9s ezeket mindj\u00e1rt megeml\u00edtj\u00fck.<\/p>\n<p>Ne feledje, hogy a lott\u00f3 szerencsej\u00e1t\u00e9k, \u00e9s nincs biztos m\u00f3dja a nyer\u00e9snek. A legjobb strat\u00e9gia eddig az, ha t\u00f6bb szelv\u00e9nyt v\u00e1s\u00e1rol, \u00e9s t\u00f6bb sorsol\u00e1son vesz r\u00e9szt. \u00cdgy n\u00f6velheti a nyer\u00e9si es\u00e9lyeit. Ez b\u00e1rmelyik lott\u00f3j\u00e1t\u00e9kra \u00e9rv\u00e9nyes, amelyet v\u00e1laszt.<\/p>\n<h2>D\u00edjfeloszt\u00e1s<\/h2>\n<p>Amit megosztunk, az egy minta egy adott brit lott\u00f3sorsol\u00e1s nyerem\u00e9nyfeloszt\u00e1s\u00e1b\u00f3l. K\u00e9rj\u00fck, vegye figyelembe, hogy az egy\u00e9b nyerem\u00e9nyek a nyerem\u00e9nyalap sz\u00e1zal\u00e9kos ar\u00e1ny\u00e1t jelentik. Ez azt jelenti, hogy ha t\u00f6bb nyertes van, a nyerem\u00e9nyt felosztj\u00e1k k\u00f6z\u00f6tt\u00fck.<\/p>\n<p>1. r\u00e9szleg: 6. m\u00e9rk\u0151z\u00e9s &#8211; 2.000.000 font (jackpot)<\/p>\n<p>2. div\u00edzi\u00f3: 5. m\u00e9rk\u0151z\u00e9s + b\u00f3nusz &#8211; 1 000 000 \u00a3<\/p>\n<p>3. div\u00edzi\u00f3: 5. m\u00e9rk\u0151z\u00e9s &#8211; 1 750 font<\/p>\n<p>4. div\u00edzi\u00f3: 4. m\u00e9rk\u0151z\u00e9s &#8211; 140 font<\/p>\n<p>div\u00edzi\u00f3 5: 3. m\u00e9rk\u0151z\u00e9s &#8211; 30 font<\/p>\n<p>6. div\u00edzi\u00f3: 2. m\u00e9rk\u0151z\u00e9s &#8211; Ingyenes lott\u00f3 szerencsedob\u00e1s<\/p>\n<p>\u00c9rtse meg, hogy m\u00e9g ha meg is nyeri ezeket a nyerem\u00e9nyeket, a felt\u00fcntetett \u00f6sszeg nem az, amit kifizet\u00e9sk\u00e9nt kap. Ennek oka, hogy a lott\u00f3 p\u00e9nz\u00f6sszeg\u00e9nek k\u00f6r\u00fclbel\u00fcl 45%-a a nyerem\u00e9nyre megy el. Teh\u00e1t lehet kevesebb vagy t\u00f6bb is, att\u00f3l f\u00fcgg\u0151en, hogy mi van az alapban.<\/p>\n<h2>A nyerem\u00e9ny ig\u00e9nyl\u00e9se<\/h2>\n<p>A lott\u00f3t\u00e1rsas\u00e1gnak van n\u00e9h\u00e1ny szab\u00e1lya a nyerem\u00e9nyek ig\u00e9nyl\u00e9s\u00e9re vonatkoz\u00f3an.<\/p>\n<ul>\n<li>A lott\u00f3n val\u00f3 r\u00e9szv\u00e9telhez 18 \u00e9vesnek kell lennie<\/li>\n<li>A nyerem\u00e9nyeket a sorsol\u00e1st k\u00f6vet\u0151 180 napon bel\u00fcl kell ig\u00e9nyelni. Az egyetlen kiv\u00e9tel, ha az elj\u00e1r\u00e1st 7 napon bel\u00fcl megkezdte.<\/li>\n<li>Az azonnali nyerem\u00e9nyj\u00e1t\u00e9kokat az azonnali nyerem\u00e9nyj\u00e1t\u00e9k megv\u00e1s\u00e1rl\u00e1s\u00e1t\u00f3l sz\u00e1m\u00edtott 180 napon bel\u00fcl kell ig\u00e9nyelni.<\/li>\n<li>A kapar\u00f3s sorsjegyes j\u00e1t\u00e9kokat szint\u00e9n a kapar\u00f3s sorsjegy megv\u00e1s\u00e1rl\u00e1s\u00e1t\u00f3l sz\u00e1m\u00edtott 180 napon bel\u00fcl kell ig\u00e9nyelni.<\/li>\n<\/ul>\n<p><a href=\"https:\/\/jackpotlotteryonline.com\/hu\/hogyan-kell-jatszani\/uk-lottery\">Ha oldalunkon lott\u00f3zik<\/a>, megk\u00f6nny\u00edtj\u00fck a nyerem\u00e9nyek ig\u00e9nyl\u00e9s\u00e9t. A legfeljebb 2500 eur\u00f3s nyerem\u00e9nyekhez k\u00f6zvetlen\u00fcl itt, az oldalunkon f\u00e9rhet hozz\u00e1. Ez az\u00e9rt van, mert a lott\u00f3t\u00e1rsas\u00e1g k\u00f6zvetlen\u00fcl a mi oldalunkra fizeti ki, \u00e9s \u00d6n ezt k\u00f6vet\u0151en kiveheti a sz\u00e1ml\u00e1j\u00e1ra. Ha az \u00f6sszeg meghaladja a 2500 eur\u00f3t, akkor k\u00f6zvetlen\u00fcl a lott\u00f3t\u00e1rsas\u00e1gt\u00f3l kell ig\u00e9nyelnie a nyerem\u00e9ny\u00e9t. Mi seg\u00edt\u00fcnk \u00d6nnek ebben egy kit\u00f6ltend\u0151 ig\u00e9nyl\u0151lap biztos\u00edt\u00e1s\u00e1val, \u00edgy nem kell agg\u00f3dnia.<\/p>\n<h2>Hogyan ellen\u0151rizheted a nyer\u0151sz\u00e1mokat<\/h2>\n<p><img loading=\"lazy\" decoding=\"async\" class=\"alignright size-medium wp-image-27563\" src=\"https:\/\/jackpotlotteryonline.com\/wp-content\/uploads\/2022\/11\/1_lottery_numbers_draw_results-300x201.jpg\" alt=\"nyerni a brit lott\u00f3n\" width=\"300\" height=\"201\" srcset=\"https:\/\/jackpotlotteryonline.com\/wp-content\/uploads\/2022\/11\/1_lottery_numbers_draw_results-300x201.jpg 300w, https:\/\/jackpotlotteryonline.com\/wp-content\/uploads\/2022\/11\/1_lottery_numbers_draw_results.jpg 320w\" sizes=\"auto, (max-width: 300px) 100vw, 300px\" \/>Ahhoz, hogy megtudja, hogy nyert-e nyerem\u00e9nyt vagy sem, el\u0151sz\u00f6r is ellen\u0151riznie kell a kisorsolt sz\u00e1mokat. Ezt t\u00f6bbf\u00e9lek\u00e9ppen is megteheti, ha online j\u00e1tszik. De messze a leghat\u00e9konyabb, ha visszat\u00e9rsz ide, \u00e9s ellen\u0151rz\u00f6d a sorsol\u00e1s eredm\u00e9nyeit. Minden sorsol\u00e1s ut\u00e1n k\u00f6zz\u00e9tessz\u00fck a kisorsolt sz\u00e1mokat.<\/p>\n<p>Tov\u00e1bb\u00e1, ha regisztr\u00e1lt\u00e1l n\u00e1lunk, akkor e-mailben \u00e9rtes\u00edt\u00fcnk arr\u00f3l, hogy nyert\u00e9l-e nyerem\u00e9nyt. Ez tulajdonk\u00e9ppen az egyik legf\u0151bb el\u0151nye annak, hogy n\u00e1lunk lott\u00f3zik. Eltekintve att\u00f3l, hogy rengeteg nemzetk\u00f6zi lott\u00f3j\u00e1t\u00e9khoz juthatsz hozz\u00e1. Ha vel\u00fcnk j\u00e1tszik, nem kell agg\u00f3dnia amiatt, hogy lemarad a nyerem\u00e9ny\u00e9r\u0151l. Mi \u00e9rtes\u00edtj\u00fck \u00d6nt, ha megnyerte a nyerem\u00e9nyt. Tov\u00e1bb\u00e1, ha az kevesebb, mint 2500 eur\u00f3, akkor is sz\u00e9pen ott fog \u00fclni a sz\u00e1ml\u00e1don, amikor legk\u00f6zelebb bejelentkezel.<\/p>\n<h2>A vel\u00fcnk val\u00f3 lott\u00f3j\u00e1t\u00e9k el\u0151nyei<\/h2>\n<ul>\n<li>Hozz\u00e1f\u00e9r\u00e9st kap a legjobb nemzetk\u00f6zi lott\u00f3j\u00e1t\u00e9kokhoz egy k\u00e9nyelmes helyr\u0151l<\/li>\n<li>Mi egy portaszolg\u00e1lati oldal vagyunk. Ez azt jelenti, hogy nem a lott\u00f3 kimenetel\u00e9re fogadsz. \u00d6n val\u00f3j\u00e1ban bel\u00e9p\u0151t v\u00e1s\u00e1rol a lott\u00f3ba, b\u00e1rhol is legyen az \u00d6n tart\u00f3zkod\u00e1si helye<\/li>\n<li>El\u0151fizet\u00e9ses szolg\u00e1ltat\u00e1sunk seg\u00edts\u00e9g\u00e9vel t\u00f6bb h\u00e9ttel el\u0151re benevezhet a sorsol\u00e1sokra<\/li>\n<li>A sorsol\u00e1s eredm\u00e9nyeit itt, az oldalunkon ismerheti meg<\/li>\n<li>\u00c9rtes\u00edtj\u00fck \u00d6nt, ha nyerem\u00e9nyt nyer<\/li>\n<li>K\u00f6nnyed\u00e9n kiv\u00e1lthatja nyerem\u00e9ny\u00e9t az oldalunkon kereszt\u00fcl a bankj\u00e1ba<\/li>\n<\/ul>\n<p>Nagyon sok el\u0151nye van, ha az oldalunkon kereszt\u00fcl lott\u00f3zik. Arra \u00f6sszpontos\u00edtunk, hogy a legk\u00e9nyelmesebb \u00e9s legz\u00f6kken\u0151mentesebb szolg\u00e1ltat\u00e1st ny\u00fajtsuk \u00fcgyfeleinknek, hogy \u00e9lvezhess\u00e9k a lott\u00f3j\u00e1t\u00e9kokat.<\/p>\n<h2>Ellen\u0151rizze a lott\u00f3 nyer\u0151sz\u00e1mait itt<\/h2>\n<p>Eml\u00edtett\u00fck, hogy sz\u00e1mos nemzetk\u00f6zi lott\u00f3hoz biztos\u00edtunk hozz\u00e1f\u00e9r\u00e9st. Nemcsak a <a href=\"https:\/\/jackpotlotteryonline.com\/hu\/jegyet-vasarolni\/uk-lottery\">szelv\u00e9nyeket v\u00e1s\u00e1rolhatja meg b\u00e1rhonnan<\/a>, hanem a kisorsolt sz\u00e1mokat is ellen\u0151rizheti. B\u00e1rmelyik lott\u00f3j\u00e1t\u00e9kot is v\u00e1lasztja, az eredm\u00e9nyeket itt, az oldalunkon tessz\u00fck k\u00f6zz\u00e9.<\/p>\n<p>A legjobb az eg\u00e9szben, hogy ha megnyeri valamelyik nyerem\u00e9nyt, nem kell agg\u00f3dnia amiatt, hogy mi lesz a nyerem\u00e9ny\u00e9vel. Nem vesz\u00fcnk el semmilyen sz\u00e1zal\u00e9kot a nyerem\u00e9nyedb\u0151l; b\u00e1rmit is nyersz, az mind a ti\u00e9d. \u00c9s, k\u00f6nnyed\u00e9n kiveheted azt a platformunkon.<\/p>\n<p>Val\u00f3ban, a lott\u00f3j\u00e1t\u00e9k soha nem volt m\u00e9g ilyen egyszer\u0171 \u00e9s probl\u00e9mamentes. Mi\u00e9rt ne regisztr\u00e1lna n\u00e1lunk m\u00e9g ma, hogy megtapasztalja a k\u00e9nyelmes \u00e9s stresszmentes lott\u00f3j\u00e1t\u00e9kok \u00f6r\u00f6m\u00e9t?<\/p>\n","protected":false},"excerpt":{"rendered":"<p>Az Egyes\u00fclt Kir\u00e1lys\u00e1g lott\u00f3 egy \u00e9rdekes j\u00e1t\u00e9k, hiszen milliomoss\u00e1 teheti a j\u00e1t\u00e9kosokat. M\u00edg az Egyes\u00fclt Kir\u00e1lys\u00e1gban n\u00e9pszer\u0171 a fogad\u00f3k k\u00f6r\u00e9ben, a nemzetk\u00f6zi fogad\u00f3k k\u00f6r\u00e9ben nem t\u00fal ismert. Teh\u00e1t, ha ki szeretn\u00e9 pr\u00f3b\u00e1lni mag\u00e1t egy nemzetk\u00f6zi lott\u00f3n, mi\u00e9rt ne pr\u00f3b\u00e1ln\u00e1 ki ezt? B\u00e1r a nyerem\u00e9nyek nem garant\u00e1ltak, k\u00f6nny\u0171 kiv\u00e1lasztani a nyer\u0151sz\u00e1mot. Egy dologgal azonban tiszt\u00e1ban kell [&hellip;]<\/p>\n","protected":false},"author":1,"featured_media":0,"parent":35832,"menu_order":10,"comment_status":"closed","ping_status":"closed","template":"lotto-uk-results.php","meta":{"_et_pb_use_builder":"","_et_pb_old_content":"","_et_gb_content_width":"","exclude_from_search":false,"footnotes":""},"class_list":["post-41095","page","type-page","status-publish","hentry"],"yoast_head":"<!-- This site is optimized with the Yoast SEO plugin v23.3 - https:\/\/yoast.com\/wordpress\/plugins\/seo\/ -->\n<title>UK Lottery nyer\u0151sz\u00e1mok \u00e9s sorsol\u00e1si eredm\u00e9nyek<\/title>\n<meta name=\"description\" content=\"K\u00f6zvetlen\u00fcl a sorsol\u00e1s ut\u00e1n itt tal\u00e1lja az Egyes\u00fclt Kir\u00e1lys\u00e1g lott\u00f3 \u00f6sszes eredm\u00e9ny\u00e9t \u00e9s nyer\u0151sz\u00e1mait.\" \/>\n<meta name=\"robots\" content=\"index, follow, max-snippet:-1, max-image-preview:large, max-video-preview:-1\" \/>\n<link rel=\"canonical\" href=\"https:\/\/jackpotlotteryonline.com\/hu\/nyeroszamok\/uk-lottery\/\" \/>\n<meta property=\"og:locale\" content=\"hu_HU\" \/>\n<meta property=\"og:type\" content=\"article\" \/>\n<meta property=\"og:title\" content=\"UK Lottery nyer\u0151sz\u00e1mok \u00e9s sorsol\u00e1si eredm\u00e9nyek\" \/>\n<meta property=\"og:description\" content=\"K\u00f6zvetlen\u00fcl a sorsol\u00e1s ut\u00e1n itt tal\u00e1lja az Egyes\u00fclt Kir\u00e1lys\u00e1g lott\u00f3 \u00f6sszes eredm\u00e9ny\u00e9t \u00e9s nyer\u0151sz\u00e1mait.\" \/>\n<meta property=\"og:url\" content=\"https:\/\/jackpotlotteryonline.com\/hu\/nyeroszamok\/uk-lottery\/\" \/>\n<meta property=\"og:site_name\" content=\"Lotto Online - Crack The International Lottery Jackpots\" \/>\n<meta property=\"article:modified_time\" content=\"2022-12-29T08:56:22+00:00\" \/>\n<meta property=\"og:image\" content=\"https:\/\/jackpotlotteryonline.com\/wp-content\/uploads\/2022\/11\/read1.jpg\" \/>\n<meta name=\"twitter:card\" content=\"summary_large_image\" \/>\n<meta name=\"twitter:label1\" content=\"Becs\u00fclt olvas\u00e1si id\u0151\" \/>\n\t<meta name=\"twitter:data1\" content=\"5 perc\" \/>\n<!-- \/ Yoast SEO plugin. -->","yoast_head_json":{"title":"UK Lottery nyer\u0151sz\u00e1mok \u00e9s sorsol\u00e1si eredm\u00e9nyek","description":"K\u00f6zvetlen\u00fcl a sorsol\u00e1s ut\u00e1n itt tal\u00e1lja az Egyes\u00fclt Kir\u00e1lys\u00e1g lott\u00f3 \u00f6sszes eredm\u00e9ny\u00e9t \u00e9s nyer\u0151sz\u00e1mait.","robots":{"index":"index","follow":"follow","max-snippet":"max-snippet:-1","max-image-preview":"max-image-preview:large","max-video-preview":"max-video-preview:-1"},"canonical":"https:\/\/jackpotlotteryonline.com\/hu\/nyeroszamok\/uk-lottery\/","og_locale":"hu_HU","og_type":"article","og_title":"UK Lottery nyer\u0151sz\u00e1mok \u00e9s sorsol\u00e1si eredm\u00e9nyek","og_description":"K\u00f6zvetlen\u00fcl a sorsol\u00e1s ut\u00e1n itt tal\u00e1lja az Egyes\u00fclt Kir\u00e1lys\u00e1g lott\u00f3 \u00f6sszes eredm\u00e9ny\u00e9t \u00e9s nyer\u0151sz\u00e1mait.","og_url":"https:\/\/jackpotlotteryonline.com\/hu\/nyeroszamok\/uk-lottery\/","og_site_name":"Lotto Online - Crack The International Lottery Jackpots","article_modified_time":"2022-12-29T08:56:22+00:00","og_image":[{"url":"https:\/\/jackpotlotteryonline.com\/wp-content\/uploads\/2022\/11\/read1.jpg"}],"twitter_card":"summary_large_image","twitter_misc":{"Becs\u00fclt olvas\u00e1si id\u0151":"5 perc"},"schema":{"@context":"https:\/\/schema.org","@graph":[{"@type":"WebPage","@id":"https:\/\/jackpotlotteryonline.com\/hu\/nyeroszamok\/uk-lottery\/","url":"https:\/\/jackpotlotteryonline.com\/hu\/nyeroszamok\/uk-lottery\/","name":"UK Lottery nyer\u0151sz\u00e1mok \u00e9s sorsol\u00e1si eredm\u00e9nyek","isPartOf":{"@id":"https:\/\/jackpotlotteryonline.com\/#website"},"primaryImageOfPage":{"@id":"https:\/\/jackpotlotteryonline.com\/hu\/nyeroszamok\/uk-lottery\/#primaryimage"},"image":{"@id":"https:\/\/jackpotlotteryonline.com\/hu\/nyeroszamok\/uk-lottery\/#primaryimage"},"thumbnailUrl":"https:\/\/jackpotlotteryonline.com\/wp-content\/uploads\/2022\/11\/read1.jpg","datePublished":"2022-12-08T08:55:13+00:00","dateModified":"2022-12-29T08:56:22+00:00","description":"K\u00f6zvetlen\u00fcl a sorsol\u00e1s ut\u00e1n itt tal\u00e1lja az Egyes\u00fclt Kir\u00e1lys\u00e1g lott\u00f3 \u00f6sszes eredm\u00e9ny\u00e9t \u00e9s nyer\u0151sz\u00e1mait.","breadcrumb":{"@id":"https:\/\/jackpotlotteryonline.com\/hu\/nyeroszamok\/uk-lottery\/#breadcrumb"},"inLanguage":"hu","potentialAction":[{"@type":"ReadAction","target":["https:\/\/jackpotlotteryonline.com\/hu\/nyeroszamok\/uk-lottery\/"]}]},{"@type":"ImageObject","inLanguage":"hu","@id":"https:\/\/jackpotlotteryonline.com\/hu\/nyeroszamok\/uk-lottery\/#primaryimage","url":"https:\/\/jackpotlotteryonline.com\/wp-content\/uploads\/2022\/11\/read1.jpg","contentUrl":"https:\/\/jackpotlotteryonline.com\/wp-content\/uploads\/2022\/11\/read1.jpg"},{"@type":"BreadcrumbList","@id":"https:\/\/jackpotlotteryonline.com\/hu\/nyeroszamok\/uk-lottery\/#breadcrumb","itemListElement":[{"@type":"ListItem","position":1,"name":"Home","item":"https:\/\/jackpotlotteryonline.com\/hu\/"},{"@type":"ListItem","position":2,"name":"Lott\u00f3 eredm\u00e9nyek","item":"https:\/\/jackpotlotteryonline.com\/hu\/nyeroszamok\/"},{"@type":"ListItem","position":3,"name":"UK Lottery sorsol\u00e1s eredm\u00e9nye"}]},{"@type":"WebSite","@id":"https:\/\/jackpotlotteryonline.com\/#website","url":"https:\/\/jackpotlotteryonline.com\/","name":"Lotto Online - Crack The International Lottery Jackpots","description":"","potentialAction":[{"@type":"SearchAction","target":{"@type":"EntryPoint","urlTemplate":"https:\/\/jackpotlotteryonline.com\/?s={search_term_string}"},"query-input":"required name=search_term_string"}],"inLanguage":"hu"}]}},"_links":{"self":[{"href":"https:\/\/jackpotlotteryonline.com\/hu\/wp-json\/wp\/v2\/pages\/41095","targetHints":{"allow":["GET"]}}],"collection":[{"href":"https:\/\/jackpotlotteryonline.com\/hu\/wp-json\/wp\/v2\/pages"}],"about":[{"href":"https:\/\/jackpotlotteryonline.com\/hu\/wp-json\/wp\/v2\/types\/page"}],"author":[{"embeddable":true,"href":"https:\/\/jackpotlotteryonline.com\/hu\/wp-json\/wp\/v2\/users\/1"}],"replies":[{"embeddable":true,"href":"https:\/\/jackpotlotteryonline.com\/hu\/wp-json\/wp\/v2\/comments?post=41095"}],"version-history":[{"count":0,"href":"https:\/\/jackpotlotteryonline.com\/hu\/wp-json\/wp\/v2\/pages\/41095\/revisions"}],"up":[{"embeddable":true,"href":"https:\/\/jackpotlotteryonline.com\/hu\/wp-json\/wp\/v2\/pages\/35832"}],"wp:attachment":[{"href":"https:\/\/jackpotlotteryonline.com\/hu\/wp-json\/wp\/v2\/media?parent=41095"}],"curies":[{"name":"wp","href":"https:\/\/api.w.org\/{rel}","templated":true}]}}